{"id":11679,"date":"2022-05-04T15:36:55","date_gmt":"2022-05-04T13:36:55","guid":{"rendered":"https:\/produit\/chinesisches-tretlagermotor-kit-bafang\/"},"modified":"2023-02-23T23:53:55","modified_gmt":"2023-02-23T22:53:55","slug":"motor-pedal-kit-chinesisch-bafang","status":"publish","type":"product","link":"https:\/\/www.lift-mtb.com\/de\/produit\/motor-pedal-kit-chinesisch-bafang\/","title":{"rendered":"Chinesisches Tretlagermotor-Kit \/ Bafang"},"content":{"rendered":"<h1>Warum sollten Sie einen BAFANG-Motor bei LIFT MTB kaufen?<\/h1>\n<p style=\"margin: 0cm 0cm 0pt;\">Wir stellen seit 2012 unsere eigenen LIFT-MTB-Motoren in Frankreich her. Sie sind die vielseitigsten, zuverl\u00e4ssigsten und am besten f\u00fcr Mountain bikes (MTB) geeignet:<\/p>\n<h2 style=\"text-align: center;\"><a title=\"https:\/\/www.youtube.com\/watch?v=wpv1ITOgJ1A&amp;t=98s\" href=\"https:\/de\/bafang-oder-lift-mtb\/\" target=\"_blank\" rel=\"noopener\"><span style=\"color: #ff0000;\"><strong>&#8221; Testbericht BAFANG &#8221;<\/strong><\/span><\/a><\/h2>\n<p>Wir sind uns bewusst, dass f\u00fcr manche Menschen der chinesische BAFANG-Motor, der etwas billiger ist, in Bezug auf Leistung und Robustheit ausreicht, wenn es um eine weichere Nutzung geht, wie z. B. die <strong>Umwandlung von Stadtfahrr\u00e4dern in Elektrofahrr\u00e4der<\/strong>.<\/p>\n<p>Deshalb bieten wir neben unserer Topversion LIFT MTB \/ MADE IN FRANCE auch die chinesischen Motoren BAFANG BBS02 zum Verkauf an.<\/p>\n<p>Nat\u00fcrlich mit einigen LIFT MTB-Modifikationen, um es so effizient und zuverl\u00e4ssig wie m\u00f6glich f\u00fcr den Einsatz als Mountain bikes (MTB) oder als Stra\u00dfen-\/Stadtrad oder Hybrid-Fahrrad zu machen.<\/p>\n<p><img decoding=\"async\" class=\"wp-image-10908 alignright\" src=\"https:\/\/www.lift-mtb.com\/wp-content\/uploads\/2022\/05\/bafang-3-scaled.jpg\" alt=\"\" width=\"340\" height=\"227\" srcset=\"https:\/\/www.lift-mtb.com\/wp-content\/uploads\/2022\/05\/bafang-3-200x134.jpg 200w, https:\/\/www.lift-mtb.com\/wp-content\/uploads\/2022\/05\/bafang-3-300x200.jpg 300w, https:\/\/www.lift-mtb.com\/wp-content\/uploads\/2022\/05\/bafang-3-400x267.jpg 400w, https:\/\/www.lift-mtb.com\/wp-content\/uploads\/2022\/05\/bafang-3-500x334.jpg 500w, https:\/\/www.lift-mtb.com\/wp-content\/uploads\/2022\/05\/bafang-3-600x401.jpg 600w, https:\/\/www.lift-mtb.com\/wp-content\/uploads\/2022\/05\/bafang-3-700x467.jpg 700w, https:\/\/www.lift-mtb.com\/wp-content\/uploads\/2022\/05\/bafang-3-768x513.jpg 768w, https:\/\/www.lift-mtb.com\/wp-content\/uploads\/2022\/05\/bafang-3-800x534.jpg 800w, https:\/\/www.lift-mtb.com\/wp-content\/uploads\/2022\/05\/bafang-3-1024x684.jpg 1024w, https:\/\/www.lift-mtb.com\/wp-content\/uploads\/2022\/05\/bafang-3-1200x801.jpg 1200w, https:\/\/www.lift-mtb.com\/wp-content\/uploads\/2022\/05\/bafang-3-1536x1025.jpg 1536w, https:\/\/www.lift-mtb.com\/wp-content\/uploads\/2022\/05\/bafang-3-scaled.jpg 2200w\" sizes=\"(max-width: 340px) 100vw, 340px\" \/>] Die BAFANG\/LIFT-MTB-Version ist zwar nicht so gut wie unser LIFT-<a href=\"https:\/\/www.youtube.com\/watch?v=wpv1ITOgJ1A\">MTB-Kurbelmotorset<\/a>, was Bodenfreiheit, Leistung, Verarbeitung und vor allem Anpassungsf\u00e4higkeit und Robustheit betrifft, aber sie ist leistungsf\u00e4higer und besser f\u00fcr Mountain bikes (MTB) geeignet als eine einfache Version des BAFANG, die anderswo verkauft wird.<\/p>\n<p>Als Hersteller von Baus\u00e4tzen verf\u00fcgen wir \u00fcber Kenntnisse im Umgang mit der Elektronik und k\u00f6nnen dank unseres Maschinenparks mit CNC-Bearbeitungswerkzeugen auch sehr spezifische Teile f\u00fcr diese Motoren herstellen, wenn dies erforderlich ist.<\/p>\n<p>Kurz gesagt, wir sind nicht wie einige andere blo\u00dfe Verk\u00e4ufer und versuchen, dem Produkt einen zus\u00e4tzlichen Wert zu verleihen, um es aufzuwerten.<\/p>\n<p>&nbsp;<\/p>\n<h2><strong>Die LIFT MTB-Modifikationen:<\/strong><\/h2>\n<p>So k\u00f6nnen Sie von unserem Know-how im Bereich der Neuprogrammierung und der Erstellung von BAFANG-Leistungskurven profitieren.<\/p>\n<p>Die modifizierte Leistungskurve des BAFANG BBS erm\u00f6glicht einen sparsamen Verbrauch, w\u00e4hrend die Leistung des MTB-Tretlagermotors optimal genutzt wird.<\/p>\n<p>Unser BAFANG by LIFT MTB Kit ist serienm\u00e4\u00dfig mit einigen Teilen ausgestattet, wie z.B. einem 4-Punkt-Adapter aus schwarz eloxiertem 7075er Aluminium, der mit einer 38t Narrow Wide Aluminiumplatte ausgestattet ist, um Entgleisungen zu vermeiden, einem Verl\u00e4ngerungskabel, einem speziellen Spacer&#8230;<\/p>\n<p>Vergleichen Sie die Tarife unter Ber\u00fccksichtigung dieser Optionen, die f\u00fcr uns unumg\u00e4nglich und in unserem Grundpreis enthalten sind, bei der Konkurrenz jedoch h\u00e4ufig als Option angeboten werden&#8230;<\/p>\n<h3><strong>Motorversionen:<\/strong><\/h3>\n<p>Da wir keine &#8220;Elektromotorr\u00e4der&#8221; verkaufen wollen, sondern effiziente und leichte Mountain bikes (MTB), haben wir einfach drei Versionen ausgew\u00e4hlt.<\/p>\n<p>Nur 36V , mit 3 Leistungsstufen: 250w (Stra\u00dfengebrauch) , 350w oder 500w (Gel\u00e4ndegebrauch).<\/p>\n<p>Diese Art von Leistung reicht v\u00f6llig aus, wenn der Motor gut eingestellt ist und die Leistungskurven optimiert sind. Eine begrenzte Leistung verhindert, dass die Kette oder die Kassette kaputt geht.<\/p>\n<p><img decoding=\"async\" class=\"alignnone wp-image-42381\" src=\"https:\/\/www.lift-mtb.com\/wp-content\/uploads\/2022\/12\/250w.png\" alt=\"\" width=\"205\" height=\"205\" srcset=\"https:\/\/www.lift-mtb.com\/wp-content\/uploads\/2022\/12\/250w-66x66.png 66w, https:\/\/www.lift-mtb.com\/wp-content\/uploads\/2022\/12\/250w-150x150.png 150w, https:\/\/www.lift-mtb.com\/wp-content\/uploads\/2022\/12\/250w-200x200.png 200w, https:\/\/www.lift-mtb.com\/wp-content\/uploads\/2022\/12\/250w-300x300.png 300w, https:\/\/www.lift-mtb.com\/wp-content\/uploads\/2022\/12\/250w-400x400.png 400w, https:\/\/www.lift-mtb.com\/wp-content\/uploads\/2022\/12\/250w.png 500w\" sizes=\"(max-width: 205px) 100vw, 205px\" \/>       <img decoding=\"async\" class=\"alignnone wp-image-42386\" src=\"https:\/\/www.lift-mtb.com\/wp-content\/uploads\/2022\/12\/350w.png\" alt=\"\" width=\"246\" height=\"246\" srcset=\"https:\/\/www.lift-mtb.com\/wp-content\/uploads\/2022\/12\/350w-66x66.png 66w, https:\/\/www.lift-mtb.com\/wp-content\/uploads\/2022\/12\/350w-150x150.png 150w, https:\/\/www.lift-mtb.com\/wp-content\/uploads\/2022\/12\/350w-200x200.png 200w, https:\/\/www.lift-mtb.com\/wp-content\/uploads\/2022\/12\/350w-300x300.png 300w, https:\/\/www.lift-mtb.com\/wp-content\/uploads\/2022\/12\/350w-400x400.png 400w, https:\/\/www.lift-mtb.com\/wp-content\/uploads\/2022\/12\/350w.png 500w\" sizes=\"(max-width: 246px) 100vw, 246px\" \/>     <img decoding=\"async\" class=\"alignnone wp-image-42396\" src=\"https:\/\/www.lift-mtb.com\/wp-content\/uploads\/2022\/12\/500w.png\" alt=\"\" width=\"274\" height=\"274\" srcset=\"https:\/\/www.lift-mtb.com\/wp-content\/uploads\/2022\/12\/500w-66x66.png 66w, https:\/\/www.lift-mtb.com\/wp-content\/uploads\/2022\/12\/500w-150x150.png 150w, https:\/\/www.lift-mtb.com\/wp-content\/uploads\/2022\/12\/500w-200x200.png 200w, https:\/\/www.lift-mtb.com\/wp-content\/uploads\/2022\/12\/500w-300x300.png 300w, https:\/\/www.lift-mtb.com\/wp-content\/uploads\/2022\/12\/500w-400x400.png 400w, https:\/\/www.lift-mtb.com\/wp-content\/uploads\/2022\/12\/500w.png 500w\" sizes=\"(max-width: 274px) 100vw, 274px\" \/><\/p>\n<p>&nbsp;<\/p>\n<p style=\"text-align: center;\"><b>Z\u00f6gern Sie nicht, uns f\u00fcr weitere Informationen zu kontaktieren, um dieses KIT an Ihr Fahrrad anzupassen.<\/b><\/p>\n<p style=\"text-align: center;\">\n","protected":false},"excerpt":{"rendered":"<p><strong>Bafang BBS Tretlagermotor-Kit :<\/strong><\/p>\n<p>1x <strong>Tretlagermotor<\/strong> mit :<\/p>\n<p>1x <strong>Controller<\/strong> 25A 36V<\/p>\n<p>1x Alu-Kettenblatthalter 4-armig mit Kettenblatt 38t Typ <strong>narrow wide<\/strong><\/p>\n<p>(Original Kettenblatt aus Stahl mit 44 Z\u00e4hnen wird ebenfalls mitgeliefert)<\/p>\n<p>1x <strong>Tretlagersensor<\/strong> (Der Motor wird <strong>automatisch<\/strong> eingeschaltet, wenn man in die Pedale tritt)<\/p>\n<p>1x <strong>Geschwindig<\/strong><strong>keitssonde<\/strong> (der Motor stoppt die Unterst\u00fctzung bei mehr als 25km\/h je nach Einstellung)<\/p>\n<p>1x <strong>Lenkermonitor<\/strong> Modell C965 , mit 9 Leistungskurven, Hintergrundbeleuchtung<\/p>\n<p>1x Paar Kurbeln <strong>quadratische<\/strong> Achse.<\/p>\n<p>1x <strong>Lenkerbeschleuniger Typ Trigger<\/strong>. (nicht anschlie\u00dfbar in der Version mit 100% Zulassung)<\/p>\n<p>Neuprogrammierung enthalten<\/p>\n<p>36-Volt-Batterie <strong>mit Verl\u00e4ngerungskabel und Batterieschutztasche im Lieferumfang enthalten<\/strong>, je nach Verwendungszweck w\u00e4hlbar (siehe Tabelle)<\/p>\n<p><strong>Die BAFANG-Modelle 350w und 500w sind nicht zugelassen.<\/strong><strong> <\/strong><strong>f\u00fcr den Gebrauch auf offenen Stra\u00dfen.<\/strong><\/p>\n","protected":false},"featured_media":10870,"comment_status":"open","ping_status":"closed","template":"","meta":[],"product_brand":[],"product_cat":[823],"product_tag":[],"class_list":{"0":"post-11679","1":"product","2":"type-product","3":"status-publish","4":"has-post-thumbnail","6":"product_cat-andere-arten-der-motorisierung","8":"first","9":"instock","10":"taxable","11":"shipping-taxable","12":"purchasable","13":"product-type-variable"},"yoast_head":"<!-- This site is optimized with the Yoast SEO plugin v26.9 - https:\/\/yoast.com\/product\/yoast-seo-wordpress\/ -->\n<title>Chinesisches Tretlagermotor-Kit \/ Bafang - LIFT-MTB<\/title>\n<meta name=\"description\" content=\"Das BAFANG Tretlagermotor-Kit mit Modifikationen des Herstellers LIFT MTB erm\u00f6glicht es Ihnen, einen Fahrradmotor zu einem korrekten Preis zu erhalten, der zuverl\u00e4ssiger ist und zu Ihrem Fahrrad passt.\" \/>\n<meta name=\"robots\" content=\"index, follow, max-snippet:-1, max-image-preview:large, max-video-preview:-1\" \/>\n<link rel=\"canonical\" href=\"https:\/\/www.lift-mtb.com\/de\/produit\/motor-pedal-kit-chinesisch-bafang\/\" \/>\n<meta property=\"og:locale\" content=\"de_DE\" \/>\n<meta property=\"og:type\" content=\"article\" \/>\n<meta property=\"og:title\" content=\"Chinesisches Tretlagermotor-Kit \/ Bafang - LIFT-MTB\" \/>\n<meta property=\"og:description\" content=\"Das BAFANG Tretlagermotor-Kit mit Modifikationen des Herstellers LIFT MTB erm\u00f6glicht es Ihnen, einen Fahrradmotor zu einem korrekten Preis zu erhalten, der zuverl\u00e4ssiger ist und zu Ihrem Fahrrad passt.\" \/>\n<meta property=\"og:url\" content=\"https:\/\/www.lift-mtb.com\/de\/produit\/motor-pedal-kit-chinesisch-bafang\/\" \/>\n<meta property=\"og:site_name\" content=\"LIFT-MTB\" \/>\n<meta property=\"article:modified_time\" content=\"2023-02-23T22:53:55+00:00\" \/>\n<meta property=\"og:image\" content=\"https:\/\/www.lift-mtb.com\/wp-content\/uploads\/2022\/05\/bafang-vtt-1-sur-1-scaled.jpg\" \/>\n\t<meta property=\"og:image:width\" content=\"2200\" \/>\n\t<meta property=\"og:image:height\" content=\"1457\" \/>\n\t<meta property=\"og:image:type\" content=\"image\/jpeg\" \/>\n<meta name=\"twitter:card\" content=\"summary_large_image\" \/>\n<meta name=\"twitter:label1\" content=\"Gesch\u00e4tzte Lesezeit\" \/>\n\t<meta name=\"twitter:data1\" content=\"2\u00a0Minuten\" \/>\n<script type=\"application\/ld+json\" class=\"yoast-schema-graph\">{\"@context\":\"https:\/\/schema.org\",\"@graph\":[{\"@type\":\"WebPage\",\"@id\":\"https:\/\/www.lift-mtb.com\/de\/produit\/motor-pedal-kit-chinesisch-bafang\/\",\"url\":\"https:\/\/www.lift-mtb.com\/de\/produit\/motor-pedal-kit-chinesisch-bafang\/\",\"name\":\"Chinesisches Tretlagermotor-Kit \/ Bafang - LIFT-MTB\",\"isPartOf\":{\"@id\":\"https:\/\/www.lift-mtb.com\/de\/#website\"},\"primaryImageOfPage\":{\"@id\":\"https:\/\/www.lift-mtb.com\/de\/produit\/motor-pedal-kit-chinesisch-bafang\/#primaryimage\"},\"image\":{\"@id\":\"https:\/\/www.lift-mtb.com\/de\/produit\/motor-pedal-kit-chinesisch-bafang\/#primaryimage\"},\"thumbnailUrl\":\"https:\/\/www.lift-mtb.com\/wp-content\/uploads\/2022\/05\/bafang-vtt-1-sur-1-scaled.jpg\",\"datePublished\":\"2022-05-04T13:36:55+00:00\",\"dateModified\":\"2023-02-23T22:53:55+00:00\",\"description\":\"Das BAFANG Tretlagermotor-Kit mit Modifikationen des Herstellers LIFT MTB erm\u00f6glicht es Ihnen, einen Fahrradmotor zu einem korrekten Preis zu erhalten, der zuverl\u00e4ssiger ist und zu Ihrem Fahrrad passt.\",\"breadcrumb\":{\"@id\":\"https:\/\/www.lift-mtb.com\/de\/produit\/motor-pedal-kit-chinesisch-bafang\/#breadcrumb\"},\"inLanguage\":\"de\",\"potentialAction\":[{\"@type\":\"ReadAction\",\"target\":[\"https:\/\/www.lift-mtb.com\/de\/produit\/motor-pedal-kit-chinesisch-bafang\/\"]}]},{\"@type\":\"ImageObject\",\"inLanguage\":\"de\",\"@id\":\"https:\/\/www.lift-mtb.com\/de\/produit\/motor-pedal-kit-chinesisch-bafang\/#primaryimage\",\"url\":\"https:\/\/www.lift-mtb.com\/wp-content\/uploads\/2022\/05\/bafang-vtt-1-sur-1-scaled.jpg\",\"contentUrl\":\"https:\/\/www.lift-mtb.com\/wp-content\/uploads\/2022\/05\/bafang-vtt-1-sur-1-scaled.jpg\",\"width\":2200,\"height\":1457,\"caption\":\"Bafang-Tretlagermotor, um sein Fahrrad in ein elektrisches umzuwandeln\"},{\"@type\":\"BreadcrumbList\",\"@id\":\"https:\/\/www.lift-mtb.com\/de\/produit\/motor-pedal-kit-chinesisch-bafang\/#breadcrumb\",\"itemListElement\":[{\"@type\":\"ListItem\",\"position\":1,\"name\":\"Accueil\",\"item\":\"https:\/\/www.lift-mtb.com\/de\/\"},{\"@type\":\"ListItem\",\"position\":2,\"name\":\"Shop\",\"item\":\"https:\/\/www.lift-mtb.com\/de\/shop\/\"},{\"@type\":\"ListItem\",\"position\":3,\"name\":\"Andere Arten der Motorisierung\",\"item\":\"https:\/\/www.lift-mtb.com\/de\/produkt-kategorie\/andere-arten-der-motorisierung\/\"},{\"@type\":\"ListItem\",\"position\":4,\"name\":\"Chinesisches Tretlagermotor-Kit \/ Bafang\"}]},{\"@type\":\"WebSite\",\"@id\":\"https:\/\/www.lift-mtb.com\/de\/#website\",\"url\":\"https:\/\/www.lift-mtb.com\/de\/\",\"name\":\"LIFT-MTB\",\"description\":\"Transformer son v\u00e9lo en \u00e9lectrique rapidement !\",\"publisher\":{\"@id\":\"https:\/\/www.lift-mtb.com\/de\/#organization\"},\"potentialAction\":[{\"@type\":\"SearchAction\",\"target\":{\"@type\":\"EntryPoint\",\"urlTemplate\":\"https:\/\/www.lift-mtb.com\/de\/?s={search_term_string}\"},\"query-input\":{\"@type\":\"PropertyValueSpecification\",\"valueRequired\":true,\"valueName\":\"search_term_string\"}}],\"inLanguage\":\"de\"},{\"@type\":\"Organization\",\"@id\":\"https:\/\/www.lift-mtb.com\/de\/#organization\",\"name\":\"LIFT-MTB\",\"url\":\"https:\/\/www.lift-mtb.com\/de\/\",\"logo\":{\"@type\":\"ImageObject\",\"inLanguage\":\"de\",\"@id\":\"https:\/\/www.lift-mtb.com\/de\/#\/schema\/logo\/image\/\",\"url\":\"https:\/\/www.lift-mtb.com\/wp-content\/uploads\/2022\/01\/electric-kit-for-bike-1.jpg\",\"contentUrl\":\"https:\/\/www.lift-mtb.com\/wp-content\/uploads\/2022\/01\/electric-kit-for-bike-1.jpg\",\"width\":1223,\"height\":560,\"caption\":\"LIFT-MTB\"},\"image\":{\"@id\":\"https:\/\/www.lift-mtb.com\/de\/#\/schema\/logo\/image\/\"}}]}<\/script>\n<!-- \/ Yoast SEO plugin. -->","yoast_head_json":{"title":"Chinesisches Tretlagermotor-Kit \/ Bafang - LIFT-MTB","description":"Das BAFANG Tretlagermotor-Kit mit Modifikationen des Herstellers LIFT MTB erm\u00f6glicht es Ihnen, einen Fahrradmotor zu einem korrekten Preis zu erhalten, der zuverl\u00e4ssiger ist und zu Ihrem Fahrrad passt.","robots":{"index":"index","follow":"follow","max-snippet":"max-snippet:-1","max-image-preview":"max-image-preview:large","max-video-preview":"max-video-preview:-1"},"canonical":"https:\/\/www.lift-mtb.com\/de\/produit\/motor-pedal-kit-chinesisch-bafang\/","og_locale":"de_DE","og_type":"article","og_title":"Chinesisches Tretlagermotor-Kit \/ Bafang - LIFT-MTB","og_description":"Das BAFANG Tretlagermotor-Kit mit Modifikationen des Herstellers LIFT MTB erm\u00f6glicht es Ihnen, einen Fahrradmotor zu einem korrekten Preis zu erhalten, der zuverl\u00e4ssiger ist und zu Ihrem Fahrrad passt.","og_url":"https:\/\/www.lift-mtb.com\/de\/produit\/motor-pedal-kit-chinesisch-bafang\/","og_site_name":"LIFT-MTB","article_modified_time":"2023-02-23T22:53:55+00:00","og_image":[{"width":2200,"height":1457,"url":"https:\/\/www.lift-mtb.com\/wp-content\/uploads\/2022\/05\/bafang-vtt-1-sur-1-scaled.jpg","type":"image\/jpeg"}],"twitter_card":"summary_large_image","twitter_misc":{"Gesch\u00e4tzte Lesezeit":"2\u00a0Minuten"},"schema":{"@context":"https:\/\/schema.org","@graph":[{"@type":"WebPage","@id":"https:\/\/www.lift-mtb.com\/de\/produit\/motor-pedal-kit-chinesisch-bafang\/","url":"https:\/\/www.lift-mtb.com\/de\/produit\/motor-pedal-kit-chinesisch-bafang\/","name":"Chinesisches Tretlagermotor-Kit \/ Bafang - LIFT-MTB","isPartOf":{"@id":"https:\/\/www.lift-mtb.com\/de\/#website"},"primaryImageOfPage":{"@id":"https:\/\/www.lift-mtb.com\/de\/produit\/motor-pedal-kit-chinesisch-bafang\/#primaryimage"},"image":{"@id":"https:\/\/www.lift-mtb.com\/de\/produit\/motor-pedal-kit-chinesisch-bafang\/#primaryimage"},"thumbnailUrl":"https:\/\/www.lift-mtb.com\/wp-content\/uploads\/2022\/05\/bafang-vtt-1-sur-1-scaled.jpg","datePublished":"2022-05-04T13:36:55+00:00","dateModified":"2023-02-23T22:53:55+00:00","description":"Das BAFANG Tretlagermotor-Kit mit Modifikationen des Herstellers LIFT MTB erm\u00f6glicht es Ihnen, einen Fahrradmotor zu einem korrekten Preis zu erhalten, der zuverl\u00e4ssiger ist und zu Ihrem Fahrrad passt.","breadcrumb":{"@id":"https:\/\/www.lift-mtb.com\/de\/produit\/motor-pedal-kit-chinesisch-bafang\/#breadcrumb"},"inLanguage":"de","potentialAction":[{"@type":"ReadAction","target":["https:\/\/www.lift-mtb.com\/de\/produit\/motor-pedal-kit-chinesisch-bafang\/"]}]},{"@type":"ImageObject","inLanguage":"de","@id":"https:\/\/www.lift-mtb.com\/de\/produit\/motor-pedal-kit-chinesisch-bafang\/#primaryimage","url":"https:\/\/www.lift-mtb.com\/wp-content\/uploads\/2022\/05\/bafang-vtt-1-sur-1-scaled.jpg","contentUrl":"https:\/\/www.lift-mtb.com\/wp-content\/uploads\/2022\/05\/bafang-vtt-1-sur-1-scaled.jpg","width":2200,"height":1457,"caption":"Bafang-Tretlagermotor, um sein Fahrrad in ein elektrisches umzuwandeln"},{"@type":"BreadcrumbList","@id":"https:\/\/www.lift-mtb.com\/de\/produit\/motor-pedal-kit-chinesisch-bafang\/#breadcrumb","itemListElement":[{"@type":"ListItem","position":1,"name":"Accueil","item":"https:\/\/www.lift-mtb.com\/de\/"},{"@type":"ListItem","position":2,"name":"Shop","item":"https:\/\/www.lift-mtb.com\/de\/shop\/"},{"@type":"ListItem","position":3,"name":"Andere Arten der Motorisierung","item":"https:\/\/www.lift-mtb.com\/de\/produkt-kategorie\/andere-arten-der-motorisierung\/"},{"@type":"ListItem","position":4,"name":"Chinesisches Tretlagermotor-Kit \/ Bafang"}]},{"@type":"WebSite","@id":"https:\/\/www.lift-mtb.com\/de\/#website","url":"https:\/\/www.lift-mtb.com\/de\/","name":"LIFT-MTB","description":"Transformer son v\u00e9lo en \u00e9lectrique rapidement !","publisher":{"@id":"https:\/\/www.lift-mtb.com\/de\/#organization"},"potentialAction":[{"@type":"SearchAction","target":{"@type":"EntryPoint","urlTemplate":"https:\/\/www.lift-mtb.com\/de\/?s={search_term_string}"},"query-input":{"@type":"PropertyValueSpecification","valueRequired":true,"valueName":"search_term_string"}}],"inLanguage":"de"},{"@type":"Organization","@id":"https:\/\/www.lift-mtb.com\/de\/#organization","name":"LIFT-MTB","url":"https:\/\/www.lift-mtb.com\/de\/","logo":{"@type":"ImageObject","inLanguage":"de","@id":"https:\/\/www.lift-mtb.com\/de\/#\/schema\/logo\/image\/","url":"https:\/\/www.lift-mtb.com\/wp-content\/uploads\/2022\/01\/electric-kit-for-bike-1.jpg","contentUrl":"https:\/\/www.lift-mtb.com\/wp-content\/uploads\/2022\/01\/electric-kit-for-bike-1.jpg","width":1223,"height":560,"caption":"LIFT-MTB"},"image":{"@id":"https:\/\/www.lift-mtb.com\/de\/#\/schema\/logo\/image\/"}}]}},"_links":{"self":[{"href":"https:\/\/www.lift-mtb.com\/de\/wp-json\/wp\/v2\/product\/11679","targetHints":{"allow":["GET"]}}],"collection":[{"href":"https:\/\/www.lift-mtb.com\/de\/wp-json\/wp\/v2\/product"}],"about":[{"href":"https:\/\/www.lift-mtb.com\/de\/wp-json\/wp\/v2\/types\/product"}],"replies":[{"embeddable":true,"href":"https:\/\/www.lift-mtb.com\/de\/wp-json\/wp\/v2\/comments?post=11679"}],"wp:featuredmedia":[{"embeddable":true,"href":"https:\/\/www.lift-mtb.com\/de\/wp-json\/wp\/v2\/media\/10870"}],"wp:attachment":[{"href":"https:\/\/www.lift-mtb.com\/de\/wp-json\/wp\/v2\/media?parent=11679"}],"wp:term":[{"taxonomy":"product_brand","embeddable":true,"href":"https:\/\/www.lift-mtb.com\/de\/wp-json\/wp\/v2\/product_brand?post=11679"},{"taxonomy":"product_cat","embeddable":true,"href":"https:\/\/www.lift-mtb.com\/de\/wp-json\/wp\/v2\/product_cat?post=11679"},{"taxonomy":"product_tag","embeddable":true,"href":"https:\/\/www.lift-mtb.com\/de\/wp-json\/wp\/v2\/product_tag?post=11679"}],"curies":[{"name":"wp","href":"https:\/\/api.w.org\/{rel}","templated":true}]}}