{"id":11735,"date":"2022-02-25T18:53:38","date_gmt":"2022-02-25T17:53:38","guid":{"rendered":"https:\/produit\/adapter-motorbefestigung-fuer-rahmen-bb92-o-41mm\/"},"modified":"2023-08-17T20:36:58","modified_gmt":"2023-08-17T18:36:58","slug":"adaptater-iscg-typ-d-bb92-o-41mm","status":"publish","type":"product","link":"https:\/\/www.lift-mtb.com\/de\/produit\/adaptater-iscg-typ-d-bb92-o-41mm\/","title":{"rendered":"Adapter Motorbefestigung f\u00fcr Rahmen BB92 \u00d8 41MM"},"content":{"rendered":"<p>Adapter f\u00fcr die Motorbefestigung nach BB92-Standard (f\u00fcr Rahmeninnendurchmesser 41mm), mit dem ein <a href=\"https:\/\/www.youtube.com\/@LIFTMTBTV\">LIFT MTB-Tretlagermotor<\/a> an einem BB92-Rahmen ohne <a href=\"https:\/\">ISCG05-Befestigungspads<\/a> befestigt werden kann.<\/p>\n<p>Aus Alu 7075 t6, CNC-gefr\u00e4st in Frankreich, mit 3 BTR-Schrauben m4, dieser Adapter ist mit einem abgedichteten Ringlager mit einem Durchmesser von 24 mm ausgestattet.<\/p>\n<p>Es ist also kompatibel mit den LIFT MTB Kurbeln und den alu-grauen Reduzierscheiben, die mit dem LIFT MTB Kurbelmotor-Kit verkauft werden.<\/p>\n<p>Aber auch kompatibel mit Shimano BB92 , Race Face BB92 (Stahl-Achse)<\/p>\n<p>Sie k\u00f6nnen unten ein Tutorial-Video der Montage finden:<\/p>\n<div class=\"video-shortcode\"><iframe title=\"Adaptator BB92 E-bike kit LIFT-MTB. For pressfit BB 92 frame without ISCG tab&#039;s\" width=\"1375\" height=\"773\" src=\"https:\/\/www.youtube.com\/embed\/T8L43XQxVlg?feature=oembed\" frameborder=\"0\" allow=\"accelerometer; autoplay; clipboard-write; encrypted-media; gyroscope; picture-in-picture; web-share\" allowfullscreen><\/iframe><\/div>\n<p>&nbsp;<\/p>\n","protected":false},"excerpt":{"rendered":"<p style=\"text-align: center;\"><span style=\"color: #ff0000;\">Dieser Adapter wird nur ben\u00f6tigt, wenn Ihr Rahmen nicht \u00fcber ISCG-Befestigungspads f\u00fcr die Integration des Motors verf\u00fcgt.<\/span><\/p>\n<p><strong>Beschreibung:<\/strong><\/p>\n<p><strong>-Fall D-<\/strong><\/p>\n<p>Adapter, um den Motor an einem <strong>BB92-Rahmen zu befestigen \/ gepresste Schale<\/strong> Innendurchmesser des Rahmens <b>41mm <\/b><strong>( siehe Abmessungen auf dem nebenstehenden Foto).<\/strong><\/p>\n<p><strong>Das Tretlager ist komplett mit Lagern verkauft<\/strong><\/p>\n<p><strong>Erh\u00e4ltlich in Shimano 24mm und 22\/24 sram mit Adapter<\/strong><\/p>\n<p><em><b>Achtung! <\/b><\/em><\/p>\n<p><em><b>Um mit Ihrem Elektrifizierungskit kompatibel zu sein, m\u00fcssen Sie sicherstellen, dass Sie vier Befestigungsl\u00f6cher an der Motorhalterung haben (einige \u00e4ltere Kits haben diese nicht).<\/b><\/em><\/p>\n<p>F\u00fcr weitere Informationen zu unseren verschiedenen Adaptern klicken Sie bitte auf den untenstehenden Link:<\/p>\n<p><a href=\"https:\/comment-reconnaitre-demonter-son-boitier-de-pedalier\/\">Artikel \/ Adapter f\u00fcr die Motorbefestigung.<\/a><\/p>\n[envira-gallery id=\"42344\"]\n<p>&nbsp;<\/p>\n","protected":false},"featured_media":5591,"comment_status":"open","ping_status":"closed","template":"","meta":[],"product_brand":[],"product_cat":[820],"product_tag":[],"class_list":{"0":"post-11735","1":"product","2":"type-product","3":"status-publish","4":"has-post-thumbnail","6":"product_cat-adapter-fur-die-motormontage","8":"first","9":"instock","10":"taxable","11":"shipping-taxable","12":"purchasable","13":"product-type-variable"},"yoast_head":"<!-- This site is optimized with the Yoast SEO plugin v26.9 - https:\/\/yoast.com\/product\/yoast-seo-wordpress\/ -->\n<title>ISCG-Adapter f\u00fcr BB92-Rahmen Durchmesser 41MM<\/title>\n<meta name=\"description\" content=\"Entdecken Sie unseren Adapter f\u00fcr den BB92-Rahmen \/ in den Rahmen eingepresste Schale Innendurchmesser 41mm f\u00fcr den Umbau eines Fahrrads zu einem Elektrofahrrad.\" \/>\n<meta name=\"robots\" content=\"index, follow, max-snippet:-1, max-image-preview:large, max-video-preview:-1\" \/>\n<link rel=\"canonical\" href=\"https:\/\/www.lift-mtb.com\/de\/produit\/adaptater-iscg-typ-d-bb92-o-41mm\/\" \/>\n<meta property=\"og:locale\" content=\"de_DE\" \/>\n<meta property=\"og:type\" content=\"article\" \/>\n<meta property=\"og:title\" content=\"ISCG-Adapter f\u00fcr BB92-Rahmen Durchmesser 41MM\" \/>\n<meta property=\"og:description\" content=\"Entdecken Sie unseren Adapter f\u00fcr den BB92-Rahmen \/ in den Rahmen eingepresste Schale Innendurchmesser 41mm f\u00fcr den Umbau eines Fahrrads zu einem Elektrofahrrad.\" \/>\n<meta property=\"og:url\" content=\"https:\/\/www.lift-mtb.com\/de\/produit\/adaptater-iscg-typ-d-bb92-o-41mm\/\" \/>\n<meta property=\"og:site_name\" content=\"LIFT-MTB\" \/>\n<meta property=\"article:modified_time\" content=\"2023-08-17T18:36:58+00:00\" \/>\n<meta property=\"og:image\" content=\"https:\/\/www.lift-mtb.com\/wp-content\/uploads\/2016\/01\/bb92.png\" \/>\n\t<meta property=\"og:image:width\" content=\"760\" \/>\n\t<meta property=\"og:image:height\" content=\"890\" \/>\n\t<meta property=\"og:image:type\" content=\"image\/png\" \/>\n<meta name=\"twitter:card\" content=\"summary_large_image\" \/>\n<meta name=\"twitter:label1\" content=\"Gesch\u00e4tzte Lesezeit\" \/>\n\t<meta name=\"twitter:data1\" content=\"1\u00a0Minute\" \/>\n<script type=\"application\/ld+json\" class=\"yoast-schema-graph\">{\"@context\":\"https:\/\/schema.org\",\"@graph\":[{\"@type\":\"WebPage\",\"@id\":\"https:\/\/www.lift-mtb.com\/de\/produit\/adaptater-iscg-typ-d-bb92-o-41mm\/\",\"url\":\"https:\/\/www.lift-mtb.com\/de\/produit\/adaptater-iscg-typ-d-bb92-o-41mm\/\",\"name\":\"ISCG-Adapter f\u00fcr BB92-Rahmen Durchmesser 41MM\",\"isPartOf\":{\"@id\":\"https:\/\/www.lift-mtb.com\/de\/#website\"},\"primaryImageOfPage\":{\"@id\":\"https:\/\/www.lift-mtb.com\/de\/produit\/adaptater-iscg-typ-d-bb92-o-41mm\/#primaryimage\"},\"image\":{\"@id\":\"https:\/\/www.lift-mtb.com\/de\/produit\/adaptater-iscg-typ-d-bb92-o-41mm\/#primaryimage\"},\"thumbnailUrl\":\"https:\/\/www.lift-mtb.com\/wp-content\/uploads\/2016\/01\/bb92.png\",\"datePublished\":\"2022-02-25T17:53:38+00:00\",\"dateModified\":\"2023-08-17T18:36:58+00:00\",\"description\":\"Entdecken Sie unseren Adapter f\u00fcr den BB92-Rahmen \/ in den Rahmen eingepresste Schale Innendurchmesser 41mm f\u00fcr den Umbau eines Fahrrads zu einem Elektrofahrrad.\",\"breadcrumb\":{\"@id\":\"https:\/\/www.lift-mtb.com\/de\/produit\/adaptater-iscg-typ-d-bb92-o-41mm\/#breadcrumb\"},\"inLanguage\":\"de\",\"potentialAction\":[{\"@type\":\"ReadAction\",\"target\":[\"https:\/\/www.lift-mtb.com\/de\/produit\/adaptater-iscg-typ-d-bb92-o-41mm\/\"]}]},{\"@type\":\"ImageObject\",\"inLanguage\":\"de\",\"@id\":\"https:\/\/www.lift-mtb.com\/de\/produit\/adaptater-iscg-typ-d-bb92-o-41mm\/#primaryimage\",\"url\":\"https:\/\/www.lift-mtb.com\/wp-content\/uploads\/2016\/01\/bb92.png\",\"contentUrl\":\"https:\/\/www.lift-mtb.com\/wp-content\/uploads\/2016\/01\/bb92.png\",\"width\":760,\"height\":890,\"caption\":\"Adaptateur type D BB92\"},{\"@type\":\"BreadcrumbList\",\"@id\":\"https:\/\/www.lift-mtb.com\/de\/produit\/adaptater-iscg-typ-d-bb92-o-41mm\/#breadcrumb\",\"itemListElement\":[{\"@type\":\"ListItem\",\"position\":1,\"name\":\"Accueil\",\"item\":\"https:\/\/www.lift-mtb.com\/de\/\"},{\"@type\":\"ListItem\",\"position\":2,\"name\":\"Shop\",\"item\":\"https:\/\/www.lift-mtb.com\/de\/shop\/\"},{\"@type\":\"ListItem\",\"position\":3,\"name\":\"Adapter f\u00fcr die Motormontage\",\"item\":\"https:\/\/www.lift-mtb.com\/de\/produkt-kategorie\/adapter-fur-die-motormontage\/\"},{\"@type\":\"ListItem\",\"position\":4,\"name\":\"Adapter Motorbefestigung f\u00fcr Rahmen BB92 \u00d8 41MM\"}]},{\"@type\":\"WebSite\",\"@id\":\"https:\/\/www.lift-mtb.com\/de\/#website\",\"url\":\"https:\/\/www.lift-mtb.com\/de\/\",\"name\":\"LIFT-MTB\",\"description\":\"Transformer son v\u00e9lo en \u00e9lectrique rapidement !\",\"publisher\":{\"@id\":\"https:\/\/www.lift-mtb.com\/de\/#organization\"},\"potentialAction\":[{\"@type\":\"SearchAction\",\"target\":{\"@type\":\"EntryPoint\",\"urlTemplate\":\"https:\/\/www.lift-mtb.com\/de\/?s={search_term_string}\"},\"query-input\":{\"@type\":\"PropertyValueSpecification\",\"valueRequired\":true,\"valueName\":\"search_term_string\"}}],\"inLanguage\":\"de\"},{\"@type\":\"Organization\",\"@id\":\"https:\/\/www.lift-mtb.com\/de\/#organization\",\"name\":\"LIFT-MTB\",\"url\":\"https:\/\/www.lift-mtb.com\/de\/\",\"logo\":{\"@type\":\"ImageObject\",\"inLanguage\":\"de\",\"@id\":\"https:\/\/www.lift-mtb.com\/de\/#\/schema\/logo\/image\/\",\"url\":\"https:\/\/www.lift-mtb.com\/wp-content\/uploads\/2022\/01\/electric-kit-for-bike-1.jpg\",\"contentUrl\":\"https:\/\/www.lift-mtb.com\/wp-content\/uploads\/2022\/01\/electric-kit-for-bike-1.jpg\",\"width\":1223,\"height\":560,\"caption\":\"LIFT-MTB\"},\"image\":{\"@id\":\"https:\/\/www.lift-mtb.com\/de\/#\/schema\/logo\/image\/\"}}]}<\/script>\n<!-- \/ Yoast SEO plugin. -->","yoast_head_json":{"title":"ISCG-Adapter f\u00fcr BB92-Rahmen Durchmesser 41MM","description":"Entdecken Sie unseren Adapter f\u00fcr den BB92-Rahmen \/ in den Rahmen eingepresste Schale Innendurchmesser 41mm f\u00fcr den Umbau eines Fahrrads zu einem Elektrofahrrad.","robots":{"index":"index","follow":"follow","max-snippet":"max-snippet:-1","max-image-preview":"max-image-preview:large","max-video-preview":"max-video-preview:-1"},"canonical":"https:\/\/www.lift-mtb.com\/de\/produit\/adaptater-iscg-typ-d-bb92-o-41mm\/","og_locale":"de_DE","og_type":"article","og_title":"ISCG-Adapter f\u00fcr BB92-Rahmen Durchmesser 41MM","og_description":"Entdecken Sie unseren Adapter f\u00fcr den BB92-Rahmen \/ in den Rahmen eingepresste Schale Innendurchmesser 41mm f\u00fcr den Umbau eines Fahrrads zu einem Elektrofahrrad.","og_url":"https:\/\/www.lift-mtb.com\/de\/produit\/adaptater-iscg-typ-d-bb92-o-41mm\/","og_site_name":"LIFT-MTB","article_modified_time":"2023-08-17T18:36:58+00:00","og_image":[{"width":760,"height":890,"url":"https:\/\/www.lift-mtb.com\/wp-content\/uploads\/2016\/01\/bb92.png","type":"image\/png"}],"twitter_card":"summary_large_image","twitter_misc":{"Gesch\u00e4tzte Lesezeit":"1\u00a0Minute"},"schema":{"@context":"https:\/\/schema.org","@graph":[{"@type":"WebPage","@id":"https:\/\/www.lift-mtb.com\/de\/produit\/adaptater-iscg-typ-d-bb92-o-41mm\/","url":"https:\/\/www.lift-mtb.com\/de\/produit\/adaptater-iscg-typ-d-bb92-o-41mm\/","name":"ISCG-Adapter f\u00fcr BB92-Rahmen Durchmesser 41MM","isPartOf":{"@id":"https:\/\/www.lift-mtb.com\/de\/#website"},"primaryImageOfPage":{"@id":"https:\/\/www.lift-mtb.com\/de\/produit\/adaptater-iscg-typ-d-bb92-o-41mm\/#primaryimage"},"image":{"@id":"https:\/\/www.lift-mtb.com\/de\/produit\/adaptater-iscg-typ-d-bb92-o-41mm\/#primaryimage"},"thumbnailUrl":"https:\/\/www.lift-mtb.com\/wp-content\/uploads\/2016\/01\/bb92.png","datePublished":"2022-02-25T17:53:38+00:00","dateModified":"2023-08-17T18:36:58+00:00","description":"Entdecken Sie unseren Adapter f\u00fcr den BB92-Rahmen \/ in den Rahmen eingepresste Schale Innendurchmesser 41mm f\u00fcr den Umbau eines Fahrrads zu einem Elektrofahrrad.","breadcrumb":{"@id":"https:\/\/www.lift-mtb.com\/de\/produit\/adaptater-iscg-typ-d-bb92-o-41mm\/#breadcrumb"},"inLanguage":"de","potentialAction":[{"@type":"ReadAction","target":["https:\/\/www.lift-mtb.com\/de\/produit\/adaptater-iscg-typ-d-bb92-o-41mm\/"]}]},{"@type":"ImageObject","inLanguage":"de","@id":"https:\/\/www.lift-mtb.com\/de\/produit\/adaptater-iscg-typ-d-bb92-o-41mm\/#primaryimage","url":"https:\/\/www.lift-mtb.com\/wp-content\/uploads\/2016\/01\/bb92.png","contentUrl":"https:\/\/www.lift-mtb.com\/wp-content\/uploads\/2016\/01\/bb92.png","width":760,"height":890,"caption":"Adaptateur type D BB92"},{"@type":"BreadcrumbList","@id":"https:\/\/www.lift-mtb.com\/de\/produit\/adaptater-iscg-typ-d-bb92-o-41mm\/#breadcrumb","itemListElement":[{"@type":"ListItem","position":1,"name":"Accueil","item":"https:\/\/www.lift-mtb.com\/de\/"},{"@type":"ListItem","position":2,"name":"Shop","item":"https:\/\/www.lift-mtb.com\/de\/shop\/"},{"@type":"ListItem","position":3,"name":"Adapter f\u00fcr die Motormontage","item":"https:\/\/www.lift-mtb.com\/de\/produkt-kategorie\/adapter-fur-die-motormontage\/"},{"@type":"ListItem","position":4,"name":"Adapter Motorbefestigung f\u00fcr Rahmen BB92 \u00d8 41MM"}]},{"@type":"WebSite","@id":"https:\/\/www.lift-mtb.com\/de\/#website","url":"https:\/\/www.lift-mtb.com\/de\/","name":"LIFT-MTB","description":"Transformer son v\u00e9lo en \u00e9lectrique rapidement !","publisher":{"@id":"https:\/\/www.lift-mtb.com\/de\/#organization"},"potentialAction":[{"@type":"SearchAction","target":{"@type":"EntryPoint","urlTemplate":"https:\/\/www.lift-mtb.com\/de\/?s={search_term_string}"},"query-input":{"@type":"PropertyValueSpecification","valueRequired":true,"valueName":"search_term_string"}}],"inLanguage":"de"},{"@type":"Organization","@id":"https:\/\/www.lift-mtb.com\/de\/#organization","name":"LIFT-MTB","url":"https:\/\/www.lift-mtb.com\/de\/","logo":{"@type":"ImageObject","inLanguage":"de","@id":"https:\/\/www.lift-mtb.com\/de\/#\/schema\/logo\/image\/","url":"https:\/\/www.lift-mtb.com\/wp-content\/uploads\/2022\/01\/electric-kit-for-bike-1.jpg","contentUrl":"https:\/\/www.lift-mtb.com\/wp-content\/uploads\/2022\/01\/electric-kit-for-bike-1.jpg","width":1223,"height":560,"caption":"LIFT-MTB"},"image":{"@id":"https:\/\/www.lift-mtb.com\/de\/#\/schema\/logo\/image\/"}}]}},"_links":{"self":[{"href":"https:\/\/www.lift-mtb.com\/de\/wp-json\/wp\/v2\/product\/11735","targetHints":{"allow":["GET"]}}],"collection":[{"href":"https:\/\/www.lift-mtb.com\/de\/wp-json\/wp\/v2\/product"}],"about":[{"href":"https:\/\/www.lift-mtb.com\/de\/wp-json\/wp\/v2\/types\/product"}],"replies":[{"embeddable":true,"href":"https:\/\/www.lift-mtb.com\/de\/wp-json\/wp\/v2\/comments?post=11735"}],"wp:featuredmedia":[{"embeddable":true,"href":"https:\/\/www.lift-mtb.com\/de\/wp-json\/wp\/v2\/media\/5591"}],"wp:attachment":[{"href":"https:\/\/www.lift-mtb.com\/de\/wp-json\/wp\/v2\/media?parent=11735"}],"wp:term":[{"taxonomy":"product_brand","embeddable":true,"href":"https:\/\/www.lift-mtb.com\/de\/wp-json\/wp\/v2\/product_brand?post=11735"},{"taxonomy":"product_cat","embeddable":true,"href":"https:\/\/www.lift-mtb.com\/de\/wp-json\/wp\/v2\/product_cat?post=11735"},{"taxonomy":"product_tag","embeddable":true,"href":"https:\/\/www.lift-mtb.com\/de\/wp-json\/wp\/v2\/product_tag?post=11735"}],"curies":[{"name":"wp","href":"https:\/\/api.w.org\/{rel}","templated":true}]}}