{"id":36213,"date":"2022-08-27T12:04:47","date_gmt":"2022-08-27T10:04:47","guid":{"rendered":"https:\/?post_type=product&#038;p=36213"},"modified":"2023-02-23T23:45:07","modified_gmt":"2023-02-23T22:45:07","slug":"moteur-bafang-bbs02-350w","status":"publish","type":"product","link":"https:\/\/www.lift-mtb.com\/de\/produit\/moteur-bafang-bbs02-350w\/","title":{"rendered":"Motor Bafang BBS02 &#8211; 350W"},"content":{"rendered":"<h4>Vorstellung Bafang BBS02 &#8211; 350W<\/h4>\n<p>Der Lift MTB-Motor ist eine au\u00dfergew\u00f6hnliche Wahl f\u00fcr Nutzer, die eine optimale Leistung in schwierigem Gel\u00e4nde suchen.<\/p>\n<p>Speziell f\u00fcr Mountainbikes entwickelt. Er bietet eine bessere Vielseitigkeit als der bafang BBS, der eher ein Stadtfahrradmotor ist.<\/p>\n<p>Der Bafang BBS Elektromotor ist ein leistungsstarker und effizienter Motor, der mit vielen Elektrofahrr\u00e4dern verwendet wird.<\/p>\n<p>Von der chinesischen Firma Bafang entwickelt, um eine optimale Leistung im Stadtgebrauch zu bieten.<\/p>\n<p>F\u00fcr diejenigen, die auf der Suche nach einer einfachen M\u00f6glichkeit sind, mit Citybikes l\u00e4ngere Strecken zur\u00fcckzulegen.<\/p>\n<p>Der Bafang by LIFT MTB-Motor verf\u00fcgt \u00fcber verschiedene Modifikationen im Vergleich zu einer Standardversion.<\/p>\n<p>Das Ziel ist es, ihn zuverl\u00e4ssig zu machen und wiederkehrende Probleme mit der Zuverl\u00e4ssigkeit zu vermeiden:<\/p>\n<p><a href=\"https:\/bafang-ou-lift-mtb\/\">Hier ist ein vollst\u00e4ndiger Artikel, der die Unterschiede zum LIFT MTB-Motor beschreibt ein BAFANG Testbericht mit den Punkten, auf die man beim bbs bafang achten sollte<\/a><\/p>\n<p>Der BBS-Motor ist mit 250 Watt (zugelassene Version), 350 Watt oder sogar mit einer Maximalleistung von 500 Watt erh\u00e4ltlich.<\/p>\n<p>Um eine verbesserte Zuverl\u00e4ssigkeit zu erreichen, gehen wir von einem 500-W-Modell aus.<\/p>\n<p>Wir stellen ihn bei uns zu Hause nach Ihren W\u00fcnschen und Ihrem Leistungsbedarf ein.<\/p>\n<p>Dies geschieht mit dem Ziel, die gr\u00f6\u00dfte Wicklung zu haben und die Zuverl\u00e4ssigkeit zu erh\u00f6hen.<\/p>\n<h4>Spezifische Merkmale des Motors<\/h4>\n<p>Es eignet sich daher sowohl zum Erklimmen steiler Anstiege als auch zum Fahren auf Radwegen mit hohem Tempo \u00fcber l\u00e4ngere Strecken, ohne das Fahrrad zu wechseln.<\/p>\n<p>Bafang gibt ein hohes Drehmoment, was einen schnellen Start und eine hohe Durchschnittsgeschwindigkeit erm\u00f6glicht.<\/p>\n<p>Der Bafang-Motor hat viele Funktionen. Wie z. B. verschiedene Unterst\u00fctzungsstufen, um sich an unterschiedliche H\u00f6henunterschiede oder das Tempo, das man einhalten m\u00f6chte, anzupassen.<\/p>\n<p>Wir werden die H\u00f6chstgeschwindigkeit neu programmieren, je nachdem, welchen Zeitplan Sie w\u00fcnschen.<\/p>\n<p>Beachten Sie, dass die Geschwindigkeit auf 25 km\/h und die Leistung auf 250 W begrenzt ist, um den Anforderungen f\u00fcr den Stra\u00dfenverkehr zu entsprechen.<\/p>\n<p>d. h. es verf\u00fcgt \u00fcber einen LCD-Bildschirm, auf dem die Geschwindigkeit, die zur\u00fcckgelegte Strecke, der gew\u00e4hlte Leistungsmodus und der Batteriestatus angezeigt werden.<\/p>\n<p>Der BAFANG-Motor l\u00e4sst sich einfach in fast alle Arten von Citybikes mit BSA-Geh\u00e4use einbauen. Er wird nicht mit BB92-Rahmen kompatibel sein.<\/p>\n<p>Au\u00dferdem sorgt das kompakte und leichte Design daf\u00fcr, dass die \u00c4sthetik des Fahrrads erhalten bleibt, ohne die Leistung des Motors zu beeintr\u00e4chtigen.<\/p>\n<p>Zusammenfassend l\u00e4sst sich sagen, dass der Bafang BBS Elektromotor ein idealer Tretlagermotor f\u00fcr die Umr\u00fcstung von Stadtr\u00e4dern ist.<\/p>\n<p>eine praktische und kosteng\u00fcnstige L\u00f6sung, um ein herk\u00f6mmliches Fahrrad in ein Elektrofahrrad umzuwandeln, ohne ein komplettes Elektrofahrrad kaufen zu m\u00fcssen.<\/p>\n<p>Mit seiner Kraft, seinem hohen Drehmoment , bietet er eine zus\u00e4tzliche Hilfe bei langen Strecken und schwierigen Steigungen.<\/p>\n<p>So, indem sie auch ein elegantes Aussehen und eine optimale Leistung beibehalten.<\/p>\n<p>&nbsp;<\/p>\n","protected":false},"excerpt":{"rendered":"<p><strong>Bafang BBS Tretlagermotor-Kit :<\/strong><\/p>\n<p>1x <strong>Tretlagermotor<\/strong> mit :<\/p>\n<p>1x <strong>Controller<\/strong> 25A 36V<\/p>\n<p>1x Alu-Kettenblatthalter 4-armig mit Kettenblatt 38t Typ <strong>narrow wide<\/strong><\/p>\n<p>(Original Kettenblatt aus Stahl mit 44 Z\u00e4hnen wird ebenfalls mitgeliefert)<\/p>\n<p>1x <strong>Tretlagersensor<\/strong> (Der Motor wird <strong>automatisch<\/strong> eingeschaltet, wenn man in die Pedale tritt)<\/p>\n<p>1x <strong>Sonde<\/strong> de <strong>vitesse <\/strong> (le moteur arr\u00eate de fournir une aide l&#8217;assistance au del\u00e0 de 25km\/h) 1x Geschwindigkeitssensor (der Motor h\u00f6rt bei mehr als 25km\/h auf, die Unterst\u00fctzung zu leisten)<\/p>\n<p>1x <strong>Kontrollbildschirm<\/strong> am Lenker Modell C965 , mit 5 Leistungskurven, Hintergrundbeleuchtung<\/p>\n<p>1x Paar Kurbeln <strong>quadratische<\/strong> Achse.<\/p>\n<p>1x <strong>Lenkerbeschleuniger Typ Trigger<\/strong>. (nicht anschlie\u00dfbar in der Version mit 100% Zulassung)<\/p>\n<p>Neuprogrammierung enthalten<\/p>\n<p>36-Volt-Batterie nach Wahl entsprechend Ihrer Verwendung (siehe Tabelle)<\/p>\n<p>&nbsp;<\/p>\n<p><strong>Das Modell BAFANG 350w und 500w ist nicht zugelassen.<\/strong><strong> <\/strong><\/p>\n<p><strong>f\u00fcr den Gebrauch auf offenen Stra\u00dfen.<\/strong><\/p>\n","protected":false},"featured_media":10870,"comment_status":"open","ping_status":"closed","template":"","meta":[],"product_brand":[],"product_cat":[823],"product_tag":[],"class_list":{"0":"post-36213","1":"product","2":"type-product","3":"status-publish","4":"has-post-thumbnail","6":"product_cat-andere-arten-der-motorisierung","8":"first","9":"instock","10":"taxable","11":"shipping-taxable","12":"purchasable","13":"product-type-simple"},"yoast_head":"<!-- This site is optimized with the Yoast SEO plugin v26.9 - https:\/\/yoast.com\/product\/yoast-seo-wordpress\/ -->\n<title>Motor Bafang BBS02 - 350W - LIFT-MTB<\/title>\n<meta name=\"description\" content=\"Der Bafang 500W Fahrradmotor bietet maximale Leistung f\u00fcr Ihre verschiedenen Fahrten in der Stadt, kompatibel mit vielen Fahrr\u00e4dern, elektrifizieren Sie Ihr Fahrrad.\" \/>\n<meta name=\"robots\" content=\"index, follow, max-snippet:-1, max-image-preview:large, max-video-preview:-1\" \/>\n<link rel=\"canonical\" href=\"https:\/\/www.lift-mtb.com\/de\/produit\/moteur-bafang-bbs02-350w\/\" \/>\n<meta property=\"og:locale\" content=\"de_DE\" \/>\n<meta property=\"og:type\" content=\"article\" \/>\n<meta property=\"og:title\" content=\"Motor Bafang BBS02 - 350W - LIFT-MTB\" \/>\n<meta property=\"og:description\" content=\"Der Bafang 500W Fahrradmotor bietet maximale Leistung f\u00fcr Ihre verschiedenen Fahrten in der Stadt, kompatibel mit vielen Fahrr\u00e4dern, elektrifizieren Sie Ihr Fahrrad.\" \/>\n<meta property=\"og:url\" content=\"https:\/\/www.lift-mtb.com\/de\/produit\/moteur-bafang-bbs02-350w\/\" \/>\n<meta property=\"og:site_name\" content=\"LIFT-MTB\" \/>\n<meta property=\"article:modified_time\" content=\"2023-02-23T22:45:07+00:00\" \/>\n<meta property=\"og:image\" content=\"https:\/\/www.lift-mtb.com\/wp-content\/uploads\/2022\/05\/bafang-vtt-1-sur-1-scaled.jpg\" \/>\n\t<meta property=\"og:image:width\" content=\"2200\" \/>\n\t<meta property=\"og:image:height\" content=\"1457\" \/>\n\t<meta property=\"og:image:type\" content=\"image\/jpeg\" \/>\n<meta name=\"twitter:card\" content=\"summary_large_image\" \/>\n<meta name=\"twitter:label1\" content=\"Gesch\u00e4tzte Lesezeit\" \/>\n\t<meta name=\"twitter:data1\" content=\"1\u00a0Minute\" \/>\n<script type=\"application\/ld+json\" class=\"yoast-schema-graph\">{\"@context\":\"https:\/\/schema.org\",\"@graph\":[{\"@type\":\"WebPage\",\"@id\":\"https:\/\/www.lift-mtb.com\/de\/produit\/moteur-bafang-bbs02-350w\/\",\"url\":\"https:\/\/www.lift-mtb.com\/de\/produit\/moteur-bafang-bbs02-350w\/\",\"name\":\"Motor Bafang BBS02 - 350W - LIFT-MTB\",\"isPartOf\":{\"@id\":\"https:\/\/www.lift-mtb.com\/de\/#website\"},\"primaryImageOfPage\":{\"@id\":\"https:\/\/www.lift-mtb.com\/de\/produit\/moteur-bafang-bbs02-350w\/#primaryimage\"},\"image\":{\"@id\":\"https:\/\/www.lift-mtb.com\/de\/produit\/moteur-bafang-bbs02-350w\/#primaryimage\"},\"thumbnailUrl\":\"https:\/\/www.lift-mtb.com\/wp-content\/uploads\/2022\/05\/bafang-vtt-1-sur-1-scaled.jpg\",\"datePublished\":\"2022-08-27T10:04:47+00:00\",\"dateModified\":\"2023-02-23T22:45:07+00:00\",\"description\":\"Der Bafang 500W Fahrradmotor bietet maximale Leistung f\u00fcr Ihre verschiedenen Fahrten in der Stadt, kompatibel mit vielen Fahrr\u00e4dern, elektrifizieren Sie Ihr Fahrrad.\",\"breadcrumb\":{\"@id\":\"https:\/\/www.lift-mtb.com\/de\/produit\/moteur-bafang-bbs02-350w\/#breadcrumb\"},\"inLanguage\":\"de\",\"potentialAction\":[{\"@type\":\"ReadAction\",\"target\":[\"https:\/\/www.lift-mtb.com\/de\/produit\/moteur-bafang-bbs02-350w\/\"]}]},{\"@type\":\"ImageObject\",\"inLanguage\":\"de\",\"@id\":\"https:\/\/www.lift-mtb.com\/de\/produit\/moteur-bafang-bbs02-350w\/#primaryimage\",\"url\":\"https:\/\/www.lift-mtb.com\/wp-content\/uploads\/2022\/05\/bafang-vtt-1-sur-1-scaled.jpg\",\"contentUrl\":\"https:\/\/www.lift-mtb.com\/wp-content\/uploads\/2022\/05\/bafang-vtt-1-sur-1-scaled.jpg\",\"width\":2200,\"height\":1457,\"caption\":\"Bafang-Tretlagermotor, um sein Fahrrad in ein elektrisches umzuwandeln\"},{\"@type\":\"BreadcrumbList\",\"@id\":\"https:\/\/www.lift-mtb.com\/de\/produit\/moteur-bafang-bbs02-350w\/#breadcrumb\",\"itemListElement\":[{\"@type\":\"ListItem\",\"position\":1,\"name\":\"Accueil\",\"item\":\"https:\/\/www.lift-mtb.com\/de\/\"},{\"@type\":\"ListItem\",\"position\":2,\"name\":\"Shop\",\"item\":\"https:\/\/www.lift-mtb.com\/de\/shop\/\"},{\"@type\":\"ListItem\",\"position\":3,\"name\":\"Andere Arten der Motorisierung\",\"item\":\"https:\/\/www.lift-mtb.com\/de\/produkt-kategorie\/andere-arten-der-motorisierung\/\"},{\"@type\":\"ListItem\",\"position\":4,\"name\":\"Motor Bafang BBS02 &#8211; 350W\"}]},{\"@type\":\"WebSite\",\"@id\":\"https:\/\/www.lift-mtb.com\/de\/#website\",\"url\":\"https:\/\/www.lift-mtb.com\/de\/\",\"name\":\"LIFT-MTB\",\"description\":\"Transformer son v\u00e9lo en \u00e9lectrique rapidement !\",\"publisher\":{\"@id\":\"https:\/\/www.lift-mtb.com\/de\/#organization\"},\"potentialAction\":[{\"@type\":\"SearchAction\",\"target\":{\"@type\":\"EntryPoint\",\"urlTemplate\":\"https:\/\/www.lift-mtb.com\/de\/?s={search_term_string}\"},\"query-input\":{\"@type\":\"PropertyValueSpecification\",\"valueRequired\":true,\"valueName\":\"search_term_string\"}}],\"inLanguage\":\"de\"},{\"@type\":\"Organization\",\"@id\":\"https:\/\/www.lift-mtb.com\/de\/#organization\",\"name\":\"LIFT-MTB\",\"url\":\"https:\/\/www.lift-mtb.com\/de\/\",\"logo\":{\"@type\":\"ImageObject\",\"inLanguage\":\"de\",\"@id\":\"https:\/\/www.lift-mtb.com\/de\/#\/schema\/logo\/image\/\",\"url\":\"https:\/\/www.lift-mtb.com\/wp-content\/uploads\/2022\/01\/electric-kit-for-bike-1.jpg\",\"contentUrl\":\"https:\/\/www.lift-mtb.com\/wp-content\/uploads\/2022\/01\/electric-kit-for-bike-1.jpg\",\"width\":1223,\"height\":560,\"caption\":\"LIFT-MTB\"},\"image\":{\"@id\":\"https:\/\/www.lift-mtb.com\/de\/#\/schema\/logo\/image\/\"}}]}<\/script>\n<!-- \/ Yoast SEO plugin. -->","yoast_head_json":{"title":"Motor Bafang BBS02 - 350W - LIFT-MTB","description":"Der Bafang 500W Fahrradmotor bietet maximale Leistung f\u00fcr Ihre verschiedenen Fahrten in der Stadt, kompatibel mit vielen Fahrr\u00e4dern, elektrifizieren Sie Ihr Fahrrad.","robots":{"index":"index","follow":"follow","max-snippet":"max-snippet:-1","max-image-preview":"max-image-preview:large","max-video-preview":"max-video-preview:-1"},"canonical":"https:\/\/www.lift-mtb.com\/de\/produit\/moteur-bafang-bbs02-350w\/","og_locale":"de_DE","og_type":"article","og_title":"Motor Bafang BBS02 - 350W - LIFT-MTB","og_description":"Der Bafang 500W Fahrradmotor bietet maximale Leistung f\u00fcr Ihre verschiedenen Fahrten in der Stadt, kompatibel mit vielen Fahrr\u00e4dern, elektrifizieren Sie Ihr Fahrrad.","og_url":"https:\/\/www.lift-mtb.com\/de\/produit\/moteur-bafang-bbs02-350w\/","og_site_name":"LIFT-MTB","article_modified_time":"2023-02-23T22:45:07+00:00","og_image":[{"width":2200,"height":1457,"url":"https:\/\/www.lift-mtb.com\/wp-content\/uploads\/2022\/05\/bafang-vtt-1-sur-1-scaled.jpg","type":"image\/jpeg"}],"twitter_card":"summary_large_image","twitter_misc":{"Gesch\u00e4tzte Lesezeit":"1\u00a0Minute"},"schema":{"@context":"https:\/\/schema.org","@graph":[{"@type":"WebPage","@id":"https:\/\/www.lift-mtb.com\/de\/produit\/moteur-bafang-bbs02-350w\/","url":"https:\/\/www.lift-mtb.com\/de\/produit\/moteur-bafang-bbs02-350w\/","name":"Motor Bafang BBS02 - 350W - LIFT-MTB","isPartOf":{"@id":"https:\/\/www.lift-mtb.com\/de\/#website"},"primaryImageOfPage":{"@id":"https:\/\/www.lift-mtb.com\/de\/produit\/moteur-bafang-bbs02-350w\/#primaryimage"},"image":{"@id":"https:\/\/www.lift-mtb.com\/de\/produit\/moteur-bafang-bbs02-350w\/#primaryimage"},"thumbnailUrl":"https:\/\/www.lift-mtb.com\/wp-content\/uploads\/2022\/05\/bafang-vtt-1-sur-1-scaled.jpg","datePublished":"2022-08-27T10:04:47+00:00","dateModified":"2023-02-23T22:45:07+00:00","description":"Der Bafang 500W Fahrradmotor bietet maximale Leistung f\u00fcr Ihre verschiedenen Fahrten in der Stadt, kompatibel mit vielen Fahrr\u00e4dern, elektrifizieren Sie Ihr Fahrrad.","breadcrumb":{"@id":"https:\/\/www.lift-mtb.com\/de\/produit\/moteur-bafang-bbs02-350w\/#breadcrumb"},"inLanguage":"de","potentialAction":[{"@type":"ReadAction","target":["https:\/\/www.lift-mtb.com\/de\/produit\/moteur-bafang-bbs02-350w\/"]}]},{"@type":"ImageObject","inLanguage":"de","@id":"https:\/\/www.lift-mtb.com\/de\/produit\/moteur-bafang-bbs02-350w\/#primaryimage","url":"https:\/\/www.lift-mtb.com\/wp-content\/uploads\/2022\/05\/bafang-vtt-1-sur-1-scaled.jpg","contentUrl":"https:\/\/www.lift-mtb.com\/wp-content\/uploads\/2022\/05\/bafang-vtt-1-sur-1-scaled.jpg","width":2200,"height":1457,"caption":"Bafang-Tretlagermotor, um sein Fahrrad in ein elektrisches umzuwandeln"},{"@type":"BreadcrumbList","@id":"https:\/\/www.lift-mtb.com\/de\/produit\/moteur-bafang-bbs02-350w\/#breadcrumb","itemListElement":[{"@type":"ListItem","position":1,"name":"Accueil","item":"https:\/\/www.lift-mtb.com\/de\/"},{"@type":"ListItem","position":2,"name":"Shop","item":"https:\/\/www.lift-mtb.com\/de\/shop\/"},{"@type":"ListItem","position":3,"name":"Andere Arten der Motorisierung","item":"https:\/\/www.lift-mtb.com\/de\/produkt-kategorie\/andere-arten-der-motorisierung\/"},{"@type":"ListItem","position":4,"name":"Motor Bafang BBS02 &#8211; 350W"}]},{"@type":"WebSite","@id":"https:\/\/www.lift-mtb.com\/de\/#website","url":"https:\/\/www.lift-mtb.com\/de\/","name":"LIFT-MTB","description":"Transformer son v\u00e9lo en \u00e9lectrique rapidement !","publisher":{"@id":"https:\/\/www.lift-mtb.com\/de\/#organization"},"potentialAction":[{"@type":"SearchAction","target":{"@type":"EntryPoint","urlTemplate":"https:\/\/www.lift-mtb.com\/de\/?s={search_term_string}"},"query-input":{"@type":"PropertyValueSpecification","valueRequired":true,"valueName":"search_term_string"}}],"inLanguage":"de"},{"@type":"Organization","@id":"https:\/\/www.lift-mtb.com\/de\/#organization","name":"LIFT-MTB","url":"https:\/\/www.lift-mtb.com\/de\/","logo":{"@type":"ImageObject","inLanguage":"de","@id":"https:\/\/www.lift-mtb.com\/de\/#\/schema\/logo\/image\/","url":"https:\/\/www.lift-mtb.com\/wp-content\/uploads\/2022\/01\/electric-kit-for-bike-1.jpg","contentUrl":"https:\/\/www.lift-mtb.com\/wp-content\/uploads\/2022\/01\/electric-kit-for-bike-1.jpg","width":1223,"height":560,"caption":"LIFT-MTB"},"image":{"@id":"https:\/\/www.lift-mtb.com\/de\/#\/schema\/logo\/image\/"}}]}},"_links":{"self":[{"href":"https:\/\/www.lift-mtb.com\/de\/wp-json\/wp\/v2\/product\/36213","targetHints":{"allow":["GET"]}}],"collection":[{"href":"https:\/\/www.lift-mtb.com\/de\/wp-json\/wp\/v2\/product"}],"about":[{"href":"https:\/\/www.lift-mtb.com\/de\/wp-json\/wp\/v2\/types\/product"}],"replies":[{"embeddable":true,"href":"https:\/\/www.lift-mtb.com\/de\/wp-json\/wp\/v2\/comments?post=36213"}],"wp:featuredmedia":[{"embeddable":true,"href":"https:\/\/www.lift-mtb.com\/de\/wp-json\/wp\/v2\/media\/10870"}],"wp:attachment":[{"href":"https:\/\/www.lift-mtb.com\/de\/wp-json\/wp\/v2\/media?parent=36213"}],"wp:term":[{"taxonomy":"product_brand","embeddable":true,"href":"https:\/\/www.lift-mtb.com\/de\/wp-json\/wp\/v2\/product_brand?post=36213"},{"taxonomy":"product_cat","embeddable":true,"href":"https:\/\/www.lift-mtb.com\/de\/wp-json\/wp\/v2\/product_cat?post=36213"},{"taxonomy":"product_tag","embeddable":true,"href":"https:\/\/www.lift-mtb.com\/de\/wp-json\/wp\/v2\/product_tag?post=36213"}],"curies":[{"name":"wp","href":"https:\/\/api.w.org\/{rel}","templated":true}]}}