{"id":39002,"date":"2022-02-25T17:56:58","date_gmt":"2022-02-25T16:56:58","guid":{"rendered":"https:\/produit\/adapter-motorbefestigung-fuer-bsa-rahmen-mit-gewinde-o-34-5mm\/"},"modified":"2023-11-27T00:36:11","modified_gmt":"2023-11-26T23:36:11","slug":"adapter-iscg-type-a-bsa-filete-diameter-34-5mm","status":"publish","type":"product","link":"https:\/\/www.lift-mtb.com\/de\/produit\/adapter-iscg-type-a-bsa-filete-diameter-34-5mm\/","title":{"rendered":"Adapter Motorbefestigung f\u00fcr BSA-Rahmen mit Gewinde \u00d8 34.5MM."},"content":{"rendered":"<p>Adapter isgg05 Motorbefestigung<\/p>\n<p><a href=\"https:\/categorie\/faq\/\">Adapter<\/a> Typ A, um einen <a href=\"https:\/\/www.youtube.com\/@LIFTMTBTV\">LIFT MTB-Motor<\/a> an einen BSA-Rahmen anzupassen.<\/p>\n<p>Unten finden Sie ein kleines Tutorial-Video f\u00fcr die Montage:<\/p>\n<div class=\"video-shortcode\"><iframe title=\"BSA adaptator for instal LIFT MTB electric bike motor kit on BSA bike frame.\" width=\"1375\" height=\"773\" src=\"https:\/\/www.youtube.com\/embed\/uoDDxtbABMA?feature=oembed\" frameborder=\"0\" allow=\"accelerometer; autoplay; clipboard-write; encrypted-media; gyroscope; picture-in-picture; web-share\" allowfullscreen><\/iframe><\/div>\n","protected":false},"excerpt":{"rendered":"<p style=\"text-align: center;\"><span style=\"color: #ff0000;\">Dieser Adapter wird nur ben\u00f6tigt, wenn Ihr Rahmen nicht \u00fcber ISCG-Befestigungspads f\u00fcr die Integration des Motors verf\u00fcgt.<\/span><\/p>\n<p><strong>Beschreibung:<\/strong><\/p>\n<p><strong>-Fall A-<\/strong><\/p>\n<p>Adapter, um den Motor an einem <strong>Grubenrahmen mit Gewinde\/BSA<\/strong> zu befestigen, Innendurchmesser des Rahmens <strong>34,5mm ( siehe Abmessungen auf dem nebenstehenden Foto).<\/strong><\/p>\n<p>Adapter aus Aluminium 7075 CNC \/ made in France Klemmbefestigung zwischen Rahmen und Innenlager.<\/p>\n<p>Umkehrbar, um den Motor je nach Bedarf n\u00e4her oder weiter weg zu stellen.<\/p>\n<p>&nbsp;<\/p>\n<p>F\u00fcr weitere Informationen zu unseren verschiedenen Adaptern klicken Sie bitte auf den untenstehenden Link:<\/p>\n<p><a href=\"https:\/comment-reconnaitre-demonter-son-boitier-de-pedalier\/\">Artikel \/ Adapter f\u00fcr die Motorbefestigung.<\/a><\/p>\n[envira-gallery id=\"42343\"]\n<p>&nbsp;<\/p>\n<p>&nbsp;<\/p>\n","protected":false},"featured_media":8775,"comment_status":"open","ping_status":"closed","template":"","meta":[],"product_brand":[],"product_cat":[820],"product_tag":[],"class_list":{"0":"post-39002","1":"product","2":"type-product","3":"status-publish","4":"has-post-thumbnail","6":"product_cat-adapter-fur-die-motormontage","8":"first","9":"instock","10":"taxable","11":"shipping-taxable","12":"purchasable","13":"product-type-simple"},"yoast_head":"<!-- This site is optimized with the Yoast SEO plugin v26.9 - https:\/\/yoast.com\/product\/yoast-seo-wordpress\/ -->\n<title>Adapter isgg05 Motorbefestigung<\/title>\n<meta name=\"description\" content=\"Entdecken Sie unseren Adapter isgg05 Motorbefestigung f\u00fcr Innenlager nach BSA-Standard mit Gewinde. F\u00fcge ISCG-Pads an einem Fahrradrahmen hinzu.\" \/>\n<meta name=\"robots\" content=\"index, follow, max-snippet:-1, max-image-preview:large, max-video-preview:-1\" \/>\n<link rel=\"canonical\" href=\"https:\/\/www.lift-mtb.com\/de\/produit\/adapter-iscg-type-a-bsa-filete-diameter-34-5mm\/\" \/>\n<meta property=\"og:locale\" content=\"de_DE\" \/>\n<meta property=\"og:type\" content=\"article\" \/>\n<meta property=\"og:title\" content=\"Adapter isgg05 Motorbefestigung\" \/>\n<meta property=\"og:description\" content=\"Entdecken Sie unseren Adapter isgg05 Motorbefestigung f\u00fcr Innenlager nach BSA-Standard mit Gewinde. F\u00fcge ISCG-Pads an einem Fahrradrahmen hinzu.\" \/>\n<meta property=\"og:url\" content=\"https:\/\/www.lift-mtb.com\/de\/produit\/adapter-iscg-type-a-bsa-filete-diameter-34-5mm\/\" \/>\n<meta property=\"og:site_name\" content=\"LIFT-MTB\" \/>\n<meta property=\"article:modified_time\" content=\"2023-11-26T23:36:11+00:00\" \/>\n<meta property=\"og:image\" content=\"https:\/\/www.lift-mtb.com\/wp-content\/uploads\/2022\/02\/bsa-mesure.png\" \/>\n\t<meta property=\"og:image:width\" content=\"640\" \/>\n\t<meta property=\"og:image:height\" content=\"749\" \/>\n\t<meta property=\"og:image:type\" content=\"image\/png\" \/>\n<meta name=\"twitter:card\" content=\"summary_large_image\" \/>\n<script type=\"application\/ld+json\" class=\"yoast-schema-graph\">{\"@context\":\"https:\/\/schema.org\",\"@graph\":[{\"@type\":\"WebPage\",\"@id\":\"https:\/\/www.lift-mtb.com\/de\/produit\/adapter-iscg-type-a-bsa-filete-diameter-34-5mm\/\",\"url\":\"https:\/\/www.lift-mtb.com\/de\/produit\/adapter-iscg-type-a-bsa-filete-diameter-34-5mm\/\",\"name\":\"Adapter isgg05 Motorbefestigung\",\"isPartOf\":{\"@id\":\"https:\/\/www.lift-mtb.com\/de\/#website\"},\"primaryImageOfPage\":{\"@id\":\"https:\/\/www.lift-mtb.com\/de\/produit\/adapter-iscg-type-a-bsa-filete-diameter-34-5mm\/#primaryimage\"},\"image\":{\"@id\":\"https:\/\/www.lift-mtb.com\/de\/produit\/adapter-iscg-type-a-bsa-filete-diameter-34-5mm\/#primaryimage\"},\"thumbnailUrl\":\"https:\/\/www.lift-mtb.com\/wp-content\/uploads\/2022\/02\/bsa-mesure.png\",\"datePublished\":\"2022-02-25T16:56:58+00:00\",\"dateModified\":\"2023-11-26T23:36:11+00:00\",\"description\":\"Entdecken Sie unseren Adapter isgg05 Motorbefestigung f\u00fcr Innenlager nach BSA-Standard mit Gewinde. F\u00fcge ISCG-Pads an einem Fahrradrahmen hinzu.\",\"breadcrumb\":{\"@id\":\"https:\/\/www.lift-mtb.com\/de\/produit\/adapter-iscg-type-a-bsa-filete-diameter-34-5mm\/#breadcrumb\"},\"inLanguage\":\"de\",\"potentialAction\":[{\"@type\":\"ReadAction\",\"target\":[\"https:\/\/www.lift-mtb.com\/de\/produit\/adapter-iscg-type-a-bsa-filete-diameter-34-5mm\/\"]}]},{\"@type\":\"ImageObject\",\"inLanguage\":\"de\",\"@id\":\"https:\/\/www.lift-mtb.com\/de\/produit\/adapter-iscg-type-a-bsa-filete-diameter-34-5mm\/#primaryimage\",\"url\":\"https:\/\/www.lift-mtb.com\/wp-content\/uploads\/2022\/02\/bsa-mesure.png\",\"contentUrl\":\"https:\/\/www.lift-mtb.com\/wp-content\/uploads\/2022\/02\/bsa-mesure.png\",\"width\":640,\"height\":749,\"caption\":\"BSA Innenlager-Messungen\"},{\"@type\":\"BreadcrumbList\",\"@id\":\"https:\/\/www.lift-mtb.com\/de\/produit\/adapter-iscg-type-a-bsa-filete-diameter-34-5mm\/#breadcrumb\",\"itemListElement\":[{\"@type\":\"ListItem\",\"position\":1,\"name\":\"Accueil\",\"item\":\"https:\/\/www.lift-mtb.com\/de\/\"},{\"@type\":\"ListItem\",\"position\":2,\"name\":\"Shop\",\"item\":\"https:\/\/www.lift-mtb.com\/de\/shop\/\"},{\"@type\":\"ListItem\",\"position\":3,\"name\":\"Adapter f\u00fcr die Motormontage\",\"item\":\"https:\/\/www.lift-mtb.com\/de\/produkt-kategorie\/adapter-fur-die-motormontage\/\"},{\"@type\":\"ListItem\",\"position\":4,\"name\":\"Adapter Motorbefestigung f\u00fcr BSA-Rahmen mit Gewinde \u00d8 34.5MM.\"}]},{\"@type\":\"WebSite\",\"@id\":\"https:\/\/www.lift-mtb.com\/de\/#website\",\"url\":\"https:\/\/www.lift-mtb.com\/de\/\",\"name\":\"LIFT-MTB\",\"description\":\"Transformer son v\u00e9lo en \u00e9lectrique rapidement !\",\"publisher\":{\"@id\":\"https:\/\/www.lift-mtb.com\/de\/#organization\"},\"potentialAction\":[{\"@type\":\"SearchAction\",\"target\":{\"@type\":\"EntryPoint\",\"urlTemplate\":\"https:\/\/www.lift-mtb.com\/de\/?s={search_term_string}\"},\"query-input\":{\"@type\":\"PropertyValueSpecification\",\"valueRequired\":true,\"valueName\":\"search_term_string\"}}],\"inLanguage\":\"de\"},{\"@type\":\"Organization\",\"@id\":\"https:\/\/www.lift-mtb.com\/de\/#organization\",\"name\":\"LIFT-MTB\",\"url\":\"https:\/\/www.lift-mtb.com\/de\/\",\"logo\":{\"@type\":\"ImageObject\",\"inLanguage\":\"de\",\"@id\":\"https:\/\/www.lift-mtb.com\/de\/#\/schema\/logo\/image\/\",\"url\":\"https:\/\/www.lift-mtb.com\/wp-content\/uploads\/2022\/01\/electric-kit-for-bike-1.jpg\",\"contentUrl\":\"https:\/\/www.lift-mtb.com\/wp-content\/uploads\/2022\/01\/electric-kit-for-bike-1.jpg\",\"width\":1223,\"height\":560,\"caption\":\"LIFT-MTB\"},\"image\":{\"@id\":\"https:\/\/www.lift-mtb.com\/de\/#\/schema\/logo\/image\/\"}}]}<\/script>\n<!-- \/ Yoast SEO plugin. -->","yoast_head_json":{"title":"Adapter isgg05 Motorbefestigung","description":"Entdecken Sie unseren Adapter isgg05 Motorbefestigung f\u00fcr Innenlager nach BSA-Standard mit Gewinde. F\u00fcge ISCG-Pads an einem Fahrradrahmen hinzu.","robots":{"index":"index","follow":"follow","max-snippet":"max-snippet:-1","max-image-preview":"max-image-preview:large","max-video-preview":"max-video-preview:-1"},"canonical":"https:\/\/www.lift-mtb.com\/de\/produit\/adapter-iscg-type-a-bsa-filete-diameter-34-5mm\/","og_locale":"de_DE","og_type":"article","og_title":"Adapter isgg05 Motorbefestigung","og_description":"Entdecken Sie unseren Adapter isgg05 Motorbefestigung f\u00fcr Innenlager nach BSA-Standard mit Gewinde. F\u00fcge ISCG-Pads an einem Fahrradrahmen hinzu.","og_url":"https:\/\/www.lift-mtb.com\/de\/produit\/adapter-iscg-type-a-bsa-filete-diameter-34-5mm\/","og_site_name":"LIFT-MTB","article_modified_time":"2023-11-26T23:36:11+00:00","og_image":[{"width":640,"height":749,"url":"https:\/\/www.lift-mtb.com\/wp-content\/uploads\/2022\/02\/bsa-mesure.png","type":"image\/png"}],"twitter_card":"summary_large_image","schema":{"@context":"https:\/\/schema.org","@graph":[{"@type":"WebPage","@id":"https:\/\/www.lift-mtb.com\/de\/produit\/adapter-iscg-type-a-bsa-filete-diameter-34-5mm\/","url":"https:\/\/www.lift-mtb.com\/de\/produit\/adapter-iscg-type-a-bsa-filete-diameter-34-5mm\/","name":"Adapter isgg05 Motorbefestigung","isPartOf":{"@id":"https:\/\/www.lift-mtb.com\/de\/#website"},"primaryImageOfPage":{"@id":"https:\/\/www.lift-mtb.com\/de\/produit\/adapter-iscg-type-a-bsa-filete-diameter-34-5mm\/#primaryimage"},"image":{"@id":"https:\/\/www.lift-mtb.com\/de\/produit\/adapter-iscg-type-a-bsa-filete-diameter-34-5mm\/#primaryimage"},"thumbnailUrl":"https:\/\/www.lift-mtb.com\/wp-content\/uploads\/2022\/02\/bsa-mesure.png","datePublished":"2022-02-25T16:56:58+00:00","dateModified":"2023-11-26T23:36:11+00:00","description":"Entdecken Sie unseren Adapter isgg05 Motorbefestigung f\u00fcr Innenlager nach BSA-Standard mit Gewinde. F\u00fcge ISCG-Pads an einem Fahrradrahmen hinzu.","breadcrumb":{"@id":"https:\/\/www.lift-mtb.com\/de\/produit\/adapter-iscg-type-a-bsa-filete-diameter-34-5mm\/#breadcrumb"},"inLanguage":"de","potentialAction":[{"@type":"ReadAction","target":["https:\/\/www.lift-mtb.com\/de\/produit\/adapter-iscg-type-a-bsa-filete-diameter-34-5mm\/"]}]},{"@type":"ImageObject","inLanguage":"de","@id":"https:\/\/www.lift-mtb.com\/de\/produit\/adapter-iscg-type-a-bsa-filete-diameter-34-5mm\/#primaryimage","url":"https:\/\/www.lift-mtb.com\/wp-content\/uploads\/2022\/02\/bsa-mesure.png","contentUrl":"https:\/\/www.lift-mtb.com\/wp-content\/uploads\/2022\/02\/bsa-mesure.png","width":640,"height":749,"caption":"BSA Innenlager-Messungen"},{"@type":"BreadcrumbList","@id":"https:\/\/www.lift-mtb.com\/de\/produit\/adapter-iscg-type-a-bsa-filete-diameter-34-5mm\/#breadcrumb","itemListElement":[{"@type":"ListItem","position":1,"name":"Accueil","item":"https:\/\/www.lift-mtb.com\/de\/"},{"@type":"ListItem","position":2,"name":"Shop","item":"https:\/\/www.lift-mtb.com\/de\/shop\/"},{"@type":"ListItem","position":3,"name":"Adapter f\u00fcr die Motormontage","item":"https:\/\/www.lift-mtb.com\/de\/produkt-kategorie\/adapter-fur-die-motormontage\/"},{"@type":"ListItem","position":4,"name":"Adapter Motorbefestigung f\u00fcr BSA-Rahmen mit Gewinde \u00d8 34.5MM."}]},{"@type":"WebSite","@id":"https:\/\/www.lift-mtb.com\/de\/#website","url":"https:\/\/www.lift-mtb.com\/de\/","name":"LIFT-MTB","description":"Transformer son v\u00e9lo en \u00e9lectrique rapidement !","publisher":{"@id":"https:\/\/www.lift-mtb.com\/de\/#organization"},"potentialAction":[{"@type":"SearchAction","target":{"@type":"EntryPoint","urlTemplate":"https:\/\/www.lift-mtb.com\/de\/?s={search_term_string}"},"query-input":{"@type":"PropertyValueSpecification","valueRequired":true,"valueName":"search_term_string"}}],"inLanguage":"de"},{"@type":"Organization","@id":"https:\/\/www.lift-mtb.com\/de\/#organization","name":"LIFT-MTB","url":"https:\/\/www.lift-mtb.com\/de\/","logo":{"@type":"ImageObject","inLanguage":"de","@id":"https:\/\/www.lift-mtb.com\/de\/#\/schema\/logo\/image\/","url":"https:\/\/www.lift-mtb.com\/wp-content\/uploads\/2022\/01\/electric-kit-for-bike-1.jpg","contentUrl":"https:\/\/www.lift-mtb.com\/wp-content\/uploads\/2022\/01\/electric-kit-for-bike-1.jpg","width":1223,"height":560,"caption":"LIFT-MTB"},"image":{"@id":"https:\/\/www.lift-mtb.com\/de\/#\/schema\/logo\/image\/"}}]}},"_links":{"self":[{"href":"https:\/\/www.lift-mtb.com\/de\/wp-json\/wp\/v2\/product\/39002","targetHints":{"allow":["GET"]}}],"collection":[{"href":"https:\/\/www.lift-mtb.com\/de\/wp-json\/wp\/v2\/product"}],"about":[{"href":"https:\/\/www.lift-mtb.com\/de\/wp-json\/wp\/v2\/types\/product"}],"replies":[{"embeddable":true,"href":"https:\/\/www.lift-mtb.com\/de\/wp-json\/wp\/v2\/comments?post=39002"}],"wp:featuredmedia":[{"embeddable":true,"href":"https:\/\/www.lift-mtb.com\/de\/wp-json\/wp\/v2\/media\/8775"}],"wp:attachment":[{"href":"https:\/\/www.lift-mtb.com\/de\/wp-json\/wp\/v2\/media?parent=39002"}],"wp:term":[{"taxonomy":"product_brand","embeddable":true,"href":"https:\/\/www.lift-mtb.com\/de\/wp-json\/wp\/v2\/product_brand?post=39002"},{"taxonomy":"product_cat","embeddable":true,"href":"https:\/\/www.lift-mtb.com\/de\/wp-json\/wp\/v2\/product_cat?post=39002"},{"taxonomy":"product_tag","embeddable":true,"href":"https:\/\/www.lift-mtb.com\/de\/wp-json\/wp\/v2\/product_tag?post=39002"}],"curies":[{"name":"wp","href":"https:\/\/api.w.org\/{rel}","templated":true}]}}