{"id":39022,"date":"2022-03-23T11:23:38","date_gmt":"2022-03-23T10:23:38","guid":{"rendered":"https:\/produit\/chinesischer-radmotor-batterie\/"},"modified":"2023-02-23T23:54:02","modified_gmt":"2023-02-23T22:54:02","slug":"motor-rad-fuer-velo-lift-mtb-batterie","status":"publish","type":"product","link":"https:\/\/www.lift-mtb.com\/de\/produit\/motor-rad-fuer-velo-lift-mtb-batterie\/","title":{"rendered":"Radmotor f\u00fcr Fahrrad &#8211; LIFT MTB + Batterie"},"content":{"rendered":"<h2>Warum sollten Sie einen Radmotor f\u00fcr Fahrr\u00e4der anbieten?<\/h2>\n<p>LIFT-MTB kommt aus dem Mountainbike-Rennsport und ist ein <strong>Hersteller von elektrischen Tretmotoren f\u00fcr Fahrr\u00e4der<\/strong>.<strong> <\/strong>Tretlagermotoren sind immer noch die beste L\u00f6sung f\u00fcr den Gebrauch als Mountainbike.<\/p>\n<p>Im Vergleich zu einem <strong>Radmotor f\u00fcr Fahrr\u00e4der<\/strong> erm\u00f6glicht der Tretlagermotor mehr Drehmoment, ein geringeres Gewicht und einen sehr niedrigen Verbrauch sowie <a href=\"https:\/\/www.youtube.com\/watch?v=wpv1ITOgJ1A\">eine bessere Gewichtsverteilung<\/a>.<\/p>\n<p>Allerdings vermarkten wir auch <strong>Motoren im Hinterrad<\/strong>, um die Nachfrage aller zu befriedigen!<\/p>\n<p>Diese Art von Radmotor hat den Vorteil, dass er <strong>sehr preisg\u00fcnstig<\/strong> ist und sich f\u00fcr Citybikes, Hybrid-Fahrrad (V\u00e9lo Tout Chemin), Dreir\u00e4der usw. eignet.<\/p>\n<p>Auch kompatibel mit einigen Mountain bikes (MTB) f\u00fcr Ausfl\u00fcge mit geringem H\u00f6henunterschied, ohne Leistungsdruck, ohne Gewichtseinsparung oder hohes Drehmoment, um steile Wege zu bew\u00e4ltigen, kurzum f\u00fcr eine Nutzung, die eher als &#8220;Allround&#8221; denn als &#8220;Gel\u00e4nde&#8221; bezeichnet wird.<\/p>\n<p style=\"text-align: center;\"><a href=\"https:\/bafang-ou-lift-mtb\/\">Lesen Sie unseren Artikel Vergleichstest Motorentest Rad<\/a><\/p>\n<h2>Warum sollte man einen Radmotor f\u00fcr ein LIFT MTB-Fahrrad kaufen?<\/h2>\n<p>Die von LIFT-MTB vertriebene Version des Radmotors ist zwar nicht so leistungsstark wie unser <a href=\"https:\/\/www.youtube.com\/watch?v=wpv1ITOgJ1A\">LIFT-MTB-Tretlagermotor-Kit<\/a>, daf\u00fcr aber anpassungsf\u00e4higer und robuster als eine einfache Version, die anderswo verkauft wird.<\/p>\n<p>Da wir urspr\u00fcnglich Bausatzhersteller sind, verf\u00fcgen wir \u00fcber umfassende Kenntnisse im Umgang mit Elektronik und k\u00f6nnen dank unserer CNC-Maschinen auch sehr spezifische Teile f\u00fcr diese Motoren herstellen.<\/p>\n<p>Aufgrund dieser Erfahrung haben wir die einfachste und zuverl\u00e4ssigste Version gew\u00e4hlt.<\/p>\n<p>Kurz gesagt, wir sind nicht wie einige andere nur Verk\u00e4ufer, sondern versuchen, dem Produkt einen Mehrwert zu verleihen, um es aufzuwerten.<\/p>\n<p>Deshalb haben wir uns daf\u00fcr entschieden, nur ein einziges Modell eines Radmotors anzubieten, das super zuverl\u00e4ssig ist, um die Kundenzufriedenheit zu gew\u00e4hrleisten.<\/p>\n","protected":false},"excerpt":{"rendered":"<ul>\n<li>Je nach Fahrrad: 1, 3, 6, 7 oder 8, 9, 10 G\u00e4nge.<\/li>\n<li>Zur Auswahl je nach Ihrem Fahrrad Radgr\u00f6\u00dfe: 700 (Stra\u00dfe \/ City) \/ 26 \/ 27.5 \/ 29 Zoll<\/li>\n<li>Batteriekapazit\u00e4ten: 300wh \/ 400wh \/500wh oder 600wh<\/li>\n<li>Befestigung f\u00fcr Rahmenlasche 9 \/ 10mm<\/li>\n<li>Das Set besteht aus: Das komplette Hinterrad (Felge, Speichen und Nabenmotor)<\/li>\n<li>Ein kompaktes Display zur Steuerung der Fahrmodi am Lenker.<\/li>\n<li>Das Elektrorad wird von unserem Team bereits eingespeicht geliefert.<\/li>\n<li>Ein Aluhalter f\u00fcr Batterien bis 500wh und ein Kunststoffhalter f\u00fcr 600wh Batterien.<\/li>\n<li>Der Kontrolleur.<\/li>\n<li>Gewicht 2kg \/ Drehmoment 45Nm<\/li>\n<\/ul>\n<p><strong>Bitte geben Sie bei der Bestellung als Kommentar die Anzahl der G\u00e4nge Ihres Fahrrads an.  <\/strong><\/p>\n<p style=\"text-align: center;\"><a href=\"https:\/moteur-roue-pour-velo-electrique\/\"><span style=\"color: #ff0000;\"><strong>\u00dcberpr\u00fcfen Sie, ob Ihr Fahrrad mit dem LIFT MTB Radmotor-Kit kompatibel ist.<\/strong><\/span><\/a><\/p>\n","protected":false},"featured_media":34947,"comment_status":"open","ping_status":"closed","template":"","meta":[],"product_brand":[],"product_cat":[823],"product_tag":[],"class_list":{"0":"post-39022","1":"product","2":"type-product","3":"status-publish","4":"has-post-thumbnail","6":"product_cat-andere-arten-der-motorisierung","8":"first","9":"instock","10":"taxable","11":"shipping-taxable","12":"purchasable","13":"product-type-variable"},"yoast_head":"<!-- This site is optimized with the Yoast SEO plugin v26.9 - https:\/\/yoast.com\/product\/yoast-seo-wordpress\/ -->\n<title>Radmotor f\u00fcr Fahrr\u00e4der, mit dem man sein Fahrrad in ein Elektrofahrrad verwandeln kann.<\/title>\n<meta name=\"description\" content=\"Entdecken Sie unseren elektrischen Radmotor, mit dem Sie Ihr herk\u00f6mmliches Fahrrad in ein elektrisches - Elektrische Nabenunterst\u00fctzung f\u00fcr Fahrr\u00e4der verwandeln k\u00f6nnen.\" \/>\n<meta name=\"robots\" content=\"index, follow, max-snippet:-1, max-image-preview:large, max-video-preview:-1\" \/>\n<link rel=\"canonical\" href=\"https:\/\/www.lift-mtb.com\/de\/produit\/motor-rad-fuer-velo-lift-mtb-batterie\/\" \/>\n<meta property=\"og:locale\" content=\"de_DE\" \/>\n<meta property=\"og:type\" content=\"article\" \/>\n<meta property=\"og:title\" content=\"Radmotor f\u00fcr Fahrr\u00e4der, mit dem man sein Fahrrad in ein Elektrofahrrad verwandeln kann.\" \/>\n<meta property=\"og:description\" content=\"Entdecken Sie unseren elektrischen Radmotor, mit dem Sie Ihr herk\u00f6mmliches Fahrrad in ein elektrisches - Elektrische Nabenunterst\u00fctzung f\u00fcr Fahrr\u00e4der verwandeln k\u00f6nnen.\" \/>\n<meta property=\"og:url\" content=\"https:\/\/www.lift-mtb.com\/de\/produit\/motor-rad-fuer-velo-lift-mtb-batterie\/\" \/>\n<meta property=\"og:site_name\" content=\"LIFT-MTB\" \/>\n<meta property=\"article:modified_time\" content=\"2023-02-23T22:54:02+00:00\" \/>\n<meta property=\"og:image\" content=\"https:\/\/www.lift-mtb.com\/wp-content\/uploads\/2022\/08\/moteur-moyeux-lift-mtb-poids-1-sur-1-scaled.jpg\" \/>\n\t<meta property=\"og:image:width\" content=\"2560\" \/>\n\t<meta property=\"og:image:height\" content=\"1695\" \/>\n\t<meta property=\"og:image:type\" content=\"image\/jpeg\" \/>\n<meta name=\"twitter:card\" content=\"summary_large_image\" \/>\n<meta name=\"twitter:label1\" content=\"Gesch\u00e4tzte Lesezeit\" \/>\n\t<meta name=\"twitter:data1\" content=\"1\u00a0Minute\" \/>\n<script type=\"application\/ld+json\" class=\"yoast-schema-graph\">{\"@context\":\"https:\/\/schema.org\",\"@graph\":[{\"@type\":\"WebPage\",\"@id\":\"https:\/\/www.lift-mtb.com\/de\/produit\/motor-rad-fuer-velo-lift-mtb-batterie\/\",\"url\":\"https:\/\/www.lift-mtb.com\/de\/produit\/motor-rad-fuer-velo-lift-mtb-batterie\/\",\"name\":\"Radmotor f\u00fcr Fahrr\u00e4der, mit dem man sein Fahrrad in ein Elektrofahrrad verwandeln kann.\",\"isPartOf\":{\"@id\":\"https:\/\/www.lift-mtb.com\/de\/#website\"},\"primaryImageOfPage\":{\"@id\":\"https:\/\/www.lift-mtb.com\/de\/produit\/motor-rad-fuer-velo-lift-mtb-batterie\/#primaryimage\"},\"image\":{\"@id\":\"https:\/\/www.lift-mtb.com\/de\/produit\/motor-rad-fuer-velo-lift-mtb-batterie\/#primaryimage\"},\"thumbnailUrl\":\"https:\/\/www.lift-mtb.com\/wp-content\/uploads\/2022\/08\/moteur-moyeux-lift-mtb-poids-1-sur-1-scaled.jpg\",\"datePublished\":\"2022-03-23T10:23:38+00:00\",\"dateModified\":\"2023-02-23T22:54:02+00:00\",\"description\":\"Entdecken Sie unseren elektrischen Radmotor, mit dem Sie Ihr herk\u00f6mmliches Fahrrad in ein elektrisches - Elektrische Nabenunterst\u00fctzung f\u00fcr Fahrr\u00e4der verwandeln k\u00f6nnen.\",\"breadcrumb\":{\"@id\":\"https:\/\/www.lift-mtb.com\/de\/produit\/motor-rad-fuer-velo-lift-mtb-batterie\/#breadcrumb\"},\"inLanguage\":\"de\",\"potentialAction\":[{\"@type\":\"ReadAction\",\"target\":[\"https:\/\/www.lift-mtb.com\/de\/produit\/motor-rad-fuer-velo-lift-mtb-batterie\/\"]}]},{\"@type\":\"ImageObject\",\"inLanguage\":\"de\",\"@id\":\"https:\/\/www.lift-mtb.com\/de\/produit\/motor-rad-fuer-velo-lift-mtb-batterie\/#primaryimage\",\"url\":\"https:\/\/www.lift-mtb.com\/wp-content\/uploads\/2022\/08\/moteur-moyeux-lift-mtb-poids-1-sur-1-scaled.jpg\",\"contentUrl\":\"https:\/\/www.lift-mtb.com\/wp-content\/uploads\/2022\/08\/moteur-moyeux-lift-mtb-poids-1-sur-1-scaled.jpg\",\"width\":2560,\"height\":1695,\"caption\":\"moteur roue electrique\"},{\"@type\":\"BreadcrumbList\",\"@id\":\"https:\/\/www.lift-mtb.com\/de\/produit\/motor-rad-fuer-velo-lift-mtb-batterie\/#breadcrumb\",\"itemListElement\":[{\"@type\":\"ListItem\",\"position\":1,\"name\":\"Accueil\",\"item\":\"https:\/\/www.lift-mtb.com\/de\/\"},{\"@type\":\"ListItem\",\"position\":2,\"name\":\"Shop\",\"item\":\"https:\/\/www.lift-mtb.com\/de\/shop\/\"},{\"@type\":\"ListItem\",\"position\":3,\"name\":\"Andere Arten der Motorisierung\",\"item\":\"https:\/\/www.lift-mtb.com\/de\/produkt-kategorie\/andere-arten-der-motorisierung\/\"},{\"@type\":\"ListItem\",\"position\":4,\"name\":\"Radmotor f\u00fcr Fahrrad &#8211; LIFT MTB + Batterie\"}]},{\"@type\":\"WebSite\",\"@id\":\"https:\/\/www.lift-mtb.com\/de\/#website\",\"url\":\"https:\/\/www.lift-mtb.com\/de\/\",\"name\":\"LIFT-MTB\",\"description\":\"Transformer son v\u00e9lo en \u00e9lectrique rapidement !\",\"publisher\":{\"@id\":\"https:\/\/www.lift-mtb.com\/de\/#organization\"},\"potentialAction\":[{\"@type\":\"SearchAction\",\"target\":{\"@type\":\"EntryPoint\",\"urlTemplate\":\"https:\/\/www.lift-mtb.com\/de\/?s={search_term_string}\"},\"query-input\":{\"@type\":\"PropertyValueSpecification\",\"valueRequired\":true,\"valueName\":\"search_term_string\"}}],\"inLanguage\":\"de\"},{\"@type\":\"Organization\",\"@id\":\"https:\/\/www.lift-mtb.com\/de\/#organization\",\"name\":\"LIFT-MTB\",\"url\":\"https:\/\/www.lift-mtb.com\/de\/\",\"logo\":{\"@type\":\"ImageObject\",\"inLanguage\":\"de\",\"@id\":\"https:\/\/www.lift-mtb.com\/de\/#\/schema\/logo\/image\/\",\"url\":\"https:\/\/www.lift-mtb.com\/wp-content\/uploads\/2022\/01\/electric-kit-for-bike-1.jpg\",\"contentUrl\":\"https:\/\/www.lift-mtb.com\/wp-content\/uploads\/2022\/01\/electric-kit-for-bike-1.jpg\",\"width\":1223,\"height\":560,\"caption\":\"LIFT-MTB\"},\"image\":{\"@id\":\"https:\/\/www.lift-mtb.com\/de\/#\/schema\/logo\/image\/\"}}]}<\/script>\n<!-- \/ Yoast SEO plugin. -->","yoast_head_json":{"title":"Radmotor f\u00fcr Fahrr\u00e4der, mit dem man sein Fahrrad in ein Elektrofahrrad verwandeln kann.","description":"Entdecken Sie unseren elektrischen Radmotor, mit dem Sie Ihr herk\u00f6mmliches Fahrrad in ein elektrisches - Elektrische Nabenunterst\u00fctzung f\u00fcr Fahrr\u00e4der verwandeln k\u00f6nnen.","robots":{"index":"index","follow":"follow","max-snippet":"max-snippet:-1","max-image-preview":"max-image-preview:large","max-video-preview":"max-video-preview:-1"},"canonical":"https:\/\/www.lift-mtb.com\/de\/produit\/motor-rad-fuer-velo-lift-mtb-batterie\/","og_locale":"de_DE","og_type":"article","og_title":"Radmotor f\u00fcr Fahrr\u00e4der, mit dem man sein Fahrrad in ein Elektrofahrrad verwandeln kann.","og_description":"Entdecken Sie unseren elektrischen Radmotor, mit dem Sie Ihr herk\u00f6mmliches Fahrrad in ein elektrisches - Elektrische Nabenunterst\u00fctzung f\u00fcr Fahrr\u00e4der verwandeln k\u00f6nnen.","og_url":"https:\/\/www.lift-mtb.com\/de\/produit\/motor-rad-fuer-velo-lift-mtb-batterie\/","og_site_name":"LIFT-MTB","article_modified_time":"2023-02-23T22:54:02+00:00","og_image":[{"width":2560,"height":1695,"url":"https:\/\/www.lift-mtb.com\/wp-content\/uploads\/2022\/08\/moteur-moyeux-lift-mtb-poids-1-sur-1-scaled.jpg","type":"image\/jpeg"}],"twitter_card":"summary_large_image","twitter_misc":{"Gesch\u00e4tzte Lesezeit":"1\u00a0Minute"},"schema":{"@context":"https:\/\/schema.org","@graph":[{"@type":"WebPage","@id":"https:\/\/www.lift-mtb.com\/de\/produit\/motor-rad-fuer-velo-lift-mtb-batterie\/","url":"https:\/\/www.lift-mtb.com\/de\/produit\/motor-rad-fuer-velo-lift-mtb-batterie\/","name":"Radmotor f\u00fcr Fahrr\u00e4der, mit dem man sein Fahrrad in ein Elektrofahrrad verwandeln kann.","isPartOf":{"@id":"https:\/\/www.lift-mtb.com\/de\/#website"},"primaryImageOfPage":{"@id":"https:\/\/www.lift-mtb.com\/de\/produit\/motor-rad-fuer-velo-lift-mtb-batterie\/#primaryimage"},"image":{"@id":"https:\/\/www.lift-mtb.com\/de\/produit\/motor-rad-fuer-velo-lift-mtb-batterie\/#primaryimage"},"thumbnailUrl":"https:\/\/www.lift-mtb.com\/wp-content\/uploads\/2022\/08\/moteur-moyeux-lift-mtb-poids-1-sur-1-scaled.jpg","datePublished":"2022-03-23T10:23:38+00:00","dateModified":"2023-02-23T22:54:02+00:00","description":"Entdecken Sie unseren elektrischen Radmotor, mit dem Sie Ihr herk\u00f6mmliches Fahrrad in ein elektrisches - Elektrische Nabenunterst\u00fctzung f\u00fcr Fahrr\u00e4der verwandeln k\u00f6nnen.","breadcrumb":{"@id":"https:\/\/www.lift-mtb.com\/de\/produit\/motor-rad-fuer-velo-lift-mtb-batterie\/#breadcrumb"},"inLanguage":"de","potentialAction":[{"@type":"ReadAction","target":["https:\/\/www.lift-mtb.com\/de\/produit\/motor-rad-fuer-velo-lift-mtb-batterie\/"]}]},{"@type":"ImageObject","inLanguage":"de","@id":"https:\/\/www.lift-mtb.com\/de\/produit\/motor-rad-fuer-velo-lift-mtb-batterie\/#primaryimage","url":"https:\/\/www.lift-mtb.com\/wp-content\/uploads\/2022\/08\/moteur-moyeux-lift-mtb-poids-1-sur-1-scaled.jpg","contentUrl":"https:\/\/www.lift-mtb.com\/wp-content\/uploads\/2022\/08\/moteur-moyeux-lift-mtb-poids-1-sur-1-scaled.jpg","width":2560,"height":1695,"caption":"moteur roue electrique"},{"@type":"BreadcrumbList","@id":"https:\/\/www.lift-mtb.com\/de\/produit\/motor-rad-fuer-velo-lift-mtb-batterie\/#breadcrumb","itemListElement":[{"@type":"ListItem","position":1,"name":"Accueil","item":"https:\/\/www.lift-mtb.com\/de\/"},{"@type":"ListItem","position":2,"name":"Shop","item":"https:\/\/www.lift-mtb.com\/de\/shop\/"},{"@type":"ListItem","position":3,"name":"Andere Arten der Motorisierung","item":"https:\/\/www.lift-mtb.com\/de\/produkt-kategorie\/andere-arten-der-motorisierung\/"},{"@type":"ListItem","position":4,"name":"Radmotor f\u00fcr Fahrrad &#8211; LIFT MTB + Batterie"}]},{"@type":"WebSite","@id":"https:\/\/www.lift-mtb.com\/de\/#website","url":"https:\/\/www.lift-mtb.com\/de\/","name":"LIFT-MTB","description":"Transformer son v\u00e9lo en \u00e9lectrique rapidement !","publisher":{"@id":"https:\/\/www.lift-mtb.com\/de\/#organization"},"potentialAction":[{"@type":"SearchAction","target":{"@type":"EntryPoint","urlTemplate":"https:\/\/www.lift-mtb.com\/de\/?s={search_term_string}"},"query-input":{"@type":"PropertyValueSpecification","valueRequired":true,"valueName":"search_term_string"}}],"inLanguage":"de"},{"@type":"Organization","@id":"https:\/\/www.lift-mtb.com\/de\/#organization","name":"LIFT-MTB","url":"https:\/\/www.lift-mtb.com\/de\/","logo":{"@type":"ImageObject","inLanguage":"de","@id":"https:\/\/www.lift-mtb.com\/de\/#\/schema\/logo\/image\/","url":"https:\/\/www.lift-mtb.com\/wp-content\/uploads\/2022\/01\/electric-kit-for-bike-1.jpg","contentUrl":"https:\/\/www.lift-mtb.com\/wp-content\/uploads\/2022\/01\/electric-kit-for-bike-1.jpg","width":1223,"height":560,"caption":"LIFT-MTB"},"image":{"@id":"https:\/\/www.lift-mtb.com\/de\/#\/schema\/logo\/image\/"}}]}},"_links":{"self":[{"href":"https:\/\/www.lift-mtb.com\/de\/wp-json\/wp\/v2\/product\/39022","targetHints":{"allow":["GET"]}}],"collection":[{"href":"https:\/\/www.lift-mtb.com\/de\/wp-json\/wp\/v2\/product"}],"about":[{"href":"https:\/\/www.lift-mtb.com\/de\/wp-json\/wp\/v2\/types\/product"}],"replies":[{"embeddable":true,"href":"https:\/\/www.lift-mtb.com\/de\/wp-json\/wp\/v2\/comments?post=39022"}],"wp:featuredmedia":[{"embeddable":true,"href":"https:\/\/www.lift-mtb.com\/de\/wp-json\/wp\/v2\/media\/34947"}],"wp:attachment":[{"href":"https:\/\/www.lift-mtb.com\/de\/wp-json\/wp\/v2\/media?parent=39022"}],"wp:term":[{"taxonomy":"product_brand","embeddable":true,"href":"https:\/\/www.lift-mtb.com\/de\/wp-json\/wp\/v2\/product_brand?post=39022"},{"taxonomy":"product_cat","embeddable":true,"href":"https:\/\/www.lift-mtb.com\/de\/wp-json\/wp\/v2\/product_cat?post=39022"},{"taxonomy":"product_tag","embeddable":true,"href":"https:\/\/www.lift-mtb.com\/de\/wp-json\/wp\/v2\/product_tag?post=39022"}],"curies":[{"name":"wp","href":"https:\/\/api.w.org\/{rel}","templated":true}]}}