{"id":39046,"date":"2022-08-27T12:00:53","date_gmt":"2022-08-27T10:00:53","guid":{"rendered":"https:\/produit\/radmotor\/"},"modified":"2023-02-23T23:45:09","modified_gmt":"2023-02-23T22:45:09","slug":"motor-elektro-rad-fur-fahrrad","status":"publish","type":"product","link":"https:\/\/www.lift-mtb.com\/de\/produit\/motor-elektro-rad-fur-fahrrad\/","title":{"rendered":"Motor Rad"},"content":{"rendered":"<p><strong>Elektrischer Radmotor f\u00fcr Fahrr\u00e4der<\/strong>.<\/p>\n<p>LIFT-MTB hat seinen Ursprung im Mountain bikes (MTB) und ist ein <strong>Hersteller von elektrischen Tretmotoren f\u00fcr Fahrr\u00e4der.<\/strong><\/p>\n<p>In der Tat sind Tretlagermotoren die beste L\u00f6sung f\u00fcr den Gebrauch von Mountain bikes (MTB).<\/p>\n<p>Der Tretlagermotor erm\u00f6glicht, mehr Drehmoment, ein geringeres Gewicht und einen sehr niedrigen Verbrauch, eine bessere Verteilung der Gewichte.<\/p>\n<p>Allerdings vermarkten wir auch <a href=\"https:\/\/www.youtube.com\/watch?v=wpv1ITOgJ1A&amp;t=5s\"><strong>Motoren im Hinterrad<\/strong><\/a> um die Nachfrage aller zu befriedigen!<\/p>\n<p>Diese Art von elektrischem Radmotor hat den Vorteil, dass er <strong>sehr preisg\u00fcnstig<\/strong> ist und sich f\u00fcr Citybikes, Hybrid-Fahrrad, Dreir\u00e4der usw. eignet.<\/p>\n<p>Ein Radmotor f\u00fcr Fahrr\u00e4der ist auch mit einigen Mountain bikes (MTB) kompatibel, die f\u00fcr Ausfl\u00fcge mit geringem H\u00f6henunterschied genutzt werden, ohne dass es auf Leistung, Gewichtsersparnis oder ein hohes Drehmoment ankommt, um steile Wege zu erklimmen.<\/p>\n<p style=\"text-align: center;\"><a href=\"https:\/bafang-ou-lift-mtb\/\">Lesen Sie unseren Artikel Vergleichstest Motorentest Rad<\/a><\/p>\n<p>&nbsp;<\/p>\n<h2>Das Nabenmotor-Kit ist eine sehr beliebte L\u00f6sung, um ein herk\u00f6mmliches Fahrrad in ein Elektrofahrrad umzuwandeln.<\/h2>\n<p>Einfach zu installieren bietet es eine umweltfreundliche Alternative zum Auto f\u00fcr t\u00e4gliche Fahrten und Radtouren.<\/p>\n<p>Zun\u00e4chst einmal ist die Funktionsweise eines elektrischen Radmotors recht einfach. Der Bausatz besteht aus einem Elektromotor, der in der Regel am Hinterrad angebracht wird.<\/p>\n<p>Der Motor wird von einer wiederaufladbaren Batterie gespeist, die am Fahrradrahmen befestigt wird.<\/p>\n<p>Mithilfe eines Bildschirms, der an der Lenkstange des Fahrrads angebracht ist, die Geschwindigkeit und die Leistung des Motors kontrollieren.<\/p>\n<p>Denn der Hauptnutzen eines elektrischen Radmotorsatzes f\u00fcr Fahrr\u00e4der besteht darin, l\u00e4ngere Strecken zur\u00fcckzulegen.<\/p>\n<p>So k\u00f6nnen Sie leichter an Steigungen fahren.<\/p>\n<p>Der Elektromotor bietet Unterst\u00fctzung beim Treten. Dadurch kann man leichter in die Pedale treten und erm\u00fcdet nicht so schnell.<\/p>\n<p>Mit dem Elektro-Rad-Motor-Set k\u00f6nnen schwerere Lasten wie Rucks\u00e4cke, K\u00f6rbe oder Anh\u00e4nger transportiert werden.<\/p>\n<p>Mit Tretunterst\u00fctzung ausgestattet, verf\u00fcgt das Motorset Elektrorad f\u00fcr Fahrr\u00e4der \u00fcber eine Leistung von 250 Watt. Um die gesetzlichen Vorgaben hinsichtlich der Leistung zu erf\u00fcllen und die Geschwindigkeit auf bis zu 25 km\/h zu begrenzen.<\/p>\n<p>Auch dieses Kit Motor Rad Elektrofahrrad ist, dass es viel billiger als ein komplettes Elektrofahrrad ist.<\/p>\n<p>So k\u00f6nnen Sie Ihr eigenes Fahrrad in ein Elektrofahrrad umwandeln, ohne ein neues, teures Fahrrad kaufen zu m\u00fcssen.<\/p>\n<p>Zusammenfassend l\u00e4sst sich sagen, dass dieses Set die ideale Alternative ist, um sein Fahrrad einfach zu elektrifizieren.<\/p>\n","protected":false},"excerpt":{"rendered":"<ul>\n<li>Wahlweise: 1, 3, 6, 7 oder 8, 9, 10 G\u00e4nge.<\/li>\n<li>Wahlweise Radgr\u00f6\u00dfe 700 \/ 26 \/ 27.5 \/ 29 Zoll<\/li>\n<li>Befestigung f\u00fcr Rahmenlasche 9 \/ 10mm<\/li>\n<li>Das Set besteht aus: Das komplette Hinterrad (Felge, Speichen und Nabenmotor)<\/li>\n<li>Ein kompaktes Display zur Steuerung der Fahrmodi am Lenker.<\/li>\n<li>Das Elektrorad wird von unserem Team bereits eingespeicht geliefert.<\/li>\n<li>Ein Aluhalter f\u00fcr Batterien bis 500wh und ein Kunststoffhalter f\u00fcr 600wh Batterien.<\/li>\n<li>Der Kontrolleur.<\/li>\n<li>Gewicht 2kg \/ Drehmoment 45Nm<\/li>\n<\/ul>\n<p><strong>Bitte geben Sie bei der Bestellung als Kommentar die Anzahl der G\u00e4nge Ihres Fahrrads an.  <\/strong><\/p>\n","protected":false},"featured_media":34947,"comment_status":"open","ping_status":"closed","template":"","meta":[],"product_brand":[],"product_cat":[823],"product_tag":[],"class_list":{"0":"post-39046","1":"product","2":"type-product","3":"status-publish","4":"has-post-thumbnail","6":"product_cat-andere-arten-der-motorisierung","8":"first","9":"instock","10":"taxable","11":"shipping-taxable","12":"purchasable","13":"product-type-simple"},"yoast_head":"<!-- This site is optimized with the Yoast SEO plugin v26.9 - https:\/\/yoast.com\/product\/yoast-seo-wordpress\/ -->\n<title>Elektrischer Radmotor f\u00fcr ein Fahrrad, um sein Fahrrad in ein elektrisches umzuwandeln<\/title>\n<meta name=\"description\" content=\"Entdecken Sie unseren elektrischen Radmotor f\u00fcr Fahrr\u00e4der, um Ihr herk\u00f6mmliches Fahrrad in ein elektrisches - Elektrische Nabenunterst\u00fctzung f\u00fcr Fahrr\u00e4der.\" \/>\n<meta name=\"robots\" content=\"index, follow, max-snippet:-1, max-image-preview:large, max-video-preview:-1\" \/>\n<link rel=\"canonical\" href=\"https:\/\/www.lift-mtb.com\/de\/produit\/motor-elektro-rad-fur-fahrrad\/\" \/>\n<meta property=\"og:locale\" content=\"de_DE\" \/>\n<meta property=\"og:type\" content=\"article\" \/>\n<meta property=\"og:title\" content=\"Elektrischer Radmotor f\u00fcr ein Fahrrad, um sein Fahrrad in ein elektrisches umzuwandeln\" \/>\n<meta property=\"og:description\" content=\"Entdecken Sie unseren elektrischen Radmotor f\u00fcr Fahrr\u00e4der, um Ihr herk\u00f6mmliches Fahrrad in ein elektrisches - Elektrische Nabenunterst\u00fctzung f\u00fcr Fahrr\u00e4der.\" \/>\n<meta property=\"og:url\" content=\"https:\/\/www.lift-mtb.com\/de\/produit\/motor-elektro-rad-fur-fahrrad\/\" \/>\n<meta property=\"og:site_name\" content=\"LIFT-MTB\" \/>\n<meta property=\"article:modified_time\" content=\"2023-02-23T22:45:09+00:00\" \/>\n<meta property=\"og:image\" content=\"https:\/\/www.lift-mtb.com\/wp-content\/uploads\/2022\/08\/moteur-moyeux-lift-mtb-poids-1-sur-1-scaled.jpg\" \/>\n\t<meta property=\"og:image:width\" content=\"2560\" \/>\n\t<meta property=\"og:image:height\" content=\"1695\" \/>\n\t<meta property=\"og:image:type\" content=\"image\/jpeg\" \/>\n<meta name=\"twitter:card\" content=\"summary_large_image\" \/>\n<meta name=\"twitter:label1\" content=\"Gesch\u00e4tzte Lesezeit\" \/>\n\t<meta name=\"twitter:data1\" content=\"2\u00a0Minuten\" \/>\n<script type=\"application\/ld+json\" class=\"yoast-schema-graph\">{\"@context\":\"https:\/\/schema.org\",\"@graph\":[{\"@type\":\"WebPage\",\"@id\":\"https:\/\/www.lift-mtb.com\/de\/produit\/motor-elektro-rad-fur-fahrrad\/\",\"url\":\"https:\/\/www.lift-mtb.com\/de\/produit\/motor-elektro-rad-fur-fahrrad\/\",\"name\":\"Elektrischer Radmotor f\u00fcr ein Fahrrad, um sein Fahrrad in ein elektrisches umzuwandeln\",\"isPartOf\":{\"@id\":\"https:\/\/www.lift-mtb.com\/de\/#website\"},\"primaryImageOfPage\":{\"@id\":\"https:\/\/www.lift-mtb.com\/de\/produit\/motor-elektro-rad-fur-fahrrad\/#primaryimage\"},\"image\":{\"@id\":\"https:\/\/www.lift-mtb.com\/de\/produit\/motor-elektro-rad-fur-fahrrad\/#primaryimage\"},\"thumbnailUrl\":\"https:\/\/www.lift-mtb.com\/wp-content\/uploads\/2022\/08\/moteur-moyeux-lift-mtb-poids-1-sur-1-scaled.jpg\",\"datePublished\":\"2022-08-27T10:00:53+00:00\",\"dateModified\":\"2023-02-23T22:45:09+00:00\",\"description\":\"Entdecken Sie unseren elektrischen Radmotor f\u00fcr Fahrr\u00e4der, um Ihr herk\u00f6mmliches Fahrrad in ein elektrisches - Elektrische Nabenunterst\u00fctzung f\u00fcr Fahrr\u00e4der.\",\"breadcrumb\":{\"@id\":\"https:\/\/www.lift-mtb.com\/de\/produit\/motor-elektro-rad-fur-fahrrad\/#breadcrumb\"},\"inLanguage\":\"de\",\"potentialAction\":[{\"@type\":\"ReadAction\",\"target\":[\"https:\/\/www.lift-mtb.com\/de\/produit\/motor-elektro-rad-fur-fahrrad\/\"]}]},{\"@type\":\"ImageObject\",\"inLanguage\":\"de\",\"@id\":\"https:\/\/www.lift-mtb.com\/de\/produit\/motor-elektro-rad-fur-fahrrad\/#primaryimage\",\"url\":\"https:\/\/www.lift-mtb.com\/wp-content\/uploads\/2022\/08\/moteur-moyeux-lift-mtb-poids-1-sur-1-scaled.jpg\",\"contentUrl\":\"https:\/\/www.lift-mtb.com\/wp-content\/uploads\/2022\/08\/moteur-moyeux-lift-mtb-poids-1-sur-1-scaled.jpg\",\"width\":2560,\"height\":1695,\"caption\":\"moteur roue electrique\"},{\"@type\":\"BreadcrumbList\",\"@id\":\"https:\/\/www.lift-mtb.com\/de\/produit\/motor-elektro-rad-fur-fahrrad\/#breadcrumb\",\"itemListElement\":[{\"@type\":\"ListItem\",\"position\":1,\"name\":\"Accueil\",\"item\":\"https:\/\/www.lift-mtb.com\/de\/\"},{\"@type\":\"ListItem\",\"position\":2,\"name\":\"Shop\",\"item\":\"https:\/\/www.lift-mtb.com\/de\/shop\/\"},{\"@type\":\"ListItem\",\"position\":3,\"name\":\"Andere Arten der Motorisierung\",\"item\":\"https:\/\/www.lift-mtb.com\/de\/produkt-kategorie\/andere-arten-der-motorisierung\/\"},{\"@type\":\"ListItem\",\"position\":4,\"name\":\"Motor Rad\"}]},{\"@type\":\"WebSite\",\"@id\":\"https:\/\/www.lift-mtb.com\/de\/#website\",\"url\":\"https:\/\/www.lift-mtb.com\/de\/\",\"name\":\"LIFT-MTB\",\"description\":\"Transformer son v\u00e9lo en \u00e9lectrique rapidement !\",\"publisher\":{\"@id\":\"https:\/\/www.lift-mtb.com\/de\/#organization\"},\"potentialAction\":[{\"@type\":\"SearchAction\",\"target\":{\"@type\":\"EntryPoint\",\"urlTemplate\":\"https:\/\/www.lift-mtb.com\/de\/?s={search_term_string}\"},\"query-input\":{\"@type\":\"PropertyValueSpecification\",\"valueRequired\":true,\"valueName\":\"search_term_string\"}}],\"inLanguage\":\"de\"},{\"@type\":\"Organization\",\"@id\":\"https:\/\/www.lift-mtb.com\/de\/#organization\",\"name\":\"LIFT-MTB\",\"url\":\"https:\/\/www.lift-mtb.com\/de\/\",\"logo\":{\"@type\":\"ImageObject\",\"inLanguage\":\"de\",\"@id\":\"https:\/\/www.lift-mtb.com\/de\/#\/schema\/logo\/image\/\",\"url\":\"https:\/\/www.lift-mtb.com\/wp-content\/uploads\/2022\/01\/electric-kit-for-bike-1.jpg\",\"contentUrl\":\"https:\/\/www.lift-mtb.com\/wp-content\/uploads\/2022\/01\/electric-kit-for-bike-1.jpg\",\"width\":1223,\"height\":560,\"caption\":\"LIFT-MTB\"},\"image\":{\"@id\":\"https:\/\/www.lift-mtb.com\/de\/#\/schema\/logo\/image\/\"}}]}<\/script>\n<!-- \/ Yoast SEO plugin. -->","yoast_head_json":{"title":"Elektrischer Radmotor f\u00fcr ein Fahrrad, um sein Fahrrad in ein elektrisches umzuwandeln","description":"Entdecken Sie unseren elektrischen Radmotor f\u00fcr Fahrr\u00e4der, um Ihr herk\u00f6mmliches Fahrrad in ein elektrisches - Elektrische Nabenunterst\u00fctzung f\u00fcr Fahrr\u00e4der.","robots":{"index":"index","follow":"follow","max-snippet":"max-snippet:-1","max-image-preview":"max-image-preview:large","max-video-preview":"max-video-preview:-1"},"canonical":"https:\/\/www.lift-mtb.com\/de\/produit\/motor-elektro-rad-fur-fahrrad\/","og_locale":"de_DE","og_type":"article","og_title":"Elektrischer Radmotor f\u00fcr ein Fahrrad, um sein Fahrrad in ein elektrisches umzuwandeln","og_description":"Entdecken Sie unseren elektrischen Radmotor f\u00fcr Fahrr\u00e4der, um Ihr herk\u00f6mmliches Fahrrad in ein elektrisches - Elektrische Nabenunterst\u00fctzung f\u00fcr Fahrr\u00e4der.","og_url":"https:\/\/www.lift-mtb.com\/de\/produit\/motor-elektro-rad-fur-fahrrad\/","og_site_name":"LIFT-MTB","article_modified_time":"2023-02-23T22:45:09+00:00","og_image":[{"width":2560,"height":1695,"url":"https:\/\/www.lift-mtb.com\/wp-content\/uploads\/2022\/08\/moteur-moyeux-lift-mtb-poids-1-sur-1-scaled.jpg","type":"image\/jpeg"}],"twitter_card":"summary_large_image","twitter_misc":{"Gesch\u00e4tzte Lesezeit":"2\u00a0Minuten"},"schema":{"@context":"https:\/\/schema.org","@graph":[{"@type":"WebPage","@id":"https:\/\/www.lift-mtb.com\/de\/produit\/motor-elektro-rad-fur-fahrrad\/","url":"https:\/\/www.lift-mtb.com\/de\/produit\/motor-elektro-rad-fur-fahrrad\/","name":"Elektrischer Radmotor f\u00fcr ein Fahrrad, um sein Fahrrad in ein elektrisches umzuwandeln","isPartOf":{"@id":"https:\/\/www.lift-mtb.com\/de\/#website"},"primaryImageOfPage":{"@id":"https:\/\/www.lift-mtb.com\/de\/produit\/motor-elektro-rad-fur-fahrrad\/#primaryimage"},"image":{"@id":"https:\/\/www.lift-mtb.com\/de\/produit\/motor-elektro-rad-fur-fahrrad\/#primaryimage"},"thumbnailUrl":"https:\/\/www.lift-mtb.com\/wp-content\/uploads\/2022\/08\/moteur-moyeux-lift-mtb-poids-1-sur-1-scaled.jpg","datePublished":"2022-08-27T10:00:53+00:00","dateModified":"2023-02-23T22:45:09+00:00","description":"Entdecken Sie unseren elektrischen Radmotor f\u00fcr Fahrr\u00e4der, um Ihr herk\u00f6mmliches Fahrrad in ein elektrisches - Elektrische Nabenunterst\u00fctzung f\u00fcr Fahrr\u00e4der.","breadcrumb":{"@id":"https:\/\/www.lift-mtb.com\/de\/produit\/motor-elektro-rad-fur-fahrrad\/#breadcrumb"},"inLanguage":"de","potentialAction":[{"@type":"ReadAction","target":["https:\/\/www.lift-mtb.com\/de\/produit\/motor-elektro-rad-fur-fahrrad\/"]}]},{"@type":"ImageObject","inLanguage":"de","@id":"https:\/\/www.lift-mtb.com\/de\/produit\/motor-elektro-rad-fur-fahrrad\/#primaryimage","url":"https:\/\/www.lift-mtb.com\/wp-content\/uploads\/2022\/08\/moteur-moyeux-lift-mtb-poids-1-sur-1-scaled.jpg","contentUrl":"https:\/\/www.lift-mtb.com\/wp-content\/uploads\/2022\/08\/moteur-moyeux-lift-mtb-poids-1-sur-1-scaled.jpg","width":2560,"height":1695,"caption":"moteur roue electrique"},{"@type":"BreadcrumbList","@id":"https:\/\/www.lift-mtb.com\/de\/produit\/motor-elektro-rad-fur-fahrrad\/#breadcrumb","itemListElement":[{"@type":"ListItem","position":1,"name":"Accueil","item":"https:\/\/www.lift-mtb.com\/de\/"},{"@type":"ListItem","position":2,"name":"Shop","item":"https:\/\/www.lift-mtb.com\/de\/shop\/"},{"@type":"ListItem","position":3,"name":"Andere Arten der Motorisierung","item":"https:\/\/www.lift-mtb.com\/de\/produkt-kategorie\/andere-arten-der-motorisierung\/"},{"@type":"ListItem","position":4,"name":"Motor Rad"}]},{"@type":"WebSite","@id":"https:\/\/www.lift-mtb.com\/de\/#website","url":"https:\/\/www.lift-mtb.com\/de\/","name":"LIFT-MTB","description":"Transformer son v\u00e9lo en \u00e9lectrique rapidement !","publisher":{"@id":"https:\/\/www.lift-mtb.com\/de\/#organization"},"potentialAction":[{"@type":"SearchAction","target":{"@type":"EntryPoint","urlTemplate":"https:\/\/www.lift-mtb.com\/de\/?s={search_term_string}"},"query-input":{"@type":"PropertyValueSpecification","valueRequired":true,"valueName":"search_term_string"}}],"inLanguage":"de"},{"@type":"Organization","@id":"https:\/\/www.lift-mtb.com\/de\/#organization","name":"LIFT-MTB","url":"https:\/\/www.lift-mtb.com\/de\/","logo":{"@type":"ImageObject","inLanguage":"de","@id":"https:\/\/www.lift-mtb.com\/de\/#\/schema\/logo\/image\/","url":"https:\/\/www.lift-mtb.com\/wp-content\/uploads\/2022\/01\/electric-kit-for-bike-1.jpg","contentUrl":"https:\/\/www.lift-mtb.com\/wp-content\/uploads\/2022\/01\/electric-kit-for-bike-1.jpg","width":1223,"height":560,"caption":"LIFT-MTB"},"image":{"@id":"https:\/\/www.lift-mtb.com\/de\/#\/schema\/logo\/image\/"}}]}},"_links":{"self":[{"href":"https:\/\/www.lift-mtb.com\/de\/wp-json\/wp\/v2\/product\/39046","targetHints":{"allow":["GET"]}}],"collection":[{"href":"https:\/\/www.lift-mtb.com\/de\/wp-json\/wp\/v2\/product"}],"about":[{"href":"https:\/\/www.lift-mtb.com\/de\/wp-json\/wp\/v2\/types\/product"}],"replies":[{"embeddable":true,"href":"https:\/\/www.lift-mtb.com\/de\/wp-json\/wp\/v2\/comments?post=39046"}],"wp:featuredmedia":[{"embeddable":true,"href":"https:\/\/www.lift-mtb.com\/de\/wp-json\/wp\/v2\/media\/34947"}],"wp:attachment":[{"href":"https:\/\/www.lift-mtb.com\/de\/wp-json\/wp\/v2\/media?parent=39046"}],"wp:term":[{"taxonomy":"product_brand","embeddable":true,"href":"https:\/\/www.lift-mtb.com\/de\/wp-json\/wp\/v2\/product_brand?post=39046"},{"taxonomy":"product_cat","embeddable":true,"href":"https:\/\/www.lift-mtb.com\/de\/wp-json\/wp\/v2\/product_cat?post=39046"},{"taxonomy":"product_tag","embeddable":true,"href":"https:\/\/www.lift-mtb.com\/de\/wp-json\/wp\/v2\/product_tag?post=39046"}],"curies":[{"name":"wp","href":"https:\/\/api.w.org\/{rel}","templated":true}]}}