{"id":39170,"date":"2022-04-21T23:46:11","date_gmt":"2022-04-21T21:46:11","guid":{"rendered":"https:\/produit\/kit-v4-intern\/"},"modified":"2023-05-19T16:55:29","modified_gmt":"2023-05-19T14:55:29","slug":"test-kit-v4-seul","status":"publish","type":"product","link":"https:\/\/www.lift-mtb.com\/de\/produit\/test-kit-v4-seul\/","title":{"rendered":"Kit V4 Intern"},"content":{"rendered":"<h2>Kit Tretlagermotor Fahrrad LIFT MTB v4 intern<\/h2>\n<p>Ein drehmomentstarker Motor, der sich schnell und einfach an verschiedene Fahrr\u00e4der anpassen l\u00e4sst &#8211; das sind die Schl\u00fcsselpunkte, die den Erfolg des Lift-Mtb-Pedalmotor-Kits ausmachen.<\/p>\n<p>Dieser leistungsstarke und kompakte Motor wird es erm\u00f6glichen, jedes herk\u00f6mmliche Fahrrad mit einem internen Motor in ein Elektrofahrrad umzuwandeln.<\/p>\n<p><strong>Zun\u00e4chst enth\u00e4lt das komplette interne Tretlagermotor-Kit :<\/strong><\/p>\n<p>&#8211; <strong> Motor:<\/strong> 36 Volt \/ eingebauter Controller<\/p>\n<p>&#8211; <strong> Halterung: <\/strong> 7075 T6 CNC (Innenmontage) Obere Klemmung mit Kabel.<\/p>\n<p>&#8211; <strong> Motorfreilauf:<\/strong> Made in France ohne Tretwiderstand.<\/p>\n<p>&#8211; <strong> Kettenblatt:<\/strong> Raceface narrow wide \u00ae, Aluminium 7075 (30 Z\u00e4hne oder 32 Z\u00e4hne)<\/p>\n<p>&#8211; <strong> Kettenblatt:<\/strong> 1\/2 zu 3\/32 Aluminium 7000 Serie 38 Z\u00e4hne.<\/p>\n<p>&#8211; <strong> Prim\u00e4rkette:<\/strong> Typ shimano\u00ae.<\/p>\n<p>&#8211; <strong> Der Kettenspanner:<\/strong> mit abgedichteter, ringf\u00f6rmig gelagerter Laufrolle.<\/p>\n<p>&#8211; <strong> Der Gashebel <\/strong>mit Ladekontrollleuchte, Ein\/Aus-Schalter, umschaltbar auf Daumen- oder Zeigefingermontage.<\/p>\n<p>&#8211; <strong> Schraubensatz:<\/strong> Stahl ISO 10.9 und kompletter Alu-Spacer-Satz.<\/p>\n<p>&#8211; <strong> Montagekit:<\/strong> Serflex-Set aus Stahl und Kunststoff, Schaumstoff-Rahmenschutz, x1 Satz Anderson Ersatzstecker.<\/p>\n<p>&#8211; <strong> Entwickeltes Drehmoment am Hinterrad: 80 N.m bis 110 N.m<\/strong> (je nach Entwicklung)<\/p>\n<p>&#8211; <strong> Max. Unterst\u00fctzungsgeschwindigkeit:<\/strong> 45Km\/h bis 50km\/h (je nach Bedingungen und \u00dcbersetzung).<\/p>\n<p>&#8211; <strong> H\u00f6chstgeschwindigkeit auf ebener Strecke ohne zu treten: <\/strong> von 35Km\/h bis 40km\/h (je nach Bedingungen und \u00dcbersetzung).<\/p>\n<p>&#8211; <strong> Verbrauch in PIC: <\/strong>30 Ampere<\/p>\n<p>&#8211; <strong> Durchschnittlicher Stromverbrauch im Dauerbetrieb:<\/strong> 12 Ampere<\/p>\n<p>&#8211; <strong> Lautst\u00e4rke bei 150cm: <\/strong>&#8220;Superleise Innenzahnr\u00e4der&#8221; (ca. 60 Dezibel.)<\/p>\n<p>&#8211; <strong> Deko-Kit: Dickes <\/strong>Motocross-Material.<\/p>\n<h2>Vergleich zwischen der klassischen Version und der Pro-Version<\/h2>\n<p><strong>Zun\u00e4chst die Spezifikationen des Pedalboards, wenn Sie die Version &#8220;V4 classic&#8221; w\u00e4hlen:<\/strong><\/p>\n<p>&#8211; Kurbeln: 170 mm Aluminium, lasergraviert, Kettenblatt mit Dicta\u00ae-Freilauf mit 20 Punkten (kein Tretwiderstand).<\/p>\n<p>&#8211; Tretlagerachse: Chromoly 4130, w\u00e4rmebehandelt, auch mit Adaptersatz f\u00fcr Durchmesser 22\/24 , 24 , 29 und 30mm.<\/p>\n<p>Gewicht: ca. 400 Gramm schwerer als das &#8220;Pro&#8221;-Modell<\/p>\n<p><strong><img decoding=\"async\" class=\"alignnone wp-image-4871\" src=\"https:\/\/www.lift-mtb.com\/wp-content\/uploads\/2017\/12\/pedalier-v4-classic.png\" alt=\"Wahl der LIFT-MTB Pedale f\u00fcr Elektrofahrr\u00e4der\" width=\"388\" height=\"219\" srcset=\"https:\/\/www.lift-mtb.com\/wp-content\/uploads\/2017\/12\/pedalier-v4-classic-200x113.png 200w, https:\/\/www.lift-mtb.com\/wp-content\/uploads\/2017\/12\/pedalier-v4-classic-300x169.png 300w, https:\/\/www.lift-mtb.com\/wp-content\/uploads\/2017\/12\/pedalier-v4-classic-400x225.png 400w, https:\/\/www.lift-mtb.com\/wp-content\/uploads\/2017\/12\/pedalier-v4-classic-500x281.png 500w, https:\/\/www.lift-mtb.com\/wp-content\/uploads\/2017\/12\/pedalier-v4-classic-600x338.png 600w, https:\/\/www.lift-mtb.com\/wp-content\/uploads\/2017\/12\/pedalier-v4-classic-700x394.png 700w, https:\/\/www.lift-mtb.com\/wp-content\/uploads\/2017\/12\/pedalier-v4-classic-768x432.png 768w, https:\/\/www.lift-mtb.com\/wp-content\/uploads\/2017\/12\/pedalier-v4-classic-800x450.png 800w, https:\/\/www.lift-mtb.com\/wp-content\/uploads\/2017\/12\/pedalier-v4-classic-1024x576.png 1024w, https:\/\/www.lift-mtb.com\/wp-content\/uploads\/2017\/12\/pedalier-v4-classic-1200x675.png 1200w, https:\/\/www.lift-mtb.com\/wp-content\/uploads\/2017\/12\/pedalier-v4-classic-1536x864.png 1536w, https:\/\/www.lift-mtb.com\/wp-content\/uploads\/2017\/12\/pedalier-v4-classic.png 1920w\" sizes=\"(max-width: 388px) 100vw, 388px\" \/><img decoding=\"async\" class=\"alignleft wp-image-4893\" src=\"https:\/\/www.lift-mtb.com\/wp-content\/uploads\/2017\/12\/cliquets-classic-1.png\" alt=\"\" width=\"201\" height=\"198\" srcset=\"https:\/\/www.lift-mtb.com\/wp-content\/uploads\/2017\/12\/cliquets-classic-1-66x66.png 66w, https:\/\/www.lift-mtb.com\/wp-content\/uploads\/2017\/12\/cliquets-classic-1-200x198.png 200w, https:\/\/www.lift-mtb.com\/wp-content\/uploads\/2017\/12\/cliquets-classic-1-300x296.png 300w, https:\/\/www.lift-mtb.com\/wp-content\/uploads\/2017\/12\/cliquets-classic-1.png 322w\" sizes=\"(max-width: 201px) 100vw, 201px\" \/><\/strong><\/p>\n<p>&nbsp;<\/p>\n<p><strong>In einem zweiten Schritt die Spezifikationen des Pedalboards, wenn Sie sich f\u00fcr die Version &#8220;V4-PRO&#8221; entscheiden:<\/strong><\/p>\n<p>&#8211; Kurbeln: Aluminium 7075T6 CNC-Bearbeitung in Frankreich , mit einem Kettenblatt, das auf einem Pro-Freilauf mit 72 Eingriffspunkten montiert ist (kein Widerstand beim Treten).<\/p>\n<p>&#8211; Tretlagerachse: .chromoly 4130 hohl, w\u00e4rmebehandelt, wird auch mit Adaptersatz mit Durchmesser 22\/24 , 24 , 29 und 30mm geliefert.<\/p>\n<p>-Gewicht: ca. 400 Gramm leichter als das Modell &#8220;CLASSIC&#8221;.<\/p>\n<p><img decoding=\"async\" class=\"alignleft wp-image-4898\" src=\"https:\/\/www.lift-mtb.com\/wp-content\/uploads\/2017\/12\/cliquets-pro-1.png\" alt=\"\" width=\"177\" height=\"170\" srcset=\"https:\/\/www.lift-mtb.com\/wp-content\/uploads\/2017\/12\/cliquets-pro-1-200x192.png 200w, https:\/\/www.lift-mtb.com\/wp-content\/uploads\/2017\/12\/cliquets-pro-1-300x288.png 300w, https:\/\/www.lift-mtb.com\/wp-content\/uploads\/2017\/12\/cliquets-pro-1.png 340w\" sizes=\"(max-width: 177px) 100vw, 177px\" \/><\/p>\n<p><img decoding=\"async\" class=\"alignleft wp-image-10230\" src=\"https:\/\/www.lift-mtb.com\/wp-content\/uploads\/2016\/01\/pedalier-v4-pro.png\" alt=\"\" width=\"356\" height=\"200\" srcset=\"https:\/\/www.lift-mtb.com\/wp-content\/uploads\/2016\/01\/pedalier-v4-pro-200x113.png 200w, https:\/\/www.lift-mtb.com\/wp-content\/uploads\/2016\/01\/pedalier-v4-pro-300x169.png 300w, https:\/\/www.lift-mtb.com\/wp-content\/uploads\/2016\/01\/pedalier-v4-pro-400x225.png 400w, https:\/\/www.lift-mtb.com\/wp-content\/uploads\/2016\/01\/pedalier-v4-pro-500x281.png 500w, https:\/\/www.lift-mtb.com\/wp-content\/uploads\/2016\/01\/pedalier-v4-pro-600x338.png 600w, https:\/\/www.lift-mtb.com\/wp-content\/uploads\/2016\/01\/pedalier-v4-pro-700x394.png 700w, https:\/\/www.lift-mtb.com\/wp-content\/uploads\/2016\/01\/pedalier-v4-pro-768x432.png 768w, https:\/\/www.lift-mtb.com\/wp-content\/uploads\/2016\/01\/pedalier-v4-pro-800x450.png 800w, https:\/\/www.lift-mtb.com\/wp-content\/uploads\/2016\/01\/pedalier-v4-pro-1024x576.png 1024w, https:\/\/www.lift-mtb.com\/wp-content\/uploads\/2016\/01\/pedalier-v4-pro-1200x675.png 1200w, https:\/\/www.lift-mtb.com\/wp-content\/uploads\/2016\/01\/pedalier-v4-pro-1536x864.png 1536w, https:\/\/www.lift-mtb.com\/wp-content\/uploads\/2016\/01\/pedalier-v4-pro.png 1920w\" sizes=\"(max-width: 356px) 100vw, 356px\" \/><\/p>\n<p>&nbsp;<\/p>\n<p>&nbsp;<\/p>\n<p>&nbsp;<\/p>\n<p>&nbsp;<\/p>\n<p>&nbsp;<\/p>\n<p>&nbsp;<\/p>\n<p><b>Finden Sie unten auch Artikel und Videos zum LIFT-MTB internen Tretlagermotor-Kit:<\/b><\/p>\n<ul>\n<li><a href=\"https:\/\/www.youtube.com\/c\/LIFTMTBTV\/videos\">Rollout-Video des Tretlagermotor-Kits <\/a><\/li>\n<li><a href=\"\/?page_id=4437\">FAQ-Rubrik zum Tretlagermotor-Kit <\/a><\/li>\n<\/ul>\n<p><strong>Und schlie\u00dflich, wenn Sie irgendwelche Zweifel haben, wenden Sie sich an uns.<\/strong><\/p>\n<p><strong>ACHTUNG: DAS KIT IST NICHT F\u00dcR OFFENE STRASSEN ZUGELASSEN.<\/strong><\/p>\n","protected":false},"excerpt":{"rendered":"<p>LIFT MTB V4 Tretlagermotor-Kit<\/p>\n<p><strong>Das komplette Set besteht aus :<\/strong><\/p>\n<p>&#8211; <strong> Motor:<\/strong> 36 Volt \/ eingebauter Controller<\/p>\n<p>&#8211; <strong> Halter: <\/strong> 7075 T6 CNC (wahlweise Innen- oder Unterrahmenmontage) Obere Klemmung mit Kabel.<\/p>\n<p>&#8211; <strong> Motorfreilauf:<\/strong> Made in France ohne Tretwiderstand.<\/p>\n<p>&#8211; <strong> Kettenblatt:<\/strong> Raceface narrow wide \u00ae, Aluminium 7075 (30 Z\u00e4hne oder 32 Z\u00e4hne)<\/p>\n<p>&#8211; <strong> Kettenblatt:<\/strong> 1\/2 zu 3\/32 Aluminium 7000 Serie 38 Z\u00e4hne.<\/p>\n<p>&#8211; <strong> Die Prim\u00e4rkette:<\/strong> Typ shimano\u00ae.<\/p>\n<p>&#8211; <strong> Der Kettenspanner:<\/strong> mit abgedichteter, ringf\u00f6rmig gelagerter Laufrolle.<\/p>\n<p>&#8211; <strong> Der Gashebel <\/strong>mit Ladekontrollleuchte, Ein\/Aus-Schalter, umschaltbar auf Daumen- oder Zeigefingermontage.<\/p>\n<p>&#8211; <strong> Schraubensatz:<\/strong> Stahl ISO 10.9 und kompletter Alu-Spacer-Satz.<\/p>\n<p>&#8211; <strong> Montagesatz:<\/strong> Serflex-Set aus Stahl und Kunststoff, Rahmenschutzmaus, x1 Satz Anderson Ersatzstecker.<\/p>\n<p>&#8211; <strong> Entwickeltes Drehmoment am Hinterrad: 80 N.m bis 90 N.m<\/strong> (je nach Entwicklung)<\/p>\n<p>&#8211; <strong> Max. Unterst\u00fctzungsgeschwindigkeit:<\/strong> 45Km\/h bis 50km\/h (je nach Bedingungen und \u00dcbersetzung).<\/p>\n<p>&#8211; <strong> H\u00f6chstgeschwindigkeit auf ebener Strecke ohne zu treten: <\/strong> von 35Km\/h bis 40km\/h (je nach Bedingungen und \u00dcbersetzung).<\/p>\n<p>&#8211; <strong> Verbrauch in PIC: <\/strong>30 Ampere<\/p>\n<p>&#8211; <strong> Durchschnittlicher Stromverbrauch im Dauerbetrieb:<\/strong> 12 Ampere<\/p>\n<p>&#8211; <strong> Lautst\u00e4rke bei 150cm: <\/strong>&#8220;Superleise Innenzahnr\u00e4der&#8221; (ca. 60 Dezibel.)<\/p>\n<p>&#8211; Deko-Kit:<strong> Dickes Motocross-Material.<\/strong><\/p>\n<p><strong>-1- Pedalboard-Spezifikation, wenn Sie die Version &#8220;V4 classic&#8221; w\u00e4hlen:<\/strong><\/p>\n<p>&#8211; Kurbeln: 170 mm ISIS-Aluminium, lasergraviert, Kettenblatt mit Dicta\u00ae-Freilauf mit 20 Punkten (kein Tretwiderstand).<\/p>\n<p>&#8211; Tretlagerachse: ISIS aus Chromoly 4130, w\u00e4rmebehandelt, mit Adaptersatz f\u00fcr 22\/24, 24, 29 und 30 mm Durchmesser.<\/p>\n<p>Gewicht: ca. 250 Gramm schwerer als das &#8220;Pro&#8221;-Modell<\/p>\n<p><strong>-2- Spezifikation des Tretlagers, wenn Sie die Version &#8220;V4-PRO&#8221; w\u00e4hlen:<\/strong><\/p>\n<p>&#8211; Kurbeln: Aluminium 7075T6 CNC-Bearbeitung in Frankreich , mit einem Kettenblatt, das auf einem Pro-Freilauf mit 72 Eingriffspunkten montiert ist (kein Widerstand beim Treten).<\/p>\n<p>&#8211; Tretlagerachse: .chromoly 4130 hohl, w\u00e4rmebehandelt, wird mit einem Satz Adapter mit Durchmessern von 22\/24 , 24 , 29 und 30mm geliefert.<\/p>\n<p>-Gewicht: ca. 250 Gramm leichter als das Modell &#8220;CLASSIC&#8221;.<\/p>\n","protected":false},"featured_media":9755,"comment_status":"open","ping_status":"closed","template":"","meta":[],"product_brand":[],"product_cat":[831],"product_tag":[],"class_list":{"0":"post-39170","1":"product","2":"type-product","3":"status-publish","4":"has-post-thumbnail","6":"product_cat-unsere-vorkonfigurierten-kits","8":"first","9":"instock","10":"sale","11":"taxable","12":"shipping-taxable","13":"purchasable","14":"product-type-simple"},"yoast_head":"<!-- This site is optimized with the Yoast SEO plugin v26.9 - https:\/\/yoast.com\/product\/yoast-seo-wordpress\/ -->\n<title>kit motor pedalboard - LIFT-MTB<\/title>\n<meta name=\"description\" content=\"Tretlagermotor-Kit f\u00fcr LIFT MTB v4 intern, Umbausatz Elektrofahrrad, erm\u00f6glicht es, sein Mountain bikes (MTB) in wenigen Minuten in ein Mountain bikes (MTB) umzuwandeln.\" \/>\n<meta name=\"robots\" content=\"index, follow, max-snippet:-1, max-image-preview:large, max-video-preview:-1\" \/>\n<link rel=\"canonical\" href=\"https:\/\/www.lift-mtb.com\/de\/produit\/test-kit-v4-seul\/\" \/>\n<meta property=\"og:locale\" content=\"de_DE\" \/>\n<meta property=\"og:type\" content=\"article\" \/>\n<meta property=\"og:title\" content=\"kit motor pedalboard - LIFT-MTB\" \/>\n<meta property=\"og:description\" content=\"Tretlagermotor-Kit f\u00fcr LIFT MTB v4 intern, Umbausatz Elektrofahrrad, erm\u00f6glicht es, sein Mountain bikes (MTB) in wenigen Minuten in ein Mountain bikes (MTB) umzuwandeln.\" \/>\n<meta property=\"og:url\" content=\"https:\/\/www.lift-mtb.com\/de\/produit\/test-kit-v4-seul\/\" \/>\n<meta property=\"og:site_name\" content=\"LIFT-MTB\" \/>\n<meta property=\"article:modified_time\" content=\"2023-05-19T14:55:29+00:00\" \/>\n<meta property=\"og:image\" content=\"https:\/\/www.lift-mtb.com\/wp-content\/uploads\/2022\/04\/moteur-velo-classic-interne-1-1.jpg\" \/>\n\t<meta property=\"og:image:width\" content=\"5739\" \/>\n\t<meta property=\"og:image:height\" content=\"3831\" \/>\n\t<meta property=\"og:image:type\" content=\"image\/jpeg\" \/>\n<meta name=\"twitter:card\" content=\"summary_large_image\" \/>\n<meta name=\"twitter:label1\" content=\"Gesch\u00e4tzte Lesezeit\" \/>\n\t<meta name=\"twitter:data1\" content=\"2\u00a0Minuten\" \/>\n<script type=\"application\/ld+json\" class=\"yoast-schema-graph\">{\"@context\":\"https:\/\/schema.org\",\"@graph\":[{\"@type\":\"WebPage\",\"@id\":\"https:\/\/www.lift-mtb.com\/de\/produit\/test-kit-v4-seul\/\",\"url\":\"https:\/\/www.lift-mtb.com\/de\/produit\/test-kit-v4-seul\/\",\"name\":\"kit motor pedalboard - LIFT-MTB\",\"isPartOf\":{\"@id\":\"https:\/\/www.lift-mtb.com\/de\/#website\"},\"primaryImageOfPage\":{\"@id\":\"https:\/\/www.lift-mtb.com\/de\/produit\/test-kit-v4-seul\/#primaryimage\"},\"image\":{\"@id\":\"https:\/\/www.lift-mtb.com\/de\/produit\/test-kit-v4-seul\/#primaryimage\"},\"thumbnailUrl\":\"https:\/\/www.lift-mtb.com\/wp-content\/uploads\/2022\/04\/moteur-velo-classic-interne-1-1.jpg\",\"datePublished\":\"2022-04-21T21:46:11+00:00\",\"dateModified\":\"2023-05-19T14:55:29+00:00\",\"description\":\"Tretlagermotor-Kit f\u00fcr LIFT MTB v4 intern, Umbausatz Elektrofahrrad, erm\u00f6glicht es, sein Mountain bikes (MTB) in wenigen Minuten in ein Mountain bikes (MTB) umzuwandeln.\",\"breadcrumb\":{\"@id\":\"https:\/\/www.lift-mtb.com\/de\/produit\/test-kit-v4-seul\/#breadcrumb\"},\"inLanguage\":\"de\",\"potentialAction\":[{\"@type\":\"ReadAction\",\"target\":[\"https:\/\/www.lift-mtb.com\/de\/produit\/test-kit-v4-seul\/\"]}]},{\"@type\":\"ImageObject\",\"inLanguage\":\"de\",\"@id\":\"https:\/\/www.lift-mtb.com\/de\/produit\/test-kit-v4-seul\/#primaryimage\",\"url\":\"https:\/\/www.lift-mtb.com\/wp-content\/uploads\/2022\/04\/moteur-velo-classic-interne-1-1.jpg\",\"contentUrl\":\"https:\/\/www.lift-mtb.com\/wp-content\/uploads\/2022\/04\/moteur-velo-classic-interne-1-1.jpg\",\"width\":5739,\"height\":3831,\"caption\":\"Kit interner Tretlagermotor\"},{\"@type\":\"BreadcrumbList\",\"@id\":\"https:\/\/www.lift-mtb.com\/de\/produit\/test-kit-v4-seul\/#breadcrumb\",\"itemListElement\":[{\"@type\":\"ListItem\",\"position\":1,\"name\":\"Accueil\",\"item\":\"https:\/\/www.lift-mtb.com\/de\/\"},{\"@type\":\"ListItem\",\"position\":2,\"name\":\"Shop\",\"item\":\"https:\/\/www.lift-mtb.com\/de\/shop\/\"},{\"@type\":\"ListItem\",\"position\":3,\"name\":\"Unsere vorkonfigurierten Kits\",\"item\":\"https:\/\/www.lift-mtb.com\/de\/produkt-kategorie\/unsere-vorkonfigurierten-kits\/\"},{\"@type\":\"ListItem\",\"position\":4,\"name\":\"Kit V4 Intern\"}]},{\"@type\":\"WebSite\",\"@id\":\"https:\/\/www.lift-mtb.com\/de\/#website\",\"url\":\"https:\/\/www.lift-mtb.com\/de\/\",\"name\":\"LIFT-MTB\",\"description\":\"Transformer son v\u00e9lo en \u00e9lectrique rapidement !\",\"publisher\":{\"@id\":\"https:\/\/www.lift-mtb.com\/de\/#organization\"},\"potentialAction\":[{\"@type\":\"SearchAction\",\"target\":{\"@type\":\"EntryPoint\",\"urlTemplate\":\"https:\/\/www.lift-mtb.com\/de\/?s={search_term_string}\"},\"query-input\":{\"@type\":\"PropertyValueSpecification\",\"valueRequired\":true,\"valueName\":\"search_term_string\"}}],\"inLanguage\":\"de\"},{\"@type\":\"Organization\",\"@id\":\"https:\/\/www.lift-mtb.com\/de\/#organization\",\"name\":\"LIFT-MTB\",\"url\":\"https:\/\/www.lift-mtb.com\/de\/\",\"logo\":{\"@type\":\"ImageObject\",\"inLanguage\":\"de\",\"@id\":\"https:\/\/www.lift-mtb.com\/de\/#\/schema\/logo\/image\/\",\"url\":\"https:\/\/www.lift-mtb.com\/wp-content\/uploads\/2022\/01\/electric-kit-for-bike-1.jpg\",\"contentUrl\":\"https:\/\/www.lift-mtb.com\/wp-content\/uploads\/2022\/01\/electric-kit-for-bike-1.jpg\",\"width\":1223,\"height\":560,\"caption\":\"LIFT-MTB\"},\"image\":{\"@id\":\"https:\/\/www.lift-mtb.com\/de\/#\/schema\/logo\/image\/\"}}]}<\/script>\n<!-- \/ Yoast SEO plugin. -->","yoast_head_json":{"title":"kit motor pedalboard - LIFT-MTB","description":"Tretlagermotor-Kit f\u00fcr LIFT MTB v4 intern, Umbausatz Elektrofahrrad, erm\u00f6glicht es, sein Mountain bikes (MTB) in wenigen Minuten in ein Mountain bikes (MTB) umzuwandeln.","robots":{"index":"index","follow":"follow","max-snippet":"max-snippet:-1","max-image-preview":"max-image-preview:large","max-video-preview":"max-video-preview:-1"},"canonical":"https:\/\/www.lift-mtb.com\/de\/produit\/test-kit-v4-seul\/","og_locale":"de_DE","og_type":"article","og_title":"kit motor pedalboard - LIFT-MTB","og_description":"Tretlagermotor-Kit f\u00fcr LIFT MTB v4 intern, Umbausatz Elektrofahrrad, erm\u00f6glicht es, sein Mountain bikes (MTB) in wenigen Minuten in ein Mountain bikes (MTB) umzuwandeln.","og_url":"https:\/\/www.lift-mtb.com\/de\/produit\/test-kit-v4-seul\/","og_site_name":"LIFT-MTB","article_modified_time":"2023-05-19T14:55:29+00:00","og_image":[{"width":5739,"height":3831,"url":"https:\/\/www.lift-mtb.com\/wp-content\/uploads\/2022\/04\/moteur-velo-classic-interne-1-1.jpg","type":"image\/jpeg"}],"twitter_card":"summary_large_image","twitter_misc":{"Gesch\u00e4tzte Lesezeit":"2\u00a0Minuten"},"schema":{"@context":"https:\/\/schema.org","@graph":[{"@type":"WebPage","@id":"https:\/\/www.lift-mtb.com\/de\/produit\/test-kit-v4-seul\/","url":"https:\/\/www.lift-mtb.com\/de\/produit\/test-kit-v4-seul\/","name":"kit motor pedalboard - LIFT-MTB","isPartOf":{"@id":"https:\/\/www.lift-mtb.com\/de\/#website"},"primaryImageOfPage":{"@id":"https:\/\/www.lift-mtb.com\/de\/produit\/test-kit-v4-seul\/#primaryimage"},"image":{"@id":"https:\/\/www.lift-mtb.com\/de\/produit\/test-kit-v4-seul\/#primaryimage"},"thumbnailUrl":"https:\/\/www.lift-mtb.com\/wp-content\/uploads\/2022\/04\/moteur-velo-classic-interne-1-1.jpg","datePublished":"2022-04-21T21:46:11+00:00","dateModified":"2023-05-19T14:55:29+00:00","description":"Tretlagermotor-Kit f\u00fcr LIFT MTB v4 intern, Umbausatz Elektrofahrrad, erm\u00f6glicht es, sein Mountain bikes (MTB) in wenigen Minuten in ein Mountain bikes (MTB) umzuwandeln.","breadcrumb":{"@id":"https:\/\/www.lift-mtb.com\/de\/produit\/test-kit-v4-seul\/#breadcrumb"},"inLanguage":"de","potentialAction":[{"@type":"ReadAction","target":["https:\/\/www.lift-mtb.com\/de\/produit\/test-kit-v4-seul\/"]}]},{"@type":"ImageObject","inLanguage":"de","@id":"https:\/\/www.lift-mtb.com\/de\/produit\/test-kit-v4-seul\/#primaryimage","url":"https:\/\/www.lift-mtb.com\/wp-content\/uploads\/2022\/04\/moteur-velo-classic-interne-1-1.jpg","contentUrl":"https:\/\/www.lift-mtb.com\/wp-content\/uploads\/2022\/04\/moteur-velo-classic-interne-1-1.jpg","width":5739,"height":3831,"caption":"Kit interner Tretlagermotor"},{"@type":"BreadcrumbList","@id":"https:\/\/www.lift-mtb.com\/de\/produit\/test-kit-v4-seul\/#breadcrumb","itemListElement":[{"@type":"ListItem","position":1,"name":"Accueil","item":"https:\/\/www.lift-mtb.com\/de\/"},{"@type":"ListItem","position":2,"name":"Shop","item":"https:\/\/www.lift-mtb.com\/de\/shop\/"},{"@type":"ListItem","position":3,"name":"Unsere vorkonfigurierten Kits","item":"https:\/\/www.lift-mtb.com\/de\/produkt-kategorie\/unsere-vorkonfigurierten-kits\/"},{"@type":"ListItem","position":4,"name":"Kit V4 Intern"}]},{"@type":"WebSite","@id":"https:\/\/www.lift-mtb.com\/de\/#website","url":"https:\/\/www.lift-mtb.com\/de\/","name":"LIFT-MTB","description":"Transformer son v\u00e9lo en \u00e9lectrique rapidement !","publisher":{"@id":"https:\/\/www.lift-mtb.com\/de\/#organization"},"potentialAction":[{"@type":"SearchAction","target":{"@type":"EntryPoint","urlTemplate":"https:\/\/www.lift-mtb.com\/de\/?s={search_term_string}"},"query-input":{"@type":"PropertyValueSpecification","valueRequired":true,"valueName":"search_term_string"}}],"inLanguage":"de"},{"@type":"Organization","@id":"https:\/\/www.lift-mtb.com\/de\/#organization","name":"LIFT-MTB","url":"https:\/\/www.lift-mtb.com\/de\/","logo":{"@type":"ImageObject","inLanguage":"de","@id":"https:\/\/www.lift-mtb.com\/de\/#\/schema\/logo\/image\/","url":"https:\/\/www.lift-mtb.com\/wp-content\/uploads\/2022\/01\/electric-kit-for-bike-1.jpg","contentUrl":"https:\/\/www.lift-mtb.com\/wp-content\/uploads\/2022\/01\/electric-kit-for-bike-1.jpg","width":1223,"height":560,"caption":"LIFT-MTB"},"image":{"@id":"https:\/\/www.lift-mtb.com\/de\/#\/schema\/logo\/image\/"}}]}},"_links":{"self":[{"href":"https:\/\/www.lift-mtb.com\/de\/wp-json\/wp\/v2\/product\/39170","targetHints":{"allow":["GET"]}}],"collection":[{"href":"https:\/\/www.lift-mtb.com\/de\/wp-json\/wp\/v2\/product"}],"about":[{"href":"https:\/\/www.lift-mtb.com\/de\/wp-json\/wp\/v2\/types\/product"}],"replies":[{"embeddable":true,"href":"https:\/\/www.lift-mtb.com\/de\/wp-json\/wp\/v2\/comments?post=39170"}],"wp:featuredmedia":[{"embeddable":true,"href":"https:\/\/www.lift-mtb.com\/de\/wp-json\/wp\/v2\/media\/9755"}],"wp:attachment":[{"href":"https:\/\/www.lift-mtb.com\/de\/wp-json\/wp\/v2\/media?parent=39170"}],"wp:term":[{"taxonomy":"product_brand","embeddable":true,"href":"https:\/\/www.lift-mtb.com\/de\/wp-json\/wp\/v2\/product_brand?post=39170"},{"taxonomy":"product_cat","embeddable":true,"href":"https:\/\/www.lift-mtb.com\/de\/wp-json\/wp\/v2\/product_cat?post=39170"},{"taxonomy":"product_tag","embeddable":true,"href":"https:\/\/www.lift-mtb.com\/de\/wp-json\/wp\/v2\/product_tag?post=39170"}],"curies":[{"name":"wp","href":"https:\/\/api.w.org\/{rel}","templated":true}]}}