{"id":39310,"date":"2022-08-25T12:21:23","date_gmt":"2022-08-25T10:21:23","guid":{"rendered":"https:\/produit\/verstaerkte-sekundaerkette-fuer-elektrofahrraeder\/"},"modified":"2023-08-17T20:35:41","modified_gmt":"2023-08-17T18:35:41","slug":"kette-verstarkung-fur-elektrofahrrader","status":"publish","type":"product","link":"https:\/\/www.lift-mtb.com\/de\/produit\/kette-verstarkung-fur-elektrofahrrader\/","title":{"rendered":"Sekund\u00e4r verst\u00e4rkte Kette f\u00fcr Elektrofahrr\u00e4der"},"content":{"rendered":"<p>Sekund\u00e4r verst\u00e4rkte Kette f\u00fcr<a href=\"https:\/\/www.youtube.com\/@LIFTMTBTV\" target=\"_blank\" rel=\"nofollow noopener\"> Mountain bikes (MTB)<\/a> und Rennrad, ist die Kette, die von den Kettenbl\u00e4ttern bis zu den Ritzeln der hinteren K7 reicht und in 8,9,10,11,12 G\u00e4ngen erh\u00e4ltlich ist.<\/p>\n<p>wie w\u00e4hle ich eine verst\u00e4rkte Sekund\u00e4rkette f\u00fcr den Antrieb meines Elektrofahrrads?<\/p>\n<p>Oder, wie k\u00f6nnen Sie herausfinden, wie viele G\u00e4nge Ihr Elektrofahrrad oder Ihr Fahrrad mit einem abnehmbaren Elektromotor hat? Es ist ganz einfach, die Ritzel am Hinterrad zu z\u00e4hlen.<\/p>\n<p>Dann k\u00f6nnen Sie sicher sein, dass die verst\u00e4rkte Kette f\u00fcr das Elektrofahrrad kompatibel ist.<\/p>\n<p>Langlebiger als eine herk\u00f6mmliche Fahrradkette, ideal f\u00fcr einen <a href=\"https:\/transmission-moteur-de-vtt-electrique\/\" target=\"_blank\" rel=\"nofollow noopener\"> Tretlagermotor<\/a> beim Umbau eines Fahrrads auf ein Elektrofahrrad oder um die Kette an Ihrem Elektrofahrrad zu ersetzen.<\/p>\n<p>Welche ist die beste Kette f\u00fcr ein Elektrofahrrad? ist es sinnvoll, eine verst\u00e4rkte Kette in ein Elektrofahrrad einzubauen?<\/p>\n<div>Wir antworten, dass Sie bei einem Kettenwechsel an einem<b> Elektrofahrrad<\/b> oder bei einem Wechsel der Kette an einem Elektrofahrrad in der Regel eine verst\u00e4rkte Kette speziell f\u00fcr Elektrofahrr\u00e4der verwenden sollten.<\/div>\n<h4 dir=\"ltr\" data-setdir=\"false\">Wie lang ist die Lebensdauer einer Kette bei einem Elektrofahrrad? Wann sollte man die Kette eines Elektrofahrrads wechseln?<\/h4>\n<div dir=\"ltr\" data-setdir=\"false\">Nat\u00fcrlich ist es unterschiedlich, ob du mit einem <b>normalen Fahrrad, das zu einem Elektrofahrrad umgebaut<\/b> wurde, oder einem anderen Fahrrad f\u00e4hrst. Das h\u00e4ngt von der Verwendung und den Bedingungen (Schlamm, Sand&#8230;) ab, aber in der Regel liegt die Reichweite bei 3000 bis 5000 km.<\/div>\n<p>Wenn Sie die Kassette (die hinteren Zahnkr\u00e4nze Ihres Fahrrads) gegen <a href=\"https:\/transmission-moteur-de-vtt-electrique\/\">ein Modell mit gr\u00f6\u00dferen Zahnkr\u00e4nzen<\/a> austauschen, aber mit der gleichen Anzahl an G\u00e4ngen, um mehr Drehmoment mit Ihrem Elektromotor f\u00fcr Ihr Fahrrad zu haben. Es wird wichtig sein, die Sekund\u00e4rkette zu \u00e4ndern.<\/p>\n<p>Zum einen, weil der Antrieb eine l\u00e4ngere verst\u00e4rkte Kette f\u00fcr das Elektrofahrrad erfordert, zum anderen aber auch, damit Ihre alte Kette nicht das Kettenblatt des Fahrradmotorsatzes oder die k7 besch\u00e4digt.<\/p>\n<p>Der Schnellspanner wird mit einer Technologie geliefert, die der <strong>SRAM-Kette<\/strong> &#8220;Quick Link&#8221; \u00e4hnelt und im Vergleich zum <strong>verst\u00e4rkten Ketten system f\u00fcr SHIMANO-Elektrofahrr\u00e4der<\/strong> viel praktischer ist.<\/p>\n<p>Der spezifische Schnellspanner f\u00fcr Elektrofahrr\u00e4der ist wichtig, damit er nicht das schw\u00e4chste Glied ist!<\/p>\n<p>Das ist f\u00fcr die Leistung eines Elektrofahrrads ausgelegt, damit Sie es schnell an- und ausziehen k\u00f6nnen, aber auch, damit alle Glieder der Kette gleich stark sind und Sie lange Fahrten mit dem Elektrofahrrad machen k\u00f6nnen. <a href=\"https:\/\/www.youtube.com\/watch?v=HNpLi9q6chE&amp;t=3s\"><br \/>\n  <strong>motorisiertes Elektrofahrrad<\/strong><br \/>\n<\/a> in aller Ruhe!<\/p>\n","protected":false},"excerpt":{"rendered":"<p><strong>Beschreibung:<\/strong><\/p>\n<ul>\n<li><span class=\"f7rl1if4 adechonz f6oz4yja dahkl6ri axrg9lpx rufpak1n qtovjlwq qbmienfq rfyhaz4c rdmi1yqr ohrdq8us nswx41af fawcizw8 l1aqi3e3 sdu1flz4\">Verst\u00e4rkte, robuste Kette f\u00fcr Elektrofahrr\u00e4der.  <\/span><\/li>\n<li><span class=\"f7rl1if4 adechonz f6oz4yja dahkl6ri axrg9lpx rufpak1n qtovjlwq qbmienfq rfyhaz4c rdmi1yqr ohrdq8us nswx41af fawcizw8 l1aqi3e3 sdu1flz4\">Das spezielle Design der \u00e4u\u00dferen Kettenglieder sorgt daf\u00fcr, dass die G\u00e4nge schnell, pr\u00e4zise, leise und reibungslos geschaltet werden k\u00f6nnen.  <\/span><\/li>\n<li><span class=\"f7rl1if4 adechonz f6oz4yja dahkl6ri axrg9lpx rufpak1n qtovjlwq qbmienfq rfyhaz4c rdmi1yqr ohrdq8us nswx41af fawcizw8 l1aqi3e3 sdu1flz4\">Einfache Montage mit dem mitgelieferten &#8220;Quick Lick&#8221;-Schnellverschluss.<\/span><\/li>\n<li><span class=\"f7rl1if4 adechonz f6oz4yja dahkl6ri axrg9lpx rufpak1n qtovjlwq qbmienfq rfyhaz4c rdmi1yqr ohrdq8us nswx41af fawcizw8 l1aqi3e3 sdu1flz4\">  Verst\u00e4rkte Kette 9\/10\/11\/12 G\u00e4nge.<\/span><\/li>\n<li>ideal f\u00fcr elektrische Tretlagermotoren oder Elektrofahrr\u00e4der<\/li>\n<\/ul>\n","protected":false},"featured_media":35565,"comment_status":"open","ping_status":"closed","template":"","meta":[],"product_brand":[],"product_cat":[844],"product_tag":[],"class_list":{"0":"post-39310","1":"product","2":"type-product","3":"status-publish","4":"has-post-thumbnail","6":"product_cat-tretlagerteile-de","8":"first","9":"instock","10":"taxable","11":"shipping-taxable","12":"purchasable","13":"product-type-variable"},"yoast_head":"<!-- This site is optimized with the Yoast SEO plugin v26.9 - https:\/\/yoast.com\/product\/yoast-seo-wordpress\/ -->\n<title>verst\u00e4rkter String - LIFT-MTB<\/title>\n<meta name=\"description\" content=\"Verst\u00e4rkte Kette f\u00fcr Elektrofahrr\u00e4der, erm\u00f6glicht pr\u00e4zise und effiziente Schaltvorg\u00e4nge, erh\u00e4ltlich f\u00fcr 9 \/ 10 \/11 \/12 G\u00e4nge, Kette f\u00fcr Bafang, LIFT MTB\" \/>\n<meta name=\"robots\" content=\"index, follow, max-snippet:-1, max-image-preview:large, max-video-preview:-1\" \/>\n<link rel=\"canonical\" href=\"https:\/\/www.lift-mtb.com\/de\/produit\/kette-verstarkung-fur-elektrofahrrader\/\" \/>\n<meta property=\"og:locale\" content=\"de_DE\" \/>\n<meta property=\"og:type\" content=\"article\" \/>\n<meta property=\"og:title\" content=\"verst\u00e4rkter String - LIFT-MTB\" \/>\n<meta property=\"og:description\" content=\"Verst\u00e4rkte Kette f\u00fcr Elektrofahrr\u00e4der, erm\u00f6glicht pr\u00e4zise und effiziente Schaltvorg\u00e4nge, erh\u00e4ltlich f\u00fcr 9 \/ 10 \/11 \/12 G\u00e4nge, Kette f\u00fcr Bafang, LIFT MTB\" \/>\n<meta property=\"og:url\" content=\"https:\/\/www.lift-mtb.com\/de\/produit\/kette-verstarkung-fur-elektrofahrrader\/\" \/>\n<meta property=\"og:site_name\" content=\"LIFT-MTB\" \/>\n<meta property=\"article:modified_time\" content=\"2023-08-17T18:35:41+00:00\" \/>\n<meta property=\"og:image\" content=\"https:\/\/www.lift-mtb.com\/wp-content\/uploads\/2022\/08\/capture-decran-2022-08-25-a-12-24-45.png\" \/>\n\t<meta property=\"og:image:width\" content=\"1408\" \/>\n\t<meta property=\"og:image:height\" content=\"1224\" \/>\n\t<meta property=\"og:image:type\" content=\"image\/png\" \/>\n<meta name=\"twitter:card\" content=\"summary_large_image\" \/>\n<meta name=\"twitter:label1\" content=\"Gesch\u00e4tzte Lesezeit\" \/>\n\t<meta name=\"twitter:data1\" content=\"2\u00a0Minuten\" \/>\n<script type=\"application\/ld+json\" class=\"yoast-schema-graph\">{\"@context\":\"https:\/\/schema.org\",\"@graph\":[{\"@type\":\"WebPage\",\"@id\":\"https:\/\/www.lift-mtb.com\/de\/produit\/kette-verstarkung-fur-elektrofahrrader\/\",\"url\":\"https:\/\/www.lift-mtb.com\/de\/produit\/kette-verstarkung-fur-elektrofahrrader\/\",\"name\":\"verst\u00e4rkter String - LIFT-MTB\",\"isPartOf\":{\"@id\":\"https:\/\/www.lift-mtb.com\/de\/#website\"},\"primaryImageOfPage\":{\"@id\":\"https:\/\/www.lift-mtb.com\/de\/produit\/kette-verstarkung-fur-elektrofahrrader\/#primaryimage\"},\"image\":{\"@id\":\"https:\/\/www.lift-mtb.com\/de\/produit\/kette-verstarkung-fur-elektrofahrrader\/#primaryimage\"},\"thumbnailUrl\":\"https:\/\/www.lift-mtb.com\/wp-content\/uploads\/2022\/08\/capture-decran-2022-08-25-a-12-24-45.png\",\"datePublished\":\"2022-08-25T10:21:23+00:00\",\"dateModified\":\"2023-08-17T18:35:41+00:00\",\"description\":\"Verst\u00e4rkte Kette f\u00fcr Elektrofahrr\u00e4der, erm\u00f6glicht pr\u00e4zise und effiziente Schaltvorg\u00e4nge, erh\u00e4ltlich f\u00fcr 9 \/ 10 \/11 \/12 G\u00e4nge, Kette f\u00fcr Bafang, LIFT MTB\",\"breadcrumb\":{\"@id\":\"https:\/\/www.lift-mtb.com\/de\/produit\/kette-verstarkung-fur-elektrofahrrader\/#breadcrumb\"},\"inLanguage\":\"de\",\"potentialAction\":[{\"@type\":\"ReadAction\",\"target\":[\"https:\/\/www.lift-mtb.com\/de\/produit\/kette-verstarkung-fur-elektrofahrrader\/\"]}]},{\"@type\":\"ImageObject\",\"inLanguage\":\"de\",\"@id\":\"https:\/\/www.lift-mtb.com\/de\/produit\/kette-verstarkung-fur-elektrofahrrader\/#primaryimage\",\"url\":\"https:\/\/www.lift-mtb.com\/wp-content\/uploads\/2022\/08\/capture-decran-2022-08-25-a-12-24-45.png\",\"contentUrl\":\"https:\/\/www.lift-mtb.com\/wp-content\/uploads\/2022\/08\/capture-decran-2022-08-25-a-12-24-45.png\",\"width\":1408,\"height\":1224,\"caption\":\"chaine secondaire lift\"},{\"@type\":\"BreadcrumbList\",\"@id\":\"https:\/\/www.lift-mtb.com\/de\/produit\/kette-verstarkung-fur-elektrofahrrader\/#breadcrumb\",\"itemListElement\":[{\"@type\":\"ListItem\",\"position\":1,\"name\":\"Accueil\",\"item\":\"https:\/\/www.lift-mtb.com\/de\/\"},{\"@type\":\"ListItem\",\"position\":2,\"name\":\"Shop\",\"item\":\"https:\/\/www.lift-mtb.com\/de\/shop\/\"},{\"@type\":\"ListItem\",\"position\":3,\"name\":\"Ersatzteile\",\"item\":\"https:\/\/www.lift-mtb.com\/de\/produkt-kategorie\/ersatzteile\/\"},{\"@type\":\"ListItem\",\"position\":4,\"name\":\"Tretlagerteile\",\"item\":\"https:\/\/www.lift-mtb.com\/de\/produkt-kategorie\/ersatzteile\/tretlagerteile-de\/\"},{\"@type\":\"ListItem\",\"position\":5,\"name\":\"Sekund\u00e4r verst\u00e4rkte Kette f\u00fcr Elektrofahrr\u00e4der\"}]},{\"@type\":\"WebSite\",\"@id\":\"https:\/\/www.lift-mtb.com\/de\/#website\",\"url\":\"https:\/\/www.lift-mtb.com\/de\/\",\"name\":\"LIFT-MTB\",\"description\":\"Transformer son v\u00e9lo en \u00e9lectrique rapidement !\",\"publisher\":{\"@id\":\"https:\/\/www.lift-mtb.com\/de\/#organization\"},\"potentialAction\":[{\"@type\":\"SearchAction\",\"target\":{\"@type\":\"EntryPoint\",\"urlTemplate\":\"https:\/\/www.lift-mtb.com\/de\/?s={search_term_string}\"},\"query-input\":{\"@type\":\"PropertyValueSpecification\",\"valueRequired\":true,\"valueName\":\"search_term_string\"}}],\"inLanguage\":\"de\"},{\"@type\":\"Organization\",\"@id\":\"https:\/\/www.lift-mtb.com\/de\/#organization\",\"name\":\"LIFT-MTB\",\"url\":\"https:\/\/www.lift-mtb.com\/de\/\",\"logo\":{\"@type\":\"ImageObject\",\"inLanguage\":\"de\",\"@id\":\"https:\/\/www.lift-mtb.com\/de\/#\/schema\/logo\/image\/\",\"url\":\"https:\/\/www.lift-mtb.com\/wp-content\/uploads\/2022\/01\/electric-kit-for-bike-1.jpg\",\"contentUrl\":\"https:\/\/www.lift-mtb.com\/wp-content\/uploads\/2022\/01\/electric-kit-for-bike-1.jpg\",\"width\":1223,\"height\":560,\"caption\":\"LIFT-MTB\"},\"image\":{\"@id\":\"https:\/\/www.lift-mtb.com\/de\/#\/schema\/logo\/image\/\"}}]}<\/script>\n<!-- \/ Yoast SEO plugin. -->","yoast_head_json":{"title":"verst\u00e4rkter String - LIFT-MTB","description":"Verst\u00e4rkte Kette f\u00fcr Elektrofahrr\u00e4der, erm\u00f6glicht pr\u00e4zise und effiziente Schaltvorg\u00e4nge, erh\u00e4ltlich f\u00fcr 9 \/ 10 \/11 \/12 G\u00e4nge, Kette f\u00fcr Bafang, LIFT MTB","robots":{"index":"index","follow":"follow","max-snippet":"max-snippet:-1","max-image-preview":"max-image-preview:large","max-video-preview":"max-video-preview:-1"},"canonical":"https:\/\/www.lift-mtb.com\/de\/produit\/kette-verstarkung-fur-elektrofahrrader\/","og_locale":"de_DE","og_type":"article","og_title":"verst\u00e4rkter String - LIFT-MTB","og_description":"Verst\u00e4rkte Kette f\u00fcr Elektrofahrr\u00e4der, erm\u00f6glicht pr\u00e4zise und effiziente Schaltvorg\u00e4nge, erh\u00e4ltlich f\u00fcr 9 \/ 10 \/11 \/12 G\u00e4nge, Kette f\u00fcr Bafang, LIFT MTB","og_url":"https:\/\/www.lift-mtb.com\/de\/produit\/kette-verstarkung-fur-elektrofahrrader\/","og_site_name":"LIFT-MTB","article_modified_time":"2023-08-17T18:35:41+00:00","og_image":[{"width":1408,"height":1224,"url":"https:\/\/www.lift-mtb.com\/wp-content\/uploads\/2022\/08\/capture-decran-2022-08-25-a-12-24-45.png","type":"image\/png"}],"twitter_card":"summary_large_image","twitter_misc":{"Gesch\u00e4tzte Lesezeit":"2\u00a0Minuten"},"schema":{"@context":"https:\/\/schema.org","@graph":[{"@type":"WebPage","@id":"https:\/\/www.lift-mtb.com\/de\/produit\/kette-verstarkung-fur-elektrofahrrader\/","url":"https:\/\/www.lift-mtb.com\/de\/produit\/kette-verstarkung-fur-elektrofahrrader\/","name":"verst\u00e4rkter String - LIFT-MTB","isPartOf":{"@id":"https:\/\/www.lift-mtb.com\/de\/#website"},"primaryImageOfPage":{"@id":"https:\/\/www.lift-mtb.com\/de\/produit\/kette-verstarkung-fur-elektrofahrrader\/#primaryimage"},"image":{"@id":"https:\/\/www.lift-mtb.com\/de\/produit\/kette-verstarkung-fur-elektrofahrrader\/#primaryimage"},"thumbnailUrl":"https:\/\/www.lift-mtb.com\/wp-content\/uploads\/2022\/08\/capture-decran-2022-08-25-a-12-24-45.png","datePublished":"2022-08-25T10:21:23+00:00","dateModified":"2023-08-17T18:35:41+00:00","description":"Verst\u00e4rkte Kette f\u00fcr Elektrofahrr\u00e4der, erm\u00f6glicht pr\u00e4zise und effiziente Schaltvorg\u00e4nge, erh\u00e4ltlich f\u00fcr 9 \/ 10 \/11 \/12 G\u00e4nge, Kette f\u00fcr Bafang, LIFT MTB","breadcrumb":{"@id":"https:\/\/www.lift-mtb.com\/de\/produit\/kette-verstarkung-fur-elektrofahrrader\/#breadcrumb"},"inLanguage":"de","potentialAction":[{"@type":"ReadAction","target":["https:\/\/www.lift-mtb.com\/de\/produit\/kette-verstarkung-fur-elektrofahrrader\/"]}]},{"@type":"ImageObject","inLanguage":"de","@id":"https:\/\/www.lift-mtb.com\/de\/produit\/kette-verstarkung-fur-elektrofahrrader\/#primaryimage","url":"https:\/\/www.lift-mtb.com\/wp-content\/uploads\/2022\/08\/capture-decran-2022-08-25-a-12-24-45.png","contentUrl":"https:\/\/www.lift-mtb.com\/wp-content\/uploads\/2022\/08\/capture-decran-2022-08-25-a-12-24-45.png","width":1408,"height":1224,"caption":"chaine secondaire lift"},{"@type":"BreadcrumbList","@id":"https:\/\/www.lift-mtb.com\/de\/produit\/kette-verstarkung-fur-elektrofahrrader\/#breadcrumb","itemListElement":[{"@type":"ListItem","position":1,"name":"Accueil","item":"https:\/\/www.lift-mtb.com\/de\/"},{"@type":"ListItem","position":2,"name":"Shop","item":"https:\/\/www.lift-mtb.com\/de\/shop\/"},{"@type":"ListItem","position":3,"name":"Ersatzteile","item":"https:\/\/www.lift-mtb.com\/de\/produkt-kategorie\/ersatzteile\/"},{"@type":"ListItem","position":4,"name":"Tretlagerteile","item":"https:\/\/www.lift-mtb.com\/de\/produkt-kategorie\/ersatzteile\/tretlagerteile-de\/"},{"@type":"ListItem","position":5,"name":"Sekund\u00e4r verst\u00e4rkte Kette f\u00fcr Elektrofahrr\u00e4der"}]},{"@type":"WebSite","@id":"https:\/\/www.lift-mtb.com\/de\/#website","url":"https:\/\/www.lift-mtb.com\/de\/","name":"LIFT-MTB","description":"Transformer son v\u00e9lo en \u00e9lectrique rapidement !","publisher":{"@id":"https:\/\/www.lift-mtb.com\/de\/#organization"},"potentialAction":[{"@type":"SearchAction","target":{"@type":"EntryPoint","urlTemplate":"https:\/\/www.lift-mtb.com\/de\/?s={search_term_string}"},"query-input":{"@type":"PropertyValueSpecification","valueRequired":true,"valueName":"search_term_string"}}],"inLanguage":"de"},{"@type":"Organization","@id":"https:\/\/www.lift-mtb.com\/de\/#organization","name":"LIFT-MTB","url":"https:\/\/www.lift-mtb.com\/de\/","logo":{"@type":"ImageObject","inLanguage":"de","@id":"https:\/\/www.lift-mtb.com\/de\/#\/schema\/logo\/image\/","url":"https:\/\/www.lift-mtb.com\/wp-content\/uploads\/2022\/01\/electric-kit-for-bike-1.jpg","contentUrl":"https:\/\/www.lift-mtb.com\/wp-content\/uploads\/2022\/01\/electric-kit-for-bike-1.jpg","width":1223,"height":560,"caption":"LIFT-MTB"},"image":{"@id":"https:\/\/www.lift-mtb.com\/de\/#\/schema\/logo\/image\/"}}]}},"_links":{"self":[{"href":"https:\/\/www.lift-mtb.com\/de\/wp-json\/wp\/v2\/product\/39310","targetHints":{"allow":["GET"]}}],"collection":[{"href":"https:\/\/www.lift-mtb.com\/de\/wp-json\/wp\/v2\/product"}],"about":[{"href":"https:\/\/www.lift-mtb.com\/de\/wp-json\/wp\/v2\/types\/product"}],"replies":[{"embeddable":true,"href":"https:\/\/www.lift-mtb.com\/de\/wp-json\/wp\/v2\/comments?post=39310"}],"wp:featuredmedia":[{"embeddable":true,"href":"https:\/\/www.lift-mtb.com\/de\/wp-json\/wp\/v2\/media\/35565"}],"wp:attachment":[{"href":"https:\/\/www.lift-mtb.com\/de\/wp-json\/wp\/v2\/media?parent=39310"}],"wp:term":[{"taxonomy":"product_brand","embeddable":true,"href":"https:\/\/www.lift-mtb.com\/de\/wp-json\/wp\/v2\/product_brand?post=39310"},{"taxonomy":"product_cat","embeddable":true,"href":"https:\/\/www.lift-mtb.com\/de\/wp-json\/wp\/v2\/product_cat?post=39310"},{"taxonomy":"product_tag","embeddable":true,"href":"https:\/\/www.lift-mtb.com\/de\/wp-json\/wp\/v2\/product_tag?post=39310"}],"curies":[{"name":"wp","href":"https:\/\/api.w.org\/{rel}","templated":true}]}}