{"id":39363,"date":"2022-02-24T14:38:25","date_gmt":"2022-02-24T13:38:25","guid":{"rendered":"https:\/produit\/feuerfester-beutel-fuer-batterien\/"},"modified":"2024-06-06T00:37:52","modified_gmt":"2024-06-05T22:37:52","slug":"tasche-ignifikant-fur-batterien","status":"publish","type":"product","link":"https:\/\/www.lift-mtb.com\/de\/produit\/tasche-ignifikant-fur-batterien\/","title":{"rendered":"Feuerfester Beutel f\u00fcr Batterien"},"content":{"rendered":"<p><strong>Feuerfester Beutel f\u00fcr Batterien<\/strong><\/p>\n<p>Nat\u00fcrlich. Brauchen Sie eine robuste und stilvolle feuerfeste Outdoor-Akkutasche f\u00fcr Ihr Elektrofahrrad? Wenn ja, dann ist diese feuerfeste schwarze Schlagzeugtasche mit Klettverschluss genau das Richtige f\u00fcr Sie.<\/p>\n<div dir=\"ltr\"><\/div>\n<div>Hergestellt aus schwarzem, flammhemmendem Stoff mit hoher Dichte und einer mehrschichtigen Konstruktion. Diese Batterietasche wurde entwickelt, um Ihrem wertvollen Akku f\u00fcr Elektrofahrr\u00e4der optimalen Schutz zu bieten. Es wird mit einem robusten und leicht zu bedienenden Klettverschluss geliefert, der ein Ausrutschen oder einen unerwarteten Sturz verhindert.<\/div>\n<div><\/div>\n<div>Noch besser: Die Akkutasche ist mit Doppeln\u00e4hten f\u00fcr ultimative Sicherheit und langfristigen Schutz konzipiert. Diese Tasche ist die einzige, die gleichzeitig optimalen Schutz und Bequemlichkeit bietet. Dies ist eine gute Wahl, wenn Sie mit Ihrem Elektrofahrrad lange mit dem<a href=\"https:\/\/www.youtube.com\/watch?v=4lZmxDP_WwU\"> Akku<\/a> fahren m\u00fcssen.<\/div>\n<div>\n<div><\/div>\n<div><\/div>\n<div>Hergestellt aus sehr robusten Materialien f\u00fcr konstante Zuverl\u00e4ssigkeit und eine lange Lebensdauer. Diese feuerfeste schwarze Tasche mit schwarzem Klettverschluss ist das ideale Accessoire f\u00fcr Ihre Reisen mit dem Elektrofahrrad. Die robuste Konstruktion und das ergonomische Design erm\u00f6glichen einen subtilen und sicheren Transport. Verwenden Sie diese Tasche, um Ihren wertvollen Akku f\u00fcr Ihr Elektrofahrrad <a href=\"https:\/entretien-du-moteur\/\">sicher<\/a> zu transportieren.<\/div>\n<div id=\"yiv1624593109ms-outlook-mobile-signature\"><\/div>\n<\/div>\n<div dir=\"ltr\"><\/div>\n<p>Sie suchen nach einer robusten und eleganten schwarzen feuerfesten Akkutasche mit Klettverschluss f\u00fcr Ihr Elektrofahrrad? Dann ist diese schwarze Schlagzeugtasche mit Klettverschluss genau das Richtige f\u00fcr Sie. Er ist so konzipiert, dass er optimalen Schutz und Bequemlichkeit von langer Dauer bietet. Sie ist die perfekte Wahl f\u00fcr E-Bike-Fans, die Wert auf optimalen Schutz und Bequemlichkeit legen.<\/p>\n","protected":false},"excerpt":{"rendered":"<p><strong>Beschreibung:<\/strong><\/p>\n<ul>\n<li>Erh\u00e4ltlich in verschiedenen Gr\u00f6\u00dfen, je nach dem Format Ihres Schlagzeugs (flach oder quadratisch).<\/li>\n<li>Feuerfeste Tasche auch wasserfest.<\/li>\n<\/ul>\n","protected":false},"featured_media":8401,"comment_status":"open","ping_status":"closed","template":"","meta":[],"product_brand":[],"product_cat":[836,848],"product_tag":[],"class_list":{"0":"post-39363","1":"product","2":"type-product","3":"status-publish","4":"has-post-thumbnail","6":"product_cat-ersatzteile","7":"product_cat-elektronische-muenzen","9":"first","10":"instock","11":"taxable","12":"shipping-taxable","13":"purchasable","14":"product-type-variable"},"yoast_head":"<!-- This site is optimized with the Yoast SEO plugin v26.9 - https:\/\/yoast.com\/product\/yoast-seo-wordpress\/ -->\n<title>Feuerfeste Tasche f\u00fcr Batterien - Tasche Feuerschutz .<\/title>\n<meta name=\"description\" content=\"Feuerfester Beutel f\u00fcr - Erh\u00e4ltlich in verschiedenen Gr\u00f6\u00dfen, je nach Format Ihrer Batterie. Feuerfeste Tasche auch wasserfest.\" \/>\n<meta name=\"robots\" content=\"index, follow, max-snippet:-1, max-image-preview:large, max-video-preview:-1\" \/>\n<link rel=\"canonical\" href=\"https:\/\/www.lift-mtb.com\/de\/produit\/tasche-ignifikant-fur-batterien\/\" \/>\n<meta property=\"og:locale\" content=\"de_DE\" \/>\n<meta property=\"og:type\" content=\"article\" \/>\n<meta property=\"og:title\" content=\"Feuerfeste Tasche f\u00fcr Batterien - Tasche Feuerschutz .\" \/>\n<meta property=\"og:description\" content=\"Feuerfester Beutel f\u00fcr - Erh\u00e4ltlich in verschiedenen Gr\u00f6\u00dfen, je nach Format Ihrer Batterie. Feuerfeste Tasche auch wasserfest.\" \/>\n<meta property=\"og:url\" content=\"https:\/\/www.lift-mtb.com\/de\/produit\/tasche-ignifikant-fur-batterien\/\" \/>\n<meta property=\"og:site_name\" content=\"LIFT-MTB\" \/>\n<meta property=\"article:modified_time\" content=\"2024-06-05T22:37:52+00:00\" \/>\n<meta property=\"og:image\" content=\"https:\/\/www.lift-mtb.com\/wp-content\/uploads\/2022\/02\/batterie-vttae-lift-mtb-17-4ah-sac-ignifuge-vtt-electrique-1.jpg\" \/>\n\t<meta property=\"og:image:width\" content=\"4928\" \/>\n\t<meta property=\"og:image:height\" content=\"3264\" \/>\n\t<meta property=\"og:image:type\" content=\"image\/jpeg\" \/>\n<meta name=\"twitter:card\" content=\"summary_large_image\" \/>\n<meta name=\"twitter:label1\" content=\"Gesch\u00e4tzte Lesezeit\" \/>\n\t<meta name=\"twitter:data1\" content=\"1\u00a0Minute\" \/>\n<script type=\"application\/ld+json\" class=\"yoast-schema-graph\">{\"@context\":\"https:\/\/schema.org\",\"@graph\":[{\"@type\":\"WebPage\",\"@id\":\"https:\/\/www.lift-mtb.com\/de\/produit\/tasche-ignifikant-fur-batterien\/\",\"url\":\"https:\/\/www.lift-mtb.com\/de\/produit\/tasche-ignifikant-fur-batterien\/\",\"name\":\"Feuerfeste Tasche f\u00fcr Batterien - Tasche Feuerschutz .\",\"isPartOf\":{\"@id\":\"https:\/\/www.lift-mtb.com\/de\/#website\"},\"primaryImageOfPage\":{\"@id\":\"https:\/\/www.lift-mtb.com\/de\/produit\/tasche-ignifikant-fur-batterien\/#primaryimage\"},\"image\":{\"@id\":\"https:\/\/www.lift-mtb.com\/de\/produit\/tasche-ignifikant-fur-batterien\/#primaryimage\"},\"thumbnailUrl\":\"https:\/\/www.lift-mtb.com\/wp-content\/uploads\/2022\/02\/batterie-vttae-lift-mtb-17-4ah-sac-ignifuge-vtt-electrique-1.jpg\",\"datePublished\":\"2022-02-24T13:38:25+00:00\",\"dateModified\":\"2024-06-05T22:37:52+00:00\",\"description\":\"Feuerfester Beutel f\u00fcr - Erh\u00e4ltlich in verschiedenen Gr\u00f6\u00dfen, je nach Format Ihrer Batterie. Feuerfeste Tasche auch wasserfest.\",\"breadcrumb\":{\"@id\":\"https:\/\/www.lift-mtb.com\/de\/produit\/tasche-ignifikant-fur-batterien\/#breadcrumb\"},\"inLanguage\":\"de\",\"potentialAction\":[{\"@type\":\"ReadAction\",\"target\":[\"https:\/\/www.lift-mtb.com\/de\/produit\/tasche-ignifikant-fur-batterien\/\"]}]},{\"@type\":\"ImageObject\",\"inLanguage\":\"de\",\"@id\":\"https:\/\/www.lift-mtb.com\/de\/produit\/tasche-ignifikant-fur-batterien\/#primaryimage\",\"url\":\"https:\/\/www.lift-mtb.com\/wp-content\/uploads\/2022\/02\/batterie-vttae-lift-mtb-17-4ah-sac-ignifuge-vtt-electrique-1.jpg\",\"contentUrl\":\"https:\/\/www.lift-mtb.com\/wp-content\/uploads\/2022\/02\/batterie-vttae-lift-mtb-17-4ah-sac-ignifuge-vtt-electrique-1.jpg\",\"width\":4928,\"height\":3264,\"caption\":\"Feuerfeste Tasche f\u00fcr den Akku eines Elektrofahrrads\"},{\"@type\":\"BreadcrumbList\",\"@id\":\"https:\/\/www.lift-mtb.com\/de\/produit\/tasche-ignifikant-fur-batterien\/#breadcrumb\",\"itemListElement\":[{\"@type\":\"ListItem\",\"position\":1,\"name\":\"Accueil\",\"item\":\"https:\/\/www.lift-mtb.com\/de\/\"},{\"@type\":\"ListItem\",\"position\":2,\"name\":\"Shop\",\"item\":\"https:\/\/www.lift-mtb.com\/de\/shop\/\"},{\"@type\":\"ListItem\",\"position\":3,\"name\":\"Ersatzteile\",\"item\":\"https:\/\/www.lift-mtb.com\/de\/produkt-kategorie\/ersatzteile\/\"},{\"@type\":\"ListItem\",\"position\":4,\"name\":\"Elektronische M\u00fcnzen\",\"item\":\"https:\/\/www.lift-mtb.com\/de\/produkt-kategorie\/ersatzteile\/elektronische-muenzen\/\"},{\"@type\":\"ListItem\",\"position\":5,\"name\":\"Feuerfester Beutel f\u00fcr Batterien\"}]},{\"@type\":\"WebSite\",\"@id\":\"https:\/\/www.lift-mtb.com\/de\/#website\",\"url\":\"https:\/\/www.lift-mtb.com\/de\/\",\"name\":\"LIFT-MTB\",\"description\":\"Transformer son v\u00e9lo en \u00e9lectrique rapidement !\",\"publisher\":{\"@id\":\"https:\/\/www.lift-mtb.com\/de\/#organization\"},\"potentialAction\":[{\"@type\":\"SearchAction\",\"target\":{\"@type\":\"EntryPoint\",\"urlTemplate\":\"https:\/\/www.lift-mtb.com\/de\/?s={search_term_string}\"},\"query-input\":{\"@type\":\"PropertyValueSpecification\",\"valueRequired\":true,\"valueName\":\"search_term_string\"}}],\"inLanguage\":\"de\"},{\"@type\":\"Organization\",\"@id\":\"https:\/\/www.lift-mtb.com\/de\/#organization\",\"name\":\"LIFT-MTB\",\"url\":\"https:\/\/www.lift-mtb.com\/de\/\",\"logo\":{\"@type\":\"ImageObject\",\"inLanguage\":\"de\",\"@id\":\"https:\/\/www.lift-mtb.com\/de\/#\/schema\/logo\/image\/\",\"url\":\"https:\/\/www.lift-mtb.com\/wp-content\/uploads\/2022\/01\/electric-kit-for-bike-1.jpg\",\"contentUrl\":\"https:\/\/www.lift-mtb.com\/wp-content\/uploads\/2022\/01\/electric-kit-for-bike-1.jpg\",\"width\":1223,\"height\":560,\"caption\":\"LIFT-MTB\"},\"image\":{\"@id\":\"https:\/\/www.lift-mtb.com\/de\/#\/schema\/logo\/image\/\"}}]}<\/script>\n<!-- \/ Yoast SEO plugin. -->","yoast_head_json":{"title":"Feuerfeste Tasche f\u00fcr Batterien - Tasche Feuerschutz .","description":"Feuerfester Beutel f\u00fcr - Erh\u00e4ltlich in verschiedenen Gr\u00f6\u00dfen, je nach Format Ihrer Batterie. Feuerfeste Tasche auch wasserfest.","robots":{"index":"index","follow":"follow","max-snippet":"max-snippet:-1","max-image-preview":"max-image-preview:large","max-video-preview":"max-video-preview:-1"},"canonical":"https:\/\/www.lift-mtb.com\/de\/produit\/tasche-ignifikant-fur-batterien\/","og_locale":"de_DE","og_type":"article","og_title":"Feuerfeste Tasche f\u00fcr Batterien - Tasche Feuerschutz .","og_description":"Feuerfester Beutel f\u00fcr - Erh\u00e4ltlich in verschiedenen Gr\u00f6\u00dfen, je nach Format Ihrer Batterie. Feuerfeste Tasche auch wasserfest.","og_url":"https:\/\/www.lift-mtb.com\/de\/produit\/tasche-ignifikant-fur-batterien\/","og_site_name":"LIFT-MTB","article_modified_time":"2024-06-05T22:37:52+00:00","og_image":[{"width":4928,"height":3264,"url":"https:\/\/www.lift-mtb.com\/wp-content\/uploads\/2022\/02\/batterie-vttae-lift-mtb-17-4ah-sac-ignifuge-vtt-electrique-1.jpg","type":"image\/jpeg"}],"twitter_card":"summary_large_image","twitter_misc":{"Gesch\u00e4tzte Lesezeit":"1\u00a0Minute"},"schema":{"@context":"https:\/\/schema.org","@graph":[{"@type":"WebPage","@id":"https:\/\/www.lift-mtb.com\/de\/produit\/tasche-ignifikant-fur-batterien\/","url":"https:\/\/www.lift-mtb.com\/de\/produit\/tasche-ignifikant-fur-batterien\/","name":"Feuerfeste Tasche f\u00fcr Batterien - Tasche Feuerschutz .","isPartOf":{"@id":"https:\/\/www.lift-mtb.com\/de\/#website"},"primaryImageOfPage":{"@id":"https:\/\/www.lift-mtb.com\/de\/produit\/tasche-ignifikant-fur-batterien\/#primaryimage"},"image":{"@id":"https:\/\/www.lift-mtb.com\/de\/produit\/tasche-ignifikant-fur-batterien\/#primaryimage"},"thumbnailUrl":"https:\/\/www.lift-mtb.com\/wp-content\/uploads\/2022\/02\/batterie-vttae-lift-mtb-17-4ah-sac-ignifuge-vtt-electrique-1.jpg","datePublished":"2022-02-24T13:38:25+00:00","dateModified":"2024-06-05T22:37:52+00:00","description":"Feuerfester Beutel f\u00fcr - Erh\u00e4ltlich in verschiedenen Gr\u00f6\u00dfen, je nach Format Ihrer Batterie. Feuerfeste Tasche auch wasserfest.","breadcrumb":{"@id":"https:\/\/www.lift-mtb.com\/de\/produit\/tasche-ignifikant-fur-batterien\/#breadcrumb"},"inLanguage":"de","potentialAction":[{"@type":"ReadAction","target":["https:\/\/www.lift-mtb.com\/de\/produit\/tasche-ignifikant-fur-batterien\/"]}]},{"@type":"ImageObject","inLanguage":"de","@id":"https:\/\/www.lift-mtb.com\/de\/produit\/tasche-ignifikant-fur-batterien\/#primaryimage","url":"https:\/\/www.lift-mtb.com\/wp-content\/uploads\/2022\/02\/batterie-vttae-lift-mtb-17-4ah-sac-ignifuge-vtt-electrique-1.jpg","contentUrl":"https:\/\/www.lift-mtb.com\/wp-content\/uploads\/2022\/02\/batterie-vttae-lift-mtb-17-4ah-sac-ignifuge-vtt-electrique-1.jpg","width":4928,"height":3264,"caption":"Feuerfeste Tasche f\u00fcr den Akku eines Elektrofahrrads"},{"@type":"BreadcrumbList","@id":"https:\/\/www.lift-mtb.com\/de\/produit\/tasche-ignifikant-fur-batterien\/#breadcrumb","itemListElement":[{"@type":"ListItem","position":1,"name":"Accueil","item":"https:\/\/www.lift-mtb.com\/de\/"},{"@type":"ListItem","position":2,"name":"Shop","item":"https:\/\/www.lift-mtb.com\/de\/shop\/"},{"@type":"ListItem","position":3,"name":"Ersatzteile","item":"https:\/\/www.lift-mtb.com\/de\/produkt-kategorie\/ersatzteile\/"},{"@type":"ListItem","position":4,"name":"Elektronische M\u00fcnzen","item":"https:\/\/www.lift-mtb.com\/de\/produkt-kategorie\/ersatzteile\/elektronische-muenzen\/"},{"@type":"ListItem","position":5,"name":"Feuerfester Beutel f\u00fcr Batterien"}]},{"@type":"WebSite","@id":"https:\/\/www.lift-mtb.com\/de\/#website","url":"https:\/\/www.lift-mtb.com\/de\/","name":"LIFT-MTB","description":"Transformer son v\u00e9lo en \u00e9lectrique rapidement !","publisher":{"@id":"https:\/\/www.lift-mtb.com\/de\/#organization"},"potentialAction":[{"@type":"SearchAction","target":{"@type":"EntryPoint","urlTemplate":"https:\/\/www.lift-mtb.com\/de\/?s={search_term_string}"},"query-input":{"@type":"PropertyValueSpecification","valueRequired":true,"valueName":"search_term_string"}}],"inLanguage":"de"},{"@type":"Organization","@id":"https:\/\/www.lift-mtb.com\/de\/#organization","name":"LIFT-MTB","url":"https:\/\/www.lift-mtb.com\/de\/","logo":{"@type":"ImageObject","inLanguage":"de","@id":"https:\/\/www.lift-mtb.com\/de\/#\/schema\/logo\/image\/","url":"https:\/\/www.lift-mtb.com\/wp-content\/uploads\/2022\/01\/electric-kit-for-bike-1.jpg","contentUrl":"https:\/\/www.lift-mtb.com\/wp-content\/uploads\/2022\/01\/electric-kit-for-bike-1.jpg","width":1223,"height":560,"caption":"LIFT-MTB"},"image":{"@id":"https:\/\/www.lift-mtb.com\/de\/#\/schema\/logo\/image\/"}}]}},"_links":{"self":[{"href":"https:\/\/www.lift-mtb.com\/de\/wp-json\/wp\/v2\/product\/39363","targetHints":{"allow":["GET"]}}],"collection":[{"href":"https:\/\/www.lift-mtb.com\/de\/wp-json\/wp\/v2\/product"}],"about":[{"href":"https:\/\/www.lift-mtb.com\/de\/wp-json\/wp\/v2\/types\/product"}],"replies":[{"embeddable":true,"href":"https:\/\/www.lift-mtb.com\/de\/wp-json\/wp\/v2\/comments?post=39363"}],"wp:featuredmedia":[{"embeddable":true,"href":"https:\/\/www.lift-mtb.com\/de\/wp-json\/wp\/v2\/media\/8401"}],"wp:attachment":[{"href":"https:\/\/www.lift-mtb.com\/de\/wp-json\/wp\/v2\/media?parent=39363"}],"wp:term":[{"taxonomy":"product_brand","embeddable":true,"href":"https:\/\/www.lift-mtb.com\/de\/wp-json\/wp\/v2\/product_brand?post=39363"},{"taxonomy":"product_cat","embeddable":true,"href":"https:\/\/www.lift-mtb.com\/de\/wp-json\/wp\/v2\/product_cat?post=39363"},{"taxonomy":"product_tag","embeddable":true,"href":"https:\/\/www.lift-mtb.com\/de\/wp-json\/wp\/v2\/product_tag?post=39363"}],"curies":[{"name":"wp","href":"https:\/\/api.w.org\/{rel}","templated":true}]}}