{"id":39376,"date":"2022-02-24T14:44:53","date_gmt":"2022-02-24T13:44:53","guid":{"rendered":"https:\/produit\/nur-motor-wicklung-lift-mtb\/"},"modified":"2024-06-06T00:37:56","modified_gmt":"2024-06-05T22:37:56","slug":"wicklung-einsamer-motor-elektrischer-motor-velo-lift-mtb","status":"publish","type":"product","link":"https:\/\/www.lift-mtb.com\/de\/produit\/wicklung-einsamer-motor-elektrischer-motor-velo-lift-mtb\/","title":{"rendered":"Nur-Motor-Wicklung LIFT-MTB"},"content":{"rendered":"<p>Wicklung eines <a href=\"https:\/\/www.youtube.com\/watch?v=g0aRczJ2-uA\">Elektromotors f\u00fcr ein Fahrrad<\/a>.<\/p>\n<p>Die Wicklung eines B\u00fcrstenmotors ist eine Schl\u00fcsselkomponente von Elektromotoren, die in Elektrofahrr\u00e4dern verwendet werden. Diese Art von Motor funktioniert mithilfe von Permanentmagneten und Kohleb\u00fcrsten, die dem Motor Energie zuf\u00fchren und ihn antreiben.<\/p>\n<p>Die Spulen sind um den Rotor des Motors gewickelt. Welches dann mit elektrischem Strom versorgt wird, um ein Magnetfeld zu erzeugen. Dieses Magnetfeld bringt den Rotor dazu, sich zu drehen. Dadurch dreht sich das Hinterrad des Fahrrads und treibt es nach vorne.<\/p>\n<p>B\u00fcrstenmotoren sind eine Technologie, die h\u00e4ufig in Elektrofahrr\u00e4dern verwendet wird , da sie kosteng\u00fcnstig und einfach zu warten sind.<\/p>\n<p>Sie bleiben eine beliebte Option f\u00fcr Nutzer, die <strong>ihr Fahrrad in ein Elektrofahrrad umwandeln<\/strong> wollen.<\/p>\n<p>Die Wicklung des elektrischen Fahrradmotors in einem B\u00fcrstenmotor muss pr\u00e4zise gewickelt werden, um einen effizienten Betrieb zu gew\u00e4hrleisten.<\/p>\n<p>Hochwertige Kupferdr\u00e4hte werden auch f\u00fcr die Wicklungen verwendet. So erm\u00f6glicht dies eine optimale elektrische Leitf\u00e4higkeit und einen minimalen Widerstand.<\/p>\n<p>Auch <a href=\"https:\/technologie-du-moteur\/\">die Spulen<\/a> m\u00fcssen isoliert sein, um Kurzschl\u00fcsse und elektrische Ausf\u00e4lle zu vermeiden.<\/p>\n<p>Die Wicklung des B\u00fcrstenmotors ist eine entscheidende und sehr solide Komponente der Motoren f\u00fcr Elektrofahrr\u00e4der , sie erfordert keine besondere Wartung und kann die Lebensdauer des Elektrofahrrads verl\u00e4ngern, da die B\u00fcrsten auch sehr solide Elemente sind, die selten oder sogar nie ersetzt werden, unser Antrieb ist wirklich sehr solide und zuverl\u00e4ssig!!!<\/p>\n","protected":false},"excerpt":{"rendered":"<p><strong>Wicklung Elektromotor f\u00fcr Fahrrad Beschreibung:<\/strong><\/p>\n<ul>\n<li>Wicklung f\u00fcr <a href=\"https:\/technologie-du-moteur\/\">Elektromotor Fahrrad<\/a> allein.<\/li>\n<li>Ein sehr robustes Teil, das nur selten ausgetauscht werden muss.<\/li>\n<li>Eine Fahrradmotorspule in schlechtem Zustand ist sehr dunkel oder schwarz, wenn sie zu stark beansprucht wurde.<\/li>\n<\/ul>\n","protected":false},"featured_media":8440,"comment_status":"open","ping_status":"closed","template":"","meta":[],"product_brand":[],"product_cat":[836,848],"product_tag":[],"class_list":{"0":"post-39376","1":"product","2":"type-product","3":"status-publish","4":"has-post-thumbnail","6":"product_cat-ersatzteile","7":"product_cat-elektronische-muenzen","9":"first","10":"instock","11":"taxable","12":"shipping-taxable","13":"purchasable","14":"product-type-simple"},"yoast_head":"<!-- This site is optimized with the Yoast SEO plugin v26.9 - https:\/\/yoast.com\/product\/yoast-seo-wordpress\/ -->\n<title>LIFT-MTB Fahrrad- und Mountain bikes (MTB)<\/title>\n<meta name=\"description\" content=\"Abnehmbare Motorspule f\u00fcr Einzelfahrrad LIFT-MTB, obwohl fast unzerbrechlich wir detailliert alle Teile unserer elektrischen Fahrradkit\" \/>\n<meta name=\"robots\" content=\"index, follow, max-snippet:-1, max-image-preview:large, max-video-preview:-1\" \/>\n<link rel=\"canonical\" href=\"https:\/\/www.lift-mtb.com\/de\/produit\/wicklung-einsamer-motor-elektrischer-motor-velo-lift-mtb\/\" \/>\n<meta property=\"og:locale\" content=\"de_DE\" \/>\n<meta property=\"og:type\" content=\"article\" \/>\n<meta property=\"og:title\" content=\"LIFT-MTB Fahrrad- und Mountain bikes (MTB)\" \/>\n<meta property=\"og:description\" content=\"Abnehmbare Motorspule f\u00fcr Einzelfahrrad LIFT-MTB, obwohl fast unzerbrechlich wir detailliert alle Teile unserer elektrischen Fahrradkit\" \/>\n<meta property=\"og:url\" content=\"https:\/\/www.lift-mtb.com\/de\/produit\/wicklung-einsamer-motor-elektrischer-motor-velo-lift-mtb\/\" \/>\n<meta property=\"og:site_name\" content=\"LIFT-MTB\" \/>\n<meta property=\"article:modified_time\" content=\"2024-06-05T22:37:56+00:00\" \/>\n<meta property=\"og:image\" content=\"https:\/\/www.lift-mtb.com\/wp-content\/uploads\/2022\/02\/bobinage-2.jpg\" \/>\n\t<meta property=\"og:image:width\" content=\"1280\" \/>\n\t<meta property=\"og:image:height\" content=\"720\" \/>\n\t<meta property=\"og:image:type\" content=\"image\/jpeg\" \/>\n<meta name=\"twitter:card\" content=\"summary_large_image\" \/>\n<meta name=\"twitter:label1\" content=\"Gesch\u00e4tzte Lesezeit\" \/>\n\t<meta name=\"twitter:data1\" content=\"1\u00a0Minute\" \/>\n<script type=\"application\/ld+json\" class=\"yoast-schema-graph\">{\"@context\":\"https:\/\/schema.org\",\"@graph\":[{\"@type\":\"WebPage\",\"@id\":\"https:\/\/www.lift-mtb.com\/de\/produit\/wicklung-einsamer-motor-elektrischer-motor-velo-lift-mtb\/\",\"url\":\"https:\/\/www.lift-mtb.com\/de\/produit\/wicklung-einsamer-motor-elektrischer-motor-velo-lift-mtb\/\",\"name\":\"LIFT-MTB Fahrrad- und Mountain bikes (MTB)\",\"isPartOf\":{\"@id\":\"https:\/\/www.lift-mtb.com\/de\/#website\"},\"primaryImageOfPage\":{\"@id\":\"https:\/\/www.lift-mtb.com\/de\/produit\/wicklung-einsamer-motor-elektrischer-motor-velo-lift-mtb\/#primaryimage\"},\"image\":{\"@id\":\"https:\/\/www.lift-mtb.com\/de\/produit\/wicklung-einsamer-motor-elektrischer-motor-velo-lift-mtb\/#primaryimage\"},\"thumbnailUrl\":\"https:\/\/www.lift-mtb.com\/wp-content\/uploads\/2022\/02\/bobinage-2.jpg\",\"datePublished\":\"2022-02-24T13:44:53+00:00\",\"dateModified\":\"2024-06-05T22:37:56+00:00\",\"description\":\"Abnehmbare Motorspule f\u00fcr Einzelfahrrad LIFT-MTB, obwohl fast unzerbrechlich wir detailliert alle Teile unserer elektrischen Fahrradkit\",\"breadcrumb\":{\"@id\":\"https:\/\/www.lift-mtb.com\/de\/produit\/wicklung-einsamer-motor-elektrischer-motor-velo-lift-mtb\/#breadcrumb\"},\"inLanguage\":\"de\",\"potentialAction\":[{\"@type\":\"ReadAction\",\"target\":[\"https:\/\/www.lift-mtb.com\/de\/produit\/wicklung-einsamer-motor-elektrischer-motor-velo-lift-mtb\/\"]}]},{\"@type\":\"ImageObject\",\"inLanguage\":\"de\",\"@id\":\"https:\/\/www.lift-mtb.com\/de\/produit\/wicklung-einsamer-motor-elektrischer-motor-velo-lift-mtb\/#primaryimage\",\"url\":\"https:\/\/www.lift-mtb.com\/wp-content\/uploads\/2022\/02\/bobinage-2.jpg\",\"contentUrl\":\"https:\/\/www.lift-mtb.com\/wp-content\/uploads\/2022\/02\/bobinage-2.jpg\",\"width\":1280,\"height\":720,\"caption\":\"Wicklung Elektrofahrrad\"},{\"@type\":\"BreadcrumbList\",\"@id\":\"https:\/\/www.lift-mtb.com\/de\/produit\/wicklung-einsamer-motor-elektrischer-motor-velo-lift-mtb\/#breadcrumb\",\"itemListElement\":[{\"@type\":\"ListItem\",\"position\":1,\"name\":\"Accueil\",\"item\":\"https:\/\/www.lift-mtb.com\/de\/\"},{\"@type\":\"ListItem\",\"position\":2,\"name\":\"Shop\",\"item\":\"https:\/\/www.lift-mtb.com\/de\/shop\/\"},{\"@type\":\"ListItem\",\"position\":3,\"name\":\"Ersatzteile\",\"item\":\"https:\/\/www.lift-mtb.com\/de\/produkt-kategorie\/ersatzteile\/\"},{\"@type\":\"ListItem\",\"position\":4,\"name\":\"Elektronische M\u00fcnzen\",\"item\":\"https:\/\/www.lift-mtb.com\/de\/produkt-kategorie\/ersatzteile\/elektronische-muenzen\/\"},{\"@type\":\"ListItem\",\"position\":5,\"name\":\"Nur-Motor-Wicklung LIFT-MTB\"}]},{\"@type\":\"WebSite\",\"@id\":\"https:\/\/www.lift-mtb.com\/de\/#website\",\"url\":\"https:\/\/www.lift-mtb.com\/de\/\",\"name\":\"LIFT-MTB\",\"description\":\"Transformer son v\u00e9lo en \u00e9lectrique rapidement !\",\"publisher\":{\"@id\":\"https:\/\/www.lift-mtb.com\/de\/#organization\"},\"potentialAction\":[{\"@type\":\"SearchAction\",\"target\":{\"@type\":\"EntryPoint\",\"urlTemplate\":\"https:\/\/www.lift-mtb.com\/de\/?s={search_term_string}\"},\"query-input\":{\"@type\":\"PropertyValueSpecification\",\"valueRequired\":true,\"valueName\":\"search_term_string\"}}],\"inLanguage\":\"de\"},{\"@type\":\"Organization\",\"@id\":\"https:\/\/www.lift-mtb.com\/de\/#organization\",\"name\":\"LIFT-MTB\",\"url\":\"https:\/\/www.lift-mtb.com\/de\/\",\"logo\":{\"@type\":\"ImageObject\",\"inLanguage\":\"de\",\"@id\":\"https:\/\/www.lift-mtb.com\/de\/#\/schema\/logo\/image\/\",\"url\":\"https:\/\/www.lift-mtb.com\/wp-content\/uploads\/2022\/01\/electric-kit-for-bike-1.jpg\",\"contentUrl\":\"https:\/\/www.lift-mtb.com\/wp-content\/uploads\/2022\/01\/electric-kit-for-bike-1.jpg\",\"width\":1223,\"height\":560,\"caption\":\"LIFT-MTB\"},\"image\":{\"@id\":\"https:\/\/www.lift-mtb.com\/de\/#\/schema\/logo\/image\/\"}}]}<\/script>\n<!-- \/ Yoast SEO plugin. -->","yoast_head_json":{"title":"LIFT-MTB Fahrrad- und Mountain bikes (MTB)","description":"Abnehmbare Motorspule f\u00fcr Einzelfahrrad LIFT-MTB, obwohl fast unzerbrechlich wir detailliert alle Teile unserer elektrischen Fahrradkit","robots":{"index":"index","follow":"follow","max-snippet":"max-snippet:-1","max-image-preview":"max-image-preview:large","max-video-preview":"max-video-preview:-1"},"canonical":"https:\/\/www.lift-mtb.com\/de\/produit\/wicklung-einsamer-motor-elektrischer-motor-velo-lift-mtb\/","og_locale":"de_DE","og_type":"article","og_title":"LIFT-MTB Fahrrad- und Mountain bikes (MTB)","og_description":"Abnehmbare Motorspule f\u00fcr Einzelfahrrad LIFT-MTB, obwohl fast unzerbrechlich wir detailliert alle Teile unserer elektrischen Fahrradkit","og_url":"https:\/\/www.lift-mtb.com\/de\/produit\/wicklung-einsamer-motor-elektrischer-motor-velo-lift-mtb\/","og_site_name":"LIFT-MTB","article_modified_time":"2024-06-05T22:37:56+00:00","og_image":[{"width":1280,"height":720,"url":"https:\/\/www.lift-mtb.com\/wp-content\/uploads\/2022\/02\/bobinage-2.jpg","type":"image\/jpeg"}],"twitter_card":"summary_large_image","twitter_misc":{"Gesch\u00e4tzte Lesezeit":"1\u00a0Minute"},"schema":{"@context":"https:\/\/schema.org","@graph":[{"@type":"WebPage","@id":"https:\/\/www.lift-mtb.com\/de\/produit\/wicklung-einsamer-motor-elektrischer-motor-velo-lift-mtb\/","url":"https:\/\/www.lift-mtb.com\/de\/produit\/wicklung-einsamer-motor-elektrischer-motor-velo-lift-mtb\/","name":"LIFT-MTB Fahrrad- und Mountain bikes (MTB)","isPartOf":{"@id":"https:\/\/www.lift-mtb.com\/de\/#website"},"primaryImageOfPage":{"@id":"https:\/\/www.lift-mtb.com\/de\/produit\/wicklung-einsamer-motor-elektrischer-motor-velo-lift-mtb\/#primaryimage"},"image":{"@id":"https:\/\/www.lift-mtb.com\/de\/produit\/wicklung-einsamer-motor-elektrischer-motor-velo-lift-mtb\/#primaryimage"},"thumbnailUrl":"https:\/\/www.lift-mtb.com\/wp-content\/uploads\/2022\/02\/bobinage-2.jpg","datePublished":"2022-02-24T13:44:53+00:00","dateModified":"2024-06-05T22:37:56+00:00","description":"Abnehmbare Motorspule f\u00fcr Einzelfahrrad LIFT-MTB, obwohl fast unzerbrechlich wir detailliert alle Teile unserer elektrischen Fahrradkit","breadcrumb":{"@id":"https:\/\/www.lift-mtb.com\/de\/produit\/wicklung-einsamer-motor-elektrischer-motor-velo-lift-mtb\/#breadcrumb"},"inLanguage":"de","potentialAction":[{"@type":"ReadAction","target":["https:\/\/www.lift-mtb.com\/de\/produit\/wicklung-einsamer-motor-elektrischer-motor-velo-lift-mtb\/"]}]},{"@type":"ImageObject","inLanguage":"de","@id":"https:\/\/www.lift-mtb.com\/de\/produit\/wicklung-einsamer-motor-elektrischer-motor-velo-lift-mtb\/#primaryimage","url":"https:\/\/www.lift-mtb.com\/wp-content\/uploads\/2022\/02\/bobinage-2.jpg","contentUrl":"https:\/\/www.lift-mtb.com\/wp-content\/uploads\/2022\/02\/bobinage-2.jpg","width":1280,"height":720,"caption":"Wicklung Elektrofahrrad"},{"@type":"BreadcrumbList","@id":"https:\/\/www.lift-mtb.com\/de\/produit\/wicklung-einsamer-motor-elektrischer-motor-velo-lift-mtb\/#breadcrumb","itemListElement":[{"@type":"ListItem","position":1,"name":"Accueil","item":"https:\/\/www.lift-mtb.com\/de\/"},{"@type":"ListItem","position":2,"name":"Shop","item":"https:\/\/www.lift-mtb.com\/de\/shop\/"},{"@type":"ListItem","position":3,"name":"Ersatzteile","item":"https:\/\/www.lift-mtb.com\/de\/produkt-kategorie\/ersatzteile\/"},{"@type":"ListItem","position":4,"name":"Elektronische M\u00fcnzen","item":"https:\/\/www.lift-mtb.com\/de\/produkt-kategorie\/ersatzteile\/elektronische-muenzen\/"},{"@type":"ListItem","position":5,"name":"Nur-Motor-Wicklung LIFT-MTB"}]},{"@type":"WebSite","@id":"https:\/\/www.lift-mtb.com\/de\/#website","url":"https:\/\/www.lift-mtb.com\/de\/","name":"LIFT-MTB","description":"Transformer son v\u00e9lo en \u00e9lectrique rapidement !","publisher":{"@id":"https:\/\/www.lift-mtb.com\/de\/#organization"},"potentialAction":[{"@type":"SearchAction","target":{"@type":"EntryPoint","urlTemplate":"https:\/\/www.lift-mtb.com\/de\/?s={search_term_string}"},"query-input":{"@type":"PropertyValueSpecification","valueRequired":true,"valueName":"search_term_string"}}],"inLanguage":"de"},{"@type":"Organization","@id":"https:\/\/www.lift-mtb.com\/de\/#organization","name":"LIFT-MTB","url":"https:\/\/www.lift-mtb.com\/de\/","logo":{"@type":"ImageObject","inLanguage":"de","@id":"https:\/\/www.lift-mtb.com\/de\/#\/schema\/logo\/image\/","url":"https:\/\/www.lift-mtb.com\/wp-content\/uploads\/2022\/01\/electric-kit-for-bike-1.jpg","contentUrl":"https:\/\/www.lift-mtb.com\/wp-content\/uploads\/2022\/01\/electric-kit-for-bike-1.jpg","width":1223,"height":560,"caption":"LIFT-MTB"},"image":{"@id":"https:\/\/www.lift-mtb.com\/de\/#\/schema\/logo\/image\/"}}]}},"_links":{"self":[{"href":"https:\/\/www.lift-mtb.com\/de\/wp-json\/wp\/v2\/product\/39376","targetHints":{"allow":["GET"]}}],"collection":[{"href":"https:\/\/www.lift-mtb.com\/de\/wp-json\/wp\/v2\/product"}],"about":[{"href":"https:\/\/www.lift-mtb.com\/de\/wp-json\/wp\/v2\/types\/product"}],"replies":[{"embeddable":true,"href":"https:\/\/www.lift-mtb.com\/de\/wp-json\/wp\/v2\/comments?post=39376"}],"wp:featuredmedia":[{"embeddable":true,"href":"https:\/\/www.lift-mtb.com\/de\/wp-json\/wp\/v2\/media\/8440"}],"wp:attachment":[{"href":"https:\/\/www.lift-mtb.com\/de\/wp-json\/wp\/v2\/media?parent=39376"}],"wp:term":[{"taxonomy":"product_brand","embeddable":true,"href":"https:\/\/www.lift-mtb.com\/de\/wp-json\/wp\/v2\/product_brand?post=39376"},{"taxonomy":"product_cat","embeddable":true,"href":"https:\/\/www.lift-mtb.com\/de\/wp-json\/wp\/v2\/product_cat?post=39376"},{"taxonomy":"product_tag","embeddable":true,"href":"https:\/\/www.lift-mtb.com\/de\/wp-json\/wp\/v2\/product_tag?post=39376"}],"curies":[{"name":"wp","href":"https:\/\/api.w.org\/{rel}","templated":true}]}}