{"id":39386,"date":"2022-02-24T14:30:58","date_gmt":"2022-02-24T13:30:58","guid":{"rendered":"https:\/produit\/lift-mtb-lader\/"},"modified":"2024-06-06T00:37:53","modified_gmt":"2024-06-05T22:37:53","slug":"lader-lift-mtb","status":"publish","type":"product","link":"https:\/\/www.lift-mtb.com\/de\/produit\/lader-lift-mtb\/","title":{"rendered":"LIFT-MTB Lader"},"content":{"rendered":"<h1>LIFT-MTB Lader<\/h1>\n<p>LIFT-MTB-Ladeger\u00e4te f\u00fcr Li-Ionen-Batterien sind wichtige Ger\u00e4te, um tragbare elektronische Ger\u00e4te wie elektrische Fahrradkits mit Strom zu versorgen.<\/p>\n<p>Li-Ionen-Akkus sind bei Elektrofahrr\u00e4dern nicht mehr wegzudenken. Aufgrund ihrer geringen Selbstentladung und der F\u00e4higkeit, ihre Ladung \u00fcber lange Zeitr\u00e4ume aufrechtzuerhalten.<\/p>\n<p>Li-Ionen-Ladeger\u00e4te f\u00fcr LIFT MTB Elektrokits verwenden einen zweistufigen Ladeprozess.<\/p>\n<h3>Der erste Schritt :<\/h3>\n<p>ist die Konstantstromladung, die die Batterie mit einer Anfangsladung versorgt.<\/p>\n<h3>Der zweite Schritt :<\/h3>\n<p>Das Laden mit konstanter Spannung, das daf\u00fcr sorgt, dass die <a href=\"https:\/faq-items\/maecenas-nec-ante-metus-accumsan-eleifend\/\">Batterie <\/a> vollst\u00e4ndig aufgeladen wird.  <\/p>\n<p>Unsere Li-Ionen-Ladeger\u00e4te sind so konzipiert, dass sie den Ladezustand des Akkus erkennen und den Ladestrom und die Ladespannung automatisch entsprechend anpassen.<\/p>\n<p>Moderne Li-Ionen-Ladeger\u00e4te sind mit Schutzschaltungen ausgestattet, um \u00dcberladung, \u00dcberhitzung und Kurzschl\u00fcsse zu vermeiden.<\/p>\n<p>Diese Schutzschaltungen verhindern, dass der Akku \u00fcberladen oder zu schnell entladen wird. Denn dies kann zu Sch\u00e4den am Akku f\u00fchren.<\/p>\n<p>Das Ladeger\u00e4t ist mit zus\u00e4tzlichen Funktionen ausgestattet, wie z. B. LED-Ladeanzeigen,<\/p>\n<h2>LIFT-MTB-Lader welche Ladegeschwindigkeit?<\/h2>\n<p>Es ist wichtig zu beachten, dass sich das schnelle Aufladen auch auf die Lebensdauer des Akkus auswirken kann. Unsere Ladeger\u00e4te sind so konzipiert, dass sie eine konstante Ladung von 1,5 bis 2AH liefern, was die <a href=\"http:\/\/www.youtube.com\/watch?v=4lZmxDP_WwU\">Batterie<\/a> langfristig nicht so sch\u00e4digt, wie wenn sie einer schnellen und \u00fcberm\u00e4\u00dfigen Ladung ausgesetzt wird.<\/p>\n<p>Zusammenfassend l\u00e4sst sich sagen, dass die Verwendung eines originalen <strong>Li-Ionen-Ladeger\u00e4ts<\/strong> unerl\u00e4sslich ist. Denn sie sind so konzipiert, dass sie die Li-Ionen-Akkus unserer Fahrrad-Motorkits schnell, effizient und sicher aufladen und sie gleichzeitig vor Sch\u00e4den sch\u00fctzen.<\/p>\n","protected":false},"excerpt":{"rendered":"<p><strong>Beschreibung:<\/strong><\/p>\n<p><strong>Nur das LIFT-MTB-Ladeger\u00e4t ist mit unseren Batterien kompatibel.<\/strong><\/p>\n<p><strong>(das Ladeger\u00e4t wird mit unseren Akkus geliefert, wenn Sie einen Akku kaufen)<\/strong><\/p>\n<p>&nbsp;<\/p>\n<ul>\n<li>Ladestrom 2 Ampere.<\/li>\n<li>Erm\u00f6glicht eine Ladezeit von 30 Minuten pro A\/h .<\/li>\n<\/ul>\n","protected":false},"featured_media":51096,"comment_status":"open","ping_status":"closed","template":"","meta":[],"product_brand":[],"product_cat":[827,848],"product_tag":[],"class_list":{"0":"post-39386","1":"product","2":"type-product","3":"status-publish","4":"has-post-thumbnail","6":"product_cat-akkus-und-ladegeraete","7":"product_cat-elektronische-muenzen","9":"first","10":"instock","11":"taxable","12":"shipping-taxable","13":"purchasable","14":"product-type-simple"},"yoast_head":"<!-- This site is optimized with the Yoast SEO plugin v26.9 - https:\/\/yoast.com\/product\/yoast-seo-wordpress\/ -->\n<title>LIFT-MTB-Ladeger\u00e4t f\u00fcr Lithium-Ionen-Fahrradakkus<\/title>\n<meta name=\"description\" content=\"Ladeger\u00e4t f\u00fcr LIFT-MTB - Batterie Ladestrom1.5 a 2 Ampere. Erm\u00f6glicht eine Ladezeit von ca. 30 Minuten pro A\/h - Fahrradmotorset!\" \/>\n<meta name=\"robots\" content=\"index, follow, max-snippet:-1, max-image-preview:large, max-video-preview:-1\" \/>\n<link rel=\"canonical\" href=\"https:\/\/www.lift-mtb.com\/de\/produit\/lader-lift-mtb\/\" \/>\n<meta property=\"og:locale\" content=\"de_DE\" \/>\n<meta property=\"og:type\" content=\"article\" \/>\n<meta property=\"og:title\" content=\"LIFT-MTB-Ladeger\u00e4t f\u00fcr Lithium-Ionen-Fahrradakkus\" \/>\n<meta property=\"og:description\" content=\"Ladeger\u00e4t f\u00fcr LIFT-MTB - Batterie Ladestrom1.5 a 2 Ampere. Erm\u00f6glicht eine Ladezeit von ca. 30 Minuten pro A\/h - Fahrradmotorset!\" \/>\n<meta property=\"og:url\" content=\"https:\/\/www.lift-mtb.com\/de\/produit\/lader-lift-mtb\/\" \/>\n<meta property=\"og:site_name\" content=\"LIFT-MTB\" \/>\n<meta property=\"article:modified_time\" content=\"2024-06-05T22:37:53+00:00\" \/>\n<meta property=\"og:image\" content=\"https:\/\/www.lift-mtb.com\/wp-content\/uploads\/2022\/02\/chargeur-batterie-velo-electrique.png\" \/>\n\t<meta property=\"og:image:width\" content=\"418\" \/>\n\t<meta property=\"og:image:height\" content=\"276\" \/>\n\t<meta property=\"og:image:type\" content=\"image\/png\" \/>\n<meta name=\"twitter:card\" content=\"summary_large_image\" \/>\n<meta name=\"twitter:label1\" content=\"Gesch\u00e4tzte Lesezeit\" \/>\n\t<meta name=\"twitter:data1\" content=\"1\u00a0Minute\" \/>\n<script type=\"application\/ld+json\" class=\"yoast-schema-graph\">{\"@context\":\"https:\/\/schema.org\",\"@graph\":[{\"@type\":\"WebPage\",\"@id\":\"https:\/\/www.lift-mtb.com\/de\/produit\/lader-lift-mtb\/\",\"url\":\"https:\/\/www.lift-mtb.com\/de\/produit\/lader-lift-mtb\/\",\"name\":\"LIFT-MTB-Ladeger\u00e4t f\u00fcr Lithium-Ionen-Fahrradakkus\",\"isPartOf\":{\"@id\":\"https:\/\/www.lift-mtb.com\/de\/#website\"},\"primaryImageOfPage\":{\"@id\":\"https:\/\/www.lift-mtb.com\/de\/produit\/lader-lift-mtb\/#primaryimage\"},\"image\":{\"@id\":\"https:\/\/www.lift-mtb.com\/de\/produit\/lader-lift-mtb\/#primaryimage\"},\"thumbnailUrl\":\"https:\/\/www.lift-mtb.com\/wp-content\/uploads\/2022\/02\/chargeur-vttae-chargeur-vtt-electrique-chargeur-yamaha-scaled.jpg\",\"datePublished\":\"2022-02-24T13:30:58+00:00\",\"dateModified\":\"2024-06-05T22:37:53+00:00\",\"description\":\"Ladeger\u00e4t f\u00fcr LIFT-MTB - Batterie Ladestrom1.5 a 2 Ampere. Erm\u00f6glicht eine Ladezeit von ca. 30 Minuten pro A\/h - Fahrradmotorset!\",\"breadcrumb\":{\"@id\":\"https:\/\/www.lift-mtb.com\/de\/produit\/lader-lift-mtb\/#breadcrumb\"},\"inLanguage\":\"de\",\"potentialAction\":[{\"@type\":\"ReadAction\",\"target\":[\"https:\/\/www.lift-mtb.com\/de\/produit\/lader-lift-mtb\/\"]}]},{\"@type\":\"ImageObject\",\"inLanguage\":\"de\",\"@id\":\"https:\/\/www.lift-mtb.com\/de\/produit\/lader-lift-mtb\/#primaryimage\",\"url\":\"https:\/\/www.lift-mtb.com\/wp-content\/uploads\/2022\/02\/chargeur-vttae-chargeur-vtt-electrique-chargeur-yamaha-scaled.jpg\",\"contentUrl\":\"https:\/\/www.lift-mtb.com\/wp-content\/uploads\/2022\/02\/chargeur-vttae-chargeur-vtt-electrique-chargeur-yamaha-scaled.jpg\",\"width\":2560,\"height\":1696,\"caption\":\"chargeur batterie 36v\"},{\"@type\":\"BreadcrumbList\",\"@id\":\"https:\/\/www.lift-mtb.com\/de\/produit\/lader-lift-mtb\/#breadcrumb\",\"itemListElement\":[{\"@type\":\"ListItem\",\"position\":1,\"name\":\"Accueil\",\"item\":\"https:\/\/www.lift-mtb.com\/de\/\"},{\"@type\":\"ListItem\",\"position\":2,\"name\":\"Shop\",\"item\":\"https:\/\/www.lift-mtb.com\/de\/shop\/\"},{\"@type\":\"ListItem\",\"position\":3,\"name\":\"Ersatzteile\",\"item\":\"https:\/\/www.lift-mtb.com\/de\/produkt-kategorie\/ersatzteile\/\"},{\"@type\":\"ListItem\",\"position\":4,\"name\":\"Elektronische M\u00fcnzen\",\"item\":\"https:\/\/www.lift-mtb.com\/de\/produkt-kategorie\/ersatzteile\/elektronische-muenzen\/\"},{\"@type\":\"ListItem\",\"position\":5,\"name\":\"LIFT-MTB Lader\"}]},{\"@type\":\"WebSite\",\"@id\":\"https:\/\/www.lift-mtb.com\/de\/#website\",\"url\":\"https:\/\/www.lift-mtb.com\/de\/\",\"name\":\"LIFT-MTB\",\"description\":\"Transformer son v\u00e9lo en \u00e9lectrique rapidement !\",\"publisher\":{\"@id\":\"https:\/\/www.lift-mtb.com\/de\/#organization\"},\"potentialAction\":[{\"@type\":\"SearchAction\",\"target\":{\"@type\":\"EntryPoint\",\"urlTemplate\":\"https:\/\/www.lift-mtb.com\/de\/?s={search_term_string}\"},\"query-input\":{\"@type\":\"PropertyValueSpecification\",\"valueRequired\":true,\"valueName\":\"search_term_string\"}}],\"inLanguage\":\"de\"},{\"@type\":\"Organization\",\"@id\":\"https:\/\/www.lift-mtb.com\/de\/#organization\",\"name\":\"LIFT-MTB\",\"url\":\"https:\/\/www.lift-mtb.com\/de\/\",\"logo\":{\"@type\":\"ImageObject\",\"inLanguage\":\"de\",\"@id\":\"https:\/\/www.lift-mtb.com\/de\/#\/schema\/logo\/image\/\",\"url\":\"https:\/\/www.lift-mtb.com\/wp-content\/uploads\/2022\/01\/electric-kit-for-bike-1.jpg\",\"contentUrl\":\"https:\/\/www.lift-mtb.com\/wp-content\/uploads\/2022\/01\/electric-kit-for-bike-1.jpg\",\"width\":1223,\"height\":560,\"caption\":\"LIFT-MTB\"},\"image\":{\"@id\":\"https:\/\/www.lift-mtb.com\/de\/#\/schema\/logo\/image\/\"}}]}<\/script>\n<!-- \/ Yoast SEO plugin. -->","yoast_head_json":{"title":"LIFT-MTB-Ladeger\u00e4t f\u00fcr Lithium-Ionen-Fahrradakkus","description":"Ladeger\u00e4t f\u00fcr LIFT-MTB - Batterie Ladestrom1.5 a 2 Ampere. Erm\u00f6glicht eine Ladezeit von ca. 30 Minuten pro A\/h - Fahrradmotorset!","robots":{"index":"index","follow":"follow","max-snippet":"max-snippet:-1","max-image-preview":"max-image-preview:large","max-video-preview":"max-video-preview:-1"},"canonical":"https:\/\/www.lift-mtb.com\/de\/produit\/lader-lift-mtb\/","og_locale":"de_DE","og_type":"article","og_title":"LIFT-MTB-Ladeger\u00e4t f\u00fcr Lithium-Ionen-Fahrradakkus","og_description":"Ladeger\u00e4t f\u00fcr LIFT-MTB - Batterie Ladestrom1.5 a 2 Ampere. Erm\u00f6glicht eine Ladezeit von ca. 30 Minuten pro A\/h - Fahrradmotorset!","og_url":"https:\/\/www.lift-mtb.com\/de\/produit\/lader-lift-mtb\/","og_site_name":"LIFT-MTB","article_modified_time":"2024-06-05T22:37:53+00:00","og_image":[{"width":418,"height":276,"url":"https:\/\/www.lift-mtb.com\/wp-content\/uploads\/2022\/02\/chargeur-batterie-velo-electrique.png","type":"image\/png"}],"twitter_card":"summary_large_image","twitter_misc":{"Gesch\u00e4tzte Lesezeit":"1\u00a0Minute"},"schema":{"@context":"https:\/\/schema.org","@graph":[{"@type":"WebPage","@id":"https:\/\/www.lift-mtb.com\/de\/produit\/lader-lift-mtb\/","url":"https:\/\/www.lift-mtb.com\/de\/produit\/lader-lift-mtb\/","name":"LIFT-MTB-Ladeger\u00e4t f\u00fcr Lithium-Ionen-Fahrradakkus","isPartOf":{"@id":"https:\/\/www.lift-mtb.com\/de\/#website"},"primaryImageOfPage":{"@id":"https:\/\/www.lift-mtb.com\/de\/produit\/lader-lift-mtb\/#primaryimage"},"image":{"@id":"https:\/\/www.lift-mtb.com\/de\/produit\/lader-lift-mtb\/#primaryimage"},"thumbnailUrl":"https:\/\/www.lift-mtb.com\/wp-content\/uploads\/2022\/02\/chargeur-vttae-chargeur-vtt-electrique-chargeur-yamaha-scaled.jpg","datePublished":"2022-02-24T13:30:58+00:00","dateModified":"2024-06-05T22:37:53+00:00","description":"Ladeger\u00e4t f\u00fcr LIFT-MTB - Batterie Ladestrom1.5 a 2 Ampere. Erm\u00f6glicht eine Ladezeit von ca. 30 Minuten pro A\/h - Fahrradmotorset!","breadcrumb":{"@id":"https:\/\/www.lift-mtb.com\/de\/produit\/lader-lift-mtb\/#breadcrumb"},"inLanguage":"de","potentialAction":[{"@type":"ReadAction","target":["https:\/\/www.lift-mtb.com\/de\/produit\/lader-lift-mtb\/"]}]},{"@type":"ImageObject","inLanguage":"de","@id":"https:\/\/www.lift-mtb.com\/de\/produit\/lader-lift-mtb\/#primaryimage","url":"https:\/\/www.lift-mtb.com\/wp-content\/uploads\/2022\/02\/chargeur-vttae-chargeur-vtt-electrique-chargeur-yamaha-scaled.jpg","contentUrl":"https:\/\/www.lift-mtb.com\/wp-content\/uploads\/2022\/02\/chargeur-vttae-chargeur-vtt-electrique-chargeur-yamaha-scaled.jpg","width":2560,"height":1696,"caption":"chargeur batterie 36v"},{"@type":"BreadcrumbList","@id":"https:\/\/www.lift-mtb.com\/de\/produit\/lader-lift-mtb\/#breadcrumb","itemListElement":[{"@type":"ListItem","position":1,"name":"Accueil","item":"https:\/\/www.lift-mtb.com\/de\/"},{"@type":"ListItem","position":2,"name":"Shop","item":"https:\/\/www.lift-mtb.com\/de\/shop\/"},{"@type":"ListItem","position":3,"name":"Ersatzteile","item":"https:\/\/www.lift-mtb.com\/de\/produkt-kategorie\/ersatzteile\/"},{"@type":"ListItem","position":4,"name":"Elektronische M\u00fcnzen","item":"https:\/\/www.lift-mtb.com\/de\/produkt-kategorie\/ersatzteile\/elektronische-muenzen\/"},{"@type":"ListItem","position":5,"name":"LIFT-MTB Lader"}]},{"@type":"WebSite","@id":"https:\/\/www.lift-mtb.com\/de\/#website","url":"https:\/\/www.lift-mtb.com\/de\/","name":"LIFT-MTB","description":"Transformer son v\u00e9lo en \u00e9lectrique rapidement !","publisher":{"@id":"https:\/\/www.lift-mtb.com\/de\/#organization"},"potentialAction":[{"@type":"SearchAction","target":{"@type":"EntryPoint","urlTemplate":"https:\/\/www.lift-mtb.com\/de\/?s={search_term_string}"},"query-input":{"@type":"PropertyValueSpecification","valueRequired":true,"valueName":"search_term_string"}}],"inLanguage":"de"},{"@type":"Organization","@id":"https:\/\/www.lift-mtb.com\/de\/#organization","name":"LIFT-MTB","url":"https:\/\/www.lift-mtb.com\/de\/","logo":{"@type":"ImageObject","inLanguage":"de","@id":"https:\/\/www.lift-mtb.com\/de\/#\/schema\/logo\/image\/","url":"https:\/\/www.lift-mtb.com\/wp-content\/uploads\/2022\/01\/electric-kit-for-bike-1.jpg","contentUrl":"https:\/\/www.lift-mtb.com\/wp-content\/uploads\/2022\/01\/electric-kit-for-bike-1.jpg","width":1223,"height":560,"caption":"LIFT-MTB"},"image":{"@id":"https:\/\/www.lift-mtb.com\/de\/#\/schema\/logo\/image\/"}}]}},"_links":{"self":[{"href":"https:\/\/www.lift-mtb.com\/de\/wp-json\/wp\/v2\/product\/39386","targetHints":{"allow":["GET"]}}],"collection":[{"href":"https:\/\/www.lift-mtb.com\/de\/wp-json\/wp\/v2\/product"}],"about":[{"href":"https:\/\/www.lift-mtb.com\/de\/wp-json\/wp\/v2\/types\/product"}],"replies":[{"embeddable":true,"href":"https:\/\/www.lift-mtb.com\/de\/wp-json\/wp\/v2\/comments?post=39386"}],"wp:featuredmedia":[{"embeddable":true,"href":"https:\/\/www.lift-mtb.com\/de\/wp-json\/wp\/v2\/media\/51096"}],"wp:attachment":[{"href":"https:\/\/www.lift-mtb.com\/de\/wp-json\/wp\/v2\/media?parent=39386"}],"wp:term":[{"taxonomy":"product_brand","embeddable":true,"href":"https:\/\/www.lift-mtb.com\/de\/wp-json\/wp\/v2\/product_brand?post=39386"},{"taxonomy":"product_cat","embeddable":true,"href":"https:\/\/www.lift-mtb.com\/de\/wp-json\/wp\/v2\/product_cat?post=39386"},{"taxonomy":"product_tag","embeddable":true,"href":"https:\/\/www.lift-mtb.com\/de\/wp-json\/wp\/v2\/product_tag?post=39386"}],"curies":[{"name":"wp","href":"https:\/\/api.w.org\/{rel}","templated":true}]}}