{"id":39398,"date":"2022-02-24T13:52:00","date_gmt":"2022-02-24T12:52:00","guid":{"rendered":"https:\/produit\/kompletter-controller-controller-kabelbaum-trigger\/"},"modified":"2026-01-05T08:40:21","modified_gmt":"2026-01-05T07:40:21","slug":"controller-motor-komplett-von-elektrofahrrad","status":"publish","type":"product","link":"https:\/\/www.lift-mtb.com\/de\/produit\/controller-motor-komplett-von-elektrofahrrad\/","title":{"rendered":"Kompletter Controller (Controller + Kabelbaum + Trigger )"},"content":{"rendered":"<h2>Kompletter Motorcontroller (Controller+ Kabelbaum + Trigger ) <a href=\"https:\/\/www.youtube.com\/@LIFTMTBTV\/featured\">LIFT MTB<\/a><\/h2>\n<p>Das komplette Set besteht aus dem Controller, der am Motor befestigt wird.<\/p>\n<p>Dann den Kabelbaum, der die Verbindung zum Abzug herstellt.<\/p>\n<p>Die sie an der Lenkstange Ihres Fahrrads befestigt.<\/p>\n<p>Dieses Set ist auch mit allen Versionen des LIFT MTB v1,v2,v3,v4 E-Bike-Sets von 2012 bis heute kompatibel.<\/p>\n<p>Wird mit <a href=\"https:\/produit\/gaine-retractable\/\">Schrumpfschl\u00e4uchen<\/a> geliefert .<\/p>\n<p>Es ist sehr einfach zu installieren oder zu entfernen, indem man es an das Motorkabel anschlie\u00dft oder abzieht.<\/p>\n<p>Ein Motor, bei dem die Steuerung des Gaspedals nicht mehr richtig funktioniert, ist ein Zeichen f\u00fcr einen Steuerger\u00e4tefehler, dies geschieht aus drei Gr\u00fcnden:<\/p>\n<p>Wenn Sie die Batterie dauerhaft anschlie\u00dfen, ohne sich in der OFF-Position zu befinden, hat der Trigger<\/p>\n<p>&#8211; Ein Eintauchen ins Wasser.<\/p>\n<p>&#8211; \u00dcberhitzung durch eine zu gro\u00dfe \u00dcbersetzung, wenn man nicht genug &#8220;Beinarbeit&#8221; leistet (das Ritzel der hinteren Kassette ist im Verh\u00e4ltnis zum Tempo des Fahrrads zu klein), vor allem auf der Stra\u00dfe, wenn man lange schnell fahren will.<\/p>\n<p><strong>Hinweis:<\/strong> Der Kontrollbildschirm erm\u00f6glicht es Ihnen, diese Anwendungsbereiche zu \u00fcberpr\u00fcfen. Wenn Sie diesen nicht haben und Ihr Controller defekt ist, empfehlen wir Ihnen, ihn zu kaufen und die Daten w\u00e4hrend der Fahrt zu \u00fcberpr\u00fcfen, um den Verbrauch zu optimieren und eine \u00dcberhitzung zu vermeiden.<\/p>\n<p>Denken Sie daran, eine 20-Ampere-Sicherung in die Batterie einzubauen, falls dies nicht der Fall ist, da dies den Controller vor \u00dcberhitzung sch\u00fctzt.<\/p>\n<p>Sie k\u00f6nnen unter dem Schrumpfschlauch mit einem Kitt wie Rubson toiture Butyl , oder einem anderen Kitt abdichten.<\/p>\n<div class=\"video-shortcode\"><iframe title=\"Replacement controller\/trigger\/harness assembly on LIFT-MTB V1 V2 V3 V4 kit\" width=\"1375\" height=\"773\" src=\"https:\/\/www.youtube.com\/embed\/E86Rx5rYXqw?feature=oembed\" frameborder=\"0\" allow=\"accelerometer; autoplay; clipboard-write; encrypted-media; gyroscope; picture-in-picture; web-share\" allowfullscreen><\/iframe><\/div>\n<p>&nbsp;<\/p>\n","protected":false},"excerpt":{"rendered":"<p><strong>Beschreibung:<\/strong><\/p>\n<ul>\n<li>Kompatibel mit allen V1 \/V2 \/V3\/ V4-Motoren<\/li>\n<li>Kompletter Kabelbaum mit Abzug, der f\u00fcr die Montage des Tretlagersensors vorger\u00fcstet ist .<\/li>\n<li>Inklusive Schrumpfschl\u00e4uche f\u00fcr die Montage<\/li>\n<li>Sehr einfach zu wechseln Es muss nur an das Motorkabel angeschlossen werden, um es zu installieren.<\/li>\n<\/ul>\n<p><span class=\"Y2IQFc\" lang=\"de\">Diese neue, bel\u00fcftete Version bietet eine verbesserte K\u00fchlung und verf\u00fcgt \u00fcber ein integriertes Anti-Funken-System, das das Risiko von Bauteilsch\u00e4den verringert, wenn die Batterie bei ausgeschalteter Z\u00fcndung angeschlossen wird. <\/span><\/p>\n<p><span class=\"Y2IQFc\" lang=\"de\">Mit Abmessungen von 90 mm x 70 mm x 30 mm ist sie etwas gr\u00f6\u00dfer als die Vorg\u00e4ngerversion. Je nach Motormodell kann f\u00fcr die Montage ein kleiner Ausschnitt im Motorschutz unter dem Rahmen erforderlich sein.<\/span><\/p>\n","protected":false},"featured_media":8307,"comment_status":"open","ping_status":"closed","template":"","meta":[],"product_brand":[],"product_cat":[848],"product_tag":[],"class_list":{"0":"post-39398","1":"product","2":"type-product","3":"status-publish","4":"has-post-thumbnail","6":"product_cat-elektronische-muenzen","8":"first","9":"instock","10":"taxable","11":"shipping-taxable","12":"purchasable","13":"product-type-simple"},"yoast_head":"<!-- This site is optimized with the Yoast SEO plugin v26.9 - https:\/\/yoast.com\/product\/yoast-seo-wordpress\/ -->\n<title>Kompletter Motorcontroller (Controller &amp; Kabelbaum).<\/title>\n<meta name=\"description\" content=\"Motorcontroller kompatibel mit allen - Kompletter Kabelbaum mit Abzug, der f\u00fcr die Montage des Tretlagersensors vorger\u00fcstet ist.\" \/>\n<meta name=\"robots\" content=\"index, follow, max-snippet:-1, max-image-preview:large, max-video-preview:-1\" \/>\n<link rel=\"canonical\" href=\"https:\/\/www.lift-mtb.com\/de\/produit\/controller-motor-komplett-von-elektrofahrrad\/\" \/>\n<meta property=\"og:locale\" content=\"de_DE\" \/>\n<meta property=\"og:type\" content=\"article\" \/>\n<meta property=\"og:title\" content=\"Kompletter Motorcontroller (Controller &amp; Kabelbaum).\" \/>\n<meta property=\"og:description\" content=\"Motorcontroller kompatibel mit allen - Kompletter Kabelbaum mit Abzug, der f\u00fcr die Montage des Tretlagersensors vorger\u00fcstet ist.\" \/>\n<meta property=\"og:url\" content=\"https:\/\/www.lift-mtb.com\/de\/produit\/controller-motor-komplett-von-elektrofahrrad\/\" \/>\n<meta property=\"og:site_name\" content=\"LIFT-MTB\" \/>\n<meta property=\"article:modified_time\" content=\"2026-01-05T07:40:21+00:00\" \/>\n<meta property=\"og:image\" content=\"https:\/\/www.lift-mtb.com\/wp-content\/uploads\/2022\/02\/controleur-complet-kit-moteur-pedalier-velo-elctrique-1-scaled.jpg\" \/>\n\t<meta property=\"og:image:width\" content=\"3024\" \/>\n\t<meta property=\"og:image:height\" content=\"3780\" \/>\n\t<meta property=\"og:image:type\" content=\"image\/jpeg\" \/>\n<meta name=\"twitter:card\" content=\"summary_large_image\" \/>\n<meta name=\"twitter:label1\" content=\"Gesch\u00e4tzte Lesezeit\" \/>\n\t<meta name=\"twitter:data1\" content=\"2\u00a0Minuten\" \/>\n<script type=\"application\/ld+json\" class=\"yoast-schema-graph\">{\"@context\":\"https:\/\/schema.org\",\"@graph\":[{\"@type\":\"WebPage\",\"@id\":\"https:\/\/www.lift-mtb.com\/de\/produit\/controller-motor-komplett-von-elektrofahrrad\/\",\"url\":\"https:\/\/www.lift-mtb.com\/de\/produit\/controller-motor-komplett-von-elektrofahrrad\/\",\"name\":\"Kompletter Motorcontroller (Controller & Kabelbaum).\",\"isPartOf\":{\"@id\":\"https:\/\/www.lift-mtb.com\/de\/#website\"},\"primaryImageOfPage\":{\"@id\":\"https:\/\/www.lift-mtb.com\/de\/produit\/controller-motor-komplett-von-elektrofahrrad\/#primaryimage\"},\"image\":{\"@id\":\"https:\/\/www.lift-mtb.com\/de\/produit\/controller-motor-komplett-von-elektrofahrrad\/#primaryimage\"},\"thumbnailUrl\":\"https:\/\/www.lift-mtb.com\/wp-content\/uploads\/2022\/02\/controleur-complet-kit-moteur-pedalier-velo-elctrique-1-scaled.jpg\",\"datePublished\":\"2022-02-24T12:52:00+00:00\",\"dateModified\":\"2026-01-05T07:40:21+00:00\",\"description\":\"Motorcontroller kompatibel mit allen - Kompletter Kabelbaum mit Abzug, der f\u00fcr die Montage des Tretlagersensors vorger\u00fcstet ist.\",\"breadcrumb\":{\"@id\":\"https:\/\/www.lift-mtb.com\/de\/produit\/controller-motor-komplett-von-elektrofahrrad\/#breadcrumb\"},\"inLanguage\":\"de\",\"potentialAction\":[{\"@type\":\"ReadAction\",\"target\":[\"https:\/\/www.lift-mtb.com\/de\/produit\/controller-motor-komplett-von-elektrofahrrad\/\"]}]},{\"@type\":\"ImageObject\",\"inLanguage\":\"de\",\"@id\":\"https:\/\/www.lift-mtb.com\/de\/produit\/controller-motor-komplett-von-elektrofahrrad\/#primaryimage\",\"url\":\"https:\/\/www.lift-mtb.com\/wp-content\/uploads\/2022\/02\/controleur-complet-kit-moteur-pedalier-velo-elctrique-1-scaled.jpg\",\"contentUrl\":\"https:\/\/www.lift-mtb.com\/wp-content\/uploads\/2022\/02\/controleur-complet-kit-moteur-pedalier-velo-elctrique-1-scaled.jpg\",\"width\":3024,\"height\":3780,\"caption\":\"Kompletter Motorcontroller LIFT-MTB\"},{\"@type\":\"BreadcrumbList\",\"@id\":\"https:\/\/www.lift-mtb.com\/de\/produit\/controller-motor-komplett-von-elektrofahrrad\/#breadcrumb\",\"itemListElement\":[{\"@type\":\"ListItem\",\"position\":1,\"name\":\"Accueil\",\"item\":\"https:\/\/www.lift-mtb.com\/de\/\"},{\"@type\":\"ListItem\",\"position\":2,\"name\":\"Shop\",\"item\":\"https:\/\/www.lift-mtb.com\/de\/shop\/\"},{\"@type\":\"ListItem\",\"position\":3,\"name\":\"Ersatzteile\",\"item\":\"https:\/\/www.lift-mtb.com\/de\/produkt-kategorie\/ersatzteile\/\"},{\"@type\":\"ListItem\",\"position\":4,\"name\":\"Elektronische M\u00fcnzen\",\"item\":\"https:\/\/www.lift-mtb.com\/de\/produkt-kategorie\/ersatzteile\/elektronische-muenzen\/\"},{\"@type\":\"ListItem\",\"position\":5,\"name\":\"Kompletter Controller (Controller + Kabelbaum + Trigger )\"}]},{\"@type\":\"WebSite\",\"@id\":\"https:\/\/www.lift-mtb.com\/de\/#website\",\"url\":\"https:\/\/www.lift-mtb.com\/de\/\",\"name\":\"LIFT-MTB\",\"description\":\"Transformer son v\u00e9lo en \u00e9lectrique rapidement !\",\"publisher\":{\"@id\":\"https:\/\/www.lift-mtb.com\/de\/#organization\"},\"potentialAction\":[{\"@type\":\"SearchAction\",\"target\":{\"@type\":\"EntryPoint\",\"urlTemplate\":\"https:\/\/www.lift-mtb.com\/de\/?s={search_term_string}\"},\"query-input\":{\"@type\":\"PropertyValueSpecification\",\"valueRequired\":true,\"valueName\":\"search_term_string\"}}],\"inLanguage\":\"de\"},{\"@type\":\"Organization\",\"@id\":\"https:\/\/www.lift-mtb.com\/de\/#organization\",\"name\":\"LIFT-MTB\",\"url\":\"https:\/\/www.lift-mtb.com\/de\/\",\"logo\":{\"@type\":\"ImageObject\",\"inLanguage\":\"de\",\"@id\":\"https:\/\/www.lift-mtb.com\/de\/#\/schema\/logo\/image\/\",\"url\":\"https:\/\/www.lift-mtb.com\/wp-content\/uploads\/2022\/01\/electric-kit-for-bike-1.jpg\",\"contentUrl\":\"https:\/\/www.lift-mtb.com\/wp-content\/uploads\/2022\/01\/electric-kit-for-bike-1.jpg\",\"width\":1223,\"height\":560,\"caption\":\"LIFT-MTB\"},\"image\":{\"@id\":\"https:\/\/www.lift-mtb.com\/de\/#\/schema\/logo\/image\/\"}}]}<\/script>\n<!-- \/ Yoast SEO plugin. -->","yoast_head_json":{"title":"Kompletter Motorcontroller (Controller & Kabelbaum).","description":"Motorcontroller kompatibel mit allen - Kompletter Kabelbaum mit Abzug, der f\u00fcr die Montage des Tretlagersensors vorger\u00fcstet ist.","robots":{"index":"index","follow":"follow","max-snippet":"max-snippet:-1","max-image-preview":"max-image-preview:large","max-video-preview":"max-video-preview:-1"},"canonical":"https:\/\/www.lift-mtb.com\/de\/produit\/controller-motor-komplett-von-elektrofahrrad\/","og_locale":"de_DE","og_type":"article","og_title":"Kompletter Motorcontroller (Controller & Kabelbaum).","og_description":"Motorcontroller kompatibel mit allen - Kompletter Kabelbaum mit Abzug, der f\u00fcr die Montage des Tretlagersensors vorger\u00fcstet ist.","og_url":"https:\/\/www.lift-mtb.com\/de\/produit\/controller-motor-komplett-von-elektrofahrrad\/","og_site_name":"LIFT-MTB","article_modified_time":"2026-01-05T07:40:21+00:00","og_image":[{"width":3024,"height":3780,"url":"https:\/\/www.lift-mtb.com\/wp-content\/uploads\/2022\/02\/controleur-complet-kit-moteur-pedalier-velo-elctrique-1-scaled.jpg","type":"image\/jpeg"}],"twitter_card":"summary_large_image","twitter_misc":{"Gesch\u00e4tzte Lesezeit":"2\u00a0Minuten"},"schema":{"@context":"https:\/\/schema.org","@graph":[{"@type":"WebPage","@id":"https:\/\/www.lift-mtb.com\/de\/produit\/controller-motor-komplett-von-elektrofahrrad\/","url":"https:\/\/www.lift-mtb.com\/de\/produit\/controller-motor-komplett-von-elektrofahrrad\/","name":"Kompletter Motorcontroller (Controller & Kabelbaum).","isPartOf":{"@id":"https:\/\/www.lift-mtb.com\/de\/#website"},"primaryImageOfPage":{"@id":"https:\/\/www.lift-mtb.com\/de\/produit\/controller-motor-komplett-von-elektrofahrrad\/#primaryimage"},"image":{"@id":"https:\/\/www.lift-mtb.com\/de\/produit\/controller-motor-komplett-von-elektrofahrrad\/#primaryimage"},"thumbnailUrl":"https:\/\/www.lift-mtb.com\/wp-content\/uploads\/2022\/02\/controleur-complet-kit-moteur-pedalier-velo-elctrique-1-scaled.jpg","datePublished":"2022-02-24T12:52:00+00:00","dateModified":"2026-01-05T07:40:21+00:00","description":"Motorcontroller kompatibel mit allen - Kompletter Kabelbaum mit Abzug, der f\u00fcr die Montage des Tretlagersensors vorger\u00fcstet ist.","breadcrumb":{"@id":"https:\/\/www.lift-mtb.com\/de\/produit\/controller-motor-komplett-von-elektrofahrrad\/#breadcrumb"},"inLanguage":"de","potentialAction":[{"@type":"ReadAction","target":["https:\/\/www.lift-mtb.com\/de\/produit\/controller-motor-komplett-von-elektrofahrrad\/"]}]},{"@type":"ImageObject","inLanguage":"de","@id":"https:\/\/www.lift-mtb.com\/de\/produit\/controller-motor-komplett-von-elektrofahrrad\/#primaryimage","url":"https:\/\/www.lift-mtb.com\/wp-content\/uploads\/2022\/02\/controleur-complet-kit-moteur-pedalier-velo-elctrique-1-scaled.jpg","contentUrl":"https:\/\/www.lift-mtb.com\/wp-content\/uploads\/2022\/02\/controleur-complet-kit-moteur-pedalier-velo-elctrique-1-scaled.jpg","width":3024,"height":3780,"caption":"Kompletter Motorcontroller LIFT-MTB"},{"@type":"BreadcrumbList","@id":"https:\/\/www.lift-mtb.com\/de\/produit\/controller-motor-komplett-von-elektrofahrrad\/#breadcrumb","itemListElement":[{"@type":"ListItem","position":1,"name":"Accueil","item":"https:\/\/www.lift-mtb.com\/de\/"},{"@type":"ListItem","position":2,"name":"Shop","item":"https:\/\/www.lift-mtb.com\/de\/shop\/"},{"@type":"ListItem","position":3,"name":"Ersatzteile","item":"https:\/\/www.lift-mtb.com\/de\/produkt-kategorie\/ersatzteile\/"},{"@type":"ListItem","position":4,"name":"Elektronische M\u00fcnzen","item":"https:\/\/www.lift-mtb.com\/de\/produkt-kategorie\/ersatzteile\/elektronische-muenzen\/"},{"@type":"ListItem","position":5,"name":"Kompletter Controller (Controller + Kabelbaum + Trigger )"}]},{"@type":"WebSite","@id":"https:\/\/www.lift-mtb.com\/de\/#website","url":"https:\/\/www.lift-mtb.com\/de\/","name":"LIFT-MTB","description":"Transformer son v\u00e9lo en \u00e9lectrique rapidement !","publisher":{"@id":"https:\/\/www.lift-mtb.com\/de\/#organization"},"potentialAction":[{"@type":"SearchAction","target":{"@type":"EntryPoint","urlTemplate":"https:\/\/www.lift-mtb.com\/de\/?s={search_term_string}"},"query-input":{"@type":"PropertyValueSpecification","valueRequired":true,"valueName":"search_term_string"}}],"inLanguage":"de"},{"@type":"Organization","@id":"https:\/\/www.lift-mtb.com\/de\/#organization","name":"LIFT-MTB","url":"https:\/\/www.lift-mtb.com\/de\/","logo":{"@type":"ImageObject","inLanguage":"de","@id":"https:\/\/www.lift-mtb.com\/de\/#\/schema\/logo\/image\/","url":"https:\/\/www.lift-mtb.com\/wp-content\/uploads\/2022\/01\/electric-kit-for-bike-1.jpg","contentUrl":"https:\/\/www.lift-mtb.com\/wp-content\/uploads\/2022\/01\/electric-kit-for-bike-1.jpg","width":1223,"height":560,"caption":"LIFT-MTB"},"image":{"@id":"https:\/\/www.lift-mtb.com\/de\/#\/schema\/logo\/image\/"}}]}},"_links":{"self":[{"href":"https:\/\/www.lift-mtb.com\/de\/wp-json\/wp\/v2\/product\/39398","targetHints":{"allow":["GET"]}}],"collection":[{"href":"https:\/\/www.lift-mtb.com\/de\/wp-json\/wp\/v2\/product"}],"about":[{"href":"https:\/\/www.lift-mtb.com\/de\/wp-json\/wp\/v2\/types\/product"}],"replies":[{"embeddable":true,"href":"https:\/\/www.lift-mtb.com\/de\/wp-json\/wp\/v2\/comments?post=39398"}],"wp:featuredmedia":[{"embeddable":true,"href":"https:\/\/www.lift-mtb.com\/de\/wp-json\/wp\/v2\/media\/8307"}],"wp:attachment":[{"href":"https:\/\/www.lift-mtb.com\/de\/wp-json\/wp\/v2\/media?parent=39398"}],"wp:term":[{"taxonomy":"product_brand","embeddable":true,"href":"https:\/\/www.lift-mtb.com\/de\/wp-json\/wp\/v2\/product_brand?post=39398"},{"taxonomy":"product_cat","embeddable":true,"href":"https:\/\/www.lift-mtb.com\/de\/wp-json\/wp\/v2\/product_cat?post=39398"},{"taxonomy":"product_tag","embeddable":true,"href":"https:\/\/www.lift-mtb.com\/de\/wp-json\/wp\/v2\/product_tag?post=39398"}],"curies":[{"name":"wp","href":"https:\/\/api.w.org\/{rel}","templated":true}]}}