{"id":39422,"date":"2022-02-24T14:21:04","date_gmt":"2022-02-24T13:21:04","guid":{"rendered":"https:\/produit\/x1-paar-anderson-stecker\/"},"modified":"2025-06-12T03:42:04","modified_gmt":"2025-06-12T01:42:04","slug":"verbinder-anderson-fur-fahrradbatterie","status":"publish","type":"product","link":"https:\/\/www.lift-mtb.com\/de\/produit\/verbinder-anderson-fur-fahrradbatterie\/","title":{"rendered":"x1 Paar anderson-Stecker"},"content":{"rendered":"<h3>Anderson-Steckerpaar<\/h3>\n<p>Unsere <a href=\"https:\/categorie-produit\/pieces-detachees\/pieces-electronique\/\">Anderson-Anschl\u00fcsse<\/a> werden paarweise verkauft (also ein schwarzer und ein roter Stecker + 2 Kabelschuhe).<\/p>\n<p>Sie verkauften es mit einem <a href=\"http:\/\/Paire%20de%20connecteur%20anderson\">Schrumpfschlauch <\/a>, mit dem die Anschl\u00fcsse gesch\u00fctzt und abgedichtet werden k\u00f6nnen.<\/p>\n","protected":false},"excerpt":{"rendered":"<p><strong>Beschreibung:<\/strong><\/p>\n<ul>\n<li>Wird als Paar verkauft (also ein schwarzer und ein roter Stecker + 2 Kabelschuhe )<\/li>\n<li>Anschlusstechnik Typ &#8220;Anderson&#8221;.<\/li>\n<li>Mit x1 Schrumpfschlauch.<\/li>\n<\/ul>\n","protected":false},"featured_media":8385,"comment_status":"open","ping_status":"closed","template":"","meta":[],"product_brand":[],"product_cat":[848],"product_tag":[],"class_list":{"0":"post-39422","1":"product","2":"type-product","3":"status-publish","4":"has-post-thumbnail","6":"product_cat-elektronische-muenzen","8":"first","9":"instock","10":"taxable","11":"shipping-taxable","12":"purchasable","13":"product-type-simple"},"yoast_head":"<!-- This site is optimized with the Yoast SEO plugin v26.9 - https:\/\/yoast.com\/product\/yoast-seo-wordpress\/ -->\n<title>Anderson-Steckverbinder f\u00fcr den elektrischen Fahrradumbausatz.<\/title>\n<meta name=\"description\" content=\"Wird als Paar verkauft (also ein schwarzer und ein roter Stecker + 2 Kabelschuhe ) - Steckverbinder Typ &quot;Anderson&quot; - Mit x1 Schrumpfschlauch.\" \/>\n<meta name=\"robots\" content=\"index, follow, max-snippet:-1, max-image-preview:large, max-video-preview:-1\" \/>\n<link rel=\"canonical\" href=\"https:\/\/www.lift-mtb.com\/de\/produit\/verbinder-anderson-fur-fahrradbatterie\/\" \/>\n<meta property=\"og:locale\" content=\"de_DE\" \/>\n<meta property=\"og:type\" content=\"article\" \/>\n<meta property=\"og:title\" content=\"Anderson-Steckverbinder f\u00fcr den elektrischen Fahrradumbausatz.\" \/>\n<meta property=\"og:description\" content=\"Wird als Paar verkauft (also ein schwarzer und ein roter Stecker + 2 Kabelschuhe ) - Steckverbinder Typ &quot;Anderson&quot; - Mit x1 Schrumpfschlauch.\" \/>\n<meta property=\"og:url\" content=\"https:\/\/www.lift-mtb.com\/de\/produit\/verbinder-anderson-fur-fahrradbatterie\/\" \/>\n<meta property=\"og:site_name\" content=\"LIFT-MTB\" \/>\n<meta property=\"article:modified_time\" content=\"2025-06-12T01:42:04+00:00\" \/>\n<meta property=\"og:image\" content=\"https:\/\/www.lift-mtb.com\/wp-content\/uploads\/2022\/02\/anderson.jpg\" \/>\n\t<meta property=\"og:image:width\" content=\"1024\" \/>\n\t<meta property=\"og:image:height\" content=\"680\" \/>\n\t<meta property=\"og:image:type\" content=\"image\/jpeg\" \/>\n<meta name=\"twitter:card\" content=\"summary_large_image\" \/>\n<script type=\"application\/ld+json\" class=\"yoast-schema-graph\">{\"@context\":\"https:\/\/schema.org\",\"@graph\":[{\"@type\":\"WebPage\",\"@id\":\"https:\/\/www.lift-mtb.com\/de\/produit\/verbinder-anderson-fur-fahrradbatterie\/\",\"url\":\"https:\/\/www.lift-mtb.com\/de\/produit\/verbinder-anderson-fur-fahrradbatterie\/\",\"name\":\"Anderson-Steckverbinder f\u00fcr den elektrischen Fahrradumbausatz.\",\"isPartOf\":{\"@id\":\"https:\/\/www.lift-mtb.com\/de\/#website\"},\"primaryImageOfPage\":{\"@id\":\"https:\/\/www.lift-mtb.com\/de\/produit\/verbinder-anderson-fur-fahrradbatterie\/#primaryimage\"},\"image\":{\"@id\":\"https:\/\/www.lift-mtb.com\/de\/produit\/verbinder-anderson-fur-fahrradbatterie\/#primaryimage\"},\"thumbnailUrl\":\"https:\/\/www.lift-mtb.com\/wp-content\/uploads\/2022\/02\/anderson.jpg\",\"datePublished\":\"2022-02-24T13:21:04+00:00\",\"dateModified\":\"2025-06-12T01:42:04+00:00\",\"description\":\"Wird als Paar verkauft (also ein schwarzer und ein roter Stecker + 2 Kabelschuhe ) - Steckverbinder Typ \\\"Anderson\\\" - Mit x1 Schrumpfschlauch.\",\"breadcrumb\":{\"@id\":\"https:\/\/www.lift-mtb.com\/de\/produit\/verbinder-anderson-fur-fahrradbatterie\/#breadcrumb\"},\"inLanguage\":\"de\",\"potentialAction\":[{\"@type\":\"ReadAction\",\"target\":[\"https:\/\/www.lift-mtb.com\/de\/produit\/verbinder-anderson-fur-fahrradbatterie\/\"]}]},{\"@type\":\"ImageObject\",\"inLanguage\":\"de\",\"@id\":\"https:\/\/www.lift-mtb.com\/de\/produit\/verbinder-anderson-fur-fahrradbatterie\/#primaryimage\",\"url\":\"https:\/\/www.lift-mtb.com\/wp-content\/uploads\/2022\/02\/anderson.jpg\",\"contentUrl\":\"https:\/\/www.lift-mtb.com\/wp-content\/uploads\/2022\/02\/anderson.jpg\",\"width\":1024,\"height\":680,\"caption\":\"Connectique Anderson\"},{\"@type\":\"BreadcrumbList\",\"@id\":\"https:\/\/www.lift-mtb.com\/de\/produit\/verbinder-anderson-fur-fahrradbatterie\/#breadcrumb\",\"itemListElement\":[{\"@type\":\"ListItem\",\"position\":1,\"name\":\"Accueil\",\"item\":\"https:\/\/www.lift-mtb.com\/de\/\"},{\"@type\":\"ListItem\",\"position\":2,\"name\":\"Shop\",\"item\":\"https:\/\/www.lift-mtb.com\/de\/shop\/\"},{\"@type\":\"ListItem\",\"position\":3,\"name\":\"Ersatzteile\",\"item\":\"https:\/\/www.lift-mtb.com\/de\/produkt-kategorie\/ersatzteile\/\"},{\"@type\":\"ListItem\",\"position\":4,\"name\":\"Elektronische M\u00fcnzen\",\"item\":\"https:\/\/www.lift-mtb.com\/de\/produkt-kategorie\/ersatzteile\/elektronische-muenzen\/\"},{\"@type\":\"ListItem\",\"position\":5,\"name\":\"x1 Paar anderson-Stecker\"}]},{\"@type\":\"WebSite\",\"@id\":\"https:\/\/www.lift-mtb.com\/de\/#website\",\"url\":\"https:\/\/www.lift-mtb.com\/de\/\",\"name\":\"LIFT-MTB\",\"description\":\"Transformer son v\u00e9lo en \u00e9lectrique rapidement !\",\"publisher\":{\"@id\":\"https:\/\/www.lift-mtb.com\/de\/#organization\"},\"potentialAction\":[{\"@type\":\"SearchAction\",\"target\":{\"@type\":\"EntryPoint\",\"urlTemplate\":\"https:\/\/www.lift-mtb.com\/de\/?s={search_term_string}\"},\"query-input\":{\"@type\":\"PropertyValueSpecification\",\"valueRequired\":true,\"valueName\":\"search_term_string\"}}],\"inLanguage\":\"de\"},{\"@type\":\"Organization\",\"@id\":\"https:\/\/www.lift-mtb.com\/de\/#organization\",\"name\":\"LIFT-MTB\",\"url\":\"https:\/\/www.lift-mtb.com\/de\/\",\"logo\":{\"@type\":\"ImageObject\",\"inLanguage\":\"de\",\"@id\":\"https:\/\/www.lift-mtb.com\/de\/#\/schema\/logo\/image\/\",\"url\":\"https:\/\/www.lift-mtb.com\/wp-content\/uploads\/2022\/01\/electric-kit-for-bike-1.jpg\",\"contentUrl\":\"https:\/\/www.lift-mtb.com\/wp-content\/uploads\/2022\/01\/electric-kit-for-bike-1.jpg\",\"width\":1223,\"height\":560,\"caption\":\"LIFT-MTB\"},\"image\":{\"@id\":\"https:\/\/www.lift-mtb.com\/de\/#\/schema\/logo\/image\/\"}}]}<\/script>\n<!-- \/ Yoast SEO plugin. -->","yoast_head_json":{"title":"Anderson-Steckverbinder f\u00fcr den elektrischen Fahrradumbausatz.","description":"Wird als Paar verkauft (also ein schwarzer und ein roter Stecker + 2 Kabelschuhe ) - Steckverbinder Typ \"Anderson\" - Mit x1 Schrumpfschlauch.","robots":{"index":"index","follow":"follow","max-snippet":"max-snippet:-1","max-image-preview":"max-image-preview:large","max-video-preview":"max-video-preview:-1"},"canonical":"https:\/\/www.lift-mtb.com\/de\/produit\/verbinder-anderson-fur-fahrradbatterie\/","og_locale":"de_DE","og_type":"article","og_title":"Anderson-Steckverbinder f\u00fcr den elektrischen Fahrradumbausatz.","og_description":"Wird als Paar verkauft (also ein schwarzer und ein roter Stecker + 2 Kabelschuhe ) - Steckverbinder Typ \"Anderson\" - Mit x1 Schrumpfschlauch.","og_url":"https:\/\/www.lift-mtb.com\/de\/produit\/verbinder-anderson-fur-fahrradbatterie\/","og_site_name":"LIFT-MTB","article_modified_time":"2025-06-12T01:42:04+00:00","og_image":[{"width":1024,"height":680,"url":"https:\/\/www.lift-mtb.com\/wp-content\/uploads\/2022\/02\/anderson.jpg","type":"image\/jpeg"}],"twitter_card":"summary_large_image","schema":{"@context":"https:\/\/schema.org","@graph":[{"@type":"WebPage","@id":"https:\/\/www.lift-mtb.com\/de\/produit\/verbinder-anderson-fur-fahrradbatterie\/","url":"https:\/\/www.lift-mtb.com\/de\/produit\/verbinder-anderson-fur-fahrradbatterie\/","name":"Anderson-Steckverbinder f\u00fcr den elektrischen Fahrradumbausatz.","isPartOf":{"@id":"https:\/\/www.lift-mtb.com\/de\/#website"},"primaryImageOfPage":{"@id":"https:\/\/www.lift-mtb.com\/de\/produit\/verbinder-anderson-fur-fahrradbatterie\/#primaryimage"},"image":{"@id":"https:\/\/www.lift-mtb.com\/de\/produit\/verbinder-anderson-fur-fahrradbatterie\/#primaryimage"},"thumbnailUrl":"https:\/\/www.lift-mtb.com\/wp-content\/uploads\/2022\/02\/anderson.jpg","datePublished":"2022-02-24T13:21:04+00:00","dateModified":"2025-06-12T01:42:04+00:00","description":"Wird als Paar verkauft (also ein schwarzer und ein roter Stecker + 2 Kabelschuhe ) - Steckverbinder Typ \"Anderson\" - Mit x1 Schrumpfschlauch.","breadcrumb":{"@id":"https:\/\/www.lift-mtb.com\/de\/produit\/verbinder-anderson-fur-fahrradbatterie\/#breadcrumb"},"inLanguage":"de","potentialAction":[{"@type":"ReadAction","target":["https:\/\/www.lift-mtb.com\/de\/produit\/verbinder-anderson-fur-fahrradbatterie\/"]}]},{"@type":"ImageObject","inLanguage":"de","@id":"https:\/\/www.lift-mtb.com\/de\/produit\/verbinder-anderson-fur-fahrradbatterie\/#primaryimage","url":"https:\/\/www.lift-mtb.com\/wp-content\/uploads\/2022\/02\/anderson.jpg","contentUrl":"https:\/\/www.lift-mtb.com\/wp-content\/uploads\/2022\/02\/anderson.jpg","width":1024,"height":680,"caption":"Connectique Anderson"},{"@type":"BreadcrumbList","@id":"https:\/\/www.lift-mtb.com\/de\/produit\/verbinder-anderson-fur-fahrradbatterie\/#breadcrumb","itemListElement":[{"@type":"ListItem","position":1,"name":"Accueil","item":"https:\/\/www.lift-mtb.com\/de\/"},{"@type":"ListItem","position":2,"name":"Shop","item":"https:\/\/www.lift-mtb.com\/de\/shop\/"},{"@type":"ListItem","position":3,"name":"Ersatzteile","item":"https:\/\/www.lift-mtb.com\/de\/produkt-kategorie\/ersatzteile\/"},{"@type":"ListItem","position":4,"name":"Elektronische M\u00fcnzen","item":"https:\/\/www.lift-mtb.com\/de\/produkt-kategorie\/ersatzteile\/elektronische-muenzen\/"},{"@type":"ListItem","position":5,"name":"x1 Paar anderson-Stecker"}]},{"@type":"WebSite","@id":"https:\/\/www.lift-mtb.com\/de\/#website","url":"https:\/\/www.lift-mtb.com\/de\/","name":"LIFT-MTB","description":"Transformer son v\u00e9lo en \u00e9lectrique rapidement !","publisher":{"@id":"https:\/\/www.lift-mtb.com\/de\/#organization"},"potentialAction":[{"@type":"SearchAction","target":{"@type":"EntryPoint","urlTemplate":"https:\/\/www.lift-mtb.com\/de\/?s={search_term_string}"},"query-input":{"@type":"PropertyValueSpecification","valueRequired":true,"valueName":"search_term_string"}}],"inLanguage":"de"},{"@type":"Organization","@id":"https:\/\/www.lift-mtb.com\/de\/#organization","name":"LIFT-MTB","url":"https:\/\/www.lift-mtb.com\/de\/","logo":{"@type":"ImageObject","inLanguage":"de","@id":"https:\/\/www.lift-mtb.com\/de\/#\/schema\/logo\/image\/","url":"https:\/\/www.lift-mtb.com\/wp-content\/uploads\/2022\/01\/electric-kit-for-bike-1.jpg","contentUrl":"https:\/\/www.lift-mtb.com\/wp-content\/uploads\/2022\/01\/electric-kit-for-bike-1.jpg","width":1223,"height":560,"caption":"LIFT-MTB"},"image":{"@id":"https:\/\/www.lift-mtb.com\/de\/#\/schema\/logo\/image\/"}}]}},"_links":{"self":[{"href":"https:\/\/www.lift-mtb.com\/de\/wp-json\/wp\/v2\/product\/39422","targetHints":{"allow":["GET"]}}],"collection":[{"href":"https:\/\/www.lift-mtb.com\/de\/wp-json\/wp\/v2\/product"}],"about":[{"href":"https:\/\/www.lift-mtb.com\/de\/wp-json\/wp\/v2\/types\/product"}],"replies":[{"embeddable":true,"href":"https:\/\/www.lift-mtb.com\/de\/wp-json\/wp\/v2\/comments?post=39422"}],"wp:featuredmedia":[{"embeddable":true,"href":"https:\/\/www.lift-mtb.com\/de\/wp-json\/wp\/v2\/media\/8385"}],"wp:attachment":[{"href":"https:\/\/www.lift-mtb.com\/de\/wp-json\/wp\/v2\/media?parent=39422"}],"wp:term":[{"taxonomy":"product_brand","embeddable":true,"href":"https:\/\/www.lift-mtb.com\/de\/wp-json\/wp\/v2\/product_brand?post=39422"},{"taxonomy":"product_cat","embeddable":true,"href":"https:\/\/www.lift-mtb.com\/de\/wp-json\/wp\/v2\/product_cat?post=39422"},{"taxonomy":"product_tag","embeddable":true,"href":"https:\/\/www.lift-mtb.com\/de\/wp-json\/wp\/v2\/product_tag?post=39422"}],"curies":[{"name":"wp","href":"https:\/\/api.w.org\/{rel}","templated":true}]}}