{"id":39429,"date":"2022-02-24T14:16:26","date_gmt":"2022-02-24T13:16:26","guid":{"rendered":"https:\/produit\/x1-funkenfreies-steckerpaar\/"},"modified":"2023-02-17T17:24:49","modified_gmt":"2023-02-17T16:24:49","slug":"x1-paar-von-anti-funken-stecker","status":"publish","type":"product","link":"https:\/\/www.lift-mtb.com\/de\/produit\/x1-paar-von-anti-funken-stecker\/","title":{"rendered":"x1 Funkenfreies Steckerpaar"},"content":{"rendered":"<p>&nbsp;<\/p>\n<div id=\"cc-shop-product-desc-text-16273498724\" class=\"description\">\n<p>Wenn Sie die Batterie an den Motor anschlie\u00dfen, muss Ihr Ausl\u00f6ser auf der Position OFF stehen. Denn wenn er auf ON steht, kann die sofortige Abgabe von Batteriestrom zu einer \u00dcberspannung im <a href=\"https:\/produit\/controleur-moteur\/\">Controller<\/a> f\u00fchren, die ihn langfristig besch\u00e4digen k\u00f6nnte. Funkenfreie Stecker verhindern solche Fehlmanipulationen.<\/p>\n<\/div>\n","protected":false},"excerpt":{"rendered":"<p><strong>Beschreibung:<\/strong><\/p>\n<div id=\"cc-shop-product-desc-text-16273498724\" class=\"description\">\n<ul>\n<li>Wird als Paar verkauft (also ein schwarzer und ein gelber Stecker+ 2 Kabelschuhe )<\/li>\n<li>Anschlusstechnik Typ &#8220;xt90s&#8221;.<\/li>\n<li>Mit x1 Schrumpfschlauch.<\/li>\n<\/ul>\n<\/div>\n","protected":false},"featured_media":8380,"comment_status":"open","ping_status":"closed","template":"","meta":[],"product_brand":[],"product_cat":[848],"product_tag":[],"class_list":{"0":"post-39429","1":"product","2":"type-product","3":"status-publish","4":"has-post-thumbnail","6":"product_cat-elektronische-muenzen","8":"first","9":"instock","10":"taxable","11":"shipping-taxable","12":"purchasable","13":"product-type-simple"},"yoast_head":"<!-- This site is optimized with the Yoast SEO plugin v26.9 - https:\/\/yoast.com\/product\/yoast-seo-wordpress\/ -->\n<title>Funkenfreier Anschluss<\/title>\n<meta name=\"description\" content=\"Wie k\u00f6nnen Sie eine \u00dcberspannung des Controllers Ihres elektrischen Umbausatzes f\u00fcr Fahrr\u00e4der vermeiden? - Funkenschutzstecker Typ &quot;xt90s&quot;\" \/>\n<meta name=\"robots\" content=\"index, follow, max-snippet:-1, max-image-preview:large, max-video-preview:-1\" \/>\n<link rel=\"canonical\" href=\"https:\/\/www.lift-mtb.com\/de\/produit\/x1-paar-von-anti-funken-stecker\/\" \/>\n<meta property=\"og:locale\" content=\"de_DE\" \/>\n<meta property=\"og:type\" content=\"article\" \/>\n<meta property=\"og:title\" content=\"Funkenfreier Anschluss\" \/>\n<meta property=\"og:description\" content=\"Wie k\u00f6nnen Sie eine \u00dcberspannung des Controllers Ihres elektrischen Umbausatzes f\u00fcr Fahrr\u00e4der vermeiden? - Funkenschutzstecker Typ &quot;xt90s&quot;\" \/>\n<meta property=\"og:url\" content=\"https:\/\/www.lift-mtb.com\/de\/produit\/x1-paar-von-anti-funken-stecker\/\" \/>\n<meta property=\"og:site_name\" content=\"LIFT-MTB\" \/>\n<meta property=\"article:modified_time\" content=\"2023-02-17T16:24:49+00:00\" \/>\n<meta property=\"og:image\" content=\"https:\/\/www.lift-mtb.com\/wp-content\/uploads\/2022\/02\/connecteur-anti-spark.jpg\" \/>\n\t<meta property=\"og:image:width\" content=\"263\" \/>\n\t<meta property=\"og:image:height\" content=\"223\" \/>\n\t<meta property=\"og:image:type\" content=\"image\/jpeg\" \/>\n<meta name=\"twitter:card\" content=\"summary_large_image\" \/>\n<script type=\"application\/ld+json\" class=\"yoast-schema-graph\">{\"@context\":\"https:\/\/schema.org\",\"@graph\":[{\"@type\":\"WebPage\",\"@id\":\"https:\/\/www.lift-mtb.com\/de\/produit\/x1-paar-von-anti-funken-stecker\/\",\"url\":\"https:\/\/www.lift-mtb.com\/de\/produit\/x1-paar-von-anti-funken-stecker\/\",\"name\":\"Funkenfreier Anschluss\",\"isPartOf\":{\"@id\":\"https:\/\/www.lift-mtb.com\/de\/#website\"},\"primaryImageOfPage\":{\"@id\":\"https:\/\/www.lift-mtb.com\/de\/produit\/x1-paar-von-anti-funken-stecker\/#primaryimage\"},\"image\":{\"@id\":\"https:\/\/www.lift-mtb.com\/de\/produit\/x1-paar-von-anti-funken-stecker\/#primaryimage\"},\"thumbnailUrl\":\"https:\/\/www.lift-mtb.com\/wp-content\/uploads\/2022\/02\/connecteur-anti-spark.jpg\",\"datePublished\":\"2022-02-24T13:16:26+00:00\",\"dateModified\":\"2023-02-17T16:24:49+00:00\",\"description\":\"Wie k\u00f6nnen Sie eine \u00dcberspannung des Controllers Ihres elektrischen Umbausatzes f\u00fcr Fahrr\u00e4der vermeiden? - Funkenschutzstecker Typ \\\"xt90s\\\"\",\"breadcrumb\":{\"@id\":\"https:\/\/www.lift-mtb.com\/de\/produit\/x1-paar-von-anti-funken-stecker\/#breadcrumb\"},\"inLanguage\":\"de\",\"potentialAction\":[{\"@type\":\"ReadAction\",\"target\":[\"https:\/\/www.lift-mtb.com\/de\/produit\/x1-paar-von-anti-funken-stecker\/\"]}]},{\"@type\":\"ImageObject\",\"inLanguage\":\"de\",\"@id\":\"https:\/\/www.lift-mtb.com\/de\/produit\/x1-paar-von-anti-funken-stecker\/#primaryimage\",\"url\":\"https:\/\/www.lift-mtb.com\/wp-content\/uploads\/2022\/02\/connecteur-anti-spark.jpg\",\"contentUrl\":\"https:\/\/www.lift-mtb.com\/wp-content\/uploads\/2022\/02\/connecteur-anti-spark.jpg\",\"width\":263,\"height\":223,\"caption\":\"Funkenfreier Anschluss\"},{\"@type\":\"BreadcrumbList\",\"@id\":\"https:\/\/www.lift-mtb.com\/de\/produit\/x1-paar-von-anti-funken-stecker\/#breadcrumb\",\"itemListElement\":[{\"@type\":\"ListItem\",\"position\":1,\"name\":\"Accueil\",\"item\":\"https:\/\/www.lift-mtb.com\/de\/\"},{\"@type\":\"ListItem\",\"position\":2,\"name\":\"Shop\",\"item\":\"https:\/\/www.lift-mtb.com\/de\/shop\/\"},{\"@type\":\"ListItem\",\"position\":3,\"name\":\"Ersatzteile\",\"item\":\"https:\/\/www.lift-mtb.com\/de\/produkt-kategorie\/ersatzteile\/\"},{\"@type\":\"ListItem\",\"position\":4,\"name\":\"Elektronische M\u00fcnzen\",\"item\":\"https:\/\/www.lift-mtb.com\/de\/produkt-kategorie\/ersatzteile\/elektronische-muenzen\/\"},{\"@type\":\"ListItem\",\"position\":5,\"name\":\"x1 Funkenfreies Steckerpaar\"}]},{\"@type\":\"WebSite\",\"@id\":\"https:\/\/www.lift-mtb.com\/de\/#website\",\"url\":\"https:\/\/www.lift-mtb.com\/de\/\",\"name\":\"LIFT-MTB\",\"description\":\"Transformer son v\u00e9lo en \u00e9lectrique rapidement !\",\"publisher\":{\"@id\":\"https:\/\/www.lift-mtb.com\/de\/#organization\"},\"potentialAction\":[{\"@type\":\"SearchAction\",\"target\":{\"@type\":\"EntryPoint\",\"urlTemplate\":\"https:\/\/www.lift-mtb.com\/de\/?s={search_term_string}\"},\"query-input\":{\"@type\":\"PropertyValueSpecification\",\"valueRequired\":true,\"valueName\":\"search_term_string\"}}],\"inLanguage\":\"de\"},{\"@type\":\"Organization\",\"@id\":\"https:\/\/www.lift-mtb.com\/de\/#organization\",\"name\":\"LIFT-MTB\",\"url\":\"https:\/\/www.lift-mtb.com\/de\/\",\"logo\":{\"@type\":\"ImageObject\",\"inLanguage\":\"de\",\"@id\":\"https:\/\/www.lift-mtb.com\/de\/#\/schema\/logo\/image\/\",\"url\":\"https:\/\/www.lift-mtb.com\/wp-content\/uploads\/2022\/01\/electric-kit-for-bike-1.jpg\",\"contentUrl\":\"https:\/\/www.lift-mtb.com\/wp-content\/uploads\/2022\/01\/electric-kit-for-bike-1.jpg\",\"width\":1223,\"height\":560,\"caption\":\"LIFT-MTB\"},\"image\":{\"@id\":\"https:\/\/www.lift-mtb.com\/de\/#\/schema\/logo\/image\/\"}}]}<\/script>\n<!-- \/ Yoast SEO plugin. -->","yoast_head_json":{"title":"Funkenfreier Anschluss","description":"Wie k\u00f6nnen Sie eine \u00dcberspannung des Controllers Ihres elektrischen Umbausatzes f\u00fcr Fahrr\u00e4der vermeiden? - Funkenschutzstecker Typ \"xt90s\"","robots":{"index":"index","follow":"follow","max-snippet":"max-snippet:-1","max-image-preview":"max-image-preview:large","max-video-preview":"max-video-preview:-1"},"canonical":"https:\/\/www.lift-mtb.com\/de\/produit\/x1-paar-von-anti-funken-stecker\/","og_locale":"de_DE","og_type":"article","og_title":"Funkenfreier Anschluss","og_description":"Wie k\u00f6nnen Sie eine \u00dcberspannung des Controllers Ihres elektrischen Umbausatzes f\u00fcr Fahrr\u00e4der vermeiden? - Funkenschutzstecker Typ \"xt90s\"","og_url":"https:\/\/www.lift-mtb.com\/de\/produit\/x1-paar-von-anti-funken-stecker\/","og_site_name":"LIFT-MTB","article_modified_time":"2023-02-17T16:24:49+00:00","og_image":[{"width":263,"height":223,"url":"https:\/\/www.lift-mtb.com\/wp-content\/uploads\/2022\/02\/connecteur-anti-spark.jpg","type":"image\/jpeg"}],"twitter_card":"summary_large_image","schema":{"@context":"https:\/\/schema.org","@graph":[{"@type":"WebPage","@id":"https:\/\/www.lift-mtb.com\/de\/produit\/x1-paar-von-anti-funken-stecker\/","url":"https:\/\/www.lift-mtb.com\/de\/produit\/x1-paar-von-anti-funken-stecker\/","name":"Funkenfreier Anschluss","isPartOf":{"@id":"https:\/\/www.lift-mtb.com\/de\/#website"},"primaryImageOfPage":{"@id":"https:\/\/www.lift-mtb.com\/de\/produit\/x1-paar-von-anti-funken-stecker\/#primaryimage"},"image":{"@id":"https:\/\/www.lift-mtb.com\/de\/produit\/x1-paar-von-anti-funken-stecker\/#primaryimage"},"thumbnailUrl":"https:\/\/www.lift-mtb.com\/wp-content\/uploads\/2022\/02\/connecteur-anti-spark.jpg","datePublished":"2022-02-24T13:16:26+00:00","dateModified":"2023-02-17T16:24:49+00:00","description":"Wie k\u00f6nnen Sie eine \u00dcberspannung des Controllers Ihres elektrischen Umbausatzes f\u00fcr Fahrr\u00e4der vermeiden? - Funkenschutzstecker Typ \"xt90s\"","breadcrumb":{"@id":"https:\/\/www.lift-mtb.com\/de\/produit\/x1-paar-von-anti-funken-stecker\/#breadcrumb"},"inLanguage":"de","potentialAction":[{"@type":"ReadAction","target":["https:\/\/www.lift-mtb.com\/de\/produit\/x1-paar-von-anti-funken-stecker\/"]}]},{"@type":"ImageObject","inLanguage":"de","@id":"https:\/\/www.lift-mtb.com\/de\/produit\/x1-paar-von-anti-funken-stecker\/#primaryimage","url":"https:\/\/www.lift-mtb.com\/wp-content\/uploads\/2022\/02\/connecteur-anti-spark.jpg","contentUrl":"https:\/\/www.lift-mtb.com\/wp-content\/uploads\/2022\/02\/connecteur-anti-spark.jpg","width":263,"height":223,"caption":"Funkenfreier Anschluss"},{"@type":"BreadcrumbList","@id":"https:\/\/www.lift-mtb.com\/de\/produit\/x1-paar-von-anti-funken-stecker\/#breadcrumb","itemListElement":[{"@type":"ListItem","position":1,"name":"Accueil","item":"https:\/\/www.lift-mtb.com\/de\/"},{"@type":"ListItem","position":2,"name":"Shop","item":"https:\/\/www.lift-mtb.com\/de\/shop\/"},{"@type":"ListItem","position":3,"name":"Ersatzteile","item":"https:\/\/www.lift-mtb.com\/de\/produkt-kategorie\/ersatzteile\/"},{"@type":"ListItem","position":4,"name":"Elektronische M\u00fcnzen","item":"https:\/\/www.lift-mtb.com\/de\/produkt-kategorie\/ersatzteile\/elektronische-muenzen\/"},{"@type":"ListItem","position":5,"name":"x1 Funkenfreies Steckerpaar"}]},{"@type":"WebSite","@id":"https:\/\/www.lift-mtb.com\/de\/#website","url":"https:\/\/www.lift-mtb.com\/de\/","name":"LIFT-MTB","description":"Transformer son v\u00e9lo en \u00e9lectrique rapidement !","publisher":{"@id":"https:\/\/www.lift-mtb.com\/de\/#organization"},"potentialAction":[{"@type":"SearchAction","target":{"@type":"EntryPoint","urlTemplate":"https:\/\/www.lift-mtb.com\/de\/?s={search_term_string}"},"query-input":{"@type":"PropertyValueSpecification","valueRequired":true,"valueName":"search_term_string"}}],"inLanguage":"de"},{"@type":"Organization","@id":"https:\/\/www.lift-mtb.com\/de\/#organization","name":"LIFT-MTB","url":"https:\/\/www.lift-mtb.com\/de\/","logo":{"@type":"ImageObject","inLanguage":"de","@id":"https:\/\/www.lift-mtb.com\/de\/#\/schema\/logo\/image\/","url":"https:\/\/www.lift-mtb.com\/wp-content\/uploads\/2022\/01\/electric-kit-for-bike-1.jpg","contentUrl":"https:\/\/www.lift-mtb.com\/wp-content\/uploads\/2022\/01\/electric-kit-for-bike-1.jpg","width":1223,"height":560,"caption":"LIFT-MTB"},"image":{"@id":"https:\/\/www.lift-mtb.com\/de\/#\/schema\/logo\/image\/"}}]}},"_links":{"self":[{"href":"https:\/\/www.lift-mtb.com\/de\/wp-json\/wp\/v2\/product\/39429","targetHints":{"allow":["GET"]}}],"collection":[{"href":"https:\/\/www.lift-mtb.com\/de\/wp-json\/wp\/v2\/product"}],"about":[{"href":"https:\/\/www.lift-mtb.com\/de\/wp-json\/wp\/v2\/types\/product"}],"replies":[{"embeddable":true,"href":"https:\/\/www.lift-mtb.com\/de\/wp-json\/wp\/v2\/comments?post=39429"}],"wp:featuredmedia":[{"embeddable":true,"href":"https:\/\/www.lift-mtb.com\/de\/wp-json\/wp\/v2\/media\/8380"}],"wp:attachment":[{"href":"https:\/\/www.lift-mtb.com\/de\/wp-json\/wp\/v2\/media?parent=39429"}],"wp:term":[{"taxonomy":"product_brand","embeddable":true,"href":"https:\/\/www.lift-mtb.com\/de\/wp-json\/wp\/v2\/product_brand?post=39429"},{"taxonomy":"product_cat","embeddable":true,"href":"https:\/\/www.lift-mtb.com\/de\/wp-json\/wp\/v2\/product_cat?post=39429"},{"taxonomy":"product_tag","embeddable":true,"href":"https:\/\/www.lift-mtb.com\/de\/wp-json\/wp\/v2\/product_tag?post=39429"}],"curies":[{"name":"wp","href":"https:\/\/api.w.org\/{rel}","templated":true}]}}