{"id":39434,"date":"2022-02-24T14:07:46","date_gmt":"2022-02-24T13:07:46","guid":{"rendered":"https:\/produit\/controller-allein\/"},"modified":"2023-11-27T00:22:08","modified_gmt":"2023-11-26T23:22:08","slug":"controller-motor","status":"publish","type":"product","link":"https:\/\/www.lift-mtb.com\/de\/produit\/controller-motor\/","title":{"rendered":"Controller allein"},"content":{"rendered":"<p>Der Ersatz-Controller ist kompatibel mit dem Tretlagermotor-Kit v1 \/ v2 \/ v3 \/ v4.<\/p>\n<p>Um ihn anzuschlie\u00dfen, m\u00fcssen Sie nur dem Farbcode folgen.<\/p>\n<h2 dir=\"ltr\"><span style=\"color: #000000; font-size: x-large;\"><b>-1- der Strahl mit dem Abzug, der direkt zu den Controllern geht (Ende 2020 und nach 2021)<\/b><\/span><\/h2>\n<div dir=\"ltr\"><span style=\"color: #000000;\"> <\/span><\/div>\n<div dir=\"ltr\"><span style=\"color: #000000;\">Also gibt es auf der Controllerseite unten eine Gruppe von 2 und 3 Leitungen, die mit einem St\u00fcck Thermoschlauch oder einer Steckverbindung verbunden sind, damit sie nicht verwechselt werden (vor allem die roten und blauen).<\/span><\/div>\n<div dir=\"ltr\"><span style=\"color: #000000;\"> <\/span><\/div>\n<div dir=\"ltr\">\n<div>\n<div class=\"yiv8271236567ydpa03bc006yiv0479707236ydp199c3e8byiv2224852816ydpd2e7d0f4yiv8768868425ydp73727facyiv3790833815ydpc0dd3e77yiv9961787250ydp2d5b8942yiv8123482532ydp600fb5e5yiv6373540810ydpc66bb7c2yiv2162712758ydp10725efbyahoo-style-wrap\" dir=\"ltr\"><span style=\"color: #000000;\"><b>x3 Geschwindigkeitsmanagement-Queues:<\/b><br clear=\"none\"><\/span><\/div>\n<div class=\"yiv8271236567ydpa03bc006yiv0479707236ydp199c3e8byiv2224852816ydpd2e7d0f4yiv8768868425ydp73727facyiv3790833815ydpc0dd3e77yiv9961787250ydp2d5b8942yiv8123482532ydpf11c88eeyiv5223006817ydp74e398beyahoo-style-wrap\" dir=\"ltr\"><span style=\"color: #000000;\">file schwarz Controller &#8212;&#8212;&#8211;ce fest am Controller &#8212;&#8212;&#8212;- file schwarz Controller<\/span><\/div>\n<div class=\"yiv8271236567ydpa03bc006yiv0479707236ydp199c3e8byiv2224852816ydpd2e7d0f4yiv8768868425ydp73727facyiv3790833815ydpc0dd3e77yiv9961787250ydp2d5b8942yiv8123482532ydpf11c88eeyiv5223006817ydp74e398beyahoo-style-wrap\" dir=\"ltr\"><span style=\"color: #000000;\">rote Reihe Controller &#8212;&#8212;&#8211;ce fest am Controller &#8212;&#8212;&#8212;- rote Reihe Controller (rot auf der Gruppe der 3 Reihen)<br clear=\"none\"><\/span><\/div>\n<div class=\"yiv8271236567ydpa03bc006yiv0479707236ydp199c3e8byiv2224852816ydpd2e7d0f4yiv8768868425ydp73727facyiv3790833815ydpc0dd3e77yiv9961787250ydp2d5b8942yiv8123482532ydpf11c88eeyiv5223006817ydp74e398beyahoo-style-wrap\" dir=\"ltr\"><span style=\"color: #000000;\">wei\u00dfe Reihe Controller &#8212;&#8212;&#8211;ce fest am Controller &#8212;&#8212;&#8212;- blaue Reihe Controller (blau auf der Gruppe der 3 Reihen)<\/span><\/div>\n<div class=\"yiv8271236567ydpa03bc006yiv0479707236ydp199c3e8byiv2224852816ydpd2e7d0f4yiv8768868425ydp73727facyiv3790833815ydpc0dd3e77yiv9961787250ydp2d5b8942yiv8123482532ydpf11c88eeyiv5223006817ydp74e398beyahoo-style-wrap\" dir=\"ltr\">\n<div class=\"yiv8271236567ydpa03bc006yiv0479707236ydp199c3e8byiv2224852816ydpd2e7d0f4yiv8768868425ydp73727facyiv3790833815ydpc0dd3e77yiv9961787250ydp2d5b8942yiv8123482532ydpf11c88eeyiv5223006817ydp74e398beyahoo-style-wrap\" dir=\"ltr\"><span style=\"color: #000000;\"><b> <\/b><\/span><\/div>\n<div class=\"yiv8271236567ydpa03bc006yiv0479707236ydp199c3e8byiv2224852816ydpd2e7d0f4yiv8768868425ydp73727facyiv3790833815ydpc0dd3e77yiv9961787250ydp2d5b8942yiv8123482532ydpf11c88eeyiv5223006817ydp74e398beyahoo-style-wrap\" dir=\"ltr\"><span style=\"color: #000000;\"><b>x1 file Batterieanzeige<\/b><\/span><\/div>\n<div class=\"yiv8271236567ydpa03bc006yiv0479707236ydp199c3e8byiv2224852816ydpd2e7d0f4yiv8768868425ydp73727facyiv3790833815ydpc0dd3e77yiv9961787250ydp2d5b8942yiv8123482532ydpf11c88eeyiv5223006817ydp74e398beyahoo-style-wrap\" dir=\"ltr\"><span style=\"color: #000000;\">gr\u00fcne Spur &#8212;&#8212;&#8211;ce fest am Controller &#8212;&#8212; rote Spur ( rot allein ohne Gruppe )<br clear=\"none\"><\/span><\/div>\n<div class=\"yiv8271236567ydpa03bc006yiv0479707236ydp199c3e8byiv2224852816ydpd2e7d0f4yiv8768868425ydp73727facyiv3790833815ydpc0dd3e77yiv9961787250ydp2d5b8942yiv8123482532ydpf11c88eeyiv5223006817ydp74e398beyahoo-style-wrap\" dir=\"ltr\"><span style=\"color: #000000;\"><b><\/b><i><\/i><u><\/u><b><\/b><i><\/i><u><\/u><br clear=\"none\"><\/span><\/div>\n<div class=\"yiv8271236567ydpa03bc006yiv0479707236ydp199c3e8byiv2224852816ydpd2e7d0f4yiv8768868425ydp73727facyiv3790833815ydpc0dd3e77yiv9961787250ydp2d5b8942yiv8123482532ydpf11c88eeyiv5223006817ydp74e398beyahoo-style-wrap\" dir=\"ltr\"><span style=\"color: #000000;\"><b>X2 file Sch\u00fctz ein\/aus<\/b><\/span><\/div>\n<div class=\"yiv8271236567ydpa03bc006yiv0479707236ydp199c3e8byiv2224852816ydpd2e7d0f4yiv8768868425ydp73727facyiv3790833815ydpc0dd3e77yiv9961787250ydp2d5b8942yiv8123482532ydpf11c88eeyiv5223006817ydp74e398beyahoo-style-wrap\" dir=\"ltr\"><span style=\"color: #000000;\">braune Warteschlange Controller &#8212;&#8212;&#8211;ce fest am Controller&#8212;&#8212;&#8212;- blau Controller (blau auf der Gruppe der 2 Warteschlangen)<br clear=\"none\"><\/span><\/div>\n<div class=\"yiv8271236567ydpa03bc006yiv0479707236ydp199c3e8byiv2224852816ydpd2e7d0f4yiv8768868425ydp73727facyiv3790833815ydpc0dd3e77yiv9961787250ydp2d5b8942yiv8123482532ydpf11c88eeyiv5223006817ydp74e398beyahoo-style-wrap\" dir=\"ltr\"><span style=\"color: #000000;\">gelbe Reihe Controller &#8212;&#8212;&#8211;ce fest am Controller &#8212;&#8212;&#8212;- rote Reihe Controller (rot auf der Gruppe von 2 Reihen)<\/span><\/div>\n<div class=\"yiv8271236567ydpa03bc006yiv0479707236ydp199c3e8byiv2224852816ydpd2e7d0f4yiv8768868425ydp73727facyiv3790833815ydpc0dd3e77yiv9961787250ydp2d5b8942yiv8123482532ydpf11c88eeyiv5223006817ydp74e398beyahoo-style-wrap\" dir=\"ltr\"><span style=\"color: #000000;\"> <\/span><\/div>\n<\/div>\n<\/div>\n<p><span style=\"color: #000000;\">&#8212;&#8212;&#8212;&#8212;&#8212;&#8212;&#8212;&#8212;&#8212;&#8212;&#8212;&#8212;&#8212;&#8212;&#8212;&#8212;&#8212;&#8212;&#8212;&#8212;&#8212;&#8212;&#8212;&#8212;&#8212;&#8212;&#8212;-<\/span><\/p>\n<\/div>\n<div dir=\"ltr\"><\/div>\n<h2 dir=\"ltr\"><span style=\"color: #000000; font-size: x-large;\"><b>-2- Montage mit einem 9-poligen Zwischenstecker (Modell von 2012 bis 2020). <\/b><b>Abzug<\/b><b> <\/b><b>abnehmbar<\/b><b> durch <\/b><b>Stift<\/b><b> des Kabelbaums<\/b><\/span><\/h2>\n<div dir=\"ltr\"><span style=\"color: #000000;\"> <\/span><\/div>\n<div dir=\"ltr\">\n<div>\n<div class=\"yiv8271236567ydpa03bc006yiv0479707236ydp199c3e8byiv2224852816ydpd2e7d0f4yiv8768868425ydp73727facyiv3790833815ydpc0dd3e77yiv9961787250ydp2d5b8942yiv8123482532ydp600fb5e5yiv6373540810ydpc66bb7c2yiv2162712758ydp10725efbyahoo-style-wrap\" dir=\"ltr\"><span style=\"color: #000000;\"><b>x3 file management geschwindigkeit:<\/b><br clear=\"none\"><\/span><\/div>\n<div class=\"yiv8271236567ydpa03bc006yiv0479707236ydp199c3e8byiv2224852816ydpd2e7d0f4yiv8768868425ydp73727facyiv3790833815ydpc0dd3e77yiv9961787250ydp2d5b8942yiv8123482532ydpf11c88eeyiv5223006817ydp74e398beyahoo-style-wrap\" dir=\"ltr\"><span style=\"color: #000000;\">schwarzes Gewinde Controller &#8212;&#8212;&#8211;schwarz auf 9-poligem Anschluss &#8212;&#8212;&#8212; schwarzes Gewinde Controller<\/span><\/div>\n<div class=\"yiv8271236567ydpa03bc006yiv0479707236ydp199c3e8byiv2224852816ydpd2e7d0f4yiv8768868425ydp73727facyiv3790833815ydpc0dd3e77yiv9961787250ydp2d5b8942yiv8123482532ydpf11c88eeyiv5223006817ydp74e398beyahoo-style-wrap\" dir=\"ltr\"><span style=\"color: #000000;\"><span style=\"color: #4c76a2;\">rote Leitung des Joysticks &#8212;&#8212;&#8211;rot auf 9-poliger Verbindung &#8212;&#8212;&#8212;- rote Leitung des Controllers (rot auf der Gruppe der 3 Leitungen)<b><\/b><i><\/i><u><\/u><\/span><\/span><\/div>\n<div class=\"yiv8271236567ydpa03bc006yiv0479707236ydp199c3e8byiv2224852816ydpd2e7d0f4yiv8768868425ydp73727facyiv3790833815ydpc0dd3e77yiv9961787250ydp2d5b8942yiv8123482532ydpf11c88eeyiv5223006817ydp74e398beyahoo-style-wrap\" dir=\"ltr\"><span style=\"color: #000000;\"><span style=\"color: #4c76a2;\">wei\u00dfe Spur Controller &#8212;&#8212;&#8211;wei\u00df auf 9-poligen Anschl\u00fcssen&#8212;&#8212;&#8212;-blaue Spur Controller (blau auf der Gruppe der 3 Spuren)<\/span><\/span><\/div>\n<div class=\"yiv8271236567ydpa03bc006yiv0479707236ydp199c3e8byiv2224852816ydpd2e7d0f4yiv8768868425ydp73727facyiv3790833815ydpc0dd3e77yiv9961787250ydp2d5b8942yiv8123482532ydpf11c88eeyiv5223006817ydp74e398beyahoo-style-wrap\" dir=\"ltr\"><span style=\"color: #000000;\"> <\/span><\/div>\n<div class=\"yiv8271236567ydpa03bc006yiv0479707236ydp199c3e8byiv2224852816ydpd2e7d0f4yiv8768868425ydp73727facyiv3790833815ydpc0dd3e77yiv9961787250ydp2d5b8942yiv8123482532ydpf11c88eeyiv5223006817ydp74e398beyahoo-style-wrap\" dir=\"ltr\"><span style=\"color: #000000;\"> <\/span><\/div>\n<div class=\"yiv8271236567ydpa03bc006yiv0479707236ydp199c3e8byiv2224852816ydpd2e7d0f4yiv8768868425ydp73727facyiv3790833815ydpc0dd3e77yiv9961787250ydp2d5b8942yiv8123482532ydpf11c88eeyiv5223006817ydp74e398beyahoo-style-wrap\" dir=\"ltr\"><span style=\"color: #000000;\"><b>x1 file Batterieanzeige<\/b><\/span><\/div>\n<div class=\"yiv8271236567ydpa03bc006yiv0479707236ydp199c3e8byiv2224852816ydpd2e7d0f4yiv8768868425ydp73727facyiv3790833815ydpc0dd3e77yiv9961787250ydp2d5b8942yiv8123482532ydpf11c88eeyiv5223006817ydp74e398beyahoo-style-wrap\" dir=\"ltr\">\n<p><span style=\"color: #000000;\">Gr\u00fcne Leitung &#8212;&#8212;&#8211;ce fest an &#8212;&#8212;&#8212;- Gr\u00fcne Leitung auf 9-poligem Anschluss (wenn es einen 9-poligen Anschluss gibt) &#8212;&#8212;&#8212;&#8212;-<\/span><\/p>\n<div>\n<div class=\"yiv8271236567ydpa03bc006yiv0479707236ydp199c3e8byiv2224852816ydpd2e7d0f4yiv8768868425ydp73727facyiv3790833815ydpc0dd3e77yiv9961787250ydp2d5b8942yiv8123482532ydpf11c88eeyiv5223006817ydp74e398beyahoo-style-wrap\" dir=\"ltr\"><span style=\"color: #000000;\">rote Schlange ( allein allein ohne Gruppe )<\/span><\/div>\n<div><\/div>\n<\/div>\n<\/div>\n<div class=\"yiv8271236567ydpa03bc006yiv0479707236ydp199c3e8byiv2224852816ydpd2e7d0f4yiv8768868425ydp73727facyiv3790833815ydpc0dd3e77yiv9961787250ydp2d5b8942yiv8123482532ydpf11c88eeyiv5223006817ydp74e398beyahoo-style-wrap\" dir=\"ltr\"><span style=\"color: #000000;\"><b><\/b><i><\/i><u><\/u><b><\/b><i><\/i><u><\/u><br clear=\"none\"><\/span><\/div>\n<div class=\"yiv8271236567ydpa03bc006yiv0479707236ydp199c3e8byiv2224852816ydpd2e7d0f4yiv8768868425ydp73727facyiv3790833815ydpc0dd3e77yiv9961787250ydp2d5b8942yiv8123482532ydpf11c88eeyiv5223006817ydp74e398beyahoo-style-wrap\" dir=\"ltr\"><span style=\"color: #000000;\"><b>x2 files Ein\/Aus-Schalter<\/b><\/span><\/div>\n<div class=\"yiv8271236567ydpa03bc006yiv0479707236ydp199c3e8byiv2224852816ydpd2e7d0f4yiv8768868425ydp73727facyiv3790833815ydpc0dd3e77yiv9961787250ydp2d5b8942yiv8123482532ydpf11c88eeyiv5223006817ydp74e398beyahoo-style-wrap\" dir=\"ltr\">\n<p><span style=\"color: #000000;\">braune Leitung &#8212;&#8212;&#8211;ce fest an &#8212;&#8212;&#8212;- blaue Leitung auf 9-Pin-Anschluss(wenn es einen 9-Pin-Anschluss gibt) &#8212;&#8212;&#8212;&#8211;blauer Controller. (blau auf der 2-Faden-Gruppe)<b><\/b><i><\/i><u><\/u><\/span><\/p>\n<div id=\"yiv8271236567ydpa03bc006yiv0479707236yqtfd02726\" class=\"yiv8271236567ydpa03bc006yiv0479707236yqt0629344595\"><\/div>\n<\/div>\n<div id=\"yiv8271236567ydpa03bc006yiv0479707236yqtfd00754\" class=\"yiv8271236567ydpa03bc006yiv0479707236yqt0629344595\">\n<div class=\"yiv8271236567ydpa03bc006yiv0479707236ydp199c3e8byiv2224852816ydpd2e7d0f4yiv8768868425ydp73727facyiv3790833815ydpc0dd3e77yiv9961787250ydp2d5b8942yiv8123482532ydpf11c88eeyiv5223006817ydp74e398beyahoo-style-wrap\" dir=\"ltr\"><span style=\"color: #000000;\"> <\/span><\/div>\n<div class=\"yiv8271236567ydpa03bc006yiv0479707236ydp199c3e8byiv2224852816ydpd2e7d0f4yiv8768868425ydp73727facyiv3790833815ydpc0dd3e77yiv9961787250ydp2d5b8942yiv8123482532ydpf11c88eeyiv5223006817ydp74e398beyahoo-style-wrap\" dir=\"ltr\"><span style=\"color: #000000;\">gelbe Linie gelber Controller &#8212;&#8212;&#8211;ce fest an &#8212;&#8212;&#8212;- gelbe Linie auf 9-poligem Anschluss (wenn es einen 9-poligen Anschluss gibt) &#8212;&#8212;&#8212;&#8211;rotes Kabel Controller (rot auf der Gruppe von 2 Leitungen)<\/span><\/div>\n<\/div>\n<\/div>\n<\/div>\n","protected":false},"excerpt":{"rendered":"<p>&nbsp;<\/p>\n<p>&nbsp;<\/p>\n<p>&nbsp;<\/p>\n<p>Ersatz-Controller f\u00fcr Tretlagermotor-Kit v1 \/ v2 \/ v3 \/ v4<\/p>\n<p><strong>Beschreibung:<\/strong><\/p>\n<ul>\n<li>Nur Controller <a href=\"https:\/\/www.youtube.com\/@LIFTMTBTV\/featured\">LIFT-MTB<\/a>.<\/li>\n<li>model V4 (30Amper), etwa 30 % st\u00e4rker.<\/li>\n<li>Kompatibel mit den Versionen V1\/ V2\/ V3 (23Amper).<\/li>\n<li>Schrumpfschlauch und Serflex werden mitgeliefert.<\/li>\n<li>Um nur den Controller auszutauschen, m\u00fcssen Sie den <a href=\"https:\/produit\/gaine-retractable\/\">Schrumpfschlauch<\/a> aufschneiden, die Stecker des alten Controllers abziehen, dann die Stecker des neuen Controllers anschlie\u00dfen und schlie\u00dflich den Schrumpfschlauch wieder anbringen und erhitzen.<\/li>\n<\/ul>\n<p>Ein Motor, bei dem die Steuerung des Gaspedals nicht mehr richtig funktioniert, ist ein Zeichen f\u00fcr einen Steuerger\u00e4tefehler, dies geschieht aus drei Gr\u00fcnden:<\/p>\n<p>Wenn Sie die Batterie dauerhaft anschlie\u00dfen, ohne sich in der OFF-Position zu befinden, hat der Trigger<\/p>\n<p>&#8211; Ein Eintauchen in das Wasser.<\/p>\n<p>&#8211; \u00dcberhitzung durch eine zu gro\u00dfe \u00dcbersetzung, wenn man nicht genug &#8220;Beinarbeit&#8221; leistet (das Ritzel der hinteren Kassette ist im Verh\u00e4ltnis zum Tempo des Fahrrads zu klein), vor allem auf der Stra\u00dfe, wenn man lange schnell fahren will.<\/p>\n<p><strong>Hinweis:<\/strong> Der Kontrollbildschirm erm\u00f6glicht es Ihnen, diese Anwendungsbereiche zu \u00fcberpr\u00fcfen. Wenn Sie diesen nicht haben und Ihr Controller defekt ist, empfehlen wir Ihnen, ihn zu kaufen und die Daten w\u00e4hrend der Fahrt zu \u00fcberpr\u00fcfen, um den Verbrauch zu optimieren und eine \u00dcberhitzung zu vermeiden.<\/p>\n<p>Denken Sie daran, die Batterie mit einer 20-Ampere-Sicherung abzusichern, wenn dies nicht der Fall ist. Dadurch wird der Controller vor \u00dcberhitzung gesch\u00fctzt.<\/p>\n<div dir=\"ltr\">\n<div>\n<div id=\"yiv8271236567ydpa03bc006yiv0479707236yqtfd00754\" class=\"yiv8271236567ydpa03bc006yiv0479707236yqt0629344595\">\n<div class=\"yiv8271236567ydpa03bc006yiv0479707236ydp199c3e8byiv2224852816ydpd2e7d0f4yiv8768868425ydp73727facyiv3790833815ydpc0dd3e77yiv9961787250ydp2d5b8942yiv8123482532ydpf11c88eeyiv5223006817ydp74e398beyahoo-style-wrap\" dir=\"ltr\"><\/div>\n<\/div>\n<\/div>\n<\/div>\n","protected":false},"featured_media":51287,"comment_status":"open","ping_status":"closed","template":"","meta":[],"product_brand":[],"product_cat":[848],"product_tag":[],"class_list":{"0":"post-39434","1":"product","2":"type-product","3":"status-publish","4":"has-post-thumbnail","6":"product_cat-elektronische-muenzen","8":"first","9":"instock","10":"taxable","11":"shipping-taxable","12":"purchasable","13":"product-type-variable"},"yoast_head":"<!-- This site is optimized with the Yoast SEO plugin v26.9 - https:\/\/yoast.com\/product\/yoast-seo-wordpress\/ -->\n<title>LIFT-MTB Fahrrad-Elektromotor-Controller.<\/title>\n<meta name=\"description\" content=\"Motorcontroller f\u00fcr das anpassbare LIFT-MTB-Kurbelset von v\u00e9losep Kompatibel mit den Versionen V1\/ V2\/ V3 (23Amper). Installationsschritte.\" \/>\n<meta name=\"robots\" content=\"index, follow, max-snippet:-1, max-image-preview:large, max-video-preview:-1\" \/>\n<link rel=\"canonical\" href=\"https:\/\/www.lift-mtb.com\/de\/produit\/controller-motor\/\" \/>\n<meta property=\"og:locale\" content=\"de_DE\" \/>\n<meta property=\"og:type\" content=\"article\" \/>\n<meta property=\"og:title\" content=\"LIFT-MTB Fahrrad-Elektromotor-Controller.\" \/>\n<meta property=\"og:description\" content=\"Motorcontroller f\u00fcr das anpassbare LIFT-MTB-Kurbelset von v\u00e9losep Kompatibel mit den Versionen V1\/ V2\/ V3 (23Amper). Installationsschritte.\" \/>\n<meta property=\"og:url\" content=\"https:\/\/www.lift-mtb.com\/de\/produit\/controller-motor\/\" \/>\n<meta property=\"og:site_name\" content=\"LIFT-MTB\" \/>\n<meta property=\"article:modified_time\" content=\"2023-11-26T23:22:08+00:00\" \/>\n<meta property=\"og:image\" content=\"https:\/\/www.lift-mtb.com\/wp-content\/uploads\/2022\/02\/contolleur-seul-avec-desription-de-connectique.jpg\" \/>\n\t<meta property=\"og:image:width\" content=\"1080\" \/>\n\t<meta property=\"og:image:height\" content=\"1018\" \/>\n\t<meta property=\"og:image:type\" content=\"image\/jpeg\" \/>\n<meta name=\"twitter:card\" content=\"summary_large_image\" \/>\n<meta name=\"twitter:label1\" content=\"Gesch\u00e4tzte Lesezeit\" \/>\n\t<meta name=\"twitter:data1\" content=\"2\u00a0Minuten\" \/>\n<script type=\"application\/ld+json\" class=\"yoast-schema-graph\">{\"@context\":\"https:\/\/schema.org\",\"@graph\":[{\"@type\":\"WebPage\",\"@id\":\"https:\/\/www.lift-mtb.com\/de\/produit\/controller-motor\/\",\"url\":\"https:\/\/www.lift-mtb.com\/de\/produit\/controller-motor\/\",\"name\":\"LIFT-MTB Fahrrad-Elektromotor-Controller.\",\"isPartOf\":{\"@id\":\"https:\/\/www.lift-mtb.com\/de\/#website\"},\"primaryImageOfPage\":{\"@id\":\"https:\/\/www.lift-mtb.com\/de\/produit\/controller-motor\/#primaryimage\"},\"image\":{\"@id\":\"https:\/\/www.lift-mtb.com\/de\/produit\/controller-motor\/#primaryimage\"},\"thumbnailUrl\":\"https:\/\/www.lift-mtb.com\/wp-content\/uploads\/2022\/02\/controleur-ventile.jpg\",\"datePublished\":\"2022-02-24T13:07:46+00:00\",\"dateModified\":\"2023-11-26T23:22:08+00:00\",\"description\":\"Motorcontroller f\u00fcr das anpassbare LIFT-MTB-Kurbelset von v\u00e9losep Kompatibel mit den Versionen V1\/ V2\/ V3 (23Amper). Installationsschritte.\",\"breadcrumb\":{\"@id\":\"https:\/\/www.lift-mtb.com\/de\/produit\/controller-motor\/#breadcrumb\"},\"inLanguage\":\"de\",\"potentialAction\":[{\"@type\":\"ReadAction\",\"target\":[\"https:\/\/www.lift-mtb.com\/de\/produit\/controller-motor\/\"]}]},{\"@type\":\"ImageObject\",\"inLanguage\":\"de\",\"@id\":\"https:\/\/www.lift-mtb.com\/de\/produit\/controller-motor\/#primaryimage\",\"url\":\"https:\/\/www.lift-mtb.com\/wp-content\/uploads\/2022\/02\/controleur-ventile.jpg\",\"contentUrl\":\"https:\/\/www.lift-mtb.com\/wp-content\/uploads\/2022\/02\/controleur-ventile.jpg\",\"width\":2048,\"height\":946,\"caption\":\"contr\u00f4leur ventil\u00e9\"},{\"@type\":\"BreadcrumbList\",\"@id\":\"https:\/\/www.lift-mtb.com\/de\/produit\/controller-motor\/#breadcrumb\",\"itemListElement\":[{\"@type\":\"ListItem\",\"position\":1,\"name\":\"Accueil\",\"item\":\"https:\/\/www.lift-mtb.com\/de\/\"},{\"@type\":\"ListItem\",\"position\":2,\"name\":\"Shop\",\"item\":\"https:\/\/www.lift-mtb.com\/de\/shop\/\"},{\"@type\":\"ListItem\",\"position\":3,\"name\":\"Ersatzteile\",\"item\":\"https:\/\/www.lift-mtb.com\/de\/produkt-kategorie\/ersatzteile\/\"},{\"@type\":\"ListItem\",\"position\":4,\"name\":\"Elektronische M\u00fcnzen\",\"item\":\"https:\/\/www.lift-mtb.com\/de\/produkt-kategorie\/ersatzteile\/elektronische-muenzen\/\"},{\"@type\":\"ListItem\",\"position\":5,\"name\":\"Controller allein\"}]},{\"@type\":\"WebSite\",\"@id\":\"https:\/\/www.lift-mtb.com\/de\/#website\",\"url\":\"https:\/\/www.lift-mtb.com\/de\/\",\"name\":\"LIFT-MTB\",\"description\":\"Transformer son v\u00e9lo en \u00e9lectrique rapidement !\",\"publisher\":{\"@id\":\"https:\/\/www.lift-mtb.com\/de\/#organization\"},\"potentialAction\":[{\"@type\":\"SearchAction\",\"target\":{\"@type\":\"EntryPoint\",\"urlTemplate\":\"https:\/\/www.lift-mtb.com\/de\/?s={search_term_string}\"},\"query-input\":{\"@type\":\"PropertyValueSpecification\",\"valueRequired\":true,\"valueName\":\"search_term_string\"}}],\"inLanguage\":\"de\"},{\"@type\":\"Organization\",\"@id\":\"https:\/\/www.lift-mtb.com\/de\/#organization\",\"name\":\"LIFT-MTB\",\"url\":\"https:\/\/www.lift-mtb.com\/de\/\",\"logo\":{\"@type\":\"ImageObject\",\"inLanguage\":\"de\",\"@id\":\"https:\/\/www.lift-mtb.com\/de\/#\/schema\/logo\/image\/\",\"url\":\"https:\/\/www.lift-mtb.com\/wp-content\/uploads\/2022\/01\/electric-kit-for-bike-1.jpg\",\"contentUrl\":\"https:\/\/www.lift-mtb.com\/wp-content\/uploads\/2022\/01\/electric-kit-for-bike-1.jpg\",\"width\":1223,\"height\":560,\"caption\":\"LIFT-MTB\"},\"image\":{\"@id\":\"https:\/\/www.lift-mtb.com\/de\/#\/schema\/logo\/image\/\"}}]}<\/script>\n<!-- \/ Yoast SEO plugin. -->","yoast_head_json":{"title":"LIFT-MTB Fahrrad-Elektromotor-Controller.","description":"Motorcontroller f\u00fcr das anpassbare LIFT-MTB-Kurbelset von v\u00e9losep Kompatibel mit den Versionen V1\/ V2\/ V3 (23Amper). Installationsschritte.","robots":{"index":"index","follow":"follow","max-snippet":"max-snippet:-1","max-image-preview":"max-image-preview:large","max-video-preview":"max-video-preview:-1"},"canonical":"https:\/\/www.lift-mtb.com\/de\/produit\/controller-motor\/","og_locale":"de_DE","og_type":"article","og_title":"LIFT-MTB Fahrrad-Elektromotor-Controller.","og_description":"Motorcontroller f\u00fcr das anpassbare LIFT-MTB-Kurbelset von v\u00e9losep Kompatibel mit den Versionen V1\/ V2\/ V3 (23Amper). Installationsschritte.","og_url":"https:\/\/www.lift-mtb.com\/de\/produit\/controller-motor\/","og_site_name":"LIFT-MTB","article_modified_time":"2023-11-26T23:22:08+00:00","og_image":[{"width":1080,"height":1018,"url":"https:\/\/www.lift-mtb.com\/wp-content\/uploads\/2022\/02\/contolleur-seul-avec-desription-de-connectique.jpg","type":"image\/jpeg"}],"twitter_card":"summary_large_image","twitter_misc":{"Gesch\u00e4tzte Lesezeit":"2\u00a0Minuten"},"schema":{"@context":"https:\/\/schema.org","@graph":[{"@type":"WebPage","@id":"https:\/\/www.lift-mtb.com\/de\/produit\/controller-motor\/","url":"https:\/\/www.lift-mtb.com\/de\/produit\/controller-motor\/","name":"LIFT-MTB Fahrrad-Elektromotor-Controller.","isPartOf":{"@id":"https:\/\/www.lift-mtb.com\/de\/#website"},"primaryImageOfPage":{"@id":"https:\/\/www.lift-mtb.com\/de\/produit\/controller-motor\/#primaryimage"},"image":{"@id":"https:\/\/www.lift-mtb.com\/de\/produit\/controller-motor\/#primaryimage"},"thumbnailUrl":"https:\/\/www.lift-mtb.com\/wp-content\/uploads\/2022\/02\/controleur-ventile.jpg","datePublished":"2022-02-24T13:07:46+00:00","dateModified":"2023-11-26T23:22:08+00:00","description":"Motorcontroller f\u00fcr das anpassbare LIFT-MTB-Kurbelset von v\u00e9losep Kompatibel mit den Versionen V1\/ V2\/ V3 (23Amper). Installationsschritte.","breadcrumb":{"@id":"https:\/\/www.lift-mtb.com\/de\/produit\/controller-motor\/#breadcrumb"},"inLanguage":"de","potentialAction":[{"@type":"ReadAction","target":["https:\/\/www.lift-mtb.com\/de\/produit\/controller-motor\/"]}]},{"@type":"ImageObject","inLanguage":"de","@id":"https:\/\/www.lift-mtb.com\/de\/produit\/controller-motor\/#primaryimage","url":"https:\/\/www.lift-mtb.com\/wp-content\/uploads\/2022\/02\/controleur-ventile.jpg","contentUrl":"https:\/\/www.lift-mtb.com\/wp-content\/uploads\/2022\/02\/controleur-ventile.jpg","width":2048,"height":946,"caption":"contr\u00f4leur ventil\u00e9"},{"@type":"BreadcrumbList","@id":"https:\/\/www.lift-mtb.com\/de\/produit\/controller-motor\/#breadcrumb","itemListElement":[{"@type":"ListItem","position":1,"name":"Accueil","item":"https:\/\/www.lift-mtb.com\/de\/"},{"@type":"ListItem","position":2,"name":"Shop","item":"https:\/\/www.lift-mtb.com\/de\/shop\/"},{"@type":"ListItem","position":3,"name":"Ersatzteile","item":"https:\/\/www.lift-mtb.com\/de\/produkt-kategorie\/ersatzteile\/"},{"@type":"ListItem","position":4,"name":"Elektronische M\u00fcnzen","item":"https:\/\/www.lift-mtb.com\/de\/produkt-kategorie\/ersatzteile\/elektronische-muenzen\/"},{"@type":"ListItem","position":5,"name":"Controller allein"}]},{"@type":"WebSite","@id":"https:\/\/www.lift-mtb.com\/de\/#website","url":"https:\/\/www.lift-mtb.com\/de\/","name":"LIFT-MTB","description":"Transformer son v\u00e9lo en \u00e9lectrique rapidement !","publisher":{"@id":"https:\/\/www.lift-mtb.com\/de\/#organization"},"potentialAction":[{"@type":"SearchAction","target":{"@type":"EntryPoint","urlTemplate":"https:\/\/www.lift-mtb.com\/de\/?s={search_term_string}"},"query-input":{"@type":"PropertyValueSpecification","valueRequired":true,"valueName":"search_term_string"}}],"inLanguage":"de"},{"@type":"Organization","@id":"https:\/\/www.lift-mtb.com\/de\/#organization","name":"LIFT-MTB","url":"https:\/\/www.lift-mtb.com\/de\/","logo":{"@type":"ImageObject","inLanguage":"de","@id":"https:\/\/www.lift-mtb.com\/de\/#\/schema\/logo\/image\/","url":"https:\/\/www.lift-mtb.com\/wp-content\/uploads\/2022\/01\/electric-kit-for-bike-1.jpg","contentUrl":"https:\/\/www.lift-mtb.com\/wp-content\/uploads\/2022\/01\/electric-kit-for-bike-1.jpg","width":1223,"height":560,"caption":"LIFT-MTB"},"image":{"@id":"https:\/\/www.lift-mtb.com\/de\/#\/schema\/logo\/image\/"}}]}},"_links":{"self":[{"href":"https:\/\/www.lift-mtb.com\/de\/wp-json\/wp\/v2\/product\/39434","targetHints":{"allow":["GET"]}}],"collection":[{"href":"https:\/\/www.lift-mtb.com\/de\/wp-json\/wp\/v2\/product"}],"about":[{"href":"https:\/\/www.lift-mtb.com\/de\/wp-json\/wp\/v2\/types\/product"}],"replies":[{"embeddable":true,"href":"https:\/\/www.lift-mtb.com\/de\/wp-json\/wp\/v2\/comments?post=39434"}],"wp:featuredmedia":[{"embeddable":true,"href":"https:\/\/www.lift-mtb.com\/de\/wp-json\/wp\/v2\/media\/51287"}],"wp:attachment":[{"href":"https:\/\/www.lift-mtb.com\/de\/wp-json\/wp\/v2\/media?parent=39434"}],"wp:term":[{"taxonomy":"product_brand","embeddable":true,"href":"https:\/\/www.lift-mtb.com\/de\/wp-json\/wp\/v2\/product_brand?post=39434"},{"taxonomy":"product_cat","embeddable":true,"href":"https:\/\/www.lift-mtb.com\/de\/wp-json\/wp\/v2\/product_cat?post=39434"},{"taxonomy":"product_tag","embeddable":true,"href":"https:\/\/www.lift-mtb.com\/de\/wp-json\/wp\/v2\/product_tag?post=39434"}],"curies":[{"name":"wp","href":"https:\/\/api.w.org\/{rel}","templated":true}]}}