{"id":39452,"date":"2022-02-24T14:13:01","date_gmt":"2022-02-24T13:13:01","guid":{"rendered":"https:\/produit\/motorkabelbaum-mit-abzug\/"},"modified":"2023-02-17T17:25:26","modified_gmt":"2023-02-17T16:25:26","slug":"motor-lift-mtb-strahl","status":"publish","type":"product","link":"https:\/\/www.lift-mtb.com\/de\/produit\/motor-lift-mtb-strahl\/","title":{"rendered":"Motorkabelbaum mit Abzug"},"content":{"rendered":"<p>LIFT-MTB-Motorkabelbaum mit Trigger am Lenker f\u00fcr Elektrofahrr\u00e4der.<\/p>\n<p>Der Kabelbaum ist mit allen Versionen des <a href=\"https:\/\/www.youtube.com\/@LIFTMTBTV\/featured\">LIFT MTB-Kits<\/a> kompatibel.<\/p>\n<p>Dieser Kabelbaum wird an den Controller angeschlossen, der nicht mitgeliefert wird.<\/p>\n<p>Der <a href=\"https:\/produit\/gachette-au-guidon-de-velo-electrique\/\">Abzug<\/a> wird am Lenker befestigt.<\/p>\n<p>&nbsp;<\/p>\n","protected":false},"excerpt":{"rendered":"<p><strong>Beschreibung:<\/strong><\/p>\n<ul>\n<li>Motorkabelbaum mit Abzug.<\/li>\n<li>Kompatibel mit Versionen nach Januar 2021.<\/li>\n<li>Schrumpfschlauch und Serflex, inklusive.<\/li>\n<\/ul>\n","protected":false},"featured_media":8368,"comment_status":"open","ping_status":"closed","template":"","meta":[],"product_brand":[],"product_cat":[848],"product_tag":[],"class_list":{"0":"post-39452","1":"product","2":"type-product","3":"status-publish","4":"has-post-thumbnail","6":"product_cat-elektronische-muenzen","8":"first","9":"instock","10":"taxable","11":"shipping-taxable","12":"purchasable","13":"product-type-simple"},"yoast_head":"<!-- This site is optimized with the Yoast SEO plugin v26.9 - https:\/\/yoast.com\/product\/yoast-seo-wordpress\/ -->\n<title>LIFT-MTB-Motorkabelbaum mit Abzug am Lenker<\/title>\n<meta name=\"description\" content=\"LIFT-MTB-Motorkabelbaum mit Trigger am Lenker f\u00fcr Elektrofahrr\u00e4der - Kompatibel mit Umr\u00fcstsatzversionen nach Januar 2021.\" \/>\n<meta name=\"robots\" content=\"index, follow, max-snippet:-1, max-image-preview:large, max-video-preview:-1\" \/>\n<link rel=\"canonical\" href=\"https:\/\/www.lift-mtb.com\/de\/produit\/motor-lift-mtb-strahl\/\" \/>\n<meta property=\"og:locale\" content=\"de_DE\" \/>\n<meta property=\"og:type\" content=\"article\" \/>\n<meta property=\"og:title\" content=\"LIFT-MTB-Motorkabelbaum mit Abzug am Lenker\" \/>\n<meta property=\"og:description\" content=\"LIFT-MTB-Motorkabelbaum mit Trigger am Lenker f\u00fcr Elektrofahrr\u00e4der - Kompatibel mit Umr\u00fcstsatzversionen nach Januar 2021.\" \/>\n<meta property=\"og:url\" content=\"https:\/\/www.lift-mtb.com\/de\/produit\/motor-lift-mtb-strahl\/\" \/>\n<meta property=\"og:site_name\" content=\"LIFT-MTB\" \/>\n<meta property=\"article:modified_time\" content=\"2023-02-17T16:25:26+00:00\" \/>\n<meta property=\"og:image\" content=\"https:\/\/www.lift-mtb.com\/wp-content\/uploads\/2022\/02\/faisceau.jpg\" \/>\n\t<meta property=\"og:image:width\" content=\"960\" \/>\n\t<meta property=\"og:image:height\" content=\"1280\" \/>\n\t<meta property=\"og:image:type\" content=\"image\/jpeg\" \/>\n<meta name=\"twitter:card\" content=\"summary_large_image\" \/>\n<script type=\"application\/ld+json\" class=\"yoast-schema-graph\">{\"@context\":\"https:\/\/schema.org\",\"@graph\":[{\"@type\":\"WebPage\",\"@id\":\"https:\/\/www.lift-mtb.com\/de\/produit\/motor-lift-mtb-strahl\/\",\"url\":\"https:\/\/www.lift-mtb.com\/de\/produit\/motor-lift-mtb-strahl\/\",\"name\":\"LIFT-MTB-Motorkabelbaum mit Abzug am Lenker\",\"isPartOf\":{\"@id\":\"https:\/\/www.lift-mtb.com\/de\/#website\"},\"primaryImageOfPage\":{\"@id\":\"https:\/\/www.lift-mtb.com\/de\/produit\/motor-lift-mtb-strahl\/#primaryimage\"},\"image\":{\"@id\":\"https:\/\/www.lift-mtb.com\/de\/produit\/motor-lift-mtb-strahl\/#primaryimage\"},\"thumbnailUrl\":\"https:\/\/www.lift-mtb.com\/wp-content\/uploads\/2022\/02\/faisceau.jpg\",\"datePublished\":\"2022-02-24T13:13:01+00:00\",\"dateModified\":\"2023-02-17T16:25:26+00:00\",\"description\":\"LIFT-MTB-Motorkabelbaum mit Trigger am Lenker f\u00fcr Elektrofahrr\u00e4der - Kompatibel mit Umr\u00fcstsatzversionen nach Januar 2021.\",\"breadcrumb\":{\"@id\":\"https:\/\/www.lift-mtb.com\/de\/produit\/motor-lift-mtb-strahl\/#breadcrumb\"},\"inLanguage\":\"de\",\"potentialAction\":[{\"@type\":\"ReadAction\",\"target\":[\"https:\/\/www.lift-mtb.com\/de\/produit\/motor-lift-mtb-strahl\/\"]}]},{\"@type\":\"ImageObject\",\"inLanguage\":\"de\",\"@id\":\"https:\/\/www.lift-mtb.com\/de\/produit\/motor-lift-mtb-strahl\/#primaryimage\",\"url\":\"https:\/\/www.lift-mtb.com\/wp-content\/uploads\/2022\/02\/faisceau.jpg\",\"contentUrl\":\"https:\/\/www.lift-mtb.com\/wp-content\/uploads\/2022\/02\/faisceau.jpg\",\"width\":960,\"height\":1280,\"caption\":\"Motorkabelbaum LIFT-MTB\"},{\"@type\":\"BreadcrumbList\",\"@id\":\"https:\/\/www.lift-mtb.com\/de\/produit\/motor-lift-mtb-strahl\/#breadcrumb\",\"itemListElement\":[{\"@type\":\"ListItem\",\"position\":1,\"name\":\"Accueil\",\"item\":\"https:\/\/www.lift-mtb.com\/de\/\"},{\"@type\":\"ListItem\",\"position\":2,\"name\":\"Shop\",\"item\":\"https:\/\/www.lift-mtb.com\/de\/shop\/\"},{\"@type\":\"ListItem\",\"position\":3,\"name\":\"Ersatzteile\",\"item\":\"https:\/\/www.lift-mtb.com\/de\/produkt-kategorie\/ersatzteile\/\"},{\"@type\":\"ListItem\",\"position\":4,\"name\":\"Elektronische M\u00fcnzen\",\"item\":\"https:\/\/www.lift-mtb.com\/de\/produkt-kategorie\/ersatzteile\/elektronische-muenzen\/\"},{\"@type\":\"ListItem\",\"position\":5,\"name\":\"Motorkabelbaum mit Abzug\"}]},{\"@type\":\"WebSite\",\"@id\":\"https:\/\/www.lift-mtb.com\/de\/#website\",\"url\":\"https:\/\/www.lift-mtb.com\/de\/\",\"name\":\"LIFT-MTB\",\"description\":\"Transformer son v\u00e9lo en \u00e9lectrique rapidement !\",\"publisher\":{\"@id\":\"https:\/\/www.lift-mtb.com\/de\/#organization\"},\"potentialAction\":[{\"@type\":\"SearchAction\",\"target\":{\"@type\":\"EntryPoint\",\"urlTemplate\":\"https:\/\/www.lift-mtb.com\/de\/?s={search_term_string}\"},\"query-input\":{\"@type\":\"PropertyValueSpecification\",\"valueRequired\":true,\"valueName\":\"search_term_string\"}}],\"inLanguage\":\"de\"},{\"@type\":\"Organization\",\"@id\":\"https:\/\/www.lift-mtb.com\/de\/#organization\",\"name\":\"LIFT-MTB\",\"url\":\"https:\/\/www.lift-mtb.com\/de\/\",\"logo\":{\"@type\":\"ImageObject\",\"inLanguage\":\"de\",\"@id\":\"https:\/\/www.lift-mtb.com\/de\/#\/schema\/logo\/image\/\",\"url\":\"https:\/\/www.lift-mtb.com\/wp-content\/uploads\/2022\/01\/electric-kit-for-bike-1.jpg\",\"contentUrl\":\"https:\/\/www.lift-mtb.com\/wp-content\/uploads\/2022\/01\/electric-kit-for-bike-1.jpg\",\"width\":1223,\"height\":560,\"caption\":\"LIFT-MTB\"},\"image\":{\"@id\":\"https:\/\/www.lift-mtb.com\/de\/#\/schema\/logo\/image\/\"}}]}<\/script>\n<!-- \/ Yoast SEO plugin. -->","yoast_head_json":{"title":"LIFT-MTB-Motorkabelbaum mit Abzug am Lenker","description":"LIFT-MTB-Motorkabelbaum mit Trigger am Lenker f\u00fcr Elektrofahrr\u00e4der - Kompatibel mit Umr\u00fcstsatzversionen nach Januar 2021.","robots":{"index":"index","follow":"follow","max-snippet":"max-snippet:-1","max-image-preview":"max-image-preview:large","max-video-preview":"max-video-preview:-1"},"canonical":"https:\/\/www.lift-mtb.com\/de\/produit\/motor-lift-mtb-strahl\/","og_locale":"de_DE","og_type":"article","og_title":"LIFT-MTB-Motorkabelbaum mit Abzug am Lenker","og_description":"LIFT-MTB-Motorkabelbaum mit Trigger am Lenker f\u00fcr Elektrofahrr\u00e4der - Kompatibel mit Umr\u00fcstsatzversionen nach Januar 2021.","og_url":"https:\/\/www.lift-mtb.com\/de\/produit\/motor-lift-mtb-strahl\/","og_site_name":"LIFT-MTB","article_modified_time":"2023-02-17T16:25:26+00:00","og_image":[{"width":960,"height":1280,"url":"https:\/\/www.lift-mtb.com\/wp-content\/uploads\/2022\/02\/faisceau.jpg","type":"image\/jpeg"}],"twitter_card":"summary_large_image","schema":{"@context":"https:\/\/schema.org","@graph":[{"@type":"WebPage","@id":"https:\/\/www.lift-mtb.com\/de\/produit\/motor-lift-mtb-strahl\/","url":"https:\/\/www.lift-mtb.com\/de\/produit\/motor-lift-mtb-strahl\/","name":"LIFT-MTB-Motorkabelbaum mit Abzug am Lenker","isPartOf":{"@id":"https:\/\/www.lift-mtb.com\/de\/#website"},"primaryImageOfPage":{"@id":"https:\/\/www.lift-mtb.com\/de\/produit\/motor-lift-mtb-strahl\/#primaryimage"},"image":{"@id":"https:\/\/www.lift-mtb.com\/de\/produit\/motor-lift-mtb-strahl\/#primaryimage"},"thumbnailUrl":"https:\/\/www.lift-mtb.com\/wp-content\/uploads\/2022\/02\/faisceau.jpg","datePublished":"2022-02-24T13:13:01+00:00","dateModified":"2023-02-17T16:25:26+00:00","description":"LIFT-MTB-Motorkabelbaum mit Trigger am Lenker f\u00fcr Elektrofahrr\u00e4der - Kompatibel mit Umr\u00fcstsatzversionen nach Januar 2021.","breadcrumb":{"@id":"https:\/\/www.lift-mtb.com\/de\/produit\/motor-lift-mtb-strahl\/#breadcrumb"},"inLanguage":"de","potentialAction":[{"@type":"ReadAction","target":["https:\/\/www.lift-mtb.com\/de\/produit\/motor-lift-mtb-strahl\/"]}]},{"@type":"ImageObject","inLanguage":"de","@id":"https:\/\/www.lift-mtb.com\/de\/produit\/motor-lift-mtb-strahl\/#primaryimage","url":"https:\/\/www.lift-mtb.com\/wp-content\/uploads\/2022\/02\/faisceau.jpg","contentUrl":"https:\/\/www.lift-mtb.com\/wp-content\/uploads\/2022\/02\/faisceau.jpg","width":960,"height":1280,"caption":"Motorkabelbaum LIFT-MTB"},{"@type":"BreadcrumbList","@id":"https:\/\/www.lift-mtb.com\/de\/produit\/motor-lift-mtb-strahl\/#breadcrumb","itemListElement":[{"@type":"ListItem","position":1,"name":"Accueil","item":"https:\/\/www.lift-mtb.com\/de\/"},{"@type":"ListItem","position":2,"name":"Shop","item":"https:\/\/www.lift-mtb.com\/de\/shop\/"},{"@type":"ListItem","position":3,"name":"Ersatzteile","item":"https:\/\/www.lift-mtb.com\/de\/produkt-kategorie\/ersatzteile\/"},{"@type":"ListItem","position":4,"name":"Elektronische M\u00fcnzen","item":"https:\/\/www.lift-mtb.com\/de\/produkt-kategorie\/ersatzteile\/elektronische-muenzen\/"},{"@type":"ListItem","position":5,"name":"Motorkabelbaum mit Abzug"}]},{"@type":"WebSite","@id":"https:\/\/www.lift-mtb.com\/de\/#website","url":"https:\/\/www.lift-mtb.com\/de\/","name":"LIFT-MTB","description":"Transformer son v\u00e9lo en \u00e9lectrique rapidement !","publisher":{"@id":"https:\/\/www.lift-mtb.com\/de\/#organization"},"potentialAction":[{"@type":"SearchAction","target":{"@type":"EntryPoint","urlTemplate":"https:\/\/www.lift-mtb.com\/de\/?s={search_term_string}"},"query-input":{"@type":"PropertyValueSpecification","valueRequired":true,"valueName":"search_term_string"}}],"inLanguage":"de"},{"@type":"Organization","@id":"https:\/\/www.lift-mtb.com\/de\/#organization","name":"LIFT-MTB","url":"https:\/\/www.lift-mtb.com\/de\/","logo":{"@type":"ImageObject","inLanguage":"de","@id":"https:\/\/www.lift-mtb.com\/de\/#\/schema\/logo\/image\/","url":"https:\/\/www.lift-mtb.com\/wp-content\/uploads\/2022\/01\/electric-kit-for-bike-1.jpg","contentUrl":"https:\/\/www.lift-mtb.com\/wp-content\/uploads\/2022\/01\/electric-kit-for-bike-1.jpg","width":1223,"height":560,"caption":"LIFT-MTB"},"image":{"@id":"https:\/\/www.lift-mtb.com\/de\/#\/schema\/logo\/image\/"}}]}},"_links":{"self":[{"href":"https:\/\/www.lift-mtb.com\/de\/wp-json\/wp\/v2\/product\/39452","targetHints":{"allow":["GET"]}}],"collection":[{"href":"https:\/\/www.lift-mtb.com\/de\/wp-json\/wp\/v2\/product"}],"about":[{"href":"https:\/\/www.lift-mtb.com\/de\/wp-json\/wp\/v2\/types\/product"}],"replies":[{"embeddable":true,"href":"https:\/\/www.lift-mtb.com\/de\/wp-json\/wp\/v2\/comments?post=39452"}],"wp:featuredmedia":[{"embeddable":true,"href":"https:\/\/www.lift-mtb.com\/de\/wp-json\/wp\/v2\/media\/8368"}],"wp:attachment":[{"href":"https:\/\/www.lift-mtb.com\/de\/wp-json\/wp\/v2\/media?parent=39452"}],"wp:term":[{"taxonomy":"product_brand","embeddable":true,"href":"https:\/\/www.lift-mtb.com\/de\/wp-json\/wp\/v2\/product_brand?post=39452"},{"taxonomy":"product_cat","embeddable":true,"href":"https:\/\/www.lift-mtb.com\/de\/wp-json\/wp\/v2\/product_cat?post=39452"},{"taxonomy":"product_tag","embeddable":true,"href":"https:\/\/www.lift-mtb.com\/de\/wp-json\/wp\/v2\/product_tag?post=39452"}],"curies":[{"name":"wp","href":"https:\/\/api.w.org\/{rel}","templated":true}]}}