{"id":39470,"date":"2022-02-23T17:57:41","date_gmt":"2022-02-23T16:57:41","guid":{"rendered":"https:\/produit\/kettenpeitsche\/"},"modified":"2023-02-20T02:11:23","modified_gmt":"2023-02-20T01:11:23","slug":"kettenpeitsche","status":"publish","type":"product","link":"https:\/\/www.lift-mtb.com\/de\/produit\/kettenpeitsche\/","title":{"rendered":"Kettenpeitsche"},"content":{"rendered":"<h1>Kettenpeitsche<\/h1>\n<p>Eine Kettenpeitsche ist ein Werkzeug, das zum Entfernen einer Fahrradkassette verwendet wird. Dabei handelt es sich um die Reihe von Zahnr\u00e4dern, die sich am Hinterrad des Fahrrads befinden.<\/p>\n<p>Sie wird h\u00e4ufig verwendet, wenn eine abgenutzte Kassette ausgetauscht werden muss oder eine <a href=\"https:\/produit\/casette-velo-11-42-dents-8-9-et-10-vitesses\/\">Kassette mit einer anderen Anzahl oder gr\u00f6\u00dferen Ritzeln<\/a> eingebaut werden soll. Das bedeutet, dass Sie eine gr\u00f6\u00dfere Reichweite haben, die es Ihnen erm\u00f6glicht, auf die vorderen Kettenbl\u00e4tter des Fahrrads zu schalten (wie bei modernen Fahrr\u00e4dern).<\/p>\n<p>Diese Art der Montage erm\u00f6glicht es Ihnen, mit einem Tretlagermotor mehr Drehmoment am Hinterrad zu haben, wenn Sie einen gro\u00dfen H\u00f6henunterschied \u00fcberwinden m\u00fcssen.<\/p>\n<p>Die Kettenpeitsche wird in Verbindung mit einem <a href=\"https:\/\/www.youtube.com\/watch?v=eTvVlh36XV0\">Kassettenheber<\/a> verwendet. Welcher ein Werkzeug ist, das sich an die Rillen der Kassette anpasst und diese beim Entfernen der Sicherungsmuttern festh\u00e4lt.<\/p>\n<p>Denken Sie also daran, die Kettenpeitsche, den Kassettenwechsler und die f\u00fcr Ihre Gangzahl geeignete Kassette zu bestellen, wenn Sie die Ritzel Ihres Elektrofahrrads wechseln wollen.<\/p>\n<p>Beachten Sie auch, dass ein Wechsel der Kette mit gr\u00f6\u00dferen Ritzeln (manchmal unterschiedliche L\u00e4ngen) erforderlich sein kann und dass es auch besser ist, eine neue Kassettenkette zu verwenden, damit der Verschlei\u00df gleich bleibt.<\/p>\n<p>Die Kettenpeitsche wird verwendet, um die Kette auf den Ritzeln der Kassette zu halten, w\u00e4hrend Sie die Sicherungsmuttern mit dem Kassettenheber l\u00f6sen.<\/p>\n<p>Die Kettenpeitsche besteht aus einer robusten Kette, die sich um die Ritzel der Kassette wickelt, und einem Griff, mit dem Sie die Kassette festhalten k\u00f6nnen, w\u00e4hrend Sie mit dem Kassettenheber die Sicherungsmuttern l\u00f6sen.<\/p>\n<p>Dadurch wird die Kette an ihrem Platz gehalten und verhindert, dass sie beim Herausnehmen der Kassette herausspringt oder sich l\u00f6st.<\/p>\n<p>Zusammenfassend l\u00e4sst sich sagen, dass eine Kettenpeitsche ein unverzichtbares Werkzeug f\u00fcr jeden Radfahrer oder Fahrradmechaniker ist, der eine Fahrradkassette entfernen muss.<\/p>\n","protected":false},"excerpt":{"rendered":"<p><strong>Beschreibung:<\/strong><\/p>\n<ul>\n<li>Erm\u00f6glicht das Festhalten der Ritzel beim Abnehmen der Kassettenspannmutter.<\/li>\n<li>die Kettenpeitsche wird in Verbindung mit einem Kassettenheber verwendet, der ein Werkzeug ist, das sich an die Rillen der Kassette anpasst<\/li>\n<\/ul>\n<p>Kompatibel mit 3, 4 , 5 , 6, 7, 8, 9, 10,11 , 12 G\u00e4ngen.<\/p>\n","protected":false},"featured_media":46067,"comment_status":"open","ping_status":"closed","template":"","meta":[],"product_brand":[],"product_cat":[1060],"product_tag":[],"class_list":{"0":"post-39470","1":"product","2":"type-product","3":"status-publish","4":"has-post-thumbnail","6":"product_cat-werkzeug","8":"first","9":"instock","10":"taxable","11":"shipping-taxable","12":"purchasable","13":"product-type-simple"},"yoast_head":"<!-- This site is optimized with the Yoast SEO plugin v26.9 - https:\/\/yoast.com\/product\/yoast-seo-wordpress\/ -->\n<title>Kettenpeitsche \/ Kettennieter f\u00fcr Fahrr\u00e4der<\/title>\n<meta name=\"description\" content=\"Mit der Kettenpeitsche k\u00f6nnen Sie die Kassette Ihres - zerlegen. Ein unverzichtbares Werkzeug, um Ihre E-Bike-Kassette selbst zu zerlegen.\" \/>\n<meta name=\"robots\" content=\"index, follow, max-snippet:-1, max-image-preview:large, max-video-preview:-1\" \/>\n<link rel=\"canonical\" href=\"https:\/\/www.lift-mtb.com\/de\/produit\/kettenpeitsche\/\" \/>\n<meta property=\"og:locale\" content=\"de_DE\" \/>\n<meta property=\"og:type\" content=\"article\" \/>\n<meta property=\"og:title\" content=\"Kettenpeitsche \/ Kettennieter f\u00fcr Fahrr\u00e4der\" \/>\n<meta property=\"og:description\" content=\"Mit der Kettenpeitsche k\u00f6nnen Sie die Kassette Ihres - zerlegen. Ein unverzichtbares Werkzeug, um Ihre E-Bike-Kassette selbst zu zerlegen.\" \/>\n<meta property=\"og:url\" content=\"https:\/\/www.lift-mtb.com\/de\/produit\/kettenpeitsche\/\" \/>\n<meta property=\"og:site_name\" content=\"LIFT-MTB\" \/>\n<meta property=\"article:modified_time\" content=\"2023-02-20T01:11:23+00:00\" \/>\n<meta property=\"og:image\" content=\"https:\/\/www.lift-mtb.com\/wp-content\/uploads\/2023\/02\/fouet-a-chaine-2048x1357-1.png\" \/>\n\t<meta property=\"og:image:width\" content=\"2048\" \/>\n\t<meta property=\"og:image:height\" content=\"1367\" \/>\n\t<meta property=\"og:image:type\" content=\"image\/png\" \/>\n<meta name=\"twitter:card\" content=\"summary_large_image\" \/>\n<meta name=\"twitter:label1\" content=\"Gesch\u00e4tzte Lesezeit\" \/>\n\t<meta name=\"twitter:data1\" content=\"2\u00a0Minuten\" \/>\n<script type=\"application\/ld+json\" class=\"yoast-schema-graph\">{\"@context\":\"https:\/\/schema.org\",\"@graph\":[{\"@type\":\"WebPage\",\"@id\":\"https:\/\/www.lift-mtb.com\/de\/produit\/kettenpeitsche\/\",\"url\":\"https:\/\/www.lift-mtb.com\/de\/produit\/kettenpeitsche\/\",\"name\":\"Kettenpeitsche \/ Kettennieter f\u00fcr Fahrr\u00e4der\",\"isPartOf\":{\"@id\":\"https:\/\/www.lift-mtb.com\/de\/#website\"},\"primaryImageOfPage\":{\"@id\":\"https:\/\/www.lift-mtb.com\/de\/produit\/kettenpeitsche\/#primaryimage\"},\"image\":{\"@id\":\"https:\/\/www.lift-mtb.com\/de\/produit\/kettenpeitsche\/#primaryimage\"},\"thumbnailUrl\":\"https:\/\/www.lift-mtb.com\/wp-content\/uploads\/2023\/02\/fouet-a-chaine-2048x1357-1.png\",\"datePublished\":\"2022-02-23T16:57:41+00:00\",\"dateModified\":\"2023-02-20T01:11:23+00:00\",\"description\":\"Mit der Kettenpeitsche k\u00f6nnen Sie die Kassette Ihres - zerlegen. Ein unverzichtbares Werkzeug, um Ihre E-Bike-Kassette selbst zu zerlegen.\",\"breadcrumb\":{\"@id\":\"https:\/\/www.lift-mtb.com\/de\/produit\/kettenpeitsche\/#breadcrumb\"},\"inLanguage\":\"de\",\"potentialAction\":[{\"@type\":\"ReadAction\",\"target\":[\"https:\/\/www.lift-mtb.com\/de\/produit\/kettenpeitsche\/\"]}]},{\"@type\":\"ImageObject\",\"inLanguage\":\"de\",\"@id\":\"https:\/\/www.lift-mtb.com\/de\/produit\/kettenpeitsche\/#primaryimage\",\"url\":\"https:\/\/www.lift-mtb.com\/wp-content\/uploads\/2023\/02\/fouet-a-chaine-2048x1357-1.png\",\"contentUrl\":\"https:\/\/www.lift-mtb.com\/wp-content\/uploads\/2023\/02\/fouet-a-chaine-2048x1357-1.png\",\"width\":2048,\"height\":1367,\"caption\":\"d\u00e9montage pignon vtt\"},{\"@type\":\"BreadcrumbList\",\"@id\":\"https:\/\/www.lift-mtb.com\/de\/produit\/kettenpeitsche\/#breadcrumb\",\"itemListElement\":[{\"@type\":\"ListItem\",\"position\":1,\"name\":\"Accueil\",\"item\":\"https:\/\/www.lift-mtb.com\/de\/\"},{\"@type\":\"ListItem\",\"position\":2,\"name\":\"Shop\",\"item\":\"https:\/\/www.lift-mtb.com\/de\/shop\/\"},{\"@type\":\"ListItem\",\"position\":3,\"name\":\"Werkzeug\",\"item\":\"https:\/\/www.lift-mtb.com\/de\/produkt-kategorie\/werkzeug\/\"},{\"@type\":\"ListItem\",\"position\":4,\"name\":\"Kettenpeitsche\"}]},{\"@type\":\"WebSite\",\"@id\":\"https:\/\/www.lift-mtb.com\/de\/#website\",\"url\":\"https:\/\/www.lift-mtb.com\/de\/\",\"name\":\"LIFT-MTB\",\"description\":\"Transformer son v\u00e9lo en \u00e9lectrique rapidement !\",\"publisher\":{\"@id\":\"https:\/\/www.lift-mtb.com\/de\/#organization\"},\"potentialAction\":[{\"@type\":\"SearchAction\",\"target\":{\"@type\":\"EntryPoint\",\"urlTemplate\":\"https:\/\/www.lift-mtb.com\/de\/?s={search_term_string}\"},\"query-input\":{\"@type\":\"PropertyValueSpecification\",\"valueRequired\":true,\"valueName\":\"search_term_string\"}}],\"inLanguage\":\"de\"},{\"@type\":\"Organization\",\"@id\":\"https:\/\/www.lift-mtb.com\/de\/#organization\",\"name\":\"LIFT-MTB\",\"url\":\"https:\/\/www.lift-mtb.com\/de\/\",\"logo\":{\"@type\":\"ImageObject\",\"inLanguage\":\"de\",\"@id\":\"https:\/\/www.lift-mtb.com\/de\/#\/schema\/logo\/image\/\",\"url\":\"https:\/\/www.lift-mtb.com\/wp-content\/uploads\/2022\/01\/electric-kit-for-bike-1.jpg\",\"contentUrl\":\"https:\/\/www.lift-mtb.com\/wp-content\/uploads\/2022\/01\/electric-kit-for-bike-1.jpg\",\"width\":1223,\"height\":560,\"caption\":\"LIFT-MTB\"},\"image\":{\"@id\":\"https:\/\/www.lift-mtb.com\/de\/#\/schema\/logo\/image\/\"}}]}<\/script>\n<!-- \/ Yoast SEO plugin. -->","yoast_head_json":{"title":"Kettenpeitsche \/ Kettennieter f\u00fcr Fahrr\u00e4der","description":"Mit der Kettenpeitsche k\u00f6nnen Sie die Kassette Ihres - zerlegen. Ein unverzichtbares Werkzeug, um Ihre E-Bike-Kassette selbst zu zerlegen.","robots":{"index":"index","follow":"follow","max-snippet":"max-snippet:-1","max-image-preview":"max-image-preview:large","max-video-preview":"max-video-preview:-1"},"canonical":"https:\/\/www.lift-mtb.com\/de\/produit\/kettenpeitsche\/","og_locale":"de_DE","og_type":"article","og_title":"Kettenpeitsche \/ Kettennieter f\u00fcr Fahrr\u00e4der","og_description":"Mit der Kettenpeitsche k\u00f6nnen Sie die Kassette Ihres - zerlegen. Ein unverzichtbares Werkzeug, um Ihre E-Bike-Kassette selbst zu zerlegen.","og_url":"https:\/\/www.lift-mtb.com\/de\/produit\/kettenpeitsche\/","og_site_name":"LIFT-MTB","article_modified_time":"2023-02-20T01:11:23+00:00","og_image":[{"width":2048,"height":1367,"url":"https:\/\/www.lift-mtb.com\/wp-content\/uploads\/2023\/02\/fouet-a-chaine-2048x1357-1.png","type":"image\/png"}],"twitter_card":"summary_large_image","twitter_misc":{"Gesch\u00e4tzte Lesezeit":"2\u00a0Minuten"},"schema":{"@context":"https:\/\/schema.org","@graph":[{"@type":"WebPage","@id":"https:\/\/www.lift-mtb.com\/de\/produit\/kettenpeitsche\/","url":"https:\/\/www.lift-mtb.com\/de\/produit\/kettenpeitsche\/","name":"Kettenpeitsche \/ Kettennieter f\u00fcr Fahrr\u00e4der","isPartOf":{"@id":"https:\/\/www.lift-mtb.com\/de\/#website"},"primaryImageOfPage":{"@id":"https:\/\/www.lift-mtb.com\/de\/produit\/kettenpeitsche\/#primaryimage"},"image":{"@id":"https:\/\/www.lift-mtb.com\/de\/produit\/kettenpeitsche\/#primaryimage"},"thumbnailUrl":"https:\/\/www.lift-mtb.com\/wp-content\/uploads\/2023\/02\/fouet-a-chaine-2048x1357-1.png","datePublished":"2022-02-23T16:57:41+00:00","dateModified":"2023-02-20T01:11:23+00:00","description":"Mit der Kettenpeitsche k\u00f6nnen Sie die Kassette Ihres - zerlegen. Ein unverzichtbares Werkzeug, um Ihre E-Bike-Kassette selbst zu zerlegen.","breadcrumb":{"@id":"https:\/\/www.lift-mtb.com\/de\/produit\/kettenpeitsche\/#breadcrumb"},"inLanguage":"de","potentialAction":[{"@type":"ReadAction","target":["https:\/\/www.lift-mtb.com\/de\/produit\/kettenpeitsche\/"]}]},{"@type":"ImageObject","inLanguage":"de","@id":"https:\/\/www.lift-mtb.com\/de\/produit\/kettenpeitsche\/#primaryimage","url":"https:\/\/www.lift-mtb.com\/wp-content\/uploads\/2023\/02\/fouet-a-chaine-2048x1357-1.png","contentUrl":"https:\/\/www.lift-mtb.com\/wp-content\/uploads\/2023\/02\/fouet-a-chaine-2048x1357-1.png","width":2048,"height":1367,"caption":"d\u00e9montage pignon vtt"},{"@type":"BreadcrumbList","@id":"https:\/\/www.lift-mtb.com\/de\/produit\/kettenpeitsche\/#breadcrumb","itemListElement":[{"@type":"ListItem","position":1,"name":"Accueil","item":"https:\/\/www.lift-mtb.com\/de\/"},{"@type":"ListItem","position":2,"name":"Shop","item":"https:\/\/www.lift-mtb.com\/de\/shop\/"},{"@type":"ListItem","position":3,"name":"Werkzeug","item":"https:\/\/www.lift-mtb.com\/de\/produkt-kategorie\/werkzeug\/"},{"@type":"ListItem","position":4,"name":"Kettenpeitsche"}]},{"@type":"WebSite","@id":"https:\/\/www.lift-mtb.com\/de\/#website","url":"https:\/\/www.lift-mtb.com\/de\/","name":"LIFT-MTB","description":"Transformer son v\u00e9lo en \u00e9lectrique rapidement !","publisher":{"@id":"https:\/\/www.lift-mtb.com\/de\/#organization"},"potentialAction":[{"@type":"SearchAction","target":{"@type":"EntryPoint","urlTemplate":"https:\/\/www.lift-mtb.com\/de\/?s={search_term_string}"},"query-input":{"@type":"PropertyValueSpecification","valueRequired":true,"valueName":"search_term_string"}}],"inLanguage":"de"},{"@type":"Organization","@id":"https:\/\/www.lift-mtb.com\/de\/#organization","name":"LIFT-MTB","url":"https:\/\/www.lift-mtb.com\/de\/","logo":{"@type":"ImageObject","inLanguage":"de","@id":"https:\/\/www.lift-mtb.com\/de\/#\/schema\/logo\/image\/","url":"https:\/\/www.lift-mtb.com\/wp-content\/uploads\/2022\/01\/electric-kit-for-bike-1.jpg","contentUrl":"https:\/\/www.lift-mtb.com\/wp-content\/uploads\/2022\/01\/electric-kit-for-bike-1.jpg","width":1223,"height":560,"caption":"LIFT-MTB"},"image":{"@id":"https:\/\/www.lift-mtb.com\/de\/#\/schema\/logo\/image\/"}}]}},"_links":{"self":[{"href":"https:\/\/www.lift-mtb.com\/de\/wp-json\/wp\/v2\/product\/39470","targetHints":{"allow":["GET"]}}],"collection":[{"href":"https:\/\/www.lift-mtb.com\/de\/wp-json\/wp\/v2\/product"}],"about":[{"href":"https:\/\/www.lift-mtb.com\/de\/wp-json\/wp\/v2\/types\/product"}],"replies":[{"embeddable":true,"href":"https:\/\/www.lift-mtb.com\/de\/wp-json\/wp\/v2\/comments?post=39470"}],"wp:featuredmedia":[{"embeddable":true,"href":"https:\/\/www.lift-mtb.com\/de\/wp-json\/wp\/v2\/media\/46067"}],"wp:attachment":[{"href":"https:\/\/www.lift-mtb.com\/de\/wp-json\/wp\/v2\/media?parent=39470"}],"wp:term":[{"taxonomy":"product_brand","embeddable":true,"href":"https:\/\/www.lift-mtb.com\/de\/wp-json\/wp\/v2\/product_brand?post=39470"},{"taxonomy":"product_cat","embeddable":true,"href":"https:\/\/www.lift-mtb.com\/de\/wp-json\/wp\/v2\/product_cat?post=39470"},{"taxonomy":"product_tag","embeddable":true,"href":"https:\/\/www.lift-mtb.com\/de\/wp-json\/wp\/v2\/product_tag?post=39470"}],"curies":[{"name":"wp","href":"https:\/\/api.w.org\/{rel}","templated":true}]}}