{"id":39492,"date":"2022-02-23T17:53:00","date_gmt":"2022-02-23T16:53:00","guid":{"rendered":"https:\/produit\/kasette-zerlegen\/"},"modified":"2023-02-17T17:34:15","modified_gmt":"2023-02-17T16:34:15","slug":"kassettenentferner","status":"publish","type":"product","link":"https:\/\/www.lift-mtb.com\/de\/produit\/kassettenentferner\/","title":{"rendered":"Kassette zerlegen"},"content":{"rendered":"<p><a href=\"https:\/\/www.youtube.com\/watch?v=gtG8FQJIpqc\">Demontiert<\/a><a href=\"https:\/produit\/casette-velo-11-42-dents-8-9-et-10-vitesses\/\"> Kassetten<\/a> <a href=\"https:\/\/www.youtube.com\/watch?v=gtG8FQJIpqc\">vom<\/a> Typ Shimano\u00ae HG, Mavic\u00ae, Sram.<\/p>\n<ul>\n<li>Pr\u00e4zisionsbearbeitung.<\/li>\n<li>Hochwertiger w\u00e4rmebehandelter Stahl<\/li>\n<li>schwarze Farbe<\/li>\n<\/ul>\n<p>Erm\u00f6glicht es, seine Kassette leicht zu montieren und zu demontieren. Das Werkzeug funktioniert f\u00fcr alle Kassettentypen, (8,9,10,11,12 G\u00e4nge).<\/p>\n<p>Kompatibel mit den Marken Shimano , HG, Mavic, Sram.<\/p>\n<p>Der Kassettenl\u00f6ser ist ein Werkzeug, mit dem man zun\u00e4chst die Sicherungsmuttern l\u00f6sen kann. Dies ist ein Werkzeug, das sich an die Rillen der Kassette anpasst und das Entfernen der Sicherungsmutter erm\u00f6glicht.<\/p>\n<p>Er wird in Verbindung mit der Kettenpeitsche verwendet, mit der er die Kette auf den Ritzeln festh\u00e4lt. (Bestellen Sie den Schneebesen zus\u00e4tzlich, wenn Sie ihn nicht haben)<\/p>\n<p>Sie wird h\u00e4ufig verwendet, wenn eine abgenutzte Kassette ausgetauscht oder eine  <a href=\"https:\/produit\/casette-velo-11-42-dents-8-9-et-10-vitesses\/\">Kassette mit einer anderen Anzahl oder gr\u00f6\u00dferen Ritzeln  <\/a>Das bedeutet, dass die G\u00e4nge an den vorderen Kettenbl\u00e4ttern des Fahrrads geschaltet werden k\u00f6nnen (wie bei modernen Fahrr\u00e4dern).<\/p>\n<h5>Gebrauchsanweisung f\u00fcr den Kassettenwechsler<\/h5>\n<p>-Zuallererst demontieren Sie das Hinterrad.<\/p>\n<p>-dann entfernen Sie den Schnellspanner oder die Steckachse des Rades.<\/p>\n<p>-Legen Sie dann die Kettenpeitsche um das gr\u00f6\u00dfte Ritzel (um mehr Kraft zu haben), um die Drehung der Kassette zu blockieren.<\/p>\n<p>-Setzen Sie dann den Kassettenl\u00f6ser in die Rillen ein.<\/p>\n<p>-L\u00f6sen Sie zun\u00e4chst die Kontermutter der Kassette, indem Sie die Drehung der Kassette mit der Kettenpeitsche blockieren.<\/p>\n<p>-Entfernen Sie schlie\u00dflich die Kassette und achten Sie darauf, dass Sie keine Distanzst\u00fccke oder Ritzel verlieren.<\/p>\n<p>Zusammenfassend l\u00e4sst sich sagen, dass der Kassettenwechsler ein wichtiges und unverzichtbares Werkzeug f\u00fcr alle Benutzer ist, die die Kassette an ihrem Fahrrad austauschen m\u00f6chten.<\/p>\n<p>&nbsp;<\/p>\n<p>&nbsp;<\/p>\n<p>&nbsp;<\/p>\n<p>&nbsp;<\/p>\n","protected":false},"excerpt":{"rendered":"<p><strong>Beschreibung:<\/strong><\/p>\n<p>Shimano\u00ae HG, Mavic\u00ae, Sram-Kassettenl\u00f6ser.<\/p>\n<ul>\n<li>Pr\u00e4zisionsbearbeitung auf CNC-Drehmaschinen<\/li>\n<li>Hochwertiger w\u00e4rmebehandelter Stahl<\/li>\n<\/ul>\n","protected":false},"featured_media":46057,"comment_status":"open","ping_status":"closed","template":"","meta":[],"product_brand":[],"product_cat":[1060],"product_tag":[],"class_list":{"0":"post-39492","1":"product","2":"type-product","3":"status-publish","4":"has-post-thumbnail","6":"product_cat-werkzeug","8":"first","9":"instock","10":"taxable","11":"shipping-taxable","12":"purchasable","13":"product-type-simple"},"yoast_head":"<!-- This site is optimized with the Yoast SEO plugin v26.9 - https:\/\/yoast.com\/product\/yoast-seo-wordpress\/ -->\n<title>Fahrrad-Kassetten\u00f6ffner<\/title>\n<meta name=\"description\" content=\"Der Kassettenheber erm\u00f6glicht die Montage und Demontage der Fahrradkassette. Ein n\u00fctzliches Werkzeug, um den Antrieb seines Fahrrads zu pflegen.\" \/>\n<meta name=\"robots\" content=\"index, follow, max-snippet:-1, max-image-preview:large, max-video-preview:-1\" \/>\n<link rel=\"canonical\" href=\"https:\/\/www.lift-mtb.com\/de\/produit\/kassettenentferner\/\" \/>\n<meta property=\"og:locale\" content=\"de_DE\" \/>\n<meta property=\"og:type\" content=\"article\" \/>\n<meta property=\"og:title\" content=\"Fahrrad-Kassetten\u00f6ffner\" \/>\n<meta property=\"og:description\" content=\"Der Kassettenheber erm\u00f6glicht die Montage und Demontage der Fahrradkassette. Ein n\u00fctzliches Werkzeug, um den Antrieb seines Fahrrads zu pflegen.\" \/>\n<meta property=\"og:url\" content=\"https:\/\/www.lift-mtb.com\/de\/produit\/kassettenentferner\/\" \/>\n<meta property=\"og:site_name\" content=\"LIFT-MTB\" \/>\n<meta property=\"article:modified_time\" content=\"2023-02-17T16:34:15+00:00\" \/>\n<meta property=\"og:image\" content=\"https:\/\/www.lift-mtb.com\/wp-content\/uploads\/2023\/02\/demonte-k7-2048-x-1367-px.png\" \/>\n\t<meta property=\"og:image:width\" content=\"2048\" \/>\n\t<meta property=\"og:image:height\" content=\"1367\" \/>\n\t<meta property=\"og:image:type\" content=\"image\/png\" \/>\n<meta name=\"twitter:card\" content=\"summary_large_image\" \/>\n<meta name=\"twitter:label1\" content=\"Gesch\u00e4tzte Lesezeit\" \/>\n\t<meta name=\"twitter:data1\" content=\"1\u00a0Minute\" \/>\n<script type=\"application\/ld+json\" class=\"yoast-schema-graph\">{\"@context\":\"https:\/\/schema.org\",\"@graph\":[{\"@type\":\"WebPage\",\"@id\":\"https:\/\/www.lift-mtb.com\/de\/produit\/kassettenentferner\/\",\"url\":\"https:\/\/www.lift-mtb.com\/de\/produit\/kassettenentferner\/\",\"name\":\"Fahrrad-Kassetten\u00f6ffner\",\"isPartOf\":{\"@id\":\"https:\/\/www.lift-mtb.com\/de\/#website\"},\"primaryImageOfPage\":{\"@id\":\"https:\/\/www.lift-mtb.com\/de\/produit\/kassettenentferner\/#primaryimage\"},\"image\":{\"@id\":\"https:\/\/www.lift-mtb.com\/de\/produit\/kassettenentferner\/#primaryimage\"},\"thumbnailUrl\":\"https:\/\/www.lift-mtb.com\/wp-content\/uploads\/2023\/02\/demonte-k7-2048-x-1367-px.png\",\"datePublished\":\"2022-02-23T16:53:00+00:00\",\"dateModified\":\"2023-02-17T16:34:15+00:00\",\"description\":\"Der Kassettenheber erm\u00f6glicht die Montage und Demontage der Fahrradkassette. Ein n\u00fctzliches Werkzeug, um den Antrieb seines Fahrrads zu pflegen.\",\"breadcrumb\":{\"@id\":\"https:\/\/www.lift-mtb.com\/de\/produit\/kassettenentferner\/#breadcrumb\"},\"inLanguage\":\"de\",\"potentialAction\":[{\"@type\":\"ReadAction\",\"target\":[\"https:\/\/www.lift-mtb.com\/de\/produit\/kassettenentferner\/\"]}]},{\"@type\":\"ImageObject\",\"inLanguage\":\"de\",\"@id\":\"https:\/\/www.lift-mtb.com\/de\/produit\/kassettenentferner\/#primaryimage\",\"url\":\"https:\/\/www.lift-mtb.com\/wp-content\/uploads\/2023\/02\/demonte-k7-2048-x-1367-px.png\",\"contentUrl\":\"https:\/\/www.lift-mtb.com\/wp-content\/uploads\/2023\/02\/demonte-k7-2048-x-1367-px.png\",\"width\":2048,\"height\":1367,\"caption\":\"outils d\u00e9monte k7\"},{\"@type\":\"BreadcrumbList\",\"@id\":\"https:\/\/www.lift-mtb.com\/de\/produit\/kassettenentferner\/#breadcrumb\",\"itemListElement\":[{\"@type\":\"ListItem\",\"position\":1,\"name\":\"Accueil\",\"item\":\"https:\/\/www.lift-mtb.com\/de\/\"},{\"@type\":\"ListItem\",\"position\":2,\"name\":\"Shop\",\"item\":\"https:\/\/www.lift-mtb.com\/de\/shop\/\"},{\"@type\":\"ListItem\",\"position\":3,\"name\":\"Werkzeug\",\"item\":\"https:\/\/www.lift-mtb.com\/de\/produkt-kategorie\/werkzeug\/\"},{\"@type\":\"ListItem\",\"position\":4,\"name\":\"Kassette zerlegen\"}]},{\"@type\":\"WebSite\",\"@id\":\"https:\/\/www.lift-mtb.com\/de\/#website\",\"url\":\"https:\/\/www.lift-mtb.com\/de\/\",\"name\":\"LIFT-MTB\",\"description\":\"Transformer son v\u00e9lo en \u00e9lectrique rapidement !\",\"publisher\":{\"@id\":\"https:\/\/www.lift-mtb.com\/de\/#organization\"},\"potentialAction\":[{\"@type\":\"SearchAction\",\"target\":{\"@type\":\"EntryPoint\",\"urlTemplate\":\"https:\/\/www.lift-mtb.com\/de\/?s={search_term_string}\"},\"query-input\":{\"@type\":\"PropertyValueSpecification\",\"valueRequired\":true,\"valueName\":\"search_term_string\"}}],\"inLanguage\":\"de\"},{\"@type\":\"Organization\",\"@id\":\"https:\/\/www.lift-mtb.com\/de\/#organization\",\"name\":\"LIFT-MTB\",\"url\":\"https:\/\/www.lift-mtb.com\/de\/\",\"logo\":{\"@type\":\"ImageObject\",\"inLanguage\":\"de\",\"@id\":\"https:\/\/www.lift-mtb.com\/de\/#\/schema\/logo\/image\/\",\"url\":\"https:\/\/www.lift-mtb.com\/wp-content\/uploads\/2022\/01\/electric-kit-for-bike-1.jpg\",\"contentUrl\":\"https:\/\/www.lift-mtb.com\/wp-content\/uploads\/2022\/01\/electric-kit-for-bike-1.jpg\",\"width\":1223,\"height\":560,\"caption\":\"LIFT-MTB\"},\"image\":{\"@id\":\"https:\/\/www.lift-mtb.com\/de\/#\/schema\/logo\/image\/\"}}]}<\/script>\n<!-- \/ Yoast SEO plugin. -->","yoast_head_json":{"title":"Fahrrad-Kassetten\u00f6ffner","description":"Der Kassettenheber erm\u00f6glicht die Montage und Demontage der Fahrradkassette. Ein n\u00fctzliches Werkzeug, um den Antrieb seines Fahrrads zu pflegen.","robots":{"index":"index","follow":"follow","max-snippet":"max-snippet:-1","max-image-preview":"max-image-preview:large","max-video-preview":"max-video-preview:-1"},"canonical":"https:\/\/www.lift-mtb.com\/de\/produit\/kassettenentferner\/","og_locale":"de_DE","og_type":"article","og_title":"Fahrrad-Kassetten\u00f6ffner","og_description":"Der Kassettenheber erm\u00f6glicht die Montage und Demontage der Fahrradkassette. Ein n\u00fctzliches Werkzeug, um den Antrieb seines Fahrrads zu pflegen.","og_url":"https:\/\/www.lift-mtb.com\/de\/produit\/kassettenentferner\/","og_site_name":"LIFT-MTB","article_modified_time":"2023-02-17T16:34:15+00:00","og_image":[{"width":2048,"height":1367,"url":"https:\/\/www.lift-mtb.com\/wp-content\/uploads\/2023\/02\/demonte-k7-2048-x-1367-px.png","type":"image\/png"}],"twitter_card":"summary_large_image","twitter_misc":{"Gesch\u00e4tzte Lesezeit":"1\u00a0Minute"},"schema":{"@context":"https:\/\/schema.org","@graph":[{"@type":"WebPage","@id":"https:\/\/www.lift-mtb.com\/de\/produit\/kassettenentferner\/","url":"https:\/\/www.lift-mtb.com\/de\/produit\/kassettenentferner\/","name":"Fahrrad-Kassetten\u00f6ffner","isPartOf":{"@id":"https:\/\/www.lift-mtb.com\/de\/#website"},"primaryImageOfPage":{"@id":"https:\/\/www.lift-mtb.com\/de\/produit\/kassettenentferner\/#primaryimage"},"image":{"@id":"https:\/\/www.lift-mtb.com\/de\/produit\/kassettenentferner\/#primaryimage"},"thumbnailUrl":"https:\/\/www.lift-mtb.com\/wp-content\/uploads\/2023\/02\/demonte-k7-2048-x-1367-px.png","datePublished":"2022-02-23T16:53:00+00:00","dateModified":"2023-02-17T16:34:15+00:00","description":"Der Kassettenheber erm\u00f6glicht die Montage und Demontage der Fahrradkassette. Ein n\u00fctzliches Werkzeug, um den Antrieb seines Fahrrads zu pflegen.","breadcrumb":{"@id":"https:\/\/www.lift-mtb.com\/de\/produit\/kassettenentferner\/#breadcrumb"},"inLanguage":"de","potentialAction":[{"@type":"ReadAction","target":["https:\/\/www.lift-mtb.com\/de\/produit\/kassettenentferner\/"]}]},{"@type":"ImageObject","inLanguage":"de","@id":"https:\/\/www.lift-mtb.com\/de\/produit\/kassettenentferner\/#primaryimage","url":"https:\/\/www.lift-mtb.com\/wp-content\/uploads\/2023\/02\/demonte-k7-2048-x-1367-px.png","contentUrl":"https:\/\/www.lift-mtb.com\/wp-content\/uploads\/2023\/02\/demonte-k7-2048-x-1367-px.png","width":2048,"height":1367,"caption":"outils d\u00e9monte k7"},{"@type":"BreadcrumbList","@id":"https:\/\/www.lift-mtb.com\/de\/produit\/kassettenentferner\/#breadcrumb","itemListElement":[{"@type":"ListItem","position":1,"name":"Accueil","item":"https:\/\/www.lift-mtb.com\/de\/"},{"@type":"ListItem","position":2,"name":"Shop","item":"https:\/\/www.lift-mtb.com\/de\/shop\/"},{"@type":"ListItem","position":3,"name":"Werkzeug","item":"https:\/\/www.lift-mtb.com\/de\/produkt-kategorie\/werkzeug\/"},{"@type":"ListItem","position":4,"name":"Kassette zerlegen"}]},{"@type":"WebSite","@id":"https:\/\/www.lift-mtb.com\/de\/#website","url":"https:\/\/www.lift-mtb.com\/de\/","name":"LIFT-MTB","description":"Transformer son v\u00e9lo en \u00e9lectrique rapidement !","publisher":{"@id":"https:\/\/www.lift-mtb.com\/de\/#organization"},"potentialAction":[{"@type":"SearchAction","target":{"@type":"EntryPoint","urlTemplate":"https:\/\/www.lift-mtb.com\/de\/?s={search_term_string}"},"query-input":{"@type":"PropertyValueSpecification","valueRequired":true,"valueName":"search_term_string"}}],"inLanguage":"de"},{"@type":"Organization","@id":"https:\/\/www.lift-mtb.com\/de\/#organization","name":"LIFT-MTB","url":"https:\/\/www.lift-mtb.com\/de\/","logo":{"@type":"ImageObject","inLanguage":"de","@id":"https:\/\/www.lift-mtb.com\/de\/#\/schema\/logo\/image\/","url":"https:\/\/www.lift-mtb.com\/wp-content\/uploads\/2022\/01\/electric-kit-for-bike-1.jpg","contentUrl":"https:\/\/www.lift-mtb.com\/wp-content\/uploads\/2022\/01\/electric-kit-for-bike-1.jpg","width":1223,"height":560,"caption":"LIFT-MTB"},"image":{"@id":"https:\/\/www.lift-mtb.com\/de\/#\/schema\/logo\/image\/"}}]}},"_links":{"self":[{"href":"https:\/\/www.lift-mtb.com\/de\/wp-json\/wp\/v2\/product\/39492","targetHints":{"allow":["GET"]}}],"collection":[{"href":"https:\/\/www.lift-mtb.com\/de\/wp-json\/wp\/v2\/product"}],"about":[{"href":"https:\/\/www.lift-mtb.com\/de\/wp-json\/wp\/v2\/types\/product"}],"replies":[{"embeddable":true,"href":"https:\/\/www.lift-mtb.com\/de\/wp-json\/wp\/v2\/comments?post=39492"}],"wp:featuredmedia":[{"embeddable":true,"href":"https:\/\/www.lift-mtb.com\/de\/wp-json\/wp\/v2\/media\/46057"}],"wp:attachment":[{"href":"https:\/\/www.lift-mtb.com\/de\/wp-json\/wp\/v2\/media?parent=39492"}],"wp:term":[{"taxonomy":"product_brand","embeddable":true,"href":"https:\/\/www.lift-mtb.com\/de\/wp-json\/wp\/v2\/product_brand?post=39492"},{"taxonomy":"product_cat","embeddable":true,"href":"https:\/\/www.lift-mtb.com\/de\/wp-json\/wp\/v2\/product_cat?post=39492"},{"taxonomy":"product_tag","embeddable":true,"href":"https:\/\/www.lift-mtb.com\/de\/wp-json\/wp\/v2\/product_tag?post=39492"}],"curies":[{"name":"wp","href":"https:\/\/api.w.org\/{rel}","templated":true}]}}