{"id":39514,"date":"2022-02-23T16:58:59","date_gmt":"2022-02-23T15:58:59","guid":{"rendered":"https:\/produit\/bsa-innenlager-mit-gewinde-fuer-30-mm-achsen\/"},"modified":"2023-02-17T17:37:38","modified_gmt":"2023-02-17T16:37:38","slug":"pedalkasten-bsa-gewindeschneiden-fur-30mm-achse","status":"publish","type":"product","link":"https:\/\/www.lift-mtb.com\/de\/produit\/pedalkasten-bsa-gewindeschneiden-fur-30mm-achse\/","title":{"rendered":"BSA-Innenlager mit Gewinde f\u00fcr 30-mm-Achsen."},"content":{"rendered":"<ul>\n<li>Mountain bikes (MTB) Innendurchmesser<strong> 30mm Achse <\/strong>Typ <strong>BSA mit Gewinde<\/strong>.<\/li>\n<li>Dieses<a href=\"https:\/\/www.youtube.com\/@LIFTMTBTV\/featured\"> Innenlager<\/a> ist f\u00fcr <strong>68\/73 mm Rahmen<\/strong> konzipiert.<\/li>\n<li>Wird mit speziellem Montagewerkzeug geliefert.<\/li>\n<li>\n<h6>HXR oder RACE FACE<\/h6>\n<\/li>\n<\/ul>\n","protected":false},"excerpt":{"rendered":"<p><strong>Beschreibung:<\/strong><\/p>\n<ul>\n<li>Mountain bikes (MTB) Innendurchmesser<strong> 30mm Achse <\/strong>Typ <strong>BSA mit Gewinde<\/strong>.<\/li>\n<\/ul>\n","protected":false},"featured_media":8090,"comment_status":"open","ping_status":"closed","template":"","meta":[],"product_brand":[],"product_cat":[844],"product_tag":[],"class_list":{"0":"post-39514","1":"product","2":"type-product","3":"status-publish","4":"has-post-thumbnail","6":"product_cat-tretlagerteile-de","8":"first","9":"instock","10":"taxable","11":"shipping-taxable","12":"purchasable","13":"product-type-simple"},"yoast_head":"<!-- This site is optimized with the Yoast SEO plugin v26.9 - https:\/\/yoast.com\/product\/yoast-seo-wordpress\/ -->\n<title>Innenlager BSA\/ 30mm - Race Face f\u00fcr Steckachse<\/title>\n<meta name=\"description\" content=\"BSA\/ 30mm - Der BSA-Standard ist f\u00fcr ein Geh\u00e4use, das auf den Fahrradrahmen ausgerichtet ist. Der Innendurchmesser des Geh\u00e4uses betr\u00e4gt 3Omm.\" \/>\n<meta name=\"robots\" content=\"index, follow, max-snippet:-1, max-image-preview:large, max-video-preview:-1\" \/>\n<link rel=\"canonical\" href=\"https:\/\/www.lift-mtb.com\/de\/produit\/pedalkasten-bsa-gewindeschneiden-fur-30mm-achse\/\" \/>\n<meta property=\"og:locale\" content=\"de_DE\" \/>\n<meta property=\"og:type\" content=\"article\" \/>\n<meta property=\"og:title\" content=\"Innenlager BSA\/ 30mm - Race Face f\u00fcr Steckachse\" \/>\n<meta property=\"og:description\" content=\"BSA\/ 30mm - Der BSA-Standard ist f\u00fcr ein Geh\u00e4use, das auf den Fahrradrahmen ausgerichtet ist. Der Innendurchmesser des Geh\u00e4uses betr\u00e4gt 3Omm.\" \/>\n<meta property=\"og:url\" content=\"https:\/\/www.lift-mtb.com\/de\/produit\/pedalkasten-bsa-gewindeschneiden-fur-30mm-achse\/\" \/>\n<meta property=\"og:site_name\" content=\"LIFT-MTB\" \/>\n<meta property=\"article:modified_time\" content=\"2023-02-17T16:37:38+00:00\" \/>\n<meta property=\"og:image\" content=\"https:\/\/www.lift-mtb.com\/wp-content\/uploads\/2022\/02\/boitier-de-pedalier-30mm.png\" \/>\n\t<meta property=\"og:image:width\" content=\"275\" \/>\n\t<meta property=\"og:image:height\" content=\"183\" \/>\n\t<meta property=\"og:image:type\" content=\"image\/png\" \/>\n<meta name=\"twitter:card\" content=\"summary_large_image\" \/>\n<script type=\"application\/ld+json\" class=\"yoast-schema-graph\">{\"@context\":\"https:\/\/schema.org\",\"@graph\":[{\"@type\":\"WebPage\",\"@id\":\"https:\/\/www.lift-mtb.com\/de\/produit\/pedalkasten-bsa-gewindeschneiden-fur-30mm-achse\/\",\"url\":\"https:\/\/www.lift-mtb.com\/de\/produit\/pedalkasten-bsa-gewindeschneiden-fur-30mm-achse\/\",\"name\":\"Innenlager BSA\/ 30mm - Race Face f\u00fcr Steckachse\",\"isPartOf\":{\"@id\":\"https:\/\/www.lift-mtb.com\/de\/#website\"},\"primaryImageOfPage\":{\"@id\":\"https:\/\/www.lift-mtb.com\/de\/produit\/pedalkasten-bsa-gewindeschneiden-fur-30mm-achse\/#primaryimage\"},\"image\":{\"@id\":\"https:\/\/www.lift-mtb.com\/de\/produit\/pedalkasten-bsa-gewindeschneiden-fur-30mm-achse\/#primaryimage\"},\"thumbnailUrl\":\"https:\/\/www.lift-mtb.com\/wp-content\/uploads\/2022\/02\/boitier-de-pedalier-30mm.png\",\"datePublished\":\"2022-02-23T15:58:59+00:00\",\"dateModified\":\"2023-02-17T16:37:38+00:00\",\"description\":\"BSA\/ 30mm - Der BSA-Standard ist f\u00fcr ein Geh\u00e4use, das auf den Fahrradrahmen ausgerichtet ist. Der Innendurchmesser des Geh\u00e4uses betr\u00e4gt 3Omm.\",\"breadcrumb\":{\"@id\":\"https:\/\/www.lift-mtb.com\/de\/produit\/pedalkasten-bsa-gewindeschneiden-fur-30mm-achse\/#breadcrumb\"},\"inLanguage\":\"de\",\"potentialAction\":[{\"@type\":\"ReadAction\",\"target\":[\"https:\/\/www.lift-mtb.com\/de\/produit\/pedalkasten-bsa-gewindeschneiden-fur-30mm-achse\/\"]}]},{\"@type\":\"ImageObject\",\"inLanguage\":\"de\",\"@id\":\"https:\/\/www.lift-mtb.com\/de\/produit\/pedalkasten-bsa-gewindeschneiden-fur-30mm-achse\/#primaryimage\",\"url\":\"https:\/\/www.lift-mtb.com\/wp-content\/uploads\/2022\/02\/boitier-de-pedalier-30mm.png\",\"contentUrl\":\"https:\/\/www.lift-mtb.com\/wp-content\/uploads\/2022\/02\/boitier-de-pedalier-30mm.png\",\"width\":275,\"height\":183,\"caption\":\"Innenlager BSA\/ 30mm\"},{\"@type\":\"BreadcrumbList\",\"@id\":\"https:\/\/www.lift-mtb.com\/de\/produit\/pedalkasten-bsa-gewindeschneiden-fur-30mm-achse\/#breadcrumb\",\"itemListElement\":[{\"@type\":\"ListItem\",\"position\":1,\"name\":\"Accueil\",\"item\":\"https:\/\/www.lift-mtb.com\/de\/\"},{\"@type\":\"ListItem\",\"position\":2,\"name\":\"Shop\",\"item\":\"https:\/\/www.lift-mtb.com\/de\/shop\/\"},{\"@type\":\"ListItem\",\"position\":3,\"name\":\"Ersatzteile\",\"item\":\"https:\/\/www.lift-mtb.com\/de\/produkt-kategorie\/ersatzteile\/\"},{\"@type\":\"ListItem\",\"position\":4,\"name\":\"Tretlagerteile\",\"item\":\"https:\/\/www.lift-mtb.com\/de\/produkt-kategorie\/ersatzteile\/tretlagerteile-de\/\"},{\"@type\":\"ListItem\",\"position\":5,\"name\":\"BSA-Innenlager mit Gewinde f\u00fcr 30-mm-Achsen.\"}]},{\"@type\":\"WebSite\",\"@id\":\"https:\/\/www.lift-mtb.com\/de\/#website\",\"url\":\"https:\/\/www.lift-mtb.com\/de\/\",\"name\":\"LIFT-MTB\",\"description\":\"Transformer son v\u00e9lo en \u00e9lectrique rapidement !\",\"publisher\":{\"@id\":\"https:\/\/www.lift-mtb.com\/de\/#organization\"},\"potentialAction\":[{\"@type\":\"SearchAction\",\"target\":{\"@type\":\"EntryPoint\",\"urlTemplate\":\"https:\/\/www.lift-mtb.com\/de\/?s={search_term_string}\"},\"query-input\":{\"@type\":\"PropertyValueSpecification\",\"valueRequired\":true,\"valueName\":\"search_term_string\"}}],\"inLanguage\":\"de\"},{\"@type\":\"Organization\",\"@id\":\"https:\/\/www.lift-mtb.com\/de\/#organization\",\"name\":\"LIFT-MTB\",\"url\":\"https:\/\/www.lift-mtb.com\/de\/\",\"logo\":{\"@type\":\"ImageObject\",\"inLanguage\":\"de\",\"@id\":\"https:\/\/www.lift-mtb.com\/de\/#\/schema\/logo\/image\/\",\"url\":\"https:\/\/www.lift-mtb.com\/wp-content\/uploads\/2022\/01\/electric-kit-for-bike-1.jpg\",\"contentUrl\":\"https:\/\/www.lift-mtb.com\/wp-content\/uploads\/2022\/01\/electric-kit-for-bike-1.jpg\",\"width\":1223,\"height\":560,\"caption\":\"LIFT-MTB\"},\"image\":{\"@id\":\"https:\/\/www.lift-mtb.com\/de\/#\/schema\/logo\/image\/\"}}]}<\/script>\n<!-- \/ Yoast SEO plugin. -->","yoast_head_json":{"title":"Innenlager BSA\/ 30mm - Race Face f\u00fcr Steckachse","description":"BSA\/ 30mm - Der BSA-Standard ist f\u00fcr ein Geh\u00e4use, das auf den Fahrradrahmen ausgerichtet ist. Der Innendurchmesser des Geh\u00e4uses betr\u00e4gt 3Omm.","robots":{"index":"index","follow":"follow","max-snippet":"max-snippet:-1","max-image-preview":"max-image-preview:large","max-video-preview":"max-video-preview:-1"},"canonical":"https:\/\/www.lift-mtb.com\/de\/produit\/pedalkasten-bsa-gewindeschneiden-fur-30mm-achse\/","og_locale":"de_DE","og_type":"article","og_title":"Innenlager BSA\/ 30mm - Race Face f\u00fcr Steckachse","og_description":"BSA\/ 30mm - Der BSA-Standard ist f\u00fcr ein Geh\u00e4use, das auf den Fahrradrahmen ausgerichtet ist. Der Innendurchmesser des Geh\u00e4uses betr\u00e4gt 3Omm.","og_url":"https:\/\/www.lift-mtb.com\/de\/produit\/pedalkasten-bsa-gewindeschneiden-fur-30mm-achse\/","og_site_name":"LIFT-MTB","article_modified_time":"2023-02-17T16:37:38+00:00","og_image":[{"width":275,"height":183,"url":"https:\/\/www.lift-mtb.com\/wp-content\/uploads\/2022\/02\/boitier-de-pedalier-30mm.png","type":"image\/png"}],"twitter_card":"summary_large_image","schema":{"@context":"https:\/\/schema.org","@graph":[{"@type":"WebPage","@id":"https:\/\/www.lift-mtb.com\/de\/produit\/pedalkasten-bsa-gewindeschneiden-fur-30mm-achse\/","url":"https:\/\/www.lift-mtb.com\/de\/produit\/pedalkasten-bsa-gewindeschneiden-fur-30mm-achse\/","name":"Innenlager BSA\/ 30mm - Race Face f\u00fcr Steckachse","isPartOf":{"@id":"https:\/\/www.lift-mtb.com\/de\/#website"},"primaryImageOfPage":{"@id":"https:\/\/www.lift-mtb.com\/de\/produit\/pedalkasten-bsa-gewindeschneiden-fur-30mm-achse\/#primaryimage"},"image":{"@id":"https:\/\/www.lift-mtb.com\/de\/produit\/pedalkasten-bsa-gewindeschneiden-fur-30mm-achse\/#primaryimage"},"thumbnailUrl":"https:\/\/www.lift-mtb.com\/wp-content\/uploads\/2022\/02\/boitier-de-pedalier-30mm.png","datePublished":"2022-02-23T15:58:59+00:00","dateModified":"2023-02-17T16:37:38+00:00","description":"BSA\/ 30mm - Der BSA-Standard ist f\u00fcr ein Geh\u00e4use, das auf den Fahrradrahmen ausgerichtet ist. Der Innendurchmesser des Geh\u00e4uses betr\u00e4gt 3Omm.","breadcrumb":{"@id":"https:\/\/www.lift-mtb.com\/de\/produit\/pedalkasten-bsa-gewindeschneiden-fur-30mm-achse\/#breadcrumb"},"inLanguage":"de","potentialAction":[{"@type":"ReadAction","target":["https:\/\/www.lift-mtb.com\/de\/produit\/pedalkasten-bsa-gewindeschneiden-fur-30mm-achse\/"]}]},{"@type":"ImageObject","inLanguage":"de","@id":"https:\/\/www.lift-mtb.com\/de\/produit\/pedalkasten-bsa-gewindeschneiden-fur-30mm-achse\/#primaryimage","url":"https:\/\/www.lift-mtb.com\/wp-content\/uploads\/2022\/02\/boitier-de-pedalier-30mm.png","contentUrl":"https:\/\/www.lift-mtb.com\/wp-content\/uploads\/2022\/02\/boitier-de-pedalier-30mm.png","width":275,"height":183,"caption":"Innenlager BSA\/ 30mm"},{"@type":"BreadcrumbList","@id":"https:\/\/www.lift-mtb.com\/de\/produit\/pedalkasten-bsa-gewindeschneiden-fur-30mm-achse\/#breadcrumb","itemListElement":[{"@type":"ListItem","position":1,"name":"Accueil","item":"https:\/\/www.lift-mtb.com\/de\/"},{"@type":"ListItem","position":2,"name":"Shop","item":"https:\/\/www.lift-mtb.com\/de\/shop\/"},{"@type":"ListItem","position":3,"name":"Ersatzteile","item":"https:\/\/www.lift-mtb.com\/de\/produkt-kategorie\/ersatzteile\/"},{"@type":"ListItem","position":4,"name":"Tretlagerteile","item":"https:\/\/www.lift-mtb.com\/de\/produkt-kategorie\/ersatzteile\/tretlagerteile-de\/"},{"@type":"ListItem","position":5,"name":"BSA-Innenlager mit Gewinde f\u00fcr 30-mm-Achsen."}]},{"@type":"WebSite","@id":"https:\/\/www.lift-mtb.com\/de\/#website","url":"https:\/\/www.lift-mtb.com\/de\/","name":"LIFT-MTB","description":"Transformer son v\u00e9lo en \u00e9lectrique rapidement !","publisher":{"@id":"https:\/\/www.lift-mtb.com\/de\/#organization"},"potentialAction":[{"@type":"SearchAction","target":{"@type":"EntryPoint","urlTemplate":"https:\/\/www.lift-mtb.com\/de\/?s={search_term_string}"},"query-input":{"@type":"PropertyValueSpecification","valueRequired":true,"valueName":"search_term_string"}}],"inLanguage":"de"},{"@type":"Organization","@id":"https:\/\/www.lift-mtb.com\/de\/#organization","name":"LIFT-MTB","url":"https:\/\/www.lift-mtb.com\/de\/","logo":{"@type":"ImageObject","inLanguage":"de","@id":"https:\/\/www.lift-mtb.com\/de\/#\/schema\/logo\/image\/","url":"https:\/\/www.lift-mtb.com\/wp-content\/uploads\/2022\/01\/electric-kit-for-bike-1.jpg","contentUrl":"https:\/\/www.lift-mtb.com\/wp-content\/uploads\/2022\/01\/electric-kit-for-bike-1.jpg","width":1223,"height":560,"caption":"LIFT-MTB"},"image":{"@id":"https:\/\/www.lift-mtb.com\/de\/#\/schema\/logo\/image\/"}}]}},"_links":{"self":[{"href":"https:\/\/www.lift-mtb.com\/de\/wp-json\/wp\/v2\/product\/39514","targetHints":{"allow":["GET"]}}],"collection":[{"href":"https:\/\/www.lift-mtb.com\/de\/wp-json\/wp\/v2\/product"}],"about":[{"href":"https:\/\/www.lift-mtb.com\/de\/wp-json\/wp\/v2\/types\/product"}],"replies":[{"embeddable":true,"href":"https:\/\/www.lift-mtb.com\/de\/wp-json\/wp\/v2\/comments?post=39514"}],"wp:featuredmedia":[{"embeddable":true,"href":"https:\/\/www.lift-mtb.com\/de\/wp-json\/wp\/v2\/media\/8090"}],"wp:attachment":[{"href":"https:\/\/www.lift-mtb.com\/de\/wp-json\/wp\/v2\/media?parent=39514"}],"wp:term":[{"taxonomy":"product_brand","embeddable":true,"href":"https:\/\/www.lift-mtb.com\/de\/wp-json\/wp\/v2\/product_brand?post=39514"},{"taxonomy":"product_cat","embeddable":true,"href":"https:\/\/www.lift-mtb.com\/de\/wp-json\/wp\/v2\/product_cat?post=39514"},{"taxonomy":"product_tag","embeddable":true,"href":"https:\/\/www.lift-mtb.com\/de\/wp-json\/wp\/v2\/product_tag?post=39514"}],"curies":[{"name":"wp","href":"https:\/\/api.w.org\/{rel}","templated":true}]}}