{"id":39581,"date":"2022-02-23T12:29:23","date_gmt":"2022-02-23T11:29:23","guid":{"rendered":"https:\/produit\/schraube-tretlagerachse-x1-unterlegscheibe-x1-v3\/"},"modified":"2023-02-23T23:54:19","modified_gmt":"2023-02-23T22:54:19","slug":"schraube-dax-des-fahrradpedals","status":"publish","type":"product","link":"https:\/\/www.lift-mtb.com\/de\/produit\/schraube-dax-des-fahrradpedals\/","title":{"rendered":"Schraube Tretlagerachse (x1) + Unterlegscheibe (x1) v1 \/ v2 \/ v3"},"content":{"rendered":"<h2>Schraube f\u00fcr die Tretlagerachse eines Fahrrads<\/h2>\n<p>Die V3-Fahrradkurbelachsenschrauben halten die Kurbelarme auf der Kurbelachse fest, indem sie in die <a href=\"https:\/fonctionnement-du-kit-moteur-pedalier-lift-mtb\/\">Kurbelachse<\/a> geschraubt werden.<\/p>\n<p>Diese kleinen Verbindungsst\u00fccke sind daher entscheidend f\u00fcr die Leistung, und die Zuverl\u00e4ssigkeit Ihres Fahrrads.<\/p>\n<p>Inbusschrauben lassen sich mit einem 5- oder 6-mm-BTR-Inbusschl\u00fcssel leichter anziehen und l\u00f6sen.<\/p>\n<p>Flache Version v3 neueste Generation (Foto A) f\u00fcr einen gro\u00dfen BTR-Schl\u00fcssel oder v1, v2, v3 der ersten Generation von elektrischen Mountain bikes (MTB) (Foto) B) konische Version f\u00fcr d\u00fcnnen BTR-Schl\u00fcssel (Achtung: die beiden Schraubenmodelle sind nicht miteinander kompatibel)<\/p>\n<p>Es ist auch wichtig, das Anzugsmoment der Tretlagerschrauben zu \u00fcberpr\u00fcfen, um Sch\u00e4den oder Lockerungen w\u00e4hrend einer Fahrt zu vermeiden.<\/p>\n<p>Wenn die Tretlagerschrauben nicht fest genug angezogen sind, k\u00f6nnen sich die Kurbelarme seitlich bewegen, was ebenfalls zu Sch\u00e4den an den Gewinden, Lagern oder der Achse f\u00fchren kann.<\/p>\n<p>Es empfiehlt sich, <a href=\"https:\/\/www.youtube.com\/watch?v=oa-4d4Uxl5E\">regelm\u00e4\u00dfig<\/a> zu \u00fcberpr\u00fcfen, ob die Tretlagerschrauben fest angezogen sind.<\/p>\n<p>Fazit: Wenn die Schrauben Ihres V1-, V2- oder V3-Motorradmotors Anzeichen von Sch\u00e4den aufweisen, wie z. B. abgenutzte Gewinde oder abgerundete K\u00f6pfe. Beachten Sie, dass die Schrauben der Version 4 (v4) pro und classic unterschiedlich sein werden (gr\u00f6\u00dfere Abdr\u00fccke und Gewinde).<\/p>\n","protected":false},"excerpt":{"rendered":"<p><strong>Beschreibung:<\/strong><\/p>\n<ul>\n<li>Anpassbar an die Version &#8220;CLASSIC&#8221; V3.<\/li>\n<li>Wird einzeln verkauft.<\/li>\n<li>Existiert in zwei Versionen , flach neues Modell (Foto A) f\u00fcr BTR-Schl\u00fcssel breit, oder Model (Foto B) konische Version f\u00fcr d\u00fcnnen BTR-Schl\u00fcssel (Achtung: die beiden Schraubenmodelle sind nicht miteinander kompatibel)<\/li>\n<\/ul>\n","protected":false},"featured_media":7880,"comment_status":"open","ping_status":"closed","template":"","meta":[],"product_brand":[],"product_cat":[844],"product_tag":[],"class_list":{"0":"post-39581","1":"product","2":"type-product","3":"status-publish","4":"has-post-thumbnail","6":"product_cat-tretlagerteile-de","8":"first","9":"instock","10":"taxable","11":"shipping-taxable","12":"purchasable","13":"product-type-variable"},"yoast_head":"<!-- This site is optimized with the Yoast SEO plugin v26.9 - https:\/\/yoast.com\/product\/yoast-seo-wordpress\/ -->\n<title>Fahrrad-Tretlagerachsenschraube (x1) + Unterlegscheibe (x1).<\/title>\n<meta name=\"description\" content=\"Fahrrad-Tretlagerachsenschraube (x1) + Unterlegscheibe (x1). Mit dieser BTR-Schraube wird die Kurbel an der Tretlagerachse eines Fahrrads festgezogen und gehalten.\" \/>\n<meta name=\"robots\" content=\"index, follow, max-snippet:-1, max-image-preview:large, max-video-preview:-1\" \/>\n<link rel=\"canonical\" href=\"https:\/\/www.lift-mtb.com\/de\/produit\/schraube-dax-des-fahrradpedals\/\" \/>\n<meta property=\"og:locale\" content=\"de_DE\" \/>\n<meta property=\"og:type\" content=\"article\" \/>\n<meta property=\"og:title\" content=\"Fahrrad-Tretlagerachsenschraube (x1) + Unterlegscheibe (x1).\" \/>\n<meta property=\"og:description\" content=\"Fahrrad-Tretlagerachsenschraube (x1) + Unterlegscheibe (x1). Mit dieser BTR-Schraube wird die Kurbel an der Tretlagerachse eines Fahrrads festgezogen und gehalten.\" \/>\n<meta property=\"og:url\" content=\"https:\/\/www.lift-mtb.com\/de\/produit\/schraube-dax-des-fahrradpedals\/\" \/>\n<meta property=\"og:site_name\" content=\"LIFT-MTB\" \/>\n<meta property=\"article:modified_time\" content=\"2023-02-23T22:54:19+00:00\" \/>\n<meta property=\"og:image\" content=\"https:\/\/www.lift-mtb.com\/wp-content\/uploads\/2022\/02\/vis-axe-de-pedalier-v3.jpg\" \/>\n\t<meta property=\"og:image:width\" content=\"750\" \/>\n\t<meta property=\"og:image:height\" content=\"750\" \/>\n\t<meta property=\"og:image:type\" content=\"image\/jpeg\" \/>\n<meta name=\"twitter:card\" content=\"summary_large_image\" \/>\n<meta name=\"twitter:label1\" content=\"Gesch\u00e4tzte Lesezeit\" \/>\n\t<meta name=\"twitter:data1\" content=\"1\u00a0Minute\" \/>\n<script type=\"application\/ld+json\" class=\"yoast-schema-graph\">{\"@context\":\"https:\/\/schema.org\",\"@graph\":[{\"@type\":\"WebPage\",\"@id\":\"https:\/\/www.lift-mtb.com\/de\/produit\/schraube-dax-des-fahrradpedals\/\",\"url\":\"https:\/\/www.lift-mtb.com\/de\/produit\/schraube-dax-des-fahrradpedals\/\",\"name\":\"Fahrrad-Tretlagerachsenschraube (x1) + Unterlegscheibe (x1).\",\"isPartOf\":{\"@id\":\"https:\/\/www.lift-mtb.com\/de\/#website\"},\"primaryImageOfPage\":{\"@id\":\"https:\/\/www.lift-mtb.com\/de\/produit\/schraube-dax-des-fahrradpedals\/#primaryimage\"},\"image\":{\"@id\":\"https:\/\/www.lift-mtb.com\/de\/produit\/schraube-dax-des-fahrradpedals\/#primaryimage\"},\"thumbnailUrl\":\"https:\/\/www.lift-mtb.com\/wp-content\/uploads\/2022\/02\/vis-axe-de-pedalier-v3.jpg\",\"datePublished\":\"2022-02-23T11:29:23+00:00\",\"dateModified\":\"2023-02-23T22:54:19+00:00\",\"description\":\"Fahrrad-Tretlagerachsenschraube (x1) + Unterlegscheibe (x1). Mit dieser BTR-Schraube wird die Kurbel an der Tretlagerachse eines Fahrrads festgezogen und gehalten.\",\"breadcrumb\":{\"@id\":\"https:\/\/www.lift-mtb.com\/de\/produit\/schraube-dax-des-fahrradpedals\/#breadcrumb\"},\"inLanguage\":\"de\",\"potentialAction\":[{\"@type\":\"ReadAction\",\"target\":[\"https:\/\/www.lift-mtb.com\/de\/produit\/schraube-dax-des-fahrradpedals\/\"]}]},{\"@type\":\"ImageObject\",\"inLanguage\":\"de\",\"@id\":\"https:\/\/www.lift-mtb.com\/de\/produit\/schraube-dax-des-fahrradpedals\/#primaryimage\",\"url\":\"https:\/\/www.lift-mtb.com\/wp-content\/uploads\/2022\/02\/vis-axe-de-pedalier-v3.jpg\",\"contentUrl\":\"https:\/\/www.lift-mtb.com\/wp-content\/uploads\/2022\/02\/vis-axe-de-pedalier-v3.jpg\",\"width\":750,\"height\":750,\"caption\":\"Vis d'axe de p\u00e9dalier de v\u00e9lo\"},{\"@type\":\"BreadcrumbList\",\"@id\":\"https:\/\/www.lift-mtb.com\/de\/produit\/schraube-dax-des-fahrradpedals\/#breadcrumb\",\"itemListElement\":[{\"@type\":\"ListItem\",\"position\":1,\"name\":\"Accueil\",\"item\":\"https:\/\/www.lift-mtb.com\/de\/\"},{\"@type\":\"ListItem\",\"position\":2,\"name\":\"Shop\",\"item\":\"https:\/\/www.lift-mtb.com\/de\/shop\/\"},{\"@type\":\"ListItem\",\"position\":3,\"name\":\"Ersatzteile\",\"item\":\"https:\/\/www.lift-mtb.com\/de\/produkt-kategorie\/ersatzteile\/\"},{\"@type\":\"ListItem\",\"position\":4,\"name\":\"Tretlagerteile\",\"item\":\"https:\/\/www.lift-mtb.com\/de\/produkt-kategorie\/ersatzteile\/tretlagerteile-de\/\"},{\"@type\":\"ListItem\",\"position\":5,\"name\":\"Schraube Tretlagerachse (x1) + Unterlegscheibe (x1) v1 \/ v2 \/ v3\"}]},{\"@type\":\"WebSite\",\"@id\":\"https:\/\/www.lift-mtb.com\/de\/#website\",\"url\":\"https:\/\/www.lift-mtb.com\/de\/\",\"name\":\"LIFT-MTB\",\"description\":\"Transformer son v\u00e9lo en \u00e9lectrique rapidement !\",\"publisher\":{\"@id\":\"https:\/\/www.lift-mtb.com\/de\/#organization\"},\"potentialAction\":[{\"@type\":\"SearchAction\",\"target\":{\"@type\":\"EntryPoint\",\"urlTemplate\":\"https:\/\/www.lift-mtb.com\/de\/?s={search_term_string}\"},\"query-input\":{\"@type\":\"PropertyValueSpecification\",\"valueRequired\":true,\"valueName\":\"search_term_string\"}}],\"inLanguage\":\"de\"},{\"@type\":\"Organization\",\"@id\":\"https:\/\/www.lift-mtb.com\/de\/#organization\",\"name\":\"LIFT-MTB\",\"url\":\"https:\/\/www.lift-mtb.com\/de\/\",\"logo\":{\"@type\":\"ImageObject\",\"inLanguage\":\"de\",\"@id\":\"https:\/\/www.lift-mtb.com\/de\/#\/schema\/logo\/image\/\",\"url\":\"https:\/\/www.lift-mtb.com\/wp-content\/uploads\/2022\/01\/electric-kit-for-bike-1.jpg\",\"contentUrl\":\"https:\/\/www.lift-mtb.com\/wp-content\/uploads\/2022\/01\/electric-kit-for-bike-1.jpg\",\"width\":1223,\"height\":560,\"caption\":\"LIFT-MTB\"},\"image\":{\"@id\":\"https:\/\/www.lift-mtb.com\/de\/#\/schema\/logo\/image\/\"}}]}<\/script>\n<!-- \/ Yoast SEO plugin. -->","yoast_head_json":{"title":"Fahrrad-Tretlagerachsenschraube (x1) + Unterlegscheibe (x1).","description":"Fahrrad-Tretlagerachsenschraube (x1) + Unterlegscheibe (x1). Mit dieser BTR-Schraube wird die Kurbel an der Tretlagerachse eines Fahrrads festgezogen und gehalten.","robots":{"index":"index","follow":"follow","max-snippet":"max-snippet:-1","max-image-preview":"max-image-preview:large","max-video-preview":"max-video-preview:-1"},"canonical":"https:\/\/www.lift-mtb.com\/de\/produit\/schraube-dax-des-fahrradpedals\/","og_locale":"de_DE","og_type":"article","og_title":"Fahrrad-Tretlagerachsenschraube (x1) + Unterlegscheibe (x1).","og_description":"Fahrrad-Tretlagerachsenschraube (x1) + Unterlegscheibe (x1). Mit dieser BTR-Schraube wird die Kurbel an der Tretlagerachse eines Fahrrads festgezogen und gehalten.","og_url":"https:\/\/www.lift-mtb.com\/de\/produit\/schraube-dax-des-fahrradpedals\/","og_site_name":"LIFT-MTB","article_modified_time":"2023-02-23T22:54:19+00:00","og_image":[{"width":750,"height":750,"url":"https:\/\/www.lift-mtb.com\/wp-content\/uploads\/2022\/02\/vis-axe-de-pedalier-v3.jpg","type":"image\/jpeg"}],"twitter_card":"summary_large_image","twitter_misc":{"Gesch\u00e4tzte Lesezeit":"1\u00a0Minute"},"schema":{"@context":"https:\/\/schema.org","@graph":[{"@type":"WebPage","@id":"https:\/\/www.lift-mtb.com\/de\/produit\/schraube-dax-des-fahrradpedals\/","url":"https:\/\/www.lift-mtb.com\/de\/produit\/schraube-dax-des-fahrradpedals\/","name":"Fahrrad-Tretlagerachsenschraube (x1) + Unterlegscheibe (x1).","isPartOf":{"@id":"https:\/\/www.lift-mtb.com\/de\/#website"},"primaryImageOfPage":{"@id":"https:\/\/www.lift-mtb.com\/de\/produit\/schraube-dax-des-fahrradpedals\/#primaryimage"},"image":{"@id":"https:\/\/www.lift-mtb.com\/de\/produit\/schraube-dax-des-fahrradpedals\/#primaryimage"},"thumbnailUrl":"https:\/\/www.lift-mtb.com\/wp-content\/uploads\/2022\/02\/vis-axe-de-pedalier-v3.jpg","datePublished":"2022-02-23T11:29:23+00:00","dateModified":"2023-02-23T22:54:19+00:00","description":"Fahrrad-Tretlagerachsenschraube (x1) + Unterlegscheibe (x1). Mit dieser BTR-Schraube wird die Kurbel an der Tretlagerachse eines Fahrrads festgezogen und gehalten.","breadcrumb":{"@id":"https:\/\/www.lift-mtb.com\/de\/produit\/schraube-dax-des-fahrradpedals\/#breadcrumb"},"inLanguage":"de","potentialAction":[{"@type":"ReadAction","target":["https:\/\/www.lift-mtb.com\/de\/produit\/schraube-dax-des-fahrradpedals\/"]}]},{"@type":"ImageObject","inLanguage":"de","@id":"https:\/\/www.lift-mtb.com\/de\/produit\/schraube-dax-des-fahrradpedals\/#primaryimage","url":"https:\/\/www.lift-mtb.com\/wp-content\/uploads\/2022\/02\/vis-axe-de-pedalier-v3.jpg","contentUrl":"https:\/\/www.lift-mtb.com\/wp-content\/uploads\/2022\/02\/vis-axe-de-pedalier-v3.jpg","width":750,"height":750,"caption":"Vis d'axe de p\u00e9dalier de v\u00e9lo"},{"@type":"BreadcrumbList","@id":"https:\/\/www.lift-mtb.com\/de\/produit\/schraube-dax-des-fahrradpedals\/#breadcrumb","itemListElement":[{"@type":"ListItem","position":1,"name":"Accueil","item":"https:\/\/www.lift-mtb.com\/de\/"},{"@type":"ListItem","position":2,"name":"Shop","item":"https:\/\/www.lift-mtb.com\/de\/shop\/"},{"@type":"ListItem","position":3,"name":"Ersatzteile","item":"https:\/\/www.lift-mtb.com\/de\/produkt-kategorie\/ersatzteile\/"},{"@type":"ListItem","position":4,"name":"Tretlagerteile","item":"https:\/\/www.lift-mtb.com\/de\/produkt-kategorie\/ersatzteile\/tretlagerteile-de\/"},{"@type":"ListItem","position":5,"name":"Schraube Tretlagerachse (x1) + Unterlegscheibe (x1) v1 \/ v2 \/ v3"}]},{"@type":"WebSite","@id":"https:\/\/www.lift-mtb.com\/de\/#website","url":"https:\/\/www.lift-mtb.com\/de\/","name":"LIFT-MTB","description":"Transformer son v\u00e9lo en \u00e9lectrique rapidement !","publisher":{"@id":"https:\/\/www.lift-mtb.com\/de\/#organization"},"potentialAction":[{"@type":"SearchAction","target":{"@type":"EntryPoint","urlTemplate":"https:\/\/www.lift-mtb.com\/de\/?s={search_term_string}"},"query-input":{"@type":"PropertyValueSpecification","valueRequired":true,"valueName":"search_term_string"}}],"inLanguage":"de"},{"@type":"Organization","@id":"https:\/\/www.lift-mtb.com\/de\/#organization","name":"LIFT-MTB","url":"https:\/\/www.lift-mtb.com\/de\/","logo":{"@type":"ImageObject","inLanguage":"de","@id":"https:\/\/www.lift-mtb.com\/de\/#\/schema\/logo\/image\/","url":"https:\/\/www.lift-mtb.com\/wp-content\/uploads\/2022\/01\/electric-kit-for-bike-1.jpg","contentUrl":"https:\/\/www.lift-mtb.com\/wp-content\/uploads\/2022\/01\/electric-kit-for-bike-1.jpg","width":1223,"height":560,"caption":"LIFT-MTB"},"image":{"@id":"https:\/\/www.lift-mtb.com\/de\/#\/schema\/logo\/image\/"}}]}},"_links":{"self":[{"href":"https:\/\/www.lift-mtb.com\/de\/wp-json\/wp\/v2\/product\/39581","targetHints":{"allow":["GET"]}}],"collection":[{"href":"https:\/\/www.lift-mtb.com\/de\/wp-json\/wp\/v2\/product"}],"about":[{"href":"https:\/\/www.lift-mtb.com\/de\/wp-json\/wp\/v2\/types\/product"}],"replies":[{"embeddable":true,"href":"https:\/\/www.lift-mtb.com\/de\/wp-json\/wp\/v2\/comments?post=39581"}],"wp:featuredmedia":[{"embeddable":true,"href":"https:\/\/www.lift-mtb.com\/de\/wp-json\/wp\/v2\/media\/7880"}],"wp:attachment":[{"href":"https:\/\/www.lift-mtb.com\/de\/wp-json\/wp\/v2\/media?parent=39581"}],"wp:term":[{"taxonomy":"product_brand","embeddable":true,"href":"https:\/\/www.lift-mtb.com\/de\/wp-json\/wp\/v2\/product_brand?post=39581"},{"taxonomy":"product_cat","embeddable":true,"href":"https:\/\/www.lift-mtb.com\/de\/wp-json\/wp\/v2\/product_cat?post=39581"},{"taxonomy":"product_tag","embeddable":true,"href":"https:\/\/www.lift-mtb.com\/de\/wp-json\/wp\/v2\/product_tag?post=39581"}],"curies":[{"name":"wp","href":"https:\/\/api.w.org\/{rel}","templated":true}]}}