{"id":39584,"date":"2022-02-23T12:18:23","date_gmt":"2022-02-23T11:18:23","guid":{"rendered":"https:\/produit\/adapterringe-zur-aenderung-des-durchmessers-der-v4-tretlagerachse\/"},"modified":"2023-02-23T23:54:19","modified_gmt":"2023-02-23T22:54:19","slug":"adapterringe-fur-die-achse-der-fahrradpedale","status":"publish","type":"product","link":"https:\/\/www.lift-mtb.com\/de\/produit\/adapterringe-fur-die-achse-der-fahrradpedale\/","title":{"rendered":"Adapterringe zur \u00c4nderung des Durchmessers der V4-Tretlagerachse"},"content":{"rendered":"<p>Adapterringe f\u00fcr Fahrrad-Tretlagerachsen. Erm\u00f6glicht es, den Durchmesser der <a href=\"https:\/\/www.youtube.com\/@LIFTMTBTV\">LIFT MTB<\/a> Innenlagerachse als 22\/ 24\/ 29 &amp; 30mm beizubehalten und zu ver\u00e4ndern.<\/p>\n<p><strong>Beschreibung:<\/strong><\/p>\n<ul>\n<li>Nur ein Paar Alu-Ringe, mit denen der Durchmesser einer 22-mm-Achse in einen anderen Durchmesser ge\u00e4ndert werden kann.<\/li>\n<li>Passend f\u00fcr die V4-Versionen <a href=\"https:\/choix-du-pedalier-pro-ou-classic\/\">CLASSIC &amp; PRO<\/a><\/li>\n<li>Durchmesser, um von 22 mm auf 24 mm \/ von 22 mm auf 29 mm (DUB) \/ von 22 mm auf 30 mm zu wechseln.<\/li>\n<\/ul>\n","protected":false},"excerpt":{"rendered":"<ul>\n<li>CNC-Bearbeitung<\/li>\n<li>Eloxieren mit 1 Farbe pro Gr\u00f6\u00dfe<\/li>\n<li>blau 30mm<\/li>\n<li>grau 24mm<\/li>\n<li>schwarz 29mm<\/li>\n<\/ul>\n<p>&nbsp;<\/p>\n","protected":false},"featured_media":7860,"comment_status":"open","ping_status":"closed","template":"","meta":[],"product_brand":[],"product_cat":[844],"product_tag":[],"class_list":{"0":"post-39584","1":"product","2":"type-product","3":"status-publish","4":"has-post-thumbnail","6":"product_cat-tretlagerteile-de","8":"first","9":"instock","10":"taxable","11":"shipping-taxable","12":"purchasable","13":"product-type-variable"},"yoast_head":"<!-- This site is optimized with the Yoast SEO plugin v26.9 - https:\/\/yoast.com\/product\/yoast-seo-wordpress\/ -->\n<title>Adapterringe f\u00fcr -<\/title>\n<meta name=\"description\" content=\"Adapterringe f\u00fcr Fahrrad-Tretlagerachsen. Erm\u00f6glicht es, den Durchmesser der Tretlagerachse als 22\/ 24\/ 29 &amp; 30 mm beizubehalten und zu ver\u00e4ndern.\" \/>\n<meta name=\"robots\" content=\"index, follow, max-snippet:-1, max-image-preview:large, max-video-preview:-1\" \/>\n<link rel=\"canonical\" href=\"https:\/\/www.lift-mtb.com\/de\/produit\/adapterringe-fur-die-achse-der-fahrradpedale\/\" \/>\n<meta property=\"og:locale\" content=\"de_DE\" \/>\n<meta property=\"og:type\" content=\"article\" \/>\n<meta property=\"og:title\" content=\"Adapterringe f\u00fcr -\" \/>\n<meta property=\"og:description\" content=\"Adapterringe f\u00fcr Fahrrad-Tretlagerachsen. Erm\u00f6glicht es, den Durchmesser der Tretlagerachse als 22\/ 24\/ 29 &amp; 30 mm beizubehalten und zu ver\u00e4ndern.\" \/>\n<meta property=\"og:url\" content=\"https:\/\/www.lift-mtb.com\/de\/produit\/adapterringe-fur-die-achse-der-fahrradpedale\/\" \/>\n<meta property=\"og:site_name\" content=\"LIFT-MTB\" \/>\n<meta property=\"article:modified_time\" content=\"2023-02-23T22:54:19+00:00\" \/>\n<meta property=\"og:image\" content=\"https:\/\/www.lift-mtb.com\/wp-content\/uploads\/2022\/02\/bague-adpatateur-axe-de-pedalier-v4.jpg\" \/>\n\t<meta property=\"og:image:width\" content=\"3296\" \/>\n\t<meta property=\"og:image:height\" content=\"2200\" \/>\n\t<meta property=\"og:image:type\" content=\"image\/jpeg\" \/>\n<meta name=\"twitter:card\" content=\"summary_large_image\" \/>\n<script type=\"application\/ld+json\" class=\"yoast-schema-graph\">{\"@context\":\"https:\/\/schema.org\",\"@graph\":[{\"@type\":\"WebPage\",\"@id\":\"https:\/\/www.lift-mtb.com\/de\/produit\/adapterringe-fur-die-achse-der-fahrradpedale\/\",\"url\":\"https:\/\/www.lift-mtb.com\/de\/produit\/adapterringe-fur-die-achse-der-fahrradpedale\/\",\"name\":\"Adapterringe f\u00fcr -\",\"isPartOf\":{\"@id\":\"https:\/\/www.lift-mtb.com\/de\/#website\"},\"primaryImageOfPage\":{\"@id\":\"https:\/\/www.lift-mtb.com\/de\/produit\/adapterringe-fur-die-achse-der-fahrradpedale\/#primaryimage\"},\"image\":{\"@id\":\"https:\/\/www.lift-mtb.com\/de\/produit\/adapterringe-fur-die-achse-der-fahrradpedale\/#primaryimage\"},\"thumbnailUrl\":\"https:\/\/www.lift-mtb.com\/wp-content\/uploads\/2022\/02\/bague-adpatateur-axe-de-pedalier-v4.jpg\",\"datePublished\":\"2022-02-23T11:18:23+00:00\",\"dateModified\":\"2023-02-23T22:54:19+00:00\",\"description\":\"Adapterringe f\u00fcr Fahrrad-Tretlagerachsen. Erm\u00f6glicht es, den Durchmesser der Tretlagerachse als 22\/ 24\/ 29 & 30 mm beizubehalten und zu ver\u00e4ndern.\",\"breadcrumb\":{\"@id\":\"https:\/\/www.lift-mtb.com\/de\/produit\/adapterringe-fur-die-achse-der-fahrradpedale\/#breadcrumb\"},\"inLanguage\":\"de\",\"potentialAction\":[{\"@type\":\"ReadAction\",\"target\":[\"https:\/\/www.lift-mtb.com\/de\/produit\/adapterringe-fur-die-achse-der-fahrradpedale\/\"]}]},{\"@type\":\"ImageObject\",\"inLanguage\":\"de\",\"@id\":\"https:\/\/www.lift-mtb.com\/de\/produit\/adapterringe-fur-die-achse-der-fahrradpedale\/#primaryimage\",\"url\":\"https:\/\/www.lift-mtb.com\/wp-content\/uploads\/2022\/02\/bague-adpatateur-axe-de-pedalier-v4.jpg\",\"contentUrl\":\"https:\/\/www.lift-mtb.com\/wp-content\/uploads\/2022\/02\/bague-adpatateur-axe-de-pedalier-v4.jpg\",\"width\":3296,\"height\":2200,\"caption\":\"Bague adpatateur axe de p\u00e9dalier V4\"},{\"@type\":\"BreadcrumbList\",\"@id\":\"https:\/\/www.lift-mtb.com\/de\/produit\/adapterringe-fur-die-achse-der-fahrradpedale\/#breadcrumb\",\"itemListElement\":[{\"@type\":\"ListItem\",\"position\":1,\"name\":\"Accueil\",\"item\":\"https:\/\/www.lift-mtb.com\/de\/\"},{\"@type\":\"ListItem\",\"position\":2,\"name\":\"Shop\",\"item\":\"https:\/\/www.lift-mtb.com\/de\/shop\/\"},{\"@type\":\"ListItem\",\"position\":3,\"name\":\"Ersatzteile\",\"item\":\"https:\/\/www.lift-mtb.com\/de\/produkt-kategorie\/ersatzteile\/\"},{\"@type\":\"ListItem\",\"position\":4,\"name\":\"Tretlagerteile\",\"item\":\"https:\/\/www.lift-mtb.com\/de\/produkt-kategorie\/ersatzteile\/tretlagerteile-de\/\"},{\"@type\":\"ListItem\",\"position\":5,\"name\":\"Adapterringe zur \u00c4nderung des Durchmessers der V4-Tretlagerachse\"}]},{\"@type\":\"WebSite\",\"@id\":\"https:\/\/www.lift-mtb.com\/de\/#website\",\"url\":\"https:\/\/www.lift-mtb.com\/de\/\",\"name\":\"LIFT-MTB\",\"description\":\"Transformer son v\u00e9lo en \u00e9lectrique rapidement !\",\"publisher\":{\"@id\":\"https:\/\/www.lift-mtb.com\/de\/#organization\"},\"potentialAction\":[{\"@type\":\"SearchAction\",\"target\":{\"@type\":\"EntryPoint\",\"urlTemplate\":\"https:\/\/www.lift-mtb.com\/de\/?s={search_term_string}\"},\"query-input\":{\"@type\":\"PropertyValueSpecification\",\"valueRequired\":true,\"valueName\":\"search_term_string\"}}],\"inLanguage\":\"de\"},{\"@type\":\"Organization\",\"@id\":\"https:\/\/www.lift-mtb.com\/de\/#organization\",\"name\":\"LIFT-MTB\",\"url\":\"https:\/\/www.lift-mtb.com\/de\/\",\"logo\":{\"@type\":\"ImageObject\",\"inLanguage\":\"de\",\"@id\":\"https:\/\/www.lift-mtb.com\/de\/#\/schema\/logo\/image\/\",\"url\":\"https:\/\/www.lift-mtb.com\/wp-content\/uploads\/2022\/01\/electric-kit-for-bike-1.jpg\",\"contentUrl\":\"https:\/\/www.lift-mtb.com\/wp-content\/uploads\/2022\/01\/electric-kit-for-bike-1.jpg\",\"width\":1223,\"height\":560,\"caption\":\"LIFT-MTB\"},\"image\":{\"@id\":\"https:\/\/www.lift-mtb.com\/de\/#\/schema\/logo\/image\/\"}}]}<\/script>\n<!-- \/ Yoast SEO plugin. -->","yoast_head_json":{"title":"Adapterringe f\u00fcr -","description":"Adapterringe f\u00fcr Fahrrad-Tretlagerachsen. Erm\u00f6glicht es, den Durchmesser der Tretlagerachse als 22\/ 24\/ 29 & 30 mm beizubehalten und zu ver\u00e4ndern.","robots":{"index":"index","follow":"follow","max-snippet":"max-snippet:-1","max-image-preview":"max-image-preview:large","max-video-preview":"max-video-preview:-1"},"canonical":"https:\/\/www.lift-mtb.com\/de\/produit\/adapterringe-fur-die-achse-der-fahrradpedale\/","og_locale":"de_DE","og_type":"article","og_title":"Adapterringe f\u00fcr -","og_description":"Adapterringe f\u00fcr Fahrrad-Tretlagerachsen. Erm\u00f6glicht es, den Durchmesser der Tretlagerachse als 22\/ 24\/ 29 & 30 mm beizubehalten und zu ver\u00e4ndern.","og_url":"https:\/\/www.lift-mtb.com\/de\/produit\/adapterringe-fur-die-achse-der-fahrradpedale\/","og_site_name":"LIFT-MTB","article_modified_time":"2023-02-23T22:54:19+00:00","og_image":[{"width":3296,"height":2200,"url":"https:\/\/www.lift-mtb.com\/wp-content\/uploads\/2022\/02\/bague-adpatateur-axe-de-pedalier-v4.jpg","type":"image\/jpeg"}],"twitter_card":"summary_large_image","schema":{"@context":"https:\/\/schema.org","@graph":[{"@type":"WebPage","@id":"https:\/\/www.lift-mtb.com\/de\/produit\/adapterringe-fur-die-achse-der-fahrradpedale\/","url":"https:\/\/www.lift-mtb.com\/de\/produit\/adapterringe-fur-die-achse-der-fahrradpedale\/","name":"Adapterringe f\u00fcr -","isPartOf":{"@id":"https:\/\/www.lift-mtb.com\/de\/#website"},"primaryImageOfPage":{"@id":"https:\/\/www.lift-mtb.com\/de\/produit\/adapterringe-fur-die-achse-der-fahrradpedale\/#primaryimage"},"image":{"@id":"https:\/\/www.lift-mtb.com\/de\/produit\/adapterringe-fur-die-achse-der-fahrradpedale\/#primaryimage"},"thumbnailUrl":"https:\/\/www.lift-mtb.com\/wp-content\/uploads\/2022\/02\/bague-adpatateur-axe-de-pedalier-v4.jpg","datePublished":"2022-02-23T11:18:23+00:00","dateModified":"2023-02-23T22:54:19+00:00","description":"Adapterringe f\u00fcr Fahrrad-Tretlagerachsen. Erm\u00f6glicht es, den Durchmesser der Tretlagerachse als 22\/ 24\/ 29 & 30 mm beizubehalten und zu ver\u00e4ndern.","breadcrumb":{"@id":"https:\/\/www.lift-mtb.com\/de\/produit\/adapterringe-fur-die-achse-der-fahrradpedale\/#breadcrumb"},"inLanguage":"de","potentialAction":[{"@type":"ReadAction","target":["https:\/\/www.lift-mtb.com\/de\/produit\/adapterringe-fur-die-achse-der-fahrradpedale\/"]}]},{"@type":"ImageObject","inLanguage":"de","@id":"https:\/\/www.lift-mtb.com\/de\/produit\/adapterringe-fur-die-achse-der-fahrradpedale\/#primaryimage","url":"https:\/\/www.lift-mtb.com\/wp-content\/uploads\/2022\/02\/bague-adpatateur-axe-de-pedalier-v4.jpg","contentUrl":"https:\/\/www.lift-mtb.com\/wp-content\/uploads\/2022\/02\/bague-adpatateur-axe-de-pedalier-v4.jpg","width":3296,"height":2200,"caption":"Bague adpatateur axe de p\u00e9dalier V4"},{"@type":"BreadcrumbList","@id":"https:\/\/www.lift-mtb.com\/de\/produit\/adapterringe-fur-die-achse-der-fahrradpedale\/#breadcrumb","itemListElement":[{"@type":"ListItem","position":1,"name":"Accueil","item":"https:\/\/www.lift-mtb.com\/de\/"},{"@type":"ListItem","position":2,"name":"Shop","item":"https:\/\/www.lift-mtb.com\/de\/shop\/"},{"@type":"ListItem","position":3,"name":"Ersatzteile","item":"https:\/\/www.lift-mtb.com\/de\/produkt-kategorie\/ersatzteile\/"},{"@type":"ListItem","position":4,"name":"Tretlagerteile","item":"https:\/\/www.lift-mtb.com\/de\/produkt-kategorie\/ersatzteile\/tretlagerteile-de\/"},{"@type":"ListItem","position":5,"name":"Adapterringe zur \u00c4nderung des Durchmessers der V4-Tretlagerachse"}]},{"@type":"WebSite","@id":"https:\/\/www.lift-mtb.com\/de\/#website","url":"https:\/\/www.lift-mtb.com\/de\/","name":"LIFT-MTB","description":"Transformer son v\u00e9lo en \u00e9lectrique rapidement !","publisher":{"@id":"https:\/\/www.lift-mtb.com\/de\/#organization"},"potentialAction":[{"@type":"SearchAction","target":{"@type":"EntryPoint","urlTemplate":"https:\/\/www.lift-mtb.com\/de\/?s={search_term_string}"},"query-input":{"@type":"PropertyValueSpecification","valueRequired":true,"valueName":"search_term_string"}}],"inLanguage":"de"},{"@type":"Organization","@id":"https:\/\/www.lift-mtb.com\/de\/#organization","name":"LIFT-MTB","url":"https:\/\/www.lift-mtb.com\/de\/","logo":{"@type":"ImageObject","inLanguage":"de","@id":"https:\/\/www.lift-mtb.com\/de\/#\/schema\/logo\/image\/","url":"https:\/\/www.lift-mtb.com\/wp-content\/uploads\/2022\/01\/electric-kit-for-bike-1.jpg","contentUrl":"https:\/\/www.lift-mtb.com\/wp-content\/uploads\/2022\/01\/electric-kit-for-bike-1.jpg","width":1223,"height":560,"caption":"LIFT-MTB"},"image":{"@id":"https:\/\/www.lift-mtb.com\/de\/#\/schema\/logo\/image\/"}}]}},"_links":{"self":[{"href":"https:\/\/www.lift-mtb.com\/de\/wp-json\/wp\/v2\/product\/39584","targetHints":{"allow":["GET"]}}],"collection":[{"href":"https:\/\/www.lift-mtb.com\/de\/wp-json\/wp\/v2\/product"}],"about":[{"href":"https:\/\/www.lift-mtb.com\/de\/wp-json\/wp\/v2\/types\/product"}],"replies":[{"embeddable":true,"href":"https:\/\/www.lift-mtb.com\/de\/wp-json\/wp\/v2\/comments?post=39584"}],"wp:featuredmedia":[{"embeddable":true,"href":"https:\/\/www.lift-mtb.com\/de\/wp-json\/wp\/v2\/media\/7860"}],"wp:attachment":[{"href":"https:\/\/www.lift-mtb.com\/de\/wp-json\/wp\/v2\/media?parent=39584"}],"wp:term":[{"taxonomy":"product_brand","embeddable":true,"href":"https:\/\/www.lift-mtb.com\/de\/wp-json\/wp\/v2\/product_brand?post=39584"},{"taxonomy":"product_cat","embeddable":true,"href":"https:\/\/www.lift-mtb.com\/de\/wp-json\/wp\/v2\/product_cat?post=39584"},{"taxonomy":"product_tag","embeddable":true,"href":"https:\/\/www.lift-mtb.com\/de\/wp-json\/wp\/v2\/product_tag?post=39584"}],"curies":[{"name":"wp","href":"https:\/\/api.w.org\/{rel}","templated":true}]}}