{"id":39616,"date":"2022-02-23T14:24:02","date_gmt":"2022-02-23T13:24:02","guid":{"rendered":"https:\/produit\/tretlager-pro-version\/"},"modified":"2024-06-06T00:36:45","modified_gmt":"2024-06-05T22:36:45","slug":"pedalkurbel-version-pro-fur-elektrofahrrad","status":"publish","type":"product","link":"https:\/\/www.lift-mtb.com\/de\/produit\/pedalkurbel-version-pro-fur-elektrofahrrad\/","title":{"rendered":"Tretlager PRO-Version"},"content":{"rendered":"<p><strong>Das Pedalboard Version Pro besteht aus<br \/>\n<\/strong><\/p>\n<ul>\n<li>Kurbel 7075 T6 <a href=\"https:\/fabrication-made-in-france-moteur-electrique-pour-velo\/\">made in France<\/a>, hart anodisiert , lasergraviert.<\/li>\n<li>Hohlwelle, die innen bearbeitet wurde, um Gewicht zu sparen.<\/li>\n<li>Die PRO-Version spart 400 g im Vergleich zu den Pedalen der &#8220;Classic&#8221;-Version.<\/li>\n<li>Bietet mit diesen 72 Einsatzpunkten pro Runde einen besseren Relaunch.<\/li>\n<li>Pr\u00e4zisere Antritte dank des Freilaufs.<\/li>\n<li>Wird mit allen Durchmesseradaptern f\u00fcr Tretlagerachsen geliefert ( 22\/24, 24, 28,9 &amp; 30 mm).<\/li>\n<li>Wird mit dem spezifischen <a href=\"https:\/\/www.youtube.com\/@LIFTMTBTV\">LIFT MTB<\/a> PRO-Stern geliefert<\/li>\n<li>Geliefert mit Kettenblatt 32 und 38 Z\u00e4hnen<\/li>\n<\/ul>\n","protected":false},"excerpt":{"rendered":"<ul>\n<li>Die PRO-Version spart 400 g im Vergleich zum Pedalboard der &#8220;Classic&#8221;-Version.<\/li>\n<li>Wird mit allen Durchmesseradaptern f\u00fcr Tretlagerachsen geliefert ( 22\/24, 24, 28,9 &amp; 30 mm).<\/li>\n<li>Geliefert mit Kettenblatt 32 und 38 Z\u00e4hnen<\/li>\n<li>liefert mit Hohlachse, Keilring und Schrauben.<\/li>\n<\/ul>\n","protected":false},"featured_media":7910,"comment_status":"open","ping_status":"closed","template":"","meta":[],"product_brand":[],"product_cat":[844],"product_tag":[],"class_list":{"0":"post-39616","1":"product","2":"type-product","3":"status-publish","4":"has-post-thumbnail","6":"product_cat-tretlagerteile-de","8":"first","9":"instock","10":"taxable","11":"shipping-taxable","12":"purchasable","13":"product-type-simple"},"yoast_head":"<!-- This site is optimized with the Yoast SEO plugin v26.9 - https:\/\/yoast.com\/product\/yoast-seo-wordpress\/ -->\n<title>Tretlager in der PRO-Version f\u00fcr Fahrr\u00e4der, die zu Elektrofahrr\u00e4dern umgebaut werden.<\/title>\n<meta name=\"description\" content=\"Tretlager in der PRO-Version f\u00fcr ein klassisches Fahrrad, das in ein Elektrofahrrad umgewandelt wurde. Unsere 100% Made in France High-End-Kurbelgarnitur mit Freilauf.\" \/>\n<meta name=\"robots\" content=\"index, follow, max-snippet:-1, max-image-preview:large, max-video-preview:-1\" \/>\n<link rel=\"canonical\" href=\"https:\/\/www.lift-mtb.com\/de\/produit\/pedalkurbel-version-pro-fur-elektrofahrrad\/\" \/>\n<meta property=\"og:locale\" content=\"de_DE\" \/>\n<meta property=\"og:type\" content=\"article\" \/>\n<meta property=\"og:title\" content=\"Tretlager in der PRO-Version f\u00fcr Fahrr\u00e4der, die zu Elektrofahrr\u00e4dern umgebaut werden.\" \/>\n<meta property=\"og:description\" content=\"Tretlager in der PRO-Version f\u00fcr ein klassisches Fahrrad, das in ein Elektrofahrrad umgewandelt wurde. Unsere 100% Made in France High-End-Kurbelgarnitur mit Freilauf.\" \/>\n<meta property=\"og:url\" content=\"https:\/\/www.lift-mtb.com\/de\/produit\/pedalkurbel-version-pro-fur-elektrofahrrad\/\" \/>\n<meta property=\"og:site_name\" content=\"LIFT-MTB\" \/>\n<meta property=\"article:modified_time\" content=\"2024-06-05T22:36:45+00:00\" \/>\n<meta property=\"og:image\" content=\"https:\/\/www.lift-mtb.com\/wp-content\/uploads\/2022\/02\/pedalier-v4-pro-1.png\" \/>\n\t<meta property=\"og:image:width\" content=\"1920\" \/>\n\t<meta property=\"og:image:height\" content=\"1080\" \/>\n\t<meta property=\"og:image:type\" content=\"image\/png\" \/>\n<meta name=\"twitter:card\" content=\"summary_large_image\" \/>\n<script type=\"application\/ld+json\" class=\"yoast-schema-graph\">{\"@context\":\"https:\/\/schema.org\",\"@graph\":[{\"@type\":\"WebPage\",\"@id\":\"https:\/\/www.lift-mtb.com\/de\/produit\/pedalkurbel-version-pro-fur-elektrofahrrad\/\",\"url\":\"https:\/\/www.lift-mtb.com\/de\/produit\/pedalkurbel-version-pro-fur-elektrofahrrad\/\",\"name\":\"Tretlager in der PRO-Version f\u00fcr Fahrr\u00e4der, die zu Elektrofahrr\u00e4dern umgebaut werden.\",\"isPartOf\":{\"@id\":\"https:\/\/www.lift-mtb.com\/de\/#website\"},\"primaryImageOfPage\":{\"@id\":\"https:\/\/www.lift-mtb.com\/de\/produit\/pedalkurbel-version-pro-fur-elektrofahrrad\/#primaryimage\"},\"image\":{\"@id\":\"https:\/\/www.lift-mtb.com\/de\/produit\/pedalkurbel-version-pro-fur-elektrofahrrad\/#primaryimage\"},\"thumbnailUrl\":\"https:\/\/www.lift-mtb.com\/wp-content\/uploads\/2022\/02\/pedalier-v4-pro-1.png\",\"datePublished\":\"2022-02-23T13:24:02+00:00\",\"dateModified\":\"2024-06-05T22:36:45+00:00\",\"description\":\"Tretlager in der PRO-Version f\u00fcr ein klassisches Fahrrad, das in ein Elektrofahrrad umgewandelt wurde. Unsere 100% Made in France High-End-Kurbelgarnitur mit Freilauf.\",\"breadcrumb\":{\"@id\":\"https:\/\/www.lift-mtb.com\/de\/produit\/pedalkurbel-version-pro-fur-elektrofahrrad\/#breadcrumb\"},\"inLanguage\":\"de\",\"potentialAction\":[{\"@type\":\"ReadAction\",\"target\":[\"https:\/\/www.lift-mtb.com\/de\/produit\/pedalkurbel-version-pro-fur-elektrofahrrad\/\"]}]},{\"@type\":\"ImageObject\",\"inLanguage\":\"de\",\"@id\":\"https:\/\/www.lift-mtb.com\/de\/produit\/pedalkurbel-version-pro-fur-elektrofahrrad\/#primaryimage\",\"url\":\"https:\/\/www.lift-mtb.com\/wp-content\/uploads\/2022\/02\/pedalier-v4-pro-1.png\",\"contentUrl\":\"https:\/\/www.lift-mtb.com\/wp-content\/uploads\/2022\/02\/pedalier-v4-pro-1.png\",\"width\":1920,\"height\":1080,\"caption\":\"Tretlager PRO-Version\"},{\"@type\":\"BreadcrumbList\",\"@id\":\"https:\/\/www.lift-mtb.com\/de\/produit\/pedalkurbel-version-pro-fur-elektrofahrrad\/#breadcrumb\",\"itemListElement\":[{\"@type\":\"ListItem\",\"position\":1,\"name\":\"Accueil\",\"item\":\"https:\/\/www.lift-mtb.com\/de\/\"},{\"@type\":\"ListItem\",\"position\":2,\"name\":\"Shop\",\"item\":\"https:\/\/www.lift-mtb.com\/de\/shop\/\"},{\"@type\":\"ListItem\",\"position\":3,\"name\":\"Ersatzteile\",\"item\":\"https:\/\/www.lift-mtb.com\/de\/produkt-kategorie\/ersatzteile\/\"},{\"@type\":\"ListItem\",\"position\":4,\"name\":\"Tretlagerteile\",\"item\":\"https:\/\/www.lift-mtb.com\/de\/produkt-kategorie\/ersatzteile\/tretlagerteile-de\/\"},{\"@type\":\"ListItem\",\"position\":5,\"name\":\"Tretlager PRO-Version\"}]},{\"@type\":\"WebSite\",\"@id\":\"https:\/\/www.lift-mtb.com\/de\/#website\",\"url\":\"https:\/\/www.lift-mtb.com\/de\/\",\"name\":\"LIFT-MTB\",\"description\":\"Transformer son v\u00e9lo en \u00e9lectrique rapidement !\",\"publisher\":{\"@id\":\"https:\/\/www.lift-mtb.com\/de\/#organization\"},\"potentialAction\":[{\"@type\":\"SearchAction\",\"target\":{\"@type\":\"EntryPoint\",\"urlTemplate\":\"https:\/\/www.lift-mtb.com\/de\/?s={search_term_string}\"},\"query-input\":{\"@type\":\"PropertyValueSpecification\",\"valueRequired\":true,\"valueName\":\"search_term_string\"}}],\"inLanguage\":\"de\"},{\"@type\":\"Organization\",\"@id\":\"https:\/\/www.lift-mtb.com\/de\/#organization\",\"name\":\"LIFT-MTB\",\"url\":\"https:\/\/www.lift-mtb.com\/de\/\",\"logo\":{\"@type\":\"ImageObject\",\"inLanguage\":\"de\",\"@id\":\"https:\/\/www.lift-mtb.com\/de\/#\/schema\/logo\/image\/\",\"url\":\"https:\/\/www.lift-mtb.com\/wp-content\/uploads\/2022\/01\/electric-kit-for-bike-1.jpg\",\"contentUrl\":\"https:\/\/www.lift-mtb.com\/wp-content\/uploads\/2022\/01\/electric-kit-for-bike-1.jpg\",\"width\":1223,\"height\":560,\"caption\":\"LIFT-MTB\"},\"image\":{\"@id\":\"https:\/\/www.lift-mtb.com\/de\/#\/schema\/logo\/image\/\"}}]}<\/script>\n<!-- \/ Yoast SEO plugin. -->","yoast_head_json":{"title":"Tretlager in der PRO-Version f\u00fcr Fahrr\u00e4der, die zu Elektrofahrr\u00e4dern umgebaut werden.","description":"Tretlager in der PRO-Version f\u00fcr ein klassisches Fahrrad, das in ein Elektrofahrrad umgewandelt wurde. Unsere 100% Made in France High-End-Kurbelgarnitur mit Freilauf.","robots":{"index":"index","follow":"follow","max-snippet":"max-snippet:-1","max-image-preview":"max-image-preview:large","max-video-preview":"max-video-preview:-1"},"canonical":"https:\/\/www.lift-mtb.com\/de\/produit\/pedalkurbel-version-pro-fur-elektrofahrrad\/","og_locale":"de_DE","og_type":"article","og_title":"Tretlager in der PRO-Version f\u00fcr Fahrr\u00e4der, die zu Elektrofahrr\u00e4dern umgebaut werden.","og_description":"Tretlager in der PRO-Version f\u00fcr ein klassisches Fahrrad, das in ein Elektrofahrrad umgewandelt wurde. Unsere 100% Made in France High-End-Kurbelgarnitur mit Freilauf.","og_url":"https:\/\/www.lift-mtb.com\/de\/produit\/pedalkurbel-version-pro-fur-elektrofahrrad\/","og_site_name":"LIFT-MTB","article_modified_time":"2024-06-05T22:36:45+00:00","og_image":[{"width":1920,"height":1080,"url":"https:\/\/www.lift-mtb.com\/wp-content\/uploads\/2022\/02\/pedalier-v4-pro-1.png","type":"image\/png"}],"twitter_card":"summary_large_image","schema":{"@context":"https:\/\/schema.org","@graph":[{"@type":"WebPage","@id":"https:\/\/www.lift-mtb.com\/de\/produit\/pedalkurbel-version-pro-fur-elektrofahrrad\/","url":"https:\/\/www.lift-mtb.com\/de\/produit\/pedalkurbel-version-pro-fur-elektrofahrrad\/","name":"Tretlager in der PRO-Version f\u00fcr Fahrr\u00e4der, die zu Elektrofahrr\u00e4dern umgebaut werden.","isPartOf":{"@id":"https:\/\/www.lift-mtb.com\/de\/#website"},"primaryImageOfPage":{"@id":"https:\/\/www.lift-mtb.com\/de\/produit\/pedalkurbel-version-pro-fur-elektrofahrrad\/#primaryimage"},"image":{"@id":"https:\/\/www.lift-mtb.com\/de\/produit\/pedalkurbel-version-pro-fur-elektrofahrrad\/#primaryimage"},"thumbnailUrl":"https:\/\/www.lift-mtb.com\/wp-content\/uploads\/2022\/02\/pedalier-v4-pro-1.png","datePublished":"2022-02-23T13:24:02+00:00","dateModified":"2024-06-05T22:36:45+00:00","description":"Tretlager in der PRO-Version f\u00fcr ein klassisches Fahrrad, das in ein Elektrofahrrad umgewandelt wurde. Unsere 100% Made in France High-End-Kurbelgarnitur mit Freilauf.","breadcrumb":{"@id":"https:\/\/www.lift-mtb.com\/de\/produit\/pedalkurbel-version-pro-fur-elektrofahrrad\/#breadcrumb"},"inLanguage":"de","potentialAction":[{"@type":"ReadAction","target":["https:\/\/www.lift-mtb.com\/de\/produit\/pedalkurbel-version-pro-fur-elektrofahrrad\/"]}]},{"@type":"ImageObject","inLanguage":"de","@id":"https:\/\/www.lift-mtb.com\/de\/produit\/pedalkurbel-version-pro-fur-elektrofahrrad\/#primaryimage","url":"https:\/\/www.lift-mtb.com\/wp-content\/uploads\/2022\/02\/pedalier-v4-pro-1.png","contentUrl":"https:\/\/www.lift-mtb.com\/wp-content\/uploads\/2022\/02\/pedalier-v4-pro-1.png","width":1920,"height":1080,"caption":"Tretlager PRO-Version"},{"@type":"BreadcrumbList","@id":"https:\/\/www.lift-mtb.com\/de\/produit\/pedalkurbel-version-pro-fur-elektrofahrrad\/#breadcrumb","itemListElement":[{"@type":"ListItem","position":1,"name":"Accueil","item":"https:\/\/www.lift-mtb.com\/de\/"},{"@type":"ListItem","position":2,"name":"Shop","item":"https:\/\/www.lift-mtb.com\/de\/shop\/"},{"@type":"ListItem","position":3,"name":"Ersatzteile","item":"https:\/\/www.lift-mtb.com\/de\/produkt-kategorie\/ersatzteile\/"},{"@type":"ListItem","position":4,"name":"Tretlagerteile","item":"https:\/\/www.lift-mtb.com\/de\/produkt-kategorie\/ersatzteile\/tretlagerteile-de\/"},{"@type":"ListItem","position":5,"name":"Tretlager PRO-Version"}]},{"@type":"WebSite","@id":"https:\/\/www.lift-mtb.com\/de\/#website","url":"https:\/\/www.lift-mtb.com\/de\/","name":"LIFT-MTB","description":"Transformer son v\u00e9lo en \u00e9lectrique rapidement !","publisher":{"@id":"https:\/\/www.lift-mtb.com\/de\/#organization"},"potentialAction":[{"@type":"SearchAction","target":{"@type":"EntryPoint","urlTemplate":"https:\/\/www.lift-mtb.com\/de\/?s={search_term_string}"},"query-input":{"@type":"PropertyValueSpecification","valueRequired":true,"valueName":"search_term_string"}}],"inLanguage":"de"},{"@type":"Organization","@id":"https:\/\/www.lift-mtb.com\/de\/#organization","name":"LIFT-MTB","url":"https:\/\/www.lift-mtb.com\/de\/","logo":{"@type":"ImageObject","inLanguage":"de","@id":"https:\/\/www.lift-mtb.com\/de\/#\/schema\/logo\/image\/","url":"https:\/\/www.lift-mtb.com\/wp-content\/uploads\/2022\/01\/electric-kit-for-bike-1.jpg","contentUrl":"https:\/\/www.lift-mtb.com\/wp-content\/uploads\/2022\/01\/electric-kit-for-bike-1.jpg","width":1223,"height":560,"caption":"LIFT-MTB"},"image":{"@id":"https:\/\/www.lift-mtb.com\/de\/#\/schema\/logo\/image\/"}}]}},"_links":{"self":[{"href":"https:\/\/www.lift-mtb.com\/de\/wp-json\/wp\/v2\/product\/39616","targetHints":{"allow":["GET"]}}],"collection":[{"href":"https:\/\/www.lift-mtb.com\/de\/wp-json\/wp\/v2\/product"}],"about":[{"href":"https:\/\/www.lift-mtb.com\/de\/wp-json\/wp\/v2\/types\/product"}],"replies":[{"embeddable":true,"href":"https:\/\/www.lift-mtb.com\/de\/wp-json\/wp\/v2\/comments?post=39616"}],"wp:featuredmedia":[{"embeddable":true,"href":"https:\/\/www.lift-mtb.com\/de\/wp-json\/wp\/v2\/media\/7910"}],"wp:attachment":[{"href":"https:\/\/www.lift-mtb.com\/de\/wp-json\/wp\/v2\/media?parent=39616"}],"wp:term":[{"taxonomy":"product_brand","embeddable":true,"href":"https:\/\/www.lift-mtb.com\/de\/wp-json\/wp\/v2\/product_brand?post=39616"},{"taxonomy":"product_cat","embeddable":true,"href":"https:\/\/www.lift-mtb.com\/de\/wp-json\/wp\/v2\/product_cat?post=39616"},{"taxonomy":"product_tag","embeddable":true,"href":"https:\/\/www.lift-mtb.com\/de\/wp-json\/wp\/v2\/product_tag?post=39616"}],"curies":[{"name":"wp","href":"https:\/\/api.w.org\/{rel}","templated":true}]}}