{"id":39628,"date":"2022-02-23T14:43:32","date_gmt":"2022-02-23T13:43:32","guid":{"rendered":"https:\/produit\/sekundaere-platte-104mm-narrow-wide\/"},"modified":"2023-02-17T17:56:21","modified_gmt":"2023-02-17T16:56:21","slug":"sekundare-schale-104mm-narrow-wide","status":"publish","type":"product","link":"https:\/\/www.lift-mtb.com\/de\/produit\/sekundare-schale-104mm-narrow-wide\/","title":{"rendered":"Narow wide sekund\u00e4re Platte 104mm."},"content":{"rendered":"<h3>Beschreibung<\/h3>\n<p>Narow wide-Platten, die Entgleisungen begrenzen.<\/p>\n<ul>\n<li>Kettenblatt aus Aluminium 7075 T6, 104 mm Abstand, f\u00fcr den Sekund\u00e4rantrieb des <a href=\"https:\/\/www.youtube.com\/@LIFTMTBTV\">LIFT MTB-Kits<\/a>(f\u00fcr die Kette vom Fahrrad zum Hinterrad).<\/li>\n<li>Erm\u00f6glicht eine optimale F\u00fchrung der Kette, ohne dass eine <a href=\"https:\/produit\/anti-derailleur-lift-mtb-guide-chaine\/\">Kettenf\u00fchrung<\/a> verwendet werden muss.<\/li>\n<li>Einfach, leicht und effektiv.<\/li>\n<\/ul>\n","protected":false},"excerpt":{"rendered":"<p><strong>Beschreibung:<\/strong><\/p>\n<ul>\n<li>Zur Auswahl: 32, 30, 38 Z\u00e4hne. (nicht kompatibel in der Prim\u00e4rschale)<\/li>\n<\/ul>\n","protected":false},"featured_media":7968,"comment_status":"open","ping_status":"closed","template":"","meta":[],"product_brand":[],"product_cat":[844],"product_tag":[],"class_list":{"0":"post-39628","1":"product","2":"type-product","3":"status-publish","4":"has-post-thumbnail","6":"product_cat-tretlagerteile-de","8":"first","9":"instock","10":"taxable","11":"shipping-taxable","12":"purchasable","13":"product-type-variable"},"yoast_head":"<!-- This site is optimized with the Yoast SEO plugin v26.9 - https:\/\/yoast.com\/product\/yoast-seo-wordpress\/ -->\n<title>Narow wide sekund\u00e4re 104mm schwarzes Kettenblatt f\u00fcr Elektrofahrr\u00e4der.<\/title>\n<meta name=\"description\" content=\"Narow wide sekund\u00e4re 104mm schwarzes Kettenblatt f\u00fcr Elektrofahrr\u00e4der. Zur Auswahl: 32, 30, 38 Z\u00e4hne. Erm\u00f6glicht eine optimale F\u00fchrung der Kette.\" \/>\n<meta name=\"robots\" content=\"index, follow, max-snippet:-1, max-image-preview:large, max-video-preview:-1\" \/>\n<link rel=\"canonical\" href=\"https:\/\/www.lift-mtb.com\/de\/produit\/sekundare-schale-104mm-narrow-wide\/\" \/>\n<meta property=\"og:locale\" content=\"de_DE\" \/>\n<meta property=\"og:type\" content=\"article\" \/>\n<meta property=\"og:title\" content=\"Narow wide sekund\u00e4re 104mm schwarzes Kettenblatt f\u00fcr Elektrofahrr\u00e4der.\" \/>\n<meta property=\"og:description\" content=\"Narow wide sekund\u00e4re 104mm schwarzes Kettenblatt f\u00fcr Elektrofahrr\u00e4der. Zur Auswahl: 32, 30, 38 Z\u00e4hne. Erm\u00f6glicht eine optimale F\u00fchrung der Kette.\" \/>\n<meta property=\"og:url\" content=\"https:\/\/www.lift-mtb.com\/de\/produit\/sekundare-schale-104mm-narrow-wide\/\" \/>\n<meta property=\"og:site_name\" content=\"LIFT-MTB\" \/>\n<meta property=\"article:modified_time\" content=\"2023-02-17T16:56:21+00:00\" \/>\n<meta property=\"og:image\" content=\"https:\/\/www.lift-mtb.com\/wp-content\/uploads\/2022\/02\/plateau-narrow-wide-vtt-electrique-3-scaled.jpg\" \/>\n\t<meta property=\"og:image:width\" content=\"2540\" \/>\n\t<meta property=\"og:image:height\" content=\"3175\" \/>\n\t<meta property=\"og:image:type\" content=\"image\/jpeg\" \/>\n<meta name=\"twitter:card\" content=\"summary_large_image\" \/>\n<script type=\"application\/ld+json\" class=\"yoast-schema-graph\">{\"@context\":\"https:\/\/schema.org\",\"@graph\":[{\"@type\":\"WebPage\",\"@id\":\"https:\/\/www.lift-mtb.com\/de\/produit\/sekundare-schale-104mm-narrow-wide\/\",\"url\":\"https:\/\/www.lift-mtb.com\/de\/produit\/sekundare-schale-104mm-narrow-wide\/\",\"name\":\"Narow wide sekund\u00e4re 104mm schwarzes Kettenblatt f\u00fcr Elektrofahrr\u00e4der.\",\"isPartOf\":{\"@id\":\"https:\/\/www.lift-mtb.com\/de\/#website\"},\"primaryImageOfPage\":{\"@id\":\"https:\/\/www.lift-mtb.com\/de\/produit\/sekundare-schale-104mm-narrow-wide\/#primaryimage\"},\"image\":{\"@id\":\"https:\/\/www.lift-mtb.com\/de\/produit\/sekundare-schale-104mm-narrow-wide\/#primaryimage\"},\"thumbnailUrl\":\"https:\/\/www.lift-mtb.com\/wp-content\/uploads\/2022\/02\/plateau-narrow-wide-vtt-electrique-3-scaled.jpg\",\"datePublished\":\"2022-02-23T13:43:32+00:00\",\"dateModified\":\"2023-02-17T16:56:21+00:00\",\"description\":\"Narow wide sekund\u00e4re 104mm schwarzes Kettenblatt f\u00fcr Elektrofahrr\u00e4der. Zur Auswahl: 32, 30, 38 Z\u00e4hne. Erm\u00f6glicht eine optimale F\u00fchrung der Kette.\",\"breadcrumb\":{\"@id\":\"https:\/\/www.lift-mtb.com\/de\/produit\/sekundare-schale-104mm-narrow-wide\/#breadcrumb\"},\"inLanguage\":\"de\",\"potentialAction\":[{\"@type\":\"ReadAction\",\"target\":[\"https:\/\/www.lift-mtb.com\/de\/produit\/sekundare-schale-104mm-narrow-wide\/\"]}]},{\"@type\":\"ImageObject\",\"inLanguage\":\"de\",\"@id\":\"https:\/\/www.lift-mtb.com\/de\/produit\/sekundare-schale-104mm-narrow-wide\/#primaryimage\",\"url\":\"https:\/\/www.lift-mtb.com\/wp-content\/uploads\/2022\/02\/plateau-narrow-wide-vtt-electrique-3-scaled.jpg\",\"contentUrl\":\"https:\/\/www.lift-mtb.com\/wp-content\/uploads\/2022\/02\/plateau-narrow-wide-vtt-electrique-3-scaled.jpg\",\"width\":2540,\"height\":3175,\"caption\":\"Narow wide Fahrradplatte\"},{\"@type\":\"BreadcrumbList\",\"@id\":\"https:\/\/www.lift-mtb.com\/de\/produit\/sekundare-schale-104mm-narrow-wide\/#breadcrumb\",\"itemListElement\":[{\"@type\":\"ListItem\",\"position\":1,\"name\":\"Accueil\",\"item\":\"https:\/\/www.lift-mtb.com\/de\/\"},{\"@type\":\"ListItem\",\"position\":2,\"name\":\"Shop\",\"item\":\"https:\/\/www.lift-mtb.com\/de\/shop\/\"},{\"@type\":\"ListItem\",\"position\":3,\"name\":\"Ersatzteile\",\"item\":\"https:\/\/www.lift-mtb.com\/de\/produkt-kategorie\/ersatzteile\/\"},{\"@type\":\"ListItem\",\"position\":4,\"name\":\"Tretlagerteile\",\"item\":\"https:\/\/www.lift-mtb.com\/de\/produkt-kategorie\/ersatzteile\/tretlagerteile-de\/\"},{\"@type\":\"ListItem\",\"position\":5,\"name\":\"Narow wide sekund\u00e4re Platte 104mm.\"}]},{\"@type\":\"WebSite\",\"@id\":\"https:\/\/www.lift-mtb.com\/de\/#website\",\"url\":\"https:\/\/www.lift-mtb.com\/de\/\",\"name\":\"LIFT-MTB\",\"description\":\"Transformer son v\u00e9lo en \u00e9lectrique rapidement !\",\"publisher\":{\"@id\":\"https:\/\/www.lift-mtb.com\/de\/#organization\"},\"potentialAction\":[{\"@type\":\"SearchAction\",\"target\":{\"@type\":\"EntryPoint\",\"urlTemplate\":\"https:\/\/www.lift-mtb.com\/de\/?s={search_term_string}\"},\"query-input\":{\"@type\":\"PropertyValueSpecification\",\"valueRequired\":true,\"valueName\":\"search_term_string\"}}],\"inLanguage\":\"de\"},{\"@type\":\"Organization\",\"@id\":\"https:\/\/www.lift-mtb.com\/de\/#organization\",\"name\":\"LIFT-MTB\",\"url\":\"https:\/\/www.lift-mtb.com\/de\/\",\"logo\":{\"@type\":\"ImageObject\",\"inLanguage\":\"de\",\"@id\":\"https:\/\/www.lift-mtb.com\/de\/#\/schema\/logo\/image\/\",\"url\":\"https:\/\/www.lift-mtb.com\/wp-content\/uploads\/2022\/01\/electric-kit-for-bike-1.jpg\",\"contentUrl\":\"https:\/\/www.lift-mtb.com\/wp-content\/uploads\/2022\/01\/electric-kit-for-bike-1.jpg\",\"width\":1223,\"height\":560,\"caption\":\"LIFT-MTB\"},\"image\":{\"@id\":\"https:\/\/www.lift-mtb.com\/de\/#\/schema\/logo\/image\/\"}}]}<\/script>\n<!-- \/ Yoast SEO plugin. -->","yoast_head_json":{"title":"Narow wide sekund\u00e4re 104mm schwarzes Kettenblatt f\u00fcr Elektrofahrr\u00e4der.","description":"Narow wide sekund\u00e4re 104mm schwarzes Kettenblatt f\u00fcr Elektrofahrr\u00e4der. Zur Auswahl: 32, 30, 38 Z\u00e4hne. Erm\u00f6glicht eine optimale F\u00fchrung der Kette.","robots":{"index":"index","follow":"follow","max-snippet":"max-snippet:-1","max-image-preview":"max-image-preview:large","max-video-preview":"max-video-preview:-1"},"canonical":"https:\/\/www.lift-mtb.com\/de\/produit\/sekundare-schale-104mm-narrow-wide\/","og_locale":"de_DE","og_type":"article","og_title":"Narow wide sekund\u00e4re 104mm schwarzes Kettenblatt f\u00fcr Elektrofahrr\u00e4der.","og_description":"Narow wide sekund\u00e4re 104mm schwarzes Kettenblatt f\u00fcr Elektrofahrr\u00e4der. Zur Auswahl: 32, 30, 38 Z\u00e4hne. Erm\u00f6glicht eine optimale F\u00fchrung der Kette.","og_url":"https:\/\/www.lift-mtb.com\/de\/produit\/sekundare-schale-104mm-narrow-wide\/","og_site_name":"LIFT-MTB","article_modified_time":"2023-02-17T16:56:21+00:00","og_image":[{"width":2540,"height":3175,"url":"https:\/\/www.lift-mtb.com\/wp-content\/uploads\/2022\/02\/plateau-narrow-wide-vtt-electrique-3-scaled.jpg","type":"image\/jpeg"}],"twitter_card":"summary_large_image","schema":{"@context":"https:\/\/schema.org","@graph":[{"@type":"WebPage","@id":"https:\/\/www.lift-mtb.com\/de\/produit\/sekundare-schale-104mm-narrow-wide\/","url":"https:\/\/www.lift-mtb.com\/de\/produit\/sekundare-schale-104mm-narrow-wide\/","name":"Narow wide sekund\u00e4re 104mm schwarzes Kettenblatt f\u00fcr Elektrofahrr\u00e4der.","isPartOf":{"@id":"https:\/\/www.lift-mtb.com\/de\/#website"},"primaryImageOfPage":{"@id":"https:\/\/www.lift-mtb.com\/de\/produit\/sekundare-schale-104mm-narrow-wide\/#primaryimage"},"image":{"@id":"https:\/\/www.lift-mtb.com\/de\/produit\/sekundare-schale-104mm-narrow-wide\/#primaryimage"},"thumbnailUrl":"https:\/\/www.lift-mtb.com\/wp-content\/uploads\/2022\/02\/plateau-narrow-wide-vtt-electrique-3-scaled.jpg","datePublished":"2022-02-23T13:43:32+00:00","dateModified":"2023-02-17T16:56:21+00:00","description":"Narow wide sekund\u00e4re 104mm schwarzes Kettenblatt f\u00fcr Elektrofahrr\u00e4der. Zur Auswahl: 32, 30, 38 Z\u00e4hne. Erm\u00f6glicht eine optimale F\u00fchrung der Kette.","breadcrumb":{"@id":"https:\/\/www.lift-mtb.com\/de\/produit\/sekundare-schale-104mm-narrow-wide\/#breadcrumb"},"inLanguage":"de","potentialAction":[{"@type":"ReadAction","target":["https:\/\/www.lift-mtb.com\/de\/produit\/sekundare-schale-104mm-narrow-wide\/"]}]},{"@type":"ImageObject","inLanguage":"de","@id":"https:\/\/www.lift-mtb.com\/de\/produit\/sekundare-schale-104mm-narrow-wide\/#primaryimage","url":"https:\/\/www.lift-mtb.com\/wp-content\/uploads\/2022\/02\/plateau-narrow-wide-vtt-electrique-3-scaled.jpg","contentUrl":"https:\/\/www.lift-mtb.com\/wp-content\/uploads\/2022\/02\/plateau-narrow-wide-vtt-electrique-3-scaled.jpg","width":2540,"height":3175,"caption":"Narow wide Fahrradplatte"},{"@type":"BreadcrumbList","@id":"https:\/\/www.lift-mtb.com\/de\/produit\/sekundare-schale-104mm-narrow-wide\/#breadcrumb","itemListElement":[{"@type":"ListItem","position":1,"name":"Accueil","item":"https:\/\/www.lift-mtb.com\/de\/"},{"@type":"ListItem","position":2,"name":"Shop","item":"https:\/\/www.lift-mtb.com\/de\/shop\/"},{"@type":"ListItem","position":3,"name":"Ersatzteile","item":"https:\/\/www.lift-mtb.com\/de\/produkt-kategorie\/ersatzteile\/"},{"@type":"ListItem","position":4,"name":"Tretlagerteile","item":"https:\/\/www.lift-mtb.com\/de\/produkt-kategorie\/ersatzteile\/tretlagerteile-de\/"},{"@type":"ListItem","position":5,"name":"Narow wide sekund\u00e4re Platte 104mm."}]},{"@type":"WebSite","@id":"https:\/\/www.lift-mtb.com\/de\/#website","url":"https:\/\/www.lift-mtb.com\/de\/","name":"LIFT-MTB","description":"Transformer son v\u00e9lo en \u00e9lectrique rapidement !","publisher":{"@id":"https:\/\/www.lift-mtb.com\/de\/#organization"},"potentialAction":[{"@type":"SearchAction","target":{"@type":"EntryPoint","urlTemplate":"https:\/\/www.lift-mtb.com\/de\/?s={search_term_string}"},"query-input":{"@type":"PropertyValueSpecification","valueRequired":true,"valueName":"search_term_string"}}],"inLanguage":"de"},{"@type":"Organization","@id":"https:\/\/www.lift-mtb.com\/de\/#organization","name":"LIFT-MTB","url":"https:\/\/www.lift-mtb.com\/de\/","logo":{"@type":"ImageObject","inLanguage":"de","@id":"https:\/\/www.lift-mtb.com\/de\/#\/schema\/logo\/image\/","url":"https:\/\/www.lift-mtb.com\/wp-content\/uploads\/2022\/01\/electric-kit-for-bike-1.jpg","contentUrl":"https:\/\/www.lift-mtb.com\/wp-content\/uploads\/2022\/01\/electric-kit-for-bike-1.jpg","width":1223,"height":560,"caption":"LIFT-MTB"},"image":{"@id":"https:\/\/www.lift-mtb.com\/de\/#\/schema\/logo\/image\/"}}]}},"_links":{"self":[{"href":"https:\/\/www.lift-mtb.com\/de\/wp-json\/wp\/v2\/product\/39628","targetHints":{"allow":["GET"]}}],"collection":[{"href":"https:\/\/www.lift-mtb.com\/de\/wp-json\/wp\/v2\/product"}],"about":[{"href":"https:\/\/www.lift-mtb.com\/de\/wp-json\/wp\/v2\/types\/product"}],"replies":[{"embeddable":true,"href":"https:\/\/www.lift-mtb.com\/de\/wp-json\/wp\/v2\/comments?post=39628"}],"wp:featuredmedia":[{"embeddable":true,"href":"https:\/\/www.lift-mtb.com\/de\/wp-json\/wp\/v2\/media\/7968"}],"wp:attachment":[{"href":"https:\/\/www.lift-mtb.com\/de\/wp-json\/wp\/v2\/media?parent=39628"}],"wp:term":[{"taxonomy":"product_brand","embeddable":true,"href":"https:\/\/www.lift-mtb.com\/de\/wp-json\/wp\/v2\/product_brand?post=39628"},{"taxonomy":"product_cat","embeddable":true,"href":"https:\/\/www.lift-mtb.com\/de\/wp-json\/wp\/v2\/product_cat?post=39628"},{"taxonomy":"product_tag","embeddable":true,"href":"https:\/\/www.lift-mtb.com\/de\/wp-json\/wp\/v2\/product_tag?post=39628"}],"curies":[{"name":"wp","href":"https:\/\/api.w.org\/{rel}","templated":true}]}}