{"id":39766,"date":"2022-02-23T11:07:41","date_gmt":"2022-02-23T10:07:41","guid":{"rendered":"https:\/produit\/pro-freilauf-fuer-lift-mtb-pedale\/"},"modified":"2023-08-17T20:30:25","modified_gmt":"2023-08-17T18:30:25","slug":"freilauf-pro-pedalier-lift-mtb","status":"publish","type":"product","link":"https:\/\/www.lift-mtb.com\/de\/produit\/freilauf-pro-pedalier-lift-mtb\/","title":{"rendered":"PRO-Freilauf f\u00fcr LIFT-MTB-Pedale"},"content":{"rendered":"<p><strong>Ist der PRO-Freilauf mit einem Classic-Kit kompatibel?  <\/strong><\/p>\n<p>Der PRO <a href=\"https:\/\/www.youtube.com\/@LIFTMTBTV\">LIFT MTB-Freilauf<\/a> ist mit der PRO &amp; CLASSIC-Version von V1 bis V4 kompatibel.<\/p>\n<p>Die Spinne unterscheidet sich von der klassischen Version und muss daher ersetzt werden, wenn Sie eine klassische Version haben. Die Mitte des Freilaufs (ein Teil mit einer quadratischen Vertiefung von 22 mm Durchmesser und einem Gewinde) ist zwischen der Profi- und der klassischen Version identisch, allerdings ist es manchmal schwierig, sie vom Freilauf zu entfernen.<\/p>\n<p><b>In der Rubrik FAQ der Website finden Sie unseren Artikel, der die Unterschiede zwischen den beiden Kurbelgarnituren f\u00fcr Elektrofahrr\u00e4der erkl\u00e4rt:<\/b><\/p>\n<ul>\n<li><a href=\"\/?p=1189\">Wahl von PRO oder CLASSIC Pedalboards?<\/a><\/li>\n<\/ul>\n","protected":false},"excerpt":{"rendered":"<p><strong>Beschreibung:<\/strong><\/p>\n<ul>\n<li>Anpassbar an die Versionen &#8220;CLASSIC&#8221; ( V1\/V2\/V3\/ V4 ) &amp; PRO<\/li>\n<li>72 Einsatzpunkte pro Runde.<\/li>\n<li>6 Sperrklinken und 6 Federn Independent.<\/li>\n<li>Verkauft mit 4-Punkt-Spider, aber ohne Schrauben und Tabletts<\/li>\n<li>Erfordert zum Auswechseln das Werkzeug zum Entfernen des Freilaufs. (erfordert manchmal die Verwendung eines Schlagschraubers f\u00fcr die Demontage)<\/li>\n<\/ul>\n","protected":false},"featured_media":46533,"comment_status":"open","ping_status":"closed","template":"","meta":[],"product_brand":[],"product_cat":[844],"product_tag":[],"class_list":{"0":"post-39766","1":"product","2":"type-product","3":"status-publish","4":"has-post-thumbnail","6":"product_cat-tretlagerteile-de","8":"first","9":"instock","10":"taxable","11":"shipping-taxable","12":"purchasable","13":"product-type-variable"},"yoast_head":"<!-- This site is optimized with the Yoast SEO plugin v26.9 - https:\/\/yoast.com\/product\/yoast-seo-wordpress\/ -->\n<title>PRO-Freilauf f\u00fcr spezifische Tretlager des Tretlagermotor-Kits .<\/title>\n<meta name=\"description\" content=\"PRO-Freilauf f\u00fcr Fahrrad-Tretlagermotor-Kit Version V4 - High-End mit 72 Eingriffspunkten pro Umdrehung.\" \/>\n<meta name=\"robots\" content=\"index, follow, max-snippet:-1, max-image-preview:large, max-video-preview:-1\" \/>\n<link rel=\"canonical\" href=\"https:\/\/www.lift-mtb.com\/de\/produit\/freilauf-pro-pedalier-lift-mtb\/\" \/>\n<meta property=\"og:locale\" content=\"de_DE\" \/>\n<meta property=\"og:type\" content=\"article\" \/>\n<meta property=\"og:title\" content=\"PRO-Freilauf f\u00fcr spezifische Tretlager des Tretlagermotor-Kits .\" \/>\n<meta property=\"og:description\" content=\"PRO-Freilauf f\u00fcr Fahrrad-Tretlagermotor-Kit Version V4 - High-End mit 72 Eingriffspunkten pro Umdrehung.\" \/>\n<meta property=\"og:url\" content=\"https:\/\/www.lift-mtb.com\/de\/produit\/freilauf-pro-pedalier-lift-mtb\/\" \/>\n<meta property=\"og:site_name\" content=\"LIFT-MTB\" \/>\n<meta property=\"article:modified_time\" content=\"2023-08-17T18:30:25+00:00\" \/>\n<meta property=\"og:image\" content=\"https:\/\/www.lift-mtb.com\/wp-content\/uploads\/2022\/02\/diy-freewheel-ebike-2-1-sur-1.jpg\" \/>\n\t<meta property=\"og:image:width\" content=\"1080\" \/>\n\t<meta property=\"og:image:height\" content=\"935\" \/>\n\t<meta property=\"og:image:type\" content=\"image\/jpeg\" \/>\n<meta name=\"twitter:card\" content=\"summary_large_image\" \/>\n<meta name=\"twitter:label1\" content=\"Gesch\u00e4tzte Lesezeit\" \/>\n\t<meta name=\"twitter:data1\" content=\"1\u00a0Minute\" \/>\n<script type=\"application\/ld+json\" class=\"yoast-schema-graph\">{\"@context\":\"https:\/\/schema.org\",\"@graph\":[{\"@type\":\"WebPage\",\"@id\":\"https:\/\/www.lift-mtb.com\/de\/produit\/freilauf-pro-pedalier-lift-mtb\/\",\"url\":\"https:\/\/www.lift-mtb.com\/de\/produit\/freilauf-pro-pedalier-lift-mtb\/\",\"name\":\"PRO-Freilauf f\u00fcr spezifische Tretlager des Tretlagermotor-Kits .\",\"isPartOf\":{\"@id\":\"https:\/\/www.lift-mtb.com\/de\/#website\"},\"primaryImageOfPage\":{\"@id\":\"https:\/\/www.lift-mtb.com\/de\/produit\/freilauf-pro-pedalier-lift-mtb\/#primaryimage\"},\"image\":{\"@id\":\"https:\/\/www.lift-mtb.com\/de\/produit\/freilauf-pro-pedalier-lift-mtb\/#primaryimage\"},\"thumbnailUrl\":\"https:\/\/www.lift-mtb.com\/wp-content\/uploads\/2022\/02\/diy-freewheel-ebike-2-1-sur-1.jpg\",\"datePublished\":\"2022-02-23T10:07:41+00:00\",\"dateModified\":\"2023-08-17T18:30:25+00:00\",\"description\":\"PRO-Freilauf f\u00fcr Fahrrad-Tretlagermotor-Kit Version V4 - High-End mit 72 Eingriffspunkten pro Umdrehung.\",\"breadcrumb\":{\"@id\":\"https:\/\/www.lift-mtb.com\/de\/produit\/freilauf-pro-pedalier-lift-mtb\/#breadcrumb\"},\"inLanguage\":\"de\",\"potentialAction\":[{\"@type\":\"ReadAction\",\"target\":[\"https:\/\/www.lift-mtb.com\/de\/produit\/freilauf-pro-pedalier-lift-mtb\/\"]}]},{\"@type\":\"ImageObject\",\"inLanguage\":\"de\",\"@id\":\"https:\/\/www.lift-mtb.com\/de\/produit\/freilauf-pro-pedalier-lift-mtb\/#primaryimage\",\"url\":\"https:\/\/www.lift-mtb.com\/wp-content\/uploads\/2022\/02\/diy-freewheel-ebike-2-1-sur-1.jpg\",\"contentUrl\":\"https:\/\/www.lift-mtb.com\/wp-content\/uploads\/2022\/02\/diy-freewheel-ebike-2-1-sur-1.jpg\",\"width\":1080,\"height\":935,\"caption\":\"DIY freewheel ebike 2\"},{\"@type\":\"BreadcrumbList\",\"@id\":\"https:\/\/www.lift-mtb.com\/de\/produit\/freilauf-pro-pedalier-lift-mtb\/#breadcrumb\",\"itemListElement\":[{\"@type\":\"ListItem\",\"position\":1,\"name\":\"Accueil\",\"item\":\"https:\/\/www.lift-mtb.com\/de\/\"},{\"@type\":\"ListItem\",\"position\":2,\"name\":\"Shop\",\"item\":\"https:\/\/www.lift-mtb.com\/de\/shop\/\"},{\"@type\":\"ListItem\",\"position\":3,\"name\":\"Ersatzteile\",\"item\":\"https:\/\/www.lift-mtb.com\/de\/produkt-kategorie\/ersatzteile\/\"},{\"@type\":\"ListItem\",\"position\":4,\"name\":\"Tretlagerteile\",\"item\":\"https:\/\/www.lift-mtb.com\/de\/produkt-kategorie\/ersatzteile\/tretlagerteile-de\/\"},{\"@type\":\"ListItem\",\"position\":5,\"name\":\"PRO-Freilauf f\u00fcr LIFT-MTB-Pedale\"}]},{\"@type\":\"WebSite\",\"@id\":\"https:\/\/www.lift-mtb.com\/de\/#website\",\"url\":\"https:\/\/www.lift-mtb.com\/de\/\",\"name\":\"LIFT-MTB\",\"description\":\"Transformer son v\u00e9lo en \u00e9lectrique rapidement !\",\"publisher\":{\"@id\":\"https:\/\/www.lift-mtb.com\/de\/#organization\"},\"potentialAction\":[{\"@type\":\"SearchAction\",\"target\":{\"@type\":\"EntryPoint\",\"urlTemplate\":\"https:\/\/www.lift-mtb.com\/de\/?s={search_term_string}\"},\"query-input\":{\"@type\":\"PropertyValueSpecification\",\"valueRequired\":true,\"valueName\":\"search_term_string\"}}],\"inLanguage\":\"de\"},{\"@type\":\"Organization\",\"@id\":\"https:\/\/www.lift-mtb.com\/de\/#organization\",\"name\":\"LIFT-MTB\",\"url\":\"https:\/\/www.lift-mtb.com\/de\/\",\"logo\":{\"@type\":\"ImageObject\",\"inLanguage\":\"de\",\"@id\":\"https:\/\/www.lift-mtb.com\/de\/#\/schema\/logo\/image\/\",\"url\":\"https:\/\/www.lift-mtb.com\/wp-content\/uploads\/2022\/01\/electric-kit-for-bike-1.jpg\",\"contentUrl\":\"https:\/\/www.lift-mtb.com\/wp-content\/uploads\/2022\/01\/electric-kit-for-bike-1.jpg\",\"width\":1223,\"height\":560,\"caption\":\"LIFT-MTB\"},\"image\":{\"@id\":\"https:\/\/www.lift-mtb.com\/de\/#\/schema\/logo\/image\/\"}}]}<\/script>\n<!-- \/ Yoast SEO plugin. -->","yoast_head_json":{"title":"PRO-Freilauf f\u00fcr spezifische Tretlager des Tretlagermotor-Kits .","description":"PRO-Freilauf f\u00fcr Fahrrad-Tretlagermotor-Kit Version V4 - High-End mit 72 Eingriffspunkten pro Umdrehung.","robots":{"index":"index","follow":"follow","max-snippet":"max-snippet:-1","max-image-preview":"max-image-preview:large","max-video-preview":"max-video-preview:-1"},"canonical":"https:\/\/www.lift-mtb.com\/de\/produit\/freilauf-pro-pedalier-lift-mtb\/","og_locale":"de_DE","og_type":"article","og_title":"PRO-Freilauf f\u00fcr spezifische Tretlager des Tretlagermotor-Kits .","og_description":"PRO-Freilauf f\u00fcr Fahrrad-Tretlagermotor-Kit Version V4 - High-End mit 72 Eingriffspunkten pro Umdrehung.","og_url":"https:\/\/www.lift-mtb.com\/de\/produit\/freilauf-pro-pedalier-lift-mtb\/","og_site_name":"LIFT-MTB","article_modified_time":"2023-08-17T18:30:25+00:00","og_image":[{"width":1080,"height":935,"url":"https:\/\/www.lift-mtb.com\/wp-content\/uploads\/2022\/02\/diy-freewheel-ebike-2-1-sur-1.jpg","type":"image\/jpeg"}],"twitter_card":"summary_large_image","twitter_misc":{"Gesch\u00e4tzte Lesezeit":"1\u00a0Minute"},"schema":{"@context":"https:\/\/schema.org","@graph":[{"@type":"WebPage","@id":"https:\/\/www.lift-mtb.com\/de\/produit\/freilauf-pro-pedalier-lift-mtb\/","url":"https:\/\/www.lift-mtb.com\/de\/produit\/freilauf-pro-pedalier-lift-mtb\/","name":"PRO-Freilauf f\u00fcr spezifische Tretlager des Tretlagermotor-Kits .","isPartOf":{"@id":"https:\/\/www.lift-mtb.com\/de\/#website"},"primaryImageOfPage":{"@id":"https:\/\/www.lift-mtb.com\/de\/produit\/freilauf-pro-pedalier-lift-mtb\/#primaryimage"},"image":{"@id":"https:\/\/www.lift-mtb.com\/de\/produit\/freilauf-pro-pedalier-lift-mtb\/#primaryimage"},"thumbnailUrl":"https:\/\/www.lift-mtb.com\/wp-content\/uploads\/2022\/02\/diy-freewheel-ebike-2-1-sur-1.jpg","datePublished":"2022-02-23T10:07:41+00:00","dateModified":"2023-08-17T18:30:25+00:00","description":"PRO-Freilauf f\u00fcr Fahrrad-Tretlagermotor-Kit Version V4 - High-End mit 72 Eingriffspunkten pro Umdrehung.","breadcrumb":{"@id":"https:\/\/www.lift-mtb.com\/de\/produit\/freilauf-pro-pedalier-lift-mtb\/#breadcrumb"},"inLanguage":"de","potentialAction":[{"@type":"ReadAction","target":["https:\/\/www.lift-mtb.com\/de\/produit\/freilauf-pro-pedalier-lift-mtb\/"]}]},{"@type":"ImageObject","inLanguage":"de","@id":"https:\/\/www.lift-mtb.com\/de\/produit\/freilauf-pro-pedalier-lift-mtb\/#primaryimage","url":"https:\/\/www.lift-mtb.com\/wp-content\/uploads\/2022\/02\/diy-freewheel-ebike-2-1-sur-1.jpg","contentUrl":"https:\/\/www.lift-mtb.com\/wp-content\/uploads\/2022\/02\/diy-freewheel-ebike-2-1-sur-1.jpg","width":1080,"height":935,"caption":"DIY freewheel ebike 2"},{"@type":"BreadcrumbList","@id":"https:\/\/www.lift-mtb.com\/de\/produit\/freilauf-pro-pedalier-lift-mtb\/#breadcrumb","itemListElement":[{"@type":"ListItem","position":1,"name":"Accueil","item":"https:\/\/www.lift-mtb.com\/de\/"},{"@type":"ListItem","position":2,"name":"Shop","item":"https:\/\/www.lift-mtb.com\/de\/shop\/"},{"@type":"ListItem","position":3,"name":"Ersatzteile","item":"https:\/\/www.lift-mtb.com\/de\/produkt-kategorie\/ersatzteile\/"},{"@type":"ListItem","position":4,"name":"Tretlagerteile","item":"https:\/\/www.lift-mtb.com\/de\/produkt-kategorie\/ersatzteile\/tretlagerteile-de\/"},{"@type":"ListItem","position":5,"name":"PRO-Freilauf f\u00fcr LIFT-MTB-Pedale"}]},{"@type":"WebSite","@id":"https:\/\/www.lift-mtb.com\/de\/#website","url":"https:\/\/www.lift-mtb.com\/de\/","name":"LIFT-MTB","description":"Transformer son v\u00e9lo en \u00e9lectrique rapidement !","publisher":{"@id":"https:\/\/www.lift-mtb.com\/de\/#organization"},"potentialAction":[{"@type":"SearchAction","target":{"@type":"EntryPoint","urlTemplate":"https:\/\/www.lift-mtb.com\/de\/?s={search_term_string}"},"query-input":{"@type":"PropertyValueSpecification","valueRequired":true,"valueName":"search_term_string"}}],"inLanguage":"de"},{"@type":"Organization","@id":"https:\/\/www.lift-mtb.com\/de\/#organization","name":"LIFT-MTB","url":"https:\/\/www.lift-mtb.com\/de\/","logo":{"@type":"ImageObject","inLanguage":"de","@id":"https:\/\/www.lift-mtb.com\/de\/#\/schema\/logo\/image\/","url":"https:\/\/www.lift-mtb.com\/wp-content\/uploads\/2022\/01\/electric-kit-for-bike-1.jpg","contentUrl":"https:\/\/www.lift-mtb.com\/wp-content\/uploads\/2022\/01\/electric-kit-for-bike-1.jpg","width":1223,"height":560,"caption":"LIFT-MTB"},"image":{"@id":"https:\/\/www.lift-mtb.com\/de\/#\/schema\/logo\/image\/"}}]}},"_links":{"self":[{"href":"https:\/\/www.lift-mtb.com\/de\/wp-json\/wp\/v2\/product\/39766","targetHints":{"allow":["GET"]}}],"collection":[{"href":"https:\/\/www.lift-mtb.com\/de\/wp-json\/wp\/v2\/product"}],"about":[{"href":"https:\/\/www.lift-mtb.com\/de\/wp-json\/wp\/v2\/types\/product"}],"replies":[{"embeddable":true,"href":"https:\/\/www.lift-mtb.com\/de\/wp-json\/wp\/v2\/comments?post=39766"}],"wp:featuredmedia":[{"embeddable":true,"href":"https:\/\/www.lift-mtb.com\/de\/wp-json\/wp\/v2\/media\/46533"}],"wp:attachment":[{"href":"https:\/\/www.lift-mtb.com\/de\/wp-json\/wp\/v2\/media?parent=39766"}],"wp:term":[{"taxonomy":"product_brand","embeddable":true,"href":"https:\/\/www.lift-mtb.com\/de\/wp-json\/wp\/v2\/product_brand?post=39766"},{"taxonomy":"product_cat","embeddable":true,"href":"https:\/\/www.lift-mtb.com\/de\/wp-json\/wp\/v2\/product_cat?post=39766"},{"taxonomy":"product_tag","embeddable":true,"href":"https:\/\/www.lift-mtb.com\/de\/wp-json\/wp\/v2\/product_tag?post=39766"}],"curies":[{"name":"wp","href":"https:\/\/api.w.org\/{rel}","templated":true}]}}