{"id":39829,"date":"2022-02-18T19:34:08","date_gmt":"2022-02-18T18:34:08","guid":{"rendered":"https:\/produit\/linke-motorverstaerkung\/"},"modified":"2023-02-17T18:07:52","modified_gmt":"2023-02-17T17:07:52","slug":"verstarkung-motor-links","status":"publish","type":"product","link":"https:\/\/www.lift-mtb.com\/de\/produit\/verstarkung-motor-links\/","title":{"rendered":"Linke Motorverst\u00e4rkung"},"content":{"rendered":"<p><strong>Linke Motorverst\u00e4rkung kompatibel mit meinem Motor?  <\/strong><\/p>\n<p>Die linke Motorverst\u00e4rkung ist mit allen Versionen des <a href=\"https:\/\/www.youtube.com\/@LIFTMTBTV\">LIFT-MTB-Motorkits<\/a> kompatibel.<\/p>\n<p>Er sorgt daf\u00fcr, dass der Motor am Rahmen Ihres Elektrofahrrads anliegt, dank des verformbaren Silentblocks und des Spacers, der den Motor gegen den unteren Teil des Rahmens ( Down Tube ) dr\u00fcckt.<\/p>\n","protected":false},"excerpt":{"rendered":"<p><strong>Beschreibung:<\/strong><\/p>\n<ul>\n<li>Komplettes Schraubenmaterial<\/li>\n<li>x1 Silent block<\/li>\n<li>Spacer<\/li>\n<li>Einstellbares Kabelspannsystem<\/li>\n<\/ul>\n","protected":false},"featured_media":7560,"comment_status":"open","ping_status":"closed","template":"","meta":[],"product_brand":[],"product_cat":[840],"product_tag":[],"class_list":{"0":"post-39829","1":"product","2":"type-product","3":"status-publish","4":"has-post-thumbnail","6":"product_cat-motorenteile","8":"first","9":"instock","10":"taxable","11":"shipping-taxable","12":"purchasable","13":"product-type-variable"},"yoast_head":"<!-- This site is optimized with the Yoast SEO plugin v26.9 - https:\/\/yoast.com\/product\/yoast-seo-wordpress\/ -->\n<title>Linke Motorverst\u00e4rkung - Ersatzteile des LIFT-MTB-Kits<\/title>\n<meta name=\"description\" content=\"Linke Motorverst\u00e4rkung f\u00fcr den Umbausatz vom klassischen Fahrrad zum Elektrofahrrad. Ersatzteile Tretlagermotor Mountain bikes (MTB).\" \/>\n<meta name=\"robots\" content=\"index, follow, max-snippet:-1, max-image-preview:large, max-video-preview:-1\" \/>\n<link rel=\"canonical\" href=\"https:\/\/www.lift-mtb.com\/de\/produit\/verstarkung-motor-links\/\" \/>\n<meta property=\"og:locale\" content=\"de_DE\" \/>\n<meta property=\"og:type\" content=\"article\" \/>\n<meta property=\"og:title\" content=\"Linke Motorverst\u00e4rkung - Ersatzteile des LIFT-MTB-Kits\" \/>\n<meta property=\"og:description\" content=\"Linke Motorverst\u00e4rkung f\u00fcr den Umbausatz vom klassischen Fahrrad zum Elektrofahrrad. Ersatzteile Tretlagermotor Mountain bikes (MTB).\" \/>\n<meta property=\"og:url\" content=\"https:\/\/www.lift-mtb.com\/de\/produit\/verstarkung-motor-links\/\" \/>\n<meta property=\"og:site_name\" content=\"LIFT-MTB\" \/>\n<meta property=\"article:modified_time\" content=\"2023-02-17T17:07:52+00:00\" \/>\n<meta property=\"og:image\" content=\"https:\/\/www.lift-mtb.com\/wp-content\/uploads\/2022\/02\/renfort-gauche-moteur-electrique-pour-vtt-1-scaled.jpg\" \/>\n\t<meta property=\"og:image:width\" content=\"2797\" \/>\n\t<meta property=\"og:image:height\" content=\"3496\" \/>\n\t<meta property=\"og:image:type\" content=\"image\/jpeg\" \/>\n<meta name=\"twitter:card\" content=\"summary_large_image\" \/>\n<script type=\"application\/ld+json\" class=\"yoast-schema-graph\">{\"@context\":\"https:\/\/schema.org\",\"@graph\":[{\"@type\":\"WebPage\",\"@id\":\"https:\/\/www.lift-mtb.com\/de\/produit\/verstarkung-motor-links\/\",\"url\":\"https:\/\/www.lift-mtb.com\/de\/produit\/verstarkung-motor-links\/\",\"name\":\"Linke Motorverst\u00e4rkung - Ersatzteile des LIFT-MTB-Kits\",\"isPartOf\":{\"@id\":\"https:\/\/www.lift-mtb.com\/de\/#website\"},\"primaryImageOfPage\":{\"@id\":\"https:\/\/www.lift-mtb.com\/de\/produit\/verstarkung-motor-links\/#primaryimage\"},\"image\":{\"@id\":\"https:\/\/www.lift-mtb.com\/de\/produit\/verstarkung-motor-links\/#primaryimage\"},\"thumbnailUrl\":\"https:\/\/www.lift-mtb.com\/wp-content\/uploads\/2022\/02\/renfort-gauche-moteur-electrique-pour-vtt-1-scaled.jpg\",\"datePublished\":\"2022-02-18T18:34:08+00:00\",\"dateModified\":\"2023-02-17T17:07:52+00:00\",\"description\":\"Linke Motorverst\u00e4rkung f\u00fcr den Umbausatz vom klassischen Fahrrad zum Elektrofahrrad. Ersatzteile Tretlagermotor Mountain bikes (MTB).\",\"breadcrumb\":{\"@id\":\"https:\/\/www.lift-mtb.com\/de\/produit\/verstarkung-motor-links\/#breadcrumb\"},\"inLanguage\":\"de\",\"potentialAction\":[{\"@type\":\"ReadAction\",\"target\":[\"https:\/\/www.lift-mtb.com\/de\/produit\/verstarkung-motor-links\/\"]}]},{\"@type\":\"ImageObject\",\"inLanguage\":\"de\",\"@id\":\"https:\/\/www.lift-mtb.com\/de\/produit\/verstarkung-motor-links\/#primaryimage\",\"url\":\"https:\/\/www.lift-mtb.com\/wp-content\/uploads\/2022\/02\/renfort-gauche-moteur-electrique-pour-vtt-1-scaled.jpg\",\"contentUrl\":\"https:\/\/www.lift-mtb.com\/wp-content\/uploads\/2022\/02\/renfort-gauche-moteur-electrique-pour-vtt-1-scaled.jpg\",\"width\":2797,\"height\":3496,\"caption\":\"Linke Motorverst\u00e4rkung\"},{\"@type\":\"BreadcrumbList\",\"@id\":\"https:\/\/www.lift-mtb.com\/de\/produit\/verstarkung-motor-links\/#breadcrumb\",\"itemListElement\":[{\"@type\":\"ListItem\",\"position\":1,\"name\":\"Accueil\",\"item\":\"https:\/\/www.lift-mtb.com\/de\/\"},{\"@type\":\"ListItem\",\"position\":2,\"name\":\"Shop\",\"item\":\"https:\/\/www.lift-mtb.com\/de\/shop\/\"},{\"@type\":\"ListItem\",\"position\":3,\"name\":\"Ersatzteile\",\"item\":\"https:\/\/www.lift-mtb.com\/de\/produkt-kategorie\/ersatzteile\/\"},{\"@type\":\"ListItem\",\"position\":4,\"name\":\"Motorenteile\",\"item\":\"https:\/\/www.lift-mtb.com\/de\/produkt-kategorie\/ersatzteile\/motorenteile\/\"},{\"@type\":\"ListItem\",\"position\":5,\"name\":\"Linke Motorverst\u00e4rkung\"}]},{\"@type\":\"WebSite\",\"@id\":\"https:\/\/www.lift-mtb.com\/de\/#website\",\"url\":\"https:\/\/www.lift-mtb.com\/de\/\",\"name\":\"LIFT-MTB\",\"description\":\"Transformer son v\u00e9lo en \u00e9lectrique rapidement !\",\"publisher\":{\"@id\":\"https:\/\/www.lift-mtb.com\/de\/#organization\"},\"potentialAction\":[{\"@type\":\"SearchAction\",\"target\":{\"@type\":\"EntryPoint\",\"urlTemplate\":\"https:\/\/www.lift-mtb.com\/de\/?s={search_term_string}\"},\"query-input\":{\"@type\":\"PropertyValueSpecification\",\"valueRequired\":true,\"valueName\":\"search_term_string\"}}],\"inLanguage\":\"de\"},{\"@type\":\"Organization\",\"@id\":\"https:\/\/www.lift-mtb.com\/de\/#organization\",\"name\":\"LIFT-MTB\",\"url\":\"https:\/\/www.lift-mtb.com\/de\/\",\"logo\":{\"@type\":\"ImageObject\",\"inLanguage\":\"de\",\"@id\":\"https:\/\/www.lift-mtb.com\/de\/#\/schema\/logo\/image\/\",\"url\":\"https:\/\/www.lift-mtb.com\/wp-content\/uploads\/2022\/01\/electric-kit-for-bike-1.jpg\",\"contentUrl\":\"https:\/\/www.lift-mtb.com\/wp-content\/uploads\/2022\/01\/electric-kit-for-bike-1.jpg\",\"width\":1223,\"height\":560,\"caption\":\"LIFT-MTB\"},\"image\":{\"@id\":\"https:\/\/www.lift-mtb.com\/de\/#\/schema\/logo\/image\/\"}}]}<\/script>\n<!-- \/ Yoast SEO plugin. -->","yoast_head_json":{"title":"Linke Motorverst\u00e4rkung - Ersatzteile des LIFT-MTB-Kits","description":"Linke Motorverst\u00e4rkung f\u00fcr den Umbausatz vom klassischen Fahrrad zum Elektrofahrrad. Ersatzteile Tretlagermotor Mountain bikes (MTB).","robots":{"index":"index","follow":"follow","max-snippet":"max-snippet:-1","max-image-preview":"max-image-preview:large","max-video-preview":"max-video-preview:-1"},"canonical":"https:\/\/www.lift-mtb.com\/de\/produit\/verstarkung-motor-links\/","og_locale":"de_DE","og_type":"article","og_title":"Linke Motorverst\u00e4rkung - Ersatzteile des LIFT-MTB-Kits","og_description":"Linke Motorverst\u00e4rkung f\u00fcr den Umbausatz vom klassischen Fahrrad zum Elektrofahrrad. Ersatzteile Tretlagermotor Mountain bikes (MTB).","og_url":"https:\/\/www.lift-mtb.com\/de\/produit\/verstarkung-motor-links\/","og_site_name":"LIFT-MTB","article_modified_time":"2023-02-17T17:07:52+00:00","og_image":[{"width":2797,"height":3496,"url":"https:\/\/www.lift-mtb.com\/wp-content\/uploads\/2022\/02\/renfort-gauche-moteur-electrique-pour-vtt-1-scaled.jpg","type":"image\/jpeg"}],"twitter_card":"summary_large_image","schema":{"@context":"https:\/\/schema.org","@graph":[{"@type":"WebPage","@id":"https:\/\/www.lift-mtb.com\/de\/produit\/verstarkung-motor-links\/","url":"https:\/\/www.lift-mtb.com\/de\/produit\/verstarkung-motor-links\/","name":"Linke Motorverst\u00e4rkung - Ersatzteile des LIFT-MTB-Kits","isPartOf":{"@id":"https:\/\/www.lift-mtb.com\/de\/#website"},"primaryImageOfPage":{"@id":"https:\/\/www.lift-mtb.com\/de\/produit\/verstarkung-motor-links\/#primaryimage"},"image":{"@id":"https:\/\/www.lift-mtb.com\/de\/produit\/verstarkung-motor-links\/#primaryimage"},"thumbnailUrl":"https:\/\/www.lift-mtb.com\/wp-content\/uploads\/2022\/02\/renfort-gauche-moteur-electrique-pour-vtt-1-scaled.jpg","datePublished":"2022-02-18T18:34:08+00:00","dateModified":"2023-02-17T17:07:52+00:00","description":"Linke Motorverst\u00e4rkung f\u00fcr den Umbausatz vom klassischen Fahrrad zum Elektrofahrrad. Ersatzteile Tretlagermotor Mountain bikes (MTB).","breadcrumb":{"@id":"https:\/\/www.lift-mtb.com\/de\/produit\/verstarkung-motor-links\/#breadcrumb"},"inLanguage":"de","potentialAction":[{"@type":"ReadAction","target":["https:\/\/www.lift-mtb.com\/de\/produit\/verstarkung-motor-links\/"]}]},{"@type":"ImageObject","inLanguage":"de","@id":"https:\/\/www.lift-mtb.com\/de\/produit\/verstarkung-motor-links\/#primaryimage","url":"https:\/\/www.lift-mtb.com\/wp-content\/uploads\/2022\/02\/renfort-gauche-moteur-electrique-pour-vtt-1-scaled.jpg","contentUrl":"https:\/\/www.lift-mtb.com\/wp-content\/uploads\/2022\/02\/renfort-gauche-moteur-electrique-pour-vtt-1-scaled.jpg","width":2797,"height":3496,"caption":"Linke Motorverst\u00e4rkung"},{"@type":"BreadcrumbList","@id":"https:\/\/www.lift-mtb.com\/de\/produit\/verstarkung-motor-links\/#breadcrumb","itemListElement":[{"@type":"ListItem","position":1,"name":"Accueil","item":"https:\/\/www.lift-mtb.com\/de\/"},{"@type":"ListItem","position":2,"name":"Shop","item":"https:\/\/www.lift-mtb.com\/de\/shop\/"},{"@type":"ListItem","position":3,"name":"Ersatzteile","item":"https:\/\/www.lift-mtb.com\/de\/produkt-kategorie\/ersatzteile\/"},{"@type":"ListItem","position":4,"name":"Motorenteile","item":"https:\/\/www.lift-mtb.com\/de\/produkt-kategorie\/ersatzteile\/motorenteile\/"},{"@type":"ListItem","position":5,"name":"Linke Motorverst\u00e4rkung"}]},{"@type":"WebSite","@id":"https:\/\/www.lift-mtb.com\/de\/#website","url":"https:\/\/www.lift-mtb.com\/de\/","name":"LIFT-MTB","description":"Transformer son v\u00e9lo en \u00e9lectrique rapidement !","publisher":{"@id":"https:\/\/www.lift-mtb.com\/de\/#organization"},"potentialAction":[{"@type":"SearchAction","target":{"@type":"EntryPoint","urlTemplate":"https:\/\/www.lift-mtb.com\/de\/?s={search_term_string}"},"query-input":{"@type":"PropertyValueSpecification","valueRequired":true,"valueName":"search_term_string"}}],"inLanguage":"de"},{"@type":"Organization","@id":"https:\/\/www.lift-mtb.com\/de\/#organization","name":"LIFT-MTB","url":"https:\/\/www.lift-mtb.com\/de\/","logo":{"@type":"ImageObject","inLanguage":"de","@id":"https:\/\/www.lift-mtb.com\/de\/#\/schema\/logo\/image\/","url":"https:\/\/www.lift-mtb.com\/wp-content\/uploads\/2022\/01\/electric-kit-for-bike-1.jpg","contentUrl":"https:\/\/www.lift-mtb.com\/wp-content\/uploads\/2022\/01\/electric-kit-for-bike-1.jpg","width":1223,"height":560,"caption":"LIFT-MTB"},"image":{"@id":"https:\/\/www.lift-mtb.com\/de\/#\/schema\/logo\/image\/"}}]}},"_links":{"self":[{"href":"https:\/\/www.lift-mtb.com\/de\/wp-json\/wp\/v2\/product\/39829","targetHints":{"allow":["GET"]}}],"collection":[{"href":"https:\/\/www.lift-mtb.com\/de\/wp-json\/wp\/v2\/product"}],"about":[{"href":"https:\/\/www.lift-mtb.com\/de\/wp-json\/wp\/v2\/types\/product"}],"replies":[{"embeddable":true,"href":"https:\/\/www.lift-mtb.com\/de\/wp-json\/wp\/v2\/comments?post=39829"}],"wp:featuredmedia":[{"embeddable":true,"href":"https:\/\/www.lift-mtb.com\/de\/wp-json\/wp\/v2\/media\/7560"}],"wp:attachment":[{"href":"https:\/\/www.lift-mtb.com\/de\/wp-json\/wp\/v2\/media?parent=39829"}],"wp:term":[{"taxonomy":"product_brand","embeddable":true,"href":"https:\/\/www.lift-mtb.com\/de\/wp-json\/wp\/v2\/product_brand?post=39829"},{"taxonomy":"product_cat","embeddable":true,"href":"https:\/\/www.lift-mtb.com\/de\/wp-json\/wp\/v2\/product_cat?post=39829"},{"taxonomy":"product_tag","embeddable":true,"href":"https:\/\/www.lift-mtb.com\/de\/wp-json\/wp\/v2\/product_tag?post=39829"}],"curies":[{"name":"wp","href":"https:\/\/api.w.org\/{rel}","templated":true}]}}