{"id":39843,"date":"2022-02-18T19:17:27","date_gmt":"2022-02-18T18:17:27","guid":{"rendered":"https:\/produit\/einstellbares-kabelsystem\/"},"modified":"2023-03-03T20:06:13","modified_gmt":"2023-03-03T19:06:13","slug":"kabel-verstellbares-system-fur-motor-pedalbrett-lift-mtb","status":"publish","type":"product","link":"https:\/\/www.lift-mtb.com\/de\/produit\/kabel-verstellbares-system-fur-motor-pedalbrett-lift-mtb\/","title":{"rendered":"Einstellbares Kabelsystem"},"content":{"rendered":"<p>Einstellbares Kabelsystem f\u00fcr den elektrischen Tretlagermotor <a href=\"https:\/\/www.youtube.com\/@LIFTMTBTV\">LIFT-MTB<\/a> ist beim Kauf eines V4-Kits inbegriffen.<\/p>\n<p>&nbsp;<\/p>\n<p><strong>Finden Sie in der Rubrik FAQ der Website einen Artikel, der sich auf das Produkt bezieht:<\/strong><\/p>\n<ul>\n<li id=\"cc-m-15658402024\" class=\"j-module n j-text \"><a href=\"https:\/\/youtu.be\/ARTflsFd2oY\">Video zur Montage des Tretlagermotors  <\/a><\/li>\n<li><a href=\"https:\/faq\/montage-kit-electrique-v%C3%A9lo\/\">Anleitung zur Montage des LIFT-MTB Elektrifizierungskits f\u00fcr Fahrr\u00e4der  <\/a><\/li>\n<\/ul>\n","protected":false},"excerpt":{"rendered":"<p><strong>Beschreibung:<\/strong><\/p>\n<ul>\n<li>Sorgt daf\u00fcr, dass der Motor oben bleibt<\/li>\n<li>Inklusive Schrauben und Muttern<\/li>\n<li>Die Montage kann in der Bedienungsanleitung des Motorkits heruntergeladen werden.<\/li>\n<li>Bei Versionen vor Juni 2021 ist eine Kabelklemme f\u00fcr die Befestigung auf der rechten Seite enthalten.<\/li>\n<li>1 Einheit<\/li>\n<\/ul>\n","protected":false},"featured_media":7505,"comment_status":"open","ping_status":"closed","template":"","meta":[],"product_brand":[],"product_cat":[840],"product_tag":[],"class_list":{"0":"post-39843","1":"product","2":"type-product","3":"status-publish","4":"has-post-thumbnail","6":"product_cat-motorenteile","8":"first","9":"instock","10":"taxable","11":"shipping-taxable","12":"purchasable","13":"product-type-simple"},"yoast_head":"<!-- This site is optimized with the Yoast SEO plugin v26.9 - https:\/\/yoast.com\/product\/yoast-seo-wordpress\/ -->\n<title>Einstellbares Kabelsystem f\u00fcr LIFT-MTB Tretlagermotor<\/title>\n<meta name=\"description\" content=\"Einstellbares Kabelsystem f\u00fcr LIFT-MTB Tretlagermotor. Sorgt daf\u00fcr, dass der Motorensatz in der Position unter dem Rahmen bleibt. Wird an der Verst\u00e4rkung des Motors befestigt\" \/>\n<meta name=\"robots\" content=\"index, follow, max-snippet:-1, max-image-preview:large, max-video-preview:-1\" \/>\n<link rel=\"canonical\" href=\"https:\/\/www.lift-mtb.com\/de\/produit\/kabel-verstellbares-system-fur-motor-pedalbrett-lift-mtb\/\" \/>\n<meta property=\"og:locale\" content=\"de_DE\" \/>\n<meta property=\"og:type\" content=\"article\" \/>\n<meta property=\"og:title\" content=\"Einstellbares Kabelsystem f\u00fcr LIFT-MTB Tretlagermotor\" \/>\n<meta property=\"og:description\" content=\"Einstellbares Kabelsystem f\u00fcr LIFT-MTB Tretlagermotor. Sorgt daf\u00fcr, dass der Motorensatz in der Position unter dem Rahmen bleibt. Wird an der Verst\u00e4rkung des Motors befestigt\" \/>\n<meta property=\"og:url\" content=\"https:\/\/www.lift-mtb.com\/de\/produit\/kabel-verstellbares-system-fur-motor-pedalbrett-lift-mtb\/\" \/>\n<meta property=\"og:site_name\" content=\"LIFT-MTB\" \/>\n<meta property=\"article:modified_time\" content=\"2023-03-03T19:06:13+00:00\" \/>\n<meta property=\"og:image\" content=\"https:\/\/www.lift-mtb.com\/wp-content\/uploads\/2022\/02\/systeme-de-renfort-par-cable-scaled.jpg\" \/>\n\t<meta property=\"og:image:width\" content=\"3024\" \/>\n\t<meta property=\"og:image:height\" content=\"4032\" \/>\n\t<meta property=\"og:image:type\" content=\"image\/jpeg\" \/>\n<meta name=\"twitter:card\" content=\"summary_large_image\" \/>\n<script type=\"application\/ld+json\" class=\"yoast-schema-graph\">{\"@context\":\"https:\/\/schema.org\",\"@graph\":[{\"@type\":\"WebPage\",\"@id\":\"https:\/\/www.lift-mtb.com\/de\/produit\/kabel-verstellbares-system-fur-motor-pedalbrett-lift-mtb\/\",\"url\":\"https:\/\/www.lift-mtb.com\/de\/produit\/kabel-verstellbares-system-fur-motor-pedalbrett-lift-mtb\/\",\"name\":\"Einstellbares Kabelsystem f\u00fcr LIFT-MTB Tretlagermotor\",\"isPartOf\":{\"@id\":\"https:\/\/www.lift-mtb.com\/de\/#website\"},\"primaryImageOfPage\":{\"@id\":\"https:\/\/www.lift-mtb.com\/de\/produit\/kabel-verstellbares-system-fur-motor-pedalbrett-lift-mtb\/#primaryimage\"},\"image\":{\"@id\":\"https:\/\/www.lift-mtb.com\/de\/produit\/kabel-verstellbares-system-fur-motor-pedalbrett-lift-mtb\/#primaryimage\"},\"thumbnailUrl\":\"https:\/\/www.lift-mtb.com\/wp-content\/uploads\/2022\/02\/systeme-de-renfort-par-cable-scaled.jpg\",\"datePublished\":\"2022-02-18T18:17:27+00:00\",\"dateModified\":\"2023-03-03T19:06:13+00:00\",\"description\":\"Einstellbares Kabelsystem f\u00fcr LIFT-MTB Tretlagermotor. Sorgt daf\u00fcr, dass der Motorensatz in der Position unter dem Rahmen bleibt. Wird an der Verst\u00e4rkung des Motors befestigt\",\"breadcrumb\":{\"@id\":\"https:\/\/www.lift-mtb.com\/de\/produit\/kabel-verstellbares-system-fur-motor-pedalbrett-lift-mtb\/#breadcrumb\"},\"inLanguage\":\"de\",\"potentialAction\":[{\"@type\":\"ReadAction\",\"target\":[\"https:\/\/www.lift-mtb.com\/de\/produit\/kabel-verstellbares-system-fur-motor-pedalbrett-lift-mtb\/\"]}]},{\"@type\":\"ImageObject\",\"inLanguage\":\"de\",\"@id\":\"https:\/\/www.lift-mtb.com\/de\/produit\/kabel-verstellbares-system-fur-motor-pedalbrett-lift-mtb\/#primaryimage\",\"url\":\"https:\/\/www.lift-mtb.com\/wp-content\/uploads\/2022\/02\/systeme-de-renfort-par-cable-scaled.jpg\",\"contentUrl\":\"https:\/\/www.lift-mtb.com\/wp-content\/uploads\/2022\/02\/systeme-de-renfort-par-cable-scaled.jpg\",\"width\":3024,\"height\":4032,\"caption\":\"Einstellbares Kabelsystem f\u00fcr LIFT-MTB Tretlagermotor\"},{\"@type\":\"BreadcrumbList\",\"@id\":\"https:\/\/www.lift-mtb.com\/de\/produit\/kabel-verstellbares-system-fur-motor-pedalbrett-lift-mtb\/#breadcrumb\",\"itemListElement\":[{\"@type\":\"ListItem\",\"position\":1,\"name\":\"Accueil\",\"item\":\"https:\/\/www.lift-mtb.com\/de\/\"},{\"@type\":\"ListItem\",\"position\":2,\"name\":\"Shop\",\"item\":\"https:\/\/www.lift-mtb.com\/de\/shop\/\"},{\"@type\":\"ListItem\",\"position\":3,\"name\":\"Ersatzteile\",\"item\":\"https:\/\/www.lift-mtb.com\/de\/produkt-kategorie\/ersatzteile\/\"},{\"@type\":\"ListItem\",\"position\":4,\"name\":\"Motorenteile\",\"item\":\"https:\/\/www.lift-mtb.com\/de\/produkt-kategorie\/ersatzteile\/motorenteile\/\"},{\"@type\":\"ListItem\",\"position\":5,\"name\":\"Einstellbares Kabelsystem\"}]},{\"@type\":\"WebSite\",\"@id\":\"https:\/\/www.lift-mtb.com\/de\/#website\",\"url\":\"https:\/\/www.lift-mtb.com\/de\/\",\"name\":\"LIFT-MTB\",\"description\":\"Transformer son v\u00e9lo en \u00e9lectrique rapidement !\",\"publisher\":{\"@id\":\"https:\/\/www.lift-mtb.com\/de\/#organization\"},\"potentialAction\":[{\"@type\":\"SearchAction\",\"target\":{\"@type\":\"EntryPoint\",\"urlTemplate\":\"https:\/\/www.lift-mtb.com\/de\/?s={search_term_string}\"},\"query-input\":{\"@type\":\"PropertyValueSpecification\",\"valueRequired\":true,\"valueName\":\"search_term_string\"}}],\"inLanguage\":\"de\"},{\"@type\":\"Organization\",\"@id\":\"https:\/\/www.lift-mtb.com\/de\/#organization\",\"name\":\"LIFT-MTB\",\"url\":\"https:\/\/www.lift-mtb.com\/de\/\",\"logo\":{\"@type\":\"ImageObject\",\"inLanguage\":\"de\",\"@id\":\"https:\/\/www.lift-mtb.com\/de\/#\/schema\/logo\/image\/\",\"url\":\"https:\/\/www.lift-mtb.com\/wp-content\/uploads\/2022\/01\/electric-kit-for-bike-1.jpg\",\"contentUrl\":\"https:\/\/www.lift-mtb.com\/wp-content\/uploads\/2022\/01\/electric-kit-for-bike-1.jpg\",\"width\":1223,\"height\":560,\"caption\":\"LIFT-MTB\"},\"image\":{\"@id\":\"https:\/\/www.lift-mtb.com\/de\/#\/schema\/logo\/image\/\"}}]}<\/script>\n<!-- \/ Yoast SEO plugin. -->","yoast_head_json":{"title":"Einstellbares Kabelsystem f\u00fcr LIFT-MTB Tretlagermotor","description":"Einstellbares Kabelsystem f\u00fcr LIFT-MTB Tretlagermotor. Sorgt daf\u00fcr, dass der Motorensatz in der Position unter dem Rahmen bleibt. Wird an der Verst\u00e4rkung des Motors befestigt","robots":{"index":"index","follow":"follow","max-snippet":"max-snippet:-1","max-image-preview":"max-image-preview:large","max-video-preview":"max-video-preview:-1"},"canonical":"https:\/\/www.lift-mtb.com\/de\/produit\/kabel-verstellbares-system-fur-motor-pedalbrett-lift-mtb\/","og_locale":"de_DE","og_type":"article","og_title":"Einstellbares Kabelsystem f\u00fcr LIFT-MTB Tretlagermotor","og_description":"Einstellbares Kabelsystem f\u00fcr LIFT-MTB Tretlagermotor. Sorgt daf\u00fcr, dass der Motorensatz in der Position unter dem Rahmen bleibt. Wird an der Verst\u00e4rkung des Motors befestigt","og_url":"https:\/\/www.lift-mtb.com\/de\/produit\/kabel-verstellbares-system-fur-motor-pedalbrett-lift-mtb\/","og_site_name":"LIFT-MTB","article_modified_time":"2023-03-03T19:06:13+00:00","og_image":[{"width":3024,"height":4032,"url":"https:\/\/www.lift-mtb.com\/wp-content\/uploads\/2022\/02\/systeme-de-renfort-par-cable-scaled.jpg","type":"image\/jpeg"}],"twitter_card":"summary_large_image","schema":{"@context":"https:\/\/schema.org","@graph":[{"@type":"WebPage","@id":"https:\/\/www.lift-mtb.com\/de\/produit\/kabel-verstellbares-system-fur-motor-pedalbrett-lift-mtb\/","url":"https:\/\/www.lift-mtb.com\/de\/produit\/kabel-verstellbares-system-fur-motor-pedalbrett-lift-mtb\/","name":"Einstellbares Kabelsystem f\u00fcr LIFT-MTB Tretlagermotor","isPartOf":{"@id":"https:\/\/www.lift-mtb.com\/de\/#website"},"primaryImageOfPage":{"@id":"https:\/\/www.lift-mtb.com\/de\/produit\/kabel-verstellbares-system-fur-motor-pedalbrett-lift-mtb\/#primaryimage"},"image":{"@id":"https:\/\/www.lift-mtb.com\/de\/produit\/kabel-verstellbares-system-fur-motor-pedalbrett-lift-mtb\/#primaryimage"},"thumbnailUrl":"https:\/\/www.lift-mtb.com\/wp-content\/uploads\/2022\/02\/systeme-de-renfort-par-cable-scaled.jpg","datePublished":"2022-02-18T18:17:27+00:00","dateModified":"2023-03-03T19:06:13+00:00","description":"Einstellbares Kabelsystem f\u00fcr LIFT-MTB Tretlagermotor. Sorgt daf\u00fcr, dass der Motorensatz in der Position unter dem Rahmen bleibt. Wird an der Verst\u00e4rkung des Motors befestigt","breadcrumb":{"@id":"https:\/\/www.lift-mtb.com\/de\/produit\/kabel-verstellbares-system-fur-motor-pedalbrett-lift-mtb\/#breadcrumb"},"inLanguage":"de","potentialAction":[{"@type":"ReadAction","target":["https:\/\/www.lift-mtb.com\/de\/produit\/kabel-verstellbares-system-fur-motor-pedalbrett-lift-mtb\/"]}]},{"@type":"ImageObject","inLanguage":"de","@id":"https:\/\/www.lift-mtb.com\/de\/produit\/kabel-verstellbares-system-fur-motor-pedalbrett-lift-mtb\/#primaryimage","url":"https:\/\/www.lift-mtb.com\/wp-content\/uploads\/2022\/02\/systeme-de-renfort-par-cable-scaled.jpg","contentUrl":"https:\/\/www.lift-mtb.com\/wp-content\/uploads\/2022\/02\/systeme-de-renfort-par-cable-scaled.jpg","width":3024,"height":4032,"caption":"Einstellbares Kabelsystem f\u00fcr LIFT-MTB Tretlagermotor"},{"@type":"BreadcrumbList","@id":"https:\/\/www.lift-mtb.com\/de\/produit\/kabel-verstellbares-system-fur-motor-pedalbrett-lift-mtb\/#breadcrumb","itemListElement":[{"@type":"ListItem","position":1,"name":"Accueil","item":"https:\/\/www.lift-mtb.com\/de\/"},{"@type":"ListItem","position":2,"name":"Shop","item":"https:\/\/www.lift-mtb.com\/de\/shop\/"},{"@type":"ListItem","position":3,"name":"Ersatzteile","item":"https:\/\/www.lift-mtb.com\/de\/produkt-kategorie\/ersatzteile\/"},{"@type":"ListItem","position":4,"name":"Motorenteile","item":"https:\/\/www.lift-mtb.com\/de\/produkt-kategorie\/ersatzteile\/motorenteile\/"},{"@type":"ListItem","position":5,"name":"Einstellbares Kabelsystem"}]},{"@type":"WebSite","@id":"https:\/\/www.lift-mtb.com\/de\/#website","url":"https:\/\/www.lift-mtb.com\/de\/","name":"LIFT-MTB","description":"Transformer son v\u00e9lo en \u00e9lectrique rapidement !","publisher":{"@id":"https:\/\/www.lift-mtb.com\/de\/#organization"},"potentialAction":[{"@type":"SearchAction","target":{"@type":"EntryPoint","urlTemplate":"https:\/\/www.lift-mtb.com\/de\/?s={search_term_string}"},"query-input":{"@type":"PropertyValueSpecification","valueRequired":true,"valueName":"search_term_string"}}],"inLanguage":"de"},{"@type":"Organization","@id":"https:\/\/www.lift-mtb.com\/de\/#organization","name":"LIFT-MTB","url":"https:\/\/www.lift-mtb.com\/de\/","logo":{"@type":"ImageObject","inLanguage":"de","@id":"https:\/\/www.lift-mtb.com\/de\/#\/schema\/logo\/image\/","url":"https:\/\/www.lift-mtb.com\/wp-content\/uploads\/2022\/01\/electric-kit-for-bike-1.jpg","contentUrl":"https:\/\/www.lift-mtb.com\/wp-content\/uploads\/2022\/01\/electric-kit-for-bike-1.jpg","width":1223,"height":560,"caption":"LIFT-MTB"},"image":{"@id":"https:\/\/www.lift-mtb.com\/de\/#\/schema\/logo\/image\/"}}]}},"_links":{"self":[{"href":"https:\/\/www.lift-mtb.com\/de\/wp-json\/wp\/v2\/product\/39843","targetHints":{"allow":["GET"]}}],"collection":[{"href":"https:\/\/www.lift-mtb.com\/de\/wp-json\/wp\/v2\/product"}],"about":[{"href":"https:\/\/www.lift-mtb.com\/de\/wp-json\/wp\/v2\/types\/product"}],"replies":[{"embeddable":true,"href":"https:\/\/www.lift-mtb.com\/de\/wp-json\/wp\/v2\/comments?post=39843"}],"wp:featuredmedia":[{"embeddable":true,"href":"https:\/\/www.lift-mtb.com\/de\/wp-json\/wp\/v2\/media\/7505"}],"wp:attachment":[{"href":"https:\/\/www.lift-mtb.com\/de\/wp-json\/wp\/v2\/media?parent=39843"}],"wp:term":[{"taxonomy":"product_brand","embeddable":true,"href":"https:\/\/www.lift-mtb.com\/de\/wp-json\/wp\/v2\/product_brand?post=39843"},{"taxonomy":"product_cat","embeddable":true,"href":"https:\/\/www.lift-mtb.com\/de\/wp-json\/wp\/v2\/product_cat?post=39843"},{"taxonomy":"product_tag","embeddable":true,"href":"https:\/\/www.lift-mtb.com\/de\/wp-json\/wp\/v2\/product_tag?post=39843"}],"curies":[{"name":"wp","href":"https:\/\/api.w.org\/{rel}","templated":true}]}}