{"id":39856,"date":"2022-02-18T14:12:15","date_gmt":"2022-02-18T13:12:15","guid":{"rendered":"https:\/produit\/cnc-kettenabdeckung\/"},"modified":"2023-02-23T23:54:59","modified_gmt":"2023-02-23T22:54:59","slug":"kettenabdeckungsgehause-cnc","status":"publish","type":"product","link":"https:\/\/www.lift-mtb.com\/de\/produit\/kettenabdeckungsgehause-cnc\/","title":{"rendered":"Kettenschutzgeh\u00e4use aus Aluminium"},"content":{"rendered":"<p><strong>Ist die Alu-Kettenabdeckung mit meinem LIFT-MTB Tretlagermotor-Kit kompatibel?  <\/strong><\/p>\n<p>Die LIFT-MTB-Kettenabdeckung ist mit allen <a href=\"https:\/\/www.youtube.com\/@LIFTMTBTV\">LIFT-MTB-Versionen<\/a> kompatibel. Sie sch\u00fctzt Sie vor rotierenden Teilen, die mit dem Motorritzel und der Kette Ihres Elektrofahrrads verbunden sind.<\/p>\n<p>Modell identisch mit dem, das mit dem v4-Kit geliefert wurde, also mit der neuen Generation des Designs, das optimiert wurde, um Entgleisungen zu begrenzen.<\/p>\n<p>Sie ist einfach zu installieren und sch\u00fctzt das Ritzel des Motors.<\/p>\n<p>Er wird <a href=\"https:\/fabrication-made-in-france-moteur-electrique-pour-velo\/\">in Frankreich hergestellt<\/a> und mit BTR-Edelstahlschrauben und CNC-gefr\u00e4sten Aluminiumunterlegscheiben verkauft.<\/p>\n<p>&nbsp;<\/p>\n<p>Sie k\u00f6nnen sich das Video zur Montage des Bausatzes ansehen https:\/\/www.youtube.com\/watch?v=ARTflsFd2oY<\/p>\n<p>Sehen Sie alle unsere anderen Videos hier: \/www.lift-mtb.com\/videos-en-action\/<\/p>\n","protected":false},"excerpt":{"rendered":"<p><strong>Beschreibung:<\/strong><\/p>\n<p>&nbsp;<\/p>\n<p>Wenn Sie einen abnehmbaren Elektromotor f\u00fcr Ihr Elektrofahrrad verwenden, ist es wichtig, dass Sie eine Kettenabdeckung verwenden, um die prim\u00e4re Antriebskette zu sch\u00fctzen.<\/p>\n<p>Die Kettenabdeckung ist ein unverzichtbares Zubeh\u00f6r, mit dem die Motorkette vor \u00e4u\u00dferen Einfl\u00fcssen wie Schlamm, Staub und Wasser gesch\u00fctzt wird. Dies kann die Lebensdauer der Antriebskette verl\u00e4ngern, wodurch eine optimale Motorleistung gew\u00e4hrleistet wird.<\/p>\n<p>Wenn Sie den besten abnehmbaren Elektromotor f\u00fcr Ihr Elektrofahrrad suchen, sollten Sie Faktoren wie Leistung, Gr\u00f6\u00dfe und Gewicht ber\u00fccksichtigen.<\/p>\n<p>Achten Sie au\u00dferdem darauf, dass Sie einen hochwertigen Elektromotor w\u00e4hlen, um langfristig eine zuverl\u00e4ssige Leistung zu gew\u00e4hrleisten.<\/p>\n<p>Denken Sie au\u00dferdem daran, Ihrer Ausr\u00fcstung eine Kettenabdeckung hinzuzuf\u00fcgen, um Ihre Antriebskette zu sch\u00fctzen.<\/p>\n<p>Zusammenfassend l\u00e4sst sich sagen, dass abnehmbare Elektromotoren f\u00fcr Elektrofahrr\u00e4der den schnellen Umbau eines Fahrrads zu einem Elektrofahrrad erm\u00f6glichen. Die Verwendung einer Kettenabdeckung zum Schutz der prim\u00e4ren Antriebskette ist ebenfalls entscheidend, um eine optimale Motorleistung zu gew\u00e4hrleisten. Wenn Sie auf der Suche nach einem abnehmbaren Elektromotor f\u00fcr Ihr Enduro- oder All-Mountain-Mountainbike sind, dann ist das Modell LIFT MTB genau das Richtige f\u00fcr Sie.<\/p>\n<div id=\"cc-shop-product-desc-text-15999231124\" class=\"description\"><\/div>\n<div id=\"cc-shop-product-desc-text-15999231124\" class=\"description\">\n<p>Elektrofahrr\u00e4der werden immer beliebter, weil sie sich leicht und erm\u00fcdungsfrei auf Stadtstrecken bewegen lassen. LIFT MTB bieten abnehmbare Elektromotoren f\u00fcr Fahrr\u00e4der an, um diese elektrisch zu betreiben.<\/p>\n<p>Die abnehmbaren Elektromotoren sind so konzipiert, dass sie leicht am Fahrrad angebracht und abgenommen werden k\u00f6nnen, was den Fahrern zus\u00e4tzliche Flexibilit\u00e4t bietet.<\/p>\n<p>Sie k\u00f6nnen auch schnell ausgezogen werden, z. B. f\u00fcr ein Wochenende in den Bergen. Abnehmbare Elektromotoren sind auch f\u00fcr Personen n\u00fctzlich, die ihr Fahrrad f\u00fcr verschiedene Zwecke oder verschiedene Fahrr\u00e4der nutzen m\u00f6chten.<\/p>\n<p>&nbsp;<\/p>\n<\/div>\n","protected":false},"featured_media":41637,"comment_status":"open","ping_status":"closed","template":"","meta":[],"product_brand":[],"product_cat":[840],"product_tag":[],"class_list":{"0":"post-39856","1":"product","2":"type-product","3":"status-publish","4":"has-post-thumbnail","6":"product_cat-motorenteile","8":"first","9":"instock","10":"taxable","11":"shipping-taxable","12":"purchasable","13":"product-type-simple"},"yoast_head":"<!-- This site is optimized with the Yoast SEO plugin v26.9 - https:\/\/yoast.com\/product\/yoast-seo-wordpress\/ -->\n<title>Kettenabdeckung f\u00fcr Fahrrad-Elektromotor-Set - Protection AE<\/title>\n<meta name=\"description\" content=\"Kettenabdeckung f\u00fcr das Tretlagermotor-Kit, anpassbar f\u00fcr LIFT-MTB-Fahrr\u00e4der. Erm\u00f6glicht den Schutz des Motorritzels - Bearbeitung in Frankreich.\" \/>\n<meta name=\"robots\" content=\"index, follow, max-snippet:-1, max-image-preview:large, max-video-preview:-1\" \/>\n<link rel=\"canonical\" href=\"https:\/\/www.lift-mtb.com\/de\/produit\/kettenabdeckungsgehause-cnc\/\" \/>\n<meta property=\"og:locale\" content=\"de_DE\" \/>\n<meta property=\"og:type\" content=\"article\" \/>\n<meta property=\"og:title\" content=\"Kettenabdeckung f\u00fcr Fahrrad-Elektromotor-Set - Protection AE\" \/>\n<meta property=\"og:description\" content=\"Kettenabdeckung f\u00fcr das Tretlagermotor-Kit, anpassbar f\u00fcr LIFT-MTB-Fahrr\u00e4der. Erm\u00f6glicht den Schutz des Motorritzels - Bearbeitung in Frankreich.\" \/>\n<meta property=\"og:url\" content=\"https:\/\/www.lift-mtb.com\/de\/produit\/kettenabdeckungsgehause-cnc\/\" \/>\n<meta property=\"og:site_name\" content=\"LIFT-MTB\" \/>\n<meta property=\"article:modified_time\" content=\"2023-02-23T22:54:59+00:00\" \/>\n<meta property=\"og:image\" content=\"https:\/\/www.lift-mtb.com\/wp-content\/uploads\/2022\/02\/cache-chaine-v4.png\" \/>\n\t<meta property=\"og:image:width\" content=\"1772\" \/>\n\t<meta property=\"og:image:height\" content=\"1181\" \/>\n\t<meta property=\"og:image:type\" content=\"image\/png\" \/>\n<meta name=\"twitter:card\" content=\"summary_large_image\" \/>\n<meta name=\"twitter:label1\" content=\"Gesch\u00e4tzte Lesezeit\" \/>\n\t<meta name=\"twitter:data1\" content=\"1\u00a0Minute\" \/>\n<script type=\"application\/ld+json\" class=\"yoast-schema-graph\">{\"@context\":\"https:\/\/schema.org\",\"@graph\":[{\"@type\":\"WebPage\",\"@id\":\"https:\/\/www.lift-mtb.com\/de\/produit\/kettenabdeckungsgehause-cnc\/\",\"url\":\"https:\/\/www.lift-mtb.com\/de\/produit\/kettenabdeckungsgehause-cnc\/\",\"name\":\"Kettenabdeckung f\u00fcr Fahrrad-Elektromotor-Set - Protection AE\",\"isPartOf\":{\"@id\":\"https:\/\/www.lift-mtb.com\/de\/#website\"},\"primaryImageOfPage\":{\"@id\":\"https:\/\/www.lift-mtb.com\/de\/produit\/kettenabdeckungsgehause-cnc\/#primaryimage\"},\"image\":{\"@id\":\"https:\/\/www.lift-mtb.com\/de\/produit\/kettenabdeckungsgehause-cnc\/#primaryimage\"},\"thumbnailUrl\":\"https:\/\/www.lift-mtb.com\/wp-content\/uploads\/2022\/02\/cache-chaine-v4.png\",\"datePublished\":\"2022-02-18T13:12:15+00:00\",\"dateModified\":\"2023-02-23T22:54:59+00:00\",\"description\":\"Kettenabdeckung f\u00fcr das Tretlagermotor-Kit, anpassbar f\u00fcr LIFT-MTB-Fahrr\u00e4der. Erm\u00f6glicht den Schutz des Motorritzels - Bearbeitung in Frankreich.\",\"breadcrumb\":{\"@id\":\"https:\/\/www.lift-mtb.com\/de\/produit\/kettenabdeckungsgehause-cnc\/#breadcrumb\"},\"inLanguage\":\"de\",\"potentialAction\":[{\"@type\":\"ReadAction\",\"target\":[\"https:\/\/www.lift-mtb.com\/de\/produit\/kettenabdeckungsgehause-cnc\/\"]}]},{\"@type\":\"ImageObject\",\"inLanguage\":\"de\",\"@id\":\"https:\/\/www.lift-mtb.com\/de\/produit\/kettenabdeckungsgehause-cnc\/#primaryimage\",\"url\":\"https:\/\/www.lift-mtb.com\/wp-content\/uploads\/2022\/02\/cache-chaine-v4.png\",\"contentUrl\":\"https:\/\/www.lift-mtb.com\/wp-content\/uploads\/2022\/02\/cache-chaine-v4.png\",\"width\":1772,\"height\":1181,\"caption\":\"cache chaine pour moteur p\u00e9dalier velo\"},{\"@type\":\"BreadcrumbList\",\"@id\":\"https:\/\/www.lift-mtb.com\/de\/produit\/kettenabdeckungsgehause-cnc\/#breadcrumb\",\"itemListElement\":[{\"@type\":\"ListItem\",\"position\":1,\"name\":\"Accueil\",\"item\":\"https:\/\/www.lift-mtb.com\/de\/\"},{\"@type\":\"ListItem\",\"position\":2,\"name\":\"Shop\",\"item\":\"https:\/\/www.lift-mtb.com\/de\/shop\/\"},{\"@type\":\"ListItem\",\"position\":3,\"name\":\"Ersatzteile\",\"item\":\"https:\/\/www.lift-mtb.com\/de\/produkt-kategorie\/ersatzteile\/\"},{\"@type\":\"ListItem\",\"position\":4,\"name\":\"Motorenteile\",\"item\":\"https:\/\/www.lift-mtb.com\/de\/produkt-kategorie\/ersatzteile\/motorenteile\/\"},{\"@type\":\"ListItem\",\"position\":5,\"name\":\"Kettenschutzgeh\u00e4use aus Aluminium\"}]},{\"@type\":\"WebSite\",\"@id\":\"https:\/\/www.lift-mtb.com\/de\/#website\",\"url\":\"https:\/\/www.lift-mtb.com\/de\/\",\"name\":\"LIFT-MTB\",\"description\":\"Transformer son v\u00e9lo en \u00e9lectrique rapidement !\",\"publisher\":{\"@id\":\"https:\/\/www.lift-mtb.com\/de\/#organization\"},\"potentialAction\":[{\"@type\":\"SearchAction\",\"target\":{\"@type\":\"EntryPoint\",\"urlTemplate\":\"https:\/\/www.lift-mtb.com\/de\/?s={search_term_string}\"},\"query-input\":{\"@type\":\"PropertyValueSpecification\",\"valueRequired\":true,\"valueName\":\"search_term_string\"}}],\"inLanguage\":\"de\"},{\"@type\":\"Organization\",\"@id\":\"https:\/\/www.lift-mtb.com\/de\/#organization\",\"name\":\"LIFT-MTB\",\"url\":\"https:\/\/www.lift-mtb.com\/de\/\",\"logo\":{\"@type\":\"ImageObject\",\"inLanguage\":\"de\",\"@id\":\"https:\/\/www.lift-mtb.com\/de\/#\/schema\/logo\/image\/\",\"url\":\"https:\/\/www.lift-mtb.com\/wp-content\/uploads\/2022\/01\/electric-kit-for-bike-1.jpg\",\"contentUrl\":\"https:\/\/www.lift-mtb.com\/wp-content\/uploads\/2022\/01\/electric-kit-for-bike-1.jpg\",\"width\":1223,\"height\":560,\"caption\":\"LIFT-MTB\"},\"image\":{\"@id\":\"https:\/\/www.lift-mtb.com\/de\/#\/schema\/logo\/image\/\"}}]}<\/script>\n<!-- \/ Yoast SEO plugin. -->","yoast_head_json":{"title":"Kettenabdeckung f\u00fcr Fahrrad-Elektromotor-Set - Protection AE","description":"Kettenabdeckung f\u00fcr das Tretlagermotor-Kit, anpassbar f\u00fcr LIFT-MTB-Fahrr\u00e4der. Erm\u00f6glicht den Schutz des Motorritzels - Bearbeitung in Frankreich.","robots":{"index":"index","follow":"follow","max-snippet":"max-snippet:-1","max-image-preview":"max-image-preview:large","max-video-preview":"max-video-preview:-1"},"canonical":"https:\/\/www.lift-mtb.com\/de\/produit\/kettenabdeckungsgehause-cnc\/","og_locale":"de_DE","og_type":"article","og_title":"Kettenabdeckung f\u00fcr Fahrrad-Elektromotor-Set - Protection AE","og_description":"Kettenabdeckung f\u00fcr das Tretlagermotor-Kit, anpassbar f\u00fcr LIFT-MTB-Fahrr\u00e4der. Erm\u00f6glicht den Schutz des Motorritzels - Bearbeitung in Frankreich.","og_url":"https:\/\/www.lift-mtb.com\/de\/produit\/kettenabdeckungsgehause-cnc\/","og_site_name":"LIFT-MTB","article_modified_time":"2023-02-23T22:54:59+00:00","og_image":[{"width":1772,"height":1181,"url":"https:\/\/www.lift-mtb.com\/wp-content\/uploads\/2022\/02\/cache-chaine-v4.png","type":"image\/png"}],"twitter_card":"summary_large_image","twitter_misc":{"Gesch\u00e4tzte Lesezeit":"1\u00a0Minute"},"schema":{"@context":"https:\/\/schema.org","@graph":[{"@type":"WebPage","@id":"https:\/\/www.lift-mtb.com\/de\/produit\/kettenabdeckungsgehause-cnc\/","url":"https:\/\/www.lift-mtb.com\/de\/produit\/kettenabdeckungsgehause-cnc\/","name":"Kettenabdeckung f\u00fcr Fahrrad-Elektromotor-Set - Protection AE","isPartOf":{"@id":"https:\/\/www.lift-mtb.com\/de\/#website"},"primaryImageOfPage":{"@id":"https:\/\/www.lift-mtb.com\/de\/produit\/kettenabdeckungsgehause-cnc\/#primaryimage"},"image":{"@id":"https:\/\/www.lift-mtb.com\/de\/produit\/kettenabdeckungsgehause-cnc\/#primaryimage"},"thumbnailUrl":"https:\/\/www.lift-mtb.com\/wp-content\/uploads\/2022\/02\/cache-chaine-v4.png","datePublished":"2022-02-18T13:12:15+00:00","dateModified":"2023-02-23T22:54:59+00:00","description":"Kettenabdeckung f\u00fcr das Tretlagermotor-Kit, anpassbar f\u00fcr LIFT-MTB-Fahrr\u00e4der. Erm\u00f6glicht den Schutz des Motorritzels - Bearbeitung in Frankreich.","breadcrumb":{"@id":"https:\/\/www.lift-mtb.com\/de\/produit\/kettenabdeckungsgehause-cnc\/#breadcrumb"},"inLanguage":"de","potentialAction":[{"@type":"ReadAction","target":["https:\/\/www.lift-mtb.com\/de\/produit\/kettenabdeckungsgehause-cnc\/"]}]},{"@type":"ImageObject","inLanguage":"de","@id":"https:\/\/www.lift-mtb.com\/de\/produit\/kettenabdeckungsgehause-cnc\/#primaryimage","url":"https:\/\/www.lift-mtb.com\/wp-content\/uploads\/2022\/02\/cache-chaine-v4.png","contentUrl":"https:\/\/www.lift-mtb.com\/wp-content\/uploads\/2022\/02\/cache-chaine-v4.png","width":1772,"height":1181,"caption":"cache chaine pour moteur p\u00e9dalier velo"},{"@type":"BreadcrumbList","@id":"https:\/\/www.lift-mtb.com\/de\/produit\/kettenabdeckungsgehause-cnc\/#breadcrumb","itemListElement":[{"@type":"ListItem","position":1,"name":"Accueil","item":"https:\/\/www.lift-mtb.com\/de\/"},{"@type":"ListItem","position":2,"name":"Shop","item":"https:\/\/www.lift-mtb.com\/de\/shop\/"},{"@type":"ListItem","position":3,"name":"Ersatzteile","item":"https:\/\/www.lift-mtb.com\/de\/produkt-kategorie\/ersatzteile\/"},{"@type":"ListItem","position":4,"name":"Motorenteile","item":"https:\/\/www.lift-mtb.com\/de\/produkt-kategorie\/ersatzteile\/motorenteile\/"},{"@type":"ListItem","position":5,"name":"Kettenschutzgeh\u00e4use aus Aluminium"}]},{"@type":"WebSite","@id":"https:\/\/www.lift-mtb.com\/de\/#website","url":"https:\/\/www.lift-mtb.com\/de\/","name":"LIFT-MTB","description":"Transformer son v\u00e9lo en \u00e9lectrique rapidement !","publisher":{"@id":"https:\/\/www.lift-mtb.com\/de\/#organization"},"potentialAction":[{"@type":"SearchAction","target":{"@type":"EntryPoint","urlTemplate":"https:\/\/www.lift-mtb.com\/de\/?s={search_term_string}"},"query-input":{"@type":"PropertyValueSpecification","valueRequired":true,"valueName":"search_term_string"}}],"inLanguage":"de"},{"@type":"Organization","@id":"https:\/\/www.lift-mtb.com\/de\/#organization","name":"LIFT-MTB","url":"https:\/\/www.lift-mtb.com\/de\/","logo":{"@type":"ImageObject","inLanguage":"de","@id":"https:\/\/www.lift-mtb.com\/de\/#\/schema\/logo\/image\/","url":"https:\/\/www.lift-mtb.com\/wp-content\/uploads\/2022\/01\/electric-kit-for-bike-1.jpg","contentUrl":"https:\/\/www.lift-mtb.com\/wp-content\/uploads\/2022\/01\/electric-kit-for-bike-1.jpg","width":1223,"height":560,"caption":"LIFT-MTB"},"image":{"@id":"https:\/\/www.lift-mtb.com\/de\/#\/schema\/logo\/image\/"}}]}},"_links":{"self":[{"href":"https:\/\/www.lift-mtb.com\/de\/wp-json\/wp\/v2\/product\/39856","targetHints":{"allow":["GET"]}}],"collection":[{"href":"https:\/\/www.lift-mtb.com\/de\/wp-json\/wp\/v2\/product"}],"about":[{"href":"https:\/\/www.lift-mtb.com\/de\/wp-json\/wp\/v2\/types\/product"}],"replies":[{"embeddable":true,"href":"https:\/\/www.lift-mtb.com\/de\/wp-json\/wp\/v2\/comments?post=39856"}],"wp:featuredmedia":[{"embeddable":true,"href":"https:\/\/www.lift-mtb.com\/de\/wp-json\/wp\/v2\/media\/41637"}],"wp:attachment":[{"href":"https:\/\/www.lift-mtb.com\/de\/wp-json\/wp\/v2\/media?parent=39856"}],"wp:term":[{"taxonomy":"product_brand","embeddable":true,"href":"https:\/\/www.lift-mtb.com\/de\/wp-json\/wp\/v2\/product_brand?post=39856"},{"taxonomy":"product_cat","embeddable":true,"href":"https:\/\/www.lift-mtb.com\/de\/wp-json\/wp\/v2\/product_cat?post=39856"},{"taxonomy":"product_tag","embeddable":true,"href":"https:\/\/www.lift-mtb.com\/de\/wp-json\/wp\/v2\/product_tag?post=39856"}],"curies":[{"name":"wp","href":"https:\/\/api.w.org\/{rel}","templated":true}]}}