{"id":39866,"date":"2022-02-18T13:55:12","date_gmt":"2022-02-18T12:55:12","guid":{"rendered":"https:\/produit\/motorachse-allein\/"},"modified":"2023-03-03T20:02:12","modified_gmt":"2023-03-03T19:02:12","slug":"motorachse-allein-fur-elektrofahrrad","status":"publish","type":"product","link":"https:\/\/www.lift-mtb.com\/de\/produit\/motorachse-allein-fur-elektrofahrrad\/","title":{"rendered":"Motorachse allein"},"content":{"rendered":"<p><strong>Tretlagermotorachse kompatibel mit Tretlagermotorkit LIFT-MTB<br \/>\n<\/strong><\/p>\n<p>Kompatibel f\u00fcr Motoren nach 2019 mit Keilverzahnung.<\/p>\n<p>F\u00fcr die Versionen von 2012 bis 2019, die mit Keil waren, muss das Zahnrad hinzugef\u00fcgt werden.<\/p>\n<p>Fetten Sie das Freilauflager des Ritzels und das Untersetzungsgetriebe beim Zusammenbau gut ein.<\/p>\n<p><strong>Beschreibung:<\/strong><\/p>\n<ul>\n<li>Motorachse Version B nach 2019<\/li>\n<li><a href=\"https:\/fabrication-made-in-france-moteur-electrique-pour-velo\">Made in France<\/a> nach der Bearbeitung w\u00e4rmebehandelt<\/li>\n<\/ul>\n<p><a href=\"https:\/\/www.youtube.com\/watch?v=3DFbq7R5cWU\">sehen Sie sich das Video zur Demontage des Getriebes an.<\/a><\/p>\n<p>&nbsp;<\/p>\n","protected":false},"excerpt":{"rendered":"<p>&nbsp;<\/p>\n<ul>\n<li>CNC-Bearbeitung<\/li>\n<li>Kompatibel mit Motoren nach 2019. Bei Versionen vor 2019 muss das Zahnrad hinzugef\u00fcgt werden.<\/li>\n<li>W\u00e4rmebehandlung in Frankreich<\/li>\n<\/ul>\n","protected":false},"featured_media":7447,"comment_status":"open","ping_status":"closed","template":"","meta":[],"product_brand":[],"product_cat":[840],"product_tag":[],"class_list":{"0":"post-39866","1":"product","2":"type-product","3":"status-publish","4":"has-post-thumbnail","6":"product_cat-motorenteile","8":"first","9":"instock","10":"taxable","11":"shipping-taxable","12":"purchasable","13":"product-type-variable"},"yoast_head":"<!-- This site is optimized with the Yoast SEO plugin v26.9 - https:\/\/yoast.com\/product\/yoast-seo-wordpress\/ -->\n<title>Motorachse f\u00fcr ein elektrisches Fahrrad-Tretlagermotorset.<\/title>\n<meta name=\"description\" content=\"Achse des elektrischen Tretlagermotors f\u00fcr LIFT-MTB-Fahrr\u00e4der. CNC-Bearbeitung, W\u00e4rmebehandlung in Frankreich - Jetzt verf\u00fcgbar!\" \/>\n<meta name=\"robots\" content=\"index, follow, max-snippet:-1, max-image-preview:large, max-video-preview:-1\" \/>\n<link rel=\"canonical\" href=\"https:\/\/www.lift-mtb.com\/de\/produit\/motorachse-allein-fur-elektrofahrrad\/\" \/>\n<meta property=\"og:locale\" content=\"de_DE\" \/>\n<meta property=\"og:type\" content=\"article\" \/>\n<meta property=\"og:title\" content=\"Motorachse f\u00fcr ein elektrisches Fahrrad-Tretlagermotorset.\" \/>\n<meta property=\"og:description\" content=\"Achse des elektrischen Tretlagermotors f\u00fcr LIFT-MTB-Fahrr\u00e4der. CNC-Bearbeitung, W\u00e4rmebehandlung in Frankreich - Jetzt verf\u00fcgbar!\" \/>\n<meta property=\"og:url\" content=\"https:\/\/www.lift-mtb.com\/de\/produit\/motorachse-allein-fur-elektrofahrrad\/\" \/>\n<meta property=\"og:site_name\" content=\"LIFT-MTB\" \/>\n<meta property=\"article:modified_time\" content=\"2023-03-03T19:02:12+00:00\" \/>\n<meta property=\"og:image\" content=\"https:\/\/www.lift-mtb.com\/wp-content\/uploads\/2022\/02\/axe-moteur-2.jpg\" \/>\n\t<meta property=\"og:image:width\" content=\"3113\" \/>\n\t<meta property=\"og:image:height\" content=\"2490\" \/>\n\t<meta property=\"og:image:type\" content=\"image\/jpeg\" \/>\n<meta name=\"twitter:card\" content=\"summary_large_image\" \/>\n<script type=\"application\/ld+json\" class=\"yoast-schema-graph\">{\"@context\":\"https:\/\/schema.org\",\"@graph\":[{\"@type\":\"WebPage\",\"@id\":\"https:\/\/www.lift-mtb.com\/de\/produit\/motorachse-allein-fur-elektrofahrrad\/\",\"url\":\"https:\/\/www.lift-mtb.com\/de\/produit\/motorachse-allein-fur-elektrofahrrad\/\",\"name\":\"Motorachse f\u00fcr ein elektrisches Fahrrad-Tretlagermotorset.\",\"isPartOf\":{\"@id\":\"https:\/\/www.lift-mtb.com\/de\/#website\"},\"primaryImageOfPage\":{\"@id\":\"https:\/\/www.lift-mtb.com\/de\/produit\/motorachse-allein-fur-elektrofahrrad\/#primaryimage\"},\"image\":{\"@id\":\"https:\/\/www.lift-mtb.com\/de\/produit\/motorachse-allein-fur-elektrofahrrad\/#primaryimage\"},\"thumbnailUrl\":\"https:\/\/www.lift-mtb.com\/wp-content\/uploads\/2022\/02\/axe-moteur-2.jpg\",\"datePublished\":\"2022-02-18T12:55:12+00:00\",\"dateModified\":\"2023-03-03T19:02:12+00:00\",\"description\":\"Achse des elektrischen Tretlagermotors f\u00fcr LIFT-MTB-Fahrr\u00e4der. CNC-Bearbeitung, W\u00e4rmebehandlung in Frankreich - Jetzt verf\u00fcgbar!\",\"breadcrumb\":{\"@id\":\"https:\/\/www.lift-mtb.com\/de\/produit\/motorachse-allein-fur-elektrofahrrad\/#breadcrumb\"},\"inLanguage\":\"de\",\"potentialAction\":[{\"@type\":\"ReadAction\",\"target\":[\"https:\/\/www.lift-mtb.com\/de\/produit\/motorachse-allein-fur-elektrofahrrad\/\"]}]},{\"@type\":\"ImageObject\",\"inLanguage\":\"de\",\"@id\":\"https:\/\/www.lift-mtb.com\/de\/produit\/motorachse-allein-fur-elektrofahrrad\/#primaryimage\",\"url\":\"https:\/\/www.lift-mtb.com\/wp-content\/uploads\/2022\/02\/axe-moteur-2.jpg\",\"contentUrl\":\"https:\/\/www.lift-mtb.com\/wp-content\/uploads\/2022\/02\/axe-moteur-2.jpg\",\"width\":3113,\"height\":2490,\"caption\":\"Motorachse\"},{\"@type\":\"BreadcrumbList\",\"@id\":\"https:\/\/www.lift-mtb.com\/de\/produit\/motorachse-allein-fur-elektrofahrrad\/#breadcrumb\",\"itemListElement\":[{\"@type\":\"ListItem\",\"position\":1,\"name\":\"Accueil\",\"item\":\"https:\/\/www.lift-mtb.com\/de\/\"},{\"@type\":\"ListItem\",\"position\":2,\"name\":\"Shop\",\"item\":\"https:\/\/www.lift-mtb.com\/de\/shop\/\"},{\"@type\":\"ListItem\",\"position\":3,\"name\":\"Ersatzteile\",\"item\":\"https:\/\/www.lift-mtb.com\/de\/produkt-kategorie\/ersatzteile\/\"},{\"@type\":\"ListItem\",\"position\":4,\"name\":\"Motorenteile\",\"item\":\"https:\/\/www.lift-mtb.com\/de\/produkt-kategorie\/ersatzteile\/motorenteile\/\"},{\"@type\":\"ListItem\",\"position\":5,\"name\":\"Motorachse allein\"}]},{\"@type\":\"WebSite\",\"@id\":\"https:\/\/www.lift-mtb.com\/de\/#website\",\"url\":\"https:\/\/www.lift-mtb.com\/de\/\",\"name\":\"LIFT-MTB\",\"description\":\"Transformer son v\u00e9lo en \u00e9lectrique rapidement !\",\"publisher\":{\"@id\":\"https:\/\/www.lift-mtb.com\/de\/#organization\"},\"potentialAction\":[{\"@type\":\"SearchAction\",\"target\":{\"@type\":\"EntryPoint\",\"urlTemplate\":\"https:\/\/www.lift-mtb.com\/de\/?s={search_term_string}\"},\"query-input\":{\"@type\":\"PropertyValueSpecification\",\"valueRequired\":true,\"valueName\":\"search_term_string\"}}],\"inLanguage\":\"de\"},{\"@type\":\"Organization\",\"@id\":\"https:\/\/www.lift-mtb.com\/de\/#organization\",\"name\":\"LIFT-MTB\",\"url\":\"https:\/\/www.lift-mtb.com\/de\/\",\"logo\":{\"@type\":\"ImageObject\",\"inLanguage\":\"de\",\"@id\":\"https:\/\/www.lift-mtb.com\/de\/#\/schema\/logo\/image\/\",\"url\":\"https:\/\/www.lift-mtb.com\/wp-content\/uploads\/2022\/01\/electric-kit-for-bike-1.jpg\",\"contentUrl\":\"https:\/\/www.lift-mtb.com\/wp-content\/uploads\/2022\/01\/electric-kit-for-bike-1.jpg\",\"width\":1223,\"height\":560,\"caption\":\"LIFT-MTB\"},\"image\":{\"@id\":\"https:\/\/www.lift-mtb.com\/de\/#\/schema\/logo\/image\/\"}}]}<\/script>\n<!-- \/ Yoast SEO plugin. -->","yoast_head_json":{"title":"Motorachse f\u00fcr ein elektrisches Fahrrad-Tretlagermotorset.","description":"Achse des elektrischen Tretlagermotors f\u00fcr LIFT-MTB-Fahrr\u00e4der. CNC-Bearbeitung, W\u00e4rmebehandlung in Frankreich - Jetzt verf\u00fcgbar!","robots":{"index":"index","follow":"follow","max-snippet":"max-snippet:-1","max-image-preview":"max-image-preview:large","max-video-preview":"max-video-preview:-1"},"canonical":"https:\/\/www.lift-mtb.com\/de\/produit\/motorachse-allein-fur-elektrofahrrad\/","og_locale":"de_DE","og_type":"article","og_title":"Motorachse f\u00fcr ein elektrisches Fahrrad-Tretlagermotorset.","og_description":"Achse des elektrischen Tretlagermotors f\u00fcr LIFT-MTB-Fahrr\u00e4der. CNC-Bearbeitung, W\u00e4rmebehandlung in Frankreich - Jetzt verf\u00fcgbar!","og_url":"https:\/\/www.lift-mtb.com\/de\/produit\/motorachse-allein-fur-elektrofahrrad\/","og_site_name":"LIFT-MTB","article_modified_time":"2023-03-03T19:02:12+00:00","og_image":[{"width":3113,"height":2490,"url":"https:\/\/www.lift-mtb.com\/wp-content\/uploads\/2022\/02\/axe-moteur-2.jpg","type":"image\/jpeg"}],"twitter_card":"summary_large_image","schema":{"@context":"https:\/\/schema.org","@graph":[{"@type":"WebPage","@id":"https:\/\/www.lift-mtb.com\/de\/produit\/motorachse-allein-fur-elektrofahrrad\/","url":"https:\/\/www.lift-mtb.com\/de\/produit\/motorachse-allein-fur-elektrofahrrad\/","name":"Motorachse f\u00fcr ein elektrisches Fahrrad-Tretlagermotorset.","isPartOf":{"@id":"https:\/\/www.lift-mtb.com\/de\/#website"},"primaryImageOfPage":{"@id":"https:\/\/www.lift-mtb.com\/de\/produit\/motorachse-allein-fur-elektrofahrrad\/#primaryimage"},"image":{"@id":"https:\/\/www.lift-mtb.com\/de\/produit\/motorachse-allein-fur-elektrofahrrad\/#primaryimage"},"thumbnailUrl":"https:\/\/www.lift-mtb.com\/wp-content\/uploads\/2022\/02\/axe-moteur-2.jpg","datePublished":"2022-02-18T12:55:12+00:00","dateModified":"2023-03-03T19:02:12+00:00","description":"Achse des elektrischen Tretlagermotors f\u00fcr LIFT-MTB-Fahrr\u00e4der. CNC-Bearbeitung, W\u00e4rmebehandlung in Frankreich - Jetzt verf\u00fcgbar!","breadcrumb":{"@id":"https:\/\/www.lift-mtb.com\/de\/produit\/motorachse-allein-fur-elektrofahrrad\/#breadcrumb"},"inLanguage":"de","potentialAction":[{"@type":"ReadAction","target":["https:\/\/www.lift-mtb.com\/de\/produit\/motorachse-allein-fur-elektrofahrrad\/"]}]},{"@type":"ImageObject","inLanguage":"de","@id":"https:\/\/www.lift-mtb.com\/de\/produit\/motorachse-allein-fur-elektrofahrrad\/#primaryimage","url":"https:\/\/www.lift-mtb.com\/wp-content\/uploads\/2022\/02\/axe-moteur-2.jpg","contentUrl":"https:\/\/www.lift-mtb.com\/wp-content\/uploads\/2022\/02\/axe-moteur-2.jpg","width":3113,"height":2490,"caption":"Motorachse"},{"@type":"BreadcrumbList","@id":"https:\/\/www.lift-mtb.com\/de\/produit\/motorachse-allein-fur-elektrofahrrad\/#breadcrumb","itemListElement":[{"@type":"ListItem","position":1,"name":"Accueil","item":"https:\/\/www.lift-mtb.com\/de\/"},{"@type":"ListItem","position":2,"name":"Shop","item":"https:\/\/www.lift-mtb.com\/de\/shop\/"},{"@type":"ListItem","position":3,"name":"Ersatzteile","item":"https:\/\/www.lift-mtb.com\/de\/produkt-kategorie\/ersatzteile\/"},{"@type":"ListItem","position":4,"name":"Motorenteile","item":"https:\/\/www.lift-mtb.com\/de\/produkt-kategorie\/ersatzteile\/motorenteile\/"},{"@type":"ListItem","position":5,"name":"Motorachse allein"}]},{"@type":"WebSite","@id":"https:\/\/www.lift-mtb.com\/de\/#website","url":"https:\/\/www.lift-mtb.com\/de\/","name":"LIFT-MTB","description":"Transformer son v\u00e9lo en \u00e9lectrique rapidement !","publisher":{"@id":"https:\/\/www.lift-mtb.com\/de\/#organization"},"potentialAction":[{"@type":"SearchAction","target":{"@type":"EntryPoint","urlTemplate":"https:\/\/www.lift-mtb.com\/de\/?s={search_term_string}"},"query-input":{"@type":"PropertyValueSpecification","valueRequired":true,"valueName":"search_term_string"}}],"inLanguage":"de"},{"@type":"Organization","@id":"https:\/\/www.lift-mtb.com\/de\/#organization","name":"LIFT-MTB","url":"https:\/\/www.lift-mtb.com\/de\/","logo":{"@type":"ImageObject","inLanguage":"de","@id":"https:\/\/www.lift-mtb.com\/de\/#\/schema\/logo\/image\/","url":"https:\/\/www.lift-mtb.com\/wp-content\/uploads\/2022\/01\/electric-kit-for-bike-1.jpg","contentUrl":"https:\/\/www.lift-mtb.com\/wp-content\/uploads\/2022\/01\/electric-kit-for-bike-1.jpg","width":1223,"height":560,"caption":"LIFT-MTB"},"image":{"@id":"https:\/\/www.lift-mtb.com\/de\/#\/schema\/logo\/image\/"}}]}},"_links":{"self":[{"href":"https:\/\/www.lift-mtb.com\/de\/wp-json\/wp\/v2\/product\/39866","targetHints":{"allow":["GET"]}}],"collection":[{"href":"https:\/\/www.lift-mtb.com\/de\/wp-json\/wp\/v2\/product"}],"about":[{"href":"https:\/\/www.lift-mtb.com\/de\/wp-json\/wp\/v2\/types\/product"}],"replies":[{"embeddable":true,"href":"https:\/\/www.lift-mtb.com\/de\/wp-json\/wp\/v2\/comments?post=39866"}],"wp:featuredmedia":[{"embeddable":true,"href":"https:\/\/www.lift-mtb.com\/de\/wp-json\/wp\/v2\/media\/7447"}],"wp:attachment":[{"href":"https:\/\/www.lift-mtb.com\/de\/wp-json\/wp\/v2\/media?parent=39866"}],"wp:term":[{"taxonomy":"product_brand","embeddable":true,"href":"https:\/\/www.lift-mtb.com\/de\/wp-json\/wp\/v2\/product_brand?post=39866"},{"taxonomy":"product_cat","embeddable":true,"href":"https:\/\/www.lift-mtb.com\/de\/wp-json\/wp\/v2\/product_cat?post=39866"},{"taxonomy":"product_tag","embeddable":true,"href":"https:\/\/www.lift-mtb.com\/de\/wp-json\/wp\/v2\/product_tag?post=39866"}],"curies":[{"name":"wp","href":"https:\/\/api.w.org\/{rel}","templated":true}]}}