{"id":39875,"date":"2022-02-18T13:19:40","date_gmt":"2022-02-18T12:19:40","guid":{"rendered":"https:\/produit\/motorgehaeuse-auf-der-getriebeseite\/"},"modified":"2023-02-23T23:55:35","modified_gmt":"2023-02-23T22:55:35","slug":"motor-getriebe-gehause","status":"publish","type":"product","link":"https:\/\/www.lift-mtb.com\/de\/produit\/motor-getriebe-gehause\/","title":{"rendered":"Motorgeh\u00e4use auf der Getriebeseite"},"content":{"rendered":"<p><strong>Motorgeh\u00e4use auf der Getriebeseite, das mit Ihrem LIFT-MTB Tretlagermotor-Kit kompatibel ist?<\/strong><\/p>\n<p>Das Motorgeh\u00e4use auf der Getriebeseite ist mit allen LIFT-MTB-Motorversionen kompatibel.<\/p>\n<p>&nbsp;<\/p>\n<p><strong>In der Rubrik FAQ auf unserer Website finden Sie Artikel, die sich auf das Produkt beziehen:<\/strong><\/p>\n<p><a href=\"https:\/\/youtu.be\/3DFbq7R5cWU\">Demontage des Motorgeh\u00e4uses auf der Getriebeseite des LIFT-MTB-Motors  <\/a><\/p>\n<p><a href=\"\/?p=607\">Wie pflegt man den LIFT-MTB-Motor?  <\/a><\/p>\n","protected":false},"excerpt":{"rendered":"<p><strong>Beschreibung:<\/strong><\/p>\n<ul>\n<li>Motorgeh\u00e4use auf der Getriebeseite<\/li>\n<li>Lager 6902RS<\/li>\n<\/ul>\n","protected":false},"featured_media":7435,"comment_status":"open","ping_status":"closed","template":"","meta":[],"product_brand":[],"product_cat":[840],"product_tag":[],"class_list":{"0":"post-39875","1":"product","2":"type-product","3":"status-publish","4":"has-post-thumbnail","6":"product_cat-motorenteile","8":"first","9":"instock","10":"taxable","11":"shipping-taxable","12":"purchasable","13":"product-type-simple"},"yoast_head":"<!-- This site is optimized with the Yoast SEO plugin v26.9 - https:\/\/yoast.com\/product\/yoast-seo-wordpress\/ -->\n<title>Motorgeh\u00e4use auf der Getriebeseite f\u00fcr LIFT-MTB Tretlagermotor-Kit.<\/title>\n<meta name=\"description\" content=\"Motorgeh\u00e4use auf der Getriebeseite f\u00fcr das Fahrradkurbelset LIFT-MTB - entdecken Sie die auf unserer Website verf\u00fcgbaren Motor-Ersatzteile!\" \/>\n<meta name=\"robots\" content=\"index, follow, max-snippet:-1, max-image-preview:large, max-video-preview:-1\" \/>\n<link rel=\"canonical\" href=\"https:\/\/www.lift-mtb.com\/de\/produit\/motor-getriebe-gehause\/\" \/>\n<meta property=\"og:locale\" content=\"de_DE\" \/>\n<meta property=\"og:type\" content=\"article\" \/>\n<meta property=\"og:title\" content=\"Motorgeh\u00e4use auf der Getriebeseite f\u00fcr LIFT-MTB Tretlagermotor-Kit.\" \/>\n<meta property=\"og:description\" content=\"Motorgeh\u00e4use auf der Getriebeseite f\u00fcr das Fahrradkurbelset LIFT-MTB - entdecken Sie die auf unserer Website verf\u00fcgbaren Motor-Ersatzteile!\" \/>\n<meta property=\"og:url\" content=\"https:\/\/www.lift-mtb.com\/de\/produit\/motor-getriebe-gehause\/\" \/>\n<meta property=\"og:site_name\" content=\"LIFT-MTB\" \/>\n<meta property=\"article:modified_time\" content=\"2023-02-23T22:55:35+00:00\" \/>\n<meta property=\"og:image\" content=\"https:\/\/www.lift-mtb.com\/wp-content\/uploads\/2022\/02\/carter-moteur-cote-reducteur.jpg\" \/>\n\t<meta property=\"og:image:width\" content=\"539\" \/>\n\t<meta property=\"og:image:height\" content=\"461\" \/>\n\t<meta property=\"og:image:type\" content=\"image\/jpeg\" \/>\n<meta name=\"twitter:card\" content=\"summary_large_image\" \/>\n<script type=\"application\/ld+json\" class=\"yoast-schema-graph\">{\"@context\":\"https:\/\/schema.org\",\"@graph\":[{\"@type\":\"WebPage\",\"@id\":\"https:\/\/www.lift-mtb.com\/de\/produit\/motor-getriebe-gehause\/\",\"url\":\"https:\/\/www.lift-mtb.com\/de\/produit\/motor-getriebe-gehause\/\",\"name\":\"Motorgeh\u00e4use auf der Getriebeseite f\u00fcr LIFT-MTB Tretlagermotor-Kit.\",\"isPartOf\":{\"@id\":\"https:\/\/www.lift-mtb.com\/de\/#website\"},\"primaryImageOfPage\":{\"@id\":\"https:\/\/www.lift-mtb.com\/de\/produit\/motor-getriebe-gehause\/#primaryimage\"},\"image\":{\"@id\":\"https:\/\/www.lift-mtb.com\/de\/produit\/motor-getriebe-gehause\/#primaryimage\"},\"thumbnailUrl\":\"https:\/\/www.lift-mtb.com\/wp-content\/uploads\/2022\/02\/carter-moteur-cote-reducteur.jpg\",\"datePublished\":\"2022-02-18T12:19:40+00:00\",\"dateModified\":\"2023-02-23T22:55:35+00:00\",\"description\":\"Motorgeh\u00e4use auf der Getriebeseite f\u00fcr das Fahrradkurbelset LIFT-MTB - entdecken Sie die auf unserer Website verf\u00fcgbaren Motor-Ersatzteile!\",\"breadcrumb\":{\"@id\":\"https:\/\/www.lift-mtb.com\/de\/produit\/motor-getriebe-gehause\/#breadcrumb\"},\"inLanguage\":\"de\",\"potentialAction\":[{\"@type\":\"ReadAction\",\"target\":[\"https:\/\/www.lift-mtb.com\/de\/produit\/motor-getriebe-gehause\/\"]}]},{\"@type\":\"ImageObject\",\"inLanguage\":\"de\",\"@id\":\"https:\/\/www.lift-mtb.com\/de\/produit\/motor-getriebe-gehause\/#primaryimage\",\"url\":\"https:\/\/www.lift-mtb.com\/wp-content\/uploads\/2022\/02\/carter-moteur-cote-reducteur.jpg\",\"contentUrl\":\"https:\/\/www.lift-mtb.com\/wp-content\/uploads\/2022\/02\/carter-moteur-cote-reducteur.jpg\",\"width\":539,\"height\":461,\"caption\":\"Motorgeh\u00e4use auf der Getriebeseite\"},{\"@type\":\"BreadcrumbList\",\"@id\":\"https:\/\/www.lift-mtb.com\/de\/produit\/motor-getriebe-gehause\/#breadcrumb\",\"itemListElement\":[{\"@type\":\"ListItem\",\"position\":1,\"name\":\"Accueil\",\"item\":\"https:\/\/www.lift-mtb.com\/de\/\"},{\"@type\":\"ListItem\",\"position\":2,\"name\":\"Shop\",\"item\":\"https:\/\/www.lift-mtb.com\/de\/shop\/\"},{\"@type\":\"ListItem\",\"position\":3,\"name\":\"Ersatzteile\",\"item\":\"https:\/\/www.lift-mtb.com\/de\/produkt-kategorie\/ersatzteile\/\"},{\"@type\":\"ListItem\",\"position\":4,\"name\":\"Motorenteile\",\"item\":\"https:\/\/www.lift-mtb.com\/de\/produkt-kategorie\/ersatzteile\/motorenteile\/\"},{\"@type\":\"ListItem\",\"position\":5,\"name\":\"Motorgeh\u00e4use auf der Getriebeseite\"}]},{\"@type\":\"WebSite\",\"@id\":\"https:\/\/www.lift-mtb.com\/de\/#website\",\"url\":\"https:\/\/www.lift-mtb.com\/de\/\",\"name\":\"LIFT-MTB\",\"description\":\"Transformer son v\u00e9lo en \u00e9lectrique rapidement !\",\"publisher\":{\"@id\":\"https:\/\/www.lift-mtb.com\/de\/#organization\"},\"potentialAction\":[{\"@type\":\"SearchAction\",\"target\":{\"@type\":\"EntryPoint\",\"urlTemplate\":\"https:\/\/www.lift-mtb.com\/de\/?s={search_term_string}\"},\"query-input\":{\"@type\":\"PropertyValueSpecification\",\"valueRequired\":true,\"valueName\":\"search_term_string\"}}],\"inLanguage\":\"de\"},{\"@type\":\"Organization\",\"@id\":\"https:\/\/www.lift-mtb.com\/de\/#organization\",\"name\":\"LIFT-MTB\",\"url\":\"https:\/\/www.lift-mtb.com\/de\/\",\"logo\":{\"@type\":\"ImageObject\",\"inLanguage\":\"de\",\"@id\":\"https:\/\/www.lift-mtb.com\/de\/#\/schema\/logo\/image\/\",\"url\":\"https:\/\/www.lift-mtb.com\/wp-content\/uploads\/2022\/01\/electric-kit-for-bike-1.jpg\",\"contentUrl\":\"https:\/\/www.lift-mtb.com\/wp-content\/uploads\/2022\/01\/electric-kit-for-bike-1.jpg\",\"width\":1223,\"height\":560,\"caption\":\"LIFT-MTB\"},\"image\":{\"@id\":\"https:\/\/www.lift-mtb.com\/de\/#\/schema\/logo\/image\/\"}}]}<\/script>\n<!-- \/ Yoast SEO plugin. -->","yoast_head_json":{"title":"Motorgeh\u00e4use auf der Getriebeseite f\u00fcr LIFT-MTB Tretlagermotor-Kit.","description":"Motorgeh\u00e4use auf der Getriebeseite f\u00fcr das Fahrradkurbelset LIFT-MTB - entdecken Sie die auf unserer Website verf\u00fcgbaren Motor-Ersatzteile!","robots":{"index":"index","follow":"follow","max-snippet":"max-snippet:-1","max-image-preview":"max-image-preview:large","max-video-preview":"max-video-preview:-1"},"canonical":"https:\/\/www.lift-mtb.com\/de\/produit\/motor-getriebe-gehause\/","og_locale":"de_DE","og_type":"article","og_title":"Motorgeh\u00e4use auf der Getriebeseite f\u00fcr LIFT-MTB Tretlagermotor-Kit.","og_description":"Motorgeh\u00e4use auf der Getriebeseite f\u00fcr das Fahrradkurbelset LIFT-MTB - entdecken Sie die auf unserer Website verf\u00fcgbaren Motor-Ersatzteile!","og_url":"https:\/\/www.lift-mtb.com\/de\/produit\/motor-getriebe-gehause\/","og_site_name":"LIFT-MTB","article_modified_time":"2023-02-23T22:55:35+00:00","og_image":[{"width":539,"height":461,"url":"https:\/\/www.lift-mtb.com\/wp-content\/uploads\/2022\/02\/carter-moteur-cote-reducteur.jpg","type":"image\/jpeg"}],"twitter_card":"summary_large_image","schema":{"@context":"https:\/\/schema.org","@graph":[{"@type":"WebPage","@id":"https:\/\/www.lift-mtb.com\/de\/produit\/motor-getriebe-gehause\/","url":"https:\/\/www.lift-mtb.com\/de\/produit\/motor-getriebe-gehause\/","name":"Motorgeh\u00e4use auf der Getriebeseite f\u00fcr LIFT-MTB Tretlagermotor-Kit.","isPartOf":{"@id":"https:\/\/www.lift-mtb.com\/de\/#website"},"primaryImageOfPage":{"@id":"https:\/\/www.lift-mtb.com\/de\/produit\/motor-getriebe-gehause\/#primaryimage"},"image":{"@id":"https:\/\/www.lift-mtb.com\/de\/produit\/motor-getriebe-gehause\/#primaryimage"},"thumbnailUrl":"https:\/\/www.lift-mtb.com\/wp-content\/uploads\/2022\/02\/carter-moteur-cote-reducteur.jpg","datePublished":"2022-02-18T12:19:40+00:00","dateModified":"2023-02-23T22:55:35+00:00","description":"Motorgeh\u00e4use auf der Getriebeseite f\u00fcr das Fahrradkurbelset LIFT-MTB - entdecken Sie die auf unserer Website verf\u00fcgbaren Motor-Ersatzteile!","breadcrumb":{"@id":"https:\/\/www.lift-mtb.com\/de\/produit\/motor-getriebe-gehause\/#breadcrumb"},"inLanguage":"de","potentialAction":[{"@type":"ReadAction","target":["https:\/\/www.lift-mtb.com\/de\/produit\/motor-getriebe-gehause\/"]}]},{"@type":"ImageObject","inLanguage":"de","@id":"https:\/\/www.lift-mtb.com\/de\/produit\/motor-getriebe-gehause\/#primaryimage","url":"https:\/\/www.lift-mtb.com\/wp-content\/uploads\/2022\/02\/carter-moteur-cote-reducteur.jpg","contentUrl":"https:\/\/www.lift-mtb.com\/wp-content\/uploads\/2022\/02\/carter-moteur-cote-reducteur.jpg","width":539,"height":461,"caption":"Motorgeh\u00e4use auf der Getriebeseite"},{"@type":"BreadcrumbList","@id":"https:\/\/www.lift-mtb.com\/de\/produit\/motor-getriebe-gehause\/#breadcrumb","itemListElement":[{"@type":"ListItem","position":1,"name":"Accueil","item":"https:\/\/www.lift-mtb.com\/de\/"},{"@type":"ListItem","position":2,"name":"Shop","item":"https:\/\/www.lift-mtb.com\/de\/shop\/"},{"@type":"ListItem","position":3,"name":"Ersatzteile","item":"https:\/\/www.lift-mtb.com\/de\/produkt-kategorie\/ersatzteile\/"},{"@type":"ListItem","position":4,"name":"Motorenteile","item":"https:\/\/www.lift-mtb.com\/de\/produkt-kategorie\/ersatzteile\/motorenteile\/"},{"@type":"ListItem","position":5,"name":"Motorgeh\u00e4use auf der Getriebeseite"}]},{"@type":"WebSite","@id":"https:\/\/www.lift-mtb.com\/de\/#website","url":"https:\/\/www.lift-mtb.com\/de\/","name":"LIFT-MTB","description":"Transformer son v\u00e9lo en \u00e9lectrique rapidement !","publisher":{"@id":"https:\/\/www.lift-mtb.com\/de\/#organization"},"potentialAction":[{"@type":"SearchAction","target":{"@type":"EntryPoint","urlTemplate":"https:\/\/www.lift-mtb.com\/de\/?s={search_term_string}"},"query-input":{"@type":"PropertyValueSpecification","valueRequired":true,"valueName":"search_term_string"}}],"inLanguage":"de"},{"@type":"Organization","@id":"https:\/\/www.lift-mtb.com\/de\/#organization","name":"LIFT-MTB","url":"https:\/\/www.lift-mtb.com\/de\/","logo":{"@type":"ImageObject","inLanguage":"de","@id":"https:\/\/www.lift-mtb.com\/de\/#\/schema\/logo\/image\/","url":"https:\/\/www.lift-mtb.com\/wp-content\/uploads\/2022\/01\/electric-kit-for-bike-1.jpg","contentUrl":"https:\/\/www.lift-mtb.com\/wp-content\/uploads\/2022\/01\/electric-kit-for-bike-1.jpg","width":1223,"height":560,"caption":"LIFT-MTB"},"image":{"@id":"https:\/\/www.lift-mtb.com\/de\/#\/schema\/logo\/image\/"}}]}},"_links":{"self":[{"href":"https:\/\/www.lift-mtb.com\/de\/wp-json\/wp\/v2\/product\/39875","targetHints":{"allow":["GET"]}}],"collection":[{"href":"https:\/\/www.lift-mtb.com\/de\/wp-json\/wp\/v2\/product"}],"about":[{"href":"https:\/\/www.lift-mtb.com\/de\/wp-json\/wp\/v2\/types\/product"}],"replies":[{"embeddable":true,"href":"https:\/\/www.lift-mtb.com\/de\/wp-json\/wp\/v2\/comments?post=39875"}],"wp:featuredmedia":[{"embeddable":true,"href":"https:\/\/www.lift-mtb.com\/de\/wp-json\/wp\/v2\/media\/7435"}],"wp:attachment":[{"href":"https:\/\/www.lift-mtb.com\/de\/wp-json\/wp\/v2\/media?parent=39875"}],"wp:term":[{"taxonomy":"product_brand","embeddable":true,"href":"https:\/\/www.lift-mtb.com\/de\/wp-json\/wp\/v2\/product_brand?post=39875"},{"taxonomy":"product_cat","embeddable":true,"href":"https:\/\/www.lift-mtb.com\/de\/wp-json\/wp\/v2\/product_cat?post=39875"},{"taxonomy":"product_tag","embeddable":true,"href":"https:\/\/www.lift-mtb.com\/de\/wp-json\/wp\/v2\/product_tag?post=39875"}],"curies":[{"name":"wp","href":"https:\/\/api.w.org\/{rel}","templated":true}]}}