{"id":45722,"date":"2023-02-16T14:32:17","date_gmt":"2023-02-16T13:32:17","guid":{"rendered":"https:\/?post_type=product&#038;p=45722"},"modified":"2023-03-03T21:30:27","modified_gmt":"2023-03-03T20:30:27","slug":"werkzeug-demonte-freilauf-pedalplatte","status":"publish","type":"product","link":"https:\/\/www.lift-mtb.com\/de\/produit\/werkzeug-demonte-freilauf-pedalplatte\/","title":{"rendered":"Werkzeug f\u00fcr die Demontage des Freilaufs LIFT MTB"},"content":{"rendered":"<ul>\n<li>Mit dem Werkzeug zur Demontage des Tretlagerfreilaufs k\u00f6nnen Sie den <strong>Freilauf<\/strong> Ihres Tretlagers aus dem <a href=\"https:\/\/www.youtube.com\/watch?v=_qreEMHtk3Y\">LIFT-MTB-Motorkit<\/a> (pro oder klassisch) aus- und einbauen.<\/li>\n<li>Der Freilauf wird auf das Tretlager geklemmt, durch das Treten der Pedale wird er in der Regel stark angezogen, sodass es manchmal notwendig ist, einen Schlagschrauber zu verwenden, um den <b><a href=\"https:\/produit\/roue-libre-classic-v3\/\">Freilauf<\/a><\/b> des Elektro-Mountainbikes zu demontieren. <\/li>\n<li>Zum L\u00f6sen ist es ein klassisches Gewinde, also wird gegen den Uhrzeigersinn gel\u00f6st.<\/li>\n<li><span class=\"a-list-item\">  Freie Radmontage mit 4 Stiften f\u00fcr Mountain bikes (MTB).  <\/span><\/li>\n<li><span class=\"a-list-item\">  Drehen Sie mit einem 24-mm-Schl\u00fcssel.  <\/span><\/li>\n<li><span class=\"a-list-item\">  Ideal f\u00fcr Mechaniker, Fachleute und Nutzer, die sich der Bedeutung einer guten Pflege bewusst sind.  <\/span><\/li>\n<li><span class=\"a-list-item\">  Hergestellt nach ISO-Standards.  <\/span><\/li>\n<li><span class=\"a-list-item\">  Verst\u00e4rkte und geh\u00e4rtete Stahllegierung. Hohe Festigkeit, Qualit\u00e4t und Haltbarkeit.  <\/span><\/li>\n<\/ul>\n","protected":false},"excerpt":{"rendered":"<p>Werkzeug f\u00fcr die Demontage des Tretlagerfreilaufs<\/p>\n<ul>\n<li>Werkzeug zum Ein- und Ausbau des <strong>Freilaufs<\/strong> Ihres Tretlagers aus der <strong>&#8220;Classic&#8221;-<\/strong> Version des LIFT-MTB-Motorkits.<\/li>\n<li>Der Freilauf des Fahrradmotors wird an der Tretkurbel (v1\/v2\/v3) oder an der Schnittstelle (ab V4) festgezogen, durch das Treten der Pedale wird er meist fest angezogen, sodass es manchmal notwendig ist, einen Schlagschrauber zu verwenden, um den <b>Freilauf des Elektrofahrrads <\/b> zu demontieren. <\/li>\n<li>Zum L\u00f6sen ist es ein klassisches Gewinde, also wird gegen den Uhrzeigersinn gel\u00f6st.<\/li>\n<\/ul>\n","protected":false},"featured_media":46062,"comment_status":"open","ping_status":"closed","template":"","meta":[],"product_brand":[],"product_cat":[1060],"product_tag":[],"class_list":{"0":"post-45722","1":"product","2":"type-product","3":"status-publish","4":"has-post-thumbnail","6":"product_cat-werkzeug","8":"first","9":"instock","10":"taxable","11":"shipping-taxable","12":"purchasable","13":"product-type-simple"},"yoast_head":"<!-- This site is optimized with the Yoast SEO plugin v26.9 - https:\/\/yoast.com\/product\/yoast-seo-wordpress\/ -->\n<title>Werkzeug f\u00fcr die Demontage des Tretlagerfreilaufs<\/title>\n<meta name=\"description\" content=\"Werkzeug zur Demontage des Pedalfreilaufs, mit dem Sie den Freilauf Ihres Tretlagers in der Version des LIFT-MTB-Motorkits montieren\/demontieren k\u00f6nnen.\" \/>\n<meta name=\"robots\" content=\"index, follow, max-snippet:-1, max-image-preview:large, max-video-preview:-1\" \/>\n<link rel=\"canonical\" href=\"https:\/\/www.lift-mtb.com\/de\/produit\/werkzeug-demonte-freilauf-pedalplatte\/\" \/>\n<meta property=\"og:locale\" content=\"de_DE\" \/>\n<meta property=\"og:type\" content=\"article\" \/>\n<meta property=\"og:title\" content=\"Werkzeug f\u00fcr die Demontage des Tretlagerfreilaufs\" \/>\n<meta property=\"og:description\" content=\"Werkzeug zur Demontage des Pedalfreilaufs, mit dem Sie den Freilauf Ihres Tretlagers in der Version des LIFT-MTB-Motorkits montieren\/demontieren k\u00f6nnen.\" \/>\n<meta property=\"og:url\" content=\"https:\/\/www.lift-mtb.com\/de\/produit\/werkzeug-demonte-freilauf-pedalplatte\/\" \/>\n<meta property=\"og:site_name\" content=\"LIFT-MTB\" \/>\n<meta property=\"article:modified_time\" content=\"2023-03-03T20:30:27+00:00\" \/>\n<meta property=\"og:image\" content=\"https:\/\/www.lift-mtb.com\/wp-content\/uploads\/2023\/02\/demonte-roue-libre-bmx-2048-x-1367-px.png\" \/>\n\t<meta property=\"og:image:width\" content=\"2048\" \/>\n\t<meta property=\"og:image:height\" content=\"1367\" \/>\n\t<meta property=\"og:image:type\" content=\"image\/png\" \/>\n<meta name=\"twitter:card\" content=\"summary_large_image\" \/>\n<meta name=\"twitter:label1\" content=\"Gesch\u00e4tzte Lesezeit\" \/>\n\t<meta name=\"twitter:data1\" content=\"1\u00a0Minute\" \/>\n<script type=\"application\/ld+json\" class=\"yoast-schema-graph\">{\"@context\":\"https:\/\/schema.org\",\"@graph\":[{\"@type\":\"WebPage\",\"@id\":\"https:\/\/www.lift-mtb.com\/de\/produit\/werkzeug-demonte-freilauf-pedalplatte\/\",\"url\":\"https:\/\/www.lift-mtb.com\/de\/produit\/werkzeug-demonte-freilauf-pedalplatte\/\",\"name\":\"Werkzeug f\u00fcr die Demontage des Tretlagerfreilaufs\",\"isPartOf\":{\"@id\":\"https:\/\/www.lift-mtb.com\/de\/#website\"},\"primaryImageOfPage\":{\"@id\":\"https:\/\/www.lift-mtb.com\/de\/produit\/werkzeug-demonte-freilauf-pedalplatte\/#primaryimage\"},\"image\":{\"@id\":\"https:\/\/www.lift-mtb.com\/de\/produit\/werkzeug-demonte-freilauf-pedalplatte\/#primaryimage\"},\"thumbnailUrl\":\"https:\/\/www.lift-mtb.com\/wp-content\/uploads\/2023\/02\/demonte-roue-libre-bmx-2048-x-1367-px.png\",\"datePublished\":\"2023-02-16T13:32:17+00:00\",\"dateModified\":\"2023-03-03T20:30:27+00:00\",\"description\":\"Werkzeug zur Demontage des Pedalfreilaufs, mit dem Sie den Freilauf Ihres Tretlagers in der Version des LIFT-MTB-Motorkits montieren\/demontieren k\u00f6nnen.\",\"breadcrumb\":{\"@id\":\"https:\/\/www.lift-mtb.com\/de\/produit\/werkzeug-demonte-freilauf-pedalplatte\/#breadcrumb\"},\"inLanguage\":\"de\",\"potentialAction\":[{\"@type\":\"ReadAction\",\"target\":[\"https:\/\/www.lift-mtb.com\/de\/produit\/werkzeug-demonte-freilauf-pedalplatte\/\"]}]},{\"@type\":\"ImageObject\",\"inLanguage\":\"de\",\"@id\":\"https:\/\/www.lift-mtb.com\/de\/produit\/werkzeug-demonte-freilauf-pedalplatte\/#primaryimage\",\"url\":\"https:\/\/www.lift-mtb.com\/wp-content\/uploads\/2023\/02\/demonte-roue-libre-bmx-2048-x-1367-px.png\",\"contentUrl\":\"https:\/\/www.lift-mtb.com\/wp-content\/uploads\/2023\/02\/demonte-roue-libre-bmx-2048-x-1367-px.png\",\"width\":2048,\"height\":1367,\"caption\":\"demonte roue libre moteur pedalier\"},{\"@type\":\"BreadcrumbList\",\"@id\":\"https:\/\/www.lift-mtb.com\/de\/produit\/werkzeug-demonte-freilauf-pedalplatte\/#breadcrumb\",\"itemListElement\":[{\"@type\":\"ListItem\",\"position\":1,\"name\":\"Accueil\",\"item\":\"https:\/\/www.lift-mtb.com\/de\/\"},{\"@type\":\"ListItem\",\"position\":2,\"name\":\"Shop\",\"item\":\"https:\/\/www.lift-mtb.com\/de\/shop\/\"},{\"@type\":\"ListItem\",\"position\":3,\"name\":\"Werkzeug\",\"item\":\"https:\/\/www.lift-mtb.com\/de\/produkt-kategorie\/werkzeug\/\"},{\"@type\":\"ListItem\",\"position\":4,\"name\":\"Werkzeug f\u00fcr die Demontage des Freilaufs LIFT MTB\"}]},{\"@type\":\"WebSite\",\"@id\":\"https:\/\/www.lift-mtb.com\/de\/#website\",\"url\":\"https:\/\/www.lift-mtb.com\/de\/\",\"name\":\"LIFT-MTB\",\"description\":\"Transformer son v\u00e9lo en \u00e9lectrique rapidement !\",\"publisher\":{\"@id\":\"https:\/\/www.lift-mtb.com\/de\/#organization\"},\"potentialAction\":[{\"@type\":\"SearchAction\",\"target\":{\"@type\":\"EntryPoint\",\"urlTemplate\":\"https:\/\/www.lift-mtb.com\/de\/?s={search_term_string}\"},\"query-input\":{\"@type\":\"PropertyValueSpecification\",\"valueRequired\":true,\"valueName\":\"search_term_string\"}}],\"inLanguage\":\"de\"},{\"@type\":\"Organization\",\"@id\":\"https:\/\/www.lift-mtb.com\/de\/#organization\",\"name\":\"LIFT-MTB\",\"url\":\"https:\/\/www.lift-mtb.com\/de\/\",\"logo\":{\"@type\":\"ImageObject\",\"inLanguage\":\"de\",\"@id\":\"https:\/\/www.lift-mtb.com\/de\/#\/schema\/logo\/image\/\",\"url\":\"https:\/\/www.lift-mtb.com\/wp-content\/uploads\/2022\/01\/electric-kit-for-bike-1.jpg\",\"contentUrl\":\"https:\/\/www.lift-mtb.com\/wp-content\/uploads\/2022\/01\/electric-kit-for-bike-1.jpg\",\"width\":1223,\"height\":560,\"caption\":\"LIFT-MTB\"},\"image\":{\"@id\":\"https:\/\/www.lift-mtb.com\/de\/#\/schema\/logo\/image\/\"}}]}<\/script>\n<!-- \/ Yoast SEO plugin. -->","yoast_head_json":{"title":"Werkzeug f\u00fcr die Demontage des Tretlagerfreilaufs","description":"Werkzeug zur Demontage des Pedalfreilaufs, mit dem Sie den Freilauf Ihres Tretlagers in der Version des LIFT-MTB-Motorkits montieren\/demontieren k\u00f6nnen.","robots":{"index":"index","follow":"follow","max-snippet":"max-snippet:-1","max-image-preview":"max-image-preview:large","max-video-preview":"max-video-preview:-1"},"canonical":"https:\/\/www.lift-mtb.com\/de\/produit\/werkzeug-demonte-freilauf-pedalplatte\/","og_locale":"de_DE","og_type":"article","og_title":"Werkzeug f\u00fcr die Demontage des Tretlagerfreilaufs","og_description":"Werkzeug zur Demontage des Pedalfreilaufs, mit dem Sie den Freilauf Ihres Tretlagers in der Version des LIFT-MTB-Motorkits montieren\/demontieren k\u00f6nnen.","og_url":"https:\/\/www.lift-mtb.com\/de\/produit\/werkzeug-demonte-freilauf-pedalplatte\/","og_site_name":"LIFT-MTB","article_modified_time":"2023-03-03T20:30:27+00:00","og_image":[{"width":2048,"height":1367,"url":"https:\/\/www.lift-mtb.com\/wp-content\/uploads\/2023\/02\/demonte-roue-libre-bmx-2048-x-1367-px.png","type":"image\/png"}],"twitter_card":"summary_large_image","twitter_misc":{"Gesch\u00e4tzte Lesezeit":"1\u00a0Minute"},"schema":{"@context":"https:\/\/schema.org","@graph":[{"@type":"WebPage","@id":"https:\/\/www.lift-mtb.com\/de\/produit\/werkzeug-demonte-freilauf-pedalplatte\/","url":"https:\/\/www.lift-mtb.com\/de\/produit\/werkzeug-demonte-freilauf-pedalplatte\/","name":"Werkzeug f\u00fcr die Demontage des Tretlagerfreilaufs","isPartOf":{"@id":"https:\/\/www.lift-mtb.com\/de\/#website"},"primaryImageOfPage":{"@id":"https:\/\/www.lift-mtb.com\/de\/produit\/werkzeug-demonte-freilauf-pedalplatte\/#primaryimage"},"image":{"@id":"https:\/\/www.lift-mtb.com\/de\/produit\/werkzeug-demonte-freilauf-pedalplatte\/#primaryimage"},"thumbnailUrl":"https:\/\/www.lift-mtb.com\/wp-content\/uploads\/2023\/02\/demonte-roue-libre-bmx-2048-x-1367-px.png","datePublished":"2023-02-16T13:32:17+00:00","dateModified":"2023-03-03T20:30:27+00:00","description":"Werkzeug zur Demontage des Pedalfreilaufs, mit dem Sie den Freilauf Ihres Tretlagers in der Version des LIFT-MTB-Motorkits montieren\/demontieren k\u00f6nnen.","breadcrumb":{"@id":"https:\/\/www.lift-mtb.com\/de\/produit\/werkzeug-demonte-freilauf-pedalplatte\/#breadcrumb"},"inLanguage":"de","potentialAction":[{"@type":"ReadAction","target":["https:\/\/www.lift-mtb.com\/de\/produit\/werkzeug-demonte-freilauf-pedalplatte\/"]}]},{"@type":"ImageObject","inLanguage":"de","@id":"https:\/\/www.lift-mtb.com\/de\/produit\/werkzeug-demonte-freilauf-pedalplatte\/#primaryimage","url":"https:\/\/www.lift-mtb.com\/wp-content\/uploads\/2023\/02\/demonte-roue-libre-bmx-2048-x-1367-px.png","contentUrl":"https:\/\/www.lift-mtb.com\/wp-content\/uploads\/2023\/02\/demonte-roue-libre-bmx-2048-x-1367-px.png","width":2048,"height":1367,"caption":"demonte roue libre moteur pedalier"},{"@type":"BreadcrumbList","@id":"https:\/\/www.lift-mtb.com\/de\/produit\/werkzeug-demonte-freilauf-pedalplatte\/#breadcrumb","itemListElement":[{"@type":"ListItem","position":1,"name":"Accueil","item":"https:\/\/www.lift-mtb.com\/de\/"},{"@type":"ListItem","position":2,"name":"Shop","item":"https:\/\/www.lift-mtb.com\/de\/shop\/"},{"@type":"ListItem","position":3,"name":"Werkzeug","item":"https:\/\/www.lift-mtb.com\/de\/produkt-kategorie\/werkzeug\/"},{"@type":"ListItem","position":4,"name":"Werkzeug f\u00fcr die Demontage des Freilaufs LIFT MTB"}]},{"@type":"WebSite","@id":"https:\/\/www.lift-mtb.com\/de\/#website","url":"https:\/\/www.lift-mtb.com\/de\/","name":"LIFT-MTB","description":"Transformer son v\u00e9lo en \u00e9lectrique rapidement !","publisher":{"@id":"https:\/\/www.lift-mtb.com\/de\/#organization"},"potentialAction":[{"@type":"SearchAction","target":{"@type":"EntryPoint","urlTemplate":"https:\/\/www.lift-mtb.com\/de\/?s={search_term_string}"},"query-input":{"@type":"PropertyValueSpecification","valueRequired":true,"valueName":"search_term_string"}}],"inLanguage":"de"},{"@type":"Organization","@id":"https:\/\/www.lift-mtb.com\/de\/#organization","name":"LIFT-MTB","url":"https:\/\/www.lift-mtb.com\/de\/","logo":{"@type":"ImageObject","inLanguage":"de","@id":"https:\/\/www.lift-mtb.com\/de\/#\/schema\/logo\/image\/","url":"https:\/\/www.lift-mtb.com\/wp-content\/uploads\/2022\/01\/electric-kit-for-bike-1.jpg","contentUrl":"https:\/\/www.lift-mtb.com\/wp-content\/uploads\/2022\/01\/electric-kit-for-bike-1.jpg","width":1223,"height":560,"caption":"LIFT-MTB"},"image":{"@id":"https:\/\/www.lift-mtb.com\/de\/#\/schema\/logo\/image\/"}}]}},"_links":{"self":[{"href":"https:\/\/www.lift-mtb.com\/de\/wp-json\/wp\/v2\/product\/45722","targetHints":{"allow":["GET"]}}],"collection":[{"href":"https:\/\/www.lift-mtb.com\/de\/wp-json\/wp\/v2\/product"}],"about":[{"href":"https:\/\/www.lift-mtb.com\/de\/wp-json\/wp\/v2\/types\/product"}],"replies":[{"embeddable":true,"href":"https:\/\/www.lift-mtb.com\/de\/wp-json\/wp\/v2\/comments?post=45722"}],"wp:featuredmedia":[{"embeddable":true,"href":"https:\/\/www.lift-mtb.com\/de\/wp-json\/wp\/v2\/media\/46062"}],"wp:attachment":[{"href":"https:\/\/www.lift-mtb.com\/de\/wp-json\/wp\/v2\/media?parent=45722"}],"wp:term":[{"taxonomy":"product_brand","embeddable":true,"href":"https:\/\/www.lift-mtb.com\/de\/wp-json\/wp\/v2\/product_brand?post=45722"},{"taxonomy":"product_cat","embeddable":true,"href":"https:\/\/www.lift-mtb.com\/de\/wp-json\/wp\/v2\/product_cat?post=45722"},{"taxonomy":"product_tag","embeddable":true,"href":"https:\/\/www.lift-mtb.com\/de\/wp-json\/wp\/v2\/product_tag?post=45722"}],"curies":[{"name":"wp","href":"https:\/\/api.w.org\/{rel}","templated":true}]}}