{"id":45747,"date":"2023-02-16T14:53:41","date_gmt":"2023-02-16T13:53:41","guid":{"rendered":"https:\/?post_type=product&#038;p=45747"},"modified":"2023-03-03T21:25:16","modified_gmt":"2023-03-03T20:25:16","slug":"werkzeug-demontieren-gepresstes-bsa-gehause","status":"publish","type":"product","link":"https:\/\/www.lift-mtb.com\/de\/produit\/werkzeug-demontieren-gepresstes-bsa-gehause\/","title":{"rendered":"Werkzeug f\u00fcr die Demontage des BSA-Geh\u00e4uses"},"content":{"rendered":"<p>Werkzeug zur Demontage des BSA-Geh\u00e4uses f\u00fcr die Installation eines elektrischen Fahrradkits.<\/p>\n<h3>Spezifikation des Werkzeugs zum Entfernen von <a href=\"https:\/produit\/boitier-de-pedalier-bsa-filete-pour-axe-de-30mm\/\">BSA-Falzgeh\u00e4usen<\/a><\/h3>\n<ul>\n<li>Kompatibel mit der Quadrat- oder Isis-Achse.<\/li>\n<li>zur Demontage von <a href=\"http:\/\/Outil%20d%C3%A9monte%20boitier%20serti%20BSA\">BSA-Tretlagergeh\u00e4usen<\/a>.<\/li>\n<li>F\u00fcr die Sch\u00fcssel <strong>auf der linken Seite<\/strong> l\u00f6st man gegen den Uhrzeigersinn, und<strong> <\/strong>f\u00fcr die Sch\u00fcssel auf <strong>der rechten Seite<\/strong> l\u00f6st man im Uhrzeigersinn.<\/li>\n<li>F\u00fcr <sup>Shimano\u00ae <\/sup>ISIS <sup>Drive\u00ae<\/sup> Innenlager in BB mount<\/li>\n<li>  20 Z\u00e4hne<\/li>\n<li>Kann mit einem Drehmomentschl\u00fcssel, einer Ratsche, einem Schraubenschl\u00fcssel oder einer gro\u00dfen Flachzange verwendet werden.<\/li>\n<li>Cr-Mo-Stahl CNC7<\/li>\n<li>Erm\u00f6glicht die Demontage von Kartuschengeh\u00e4usen, um den<strong> Elektromotorensatz f\u00fcr Fahrr\u00e4der<\/strong> einzusetzen.<\/li>\n<\/ul>\n","protected":false},"excerpt":{"rendered":"<h2>Den elektrischen Fahrradmotor selbst einbauen?<\/h2>\n<p>Wenn Sie sich fragen, wie man ein Kartuschen-Tretlager ausbaut, das man h\u00e4ufig bei Shimano Octalink, Truvativ, bestimmten Race Face oder Vierkantachsen aller Marken findet, um <strong>einen Elektromotor an einem Fahrrad zu montieren <\/strong>, ist dieses Werkzeug f\u00fcr Sie geeignet!<\/p>\n<p>&nbsp;<\/p>\n<ul>\n<li>Werkzeug zum Zerlegen von <strong>gecrimpten<\/strong> <strong>Innenlagern des Typs BSA.<\/strong><\/li>\n<li>Kompatibel mit der Quadrat- oder Isis-Achse.<\/li>\n<li>F\u00fcr die Sch\u00fcssel <strong>auf der linken Seite<\/strong> l\u00f6st man gegen den Uhrzeigersinn, und<strong> <\/strong>f\u00fcr die Sch\u00fcssel auf <strong>der rechten Seite<\/strong> l\u00f6st man im Uhrzeigersinn.<\/li>\n<\/ul>\n","protected":false},"featured_media":46052,"comment_status":"open","ping_status":"closed","template":"","meta":[],"product_brand":[],"product_cat":[1060],"product_tag":[],"class_list":{"0":"post-45747","1":"product","2":"type-product","3":"status-publish","4":"has-post-thumbnail","6":"product_cat-werkzeug","8":"first","9":"instock","10":"taxable","11":"shipping-taxable","12":"purchasable","13":"product-type-simple"},"yoast_head":"<!-- This site is optimized with the Yoast SEO plugin v26.9 - https:\/\/yoast.com\/product\/yoast-seo-wordpress\/ -->\n<title>Werkzeug f\u00fcr die Demontage des BSA-Geh\u00e4uses LIFT-MTB<\/title>\n<meta name=\"description\" content=\"BSA Demontagewerkzeug ist ein Werkzeug zur Demontage von BSA-Tretlagergeh\u00e4usen. Kompatibel mit der Quadrat- oder Isis-Achse.\" \/>\n<meta name=\"robots\" content=\"index, follow, max-snippet:-1, max-image-preview:large, max-video-preview:-1\" \/>\n<link rel=\"canonical\" href=\"https:\/\/www.lift-mtb.com\/de\/produit\/werkzeug-demontieren-gepresstes-bsa-gehause\/\" \/>\n<meta property=\"og:locale\" content=\"de_DE\" \/>\n<meta property=\"og:type\" content=\"article\" \/>\n<meta property=\"og:title\" content=\"Werkzeug f\u00fcr die Demontage des BSA-Geh\u00e4uses LIFT-MTB\" \/>\n<meta property=\"og:description\" content=\"BSA Demontagewerkzeug ist ein Werkzeug zur Demontage von BSA-Tretlagergeh\u00e4usen. Kompatibel mit der Quadrat- oder Isis-Achse.\" \/>\n<meta property=\"og:url\" content=\"https:\/\/www.lift-mtb.com\/de\/produit\/werkzeug-demontieren-gepresstes-bsa-gehause\/\" \/>\n<meta property=\"og:site_name\" content=\"LIFT-MTB\" \/>\n<meta property=\"article:modified_time\" content=\"2023-03-03T20:25:16+00:00\" \/>\n<meta property=\"og:image\" content=\"https:\/\/www.lift-mtb.com\/wp-content\/uploads\/2023\/02\/demonte-boitier-isis-2048-x-1367-px-1.png\" \/>\n\t<meta property=\"og:image:width\" content=\"2048\" \/>\n\t<meta property=\"og:image:height\" content=\"1367\" \/>\n\t<meta property=\"og:image:type\" content=\"image\/png\" \/>\n<meta name=\"twitter:card\" content=\"summary_large_image\" \/>\n<meta name=\"twitter:label1\" content=\"Gesch\u00e4tzte Lesezeit\" \/>\n\t<meta name=\"twitter:data1\" content=\"1\u00a0Minute\" \/>\n<script type=\"application\/ld+json\" class=\"yoast-schema-graph\">{\"@context\":\"https:\/\/schema.org\",\"@graph\":[{\"@type\":\"WebPage\",\"@id\":\"https:\/\/www.lift-mtb.com\/de\/produit\/werkzeug-demontieren-gepresstes-bsa-gehause\/\",\"url\":\"https:\/\/www.lift-mtb.com\/de\/produit\/werkzeug-demontieren-gepresstes-bsa-gehause\/\",\"name\":\"Werkzeug f\u00fcr die Demontage des BSA-Geh\u00e4uses LIFT-MTB\",\"isPartOf\":{\"@id\":\"https:\/\/www.lift-mtb.com\/de\/#website\"},\"primaryImageOfPage\":{\"@id\":\"https:\/\/www.lift-mtb.com\/de\/produit\/werkzeug-demontieren-gepresstes-bsa-gehause\/#primaryimage\"},\"image\":{\"@id\":\"https:\/\/www.lift-mtb.com\/de\/produit\/werkzeug-demontieren-gepresstes-bsa-gehause\/#primaryimage\"},\"thumbnailUrl\":\"https:\/\/www.lift-mtb.com\/wp-content\/uploads\/2023\/02\/demonte-boitier-isis-2048-x-1367-px-1.png\",\"datePublished\":\"2023-02-16T13:53:41+00:00\",\"dateModified\":\"2023-03-03T20:25:16+00:00\",\"description\":\"BSA Demontagewerkzeug ist ein Werkzeug zur Demontage von BSA-Tretlagergeh\u00e4usen. Kompatibel mit der Quadrat- oder Isis-Achse.\",\"breadcrumb\":{\"@id\":\"https:\/\/www.lift-mtb.com\/de\/produit\/werkzeug-demontieren-gepresstes-bsa-gehause\/#breadcrumb\"},\"inLanguage\":\"de\",\"potentialAction\":[{\"@type\":\"ReadAction\",\"target\":[\"https:\/\/www.lift-mtb.com\/de\/produit\/werkzeug-demontieren-gepresstes-bsa-gehause\/\"]}]},{\"@type\":\"ImageObject\",\"inLanguage\":\"de\",\"@id\":\"https:\/\/www.lift-mtb.com\/de\/produit\/werkzeug-demontieren-gepresstes-bsa-gehause\/#primaryimage\",\"url\":\"https:\/\/www.lift-mtb.com\/wp-content\/uploads\/2023\/02\/demonte-boitier-isis-2048-x-1367-px-1.png\",\"contentUrl\":\"https:\/\/www.lift-mtb.com\/wp-content\/uploads\/2023\/02\/demonte-boitier-isis-2048-x-1367-px-1.png\",\"width\":2048,\"height\":1367,\"caption\":\"outil demonte boitier isis carr\u00e9 bsa\"},{\"@type\":\"BreadcrumbList\",\"@id\":\"https:\/\/www.lift-mtb.com\/de\/produit\/werkzeug-demontieren-gepresstes-bsa-gehause\/#breadcrumb\",\"itemListElement\":[{\"@type\":\"ListItem\",\"position\":1,\"name\":\"Accueil\",\"item\":\"https:\/\/www.lift-mtb.com\/de\/\"},{\"@type\":\"ListItem\",\"position\":2,\"name\":\"Shop\",\"item\":\"https:\/\/www.lift-mtb.com\/de\/shop\/\"},{\"@type\":\"ListItem\",\"position\":3,\"name\":\"Werkzeug\",\"item\":\"https:\/\/www.lift-mtb.com\/de\/produkt-kategorie\/werkzeug\/\"},{\"@type\":\"ListItem\",\"position\":4,\"name\":\"Werkzeug f\u00fcr die Demontage des BSA-Geh\u00e4uses\"}]},{\"@type\":\"WebSite\",\"@id\":\"https:\/\/www.lift-mtb.com\/de\/#website\",\"url\":\"https:\/\/www.lift-mtb.com\/de\/\",\"name\":\"LIFT-MTB\",\"description\":\"Transformer son v\u00e9lo en \u00e9lectrique rapidement !\",\"publisher\":{\"@id\":\"https:\/\/www.lift-mtb.com\/de\/#organization\"},\"potentialAction\":[{\"@type\":\"SearchAction\",\"target\":{\"@type\":\"EntryPoint\",\"urlTemplate\":\"https:\/\/www.lift-mtb.com\/de\/?s={search_term_string}\"},\"query-input\":{\"@type\":\"PropertyValueSpecification\",\"valueRequired\":true,\"valueName\":\"search_term_string\"}}],\"inLanguage\":\"de\"},{\"@type\":\"Organization\",\"@id\":\"https:\/\/www.lift-mtb.com\/de\/#organization\",\"name\":\"LIFT-MTB\",\"url\":\"https:\/\/www.lift-mtb.com\/de\/\",\"logo\":{\"@type\":\"ImageObject\",\"inLanguage\":\"de\",\"@id\":\"https:\/\/www.lift-mtb.com\/de\/#\/schema\/logo\/image\/\",\"url\":\"https:\/\/www.lift-mtb.com\/wp-content\/uploads\/2022\/01\/electric-kit-for-bike-1.jpg\",\"contentUrl\":\"https:\/\/www.lift-mtb.com\/wp-content\/uploads\/2022\/01\/electric-kit-for-bike-1.jpg\",\"width\":1223,\"height\":560,\"caption\":\"LIFT-MTB\"},\"image\":{\"@id\":\"https:\/\/www.lift-mtb.com\/de\/#\/schema\/logo\/image\/\"}}]}<\/script>\n<!-- \/ Yoast SEO plugin. -->","yoast_head_json":{"title":"Werkzeug f\u00fcr die Demontage des BSA-Geh\u00e4uses LIFT-MTB","description":"BSA Demontagewerkzeug ist ein Werkzeug zur Demontage von BSA-Tretlagergeh\u00e4usen. Kompatibel mit der Quadrat- oder Isis-Achse.","robots":{"index":"index","follow":"follow","max-snippet":"max-snippet:-1","max-image-preview":"max-image-preview:large","max-video-preview":"max-video-preview:-1"},"canonical":"https:\/\/www.lift-mtb.com\/de\/produit\/werkzeug-demontieren-gepresstes-bsa-gehause\/","og_locale":"de_DE","og_type":"article","og_title":"Werkzeug f\u00fcr die Demontage des BSA-Geh\u00e4uses LIFT-MTB","og_description":"BSA Demontagewerkzeug ist ein Werkzeug zur Demontage von BSA-Tretlagergeh\u00e4usen. Kompatibel mit der Quadrat- oder Isis-Achse.","og_url":"https:\/\/www.lift-mtb.com\/de\/produit\/werkzeug-demontieren-gepresstes-bsa-gehause\/","og_site_name":"LIFT-MTB","article_modified_time":"2023-03-03T20:25:16+00:00","og_image":[{"width":2048,"height":1367,"url":"https:\/\/www.lift-mtb.com\/wp-content\/uploads\/2023\/02\/demonte-boitier-isis-2048-x-1367-px-1.png","type":"image\/png"}],"twitter_card":"summary_large_image","twitter_misc":{"Gesch\u00e4tzte Lesezeit":"1\u00a0Minute"},"schema":{"@context":"https:\/\/schema.org","@graph":[{"@type":"WebPage","@id":"https:\/\/www.lift-mtb.com\/de\/produit\/werkzeug-demontieren-gepresstes-bsa-gehause\/","url":"https:\/\/www.lift-mtb.com\/de\/produit\/werkzeug-demontieren-gepresstes-bsa-gehause\/","name":"Werkzeug f\u00fcr die Demontage des BSA-Geh\u00e4uses LIFT-MTB","isPartOf":{"@id":"https:\/\/www.lift-mtb.com\/de\/#website"},"primaryImageOfPage":{"@id":"https:\/\/www.lift-mtb.com\/de\/produit\/werkzeug-demontieren-gepresstes-bsa-gehause\/#primaryimage"},"image":{"@id":"https:\/\/www.lift-mtb.com\/de\/produit\/werkzeug-demontieren-gepresstes-bsa-gehause\/#primaryimage"},"thumbnailUrl":"https:\/\/www.lift-mtb.com\/wp-content\/uploads\/2023\/02\/demonte-boitier-isis-2048-x-1367-px-1.png","datePublished":"2023-02-16T13:53:41+00:00","dateModified":"2023-03-03T20:25:16+00:00","description":"BSA Demontagewerkzeug ist ein Werkzeug zur Demontage von BSA-Tretlagergeh\u00e4usen. Kompatibel mit der Quadrat- oder Isis-Achse.","breadcrumb":{"@id":"https:\/\/www.lift-mtb.com\/de\/produit\/werkzeug-demontieren-gepresstes-bsa-gehause\/#breadcrumb"},"inLanguage":"de","potentialAction":[{"@type":"ReadAction","target":["https:\/\/www.lift-mtb.com\/de\/produit\/werkzeug-demontieren-gepresstes-bsa-gehause\/"]}]},{"@type":"ImageObject","inLanguage":"de","@id":"https:\/\/www.lift-mtb.com\/de\/produit\/werkzeug-demontieren-gepresstes-bsa-gehause\/#primaryimage","url":"https:\/\/www.lift-mtb.com\/wp-content\/uploads\/2023\/02\/demonte-boitier-isis-2048-x-1367-px-1.png","contentUrl":"https:\/\/www.lift-mtb.com\/wp-content\/uploads\/2023\/02\/demonte-boitier-isis-2048-x-1367-px-1.png","width":2048,"height":1367,"caption":"outil demonte boitier isis carr\u00e9 bsa"},{"@type":"BreadcrumbList","@id":"https:\/\/www.lift-mtb.com\/de\/produit\/werkzeug-demontieren-gepresstes-bsa-gehause\/#breadcrumb","itemListElement":[{"@type":"ListItem","position":1,"name":"Accueil","item":"https:\/\/www.lift-mtb.com\/de\/"},{"@type":"ListItem","position":2,"name":"Shop","item":"https:\/\/www.lift-mtb.com\/de\/shop\/"},{"@type":"ListItem","position":3,"name":"Werkzeug","item":"https:\/\/www.lift-mtb.com\/de\/produkt-kategorie\/werkzeug\/"},{"@type":"ListItem","position":4,"name":"Werkzeug f\u00fcr die Demontage des BSA-Geh\u00e4uses"}]},{"@type":"WebSite","@id":"https:\/\/www.lift-mtb.com\/de\/#website","url":"https:\/\/www.lift-mtb.com\/de\/","name":"LIFT-MTB","description":"Transformer son v\u00e9lo en \u00e9lectrique rapidement !","publisher":{"@id":"https:\/\/www.lift-mtb.com\/de\/#organization"},"potentialAction":[{"@type":"SearchAction","target":{"@type":"EntryPoint","urlTemplate":"https:\/\/www.lift-mtb.com\/de\/?s={search_term_string}"},"query-input":{"@type":"PropertyValueSpecification","valueRequired":true,"valueName":"search_term_string"}}],"inLanguage":"de"},{"@type":"Organization","@id":"https:\/\/www.lift-mtb.com\/de\/#organization","name":"LIFT-MTB","url":"https:\/\/www.lift-mtb.com\/de\/","logo":{"@type":"ImageObject","inLanguage":"de","@id":"https:\/\/www.lift-mtb.com\/de\/#\/schema\/logo\/image\/","url":"https:\/\/www.lift-mtb.com\/wp-content\/uploads\/2022\/01\/electric-kit-for-bike-1.jpg","contentUrl":"https:\/\/www.lift-mtb.com\/wp-content\/uploads\/2022\/01\/electric-kit-for-bike-1.jpg","width":1223,"height":560,"caption":"LIFT-MTB"},"image":{"@id":"https:\/\/www.lift-mtb.com\/de\/#\/schema\/logo\/image\/"}}]}},"_links":{"self":[{"href":"https:\/\/www.lift-mtb.com\/de\/wp-json\/wp\/v2\/product\/45747","targetHints":{"allow":["GET"]}}],"collection":[{"href":"https:\/\/www.lift-mtb.com\/de\/wp-json\/wp\/v2\/product"}],"about":[{"href":"https:\/\/www.lift-mtb.com\/de\/wp-json\/wp\/v2\/types\/product"}],"replies":[{"embeddable":true,"href":"https:\/\/www.lift-mtb.com\/de\/wp-json\/wp\/v2\/comments?post=45747"}],"wp:featuredmedia":[{"embeddable":true,"href":"https:\/\/www.lift-mtb.com\/de\/wp-json\/wp\/v2\/media\/46052"}],"wp:attachment":[{"href":"https:\/\/www.lift-mtb.com\/de\/wp-json\/wp\/v2\/media?parent=45747"}],"wp:term":[{"taxonomy":"product_brand","embeddable":true,"href":"https:\/\/www.lift-mtb.com\/de\/wp-json\/wp\/v2\/product_brand?post=45747"},{"taxonomy":"product_cat","embeddable":true,"href":"https:\/\/www.lift-mtb.com\/de\/wp-json\/wp\/v2\/product_cat?post=45747"},{"taxonomy":"product_tag","embeddable":true,"href":"https:\/\/www.lift-mtb.com\/de\/wp-json\/wp\/v2\/product_tag?post=45747"}],"curies":[{"name":"wp","href":"https:\/\/api.w.org\/{rel}","templated":true}]}}