{"id":45851,"date":"2023-02-16T15:20:40","date_gmt":"2023-02-16T14:20:40","guid":{"rendered":"https:\/?post_type=product&#038;p=45851"},"modified":"2023-03-03T21:12:44","modified_gmt":"2023-03-03T20:12:44","slug":"schlussel-externes-pedalgehause-bsa","status":"publish","type":"product","link":"https:\/\/www.lift-mtb.com\/de\/produit\/schlussel-externes-pedalgehause-bsa\/","title":{"rendered":"EXTERNER Tretlagerschl\u00fcssel Typ BSA."},"content":{"rendered":"<p>Tretlagerschl\u00fcssel EXTERN<\/p>\n<h4>Sie fragen sich: Wie zerlegt man ein externes BSA-Tretlager?<\/h4>\n<ul>\n<li>Hier ist also der Schl\u00fcssel f\u00fcr das Tretlager vom Typ EXTERNAL, mit dem Sie externe Tretlager vom Typ <a href=\"https:\/comment-reconnaitre-demonter-son-boitier-de-pedalier\/\"><strong>BSA<\/strong><\/a> f\u00fcr Tretmotoren f\u00fcr <a href=\"https:\/\/www.youtube.com\/watch?v=CyN7fAq-Qq4\"><strong>Fahrr\u00e4der<\/strong><\/a> montieren \/ demontieren k\u00f6nnen.<\/li>\n<li>F\u00fcr die linke Seite der Sch\u00fcssel wird gegen den Uhrzeigersinn gel\u00f6st. Und <strong>f\u00fcr die Sch\u00fcssel auf der rechten Seite<\/strong> l\u00f6st man im Uhrzeigersinn.<\/li>\n<li><span class=\"a-list-item\">Hergestellt aus Stahl mit hohem Kohlenstoffgehalt, wird er auch w\u00e4rmebehandelt, um die Lebensdauer zu erh\u00f6hen. Also ein Produkt zu haben, das ebenso langlebig wie robust ist.<\/span><\/li>\n<li><span class=\"a-list-item\"> Das kleine Werkzeug am anderen Ende dient dazu, die Kurbelmutter leicht zu entfernen oder zu montieren. <\/span><\/li>\n<li><span class=\"a-list-item\">Dimension ist ca. 22 cm lang und 3,5 mm dick, leicht und kompakt. Sie ist auch sehr leicht zu transportieren. <\/span><\/li>\n<li><span class=\"a-list-item\"> Der Pedalschl\u00fcssel f\u00fcr Fahrr\u00e4der hat zwei Seiten. Eine Seite hat ultrapr\u00e4zise geformte Metallz\u00e4hne, die f\u00fcr Tretlager verwendet werden. Auf der anderen Seite dient das Werkzeug dazu, die Torks-Schraube der SHIMANO-Kurbel zu demontieren.<\/span><\/li>\n<li><span class=\"a-list-item\"> Zusammenfassend l\u00e4sst sich sagen, dass dieser Shimano-Schl\u00fcssel dazu gedacht ist, die Kurbelmutter und das Tretlagergeh\u00e4use zu entfernen und zu montieren. Sie ist f\u00fcr die meisten externen Lager Shimano Hollowtech 2, race face , Rotor, und SRAM geeignet. <\/span><span class=\"a-list-item\">Dies ist eine ideale Wahl, wenn Sie bei der Wartung Ihres <strong>motorisierten Elektrofahrrads<\/strong> unabh\u00e4ngig sein wollen. <\/span><\/li>\n<\/ul>\n","protected":false},"excerpt":{"rendered":"<h5>Schl\u00fcssel des Typs SHIMANO f\u00fcr das anvisierte Geh\u00e4use des Typs BSA.<\/h5>\n<ul>\n<li>Ein Werkzeug des Typs Shimano, mit dem sich <strong>externe BSA-<\/strong><strong>Tretlager<\/strong> montieren und demontieren lassen.<\/li>\n<li>kompatibel mit externen Tretlagergeh\u00e4usen der Marken Race Face, Rotor, SRAM&#8230;<\/li>\n<li>Bei der Sch\u00fcssel auf der linken Seite l\u00f6st man gegen den Uhrzeigersinn und <strong>bei der Sch\u00fcssel auf der rechten Seite<\/strong> im Uhrzeigersinn.<\/li>\n<\/ul>\n<p>&nbsp;<\/p>\n","protected":false},"featured_media":46078,"comment_status":"open","ping_status":"closed","template":"","meta":[],"product_brand":[],"product_cat":[1060],"product_tag":[],"class_list":{"0":"post-45851","1":"product","2":"type-product","3":"status-publish","4":"has-post-thumbnail","6":"product_cat-werkzeug","8":"first","9":"instock","10":"taxable","11":"shipping-taxable","12":"purchasable","13":"product-type-simple"},"yoast_head":"<!-- This site is optimized with the Yoast SEO plugin v26.9 - https:\/\/yoast.com\/product\/yoast-seo-wordpress\/ -->\n<title>EXTERNER Tretlagerschl\u00fcssel Typ BSA. LIFT-MTB<\/title>\n<meta name=\"description\" content=\"Der EXTERNE BSA-Tretlagerschl\u00fcssel ist ein Werkzeug des Typs Shimano, mit dem Sie BSA-Tretlager montieren und demontieren k\u00f6nnen.\" \/>\n<meta name=\"robots\" content=\"index, follow, max-snippet:-1, max-image-preview:large, max-video-preview:-1\" \/>\n<link rel=\"canonical\" href=\"https:\/\/www.lift-mtb.com\/de\/produit\/schlussel-externes-pedalgehause-bsa\/\" \/>\n<meta property=\"og:locale\" content=\"de_DE\" \/>\n<meta property=\"og:type\" content=\"article\" \/>\n<meta property=\"og:title\" content=\"EXTERNER Tretlagerschl\u00fcssel Typ BSA. LIFT-MTB\" \/>\n<meta property=\"og:description\" content=\"Der EXTERNE BSA-Tretlagerschl\u00fcssel ist ein Werkzeug des Typs Shimano, mit dem Sie BSA-Tretlager montieren und demontieren k\u00f6nnen.\" \/>\n<meta property=\"og:url\" content=\"https:\/\/www.lift-mtb.com\/de\/produit\/schlussel-externes-pedalgehause-bsa\/\" \/>\n<meta property=\"og:site_name\" content=\"LIFT-MTB\" \/>\n<meta property=\"article:modified_time\" content=\"2023-03-03T20:12:44+00:00\" \/>\n<meta property=\"og:image\" content=\"https:\/\/www.lift-mtb.com\/wp-content\/uploads\/2023\/02\/outil-demonte-boitier-shimano-externe-2048-x-1367-px.png\" \/>\n\t<meta property=\"og:image:width\" content=\"2048\" \/>\n\t<meta property=\"og:image:height\" content=\"1367\" \/>\n\t<meta property=\"og:image:type\" content=\"image\/png\" \/>\n<meta name=\"twitter:card\" content=\"summary_large_image\" \/>\n<meta name=\"twitter:label1\" content=\"Gesch\u00e4tzte Lesezeit\" \/>\n\t<meta name=\"twitter:data1\" content=\"2\u00a0Minuten\" \/>\n<script type=\"application\/ld+json\" class=\"yoast-schema-graph\">{\"@context\":\"https:\/\/schema.org\",\"@graph\":[{\"@type\":\"WebPage\",\"@id\":\"https:\/\/www.lift-mtb.com\/de\/produit\/schlussel-externes-pedalgehause-bsa\/\",\"url\":\"https:\/\/www.lift-mtb.com\/de\/produit\/schlussel-externes-pedalgehause-bsa\/\",\"name\":\"EXTERNER Tretlagerschl\u00fcssel Typ BSA. LIFT-MTB\",\"isPartOf\":{\"@id\":\"https:\/\/www.lift-mtb.com\/de\/#website\"},\"primaryImageOfPage\":{\"@id\":\"https:\/\/www.lift-mtb.com\/de\/produit\/schlussel-externes-pedalgehause-bsa\/#primaryimage\"},\"image\":{\"@id\":\"https:\/\/www.lift-mtb.com\/de\/produit\/schlussel-externes-pedalgehause-bsa\/#primaryimage\"},\"thumbnailUrl\":\"https:\/\/www.lift-mtb.com\/wp-content\/uploads\/2023\/02\/outil-demonte-boitier-shimano-externe-2048-x-1367-px.png\",\"datePublished\":\"2023-02-16T14:20:40+00:00\",\"dateModified\":\"2023-03-03T20:12:44+00:00\",\"description\":\"Der EXTERNE BSA-Tretlagerschl\u00fcssel ist ein Werkzeug des Typs Shimano, mit dem Sie BSA-Tretlager montieren und demontieren k\u00f6nnen.\",\"breadcrumb\":{\"@id\":\"https:\/\/www.lift-mtb.com\/de\/produit\/schlussel-externes-pedalgehause-bsa\/#breadcrumb\"},\"inLanguage\":\"de\",\"potentialAction\":[{\"@type\":\"ReadAction\",\"target\":[\"https:\/\/www.lift-mtb.com\/de\/produit\/schlussel-externes-pedalgehause-bsa\/\"]}]},{\"@type\":\"ImageObject\",\"inLanguage\":\"de\",\"@id\":\"https:\/\/www.lift-mtb.com\/de\/produit\/schlussel-externes-pedalgehause-bsa\/#primaryimage\",\"url\":\"https:\/\/www.lift-mtb.com\/wp-content\/uploads\/2023\/02\/outil-demonte-boitier-shimano-externe-2048-x-1367-px.png\",\"contentUrl\":\"https:\/\/www.lift-mtb.com\/wp-content\/uploads\/2023\/02\/outil-demonte-boitier-shimano-externe-2048-x-1367-px.png\",\"width\":2048,\"height\":1367,\"caption\":\"BSA\"},{\"@type\":\"BreadcrumbList\",\"@id\":\"https:\/\/www.lift-mtb.com\/de\/produit\/schlussel-externes-pedalgehause-bsa\/#breadcrumb\",\"itemListElement\":[{\"@type\":\"ListItem\",\"position\":1,\"name\":\"Accueil\",\"item\":\"https:\/\/www.lift-mtb.com\/de\/\"},{\"@type\":\"ListItem\",\"position\":2,\"name\":\"Shop\",\"item\":\"https:\/\/www.lift-mtb.com\/de\/shop\/\"},{\"@type\":\"ListItem\",\"position\":3,\"name\":\"Werkzeug\",\"item\":\"https:\/\/www.lift-mtb.com\/de\/produkt-kategorie\/werkzeug\/\"},{\"@type\":\"ListItem\",\"position\":4,\"name\":\"EXTERNER Tretlagerschl\u00fcssel Typ BSA.\"}]},{\"@type\":\"WebSite\",\"@id\":\"https:\/\/www.lift-mtb.com\/de\/#website\",\"url\":\"https:\/\/www.lift-mtb.com\/de\/\",\"name\":\"LIFT-MTB\",\"description\":\"Transformer son v\u00e9lo en \u00e9lectrique rapidement !\",\"publisher\":{\"@id\":\"https:\/\/www.lift-mtb.com\/de\/#organization\"},\"potentialAction\":[{\"@type\":\"SearchAction\",\"target\":{\"@type\":\"EntryPoint\",\"urlTemplate\":\"https:\/\/www.lift-mtb.com\/de\/?s={search_term_string}\"},\"query-input\":{\"@type\":\"PropertyValueSpecification\",\"valueRequired\":true,\"valueName\":\"search_term_string\"}}],\"inLanguage\":\"de\"},{\"@type\":\"Organization\",\"@id\":\"https:\/\/www.lift-mtb.com\/de\/#organization\",\"name\":\"LIFT-MTB\",\"url\":\"https:\/\/www.lift-mtb.com\/de\/\",\"logo\":{\"@type\":\"ImageObject\",\"inLanguage\":\"de\",\"@id\":\"https:\/\/www.lift-mtb.com\/de\/#\/schema\/logo\/image\/\",\"url\":\"https:\/\/www.lift-mtb.com\/wp-content\/uploads\/2022\/01\/electric-kit-for-bike-1.jpg\",\"contentUrl\":\"https:\/\/www.lift-mtb.com\/wp-content\/uploads\/2022\/01\/electric-kit-for-bike-1.jpg\",\"width\":1223,\"height\":560,\"caption\":\"LIFT-MTB\"},\"image\":{\"@id\":\"https:\/\/www.lift-mtb.com\/de\/#\/schema\/logo\/image\/\"}}]}<\/script>\n<!-- \/ Yoast SEO plugin. -->","yoast_head_json":{"title":"EXTERNER Tretlagerschl\u00fcssel Typ BSA. LIFT-MTB","description":"Der EXTERNE BSA-Tretlagerschl\u00fcssel ist ein Werkzeug des Typs Shimano, mit dem Sie BSA-Tretlager montieren und demontieren k\u00f6nnen.","robots":{"index":"index","follow":"follow","max-snippet":"max-snippet:-1","max-image-preview":"max-image-preview:large","max-video-preview":"max-video-preview:-1"},"canonical":"https:\/\/www.lift-mtb.com\/de\/produit\/schlussel-externes-pedalgehause-bsa\/","og_locale":"de_DE","og_type":"article","og_title":"EXTERNER Tretlagerschl\u00fcssel Typ BSA. LIFT-MTB","og_description":"Der EXTERNE BSA-Tretlagerschl\u00fcssel ist ein Werkzeug des Typs Shimano, mit dem Sie BSA-Tretlager montieren und demontieren k\u00f6nnen.","og_url":"https:\/\/www.lift-mtb.com\/de\/produit\/schlussel-externes-pedalgehause-bsa\/","og_site_name":"LIFT-MTB","article_modified_time":"2023-03-03T20:12:44+00:00","og_image":[{"width":2048,"height":1367,"url":"https:\/\/www.lift-mtb.com\/wp-content\/uploads\/2023\/02\/outil-demonte-boitier-shimano-externe-2048-x-1367-px.png","type":"image\/png"}],"twitter_card":"summary_large_image","twitter_misc":{"Gesch\u00e4tzte Lesezeit":"2\u00a0Minuten"},"schema":{"@context":"https:\/\/schema.org","@graph":[{"@type":"WebPage","@id":"https:\/\/www.lift-mtb.com\/de\/produit\/schlussel-externes-pedalgehause-bsa\/","url":"https:\/\/www.lift-mtb.com\/de\/produit\/schlussel-externes-pedalgehause-bsa\/","name":"EXTERNER Tretlagerschl\u00fcssel Typ BSA. LIFT-MTB","isPartOf":{"@id":"https:\/\/www.lift-mtb.com\/de\/#website"},"primaryImageOfPage":{"@id":"https:\/\/www.lift-mtb.com\/de\/produit\/schlussel-externes-pedalgehause-bsa\/#primaryimage"},"image":{"@id":"https:\/\/www.lift-mtb.com\/de\/produit\/schlussel-externes-pedalgehause-bsa\/#primaryimage"},"thumbnailUrl":"https:\/\/www.lift-mtb.com\/wp-content\/uploads\/2023\/02\/outil-demonte-boitier-shimano-externe-2048-x-1367-px.png","datePublished":"2023-02-16T14:20:40+00:00","dateModified":"2023-03-03T20:12:44+00:00","description":"Der EXTERNE BSA-Tretlagerschl\u00fcssel ist ein Werkzeug des Typs Shimano, mit dem Sie BSA-Tretlager montieren und demontieren k\u00f6nnen.","breadcrumb":{"@id":"https:\/\/www.lift-mtb.com\/de\/produit\/schlussel-externes-pedalgehause-bsa\/#breadcrumb"},"inLanguage":"de","potentialAction":[{"@type":"ReadAction","target":["https:\/\/www.lift-mtb.com\/de\/produit\/schlussel-externes-pedalgehause-bsa\/"]}]},{"@type":"ImageObject","inLanguage":"de","@id":"https:\/\/www.lift-mtb.com\/de\/produit\/schlussel-externes-pedalgehause-bsa\/#primaryimage","url":"https:\/\/www.lift-mtb.com\/wp-content\/uploads\/2023\/02\/outil-demonte-boitier-shimano-externe-2048-x-1367-px.png","contentUrl":"https:\/\/www.lift-mtb.com\/wp-content\/uploads\/2023\/02\/outil-demonte-boitier-shimano-externe-2048-x-1367-px.png","width":2048,"height":1367,"caption":"BSA"},{"@type":"BreadcrumbList","@id":"https:\/\/www.lift-mtb.com\/de\/produit\/schlussel-externes-pedalgehause-bsa\/#breadcrumb","itemListElement":[{"@type":"ListItem","position":1,"name":"Accueil","item":"https:\/\/www.lift-mtb.com\/de\/"},{"@type":"ListItem","position":2,"name":"Shop","item":"https:\/\/www.lift-mtb.com\/de\/shop\/"},{"@type":"ListItem","position":3,"name":"Werkzeug","item":"https:\/\/www.lift-mtb.com\/de\/produkt-kategorie\/werkzeug\/"},{"@type":"ListItem","position":4,"name":"EXTERNER Tretlagerschl\u00fcssel Typ BSA."}]},{"@type":"WebSite","@id":"https:\/\/www.lift-mtb.com\/de\/#website","url":"https:\/\/www.lift-mtb.com\/de\/","name":"LIFT-MTB","description":"Transformer son v\u00e9lo en \u00e9lectrique rapidement !","publisher":{"@id":"https:\/\/www.lift-mtb.com\/de\/#organization"},"potentialAction":[{"@type":"SearchAction","target":{"@type":"EntryPoint","urlTemplate":"https:\/\/www.lift-mtb.com\/de\/?s={search_term_string}"},"query-input":{"@type":"PropertyValueSpecification","valueRequired":true,"valueName":"search_term_string"}}],"inLanguage":"de"},{"@type":"Organization","@id":"https:\/\/www.lift-mtb.com\/de\/#organization","name":"LIFT-MTB","url":"https:\/\/www.lift-mtb.com\/de\/","logo":{"@type":"ImageObject","inLanguage":"de","@id":"https:\/\/www.lift-mtb.com\/de\/#\/schema\/logo\/image\/","url":"https:\/\/www.lift-mtb.com\/wp-content\/uploads\/2022\/01\/electric-kit-for-bike-1.jpg","contentUrl":"https:\/\/www.lift-mtb.com\/wp-content\/uploads\/2022\/01\/electric-kit-for-bike-1.jpg","width":1223,"height":560,"caption":"LIFT-MTB"},"image":{"@id":"https:\/\/www.lift-mtb.com\/de\/#\/schema\/logo\/image\/"}}]}},"_links":{"self":[{"href":"https:\/\/www.lift-mtb.com\/de\/wp-json\/wp\/v2\/product\/45851","targetHints":{"allow":["GET"]}}],"collection":[{"href":"https:\/\/www.lift-mtb.com\/de\/wp-json\/wp\/v2\/product"}],"about":[{"href":"https:\/\/www.lift-mtb.com\/de\/wp-json\/wp\/v2\/types\/product"}],"replies":[{"embeddable":true,"href":"https:\/\/www.lift-mtb.com\/de\/wp-json\/wp\/v2\/comments?post=45851"}],"wp:featuredmedia":[{"embeddable":true,"href":"https:\/\/www.lift-mtb.com\/de\/wp-json\/wp\/v2\/media\/46078"}],"wp:attachment":[{"href":"https:\/\/www.lift-mtb.com\/de\/wp-json\/wp\/v2\/media?parent=45851"}],"wp:term":[{"taxonomy":"product_brand","embeddable":true,"href":"https:\/\/www.lift-mtb.com\/de\/wp-json\/wp\/v2\/product_brand?post=45851"},{"taxonomy":"product_cat","embeddable":true,"href":"https:\/\/www.lift-mtb.com\/de\/wp-json\/wp\/v2\/product_cat?post=45851"},{"taxonomy":"product_tag","embeddable":true,"href":"https:\/\/www.lift-mtb.com\/de\/wp-json\/wp\/v2\/product_tag?post=45851"}],"curies":[{"name":"wp","href":"https:\/\/api.w.org\/{rel}","templated":true}]}}