{"id":45878,"date":"2023-02-16T15:39:10","date_gmt":"2023-02-16T14:39:10","guid":{"rendered":"https:\/?post_type=product&#038;p=45878"},"modified":"2023-03-03T21:06:42","modified_gmt":"2023-03-03T20:06:42","slug":"schrauben-lift-mtb","status":"publish","type":"product","link":"https:\/\/www.lift-mtb.com\/de\/produit\/schrauben-lift-mtb\/","title":{"rendered":"LIFT-MTB-Schrauben"},"content":{"rendered":"<ul>\n<li>Set mit M4-, M5- oder M6-Schrauben.<\/li>\n<li>Schrauben aus behandeltem Stahl 10.9 oder Edelstahl A2 oder A4 f\u00fcr eine hohe Festigkeit und zur Vermeidung von Korrosion<\/li>\n<li>Erm\u00f6glicht das Ersetzen von Schrauben in Ihrem<a href=\"https:\/montage-moteur-pedalier-vtt\/\"> Kit<\/a>.<\/li>\n<li>Edelstahlschrauben f\u00fcr langlebigere Elemente unter extremen Bedingungen und eine gl\u00e4nzende Oberfl\u00e4che.<\/li>\n<li>BTR-Aussparung f\u00fcr die meisten Schrauben.<\/li>\n<li>Muttern aus Edelstahl oder Stahl je nach Verwendung<\/li>\n<\/ul>\n<p>&nbsp;<\/p>\n","protected":false},"excerpt":{"rendered":"<p>LIFT-MTB-Schrauben<\/p>\n<ul>\n<li>Komplettes Schraubenset wahlweise M4 , M5 oder M6.<\/li>\n<li>Schraube f\u00fcr den kompletten Austausch des LIFT MTB Tretlagermotors.<\/li>\n<li>Tretlagerschraube nicht enthalten<\/li>\n<\/ul>\n","protected":false},"featured_media":46120,"comment_status":"open","ping_status":"closed","template":"","meta":[],"product_brand":[],"product_cat":[840],"product_tag":[],"class_list":{"0":"post-45878","1":"product","2":"type-product","3":"status-publish","4":"has-post-thumbnail","6":"product_cat-motorenteile","8":"first","9":"instock","10":"taxable","11":"shipping-taxable","12":"purchasable","13":"product-type-variable"},"yoast_head":"<!-- This site is optimized with the Yoast SEO plugin v26.9 - https:\/\/yoast.com\/product\/yoast-seo-wordpress\/ -->\n<title>LIFT-MTB-Schrauben LIFT-MTB<\/title>\n<meta name=\"description\" content=\"LIFT-MTB-Schrauben sind ein Set mit M4-, M5- oder M6-Schrauben. Enth\u00e4lt alle Schrauben, die f\u00fcr den Austausch des Fahrradmotors ben\u00f6tigt werden.\" \/>\n<meta name=\"robots\" content=\"index, follow, max-snippet:-1, max-image-preview:large, max-video-preview:-1\" \/>\n<link rel=\"canonical\" href=\"https:\/\/www.lift-mtb.com\/de\/produit\/schrauben-lift-mtb\/\" \/>\n<meta property=\"og:locale\" content=\"de_DE\" \/>\n<meta property=\"og:type\" content=\"article\" \/>\n<meta property=\"og:title\" content=\"LIFT-MTB-Schrauben LIFT-MTB\" \/>\n<meta property=\"og:description\" content=\"LIFT-MTB-Schrauben sind ein Set mit M4-, M5- oder M6-Schrauben. Enth\u00e4lt alle Schrauben, die f\u00fcr den Austausch des Fahrradmotors ben\u00f6tigt werden.\" \/>\n<meta property=\"og:url\" content=\"https:\/\/www.lift-mtb.com\/de\/produit\/schrauben-lift-mtb\/\" \/>\n<meta property=\"og:site_name\" content=\"LIFT-MTB\" \/>\n<meta property=\"article:modified_time\" content=\"2023-03-03T20:06:42+00:00\" \/>\n<meta property=\"og:image\" content=\"https:\/\/www.lift-mtb.com\/wp-content\/uploads\/2023\/02\/vis-moteur-velo-2048-x-1367-px-1024x684.png\" \/>\n\t<meta property=\"og:image:width\" content=\"1024\" \/>\n\t<meta property=\"og:image:height\" content=\"684\" \/>\n\t<meta property=\"og:image:type\" content=\"image\/png\" \/>\n<meta name=\"twitter:card\" content=\"summary_large_image\" \/>\n<script type=\"application\/ld+json\" class=\"yoast-schema-graph\">{\"@context\":\"https:\/\/schema.org\",\"@graph\":[{\"@type\":\"WebPage\",\"@id\":\"https:\/\/www.lift-mtb.com\/de\/produit\/schrauben-lift-mtb\/\",\"url\":\"https:\/\/www.lift-mtb.com\/de\/produit\/schrauben-lift-mtb\/\",\"name\":\"LIFT-MTB-Schrauben LIFT-MTB\",\"isPartOf\":{\"@id\":\"https:\/\/www.lift-mtb.com\/de\/#website\"},\"primaryImageOfPage\":{\"@id\":\"https:\/\/www.lift-mtb.com\/de\/produit\/schrauben-lift-mtb\/#primaryimage\"},\"image\":{\"@id\":\"https:\/\/www.lift-mtb.com\/de\/produit\/schrauben-lift-mtb\/#primaryimage\"},\"thumbnailUrl\":\"https:\/\/www.lift-mtb.com\/wp-content\/uploads\/2023\/02\/vis-moteur-velo-2048-x-1367-px.png\",\"datePublished\":\"2023-02-16T14:39:10+00:00\",\"dateModified\":\"2023-03-03T20:06:42+00:00\",\"description\":\"LIFT-MTB-Schrauben sind ein Set mit M4-, M5- oder M6-Schrauben. Enth\u00e4lt alle Schrauben, die f\u00fcr den Austausch des Fahrradmotors ben\u00f6tigt werden.\",\"breadcrumb\":{\"@id\":\"https:\/\/www.lift-mtb.com\/de\/produit\/schrauben-lift-mtb\/#breadcrumb\"},\"inLanguage\":\"de\",\"potentialAction\":[{\"@type\":\"ReadAction\",\"target\":[\"https:\/\/www.lift-mtb.com\/de\/produit\/schrauben-lift-mtb\/\"]}]},{\"@type\":\"ImageObject\",\"inLanguage\":\"de\",\"@id\":\"https:\/\/www.lift-mtb.com\/de\/produit\/schrauben-lift-mtb\/#primaryimage\",\"url\":\"https:\/\/www.lift-mtb.com\/wp-content\/uploads\/2023\/02\/vis-moteur-velo-2048-x-1367-px.png\",\"contentUrl\":\"https:\/\/www.lift-mtb.com\/wp-content\/uploads\/2023\/02\/vis-moteur-velo-2048-x-1367-px.png\",\"width\":2048,\"height\":1367,\"caption\":\"vis moteur vtt electrique\"},{\"@type\":\"BreadcrumbList\",\"@id\":\"https:\/\/www.lift-mtb.com\/de\/produit\/schrauben-lift-mtb\/#breadcrumb\",\"itemListElement\":[{\"@type\":\"ListItem\",\"position\":1,\"name\":\"Accueil\",\"item\":\"https:\/\/www.lift-mtb.com\/de\/\"},{\"@type\":\"ListItem\",\"position\":2,\"name\":\"Shop\",\"item\":\"https:\/\/www.lift-mtb.com\/de\/shop\/\"},{\"@type\":\"ListItem\",\"position\":3,\"name\":\"Ersatzteile\",\"item\":\"https:\/\/www.lift-mtb.com\/de\/produkt-kategorie\/ersatzteile\/\"},{\"@type\":\"ListItem\",\"position\":4,\"name\":\"Motorenteile\",\"item\":\"https:\/\/www.lift-mtb.com\/de\/produkt-kategorie\/ersatzteile\/motorenteile\/\"},{\"@type\":\"ListItem\",\"position\":5,\"name\":\"LIFT-MTB-Schrauben\"}]},{\"@type\":\"WebSite\",\"@id\":\"https:\/\/www.lift-mtb.com\/de\/#website\",\"url\":\"https:\/\/www.lift-mtb.com\/de\/\",\"name\":\"LIFT-MTB\",\"description\":\"Transformer son v\u00e9lo en \u00e9lectrique rapidement !\",\"publisher\":{\"@id\":\"https:\/\/www.lift-mtb.com\/de\/#organization\"},\"potentialAction\":[{\"@type\":\"SearchAction\",\"target\":{\"@type\":\"EntryPoint\",\"urlTemplate\":\"https:\/\/www.lift-mtb.com\/de\/?s={search_term_string}\"},\"query-input\":{\"@type\":\"PropertyValueSpecification\",\"valueRequired\":true,\"valueName\":\"search_term_string\"}}],\"inLanguage\":\"de\"},{\"@type\":\"Organization\",\"@id\":\"https:\/\/www.lift-mtb.com\/de\/#organization\",\"name\":\"LIFT-MTB\",\"url\":\"https:\/\/www.lift-mtb.com\/de\/\",\"logo\":{\"@type\":\"ImageObject\",\"inLanguage\":\"de\",\"@id\":\"https:\/\/www.lift-mtb.com\/de\/#\/schema\/logo\/image\/\",\"url\":\"https:\/\/www.lift-mtb.com\/wp-content\/uploads\/2022\/01\/electric-kit-for-bike-1.jpg\",\"contentUrl\":\"https:\/\/www.lift-mtb.com\/wp-content\/uploads\/2022\/01\/electric-kit-for-bike-1.jpg\",\"width\":1223,\"height\":560,\"caption\":\"LIFT-MTB\"},\"image\":{\"@id\":\"https:\/\/www.lift-mtb.com\/de\/#\/schema\/logo\/image\/\"}}]}<\/script>\n<!-- \/ Yoast SEO plugin. -->","yoast_head_json":{"title":"LIFT-MTB-Schrauben LIFT-MTB","description":"LIFT-MTB-Schrauben sind ein Set mit M4-, M5- oder M6-Schrauben. Enth\u00e4lt alle Schrauben, die f\u00fcr den Austausch des Fahrradmotors ben\u00f6tigt werden.","robots":{"index":"index","follow":"follow","max-snippet":"max-snippet:-1","max-image-preview":"max-image-preview:large","max-video-preview":"max-video-preview:-1"},"canonical":"https:\/\/www.lift-mtb.com\/de\/produit\/schrauben-lift-mtb\/","og_locale":"de_DE","og_type":"article","og_title":"LIFT-MTB-Schrauben LIFT-MTB","og_description":"LIFT-MTB-Schrauben sind ein Set mit M4-, M5- oder M6-Schrauben. Enth\u00e4lt alle Schrauben, die f\u00fcr den Austausch des Fahrradmotors ben\u00f6tigt werden.","og_url":"https:\/\/www.lift-mtb.com\/de\/produit\/schrauben-lift-mtb\/","og_site_name":"LIFT-MTB","article_modified_time":"2023-03-03T20:06:42+00:00","og_image":[{"width":1024,"height":684,"url":"https:\/\/www.lift-mtb.com\/wp-content\/uploads\/2023\/02\/vis-moteur-velo-2048-x-1367-px-1024x684.png","type":"image\/png"}],"twitter_card":"summary_large_image","schema":{"@context":"https:\/\/schema.org","@graph":[{"@type":"WebPage","@id":"https:\/\/www.lift-mtb.com\/de\/produit\/schrauben-lift-mtb\/","url":"https:\/\/www.lift-mtb.com\/de\/produit\/schrauben-lift-mtb\/","name":"LIFT-MTB-Schrauben LIFT-MTB","isPartOf":{"@id":"https:\/\/www.lift-mtb.com\/de\/#website"},"primaryImageOfPage":{"@id":"https:\/\/www.lift-mtb.com\/de\/produit\/schrauben-lift-mtb\/#primaryimage"},"image":{"@id":"https:\/\/www.lift-mtb.com\/de\/produit\/schrauben-lift-mtb\/#primaryimage"},"thumbnailUrl":"https:\/\/www.lift-mtb.com\/wp-content\/uploads\/2023\/02\/vis-moteur-velo-2048-x-1367-px.png","datePublished":"2023-02-16T14:39:10+00:00","dateModified":"2023-03-03T20:06:42+00:00","description":"LIFT-MTB-Schrauben sind ein Set mit M4-, M5- oder M6-Schrauben. Enth\u00e4lt alle Schrauben, die f\u00fcr den Austausch des Fahrradmotors ben\u00f6tigt werden.","breadcrumb":{"@id":"https:\/\/www.lift-mtb.com\/de\/produit\/schrauben-lift-mtb\/#breadcrumb"},"inLanguage":"de","potentialAction":[{"@type":"ReadAction","target":["https:\/\/www.lift-mtb.com\/de\/produit\/schrauben-lift-mtb\/"]}]},{"@type":"ImageObject","inLanguage":"de","@id":"https:\/\/www.lift-mtb.com\/de\/produit\/schrauben-lift-mtb\/#primaryimage","url":"https:\/\/www.lift-mtb.com\/wp-content\/uploads\/2023\/02\/vis-moteur-velo-2048-x-1367-px.png","contentUrl":"https:\/\/www.lift-mtb.com\/wp-content\/uploads\/2023\/02\/vis-moteur-velo-2048-x-1367-px.png","width":2048,"height":1367,"caption":"vis moteur vtt electrique"},{"@type":"BreadcrumbList","@id":"https:\/\/www.lift-mtb.com\/de\/produit\/schrauben-lift-mtb\/#breadcrumb","itemListElement":[{"@type":"ListItem","position":1,"name":"Accueil","item":"https:\/\/www.lift-mtb.com\/de\/"},{"@type":"ListItem","position":2,"name":"Shop","item":"https:\/\/www.lift-mtb.com\/de\/shop\/"},{"@type":"ListItem","position":3,"name":"Ersatzteile","item":"https:\/\/www.lift-mtb.com\/de\/produkt-kategorie\/ersatzteile\/"},{"@type":"ListItem","position":4,"name":"Motorenteile","item":"https:\/\/www.lift-mtb.com\/de\/produkt-kategorie\/ersatzteile\/motorenteile\/"},{"@type":"ListItem","position":5,"name":"LIFT-MTB-Schrauben"}]},{"@type":"WebSite","@id":"https:\/\/www.lift-mtb.com\/de\/#website","url":"https:\/\/www.lift-mtb.com\/de\/","name":"LIFT-MTB","description":"Transformer son v\u00e9lo en \u00e9lectrique rapidement !","publisher":{"@id":"https:\/\/www.lift-mtb.com\/de\/#organization"},"potentialAction":[{"@type":"SearchAction","target":{"@type":"EntryPoint","urlTemplate":"https:\/\/www.lift-mtb.com\/de\/?s={search_term_string}"},"query-input":{"@type":"PropertyValueSpecification","valueRequired":true,"valueName":"search_term_string"}}],"inLanguage":"de"},{"@type":"Organization","@id":"https:\/\/www.lift-mtb.com\/de\/#organization","name":"LIFT-MTB","url":"https:\/\/www.lift-mtb.com\/de\/","logo":{"@type":"ImageObject","inLanguage":"de","@id":"https:\/\/www.lift-mtb.com\/de\/#\/schema\/logo\/image\/","url":"https:\/\/www.lift-mtb.com\/wp-content\/uploads\/2022\/01\/electric-kit-for-bike-1.jpg","contentUrl":"https:\/\/www.lift-mtb.com\/wp-content\/uploads\/2022\/01\/electric-kit-for-bike-1.jpg","width":1223,"height":560,"caption":"LIFT-MTB"},"image":{"@id":"https:\/\/www.lift-mtb.com\/de\/#\/schema\/logo\/image\/"}}]}},"_links":{"self":[{"href":"https:\/\/www.lift-mtb.com\/de\/wp-json\/wp\/v2\/product\/45878","targetHints":{"allow":["GET"]}}],"collection":[{"href":"https:\/\/www.lift-mtb.com\/de\/wp-json\/wp\/v2\/product"}],"about":[{"href":"https:\/\/www.lift-mtb.com\/de\/wp-json\/wp\/v2\/types\/product"}],"replies":[{"embeddable":true,"href":"https:\/\/www.lift-mtb.com\/de\/wp-json\/wp\/v2\/comments?post=45878"}],"wp:featuredmedia":[{"embeddable":true,"href":"https:\/\/www.lift-mtb.com\/de\/wp-json\/wp\/v2\/media\/46120"}],"wp:attachment":[{"href":"https:\/\/www.lift-mtb.com\/de\/wp-json\/wp\/v2\/media?parent=45878"}],"wp:term":[{"taxonomy":"product_brand","embeddable":true,"href":"https:\/\/www.lift-mtb.com\/de\/wp-json\/wp\/v2\/product_brand?post=45878"},{"taxonomy":"product_cat","embeddable":true,"href":"https:\/\/www.lift-mtb.com\/de\/wp-json\/wp\/v2\/product_cat?post=45878"},{"taxonomy":"product_tag","embeddable":true,"href":"https:\/\/www.lift-mtb.com\/de\/wp-json\/wp\/v2\/product_tag?post=45878"}],"curies":[{"name":"wp","href":"https:\/\/api.w.org\/{rel}","templated":true}]}}