{"id":45891,"date":"2023-02-16T15:52:59","date_gmt":"2023-02-16T14:52:59","guid":{"rendered":"https:\/?post_type=product&#038;p=45891"},"modified":"2023-03-03T21:05:39","modified_gmt":"2023-03-03T20:05:39","slug":"werkzeug-demonte-plateau","status":"publish","type":"product","link":"https:\/\/www.lift-mtb.com\/de\/produit\/werkzeug-demonte-plateau\/","title":{"rendered":"Werkzeug zur Demontage der Tischplatte"},"content":{"rendered":"<p>Werkzeug zur Demontage der Tischplatte<\/p>\n<div id=\"content-description\" class=\"tab-content\">\n<div class=\"product attribute overview\">\n<div class=\"value\">Dieses Werkzeug <b><a href=\"https:\/\/www.youtube.com\/watch?v=CHz988Y9cp4\">demontiert das Kettenblatt <\/a><\/b>Mit dem flachen Kaminsims lassen sich 9 mm und 10 mm Muttern und Bolzen von<a href=\"https:\/produit\/casette-velo-11-42-dents-8-9-et-10-vitesses\/\"> Kettenbl\u00e4ttern<\/a> leicht entfernen.<\/div>\n<\/div>\n<\/div>\n<p>Wird in Verbindung mit einem herk\u00f6mmlichen BTR-Schl\u00fcssel auf der Au\u00dfenseite (Innenseite der Schraube) verwendet. Z\u00f6gern Sie nicht, die Schraube zu erhitzen, wenn sie sich aufgrund der standardm\u00e4\u00dfig eingebauten blauen Schraubensicherung nur schwer l\u00f6sen l\u00e4sst.<\/p>\n<p>Montieren Sie die Kettenblattschrauben mit blauer Schraubensicherung, kontrollieren Sie regelm\u00e4\u00dfig, ob sie fest angezogen sind, vor allem bei Verwendung des LIFT MTB Tretlagermotor-Kits, das diese Kettenblattschrauben stark beansprucht.<\/p>\n<p>Der Schl\u00fcssel ist nur bei Kettenbl\u00e4ttern mit 32 und mehr Z\u00e4hnen n\u00fctzlich.<\/p>\n","protected":false},"excerpt":{"rendered":"<p>Mit diesem Werkzeug k\u00f6nnen Sie die Muttern von 9 <b>Kettenbl\u00e4ttern<\/b> leichter halten.<\/p>\n","protected":false},"featured_media":46110,"comment_status":"open","ping_status":"closed","template":"","meta":[],"product_brand":[],"product_cat":[1060],"product_tag":[],"class_list":{"0":"post-45891","1":"product","2":"type-product","3":"status-publish","4":"has-post-thumbnail","6":"product_cat-werkzeug","8":"first","9":"instock","10":"taxable","11":"shipping-taxable","12":"purchasable","13":"product-type-simple"},"yoast_head":"<!-- This site is optimized with the Yoast SEO plugin v26.9 - https:\/\/yoast.com\/product\/yoast-seo-wordpress\/ -->\n<title>Werkzeug zur Demontage der Tischplatte LIFT-MTB<\/title>\n<meta name=\"description\" content=\"Mit diesem Werkzeug lassen sich Kettenblattmuttern und -bolzen leicht entfernen.\" \/>\n<meta name=\"robots\" content=\"index, follow, max-snippet:-1, max-image-preview:large, max-video-preview:-1\" \/>\n<link rel=\"canonical\" href=\"https:\/\/www.lift-mtb.com\/de\/produit\/werkzeug-demonte-plateau\/\" \/>\n<meta property=\"og:locale\" content=\"de_DE\" \/>\n<meta property=\"og:type\" content=\"article\" \/>\n<meta property=\"og:title\" content=\"Werkzeug zur Demontage der Tischplatte LIFT-MTB\" \/>\n<meta property=\"og:description\" content=\"Mit diesem Werkzeug lassen sich Kettenblattmuttern und -bolzen leicht entfernen.\" \/>\n<meta property=\"og:url\" content=\"https:\/\/www.lift-mtb.com\/de\/produit\/werkzeug-demonte-plateau\/\" \/>\n<meta property=\"og:site_name\" content=\"LIFT-MTB\" \/>\n<meta property=\"article:modified_time\" content=\"2023-03-03T20:05:39+00:00\" \/>\n<meta property=\"og:image\" content=\"https:\/\/www.lift-mtb.com\/wp-content\/uploads\/2023\/02\/outils-demonte-cheminee-2048-x-1367-px.png\" \/>\n\t<meta property=\"og:image:width\" content=\"2048\" \/>\n\t<meta property=\"og:image:height\" content=\"1367\" \/>\n\t<meta property=\"og:image:type\" content=\"image\/png\" \/>\n<meta name=\"twitter:card\" content=\"summary_large_image\" \/>\n<meta name=\"twitter:label1\" content=\"Gesch\u00e4tzte Lesezeit\" \/>\n\t<meta name=\"twitter:data1\" content=\"1\u00a0Minute\" \/>\n<script type=\"application\/ld+json\" class=\"yoast-schema-graph\">{\"@context\":\"https:\/\/schema.org\",\"@graph\":[{\"@type\":\"WebPage\",\"@id\":\"https:\/\/www.lift-mtb.com\/de\/produit\/werkzeug-demonte-plateau\/\",\"url\":\"https:\/\/www.lift-mtb.com\/de\/produit\/werkzeug-demonte-plateau\/\",\"name\":\"Werkzeug zur Demontage der Tischplatte LIFT-MTB\",\"isPartOf\":{\"@id\":\"https:\/\/www.lift-mtb.com\/de\/#website\"},\"primaryImageOfPage\":{\"@id\":\"https:\/\/www.lift-mtb.com\/de\/produit\/werkzeug-demonte-plateau\/#primaryimage\"},\"image\":{\"@id\":\"https:\/\/www.lift-mtb.com\/de\/produit\/werkzeug-demonte-plateau\/#primaryimage\"},\"thumbnailUrl\":\"https:\/\/www.lift-mtb.com\/wp-content\/uploads\/2023\/02\/outils-demonte-cheminee-2048-x-1367-px.png\",\"datePublished\":\"2023-02-16T14:52:59+00:00\",\"dateModified\":\"2023-03-03T20:05:39+00:00\",\"description\":\"Mit diesem Werkzeug lassen sich Kettenblattmuttern und -bolzen leicht entfernen.\",\"breadcrumb\":{\"@id\":\"https:\/\/www.lift-mtb.com\/de\/produit\/werkzeug-demonte-plateau\/#breadcrumb\"},\"inLanguage\":\"de\",\"potentialAction\":[{\"@type\":\"ReadAction\",\"target\":[\"https:\/\/www.lift-mtb.com\/de\/produit\/werkzeug-demonte-plateau\/\"]}]},{\"@type\":\"ImageObject\",\"inLanguage\":\"de\",\"@id\":\"https:\/\/www.lift-mtb.com\/de\/produit\/werkzeug-demonte-plateau\/#primaryimage\",\"url\":\"https:\/\/www.lift-mtb.com\/wp-content\/uploads\/2023\/02\/outils-demonte-cheminee-2048-x-1367-px.png\",\"contentUrl\":\"https:\/\/www.lift-mtb.com\/wp-content\/uploads\/2023\/02\/outils-demonte-cheminee-2048-x-1367-px.png\",\"width\":2048,\"height\":1367,\"caption\":\"outils d\u00e9monte plateaux\"},{\"@type\":\"BreadcrumbList\",\"@id\":\"https:\/\/www.lift-mtb.com\/de\/produit\/werkzeug-demonte-plateau\/#breadcrumb\",\"itemListElement\":[{\"@type\":\"ListItem\",\"position\":1,\"name\":\"Accueil\",\"item\":\"https:\/\/www.lift-mtb.com\/de\/\"},{\"@type\":\"ListItem\",\"position\":2,\"name\":\"Shop\",\"item\":\"https:\/\/www.lift-mtb.com\/de\/shop\/\"},{\"@type\":\"ListItem\",\"position\":3,\"name\":\"Werkzeug\",\"item\":\"https:\/\/www.lift-mtb.com\/de\/produkt-kategorie\/werkzeug\/\"},{\"@type\":\"ListItem\",\"position\":4,\"name\":\"Werkzeug zur Demontage der Tischplatte\"}]},{\"@type\":\"WebSite\",\"@id\":\"https:\/\/www.lift-mtb.com\/de\/#website\",\"url\":\"https:\/\/www.lift-mtb.com\/de\/\",\"name\":\"LIFT-MTB\",\"description\":\"Transformer son v\u00e9lo en \u00e9lectrique rapidement !\",\"publisher\":{\"@id\":\"https:\/\/www.lift-mtb.com\/de\/#organization\"},\"potentialAction\":[{\"@type\":\"SearchAction\",\"target\":{\"@type\":\"EntryPoint\",\"urlTemplate\":\"https:\/\/www.lift-mtb.com\/de\/?s={search_term_string}\"},\"query-input\":{\"@type\":\"PropertyValueSpecification\",\"valueRequired\":true,\"valueName\":\"search_term_string\"}}],\"inLanguage\":\"de\"},{\"@type\":\"Organization\",\"@id\":\"https:\/\/www.lift-mtb.com\/de\/#organization\",\"name\":\"LIFT-MTB\",\"url\":\"https:\/\/www.lift-mtb.com\/de\/\",\"logo\":{\"@type\":\"ImageObject\",\"inLanguage\":\"de\",\"@id\":\"https:\/\/www.lift-mtb.com\/de\/#\/schema\/logo\/image\/\",\"url\":\"https:\/\/www.lift-mtb.com\/wp-content\/uploads\/2022\/01\/electric-kit-for-bike-1.jpg\",\"contentUrl\":\"https:\/\/www.lift-mtb.com\/wp-content\/uploads\/2022\/01\/electric-kit-for-bike-1.jpg\",\"width\":1223,\"height\":560,\"caption\":\"LIFT-MTB\"},\"image\":{\"@id\":\"https:\/\/www.lift-mtb.com\/de\/#\/schema\/logo\/image\/\"}}]}<\/script>\n<!-- \/ Yoast SEO plugin. -->","yoast_head_json":{"title":"Werkzeug zur Demontage der Tischplatte LIFT-MTB","description":"Mit diesem Werkzeug lassen sich Kettenblattmuttern und -bolzen leicht entfernen.","robots":{"index":"index","follow":"follow","max-snippet":"max-snippet:-1","max-image-preview":"max-image-preview:large","max-video-preview":"max-video-preview:-1"},"canonical":"https:\/\/www.lift-mtb.com\/de\/produit\/werkzeug-demonte-plateau\/","og_locale":"de_DE","og_type":"article","og_title":"Werkzeug zur Demontage der Tischplatte LIFT-MTB","og_description":"Mit diesem Werkzeug lassen sich Kettenblattmuttern und -bolzen leicht entfernen.","og_url":"https:\/\/www.lift-mtb.com\/de\/produit\/werkzeug-demonte-plateau\/","og_site_name":"LIFT-MTB","article_modified_time":"2023-03-03T20:05:39+00:00","og_image":[{"width":2048,"height":1367,"url":"https:\/\/www.lift-mtb.com\/wp-content\/uploads\/2023\/02\/outils-demonte-cheminee-2048-x-1367-px.png","type":"image\/png"}],"twitter_card":"summary_large_image","twitter_misc":{"Gesch\u00e4tzte Lesezeit":"1\u00a0Minute"},"schema":{"@context":"https:\/\/schema.org","@graph":[{"@type":"WebPage","@id":"https:\/\/www.lift-mtb.com\/de\/produit\/werkzeug-demonte-plateau\/","url":"https:\/\/www.lift-mtb.com\/de\/produit\/werkzeug-demonte-plateau\/","name":"Werkzeug zur Demontage der Tischplatte LIFT-MTB","isPartOf":{"@id":"https:\/\/www.lift-mtb.com\/de\/#website"},"primaryImageOfPage":{"@id":"https:\/\/www.lift-mtb.com\/de\/produit\/werkzeug-demonte-plateau\/#primaryimage"},"image":{"@id":"https:\/\/www.lift-mtb.com\/de\/produit\/werkzeug-demonte-plateau\/#primaryimage"},"thumbnailUrl":"https:\/\/www.lift-mtb.com\/wp-content\/uploads\/2023\/02\/outils-demonte-cheminee-2048-x-1367-px.png","datePublished":"2023-02-16T14:52:59+00:00","dateModified":"2023-03-03T20:05:39+00:00","description":"Mit diesem Werkzeug lassen sich Kettenblattmuttern und -bolzen leicht entfernen.","breadcrumb":{"@id":"https:\/\/www.lift-mtb.com\/de\/produit\/werkzeug-demonte-plateau\/#breadcrumb"},"inLanguage":"de","potentialAction":[{"@type":"ReadAction","target":["https:\/\/www.lift-mtb.com\/de\/produit\/werkzeug-demonte-plateau\/"]}]},{"@type":"ImageObject","inLanguage":"de","@id":"https:\/\/www.lift-mtb.com\/de\/produit\/werkzeug-demonte-plateau\/#primaryimage","url":"https:\/\/www.lift-mtb.com\/wp-content\/uploads\/2023\/02\/outils-demonte-cheminee-2048-x-1367-px.png","contentUrl":"https:\/\/www.lift-mtb.com\/wp-content\/uploads\/2023\/02\/outils-demonte-cheminee-2048-x-1367-px.png","width":2048,"height":1367,"caption":"outils d\u00e9monte plateaux"},{"@type":"BreadcrumbList","@id":"https:\/\/www.lift-mtb.com\/de\/produit\/werkzeug-demonte-plateau\/#breadcrumb","itemListElement":[{"@type":"ListItem","position":1,"name":"Accueil","item":"https:\/\/www.lift-mtb.com\/de\/"},{"@type":"ListItem","position":2,"name":"Shop","item":"https:\/\/www.lift-mtb.com\/de\/shop\/"},{"@type":"ListItem","position":3,"name":"Werkzeug","item":"https:\/\/www.lift-mtb.com\/de\/produkt-kategorie\/werkzeug\/"},{"@type":"ListItem","position":4,"name":"Werkzeug zur Demontage der Tischplatte"}]},{"@type":"WebSite","@id":"https:\/\/www.lift-mtb.com\/de\/#website","url":"https:\/\/www.lift-mtb.com\/de\/","name":"LIFT-MTB","description":"Transformer son v\u00e9lo en \u00e9lectrique rapidement !","publisher":{"@id":"https:\/\/www.lift-mtb.com\/de\/#organization"},"potentialAction":[{"@type":"SearchAction","target":{"@type":"EntryPoint","urlTemplate":"https:\/\/www.lift-mtb.com\/de\/?s={search_term_string}"},"query-input":{"@type":"PropertyValueSpecification","valueRequired":true,"valueName":"search_term_string"}}],"inLanguage":"de"},{"@type":"Organization","@id":"https:\/\/www.lift-mtb.com\/de\/#organization","name":"LIFT-MTB","url":"https:\/\/www.lift-mtb.com\/de\/","logo":{"@type":"ImageObject","inLanguage":"de","@id":"https:\/\/www.lift-mtb.com\/de\/#\/schema\/logo\/image\/","url":"https:\/\/www.lift-mtb.com\/wp-content\/uploads\/2022\/01\/electric-kit-for-bike-1.jpg","contentUrl":"https:\/\/www.lift-mtb.com\/wp-content\/uploads\/2022\/01\/electric-kit-for-bike-1.jpg","width":1223,"height":560,"caption":"LIFT-MTB"},"image":{"@id":"https:\/\/www.lift-mtb.com\/de\/#\/schema\/logo\/image\/"}}]}},"_links":{"self":[{"href":"https:\/\/www.lift-mtb.com\/de\/wp-json\/wp\/v2\/product\/45891","targetHints":{"allow":["GET"]}}],"collection":[{"href":"https:\/\/www.lift-mtb.com\/de\/wp-json\/wp\/v2\/product"}],"about":[{"href":"https:\/\/www.lift-mtb.com\/de\/wp-json\/wp\/v2\/types\/product"}],"replies":[{"embeddable":true,"href":"https:\/\/www.lift-mtb.com\/de\/wp-json\/wp\/v2\/comments?post=45891"}],"wp:featuredmedia":[{"embeddable":true,"href":"https:\/\/www.lift-mtb.com\/de\/wp-json\/wp\/v2\/media\/46110"}],"wp:attachment":[{"href":"https:\/\/www.lift-mtb.com\/de\/wp-json\/wp\/v2\/media?parent=45891"}],"wp:term":[{"taxonomy":"product_brand","embeddable":true,"href":"https:\/\/www.lift-mtb.com\/de\/wp-json\/wp\/v2\/product_brand?post=45891"},{"taxonomy":"product_cat","embeddable":true,"href":"https:\/\/www.lift-mtb.com\/de\/wp-json\/wp\/v2\/product_cat?post=45891"},{"taxonomy":"product_tag","embeddable":true,"href":"https:\/\/www.lift-mtb.com\/de\/wp-json\/wp\/v2\/product_tag?post=45891"}],"curies":[{"name":"wp","href":"https:\/\/api.w.org\/{rel}","templated":true}]}}