{"id":47372,"date":"2016-02-22T14:02:10","date_gmt":"2016-02-22T13:02:10","guid":{"rendered":"https:\/?post_type=product&#038;p=47372"},"modified":"2025-06-11T08:16:14","modified_gmt":"2025-06-11T06:16:14","slug":"blockier-bestellung-fox-float-x2-and-dhx2","status":"publish","type":"product","link":"https:\/\/www.lift-mtb.com\/de\/produit\/blockier-bestellung-fox-float-x2-and-dhx2\/","title":{"rendered":"Blockierbefehl &#8211; FOX FLOAT X2 AND DHX2"},"content":{"rendered":"<p>Wir haben <a href=\"https:\/\/www.youtube.com\/watch?v=5C3L20TL14g\">eine<\/a> spezielle <a href=\"https:\/\/www.youtube.com\/watch?v=5C3L20TL14g\">Lenkersteuerung<\/a> entwickelt, um die Fox Float X2 und DHX2 Sto\u00dfd\u00e4mpfer von 2016 bis 2020 aufzur\u00fcsten.<\/p>\n<p>Mit unserem System k\u00f6nnen Sie die manuelle Verriegelung am Sto\u00dfd\u00e4mpfer mit einem entfernten Hebel auf den Lenker \u00fcbertragen.<\/p>\n<p>Unser System wurde so konzipiert, dass es mit Standard-Vorderradschalthebeln von Shimano oder SRAM funktioniert.<\/p>\n<p>Sie k\u00f6nnen einen der vorderen 2-Gang- oder 3-Gang-Schalthebel verwenden, egal wie alt oder welche Version er ist.<\/p>\n<p>Das macht sie zu einer erschwinglichen, universellen und einfachen L\u00f6sung.<\/p>\n<p>Hinweis: Unser System ist auch mit dem originalen 3-Wege-Schalthebel von Fox kompatibel, der allerdings teurer ist als ein Schalthebel f\u00fcr die Vorderachse.<\/p>\n<p>Unser System ist wahrscheinlich auch mit den Hebeln anderer Marken kompatibel, obwohl wir keine genaue Liste haben.<\/p>\n<p>Um die Kompatibilit\u00e4t zu \u00fcberpr\u00fcfen, k\u00f6nnen Sie sich auf den Bericht Ihres Hebels beziehen:<\/p>\n<p>Er muss mindestens einen Zugbereich von 8 mm haben, um vom offenen in den verriegelten Modus zu wechseln.<\/p>\n<p>Alle Fox Float X2 oder DHX2 Modelle von 2016 bis 2020 mit einem blauen Sperrhebel am Sto\u00dfd\u00e4mpfer sind mit unserem Steuersystem kompatibel.<\/p>\n<p>Video der MTB-Lift-Lock-Halterung.<\/p>\n","protected":false},"excerpt":{"rendered":"<p><strong>Unser Produkt ist :<\/strong><\/p>\n<ul>\n<li><a href=\"https:\/fabrication-made-in-france-moteur-electrique-pour-velo\/\">In Frankreich hergestellt, vollst\u00e4ndig &#8220;aus der Masse heraus&#8221; mit CNC-Maschinen bearbeitet<\/a>.<\/li>\n<li>Aluminium 7075<\/li>\n<li>100% von uns in Frankreich entworfen<\/li>\n<\/ul>\n<p>Eloxieren Schwarz<\/p>\n<p>Gewicht: 84 Gramm<\/p>\n","protected":false},"featured_media":47393,"comment_status":"open","ping_status":"closed","template":"","meta":[],"product_brand":[],"product_cat":[1098],"product_tag":[],"class_list":{"0":"post-47372","1":"product","2":"type-product","3":"status-publish","4":"has-post-thumbnail","6":"product_cat-customs-de","8":"first","9":"instock","10":"sale","11":"taxable","12":"shipping-taxable","13":"purchasable","14":"product-type-simple"},"yoast_head":"<!-- This site is optimized with the Yoast SEO plugin v26.9 - https:\/\/yoast.com\/product\/yoast-seo-wordpress\/ -->\n<title>Blockierbefehl - FOX FLOAT X2 AND DHX2<\/title>\n<meta name=\"description\" content=\"FOX FLOAT X2 AND DHX2 Fernaufr\u00fcstung Wir haben eine Fernaufr\u00fcstung f\u00fcr X2 \/ DHX2 Shocks entwickelt. Mit unserem System k\u00f6nnen Sie die Sperre vom Schock auf den Handlebar \u00fcbertragen.\" \/>\n<meta name=\"robots\" content=\"index, follow, max-snippet:-1, max-image-preview:large, max-video-preview:-1\" \/>\n<link rel=\"canonical\" href=\"https:\/\/www.lift-mtb.com\/de\/produit\/blockier-bestellung-fox-float-x2-and-dhx2\/\" \/>\n<meta property=\"og:locale\" content=\"de_DE\" \/>\n<meta property=\"og:type\" content=\"article\" \/>\n<meta property=\"og:title\" content=\"Blockierbefehl - FOX FLOAT X2 AND DHX2\" \/>\n<meta property=\"og:description\" content=\"FOX FLOAT X2 AND DHX2 Fernaufr\u00fcstung Wir haben eine Fernaufr\u00fcstung f\u00fcr X2 \/ DHX2 Shocks entwickelt. Mit unserem System k\u00f6nnen Sie die Sperre vom Schock auf den Handlebar \u00fcbertragen.\" \/>\n<meta property=\"og:url\" content=\"https:\/\/www.lift-mtb.com\/de\/produit\/blockier-bestellung-fox-float-x2-and-dhx2\/\" \/>\n<meta property=\"og:site_name\" content=\"LIFT-MTB\" \/>\n<meta property=\"article:modified_time\" content=\"2025-06-11T06:16:14+00:00\" \/>\n<meta property=\"og:image\" content=\"https:\/\/www.lift-mtb.com\/wp-content\/uploads\/2023\/02\/fox-remote-dhx2-float-x2-7-0297-scaled.jpg\" \/>\n\t<meta property=\"og:image:width\" content=\"2560\" \/>\n\t<meta property=\"og:image:height\" content=\"1696\" \/>\n\t<meta property=\"og:image:type\" content=\"image\/jpeg\" \/>\n<meta name=\"twitter:card\" content=\"summary_large_image\" \/>\n<meta name=\"twitter:label1\" content=\"Gesch\u00e4tzte Lesezeit\" \/>\n\t<meta name=\"twitter:data1\" content=\"1\u00a0Minute\" \/>\n<script type=\"application\/ld+json\" class=\"yoast-schema-graph\">{\"@context\":\"https:\/\/schema.org\",\"@graph\":[{\"@type\":\"WebPage\",\"@id\":\"https:\/\/www.lift-mtb.com\/de\/produit\/blockier-bestellung-fox-float-x2-and-dhx2\/\",\"url\":\"https:\/\/www.lift-mtb.com\/de\/produit\/blockier-bestellung-fox-float-x2-and-dhx2\/\",\"name\":\"Blockierbefehl - FOX FLOAT X2 AND DHX2\",\"isPartOf\":{\"@id\":\"https:\/\/www.lift-mtb.com\/de\/#website\"},\"primaryImageOfPage\":{\"@id\":\"https:\/\/www.lift-mtb.com\/de\/produit\/blockier-bestellung-fox-float-x2-and-dhx2\/#primaryimage\"},\"image\":{\"@id\":\"https:\/\/www.lift-mtb.com\/de\/produit\/blockier-bestellung-fox-float-x2-and-dhx2\/#primaryimage\"},\"thumbnailUrl\":\"https:\/\/www.lift-mtb.com\/wp-content\/uploads\/2023\/02\/fox-remote-dhx2-float-x2-7-0297-scaled.jpg\",\"datePublished\":\"2016-02-22T13:02:10+00:00\",\"dateModified\":\"2025-06-11T06:16:14+00:00\",\"description\":\"FOX FLOAT X2 AND DHX2 Fernaufr\u00fcstung Wir haben eine Fernaufr\u00fcstung f\u00fcr X2 \/ DHX2 Shocks entwickelt. Mit unserem System k\u00f6nnen Sie die Sperre vom Schock auf den Handlebar \u00fcbertragen.\",\"breadcrumb\":{\"@id\":\"https:\/\/www.lift-mtb.com\/de\/produit\/blockier-bestellung-fox-float-x2-and-dhx2\/#breadcrumb\"},\"inLanguage\":\"de\",\"potentialAction\":[{\"@type\":\"ReadAction\",\"target\":[\"https:\/\/www.lift-mtb.com\/de\/produit\/blockier-bestellung-fox-float-x2-and-dhx2\/\"]}]},{\"@type\":\"ImageObject\",\"inLanguage\":\"de\",\"@id\":\"https:\/\/www.lift-mtb.com\/de\/produit\/blockier-bestellung-fox-float-x2-and-dhx2\/#primaryimage\",\"url\":\"https:\/\/www.lift-mtb.com\/wp-content\/uploads\/2023\/02\/fox-remote-dhx2-float-x2-7-0297-scaled.jpg\",\"contentUrl\":\"https:\/\/www.lift-mtb.com\/wp-content\/uploads\/2023\/02\/fox-remote-dhx2-float-x2-7-0297-scaled.jpg\",\"width\":2560,\"height\":1696,\"caption\":\"lift mtb fox lock out\"},{\"@type\":\"BreadcrumbList\",\"@id\":\"https:\/\/www.lift-mtb.com\/de\/produit\/blockier-bestellung-fox-float-x2-and-dhx2\/#breadcrumb\",\"itemListElement\":[{\"@type\":\"ListItem\",\"position\":1,\"name\":\"Accueil\",\"item\":\"https:\/\/www.lift-mtb.com\/de\/\"},{\"@type\":\"ListItem\",\"position\":2,\"name\":\"Shop\",\"item\":\"https:\/\/www.lift-mtb.com\/de\/shop\/\"},{\"@type\":\"ListItem\",\"position\":3,\"name\":\"Customs\",\"item\":\"https:\/\/www.lift-mtb.com\/de\/produkt-kategorie\/customs-de\/\"},{\"@type\":\"ListItem\",\"position\":4,\"name\":\"Blockierbefehl &#8211; FOX FLOAT X2 AND DHX2\"}]},{\"@type\":\"WebSite\",\"@id\":\"https:\/\/www.lift-mtb.com\/de\/#website\",\"url\":\"https:\/\/www.lift-mtb.com\/de\/\",\"name\":\"LIFT-MTB\",\"description\":\"Transformer son v\u00e9lo en \u00e9lectrique rapidement !\",\"publisher\":{\"@id\":\"https:\/\/www.lift-mtb.com\/de\/#organization\"},\"potentialAction\":[{\"@type\":\"SearchAction\",\"target\":{\"@type\":\"EntryPoint\",\"urlTemplate\":\"https:\/\/www.lift-mtb.com\/de\/?s={search_term_string}\"},\"query-input\":{\"@type\":\"PropertyValueSpecification\",\"valueRequired\":true,\"valueName\":\"search_term_string\"}}],\"inLanguage\":\"de\"},{\"@type\":\"Organization\",\"@id\":\"https:\/\/www.lift-mtb.com\/de\/#organization\",\"name\":\"LIFT-MTB\",\"url\":\"https:\/\/www.lift-mtb.com\/de\/\",\"logo\":{\"@type\":\"ImageObject\",\"inLanguage\":\"de\",\"@id\":\"https:\/\/www.lift-mtb.com\/de\/#\/schema\/logo\/image\/\",\"url\":\"https:\/\/www.lift-mtb.com\/wp-content\/uploads\/2022\/01\/electric-kit-for-bike-1.jpg\",\"contentUrl\":\"https:\/\/www.lift-mtb.com\/wp-content\/uploads\/2022\/01\/electric-kit-for-bike-1.jpg\",\"width\":1223,\"height\":560,\"caption\":\"LIFT-MTB\"},\"image\":{\"@id\":\"https:\/\/www.lift-mtb.com\/de\/#\/schema\/logo\/image\/\"}}]}<\/script>\n<!-- \/ Yoast SEO plugin. -->","yoast_head_json":{"title":"Blockierbefehl - FOX FLOAT X2 AND DHX2","description":"FOX FLOAT X2 AND DHX2 Fernaufr\u00fcstung Wir haben eine Fernaufr\u00fcstung f\u00fcr X2 \/ DHX2 Shocks entwickelt. Mit unserem System k\u00f6nnen Sie die Sperre vom Schock auf den Handlebar \u00fcbertragen.","robots":{"index":"index","follow":"follow","max-snippet":"max-snippet:-1","max-image-preview":"max-image-preview:large","max-video-preview":"max-video-preview:-1"},"canonical":"https:\/\/www.lift-mtb.com\/de\/produit\/blockier-bestellung-fox-float-x2-and-dhx2\/","og_locale":"de_DE","og_type":"article","og_title":"Blockierbefehl - FOX FLOAT X2 AND DHX2","og_description":"FOX FLOAT X2 AND DHX2 Fernaufr\u00fcstung Wir haben eine Fernaufr\u00fcstung f\u00fcr X2 \/ DHX2 Shocks entwickelt. Mit unserem System k\u00f6nnen Sie die Sperre vom Schock auf den Handlebar \u00fcbertragen.","og_url":"https:\/\/www.lift-mtb.com\/de\/produit\/blockier-bestellung-fox-float-x2-and-dhx2\/","og_site_name":"LIFT-MTB","article_modified_time":"2025-06-11T06:16:14+00:00","og_image":[{"width":2560,"height":1696,"url":"https:\/\/www.lift-mtb.com\/wp-content\/uploads\/2023\/02\/fox-remote-dhx2-float-x2-7-0297-scaled.jpg","type":"image\/jpeg"}],"twitter_card":"summary_large_image","twitter_misc":{"Gesch\u00e4tzte Lesezeit":"1\u00a0Minute"},"schema":{"@context":"https:\/\/schema.org","@graph":[{"@type":"WebPage","@id":"https:\/\/www.lift-mtb.com\/de\/produit\/blockier-bestellung-fox-float-x2-and-dhx2\/","url":"https:\/\/www.lift-mtb.com\/de\/produit\/blockier-bestellung-fox-float-x2-and-dhx2\/","name":"Blockierbefehl - FOX FLOAT X2 AND DHX2","isPartOf":{"@id":"https:\/\/www.lift-mtb.com\/de\/#website"},"primaryImageOfPage":{"@id":"https:\/\/www.lift-mtb.com\/de\/produit\/blockier-bestellung-fox-float-x2-and-dhx2\/#primaryimage"},"image":{"@id":"https:\/\/www.lift-mtb.com\/de\/produit\/blockier-bestellung-fox-float-x2-and-dhx2\/#primaryimage"},"thumbnailUrl":"https:\/\/www.lift-mtb.com\/wp-content\/uploads\/2023\/02\/fox-remote-dhx2-float-x2-7-0297-scaled.jpg","datePublished":"2016-02-22T13:02:10+00:00","dateModified":"2025-06-11T06:16:14+00:00","description":"FOX FLOAT X2 AND DHX2 Fernaufr\u00fcstung Wir haben eine Fernaufr\u00fcstung f\u00fcr X2 \/ DHX2 Shocks entwickelt. Mit unserem System k\u00f6nnen Sie die Sperre vom Schock auf den Handlebar \u00fcbertragen.","breadcrumb":{"@id":"https:\/\/www.lift-mtb.com\/de\/produit\/blockier-bestellung-fox-float-x2-and-dhx2\/#breadcrumb"},"inLanguage":"de","potentialAction":[{"@type":"ReadAction","target":["https:\/\/www.lift-mtb.com\/de\/produit\/blockier-bestellung-fox-float-x2-and-dhx2\/"]}]},{"@type":"ImageObject","inLanguage":"de","@id":"https:\/\/www.lift-mtb.com\/de\/produit\/blockier-bestellung-fox-float-x2-and-dhx2\/#primaryimage","url":"https:\/\/www.lift-mtb.com\/wp-content\/uploads\/2023\/02\/fox-remote-dhx2-float-x2-7-0297-scaled.jpg","contentUrl":"https:\/\/www.lift-mtb.com\/wp-content\/uploads\/2023\/02\/fox-remote-dhx2-float-x2-7-0297-scaled.jpg","width":2560,"height":1696,"caption":"lift mtb fox lock out"},{"@type":"BreadcrumbList","@id":"https:\/\/www.lift-mtb.com\/de\/produit\/blockier-bestellung-fox-float-x2-and-dhx2\/#breadcrumb","itemListElement":[{"@type":"ListItem","position":1,"name":"Accueil","item":"https:\/\/www.lift-mtb.com\/de\/"},{"@type":"ListItem","position":2,"name":"Shop","item":"https:\/\/www.lift-mtb.com\/de\/shop\/"},{"@type":"ListItem","position":3,"name":"Customs","item":"https:\/\/www.lift-mtb.com\/de\/produkt-kategorie\/customs-de\/"},{"@type":"ListItem","position":4,"name":"Blockierbefehl &#8211; FOX FLOAT X2 AND DHX2"}]},{"@type":"WebSite","@id":"https:\/\/www.lift-mtb.com\/de\/#website","url":"https:\/\/www.lift-mtb.com\/de\/","name":"LIFT-MTB","description":"Transformer son v\u00e9lo en \u00e9lectrique rapidement !","publisher":{"@id":"https:\/\/www.lift-mtb.com\/de\/#organization"},"potentialAction":[{"@type":"SearchAction","target":{"@type":"EntryPoint","urlTemplate":"https:\/\/www.lift-mtb.com\/de\/?s={search_term_string}"},"query-input":{"@type":"PropertyValueSpecification","valueRequired":true,"valueName":"search_term_string"}}],"inLanguage":"de"},{"@type":"Organization","@id":"https:\/\/www.lift-mtb.com\/de\/#organization","name":"LIFT-MTB","url":"https:\/\/www.lift-mtb.com\/de\/","logo":{"@type":"ImageObject","inLanguage":"de","@id":"https:\/\/www.lift-mtb.com\/de\/#\/schema\/logo\/image\/","url":"https:\/\/www.lift-mtb.com\/wp-content\/uploads\/2022\/01\/electric-kit-for-bike-1.jpg","contentUrl":"https:\/\/www.lift-mtb.com\/wp-content\/uploads\/2022\/01\/electric-kit-for-bike-1.jpg","width":1223,"height":560,"caption":"LIFT-MTB"},"image":{"@id":"https:\/\/www.lift-mtb.com\/de\/#\/schema\/logo\/image\/"}}]}},"_links":{"self":[{"href":"https:\/\/www.lift-mtb.com\/de\/wp-json\/wp\/v2\/product\/47372","targetHints":{"allow":["GET"]}}],"collection":[{"href":"https:\/\/www.lift-mtb.com\/de\/wp-json\/wp\/v2\/product"}],"about":[{"href":"https:\/\/www.lift-mtb.com\/de\/wp-json\/wp\/v2\/types\/product"}],"replies":[{"embeddable":true,"href":"https:\/\/www.lift-mtb.com\/de\/wp-json\/wp\/v2\/comments?post=47372"}],"wp:featuredmedia":[{"embeddable":true,"href":"https:\/\/www.lift-mtb.com\/de\/wp-json\/wp\/v2\/media\/47393"}],"wp:attachment":[{"href":"https:\/\/www.lift-mtb.com\/de\/wp-json\/wp\/v2\/media?parent=47372"}],"wp:term":[{"taxonomy":"product_brand","embeddable":true,"href":"https:\/\/www.lift-mtb.com\/de\/wp-json\/wp\/v2\/product_brand?post=47372"},{"taxonomy":"product_cat","embeddable":true,"href":"https:\/\/www.lift-mtb.com\/de\/wp-json\/wp\/v2\/product_cat?post=47372"},{"taxonomy":"product_tag","embeddable":true,"href":"https:\/\/www.lift-mtb.com\/de\/wp-json\/wp\/v2\/product_tag?post=47372"}],"curies":[{"name":"wp","href":"https:\/\/api.w.org\/{rel}","templated":true}]}}