{"id":47507,"date":"2023-02-24T09:57:46","date_gmt":"2023-02-24T08:57:46","guid":{"rendered":"https:\/?post_type=product&#038;p=47507"},"modified":"2023-04-03T09:48:43","modified_gmt":"2023-04-03T07:48:43","slug":"pedalboard-version-klassisch","status":"publish","type":"product","link":"https:\/\/www.lift-mtb.com\/de\/produit\/pedalboard-version-klassisch\/","title":{"rendered":"Tretlager klassische Version"},"content":{"rendered":"<p>Tretlager klassische Version LIFT-MTB f\u00fcr DIY E-Bike-Kit.<\/p>\n<h2><strong>Das Pedalboard in der klassischen Version besteht aus<br \/>\n<\/strong><\/h2>\n<div class=\"fusion-text fusion-text-8\">\n<div class=\"fusion-text fusion-text-8\">\n<ul>\n<li>Oversize-Achse 22mm <b>Chromoly-Stahl.<\/b><\/li>\n<li>Wird mit verschiedenen Durchmesseradaptern geliefert, um ihn auf 22\/24 mm \/24 mm \/29 mm und 30 mm umzustellen.<\/li>\n<li>Da die Kurbeln mehr oder weniger weit in die Achse hineinragen, ist er mit allen Rahmenbreiten kompatibel: Elektro-Cross-Country-Bikes \/ eklektische Enduro-Bikes \/ Elektro-Downhill-Mountainbikes \/ Elektro-Rennr\u00e4der \/ Elektro-Fatbikes \/ Elektro-Tandems. (siehe spezielle Version f\u00fcr elektrische Tandems)<\/li>\n<li><strong>DICTA Chromoly-Freilauf 20 Eingriffspunkte<\/strong> pro Umdrehung , Monofeder mit doppelten Sperrklinken.<\/li>\n<li><strong>Aluminium Kurbeln 6061T6 170mm<\/strong>, Lasergravur &#8220;<a href=\"https:\/\/www.youtube.com\/@LIFTMTBTV\">LIFT-MTB<\/a>&#8221; Doppelklemmung durch Einklemmen der Achse<\/li>\n<li>Gewicht <strong>1.150 Gramm<\/strong> (Wert der &#8220;CLASSIC&#8221;-Pedale allein ohne Kit <strong>200 Euro<\/strong>).<\/li>\n<li>Weitere Informationen zu den Unterschieden zwischen der klassischen Version und der Pro-Version finden Sie unter folgendem Link.<\/li>\n<li><a href=\"https:\/choix-du-pedalier-pro-ou-classic\/?swcfpc=1\">https:\/choix-du-pedalier-pro-ou-classic\/?swcfpc=1<\/a><\/li>\n<\/ul>\n<\/div>\n<\/div>\n","protected":false},"excerpt":{"rendered":"<ul>\n<li>Im Lieferumfang enthalten sind alle Adapter f\u00fcr den Durchmesser der Tretlagerachse (22\/24, 24, 28,9 &amp; 30 mm).<\/li>\n<li>Geliefert mit Kettenblatt 32 und 38 Z\u00e4hnen<\/li>\n<li>liefert mit Achse, Keilring und Schrauben.<\/li>\n<\/ul>\n","protected":false},"featured_media":4873,"comment_status":"open","ping_status":"closed","template":"","meta":[],"product_brand":[],"product_cat":[844],"product_tag":[],"class_list":{"0":"post-47507","1":"product","2":"type-product","3":"status-publish","4":"has-post-thumbnail","6":"product_cat-tretlagerteile-de","8":"first","9":"instock","10":"taxable","11":"shipping-taxable","12":"purchasable","13":"product-type-simple"},"yoast_head":"<!-- This site is optimized with the Yoast SEO plugin v26.9 - https:\/\/yoast.com\/product\/yoast-seo-wordpress\/ -->\n<title>Tretlager klassische Version f\u00fcr Fahrrad, das in ein Elektrofahrrad umgewandelt wurde.<\/title>\n<meta name=\"description\" content=\"Tretlager in klassischer Ausf\u00fchrung f\u00fcr ein klassisches Fahrrad, das in ein elektrisches Fahrrad umgewandelt wird. Unsere Kurbelgarnitur wird mit Kettenbl\u00e4ttern der Gr\u00f6\u00dfe 30 und 38 geliefert.\" \/>\n<meta name=\"robots\" content=\"index, follow, max-snippet:-1, max-image-preview:large, max-video-preview:-1\" \/>\n<link rel=\"canonical\" href=\"https:\/\/www.lift-mtb.com\/de\/produit\/pedalboard-version-klassisch\/\" \/>\n<meta property=\"og:locale\" content=\"de_DE\" \/>\n<meta property=\"og:type\" content=\"article\" \/>\n<meta property=\"og:title\" content=\"Tretlager klassische Version f\u00fcr Fahrrad, das in ein Elektrofahrrad umgewandelt wurde.\" \/>\n<meta property=\"og:description\" content=\"Tretlager in klassischer Ausf\u00fchrung f\u00fcr ein klassisches Fahrrad, das in ein elektrisches Fahrrad umgewandelt wird. Unsere Kurbelgarnitur wird mit Kettenbl\u00e4ttern der Gr\u00f6\u00dfe 30 und 38 geliefert.\" \/>\n<meta property=\"og:url\" content=\"https:\/\/www.lift-mtb.com\/de\/produit\/pedalboard-version-klassisch\/\" \/>\n<meta property=\"og:site_name\" content=\"LIFT-MTB\" \/>\n<meta property=\"article:modified_time\" content=\"2023-04-03T07:48:43+00:00\" \/>\n<meta property=\"og:image\" content=\"https:\/\/www.lift-mtb.com\/wp-content\/uploads\/2017\/12\/pedalier-v4-classic.png\" \/>\n\t<meta property=\"og:image:width\" content=\"1920\" \/>\n\t<meta property=\"og:image:height\" content=\"1080\" \/>\n\t<meta property=\"og:image:type\" content=\"image\/png\" \/>\n<meta name=\"twitter:card\" content=\"summary_large_image\" \/>\n<meta name=\"twitter:label1\" content=\"Gesch\u00e4tzte Lesezeit\" \/>\n\t<meta name=\"twitter:data1\" content=\"1\u00a0Minute\" \/>\n<script type=\"application\/ld+json\" class=\"yoast-schema-graph\">{\"@context\":\"https:\/\/schema.org\",\"@graph\":[{\"@type\":\"WebPage\",\"@id\":\"https:\/\/www.lift-mtb.com\/de\/produit\/pedalboard-version-klassisch\/\",\"url\":\"https:\/\/www.lift-mtb.com\/de\/produit\/pedalboard-version-klassisch\/\",\"name\":\"Tretlager klassische Version f\u00fcr Fahrrad, das in ein Elektrofahrrad umgewandelt wurde.\",\"isPartOf\":{\"@id\":\"https:\/\/www.lift-mtb.com\/de\/#website\"},\"primaryImageOfPage\":{\"@id\":\"https:\/\/www.lift-mtb.com\/de\/produit\/pedalboard-version-klassisch\/#primaryimage\"},\"image\":{\"@id\":\"https:\/\/www.lift-mtb.com\/de\/produit\/pedalboard-version-klassisch\/#primaryimage\"},\"thumbnailUrl\":\"https:\/\/www.lift-mtb.com\/wp-content\/uploads\/2017\/12\/pedalier-v4-classic.png\",\"datePublished\":\"2023-02-24T08:57:46+00:00\",\"dateModified\":\"2023-04-03T07:48:43+00:00\",\"description\":\"Tretlager in klassischer Ausf\u00fchrung f\u00fcr ein klassisches Fahrrad, das in ein elektrisches Fahrrad umgewandelt wird. Unsere Kurbelgarnitur wird mit Kettenbl\u00e4ttern der Gr\u00f6\u00dfe 30 und 38 geliefert.\",\"breadcrumb\":{\"@id\":\"https:\/\/www.lift-mtb.com\/de\/produit\/pedalboard-version-klassisch\/#breadcrumb\"},\"inLanguage\":\"de\",\"potentialAction\":[{\"@type\":\"ReadAction\",\"target\":[\"https:\/\/www.lift-mtb.com\/de\/produit\/pedalboard-version-klassisch\/\"]}]},{\"@type\":\"ImageObject\",\"inLanguage\":\"de\",\"@id\":\"https:\/\/www.lift-mtb.com\/de\/produit\/pedalboard-version-klassisch\/#primaryimage\",\"url\":\"https:\/\/www.lift-mtb.com\/wp-content\/uploads\/2017\/12\/pedalier-v4-classic.png\",\"contentUrl\":\"https:\/\/www.lift-mtb.com\/wp-content\/uploads\/2017\/12\/pedalier-v4-classic.png\",\"width\":1920,\"height\":1080,\"caption\":\"Wahl der LIFT-MTB Pedale f\u00fcr Elektrofahrr\u00e4der\"},{\"@type\":\"BreadcrumbList\",\"@id\":\"https:\/\/www.lift-mtb.com\/de\/produit\/pedalboard-version-klassisch\/#breadcrumb\",\"itemListElement\":[{\"@type\":\"ListItem\",\"position\":1,\"name\":\"Accueil\",\"item\":\"https:\/\/www.lift-mtb.com\/de\/\"},{\"@type\":\"ListItem\",\"position\":2,\"name\":\"Shop\",\"item\":\"https:\/\/www.lift-mtb.com\/de\/shop\/\"},{\"@type\":\"ListItem\",\"position\":3,\"name\":\"Ersatzteile\",\"item\":\"https:\/\/www.lift-mtb.com\/de\/produkt-kategorie\/ersatzteile\/\"},{\"@type\":\"ListItem\",\"position\":4,\"name\":\"Tretlagerteile\",\"item\":\"https:\/\/www.lift-mtb.com\/de\/produkt-kategorie\/ersatzteile\/tretlagerteile-de\/\"},{\"@type\":\"ListItem\",\"position\":5,\"name\":\"Tretlager klassische Version\"}]},{\"@type\":\"WebSite\",\"@id\":\"https:\/\/www.lift-mtb.com\/de\/#website\",\"url\":\"https:\/\/www.lift-mtb.com\/de\/\",\"name\":\"LIFT-MTB\",\"description\":\"Transformer son v\u00e9lo en \u00e9lectrique rapidement !\",\"publisher\":{\"@id\":\"https:\/\/www.lift-mtb.com\/de\/#organization\"},\"potentialAction\":[{\"@type\":\"SearchAction\",\"target\":{\"@type\":\"EntryPoint\",\"urlTemplate\":\"https:\/\/www.lift-mtb.com\/de\/?s={search_term_string}\"},\"query-input\":{\"@type\":\"PropertyValueSpecification\",\"valueRequired\":true,\"valueName\":\"search_term_string\"}}],\"inLanguage\":\"de\"},{\"@type\":\"Organization\",\"@id\":\"https:\/\/www.lift-mtb.com\/de\/#organization\",\"name\":\"LIFT-MTB\",\"url\":\"https:\/\/www.lift-mtb.com\/de\/\",\"logo\":{\"@type\":\"ImageObject\",\"inLanguage\":\"de\",\"@id\":\"https:\/\/www.lift-mtb.com\/de\/#\/schema\/logo\/image\/\",\"url\":\"https:\/\/www.lift-mtb.com\/wp-content\/uploads\/2022\/01\/electric-kit-for-bike-1.jpg\",\"contentUrl\":\"https:\/\/www.lift-mtb.com\/wp-content\/uploads\/2022\/01\/electric-kit-for-bike-1.jpg\",\"width\":1223,\"height\":560,\"caption\":\"LIFT-MTB\"},\"image\":{\"@id\":\"https:\/\/www.lift-mtb.com\/de\/#\/schema\/logo\/image\/\"}}]}<\/script>\n<!-- \/ Yoast SEO plugin. -->","yoast_head_json":{"title":"Tretlager klassische Version f\u00fcr Fahrrad, das in ein Elektrofahrrad umgewandelt wurde.","description":"Tretlager in klassischer Ausf\u00fchrung f\u00fcr ein klassisches Fahrrad, das in ein elektrisches Fahrrad umgewandelt wird. Unsere Kurbelgarnitur wird mit Kettenbl\u00e4ttern der Gr\u00f6\u00dfe 30 und 38 geliefert.","robots":{"index":"index","follow":"follow","max-snippet":"max-snippet:-1","max-image-preview":"max-image-preview:large","max-video-preview":"max-video-preview:-1"},"canonical":"https:\/\/www.lift-mtb.com\/de\/produit\/pedalboard-version-klassisch\/","og_locale":"de_DE","og_type":"article","og_title":"Tretlager klassische Version f\u00fcr Fahrrad, das in ein Elektrofahrrad umgewandelt wurde.","og_description":"Tretlager in klassischer Ausf\u00fchrung f\u00fcr ein klassisches Fahrrad, das in ein elektrisches Fahrrad umgewandelt wird. Unsere Kurbelgarnitur wird mit Kettenbl\u00e4ttern der Gr\u00f6\u00dfe 30 und 38 geliefert.","og_url":"https:\/\/www.lift-mtb.com\/de\/produit\/pedalboard-version-klassisch\/","og_site_name":"LIFT-MTB","article_modified_time":"2023-04-03T07:48:43+00:00","og_image":[{"width":1920,"height":1080,"url":"https:\/\/www.lift-mtb.com\/wp-content\/uploads\/2017\/12\/pedalier-v4-classic.png","type":"image\/png"}],"twitter_card":"summary_large_image","twitter_misc":{"Gesch\u00e4tzte Lesezeit":"1\u00a0Minute"},"schema":{"@context":"https:\/\/schema.org","@graph":[{"@type":"WebPage","@id":"https:\/\/www.lift-mtb.com\/de\/produit\/pedalboard-version-klassisch\/","url":"https:\/\/www.lift-mtb.com\/de\/produit\/pedalboard-version-klassisch\/","name":"Tretlager klassische Version f\u00fcr Fahrrad, das in ein Elektrofahrrad umgewandelt wurde.","isPartOf":{"@id":"https:\/\/www.lift-mtb.com\/de\/#website"},"primaryImageOfPage":{"@id":"https:\/\/www.lift-mtb.com\/de\/produit\/pedalboard-version-klassisch\/#primaryimage"},"image":{"@id":"https:\/\/www.lift-mtb.com\/de\/produit\/pedalboard-version-klassisch\/#primaryimage"},"thumbnailUrl":"https:\/\/www.lift-mtb.com\/wp-content\/uploads\/2017\/12\/pedalier-v4-classic.png","datePublished":"2023-02-24T08:57:46+00:00","dateModified":"2023-04-03T07:48:43+00:00","description":"Tretlager in klassischer Ausf\u00fchrung f\u00fcr ein klassisches Fahrrad, das in ein elektrisches Fahrrad umgewandelt wird. Unsere Kurbelgarnitur wird mit Kettenbl\u00e4ttern der Gr\u00f6\u00dfe 30 und 38 geliefert.","breadcrumb":{"@id":"https:\/\/www.lift-mtb.com\/de\/produit\/pedalboard-version-klassisch\/#breadcrumb"},"inLanguage":"de","potentialAction":[{"@type":"ReadAction","target":["https:\/\/www.lift-mtb.com\/de\/produit\/pedalboard-version-klassisch\/"]}]},{"@type":"ImageObject","inLanguage":"de","@id":"https:\/\/www.lift-mtb.com\/de\/produit\/pedalboard-version-klassisch\/#primaryimage","url":"https:\/\/www.lift-mtb.com\/wp-content\/uploads\/2017\/12\/pedalier-v4-classic.png","contentUrl":"https:\/\/www.lift-mtb.com\/wp-content\/uploads\/2017\/12\/pedalier-v4-classic.png","width":1920,"height":1080,"caption":"Wahl der LIFT-MTB Pedale f\u00fcr Elektrofahrr\u00e4der"},{"@type":"BreadcrumbList","@id":"https:\/\/www.lift-mtb.com\/de\/produit\/pedalboard-version-klassisch\/#breadcrumb","itemListElement":[{"@type":"ListItem","position":1,"name":"Accueil","item":"https:\/\/www.lift-mtb.com\/de\/"},{"@type":"ListItem","position":2,"name":"Shop","item":"https:\/\/www.lift-mtb.com\/de\/shop\/"},{"@type":"ListItem","position":3,"name":"Ersatzteile","item":"https:\/\/www.lift-mtb.com\/de\/produkt-kategorie\/ersatzteile\/"},{"@type":"ListItem","position":4,"name":"Tretlagerteile","item":"https:\/\/www.lift-mtb.com\/de\/produkt-kategorie\/ersatzteile\/tretlagerteile-de\/"},{"@type":"ListItem","position":5,"name":"Tretlager klassische Version"}]},{"@type":"WebSite","@id":"https:\/\/www.lift-mtb.com\/de\/#website","url":"https:\/\/www.lift-mtb.com\/de\/","name":"LIFT-MTB","description":"Transformer son v\u00e9lo en \u00e9lectrique rapidement !","publisher":{"@id":"https:\/\/www.lift-mtb.com\/de\/#organization"},"potentialAction":[{"@type":"SearchAction","target":{"@type":"EntryPoint","urlTemplate":"https:\/\/www.lift-mtb.com\/de\/?s={search_term_string}"},"query-input":{"@type":"PropertyValueSpecification","valueRequired":true,"valueName":"search_term_string"}}],"inLanguage":"de"},{"@type":"Organization","@id":"https:\/\/www.lift-mtb.com\/de\/#organization","name":"LIFT-MTB","url":"https:\/\/www.lift-mtb.com\/de\/","logo":{"@type":"ImageObject","inLanguage":"de","@id":"https:\/\/www.lift-mtb.com\/de\/#\/schema\/logo\/image\/","url":"https:\/\/www.lift-mtb.com\/wp-content\/uploads\/2022\/01\/electric-kit-for-bike-1.jpg","contentUrl":"https:\/\/www.lift-mtb.com\/wp-content\/uploads\/2022\/01\/electric-kit-for-bike-1.jpg","width":1223,"height":560,"caption":"LIFT-MTB"},"image":{"@id":"https:\/\/www.lift-mtb.com\/de\/#\/schema\/logo\/image\/"}}]}},"_links":{"self":[{"href":"https:\/\/www.lift-mtb.com\/de\/wp-json\/wp\/v2\/product\/47507","targetHints":{"allow":["GET"]}}],"collection":[{"href":"https:\/\/www.lift-mtb.com\/de\/wp-json\/wp\/v2\/product"}],"about":[{"href":"https:\/\/www.lift-mtb.com\/de\/wp-json\/wp\/v2\/types\/product"}],"replies":[{"embeddable":true,"href":"https:\/\/www.lift-mtb.com\/de\/wp-json\/wp\/v2\/comments?post=47507"}],"wp:featuredmedia":[{"embeddable":true,"href":"https:\/\/www.lift-mtb.com\/de\/wp-json\/wp\/v2\/media\/4873"}],"wp:attachment":[{"href":"https:\/\/www.lift-mtb.com\/de\/wp-json\/wp\/v2\/media?parent=47507"}],"wp:term":[{"taxonomy":"product_brand","embeddable":true,"href":"https:\/\/www.lift-mtb.com\/de\/wp-json\/wp\/v2\/product_brand?post=47507"},{"taxonomy":"product_cat","embeddable":true,"href":"https:\/\/www.lift-mtb.com\/de\/wp-json\/wp\/v2\/product_cat?post=47507"},{"taxonomy":"product_tag","embeddable":true,"href":"https:\/\/www.lift-mtb.com\/de\/wp-json\/wp\/v2\/product_tag?post=47507"}],"curies":[{"name":"wp","href":"https:\/\/api.w.org\/{rel}","templated":true}]}}