{"id":48112,"date":"2023-04-21T15:11:39","date_gmt":"2023-04-21T13:11:39","guid":{"rendered":"https:\/?post_type=product&#038;p=48112"},"modified":"2025-07-29T15:24:36","modified_gmt":"2025-07-29T13:24:36","slug":"axe-version-pro","status":"publish","type":"product","link":"https:\/\/www.lift-mtb.com\/de\/produit\/axe-version-pro\/","title":{"rendered":"Axe version Pro"},"content":{"rendered":"<p>Usin\u00e9 \u00e0 l&#8217;int\u00e9rieur ce qui rend creux\u00a0 l&#8217;Axe version pro<a href=\"https:\/\/www.youtube.com\/@LIFTMTBTV\"> LIFT-MTB<\/a> plus l\u00e9ger que l&#8217;<a href=\"https:\/produit\/axe-de-pedalier-isis\/\">axe classique<\/a> , il est compris si vous achetez directement le p\u00e9dalier pro ou peux \u00eatre vendu seul, diam\u00e8tre 22mm.<\/p>\n<div class=\"group\/conversation-turn relative flex w-full min-w-0 flex-col agent-turn\">\n<div class=\"flex-col gap-1 md:gap-3\">\n<div class=\"flex max-w-full flex-col flex-grow\">\n<div class=\"min-h-[20px] text-message flex w-full flex-col items-end gap-2 whitespace-normal break-words [.text-message+&amp;]:mt-5\" dir=\"auto\" data-message-author-role=\"assistant\" data-message-id=\"0bc06e18-5757-4ebe-a589-2013900f7f1a\">\n<div class=\"flex w-full flex-col gap-1 empty:hidden first:pt-[3px]\">\n<div class=\"markdown prose w-full break-words dark:prose-invert light\">\n<h3><strong>L\u2019axe de p\u00e9dalier PRO pour kit moteur VTT \u00e9lectrique Lift MTB : performance et fiabilit\u00e9<\/strong><\/h3>\n<p>L&#8217; <strong>axe de p\u00e9dalier<\/strong> peremt de gagner du poids sur un <strong>kit moteur pour VTT \u00e9lectrique<\/strong>\u00a0<strong>Lift MTB<\/strong>. L&#8217;axe de p\u00e9dalier PRO, r\u00e9put\u00e9 pour sa robustesse et sa pr\u00e9cision, est une excellente option pour maximiser la performance de votre <strong>VTT \u00e9lectrique<\/strong>.<\/p>\n<p>Voici pourquoi cet axe de p\u00e9dalier est un incontournable pour les passionn\u00e9s de VTT \u00e9quip\u00e9s d\u2019un moteur \u00e9lectrique.<\/p>\n<h4><strong>1. Compatibilit\u00e9 optimale avec le kit Lift MTB<\/strong><\/h4>\n<p>L&#8217;axe de p\u00e9dalier PRO est con\u00e7u pour s\u2019adapter parfaitement au <strong>kit moteur \u00e9lectrique Lift MTB<\/strong> \u00e9quip\u00e9 des manivelles PRO, l&#8217;un des plus populaires kit pour convertir un VTT classique en v\u00e9lo \u00e9lectrique performant. Sa conception garantit une compatibilit\u00e9 sans faille, ce qui simplifie le montage du p\u00e9dalier gr\u00e2ce aux adaptateurs de diff\u00e8rent diam\u00e8tres.<\/p>\n<h4><strong>2. Robustesse et durabilit\u00e9<\/strong><\/h4>\n<p>Fabriqu\u00e9 avec des mat\u00e9riaux de haute qualit\u00e9, l&#8217;axe de p\u00e9dalier PRO est con\u00e7u pour r\u00e9sister aux sollicitations intenses d&#8217;un usage VTT tout-terrain, en particulier sur les parcours de la rando jusqu&#8217;a un usage dh ou enduro .<\/p>\n<p>Il offre une grande long\u00e9vit\u00e9, et permet de dure la vie du kit\u00a0 m\u00eame en cas d&#8217;utilisation r\u00e9guli\u00e8re sur des terrains difficiles.<\/p>\n<h4><strong>3. <\/strong><strong>Facilit\u00e9 d\u2019installation<\/strong><\/h4>\n<p>L\u2019installation de l&#8217;axe de p\u00e9dalier PRO est simple, m\u00eame pour ceux qui ne sont pas des experts en m\u00e9canique. Il est con\u00e7u pour \u00eatre compatible avec la plupart des cadres de VTT, ce qui en fait un choix id\u00e9al pour ceux qui cherchent \u00e0 convertir leur v\u00e9lo en <strong>VTT \u00e9lectrique<\/strong> sans complications.<\/p>\n<h4><strong>4. L\u00e9g\u00e8ret\u00e9 et design compact<\/strong><\/h4>\n<p>Malgr\u00e9 sa robustesse, l&#8217;axe de p\u00e9dalier PRO reste l\u00e9ger, ce qui est un atout majeur pour conserver la maniabilit\u00e9 du v\u00e9lo, m\u00eame apr\u00e8s l&#8217;installation du kit moteur. Son design compact permet d\u2019optimiser l\u2019espace, r\u00e9duisant ainsi le poids total du syst\u00e8me tout en pr\u00e9servant l\u2019\u00e9quilibre du v\u00e9lo.<\/p>\n<h3><strong>Conclusion : l&#8217;axe de p\u00e9dalier PRO, un choix intelligent pour le kit Lift MTB<\/strong><\/h3>\n<p>Pour les amateurs de VTT \u00e9lectrique cherchant \u00e0 maximiser la performance de leur <strong>kit moteur Lift MTB<\/strong>, l&#8217;<strong>axe de p\u00e9dalier PRO<\/strong> est une solution id\u00e9ale. Il combine robustesse, compatibilit\u00e9 et am\u00e9lioration de la transmission de puissance, tout en restant facile \u00e0 installer. Avec cet axe, votre VTT \u00e9lectrique gagnera en efficacit\u00e9 et en durabilit\u00e9, pour des sorties encore plus performantes.<\/p>\n<\/div>\n<\/div>\n<\/div>\n<\/div>\n<\/div>\n<\/div>\n","protected":false},"excerpt":{"rendered":"<ul>\n<li>Adaptable aux versions &#8220;PRO&#8221; V4.<\/li>\n<li>diam\u00e8tre d&#8217;origine 22mm et livr\u00e9 avec les 4 type de bague r\u00e9ducteur de diam\u00e8tre\u00a0 (22\/24, 24, DUB 29, 30) pur etre compatible avec tout les standards<\/li>\n<li>Vendu avec Bague de calage, visserie.<\/li>\n<li>axe creux plus l\u00e9ger.<\/li>\n<li>Made in France<\/li>\n<\/ul>\n","protected":false},"featured_media":7833,"comment_status":"open","ping_status":"closed","template":"","meta":[],"product_brand":[],"product_cat":[260,154],"product_tag":[],"class_list":{"0":"post-48112","1":"product","2":"type-product","3":"status-publish","4":"has-post-thumbnail","6":"product_cat-pieces-detachees","7":"product_cat-pieces-pedalier","9":"first","10":"instock","11":"taxable","12":"shipping-taxable","13":"purchasable","14":"product-type-simple"},"yoast_head":"<!-- This site is optimized with the Yoast SEO plugin v26.9 - https:\/\/yoast.com\/product\/yoast-seo-wordpress\/ -->\n<title>Axe version Pro - LIFT-MTB<\/title>\n<meta name=\"description\" content=\"Vous retrouverez ici notre Axe version pro V4 plus l\u00e9ger que l&#039;axe classique. Il est livr\u00e9 avec 4 bagues de diam\u00e8tre et la visserie pour l&#039;installer .\" \/>\n<meta name=\"robots\" content=\"index, follow, max-snippet:-1, max-image-preview:large, max-video-preview:-1\" \/>\n<link rel=\"canonical\" href=\"https:\/\/www.lift-mtb.com\/de\/produit\/axe-version-pro\/\" \/>\n<meta property=\"og:locale\" content=\"de_DE\" \/>\n<meta property=\"og:type\" content=\"article\" \/>\n<meta property=\"og:title\" content=\"Axe version Pro - LIFT-MTB\" \/>\n<meta property=\"og:description\" content=\"Vous retrouverez ici notre Axe version pro V4 plus l\u00e9ger que l&#039;axe classique. Il est livr\u00e9 avec 4 bagues de diam\u00e8tre et la visserie pour l&#039;installer .\" \/>\n<meta property=\"og:url\" content=\"https:\/\/www.lift-mtb.com\/de\/produit\/axe-version-pro\/\" \/>\n<meta property=\"og:site_name\" content=\"LIFT-MTB\" \/>\n<meta property=\"article:modified_time\" content=\"2025-07-29T13:24:36+00:00\" \/>\n<meta property=\"og:image\" content=\"https:\/\/www.lift-mtb.com\/wp-content\/uploads\/2022\/02\/axe-v4.png\" \/>\n\t<meta property=\"og:image:width\" content=\"777\" \/>\n\t<meta property=\"og:image:height\" content=\"579\" \/>\n\t<meta property=\"og:image:type\" content=\"image\/png\" \/>\n<meta name=\"twitter:card\" content=\"summary_large_image\" \/>\n<meta name=\"twitter:label1\" content=\"Gesch\u00e4tzte Lesezeit\" \/>\n\t<meta name=\"twitter:data1\" content=\"3\u00a0Minuten\" \/>\n<script type=\"application\/ld+json\" class=\"yoast-schema-graph\">{\"@context\":\"https:\/\/schema.org\",\"@graph\":[{\"@type\":\"WebPage\",\"@id\":\"https:\/\/www.lift-mtb.com\/de\/produit\/axe-version-pro\/\",\"url\":\"https:\/\/www.lift-mtb.com\/de\/produit\/axe-version-pro\/\",\"name\":\"Axe version Pro - LIFT-MTB\",\"isPartOf\":{\"@id\":\"https:\/\/www.lift-mtb.com\/de\/#website\"},\"primaryImageOfPage\":{\"@id\":\"https:\/\/www.lift-mtb.com\/de\/produit\/axe-version-pro\/#primaryimage\"},\"image\":{\"@id\":\"https:\/\/www.lift-mtb.com\/de\/produit\/axe-version-pro\/#primaryimage\"},\"thumbnailUrl\":\"https:\/\/www.lift-mtb.com\/wp-content\/uploads\/2022\/02\/axe-v4.png\",\"datePublished\":\"2023-04-21T13:11:39+00:00\",\"dateModified\":\"2025-07-29T13:24:36+00:00\",\"description\":\"Vous retrouverez ici notre Axe version pro V4 plus l\u00e9ger que l'axe classique. Il est livr\u00e9 avec 4 bagues de diam\u00e8tre et la visserie pour l'installer .\",\"breadcrumb\":{\"@id\":\"https:\/\/www.lift-mtb.com\/de\/produit\/axe-version-pro\/#breadcrumb\"},\"inLanguage\":\"de\",\"potentialAction\":[{\"@type\":\"ReadAction\",\"target\":[\"https:\/\/www.lift-mtb.com\/de\/produit\/axe-version-pro\/\"]}]},{\"@type\":\"ImageObject\",\"inLanguage\":\"de\",\"@id\":\"https:\/\/www.lift-mtb.com\/de\/produit\/axe-version-pro\/#primaryimage\",\"url\":\"https:\/\/www.lift-mtb.com\/wp-content\/uploads\/2022\/02\/axe-v4.png\",\"contentUrl\":\"https:\/\/www.lift-mtb.com\/wp-content\/uploads\/2022\/02\/axe-v4.png\",\"width\":777,\"height\":579,\"caption\":\"Axe version pro de p\u00e9dalier sp\u00e9cifique LIFT-MTB\"},{\"@type\":\"BreadcrumbList\",\"@id\":\"https:\/\/www.lift-mtb.com\/de\/produit\/axe-version-pro\/#breadcrumb\",\"itemListElement\":[{\"@type\":\"ListItem\",\"position\":1,\"name\":\"Accueil\",\"item\":\"https:\/\/www.lift-mtb.com\/de\/\"},{\"@type\":\"ListItem\",\"position\":2,\"name\":\"Shop\",\"item\":\"https:\/\/www.lift-mtb.com\/de\/shop\/\"},{\"@type\":\"ListItem\",\"position\":3,\"name\":\"Ersatzteile\",\"item\":\"https:\/\/www.lift-mtb.com\/de\/produkt-kategorie\/ersatzteile\/\"},{\"@type\":\"ListItem\",\"position\":4,\"name\":\"Axe version Pro\"}]},{\"@type\":\"WebSite\",\"@id\":\"https:\/\/www.lift-mtb.com\/de\/#website\",\"url\":\"https:\/\/www.lift-mtb.com\/de\/\",\"name\":\"LIFT-MTB\",\"description\":\"Transformer son v\u00e9lo en \u00e9lectrique rapidement !\",\"publisher\":{\"@id\":\"https:\/\/www.lift-mtb.com\/de\/#organization\"},\"potentialAction\":[{\"@type\":\"SearchAction\",\"target\":{\"@type\":\"EntryPoint\",\"urlTemplate\":\"https:\/\/www.lift-mtb.com\/de\/?s={search_term_string}\"},\"query-input\":{\"@type\":\"PropertyValueSpecification\",\"valueRequired\":true,\"valueName\":\"search_term_string\"}}],\"inLanguage\":\"de\"},{\"@type\":\"Organization\",\"@id\":\"https:\/\/www.lift-mtb.com\/de\/#organization\",\"name\":\"LIFT-MTB\",\"url\":\"https:\/\/www.lift-mtb.com\/de\/\",\"logo\":{\"@type\":\"ImageObject\",\"inLanguage\":\"de\",\"@id\":\"https:\/\/www.lift-mtb.com\/de\/#\/schema\/logo\/image\/\",\"url\":\"https:\/\/www.lift-mtb.com\/wp-content\/uploads\/2022\/01\/electric-kit-for-bike-1.jpg\",\"contentUrl\":\"https:\/\/www.lift-mtb.com\/wp-content\/uploads\/2022\/01\/electric-kit-for-bike-1.jpg\",\"width\":1223,\"height\":560,\"caption\":\"LIFT-MTB\"},\"image\":{\"@id\":\"https:\/\/www.lift-mtb.com\/de\/#\/schema\/logo\/image\/\"}}]}<\/script>\n<!-- \/ Yoast SEO plugin. -->","yoast_head_json":{"title":"Axe version Pro - LIFT-MTB","description":"Vous retrouverez ici notre Axe version pro V4 plus l\u00e9ger que l'axe classique. Il est livr\u00e9 avec 4 bagues de diam\u00e8tre et la visserie pour l'installer .","robots":{"index":"index","follow":"follow","max-snippet":"max-snippet:-1","max-image-preview":"max-image-preview:large","max-video-preview":"max-video-preview:-1"},"canonical":"https:\/\/www.lift-mtb.com\/de\/produit\/axe-version-pro\/","og_locale":"de_DE","og_type":"article","og_title":"Axe version Pro - LIFT-MTB","og_description":"Vous retrouverez ici notre Axe version pro V4 plus l\u00e9ger que l'axe classique. Il est livr\u00e9 avec 4 bagues de diam\u00e8tre et la visserie pour l'installer .","og_url":"https:\/\/www.lift-mtb.com\/de\/produit\/axe-version-pro\/","og_site_name":"LIFT-MTB","article_modified_time":"2025-07-29T13:24:36+00:00","og_image":[{"width":777,"height":579,"url":"https:\/\/www.lift-mtb.com\/wp-content\/uploads\/2022\/02\/axe-v4.png","type":"image\/png"}],"twitter_card":"summary_large_image","twitter_misc":{"Gesch\u00e4tzte Lesezeit":"3\u00a0Minuten"},"schema":{"@context":"https:\/\/schema.org","@graph":[{"@type":"WebPage","@id":"https:\/\/www.lift-mtb.com\/de\/produit\/axe-version-pro\/","url":"https:\/\/www.lift-mtb.com\/de\/produit\/axe-version-pro\/","name":"Axe version Pro - LIFT-MTB","isPartOf":{"@id":"https:\/\/www.lift-mtb.com\/de\/#website"},"primaryImageOfPage":{"@id":"https:\/\/www.lift-mtb.com\/de\/produit\/axe-version-pro\/#primaryimage"},"image":{"@id":"https:\/\/www.lift-mtb.com\/de\/produit\/axe-version-pro\/#primaryimage"},"thumbnailUrl":"https:\/\/www.lift-mtb.com\/wp-content\/uploads\/2022\/02\/axe-v4.png","datePublished":"2023-04-21T13:11:39+00:00","dateModified":"2025-07-29T13:24:36+00:00","description":"Vous retrouverez ici notre Axe version pro V4 plus l\u00e9ger que l'axe classique. Il est livr\u00e9 avec 4 bagues de diam\u00e8tre et la visserie pour l'installer .","breadcrumb":{"@id":"https:\/\/www.lift-mtb.com\/de\/produit\/axe-version-pro\/#breadcrumb"},"inLanguage":"de","potentialAction":[{"@type":"ReadAction","target":["https:\/\/www.lift-mtb.com\/de\/produit\/axe-version-pro\/"]}]},{"@type":"ImageObject","inLanguage":"de","@id":"https:\/\/www.lift-mtb.com\/de\/produit\/axe-version-pro\/#primaryimage","url":"https:\/\/www.lift-mtb.com\/wp-content\/uploads\/2022\/02\/axe-v4.png","contentUrl":"https:\/\/www.lift-mtb.com\/wp-content\/uploads\/2022\/02\/axe-v4.png","width":777,"height":579,"caption":"Axe version pro de p\u00e9dalier sp\u00e9cifique LIFT-MTB"},{"@type":"BreadcrumbList","@id":"https:\/\/www.lift-mtb.com\/de\/produit\/axe-version-pro\/#breadcrumb","itemListElement":[{"@type":"ListItem","position":1,"name":"Accueil","item":"https:\/\/www.lift-mtb.com\/de\/"},{"@type":"ListItem","position":2,"name":"Shop","item":"https:\/\/www.lift-mtb.com\/de\/shop\/"},{"@type":"ListItem","position":3,"name":"Ersatzteile","item":"https:\/\/www.lift-mtb.com\/de\/produkt-kategorie\/ersatzteile\/"},{"@type":"ListItem","position":4,"name":"Axe version Pro"}]},{"@type":"WebSite","@id":"https:\/\/www.lift-mtb.com\/de\/#website","url":"https:\/\/www.lift-mtb.com\/de\/","name":"LIFT-MTB","description":"Transformer son v\u00e9lo en \u00e9lectrique rapidement !","publisher":{"@id":"https:\/\/www.lift-mtb.com\/de\/#organization"},"potentialAction":[{"@type":"SearchAction","target":{"@type":"EntryPoint","urlTemplate":"https:\/\/www.lift-mtb.com\/de\/?s={search_term_string}"},"query-input":{"@type":"PropertyValueSpecification","valueRequired":true,"valueName":"search_term_string"}}],"inLanguage":"de"},{"@type":"Organization","@id":"https:\/\/www.lift-mtb.com\/de\/#organization","name":"LIFT-MTB","url":"https:\/\/www.lift-mtb.com\/de\/","logo":{"@type":"ImageObject","inLanguage":"de","@id":"https:\/\/www.lift-mtb.com\/de\/#\/schema\/logo\/image\/","url":"https:\/\/www.lift-mtb.com\/wp-content\/uploads\/2022\/01\/electric-kit-for-bike-1.jpg","contentUrl":"https:\/\/www.lift-mtb.com\/wp-content\/uploads\/2022\/01\/electric-kit-for-bike-1.jpg","width":1223,"height":560,"caption":"LIFT-MTB"},"image":{"@id":"https:\/\/www.lift-mtb.com\/de\/#\/schema\/logo\/image\/"}}]}},"_links":{"self":[{"href":"https:\/\/www.lift-mtb.com\/de\/wp-json\/wp\/v2\/product\/48112","targetHints":{"allow":["GET"]}}],"collection":[{"href":"https:\/\/www.lift-mtb.com\/de\/wp-json\/wp\/v2\/product"}],"about":[{"href":"https:\/\/www.lift-mtb.com\/de\/wp-json\/wp\/v2\/types\/product"}],"replies":[{"embeddable":true,"href":"https:\/\/www.lift-mtb.com\/de\/wp-json\/wp\/v2\/comments?post=48112"}],"wp:featuredmedia":[{"embeddable":true,"href":"https:\/\/www.lift-mtb.com\/de\/wp-json\/wp\/v2\/media\/7833"}],"wp:attachment":[{"href":"https:\/\/www.lift-mtb.com\/de\/wp-json\/wp\/v2\/media?parent=48112"}],"wp:term":[{"taxonomy":"product_brand","embeddable":true,"href":"https:\/\/www.lift-mtb.com\/de\/wp-json\/wp\/v2\/product_brand?post=48112"},{"taxonomy":"product_cat","embeddable":true,"href":"https:\/\/www.lift-mtb.com\/de\/wp-json\/wp\/v2\/product_cat?post=48112"},{"taxonomy":"product_tag","embeddable":true,"href":"https:\/\/www.lift-mtb.com\/de\/wp-json\/wp\/v2\/product_tag?post=48112"}],"curies":[{"name":"wp","href":"https:\/\/api.w.org\/{rel}","templated":true}]}}