{"id":49438,"date":"2024-02-22T07:55:24","date_gmt":"2024-02-22T06:55:24","guid":{"rendered":"https:\/?post_type=product&#038;p=49438"},"modified":"2024-09-05T14:50:23","modified_gmt":"2024-09-05T12:50:23","slug":"velo-complet-nuke-proof-mega-297-comp-moteur-lift-mtb-et-batterie-500wh","status":"publish","type":"product","link":"https:\/\/www.lift-mtb.com\/de\/produit\/velo-complet-nuke-proof-mega-297-comp-moteur-lift-mtb-et-batterie-500wh\/","title":{"rendered":"Velo complet nuke proof mega 297 comp large + moteur lift mtb et batterie 500wh"},"content":{"rendered":"<p>Velo complet <a href=\"https:\/\/nukeproof.com\/products\/07e7-mega-297-alloy\">nuke proof mega alu 297 comp<\/a> large + <a href=\"https:\/produit\/test-kit-v4-seul\/\">moteur lift mtb et batterie 500wh<\/a>.<\/p>\n<div class=\"productPageDetailsBlock_title\">Informations Techniques<\/div>\n<div class=\"productPageDetailsBlock_content\">\n<table>\n<tbody>\n<tr>\n<td colspan=\"2\"><strong>Kit Cadre<\/strong><\/td>\n<\/tr>\n<tr>\n<td>Cadre<\/td>\n<td>Nukeproof Mega V4 297 Aluminium, D\u00e9battement 160mm, custom triple butted hydro-formed tube set, passage de cable interne, ISCG 05 mount, 3D contoured Rubber frame protection, axe 12&#215;148 mm, roulements Enduro Bearings, patte de d\u00e9railleur Sram UDH + moteur lift mtb v4 Montage interne du kit, d\u00e9montage tr\u00e8s rapide du kit si besoin pour sortie en v\u00e9lo musculaire par exemple.<\/td>\n<\/tr>\n<tr>\n<td>Fourche<\/td>\n<td>RockShox Domain, Motion Control R, d\u00e9battement : 170 mm, d\u00e9port : 44 mm, axe : 15&#215;110 mm<\/td>\n<\/tr>\n<tr>\n<td>Jeu de direction<\/td>\n<td>Nukeproof, 44-56 IITS\u00a0ZS44-28.6 &#8211; T2 \/ ZS56\/40<\/td>\n<\/tr>\n<tr>\n<td>Amortisseur<\/td>\n<td>RockShox Super Deluxe Select R, 230&#215;62.5 mm<\/td>\n<\/tr>\n<tr>\n<td>Entretoises<\/td>\n<td>Haut :\u00a025x8mm \/ Bas :\u00a030x8mm<\/td>\n<\/tr>\n<tr>\n<td colspan=\"2\"><strong>Transmission<\/strong><\/td>\n<\/tr>\n<tr>\n<td>D\u00e9railleur avant<\/td>\n<td>velo-complet-nuke-proof-mega-297-comp-moteur-lift-mtb-et-batterie-500wh<\/td>\n<\/tr>\n<tr>\n<td>D\u00e9railleur arri\u00e8re<\/td>\n<td>Shimano Deore M6100, 12 vitesses<\/td>\n<\/tr>\n<tr>\n<td>Commande de vitesses<\/td>\n<td>Shimano Deore M6100-IR<\/td>\n<\/tr>\n<tr>\n<td>P\u00e9dalier<\/td>\n<td>\u00a0LIFT MTB V4<\/td>\n<\/tr>\n<tr>\n<td>Bo\u00eetier de p\u00e9dalier<\/td>\n<td>BSA, 73 mm<\/td>\n<\/tr>\n<tr>\n<td>Cassette<\/td>\n<td>Shimano Deore M6100\u00a010-51 dents<\/td>\n<\/tr>\n<tr>\n<td>Cha\u00eene<\/td>\n<td>Shimano Deore M6100\u00a012 vitesses<\/td>\n<\/tr>\n<tr>\n<td>Freins<\/td>\n<td>Avant : Frein \u00e0 disque hydraulique\u00a0Shimano M6120 ou Sram DB8 (selon arrivages) 4 pistons &#8211; Disque 203 mm<br \/>\nArri\u00e8re :\u00a0Frein \u00e0 disque hydraulique\u00a0Shimano M6120 ou Sram DB8 (selon arrivages) 4 pistons &#8211; Disque 203 mm<\/td>\n<\/tr>\n<tr>\n<td colspan=\"2\"><strong>Roues et pneus<\/strong><\/td>\n<\/tr>\n<tr>\n<td>Roues<\/td>\n<td>Jantes :\u00a0Sun-Ringle Duroc SD37 Comp<br \/>\nMoyeux :\u00a0NC<br \/>\nRayons : 32 par roue<\/td>\n<\/tr>\n<tr>\n<td>Pneus<\/td>\n<td>Avant : Maxxis Assegai 29&#8243; x 2.5 WT, exo<br \/>\nArri\u00e8re : Maxxis Minion DHR II 29\u201d x 2.4 WT, exo<\/td>\n<\/tr>\n<tr>\n<td colspan=\"2\"><strong>P\u00e9riph\u00e9riques<\/strong><\/td>\n<\/tr>\n<tr>\n<td>Cintre<\/td>\n<td>Nukeproof Horizon V2, aluminium 7075, rise : 25 mm, backsweep : 9\u00b0, 31,8 mm x 780 (S-M) et 800 mm (L-XL)<\/td>\n<\/tr>\n<tr>\n<td>Poign\u00e9es<\/td>\n<td>Nukeproof Sam Hill Signature<\/td>\n<\/tr>\n<tr>\n<td>Potence<\/td>\n<td>Nukeproof Neutron AM, aluminium 6061, 31,8 mm, longueur : 45 mm<\/td>\n<\/tr>\n<tr>\n<td>Tige de selle<\/td>\n<td>Brand-X Ascend, t\u00e9lescopique, 31,6 mm, 125 mm (S), 150 mm (M), 170 mm (L-XL)<\/td>\n<\/tr>\n<tr>\n<td>Selle<\/td>\n<td>Nukeproof Horizon Enduro, rails acier<\/td>\n<\/tr>\n<\/tbody>\n<\/table>\n<\/div>\n<p>*photo non contractuel d&#8217;un model \u00e9quivalent en terme de design et colorie.<\/p>\n","protected":false},"excerpt":{"rendered":"<p>velo-complet-nuke-proof-mega-297-comp-moteur-lift-mtb-et-batterie-500wh<\/p>\n<p>Ce v\u00e9lo enduro avec cadre aluminium d\u00e9velopp\u00e9 par <a href=\"https:\/\/nukeproof.com\/products\/07e7-mega-297-alloy\">nuke proof<\/a> pour les coupe du monde d&#8217;enduro dispose de tout les derniers standard, comme un montage mullet les roue 29 a l&#8217;avant et 27.5 a l&#8217;arri\u00e8re, un set de suspension rockshox 170mm de d\u00e9battement avant et 165mm a l&#8217;arri\u00e8re, transmission shimano 12v , on lui a greffer un moteur lift mtb v4 avec batterie de 500wh (il peux aussi \u00eatre vendu en option avec d&#8217;autres model de batterie), afin d&#8217;en faire une arme, bien plus leger et efficace qu&#8217;un v\u00e9lo \u00e9lectrique du commerce, il offre l&#8217;avantage de pouvoir d\u00e9monter le moteur pour mettre le moteur sur un autre v\u00e9lo par exemple, ou simplement pour qq jours de vacance a la montagne si vous disposer de remont\u00e9 m\u00e9canique, bref deux v\u00e9los en un !!!<\/p>\n<p>&nbsp;<\/p>\n<p><strong>option dispo :<span style=\"font-size: medium;\"><span style=\"color: #26282a;\">\u00a0\u00a0<\/span><\/span><\/strong><\/p>\n<div class=\"yiv7272465647ydp2f41d061yiv2521463499ydpf813ccadyiv4403803754ydp6f72d46byiv3941483933ydp30d435f5yiv5141262335ydp4c4c505fyiv0605499536ydpd938ee1yiv4438439319ydp5027df47yiv3702970207ydpe7864f98yiv0676363592ydp53302150yiv5682156645ydp8d95fae1yiv2357444386ydpe4f06033yiv3873943430ydp8f9e81d4yiv0586536650ydp2ebe1fb9yiv3146460501ydp1e710855yiv1753692550ydp12664b8yiv6576537927ydpf1c66a37yiv3991328698ydpc02ff032yiv8541276577ydp9eb68068yahoo-style-wrap\" dir=\"ltr\"><span style=\"font-size: medium;\"><span style=\"color: #26282a;\">Ecran de contr\u00f4le<\/span><b><span style=\"color: #26282a;\"> +59 euro\u00a0 \u00a0\u00a0<\/span><\/b><\/span><\/div>\n<div class=\"yiv7272465647ydp2f41d061yiv2521463499ydpf813ccadyiv4403803754ydp6f72d46byiv3941483933ydp30d435f5yiv5141262335ydp4c4c505fyiv0605499536ydpd938ee1yiv4438439319ydp5027df47yiv3702970207ydpe7864f98yiv0676363592ydp53302150yiv5682156645ydp8d95fae1yiv2357444386ydpe4f06033yiv3873943430ydp8f9e81d4yiv0586536650ydp2ebe1fb9yiv3146460501ydp1e710855yiv1753692550ydp12664b8yiv6576537927ydpf1c66a37yiv3991328698ydpc02ff032yiv8541276577ydp9eb68068yahoo-style-wrap\" dir=\"ltr\"><span style=\"font-size: medium;\"><span style=\"color: #26282a;\">C<\/span><span style=\"color: #26282a;\">apteur p\u00e9dalier<\/span><b><span style=\"color: #26282a;\"> +99 euro\u00a0 \u00a0<\/span><\/b><\/span><\/div>\n<div class=\"yiv7272465647ydp2f41d061yiv2521463499ydpf813ccadyiv4403803754ydp6f72d46byiv3941483933ydp30d435f5yiv5141262335ydp4c4c505fyiv0605499536ydpd938ee1yiv4438439319ydp5027df47yiv3702970207ydpe7864f98yiv0676363592ydp53302150yiv5682156645ydp8d95fae1yiv2357444386ydpe4f06033yiv3873943430ydp8f9e81d4yiv0586536650ydp2ebe1fb9yiv3146460501ydp1e710855yiv1753692550ydp12664b8yiv6576537927ydpf1c66a37yiv3991328698ydpc02ff032yiv8541276577ydp9eb68068yahoo-style-wrap\" dir=\"ltr\"><span style=\"font-size: medium;\"><span style=\"color: #26282a;\">lampe LED surpuissante aliment\u00e9\u00a0par la batterie du kit :<\/span><b> +59euro<\/b><\/span><\/div>\n<div class=\"yiv7272465647ydp2f41d061yiv2521463499ydpf813ccadyiv4403803754ydp6f72d46byiv3941483933ydp30d435f5yiv5141262335ydp4c4c505fyiv0605499536ydpd938ee1yiv4438439319ydp5027df47yiv3702970207ydpe7864f98yiv0676363592ydp53302150yiv5682156645ydp8d95fae1yiv2357444386ydpe4f06033yiv3873943430ydp8f9e81d4yiv0586536650ydp2ebe1fb9yiv3146460501ydp1e710855yiv1753692550ydp12664b8yiv6576537927ydpf1c66a37yiv3991328698ydpc02ff032yiv8541276577ydp9eb68068yahoo-style-wrap\" dir=\"ltr\"><span style=\"font-size: medium;\">Carter droit complet de protection :<b> +39euro<\/b><\/span><\/div>\n<div class=\"yiv7272465647ydp2f41d061yiv2521463499ydpf813ccadyiv4403803754ydp6f72d46byiv3941483933ydp30d435f5yiv5141262335ydp4c4c505fyiv0605499536ydpd938ee1yiv4438439319ydp5027df47yiv3702970207ydpe7864f98yiv0676363592ydp53302150yiv5682156645ydp8d95fae1yiv2357444386ydpe4f06033yiv3873943430ydp8f9e81d4yiv0586536650ydp2ebe1fb9yiv3146460501ydp1e710855yiv1753692550ydp12664b8yiv6576537927ydpf1c66a37yiv3991328698ydpc02ff032yiv8541276577ydp9eb68068yahoo-style-wrap\" dir=\"ltr\"><span style=\"font-size: medium;\"><a href=\"https:\/produit\/option-pedalier-version-pro\/\">Option\u00a0<span style=\"color: #26282a;\">p\u00e9dalier<\/span><\/a><span style=\"color: #26282a;\">\u00a0PRO plus l\u00e9ger\u00a0et roue libre plus pr\u00e9cise\u00a0<\/span><b>:\u00a0 +250euro\u00a0<\/b><\/span><\/div>\n<div dir=\"ltr\">batterie 600wh <strong>+ 99euro<\/strong><\/div>\n<div dir=\"ltr\">Batterie 400wh <strong>-100euro<\/strong><\/div>\n<div dir=\"ltr\">batterie 300wh <strong>-200euro<\/strong><\/div>\n<div dir=\"ltr\"><\/div>\n<div dir=\"ltr\">Contactez nous pour plus d&#8217;infos sur les options du velo-complet-nuke-proof-mega-297-comp-moteur-lift-mtb-et-batterie-500wh<\/div>\n<div class=\"yiv7272465647ydp2f41d061yiv2521463499ydpf813ccadyiv4403803754ydp6f72d46byiv3941483933ydp30d435f5yiv5141262335ydp4c4c505fyiv0605499536ydpd938ee1yiv4438439319ydp5027df47yiv3702970207ydpe7864f98yiv0676363592ydp53302150yiv5682156645ydp8d95fae1yiv2357444386ydpe4f06033yiv3873943430ydp8f9e81d4yiv0586536650ydp2ebe1fb9yiv3146460501ydp1e710855yiv1753692550ydp12664b8yiv6576537927ydpf1c66a37yiv3991328698ydpc02ff032yiv8541276577ydp9eb68068yahoo-style-wrap\" dir=\"ltr\">\n<div>\n<div dir=\"ltr\">\n<div class=\"yiv7272465647ydp2f41d061yiv2521463499ydpf813ccadyiv4403803754ydp6f72d46byiv3941483933ydp30d435f5yiv5141262335ydp4c4c505fyiv0605499536ydpd938ee1yiv4438439319ydp5027df47yiv3702970207ydpe7864f98yiv0676363592ydp53302150yiv5682156645ydp8d95fae1yiv2357444386ydpe4f06033yiv3873943430ydp8f9e81d4yiv0586536650ydp2ebe1fb9yiv3146460501ydp1e710855yiv1753692550ydp12664b8yiv6576537927ydpf1c66a37yiv3991328698ydpc02ff032yiv8541276577ydp9eb68068yahoo-style-wrap\" dir=\"ltr\"><\/div>\n<\/div>\n<\/div>\n<\/div>\n","protected":false},"featured_media":49439,"comment_status":"open","ping_status":"closed","template":"","meta":[],"product_brand":[],"product_cat":[1147],"product_tag":[],"class_list":{"0":"post-49438","1":"product","2":"type-product","3":"status-publish","4":"has-post-thumbnail","6":"product_cat-velos-complets-avec-moteur-lift-mtb","8":"first","9":"outofstock","10":"taxable","11":"shipping-taxable","12":"purchasable","13":"product-type-simple"},"yoast_head":"<!-- This site is optimized with the Yoast SEO plugin v26.9 - https:\/\/yoast.com\/product\/yoast-seo-wordpress\/ -->\n<title>velo-complet-nuke-proof-mega-297-comp-moteur-lift-mtb-et-batterie<\/title>\n<meta name=\"description\" content=\"velo-complet-nuke-proof-mega-297-comp-moteur-lift-mtb-et-batterie-500wh . v\u00e9lo complet enduro deux en un ! qui vous permettra d&#039;avoir a la fois un v\u00e9lo \u00e9lectrique et un v\u00e9lo standard avec un rapport prix prestation imbattable !\" \/>\n<meta name=\"robots\" content=\"index, follow, max-snippet:-1, max-image-preview:large, max-video-preview:-1\" \/>\n<link rel=\"canonical\" href=\"https:\/\/www.lift-mtb.com\/de\/produit\/velo-complet-nuke-proof-mega-297-comp-moteur-lift-mtb-et-batterie-500wh\/\" \/>\n<meta property=\"og:locale\" content=\"de_DE\" \/>\n<meta property=\"og:type\" content=\"article\" \/>\n<meta property=\"og:title\" content=\"velo-complet-nuke-proof-mega-297-comp-moteur-lift-mtb-et-batterie\" \/>\n<meta property=\"og:description\" content=\"velo-complet-nuke-proof-mega-297-comp-moteur-lift-mtb-et-batterie-500wh . v\u00e9lo complet enduro deux en un ! qui vous permettra d&#039;avoir a la fois un v\u00e9lo \u00e9lectrique et un v\u00e9lo standard avec un rapport prix prestation imbattable !\" \/>\n<meta property=\"og:url\" content=\"https:\/\/www.lift-mtb.com\/de\/produit\/velo-complet-nuke-proof-mega-297-comp-moteur-lift-mtb-et-batterie-500wh\/\" \/>\n<meta property=\"og:site_name\" content=\"LIFT-MTB\" \/>\n<meta property=\"article:modified_time\" content=\"2024-09-05T12:50:23+00:00\" \/>\n<meta property=\"og:image\" content=\"https:\/\/www.lift-mtb.com\/wp-content\/uploads\/2024\/02\/nuke-proof-electric-bike-kit-12-scaled.jpg\" \/>\n\t<meta property=\"og:image:width\" content=\"2560\" \/>\n\t<meta property=\"og:image:height\" content=\"1709\" \/>\n\t<meta property=\"og:image:type\" content=\"image\/jpeg\" \/>\n<meta name=\"twitter:card\" content=\"summary_large_image\" \/>\n<meta name=\"twitter:label1\" content=\"Gesch\u00e4tzte Lesezeit\" \/>\n\t<meta name=\"twitter:data1\" content=\"2\u00a0Minuten\" \/>\n<script type=\"application\/ld+json\" class=\"yoast-schema-graph\">{\"@context\":\"https:\/\/schema.org\",\"@graph\":[{\"@type\":\"WebPage\",\"@id\":\"https:\/\/www.lift-mtb.com\/de\/produit\/velo-complet-nuke-proof-mega-297-comp-moteur-lift-mtb-et-batterie-500wh\/\",\"url\":\"https:\/\/www.lift-mtb.com\/de\/produit\/velo-complet-nuke-proof-mega-297-comp-moteur-lift-mtb-et-batterie-500wh\/\",\"name\":\"velo-complet-nuke-proof-mega-297-comp-moteur-lift-mtb-et-batterie\",\"isPartOf\":{\"@id\":\"https:\/\/www.lift-mtb.com\/de\/#website\"},\"primaryImageOfPage\":{\"@id\":\"https:\/\/www.lift-mtb.com\/de\/produit\/velo-complet-nuke-proof-mega-297-comp-moteur-lift-mtb-et-batterie-500wh\/#primaryimage\"},\"image\":{\"@id\":\"https:\/\/www.lift-mtb.com\/de\/produit\/velo-complet-nuke-proof-mega-297-comp-moteur-lift-mtb-et-batterie-500wh\/#primaryimage\"},\"thumbnailUrl\":\"https:\/\/www.lift-mtb.com\/wp-content\/uploads\/2024\/02\/nuke-proof-electric-bike-kit-12-scaled.jpg\",\"datePublished\":\"2024-02-22T06:55:24+00:00\",\"dateModified\":\"2024-09-05T12:50:23+00:00\",\"description\":\"velo-complet-nuke-proof-mega-297-comp-moteur-lift-mtb-et-batterie-500wh . v\u00e9lo complet enduro deux en un ! qui vous permettra d'avoir a la fois un v\u00e9lo \u00e9lectrique et un v\u00e9lo standard avec un rapport prix prestation imbattable !\",\"breadcrumb\":{\"@id\":\"https:\/\/www.lift-mtb.com\/de\/produit\/velo-complet-nuke-proof-mega-297-comp-moteur-lift-mtb-et-batterie-500wh\/#breadcrumb\"},\"inLanguage\":\"de\",\"potentialAction\":[{\"@type\":\"ReadAction\",\"target\":[\"https:\/\/www.lift-mtb.com\/de\/produit\/velo-complet-nuke-proof-mega-297-comp-moteur-lift-mtb-et-batterie-500wh\/\"]}]},{\"@type\":\"ImageObject\",\"inLanguage\":\"de\",\"@id\":\"https:\/\/www.lift-mtb.com\/de\/produit\/velo-complet-nuke-proof-mega-297-comp-moteur-lift-mtb-et-batterie-500wh\/#primaryimage\",\"url\":\"https:\/\/www.lift-mtb.com\/wp-content\/uploads\/2024\/02\/nuke-proof-electric-bike-kit-12-scaled.jpg\",\"contentUrl\":\"https:\/\/www.lift-mtb.com\/wp-content\/uploads\/2024\/02\/nuke-proof-electric-bike-kit-12-scaled.jpg\",\"width\":2560,\"height\":1709},{\"@type\":\"BreadcrumbList\",\"@id\":\"https:\/\/www.lift-mtb.com\/de\/produit\/velo-complet-nuke-proof-mega-297-comp-moteur-lift-mtb-et-batterie-500wh\/#breadcrumb\",\"itemListElement\":[{\"@type\":\"ListItem\",\"position\":1,\"name\":\"Accueil\",\"item\":\"https:\/\/www.lift-mtb.com\/de\/\"},{\"@type\":\"ListItem\",\"position\":2,\"name\":\"Shop\",\"item\":\"https:\/\/www.lift-mtb.com\/de\/shop\/\"},{\"@type\":\"ListItem\",\"position\":3,\"name\":\"v\u00e9los complets avec moteur lift mtb\",\"item\":\"https:\/\/www.lift-mtb.com\/de\/categorie-produit\/velos-complets-avec-moteur-lift-mtb\/\"},{\"@type\":\"ListItem\",\"position\":4,\"name\":\"Velo complet nuke proof mega 297 comp large + moteur lift mtb et batterie 500wh\"}]},{\"@type\":\"WebSite\",\"@id\":\"https:\/\/www.lift-mtb.com\/de\/#website\",\"url\":\"https:\/\/www.lift-mtb.com\/de\/\",\"name\":\"LIFT-MTB\",\"description\":\"Transformer son v\u00e9lo en \u00e9lectrique rapidement !\",\"publisher\":{\"@id\":\"https:\/\/www.lift-mtb.com\/de\/#organization\"},\"potentialAction\":[{\"@type\":\"SearchAction\",\"target\":{\"@type\":\"EntryPoint\",\"urlTemplate\":\"https:\/\/www.lift-mtb.com\/de\/?s={search_term_string}\"},\"query-input\":{\"@type\":\"PropertyValueSpecification\",\"valueRequired\":true,\"valueName\":\"search_term_string\"}}],\"inLanguage\":\"de\"},{\"@type\":\"Organization\",\"@id\":\"https:\/\/www.lift-mtb.com\/de\/#organization\",\"name\":\"LIFT-MTB\",\"url\":\"https:\/\/www.lift-mtb.com\/de\/\",\"logo\":{\"@type\":\"ImageObject\",\"inLanguage\":\"de\",\"@id\":\"https:\/\/www.lift-mtb.com\/de\/#\/schema\/logo\/image\/\",\"url\":\"https:\/\/www.lift-mtb.com\/wp-content\/uploads\/2022\/01\/electric-kit-for-bike-1.jpg\",\"contentUrl\":\"https:\/\/www.lift-mtb.com\/wp-content\/uploads\/2022\/01\/electric-kit-for-bike-1.jpg\",\"width\":1223,\"height\":560,\"caption\":\"LIFT-MTB\"},\"image\":{\"@id\":\"https:\/\/www.lift-mtb.com\/de\/#\/schema\/logo\/image\/\"}}]}<\/script>\n<!-- \/ Yoast SEO plugin. -->","yoast_head_json":{"title":"velo-complet-nuke-proof-mega-297-comp-moteur-lift-mtb-et-batterie","description":"velo-complet-nuke-proof-mega-297-comp-moteur-lift-mtb-et-batterie-500wh . v\u00e9lo complet enduro deux en un ! qui vous permettra d'avoir a la fois un v\u00e9lo \u00e9lectrique et un v\u00e9lo standard avec un rapport prix prestation imbattable !","robots":{"index":"index","follow":"follow","max-snippet":"max-snippet:-1","max-image-preview":"max-image-preview:large","max-video-preview":"max-video-preview:-1"},"canonical":"https:\/\/www.lift-mtb.com\/de\/produit\/velo-complet-nuke-proof-mega-297-comp-moteur-lift-mtb-et-batterie-500wh\/","og_locale":"de_DE","og_type":"article","og_title":"velo-complet-nuke-proof-mega-297-comp-moteur-lift-mtb-et-batterie","og_description":"velo-complet-nuke-proof-mega-297-comp-moteur-lift-mtb-et-batterie-500wh . v\u00e9lo complet enduro deux en un ! qui vous permettra d'avoir a la fois un v\u00e9lo \u00e9lectrique et un v\u00e9lo standard avec un rapport prix prestation imbattable !","og_url":"https:\/\/www.lift-mtb.com\/de\/produit\/velo-complet-nuke-proof-mega-297-comp-moteur-lift-mtb-et-batterie-500wh\/","og_site_name":"LIFT-MTB","article_modified_time":"2024-09-05T12:50:23+00:00","og_image":[{"width":2560,"height":1709,"url":"https:\/\/www.lift-mtb.com\/wp-content\/uploads\/2024\/02\/nuke-proof-electric-bike-kit-12-scaled.jpg","type":"image\/jpeg"}],"twitter_card":"summary_large_image","twitter_misc":{"Gesch\u00e4tzte Lesezeit":"2\u00a0Minuten"},"schema":{"@context":"https:\/\/schema.org","@graph":[{"@type":"WebPage","@id":"https:\/\/www.lift-mtb.com\/de\/produit\/velo-complet-nuke-proof-mega-297-comp-moteur-lift-mtb-et-batterie-500wh\/","url":"https:\/\/www.lift-mtb.com\/de\/produit\/velo-complet-nuke-proof-mega-297-comp-moteur-lift-mtb-et-batterie-500wh\/","name":"velo-complet-nuke-proof-mega-297-comp-moteur-lift-mtb-et-batterie","isPartOf":{"@id":"https:\/\/www.lift-mtb.com\/de\/#website"},"primaryImageOfPage":{"@id":"https:\/\/www.lift-mtb.com\/de\/produit\/velo-complet-nuke-proof-mega-297-comp-moteur-lift-mtb-et-batterie-500wh\/#primaryimage"},"image":{"@id":"https:\/\/www.lift-mtb.com\/de\/produit\/velo-complet-nuke-proof-mega-297-comp-moteur-lift-mtb-et-batterie-500wh\/#primaryimage"},"thumbnailUrl":"https:\/\/www.lift-mtb.com\/wp-content\/uploads\/2024\/02\/nuke-proof-electric-bike-kit-12-scaled.jpg","datePublished":"2024-02-22T06:55:24+00:00","dateModified":"2024-09-05T12:50:23+00:00","description":"velo-complet-nuke-proof-mega-297-comp-moteur-lift-mtb-et-batterie-500wh . v\u00e9lo complet enduro deux en un ! qui vous permettra d'avoir a la fois un v\u00e9lo \u00e9lectrique et un v\u00e9lo standard avec un rapport prix prestation imbattable !","breadcrumb":{"@id":"https:\/\/www.lift-mtb.com\/de\/produit\/velo-complet-nuke-proof-mega-297-comp-moteur-lift-mtb-et-batterie-500wh\/#breadcrumb"},"inLanguage":"de","potentialAction":[{"@type":"ReadAction","target":["https:\/\/www.lift-mtb.com\/de\/produit\/velo-complet-nuke-proof-mega-297-comp-moteur-lift-mtb-et-batterie-500wh\/"]}]},{"@type":"ImageObject","inLanguage":"de","@id":"https:\/\/www.lift-mtb.com\/de\/produit\/velo-complet-nuke-proof-mega-297-comp-moteur-lift-mtb-et-batterie-500wh\/#primaryimage","url":"https:\/\/www.lift-mtb.com\/wp-content\/uploads\/2024\/02\/nuke-proof-electric-bike-kit-12-scaled.jpg","contentUrl":"https:\/\/www.lift-mtb.com\/wp-content\/uploads\/2024\/02\/nuke-proof-electric-bike-kit-12-scaled.jpg","width":2560,"height":1709},{"@type":"BreadcrumbList","@id":"https:\/\/www.lift-mtb.com\/de\/produit\/velo-complet-nuke-proof-mega-297-comp-moteur-lift-mtb-et-batterie-500wh\/#breadcrumb","itemListElement":[{"@type":"ListItem","position":1,"name":"Accueil","item":"https:\/\/www.lift-mtb.com\/de\/"},{"@type":"ListItem","position":2,"name":"Shop","item":"https:\/\/www.lift-mtb.com\/de\/shop\/"},{"@type":"ListItem","position":3,"name":"v\u00e9los complets avec moteur lift mtb","item":"https:\/\/www.lift-mtb.com\/de\/categorie-produit\/velos-complets-avec-moteur-lift-mtb\/"},{"@type":"ListItem","position":4,"name":"Velo complet nuke proof mega 297 comp large + moteur lift mtb et batterie 500wh"}]},{"@type":"WebSite","@id":"https:\/\/www.lift-mtb.com\/de\/#website","url":"https:\/\/www.lift-mtb.com\/de\/","name":"LIFT-MTB","description":"Transformer son v\u00e9lo en \u00e9lectrique rapidement !","publisher":{"@id":"https:\/\/www.lift-mtb.com\/de\/#organization"},"potentialAction":[{"@type":"SearchAction","target":{"@type":"EntryPoint","urlTemplate":"https:\/\/www.lift-mtb.com\/de\/?s={search_term_string}"},"query-input":{"@type":"PropertyValueSpecification","valueRequired":true,"valueName":"search_term_string"}}],"inLanguage":"de"},{"@type":"Organization","@id":"https:\/\/www.lift-mtb.com\/de\/#organization","name":"LIFT-MTB","url":"https:\/\/www.lift-mtb.com\/de\/","logo":{"@type":"ImageObject","inLanguage":"de","@id":"https:\/\/www.lift-mtb.com\/de\/#\/schema\/logo\/image\/","url":"https:\/\/www.lift-mtb.com\/wp-content\/uploads\/2022\/01\/electric-kit-for-bike-1.jpg","contentUrl":"https:\/\/www.lift-mtb.com\/wp-content\/uploads\/2022\/01\/electric-kit-for-bike-1.jpg","width":1223,"height":560,"caption":"LIFT-MTB"},"image":{"@id":"https:\/\/www.lift-mtb.com\/de\/#\/schema\/logo\/image\/"}}]}},"_links":{"self":[{"href":"https:\/\/www.lift-mtb.com\/de\/wp-json\/wp\/v2\/product\/49438","targetHints":{"allow":["GET"]}}],"collection":[{"href":"https:\/\/www.lift-mtb.com\/de\/wp-json\/wp\/v2\/product"}],"about":[{"href":"https:\/\/www.lift-mtb.com\/de\/wp-json\/wp\/v2\/types\/product"}],"replies":[{"embeddable":true,"href":"https:\/\/www.lift-mtb.com\/de\/wp-json\/wp\/v2\/comments?post=49438"}],"wp:featuredmedia":[{"embeddable":true,"href":"https:\/\/www.lift-mtb.com\/de\/wp-json\/wp\/v2\/media\/49439"}],"wp:attachment":[{"href":"https:\/\/www.lift-mtb.com\/de\/wp-json\/wp\/v2\/media?parent=49438"}],"wp:term":[{"taxonomy":"product_brand","embeddable":true,"href":"https:\/\/www.lift-mtb.com\/de\/wp-json\/wp\/v2\/product_brand?post=49438"},{"taxonomy":"product_cat","embeddable":true,"href":"https:\/\/www.lift-mtb.com\/de\/wp-json\/wp\/v2\/product_cat?post=49438"},{"taxonomy":"product_tag","embeddable":true,"href":"https:\/\/www.lift-mtb.com\/de\/wp-json\/wp\/v2\/product_tag?post=49438"}],"curies":[{"name":"wp","href":"https:\/\/api.w.org\/{rel}","templated":true}]}}