{"id":49475,"date":"2024-02-22T08:24:22","date_gmt":"2024-02-22T07:24:22","guid":{"rendered":"https:\/?post_type=product&#038;p=49475"},"modified":"2025-07-29T15:26:52","modified_gmt":"2025-07-29T13:26:52","slug":"vtt-lapierre-zesty-am-327-moteur-lift-mtb-batterie-500wh-options","status":"publish","type":"product","link":"https:\/\/www.lift-mtb.com\/de\/produit\/vtt-lapierre-zesty-am-327-moteur-lift-mtb-batterie-500wh-options\/","title":{"rendered":"VTT lapierre zesty am 327 + moteur LIFT MTB batterie 500wh + options \/ OCCASSION \/"},"content":{"rendered":"<p>VTT lapierre zesty am 327 2016 + moteur LIFT MTB batterie 500wh + options capteur de p\u00e9dalier , batterie cadre \u00e9cran de contr\u00f4le.<\/p>\n<p>V\u00e9lo d&#8217;occasion qui a tr\u00e8s peu rouler pneus enduro renforc\u00e9s, suspension fox d\u00e9battement 150mm roue 27.5, casette 11\/42, tige de selle telecopique, berf tout ce qu&#8217;il faut pour d\u00e9buter l&#8217;enduro \u00e9lectrique a budget r\u00e9duit avec une super bonne machine fiable et performante !<\/p>\n<p>taille large pour un utilisateur d&#8217;environ de 1.73 a 1.83cm<\/p>\n<p>&nbsp;<\/p>\n<p>Le\u00a0<strong>VTT Tout Suspendu<\/strong>\u00a0<strong>LAPIERRE ZESTY AM 327<\/strong>\u00a0de la gamme\u00a0<strong>2016<\/strong>\u00a0est un\u00a0<strong>v\u00e9lo polyvalent<\/strong>\u00a0et confortable. Ce\u00a0<strong>VTT<\/strong>\u00a0est conseill\u00e9\u00a0pour une utilisation\u00a0<strong>All-Mountain<\/strong>. Il est \u00e9quip\u00e9 de\u00a0<strong>roues de 27,5 pouces<\/strong>\u00a0pour plus de r\u00e9activit\u00e9 et de pr\u00e9cisions lors des changement de directions, son d\u00e9battement de 150 mm lui apporte\u00a0<strong>confort<\/strong>\u00a0et\u00a0<strong>efficacit\u00e9<\/strong>\u00a0sur tous les types de terrains. Sa\u00a0<strong>tige de selle t\u00e9lescopique\u00a0<\/strong>permet au<strong>\u00a0<\/strong>pilote d\u2019<strong>adapter sa position en descente<\/strong>. En\u00a0<strong>2016<\/strong>,\u00a0<strong>Lapierre<\/strong>\u00a0a renouvel\u00e9 \u00e0 100% le cadre du<strong>\u00a0Zesty<\/strong>\u00a0en collaboration avec Nicolas Vouilloz multiple champion du monde de descente. Le point d\u2019ancrage de l\u2019amortisseur se trouve d\u00e9sormais sur le tube sup\u00e9rieur et non plus sur le tube diagonal, laissant\u00a0<strong>plus d\u2019espace pour le porte-bidon\/bidon afin de mettre la batterie sur le cadre et le moteur en interne<\/strong>.<\/p>\n<p>La g\u00e9om\u00e9trie du cadre a \u00e9t\u00e9 modifi\u00e9,\u00a0le v\u00e9lo est plus long et le poste de pilotage plus court et plus large pour prendre un maximum de plaisir.\u00a0<b>Enti\u00e8rement r\u00e9vis\u00e9 dans notre atelier.<\/b><\/p>\n","protected":false},"excerpt":{"rendered":"<p>VTT lapierre zesty am 327 2016 + moteur LIFT MTB batterie 500wh + options capteur de p\u00e9dalier + batterie cadre \u00e9cran de contr\u00f4le.<\/p>\n<p>VTT lapierre zesty am 327 2016 + moteur LIFT MTB batterie 500wh + options capteur de p\u00e9dalier , batterie cadre ecran de controle.<\/p>\n<p>V\u00e9lo d&#8217;occasion qui a tr\u00e8s peu rouler pneus enduro renforc\u00e9s, suspension fox d\u00e9battement 150mm roue 27.5, casette 11\/42, tige de selle telecopique, berf tout ce qu&#8217;il faut pour d\u00e9buter l&#8217;enduro \u00e9lectrique a budget r\u00e9duit avec une super bonne machine fiable et performante !<\/p>\n<p>taille large pour un utilisateur d&#8217;environ de 1.73 a 1.83cm<\/p>\n<p>&nbsp;<\/p>\n","protected":false},"featured_media":49476,"comment_status":"open","ping_status":"closed","template":"","meta":[],"product_brand":[],"product_cat":[1147],"product_tag":[],"class_list":{"0":"post-49475","1":"product","2":"type-product","3":"status-publish","4":"has-post-thumbnail","6":"product_cat-velos-complets-avec-moteur-lift-mtb","8":"first","9":"outofstock","10":"taxable","11":"shipping-taxable","12":"purchasable","13":"product-type-simple"},"yoast_head":"<!-- This site is optimized with the Yoast SEO plugin v26.9 - https:\/\/yoast.com\/product\/yoast-seo-wordpress\/ -->\n<title>VTT lapierre zesty am 327 + moteur LIFT MTB batterie 500wh<\/title>\n<meta name=\"description\" content=\"VTT lapierre zesty am 327 + moteur LIFT MTB batterie 500wh + options capteur pedalier , batterie cadre + ecran de controle + suspension fox\" \/>\n<meta name=\"robots\" content=\"index, follow, max-snippet:-1, max-image-preview:large, max-video-preview:-1\" \/>\n<link rel=\"canonical\" href=\"https:\/\/www.lift-mtb.com\/de\/produit\/vtt-lapierre-zesty-am-327-moteur-lift-mtb-batterie-500wh-options\/\" \/>\n<meta property=\"og:locale\" content=\"de_DE\" \/>\n<meta property=\"og:type\" content=\"article\" \/>\n<meta property=\"og:title\" content=\"VTT lapierre zesty am 327 + moteur LIFT MTB batterie 500wh\" \/>\n<meta property=\"og:description\" content=\"VTT lapierre zesty am 327 + moteur LIFT MTB batterie 500wh + options capteur pedalier , batterie cadre + ecran de controle + suspension fox\" \/>\n<meta property=\"og:url\" content=\"https:\/\/www.lift-mtb.com\/de\/produit\/vtt-lapierre-zesty-am-327-moteur-lift-mtb-batterie-500wh-options\/\" \/>\n<meta property=\"og:site_name\" content=\"LIFT-MTB\" \/>\n<meta property=\"article:modified_time\" content=\"2025-07-29T13:26:52+00:00\" \/>\n<meta property=\"og:image\" content=\"https:\/\/www.lift-mtb.com\/wp-content\/uploads\/2024\/02\/battery-cover-ebike-internal-6-scaled.jpg\" \/>\n\t<meta property=\"og:image:width\" content=\"2560\" \/>\n\t<meta property=\"og:image:height\" content=\"1696\" \/>\n\t<meta property=\"og:image:type\" content=\"image\/jpeg\" \/>\n<meta name=\"twitter:card\" content=\"summary_large_image\" \/>\n<meta name=\"twitter:label1\" content=\"Gesch\u00e4tzte Lesezeit\" \/>\n\t<meta name=\"twitter:data1\" content=\"2\u00a0Minuten\" \/>\n<script type=\"application\/ld+json\" class=\"yoast-schema-graph\">{\"@context\":\"https:\/\/schema.org\",\"@graph\":[{\"@type\":\"WebPage\",\"@id\":\"https:\/\/www.lift-mtb.com\/de\/produit\/vtt-lapierre-zesty-am-327-moteur-lift-mtb-batterie-500wh-options\/\",\"url\":\"https:\/\/www.lift-mtb.com\/de\/produit\/vtt-lapierre-zesty-am-327-moteur-lift-mtb-batterie-500wh-options\/\",\"name\":\"VTT lapierre zesty am 327 + moteur LIFT MTB batterie 500wh\",\"isPartOf\":{\"@id\":\"https:\/\/www.lift-mtb.com\/de\/#website\"},\"primaryImageOfPage\":{\"@id\":\"https:\/\/www.lift-mtb.com\/de\/produit\/vtt-lapierre-zesty-am-327-moteur-lift-mtb-batterie-500wh-options\/#primaryimage\"},\"image\":{\"@id\":\"https:\/\/www.lift-mtb.com\/de\/produit\/vtt-lapierre-zesty-am-327-moteur-lift-mtb-batterie-500wh-options\/#primaryimage\"},\"thumbnailUrl\":\"https:\/\/www.lift-mtb.com\/wp-content\/uploads\/2024\/02\/battery-cover-ebike-internal-6-scaled.jpg\",\"datePublished\":\"2024-02-22T07:24:22+00:00\",\"dateModified\":\"2025-07-29T13:26:52+00:00\",\"description\":\"VTT lapierre zesty am 327 + moteur LIFT MTB batterie 500wh + options capteur pedalier , batterie cadre + ecran de controle + suspension fox\",\"breadcrumb\":{\"@id\":\"https:\/\/www.lift-mtb.com\/de\/produit\/vtt-lapierre-zesty-am-327-moteur-lift-mtb-batterie-500wh-options\/#breadcrumb\"},\"inLanguage\":\"de\",\"potentialAction\":[{\"@type\":\"ReadAction\",\"target\":[\"https:\/\/www.lift-mtb.com\/de\/produit\/vtt-lapierre-zesty-am-327-moteur-lift-mtb-batterie-500wh-options\/\"]}]},{\"@type\":\"ImageObject\",\"inLanguage\":\"de\",\"@id\":\"https:\/\/www.lift-mtb.com\/de\/produit\/vtt-lapierre-zesty-am-327-moteur-lift-mtb-batterie-500wh-options\/#primaryimage\",\"url\":\"https:\/\/www.lift-mtb.com\/wp-content\/uploads\/2024\/02\/battery-cover-ebike-internal-6-scaled.jpg\",\"contentUrl\":\"https:\/\/www.lift-mtb.com\/wp-content\/uploads\/2024\/02\/battery-cover-ebike-internal-6-scaled.jpg\",\"width\":2560,\"height\":1696,\"caption\":\"vtt lapierre electrique\"},{\"@type\":\"BreadcrumbList\",\"@id\":\"https:\/\/www.lift-mtb.com\/de\/produit\/vtt-lapierre-zesty-am-327-moteur-lift-mtb-batterie-500wh-options\/#breadcrumb\",\"itemListElement\":[{\"@type\":\"ListItem\",\"position\":1,\"name\":\"Accueil\",\"item\":\"https:\/\/www.lift-mtb.com\/de\/\"},{\"@type\":\"ListItem\",\"position\":2,\"name\":\"Shop\",\"item\":\"https:\/\/www.lift-mtb.com\/de\/shop\/\"},{\"@type\":\"ListItem\",\"position\":3,\"name\":\"v\u00e9los complets avec moteur lift mtb\",\"item\":\"https:\/\/www.lift-mtb.com\/it\/categorie-produit\/velos-complets-avec-moteur-lift-mtb\/\"},{\"@type\":\"ListItem\",\"position\":4,\"name\":\"VTT lapierre zesty am 327 + moteur LIFT MTB batterie 500wh + options \/ OCCASSION \/\"}]},{\"@type\":\"WebSite\",\"@id\":\"https:\/\/www.lift-mtb.com\/de\/#website\",\"url\":\"https:\/\/www.lift-mtb.com\/de\/\",\"name\":\"LIFT-MTB\",\"description\":\"Transformer son v\u00e9lo en \u00e9lectrique rapidement !\",\"publisher\":{\"@id\":\"https:\/\/www.lift-mtb.com\/de\/#organization\"},\"potentialAction\":[{\"@type\":\"SearchAction\",\"target\":{\"@type\":\"EntryPoint\",\"urlTemplate\":\"https:\/\/www.lift-mtb.com\/de\/?s={search_term_string}\"},\"query-input\":{\"@type\":\"PropertyValueSpecification\",\"valueRequired\":true,\"valueName\":\"search_term_string\"}}],\"inLanguage\":\"de\"},{\"@type\":\"Organization\",\"@id\":\"https:\/\/www.lift-mtb.com\/de\/#organization\",\"name\":\"LIFT-MTB\",\"url\":\"https:\/\/www.lift-mtb.com\/de\/\",\"logo\":{\"@type\":\"ImageObject\",\"inLanguage\":\"de\",\"@id\":\"https:\/\/www.lift-mtb.com\/de\/#\/schema\/logo\/image\/\",\"url\":\"https:\/\/www.lift-mtb.com\/wp-content\/uploads\/2022\/01\/electric-kit-for-bike-1.jpg\",\"contentUrl\":\"https:\/\/www.lift-mtb.com\/wp-content\/uploads\/2022\/01\/electric-kit-for-bike-1.jpg\",\"width\":1223,\"height\":560,\"caption\":\"LIFT-MTB\"},\"image\":{\"@id\":\"https:\/\/www.lift-mtb.com\/de\/#\/schema\/logo\/image\/\"}}]}<\/script>\n<!-- \/ Yoast SEO plugin. -->","yoast_head_json":{"title":"VTT lapierre zesty am 327 + moteur LIFT MTB batterie 500wh","description":"VTT lapierre zesty am 327 + moteur LIFT MTB batterie 500wh + options capteur pedalier , batterie cadre + ecran de controle + suspension fox","robots":{"index":"index","follow":"follow","max-snippet":"max-snippet:-1","max-image-preview":"max-image-preview:large","max-video-preview":"max-video-preview:-1"},"canonical":"https:\/\/www.lift-mtb.com\/de\/produit\/vtt-lapierre-zesty-am-327-moteur-lift-mtb-batterie-500wh-options\/","og_locale":"de_DE","og_type":"article","og_title":"VTT lapierre zesty am 327 + moteur LIFT MTB batterie 500wh","og_description":"VTT lapierre zesty am 327 + moteur LIFT MTB batterie 500wh + options capteur pedalier , batterie cadre + ecran de controle + suspension fox","og_url":"https:\/\/www.lift-mtb.com\/de\/produit\/vtt-lapierre-zesty-am-327-moteur-lift-mtb-batterie-500wh-options\/","og_site_name":"LIFT-MTB","article_modified_time":"2025-07-29T13:26:52+00:00","og_image":[{"width":2560,"height":1696,"url":"https:\/\/www.lift-mtb.com\/wp-content\/uploads\/2024\/02\/battery-cover-ebike-internal-6-scaled.jpg","type":"image\/jpeg"}],"twitter_card":"summary_large_image","twitter_misc":{"Gesch\u00e4tzte Lesezeit":"2\u00a0Minuten"},"schema":{"@context":"https:\/\/schema.org","@graph":[{"@type":"WebPage","@id":"https:\/\/www.lift-mtb.com\/de\/produit\/vtt-lapierre-zesty-am-327-moteur-lift-mtb-batterie-500wh-options\/","url":"https:\/\/www.lift-mtb.com\/de\/produit\/vtt-lapierre-zesty-am-327-moteur-lift-mtb-batterie-500wh-options\/","name":"VTT lapierre zesty am 327 + moteur LIFT MTB batterie 500wh","isPartOf":{"@id":"https:\/\/www.lift-mtb.com\/de\/#website"},"primaryImageOfPage":{"@id":"https:\/\/www.lift-mtb.com\/de\/produit\/vtt-lapierre-zesty-am-327-moteur-lift-mtb-batterie-500wh-options\/#primaryimage"},"image":{"@id":"https:\/\/www.lift-mtb.com\/de\/produit\/vtt-lapierre-zesty-am-327-moteur-lift-mtb-batterie-500wh-options\/#primaryimage"},"thumbnailUrl":"https:\/\/www.lift-mtb.com\/wp-content\/uploads\/2024\/02\/battery-cover-ebike-internal-6-scaled.jpg","datePublished":"2024-02-22T07:24:22+00:00","dateModified":"2025-07-29T13:26:52+00:00","description":"VTT lapierre zesty am 327 + moteur LIFT MTB batterie 500wh + options capteur pedalier , batterie cadre + ecran de controle + suspension fox","breadcrumb":{"@id":"https:\/\/www.lift-mtb.com\/de\/produit\/vtt-lapierre-zesty-am-327-moteur-lift-mtb-batterie-500wh-options\/#breadcrumb"},"inLanguage":"de","potentialAction":[{"@type":"ReadAction","target":["https:\/\/www.lift-mtb.com\/de\/produit\/vtt-lapierre-zesty-am-327-moteur-lift-mtb-batterie-500wh-options\/"]}]},{"@type":"ImageObject","inLanguage":"de","@id":"https:\/\/www.lift-mtb.com\/de\/produit\/vtt-lapierre-zesty-am-327-moteur-lift-mtb-batterie-500wh-options\/#primaryimage","url":"https:\/\/www.lift-mtb.com\/wp-content\/uploads\/2024\/02\/battery-cover-ebike-internal-6-scaled.jpg","contentUrl":"https:\/\/www.lift-mtb.com\/wp-content\/uploads\/2024\/02\/battery-cover-ebike-internal-6-scaled.jpg","width":2560,"height":1696,"caption":"vtt lapierre electrique"},{"@type":"BreadcrumbList","@id":"https:\/\/www.lift-mtb.com\/de\/produit\/vtt-lapierre-zesty-am-327-moteur-lift-mtb-batterie-500wh-options\/#breadcrumb","itemListElement":[{"@type":"ListItem","position":1,"name":"Accueil","item":"https:\/\/www.lift-mtb.com\/de\/"},{"@type":"ListItem","position":2,"name":"Shop","item":"https:\/\/www.lift-mtb.com\/de\/shop\/"},{"@type":"ListItem","position":3,"name":"v\u00e9los complets avec moteur lift mtb","item":"https:\/\/www.lift-mtb.com\/it\/categorie-produit\/velos-complets-avec-moteur-lift-mtb\/"},{"@type":"ListItem","position":4,"name":"VTT lapierre zesty am 327 + moteur LIFT MTB batterie 500wh + options \/ OCCASSION \/"}]},{"@type":"WebSite","@id":"https:\/\/www.lift-mtb.com\/de\/#website","url":"https:\/\/www.lift-mtb.com\/de\/","name":"LIFT-MTB","description":"Transformer son v\u00e9lo en \u00e9lectrique rapidement !","publisher":{"@id":"https:\/\/www.lift-mtb.com\/de\/#organization"},"potentialAction":[{"@type":"SearchAction","target":{"@type":"EntryPoint","urlTemplate":"https:\/\/www.lift-mtb.com\/de\/?s={search_term_string}"},"query-input":{"@type":"PropertyValueSpecification","valueRequired":true,"valueName":"search_term_string"}}],"inLanguage":"de"},{"@type":"Organization","@id":"https:\/\/www.lift-mtb.com\/de\/#organization","name":"LIFT-MTB","url":"https:\/\/www.lift-mtb.com\/de\/","logo":{"@type":"ImageObject","inLanguage":"de","@id":"https:\/\/www.lift-mtb.com\/de\/#\/schema\/logo\/image\/","url":"https:\/\/www.lift-mtb.com\/wp-content\/uploads\/2022\/01\/electric-kit-for-bike-1.jpg","contentUrl":"https:\/\/www.lift-mtb.com\/wp-content\/uploads\/2022\/01\/electric-kit-for-bike-1.jpg","width":1223,"height":560,"caption":"LIFT-MTB"},"image":{"@id":"https:\/\/www.lift-mtb.com\/de\/#\/schema\/logo\/image\/"}}]}},"_links":{"self":[{"href":"https:\/\/www.lift-mtb.com\/de\/wp-json\/wp\/v2\/product\/49475","targetHints":{"allow":["GET"]}}],"collection":[{"href":"https:\/\/www.lift-mtb.com\/de\/wp-json\/wp\/v2\/product"}],"about":[{"href":"https:\/\/www.lift-mtb.com\/de\/wp-json\/wp\/v2\/types\/product"}],"replies":[{"embeddable":true,"href":"https:\/\/www.lift-mtb.com\/de\/wp-json\/wp\/v2\/comments?post=49475"}],"wp:featuredmedia":[{"embeddable":true,"href":"https:\/\/www.lift-mtb.com\/de\/wp-json\/wp\/v2\/media\/49476"}],"wp:attachment":[{"href":"https:\/\/www.lift-mtb.com\/de\/wp-json\/wp\/v2\/media?parent=49475"}],"wp:term":[{"taxonomy":"product_brand","embeddable":true,"href":"https:\/\/www.lift-mtb.com\/de\/wp-json\/wp\/v2\/product_brand?post=49475"},{"taxonomy":"product_cat","embeddable":true,"href":"https:\/\/www.lift-mtb.com\/de\/wp-json\/wp\/v2\/product_cat?post=49475"},{"taxonomy":"product_tag","embeddable":true,"href":"https:\/\/www.lift-mtb.com\/de\/wp-json\/wp\/v2\/product_tag?post=49475"}],"curies":[{"name":"wp","href":"https:\/\/api.w.org\/{rel}","templated":true}]}}