{"id":50498,"date":"2025-01-19T09:02:02","date_gmt":"2025-01-19T08:02:02","guid":{"rendered":"https:\/?post_type=product&#038;p=50498"},"modified":"2026-02-06T11:44:03","modified_gmt":"2026-02-06T10:44:03","slug":"revision-fourche-fox-rockshox","status":"publish","type":"product","link":"https:\/\/www.lift-mtb.com\/de\/produit\/revision-fourche-fox-rockshox\/","title":{"rendered":"R\u00e9vision fourche FOX \/ ROCKSHOX \/ OLHINS \/ DVO \/ MANITOU \/ MARZOCCHI"},"content":{"rendered":"<h1>R\u00e9vision fourche FOX \/ ROCKSHOX \/ OLHINS \/ DVO \/ MANITOU \/ MARZOCCHI<\/h1>\n<h2>Pourquoi faire sa r\u00e9vision suspension chez LIFT ?<\/h2>\n<p>Fort de plus de 20 ans d&#8217;exp\u00e9rience dans le domaine des suspensions, dont 10 ans chez FOX France :<\/p>\n<p>Nous faisons les <strong>r\u00e9vision-fourche-fox-rockshox <\/strong>et reparons la plupart des fourches et amortisseurs du march\u00e9 notamment, nous sommes \u00e9galement FOX et Olhins center.<\/p>\n<h2>Pilote ELITE en coupe du monde.<\/h2>\n<p>Pilote en coupe du monde de <a href=\"https:\/?post_type=envira&amp;p=41755\">DH<\/a> et 4X \u00e9lite pendent 10ans, avec de nombreuse s\u00e9lections en \u00e9quipe de France.<\/p>\n<p>Cette exp\u00e9rience irrempla\u00e7able permet d&#8217;avoir une analyse et un ressenti sur le fonctionnement des suspensions que peu de gens sont capable d&#8217;avoir.<\/p>\n<h2>Une exp\u00e9rience unique de la comp\u00e9tition.<\/h2>\n<p>M\u00e9canicien pour de nombreux pilote PRO comme :<\/p>\n<ul>\n<li>le Canadien Jess Melamed (champion du monde \u00e9lite d&#8217;enduro)<\/li>\n<li>Isabeau Coudurier (multiple championne du monde \u00e9lite enduro),<\/li>\n<li>Florian Nicola\u00ef ( vice champion du monde \u00e9lite d&#8217;enduro)<\/li>\n<li>S\u00e9bastien Claquin,(champion du monde U21 d&#8217;enduro)<\/li>\n<li>Aur\u00e9lien Giordanego (vice champion d&#8217;Europe \u00e9lite DH, multiple champion de France 4x),<\/li>\n<\/ul>\n<p>Cette exp\u00e9rience unique permet d&#8217;avoir une analyse sur le fonctionnement optimal d&#8217;une suspension.<\/p>\n<p>Vous pouvez nous laisser vos suspension a notre boutique : <a href=\"https:\/\/www.liftcycle.fr\/revision-suspensions\/\">LIFT CYCLE , 33 avenue de toulon , 83400 hyeres<\/a><\/p>\n<p style=\"text-align: center;\"><span style=\"color: #0000ff;\"><strong>Ou une fois le service choisi, nous \u00e9diterons une \u00e9tiquette de transport aller , faisons la r\u00e9vision et nous occupons ensuite de l&#8217;\u00e9tiquette retour.<\/strong><\/span><\/p>\n<p style=\"text-align: center;\"><span style=\"color: #0000ff;\"><strong>Si des pi\u00e8ces sont abim\u00e9e nous faisons g\u00e9n\u00e9ralement un devis puis une seconde facture avec les pi\u00e8ces de r\u00e9paration n\u00e9cessaire<\/strong><\/span><\/p>\n","protected":false},"excerpt":{"rendered":"<p>R\u00e9vision fourche FOX \/ ROCKSHOX \/ OLHINS \/ DVO \/ MANITOU \/ Marzocchi<\/p>\n<p><strong>Tarif r\u00e9vision FOX<\/strong><\/p>\n<ul>\n<li>R\u00e9vision Fourche FOX 32 \/ 34\u00a0 :\u00a0 \u00a0130 euro<\/li>\n<li>R\u00e9vision Fourche FOX 36\/ 38 \/ 40 :\u00a0 140 euro<\/li>\n<\/ul>\n<p><strong>Tarif r\u00e9vision ROCK SHOX<br \/>\n<\/strong><\/p>\n<ul>\n<li>R\u00e9vision Fourche Rock shox\u00a0 30 \/ 32\u00a0 :\u00a0 120 euro<\/li>\n<li>R\u00e9vision Fourche Rock shox\u00a0 35 \/ 38 :\u00a0 130 euro<\/li>\n<li>R\u00e9vision boxxer cartouche ouverte:\u00a0 130 euro<\/li>\n<li>R\u00e9vision boxxer worldcup ou cartouche ferm\u00e9: 130 euro<\/li>\n<\/ul>\n<p><strong>Tarif r\u00e9vision OLHINS<\/strong><\/p>\n<ul>\n<li>R\u00e9vision Fourche RXF 34 : 155 euro<\/li>\n<li>R\u00e9vision Fourche RXF 38 :\u00a0 \u00a0165 euro<\/li>\n<\/ul>\n<p><strong>Tarif r\u00e9visons autres marques\u00a0 sur devis avec comme base :<\/strong><\/p>\n<p><strong>DVO, MANITOU, CANE CREEK, BOSS, SR SUNTOUR<\/strong><\/p>\n<ul>\n<li>Entretien complet amortisseur + SPI d\u00e8s 130\u20ac<\/li>\n<\/ul>\n<p><strong>Alignement des bagues de guidage sur fourche (permet de gagner en sensibilit\u00e9)<\/strong><\/p>\n<ul>\n<li>tout model de fourche VTT 32 \/ 34 \/ 35 \/36 \/ 37 \/ 38 \/40mm +20 euro a ajouter au service de base.<\/li>\n<\/ul>\n<p><strong>Changement de plongeur ou pivots sur fourche fox, rockshox &#8230;<br \/>\n<\/strong><\/p>\n<p>Changement de x1 plongeur Rock shox , fox : D\u00e9s 150\u20ac<br \/>\nChangement de pivot Rock shox , fox : D\u00e9s 130\u20ac<br \/>\nChangement bague de guidage Fourche (bague inclus) : D\u00e9s 70\u20ac<\/p>\n<p><strong>Pr\u00e9paration fourche SUR-RON light bee \/ talaria T4000 , motocross showa \/ kayaba \/ wp<\/strong><\/p>\n<p>Changement spi, huile + optimisation des \u00e9l\u00e9ments d&#8217;origine talaria \/ surron :\u00a0 D\u00e9s 150\u20ac<\/p>\n<p>Changement spi, huile + showa \/ kayaba \/ wp :\u00a0 D\u00e9s 150\u20ac<\/p>\n<p style=\"text-align: center;\"><span style=\"color: #0000ff;\"><strong>Une fois le service choisi, nous \u00e9diterons une \u00e9tiquette de transport aller , faisons la r\u00e9vision et nous occupons ensuite de l&#8217;\u00e9tiquette retour.<\/strong><\/span><\/p>\n<p style=\"text-align: center;\"><span style=\"color: #0000ff;\"><strong>Si des pi\u00e8ces sont abim\u00e9e nous faisons g\u00e9n\u00e9ralement un devis puis une seconde facture avec les pi\u00e8ces de r\u00e9paration n\u00e9cessaire<\/strong><\/span><\/p>\n","protected":false},"featured_media":50492,"comment_status":"open","ping_status":"closed","template":"","meta":[],"product_brand":[],"product_cat":[1097],"product_tag":[],"class_list":{"0":"post-50498","1":"product","2":"type-product","3":"status-publish","4":"has-post-thumbnail","6":"product_cat-customs","8":"first","9":"instock","10":"taxable","11":"shipping-taxable","12":"purchasable","13":"product-type-variable"},"yoast_head":"<!-- This site is optimized with the Yoast SEO plugin v26.9 - https:\/\/yoast.com\/product\/yoast-seo-wordpress\/ -->\n<title>R\u00e9vision fourche FOX \/ ROCKSHOX \/ OLHINS \/ DVO \/ MANITOU \/ MARZOCCHI - LIFT-MTB<\/title>\n<meta name=\"description\" content=\"R\u00e9vision fourche FOX, ROCKSHOX, OLHINS, DVO, MANITOU, MARZOCCHI , faite r\u00e9viser vos suspension dans le VAR a Hy\u00e8res , Toulon , la Crau, Marseille, Aix\" \/>\n<meta name=\"robots\" content=\"index, follow, max-snippet:-1, max-image-preview:large, max-video-preview:-1\" \/>\n<link rel=\"canonical\" href=\"https:\/\/www.lift-mtb.com\/de\/produit\/revision-fourche-fox-rockshox\/\" \/>\n<meta property=\"og:locale\" content=\"de_DE\" \/>\n<meta property=\"og:type\" content=\"article\" \/>\n<meta property=\"og:title\" content=\"R\u00e9vision fourche FOX \/ ROCKSHOX \/ OLHINS \/ DVO \/ MANITOU \/ MARZOCCHI - LIFT-MTB\" \/>\n<meta property=\"og:description\" content=\"R\u00e9vision fourche FOX, ROCKSHOX, OLHINS, DVO, MANITOU, MARZOCCHI , faite r\u00e9viser vos suspension dans le VAR a Hy\u00e8res , Toulon , la Crau, Marseille, Aix\" \/>\n<meta property=\"og:url\" content=\"https:\/\/www.lift-mtb.com\/de\/produit\/revision-fourche-fox-rockshox\/\" \/>\n<meta property=\"og:site_name\" content=\"LIFT-MTB\" \/>\n<meta property=\"article:modified_time\" content=\"2026-02-06T10:44:03+00:00\" \/>\n<meta property=\"og:image\" content=\"https:\/\/www.lift-mtb.com\/wp-content\/uploads\/2025\/01\/suspentions-1.png\" \/>\n\t<meta property=\"og:image:width\" content=\"1772\" \/>\n\t<meta property=\"og:image:height\" content=\"1181\" \/>\n\t<meta property=\"og:image:type\" content=\"image\/png\" \/>\n<meta name=\"twitter:card\" content=\"summary_large_image\" \/>\n<meta name=\"twitter:label1\" content=\"Gesch\u00e4tzte Lesezeit\" \/>\n\t<meta name=\"twitter:data1\" content=\"2\u00a0Minuten\" \/>\n<script type=\"application\/ld+json\" class=\"yoast-schema-graph\">{\"@context\":\"https:\/\/schema.org\",\"@graph\":[{\"@type\":\"WebPage\",\"@id\":\"https:\/\/www.lift-mtb.com\/de\/produit\/revision-fourche-fox-rockshox\/\",\"url\":\"https:\/\/www.lift-mtb.com\/de\/produit\/revision-fourche-fox-rockshox\/\",\"name\":\"R\u00e9vision fourche FOX \/ ROCKSHOX \/ OLHINS \/ DVO \/ MANITOU \/ MARZOCCHI - LIFT-MTB\",\"isPartOf\":{\"@id\":\"https:\/\/www.lift-mtb.com\/de\/#website\"},\"primaryImageOfPage\":{\"@id\":\"https:\/\/www.lift-mtb.com\/de\/produit\/revision-fourche-fox-rockshox\/#primaryimage\"},\"image\":{\"@id\":\"https:\/\/www.lift-mtb.com\/de\/produit\/revision-fourche-fox-rockshox\/#primaryimage\"},\"thumbnailUrl\":\"https:\/\/www.lift-mtb.com\/wp-content\/uploads\/2025\/01\/suspentions-1.png\",\"datePublished\":\"2025-01-19T08:02:02+00:00\",\"dateModified\":\"2026-02-06T10:44:03+00:00\",\"description\":\"R\u00e9vision fourche FOX, ROCKSHOX, OLHINS, DVO, MANITOU, MARZOCCHI , faite r\u00e9viser vos suspension dans le VAR a Hy\u00e8res , Toulon , la Crau, Marseille, Aix\",\"breadcrumb\":{\"@id\":\"https:\/\/www.lift-mtb.com\/de\/produit\/revision-fourche-fox-rockshox\/#breadcrumb\"},\"inLanguage\":\"de\",\"potentialAction\":[{\"@type\":\"ReadAction\",\"target\":[\"https:\/\/www.lift-mtb.com\/de\/produit\/revision-fourche-fox-rockshox\/\"]}]},{\"@type\":\"ImageObject\",\"inLanguage\":\"de\",\"@id\":\"https:\/\/www.lift-mtb.com\/de\/produit\/revision-fourche-fox-rockshox\/#primaryimage\",\"url\":\"https:\/\/www.lift-mtb.com\/wp-content\/uploads\/2025\/01\/suspentions-1.png\",\"contentUrl\":\"https:\/\/www.lift-mtb.com\/wp-content\/uploads\/2025\/01\/suspentions-1.png\",\"width\":1772,\"height\":1181},{\"@type\":\"BreadcrumbList\",\"@id\":\"https:\/\/www.lift-mtb.com\/de\/produit\/revision-fourche-fox-rockshox\/#breadcrumb\",\"itemListElement\":[{\"@type\":\"ListItem\",\"position\":1,\"name\":\"Accueil\",\"item\":\"https:\/\/www.lift-mtb.com\/de\/\"},{\"@type\":\"ListItem\",\"position\":2,\"name\":\"Shop\",\"item\":\"https:\/\/www.lift-mtb.com\/de\/shop\/\"},{\"@type\":\"ListItem\",\"position\":3,\"name\":\"Customs\",\"item\":\"https:\/\/www.lift-mtb.com\/de\/produkt-kategorie\/customs-de\/\"},{\"@type\":\"ListItem\",\"position\":4,\"name\":\"R\u00e9vision fourche FOX \/ ROCKSHOX \/ OLHINS \/ DVO \/ MANITOU \/ MARZOCCHI\"}]},{\"@type\":\"WebSite\",\"@id\":\"https:\/\/www.lift-mtb.com\/de\/#website\",\"url\":\"https:\/\/www.lift-mtb.com\/de\/\",\"name\":\"LIFT-MTB\",\"description\":\"Transformer son v\u00e9lo en \u00e9lectrique rapidement !\",\"publisher\":{\"@id\":\"https:\/\/www.lift-mtb.com\/de\/#organization\"},\"potentialAction\":[{\"@type\":\"SearchAction\",\"target\":{\"@type\":\"EntryPoint\",\"urlTemplate\":\"https:\/\/www.lift-mtb.com\/de\/?s={search_term_string}\"},\"query-input\":{\"@type\":\"PropertyValueSpecification\",\"valueRequired\":true,\"valueName\":\"search_term_string\"}}],\"inLanguage\":\"de\"},{\"@type\":\"Organization\",\"@id\":\"https:\/\/www.lift-mtb.com\/de\/#organization\",\"name\":\"LIFT-MTB\",\"url\":\"https:\/\/www.lift-mtb.com\/de\/\",\"logo\":{\"@type\":\"ImageObject\",\"inLanguage\":\"de\",\"@id\":\"https:\/\/www.lift-mtb.com\/de\/#\/schema\/logo\/image\/\",\"url\":\"https:\/\/www.lift-mtb.com\/wp-content\/uploads\/2022\/01\/electric-kit-for-bike-1.jpg\",\"contentUrl\":\"https:\/\/www.lift-mtb.com\/wp-content\/uploads\/2022\/01\/electric-kit-for-bike-1.jpg\",\"width\":1223,\"height\":560,\"caption\":\"LIFT-MTB\"},\"image\":{\"@id\":\"https:\/\/www.lift-mtb.com\/de\/#\/schema\/logo\/image\/\"}}]}<\/script>\n<!-- \/ Yoast SEO plugin. -->","yoast_head_json":{"title":"R\u00e9vision fourche FOX \/ ROCKSHOX \/ OLHINS \/ DVO \/ MANITOU \/ MARZOCCHI - LIFT-MTB","description":"R\u00e9vision fourche FOX, ROCKSHOX, OLHINS, DVO, MANITOU, MARZOCCHI , faite r\u00e9viser vos suspension dans le VAR a Hy\u00e8res , Toulon , la Crau, Marseille, Aix","robots":{"index":"index","follow":"follow","max-snippet":"max-snippet:-1","max-image-preview":"max-image-preview:large","max-video-preview":"max-video-preview:-1"},"canonical":"https:\/\/www.lift-mtb.com\/de\/produit\/revision-fourche-fox-rockshox\/","og_locale":"de_DE","og_type":"article","og_title":"R\u00e9vision fourche FOX \/ ROCKSHOX \/ OLHINS \/ DVO \/ MANITOU \/ MARZOCCHI - LIFT-MTB","og_description":"R\u00e9vision fourche FOX, ROCKSHOX, OLHINS, DVO, MANITOU, MARZOCCHI , faite r\u00e9viser vos suspension dans le VAR a Hy\u00e8res , Toulon , la Crau, Marseille, Aix","og_url":"https:\/\/www.lift-mtb.com\/de\/produit\/revision-fourche-fox-rockshox\/","og_site_name":"LIFT-MTB","article_modified_time":"2026-02-06T10:44:03+00:00","og_image":[{"width":1772,"height":1181,"url":"https:\/\/www.lift-mtb.com\/wp-content\/uploads\/2025\/01\/suspentions-1.png","type":"image\/png"}],"twitter_card":"summary_large_image","twitter_misc":{"Gesch\u00e4tzte Lesezeit":"2\u00a0Minuten"},"schema":{"@context":"https:\/\/schema.org","@graph":[{"@type":"WebPage","@id":"https:\/\/www.lift-mtb.com\/de\/produit\/revision-fourche-fox-rockshox\/","url":"https:\/\/www.lift-mtb.com\/de\/produit\/revision-fourche-fox-rockshox\/","name":"R\u00e9vision fourche FOX \/ ROCKSHOX \/ OLHINS \/ DVO \/ MANITOU \/ MARZOCCHI - LIFT-MTB","isPartOf":{"@id":"https:\/\/www.lift-mtb.com\/de\/#website"},"primaryImageOfPage":{"@id":"https:\/\/www.lift-mtb.com\/de\/produit\/revision-fourche-fox-rockshox\/#primaryimage"},"image":{"@id":"https:\/\/www.lift-mtb.com\/de\/produit\/revision-fourche-fox-rockshox\/#primaryimage"},"thumbnailUrl":"https:\/\/www.lift-mtb.com\/wp-content\/uploads\/2025\/01\/suspentions-1.png","datePublished":"2025-01-19T08:02:02+00:00","dateModified":"2026-02-06T10:44:03+00:00","description":"R\u00e9vision fourche FOX, ROCKSHOX, OLHINS, DVO, MANITOU, MARZOCCHI , faite r\u00e9viser vos suspension dans le VAR a Hy\u00e8res , Toulon , la Crau, Marseille, Aix","breadcrumb":{"@id":"https:\/\/www.lift-mtb.com\/de\/produit\/revision-fourche-fox-rockshox\/#breadcrumb"},"inLanguage":"de","potentialAction":[{"@type":"ReadAction","target":["https:\/\/www.lift-mtb.com\/de\/produit\/revision-fourche-fox-rockshox\/"]}]},{"@type":"ImageObject","inLanguage":"de","@id":"https:\/\/www.lift-mtb.com\/de\/produit\/revision-fourche-fox-rockshox\/#primaryimage","url":"https:\/\/www.lift-mtb.com\/wp-content\/uploads\/2025\/01\/suspentions-1.png","contentUrl":"https:\/\/www.lift-mtb.com\/wp-content\/uploads\/2025\/01\/suspentions-1.png","width":1772,"height":1181},{"@type":"BreadcrumbList","@id":"https:\/\/www.lift-mtb.com\/de\/produit\/revision-fourche-fox-rockshox\/#breadcrumb","itemListElement":[{"@type":"ListItem","position":1,"name":"Accueil","item":"https:\/\/www.lift-mtb.com\/de\/"},{"@type":"ListItem","position":2,"name":"Shop","item":"https:\/\/www.lift-mtb.com\/de\/shop\/"},{"@type":"ListItem","position":3,"name":"Customs","item":"https:\/\/www.lift-mtb.com\/de\/produkt-kategorie\/customs-de\/"},{"@type":"ListItem","position":4,"name":"R\u00e9vision fourche FOX \/ ROCKSHOX \/ OLHINS \/ DVO \/ MANITOU \/ MARZOCCHI"}]},{"@type":"WebSite","@id":"https:\/\/www.lift-mtb.com\/de\/#website","url":"https:\/\/www.lift-mtb.com\/de\/","name":"LIFT-MTB","description":"Transformer son v\u00e9lo en \u00e9lectrique rapidement !","publisher":{"@id":"https:\/\/www.lift-mtb.com\/de\/#organization"},"potentialAction":[{"@type":"SearchAction","target":{"@type":"EntryPoint","urlTemplate":"https:\/\/www.lift-mtb.com\/de\/?s={search_term_string}"},"query-input":{"@type":"PropertyValueSpecification","valueRequired":true,"valueName":"search_term_string"}}],"inLanguage":"de"},{"@type":"Organization","@id":"https:\/\/www.lift-mtb.com\/de\/#organization","name":"LIFT-MTB","url":"https:\/\/www.lift-mtb.com\/de\/","logo":{"@type":"ImageObject","inLanguage":"de","@id":"https:\/\/www.lift-mtb.com\/de\/#\/schema\/logo\/image\/","url":"https:\/\/www.lift-mtb.com\/wp-content\/uploads\/2022\/01\/electric-kit-for-bike-1.jpg","contentUrl":"https:\/\/www.lift-mtb.com\/wp-content\/uploads\/2022\/01\/electric-kit-for-bike-1.jpg","width":1223,"height":560,"caption":"LIFT-MTB"},"image":{"@id":"https:\/\/www.lift-mtb.com\/de\/#\/schema\/logo\/image\/"}}]}},"_links":{"self":[{"href":"https:\/\/www.lift-mtb.com\/de\/wp-json\/wp\/v2\/product\/50498","targetHints":{"allow":["GET"]}}],"collection":[{"href":"https:\/\/www.lift-mtb.com\/de\/wp-json\/wp\/v2\/product"}],"about":[{"href":"https:\/\/www.lift-mtb.com\/de\/wp-json\/wp\/v2\/types\/product"}],"replies":[{"embeddable":true,"href":"https:\/\/www.lift-mtb.com\/de\/wp-json\/wp\/v2\/comments?post=50498"}],"wp:featuredmedia":[{"embeddable":true,"href":"https:\/\/www.lift-mtb.com\/de\/wp-json\/wp\/v2\/media\/50492"}],"wp:attachment":[{"href":"https:\/\/www.lift-mtb.com\/de\/wp-json\/wp\/v2\/media?parent=50498"}],"wp:term":[{"taxonomy":"product_brand","embeddable":true,"href":"https:\/\/www.lift-mtb.com\/de\/wp-json\/wp\/v2\/product_brand?post=50498"},{"taxonomy":"product_cat","embeddable":true,"href":"https:\/\/www.lift-mtb.com\/de\/wp-json\/wp\/v2\/product_cat?post=50498"},{"taxonomy":"product_tag","embeddable":true,"href":"https:\/\/www.lift-mtb.com\/de\/wp-json\/wp\/v2\/product_tag?post=50498"}],"curies":[{"name":"wp","href":"https:\/\/api.w.org\/{rel}","templated":true}]}}