{"id":38986,"date":"2022-02-25T18:53:38","date_gmt":"2022-02-25T17:53:38","guid":{"rendered":"https:\/produit\/adaptador-de-montaje-del-motor-para-el-bastidor-bb92-o-41mm\/"},"modified":"2025-06-19T20:52:46","modified_gmt":"2025-06-19T18:52:46","slug":"adaptateur-iscg-type-d-bb92-o-41mm","status":"publish","type":"product","link":"https:\/\/www.lift-mtb.com\/es\/produit\/adaptateur-iscg-type-d-bb92-o-41mm\/","title":{"rendered":"Adaptador de montaje del motor para el bastidor BB92 \u00d8 41MM"},"content":{"rendered":"<p>Adaptador de montaje de motor a est\u00e1ndar bb92 (para di\u00e1metro interior de cuadro de 41mm) para montar un motor de plato y biela <a href=\"https:\/\/www.youtube.com\/@LIFTMTBTV\">LIFT MTB<\/a> en un cuadro BB92 sin esp\u00e1rragos de <a href=\"https:\/\">montaje ISCG05<\/a>.<\/p>\n<p>Fabricado en aluminio 7075 t6, mecanizado CNC en Francia, con apriete mediante 3 tornillos BTR m4, este adaptador est\u00e1 equipado con un rodamiento de anillo sellado de 24 mm de di\u00e1metro.<\/p>\n<p>Por lo tanto, ser\u00e1 compatible con las bielas LIFT MTB y las arandelas reductoras de di\u00e1metro de aluminio gris que se venden con el kit de motor para bielas LIFT MTB.<\/p>\n<p>Pero tambi\u00e9n compatible con platos y bielas shimano BB92, race face bb92 (eje de acero)<\/p>\n<p>A continuaci\u00f3n puedes ver un tutorial en v\u00eddeo:<\/p>\n<div class=\"video-shortcode\"><iframe title=\"Adaptator BB92 E-bike kit LIFT-MTB. For pressfit BB 92 frame without ISCG tab&#039;s\" width=\"1375\" height=\"773\" src=\"https:\/\/www.youtube.com\/embed\/T8L43XQxVlg?feature=oembed\" frameborder=\"0\" allow=\"accelerometer; autoplay; clipboard-write; encrypted-media; gyroscope; picture-in-picture; web-share\" allowfullscreen><\/iframe><\/div>\n<p>&nbsp;<\/p>\n","protected":false},"excerpt":{"rendered":"<p style=\"text-align: center;\"><span style=\"color: #ff0000;\">Este adaptador s\u00f3lo es necesario si su bastidor no tiene pernos de montaje ISCG para la integraci\u00f3n del motor.<\/span><\/p>\n<p><strong>Descripci\u00f3n:<\/strong><\/p>\n<p><strong>-Caso D-<\/strong><\/p>\n<p>Adaptador para fijar el motor en un cuadro <strong>BB92 \/<\/strong> di\u00e1metro interior del cuadro <b>41mm <\/b><strong>(ver dimensiones en la imagen)<\/strong>.<\/p>\n<p><strong>El pedalier est\u00e1 completo con rodamientos<\/strong><\/p>\n<p><strong>Disponible en Shimano 24mm y sram 22\/24 con adaptador<\/strong><\/p>\n<p><em><b>Precauci\u00f3n:  <\/b><\/em><\/p>\n<p><em><b>Para que sea compatible con su kit de electrificaci\u00f3n, debe asegurarse de que tiene 4 agujeros de fijaci\u00f3n en el soporte del motor (algunos kits m\u00e1s antiguos no lo tienen).<\/b><\/em><\/p>\n<p>Para obtener m\u00e1s informaci\u00f3n sobre nuestros diferentes adaptadores, haga clic en el siguiente enlace:<\/p>\n<p><a href=\"https:\/comment-reconnaitre-demonter-son-boitier-de-pedalier\/\">Art\u00edculo \/ Adaptadores de montaje del motor.<\/a><\/p>\n[envira-gallery id=\"42344\"]\n<p>&nbsp;<\/p>\n","protected":false},"featured_media":5593,"comment_status":"open","ping_status":"closed","template":"","meta":[],"product_brand":[],"product_cat":[822],"product_tag":[],"class_list":{"0":"post-38986","1":"product","2":"type-product","3":"status-publish","4":"has-post-thumbnail","6":"product_cat-adaptador-de-montaje-del-motor","8":"first","9":"instock","10":"taxable","11":"shipping-taxable","12":"purchasable","13":"product-type-variable"},"yoast_head":"<!-- This site is optimized with the Yoast SEO plugin v26.9 - https:\/\/yoast.com\/product\/yoast-seo-wordpress\/ -->\n<title>Adaptador ISCG para cuadro BB92 di\u00e1metro 41MM<\/title>\n<meta name=\"description\" content=\"Descubra nuestro adaptador de cuadro BB92\/copa prensada en el di\u00e1metro interior del cuadro de 41 mm para transformar una bicicleta en una bicicleta el\u00e9ctrica.\" \/>\n<meta name=\"robots\" content=\"index, follow, max-snippet:-1, max-image-preview:large, max-video-preview:-1\" \/>\n<link rel=\"canonical\" href=\"https:\/\/www.lift-mtb.com\/es\/produit\/adaptateur-iscg-type-d-bb92-o-41mm\/\" \/>\n<meta property=\"og:locale\" content=\"es_ES\" \/>\n<meta property=\"og:type\" content=\"article\" \/>\n<meta property=\"og:title\" content=\"Adaptador ISCG para cuadro BB92 di\u00e1metro 41MM\" \/>\n<meta property=\"og:description\" content=\"Descubra nuestro adaptador de cuadro BB92\/copa prensada en el di\u00e1metro interior del cuadro de 41 mm para transformar una bicicleta en una bicicleta el\u00e9ctrica.\" \/>\n<meta property=\"og:url\" content=\"https:\/\/www.lift-mtb.com\/es\/produit\/adaptateur-iscg-type-d-bb92-o-41mm\/\" \/>\n<meta property=\"og:site_name\" content=\"LIFT-MTB\" \/>\n<meta property=\"article:modified_time\" content=\"2025-06-19T18:52:46+00:00\" \/>\n<meta property=\"og:image\" content=\"https:\/\/www.lift-mtb.com\/wp-content\/uploads\/2016\/01\/bb92.png\" \/>\n\t<meta property=\"og:image:width\" content=\"760\" \/>\n\t<meta property=\"og:image:height\" content=\"890\" \/>\n\t<meta property=\"og:image:type\" content=\"image\/png\" \/>\n<meta name=\"twitter:card\" content=\"summary_large_image\" \/>\n<meta name=\"twitter:label1\" content=\"Tiempo de lectura\" \/>\n\t<meta name=\"twitter:data1\" content=\"1 minuto\" \/>\n<script type=\"application\/ld+json\" class=\"yoast-schema-graph\">{\"@context\":\"https:\/\/schema.org\",\"@graph\":[{\"@type\":\"WebPage\",\"@id\":\"https:\/\/www.lift-mtb.com\/es\/produit\/adaptateur-iscg-type-d-bb92-o-41mm\/\",\"url\":\"https:\/\/www.lift-mtb.com\/es\/produit\/adaptateur-iscg-type-d-bb92-o-41mm\/\",\"name\":\"Adaptador ISCG para cuadro BB92 di\u00e1metro 41MM\",\"isPartOf\":{\"@id\":\"https:\/\/www.lift-mtb.com\/es\/#website\"},\"primaryImageOfPage\":{\"@id\":\"https:\/\/www.lift-mtb.com\/es\/produit\/adaptateur-iscg-type-d-bb92-o-41mm\/#primaryimage\"},\"image\":{\"@id\":\"https:\/\/www.lift-mtb.com\/es\/produit\/adaptateur-iscg-type-d-bb92-o-41mm\/#primaryimage\"},\"thumbnailUrl\":\"https:\/\/www.lift-mtb.com\/wp-content\/uploads\/2016\/01\/bb92.png\",\"datePublished\":\"2022-02-25T17:53:38+00:00\",\"dateModified\":\"2025-06-19T18:52:46+00:00\",\"description\":\"Descubra nuestro adaptador de cuadro BB92\/copa prensada en el di\u00e1metro interior del cuadro de 41 mm para transformar una bicicleta en una bicicleta el\u00e9ctrica.\",\"breadcrumb\":{\"@id\":\"https:\/\/www.lift-mtb.com\/es\/produit\/adaptateur-iscg-type-d-bb92-o-41mm\/#breadcrumb\"},\"inLanguage\":\"es\",\"potentialAction\":[{\"@type\":\"ReadAction\",\"target\":[\"https:\/\/www.lift-mtb.com\/es\/produit\/adaptateur-iscg-type-d-bb92-o-41mm\/\"]}]},{\"@type\":\"ImageObject\",\"inLanguage\":\"es\",\"@id\":\"https:\/\/www.lift-mtb.com\/es\/produit\/adaptateur-iscg-type-d-bb92-o-41mm\/#primaryimage\",\"url\":\"https:\/\/www.lift-mtb.com\/wp-content\/uploads\/2016\/01\/bb92.png\",\"contentUrl\":\"https:\/\/www.lift-mtb.com\/wp-content\/uploads\/2016\/01\/bb92.png\",\"width\":760,\"height\":890,\"caption\":\"Adaptateur type D BB92\"},{\"@type\":\"BreadcrumbList\",\"@id\":\"https:\/\/www.lift-mtb.com\/es\/produit\/adaptateur-iscg-type-d-bb92-o-41mm\/#breadcrumb\",\"itemListElement\":[{\"@type\":\"ListItem\",\"position\":1,\"name\":\"Accueil\",\"item\":\"https:\/\/www.lift-mtb.com\/es\/\"},{\"@type\":\"ListItem\",\"position\":2,\"name\":\"Tienda\",\"item\":\"https:\/\/www.lift-mtb.com\/es\/tienda\/\"},{\"@type\":\"ListItem\",\"position\":3,\"name\":\"Adaptador de montaje del motor\",\"item\":\"https:\/\/www.lift-mtb.com\/es\/categoria-de-productos\/adaptador-de-montaje-del-motor\/\"},{\"@type\":\"ListItem\",\"position\":4,\"name\":\"Adaptador de montaje del motor para el bastidor BB92 \u00d8 41MM\"}]},{\"@type\":\"WebSite\",\"@id\":\"https:\/\/www.lift-mtb.com\/es\/#website\",\"url\":\"https:\/\/www.lift-mtb.com\/es\/\",\"name\":\"LIFT-MTB\",\"description\":\"Transformer son v\u00e9lo en \u00e9lectrique rapidement !\",\"publisher\":{\"@id\":\"https:\/\/www.lift-mtb.com\/es\/#organization\"},\"potentialAction\":[{\"@type\":\"SearchAction\",\"target\":{\"@type\":\"EntryPoint\",\"urlTemplate\":\"https:\/\/www.lift-mtb.com\/es\/?s={search_term_string}\"},\"query-input\":{\"@type\":\"PropertyValueSpecification\",\"valueRequired\":true,\"valueName\":\"search_term_string\"}}],\"inLanguage\":\"es\"},{\"@type\":\"Organization\",\"@id\":\"https:\/\/www.lift-mtb.com\/es\/#organization\",\"name\":\"LIFT-MTB\",\"url\":\"https:\/\/www.lift-mtb.com\/es\/\",\"logo\":{\"@type\":\"ImageObject\",\"inLanguage\":\"es\",\"@id\":\"https:\/\/www.lift-mtb.com\/es\/#\/schema\/logo\/image\/\",\"url\":\"https:\/\/www.lift-mtb.com\/wp-content\/uploads\/2022\/01\/electric-kit-for-bike-1.jpg\",\"contentUrl\":\"https:\/\/www.lift-mtb.com\/wp-content\/uploads\/2022\/01\/electric-kit-for-bike-1.jpg\",\"width\":1223,\"height\":560,\"caption\":\"LIFT-MTB\"},\"image\":{\"@id\":\"https:\/\/www.lift-mtb.com\/es\/#\/schema\/logo\/image\/\"}}]}<\/script>\n<!-- \/ Yoast SEO plugin. -->","yoast_head_json":{"title":"Adaptador ISCG para cuadro BB92 di\u00e1metro 41MM","description":"Descubra nuestro adaptador de cuadro BB92\/copa prensada en el di\u00e1metro interior del cuadro de 41 mm para transformar una bicicleta en una bicicleta el\u00e9ctrica.","robots":{"index":"index","follow":"follow","max-snippet":"max-snippet:-1","max-image-preview":"max-image-preview:large","max-video-preview":"max-video-preview:-1"},"canonical":"https:\/\/www.lift-mtb.com\/es\/produit\/adaptateur-iscg-type-d-bb92-o-41mm\/","og_locale":"es_ES","og_type":"article","og_title":"Adaptador ISCG para cuadro BB92 di\u00e1metro 41MM","og_description":"Descubra nuestro adaptador de cuadro BB92\/copa prensada en el di\u00e1metro interior del cuadro de 41 mm para transformar una bicicleta en una bicicleta el\u00e9ctrica.","og_url":"https:\/\/www.lift-mtb.com\/es\/produit\/adaptateur-iscg-type-d-bb92-o-41mm\/","og_site_name":"LIFT-MTB","article_modified_time":"2025-06-19T18:52:46+00:00","og_image":[{"width":760,"height":890,"url":"https:\/\/www.lift-mtb.com\/wp-content\/uploads\/2016\/01\/bb92.png","type":"image\/png"}],"twitter_card":"summary_large_image","twitter_misc":{"Tiempo de lectura":"1 minuto"},"schema":{"@context":"https:\/\/schema.org","@graph":[{"@type":"WebPage","@id":"https:\/\/www.lift-mtb.com\/es\/produit\/adaptateur-iscg-type-d-bb92-o-41mm\/","url":"https:\/\/www.lift-mtb.com\/es\/produit\/adaptateur-iscg-type-d-bb92-o-41mm\/","name":"Adaptador ISCG para cuadro BB92 di\u00e1metro 41MM","isPartOf":{"@id":"https:\/\/www.lift-mtb.com\/es\/#website"},"primaryImageOfPage":{"@id":"https:\/\/www.lift-mtb.com\/es\/produit\/adaptateur-iscg-type-d-bb92-o-41mm\/#primaryimage"},"image":{"@id":"https:\/\/www.lift-mtb.com\/es\/produit\/adaptateur-iscg-type-d-bb92-o-41mm\/#primaryimage"},"thumbnailUrl":"https:\/\/www.lift-mtb.com\/wp-content\/uploads\/2016\/01\/bb92.png","datePublished":"2022-02-25T17:53:38+00:00","dateModified":"2025-06-19T18:52:46+00:00","description":"Descubra nuestro adaptador de cuadro BB92\/copa prensada en el di\u00e1metro interior del cuadro de 41 mm para transformar una bicicleta en una bicicleta el\u00e9ctrica.","breadcrumb":{"@id":"https:\/\/www.lift-mtb.com\/es\/produit\/adaptateur-iscg-type-d-bb92-o-41mm\/#breadcrumb"},"inLanguage":"es","potentialAction":[{"@type":"ReadAction","target":["https:\/\/www.lift-mtb.com\/es\/produit\/adaptateur-iscg-type-d-bb92-o-41mm\/"]}]},{"@type":"ImageObject","inLanguage":"es","@id":"https:\/\/www.lift-mtb.com\/es\/produit\/adaptateur-iscg-type-d-bb92-o-41mm\/#primaryimage","url":"https:\/\/www.lift-mtb.com\/wp-content\/uploads\/2016\/01\/bb92.png","contentUrl":"https:\/\/www.lift-mtb.com\/wp-content\/uploads\/2016\/01\/bb92.png","width":760,"height":890,"caption":"Adaptateur type D BB92"},{"@type":"BreadcrumbList","@id":"https:\/\/www.lift-mtb.com\/es\/produit\/adaptateur-iscg-type-d-bb92-o-41mm\/#breadcrumb","itemListElement":[{"@type":"ListItem","position":1,"name":"Accueil","item":"https:\/\/www.lift-mtb.com\/es\/"},{"@type":"ListItem","position":2,"name":"Tienda","item":"https:\/\/www.lift-mtb.com\/es\/tienda\/"},{"@type":"ListItem","position":3,"name":"Adaptador de montaje del motor","item":"https:\/\/www.lift-mtb.com\/es\/categoria-de-productos\/adaptador-de-montaje-del-motor\/"},{"@type":"ListItem","position":4,"name":"Adaptador de montaje del motor para el bastidor BB92 \u00d8 41MM"}]},{"@type":"WebSite","@id":"https:\/\/www.lift-mtb.com\/es\/#website","url":"https:\/\/www.lift-mtb.com\/es\/","name":"LIFT-MTB","description":"Transformer son v\u00e9lo en \u00e9lectrique rapidement !","publisher":{"@id":"https:\/\/www.lift-mtb.com\/es\/#organization"},"potentialAction":[{"@type":"SearchAction","target":{"@type":"EntryPoint","urlTemplate":"https:\/\/www.lift-mtb.com\/es\/?s={search_term_string}"},"query-input":{"@type":"PropertyValueSpecification","valueRequired":true,"valueName":"search_term_string"}}],"inLanguage":"es"},{"@type":"Organization","@id":"https:\/\/www.lift-mtb.com\/es\/#organization","name":"LIFT-MTB","url":"https:\/\/www.lift-mtb.com\/es\/","logo":{"@type":"ImageObject","inLanguage":"es","@id":"https:\/\/www.lift-mtb.com\/es\/#\/schema\/logo\/image\/","url":"https:\/\/www.lift-mtb.com\/wp-content\/uploads\/2022\/01\/electric-kit-for-bike-1.jpg","contentUrl":"https:\/\/www.lift-mtb.com\/wp-content\/uploads\/2022\/01\/electric-kit-for-bike-1.jpg","width":1223,"height":560,"caption":"LIFT-MTB"},"image":{"@id":"https:\/\/www.lift-mtb.com\/es\/#\/schema\/logo\/image\/"}}]}},"_links":{"self":[{"href":"https:\/\/www.lift-mtb.com\/es\/wp-json\/wp\/v2\/product\/38986","targetHints":{"allow":["GET"]}}],"collection":[{"href":"https:\/\/www.lift-mtb.com\/es\/wp-json\/wp\/v2\/product"}],"about":[{"href":"https:\/\/www.lift-mtb.com\/es\/wp-json\/wp\/v2\/types\/product"}],"replies":[{"embeddable":true,"href":"https:\/\/www.lift-mtb.com\/es\/wp-json\/wp\/v2\/comments?post=38986"}],"wp:featuredmedia":[{"embeddable":true,"href":"https:\/\/www.lift-mtb.com\/es\/wp-json\/wp\/v2\/media\/5593"}],"wp:attachment":[{"href":"https:\/\/www.lift-mtb.com\/es\/wp-json\/wp\/v2\/media?parent=38986"}],"wp:term":[{"taxonomy":"product_brand","embeddable":true,"href":"https:\/\/www.lift-mtb.com\/es\/wp-json\/wp\/v2\/product_brand?post=38986"},{"taxonomy":"product_cat","embeddable":true,"href":"https:\/\/www.lift-mtb.com\/es\/wp-json\/wp\/v2\/product_cat?post=38986"},{"taxonomy":"product_tag","embeddable":true,"href":"https:\/\/www.lift-mtb.com\/es\/wp-json\/wp\/v2\/product_tag?post=38986"}],"curies":[{"name":"wp","href":"https:\/\/api.w.org\/{rel}","templated":true}]}}