{"id":39007,"date":"2022-02-25T17:56:58","date_gmt":"2022-02-25T16:56:58","guid":{"rendered":"https:\/produit\/adaptador-de-montaje-del-motor-para-el-cuadro-bsa-con-rosca-de-o-345mm\/"},"modified":"2023-11-27T23:05:14","modified_gmt":"2023-11-27T22:05:14","slug":"adaptador-iscg-tipo-a-bsa-filete-diametro-34-5mm","status":"publish","type":"product","link":"https:\/\/www.lift-mtb.com\/es\/produit\/adaptador-iscg-tipo-a-bsa-filete-diametro-34-5mm\/","title":{"rendered":"Adaptador de montaje del motor para el cuadro BSA con rosca de \u00d8 34,5MM."},"content":{"rendered":"<p>isgg05 adaptador de montaje del motor<\/p>\n<p><a href=\"https:\/categorie\/faq\/\">Adaptador<\/a> tipo A para adaptar un motor <a href=\"https:\/\/www.youtube.com\/@LIFTMTBTV\">LIFT MTB<\/a> a un cuadro BSA.<\/p>\n<p>A continuaci\u00f3n encontrar\u00e1 un breve tutorial en v\u00eddeo:<\/p>\n<div class=\"video-shortcode\"><iframe title=\"BSA adaptator for instal LIFT MTB electric bike motor kit on BSA bike frame.\" width=\"1375\" height=\"773\" src=\"https:\/\/www.youtube.com\/embed\/uoDDxtbABMA?feature=oembed\" frameborder=\"0\" allow=\"accelerometer; autoplay; clipboard-write; encrypted-media; gyroscope; picture-in-picture; web-share\" allowfullscreen><\/iframe><\/div>\n","protected":false},"excerpt":{"rendered":"<p style=\"text-align: center;\"><span style=\"color: #ff0000;\">Este adaptador s\u00f3lo es necesario si su bastidor no tiene pernos de montaje ISCG para la integraci\u00f3n del motor.<\/span><\/p>\n<p><strong>Descripci\u00f3n:<\/strong><\/p>\n<p><strong>-Caso A-<\/strong><\/p>\n<p>Adaptador para montar el motor en un <strong>bastidor de cazoleta roscado\/BSA<\/strong>, di\u00e1metro interior del bastidor <strong>34,5mm (ver dimensiones en la imagen)<\/strong>.<\/p>\n<p>Adaptador de aluminio 7075 CNC \/ fabricado en Francia que sujeta entre el cuadro y el rodamiento del pedalier.<\/p>\n<p>Reversible para acercar o alejar el motor seg\u00fan las necesidades.<\/p>\n<p>&nbsp;<\/p>\n<p>Para obtener m\u00e1s informaci\u00f3n sobre nuestros diferentes adaptadores, haga clic en el siguiente enlace:<\/p>\n<p><a href=\"https:\/comment-reconnaitre-demonter-son-boitier-de-pedalier\/\">Art\u00edculo \/ Adaptadores de montaje del motor.<\/a><\/p>\n[envira-gallery id=\"42343\"]\n<p>&nbsp;<\/p>\n<p>&nbsp;<\/p>\n","protected":false},"featured_media":8777,"comment_status":"open","ping_status":"closed","template":"","meta":[],"product_brand":[],"product_cat":[822],"product_tag":[],"class_list":{"0":"post-39007","1":"product","2":"type-product","3":"status-publish","4":"has-post-thumbnail","6":"product_cat-adaptador-de-montaje-del-motor","8":"first","9":"instock","10":"taxable","11":"shipping-taxable","12":"purchasable","13":"product-type-simple"},"yoast_head":"<!-- This site is optimized with the Yoast SEO plugin v26.9 - https:\/\/yoast.com\/product\/yoast-seo-wordpress\/ -->\n<title>isgg05 adaptador de montaje del motor<\/title>\n<meta name=\"description\" content=\"Descubre nuestro adaptador de soporte de motor isgg05 para pedalier roscado BSA. A\u00f1adir tacos ISCG al cuadro de una bicicleta.\" \/>\n<meta name=\"robots\" content=\"index, follow, max-snippet:-1, max-image-preview:large, max-video-preview:-1\" \/>\n<link rel=\"canonical\" href=\"https:\/\/www.lift-mtb.com\/es\/produit\/adaptador-iscg-tipo-a-bsa-filete-diametro-34-5mm\/\" \/>\n<meta property=\"og:locale\" content=\"es_ES\" \/>\n<meta property=\"og:type\" content=\"article\" \/>\n<meta property=\"og:title\" content=\"isgg05 adaptador de montaje del motor\" \/>\n<meta property=\"og:description\" content=\"Descubre nuestro adaptador de soporte de motor isgg05 para pedalier roscado BSA. A\u00f1adir tacos ISCG al cuadro de una bicicleta.\" \/>\n<meta property=\"og:url\" content=\"https:\/\/www.lift-mtb.com\/es\/produit\/adaptador-iscg-tipo-a-bsa-filete-diametro-34-5mm\/\" \/>\n<meta property=\"og:site_name\" content=\"LIFT-MTB\" \/>\n<meta property=\"article:modified_time\" content=\"2023-11-27T22:05:14+00:00\" \/>\n<meta property=\"og:image\" content=\"https:\/\/www.lift-mtb.com\/wp-content\/uploads\/2022\/02\/bsa-mesure.png\" \/>\n\t<meta property=\"og:image:width\" content=\"640\" \/>\n\t<meta property=\"og:image:height\" content=\"749\" \/>\n\t<meta property=\"og:image:type\" content=\"image\/png\" \/>\n<meta name=\"twitter:card\" content=\"summary_large_image\" \/>\n<script type=\"application\/ld+json\" class=\"yoast-schema-graph\">{\"@context\":\"https:\/\/schema.org\",\"@graph\":[{\"@type\":\"WebPage\",\"@id\":\"https:\/\/www.lift-mtb.com\/es\/produit\/adaptador-iscg-tipo-a-bsa-filete-diametro-34-5mm\/\",\"url\":\"https:\/\/www.lift-mtb.com\/es\/produit\/adaptador-iscg-tipo-a-bsa-filete-diametro-34-5mm\/\",\"name\":\"isgg05 adaptador de montaje del motor\",\"isPartOf\":{\"@id\":\"https:\/\/www.lift-mtb.com\/es\/#website\"},\"primaryImageOfPage\":{\"@id\":\"https:\/\/www.lift-mtb.com\/es\/produit\/adaptador-iscg-tipo-a-bsa-filete-diametro-34-5mm\/#primaryimage\"},\"image\":{\"@id\":\"https:\/\/www.lift-mtb.com\/es\/produit\/adaptador-iscg-tipo-a-bsa-filete-diametro-34-5mm\/#primaryimage\"},\"thumbnailUrl\":\"https:\/\/www.lift-mtb.com\/wp-content\/uploads\/2022\/02\/bsa-mesure.png\",\"datePublished\":\"2022-02-25T16:56:58+00:00\",\"dateModified\":\"2023-11-27T22:05:14+00:00\",\"description\":\"Descubre nuestro adaptador de soporte de motor isgg05 para pedalier roscado BSA. A\u00f1adir tacos ISCG al cuadro de una bicicleta.\",\"breadcrumb\":{\"@id\":\"https:\/\/www.lift-mtb.com\/es\/produit\/adaptador-iscg-tipo-a-bsa-filete-diametro-34-5mm\/#breadcrumb\"},\"inLanguage\":\"es\",\"potentialAction\":[{\"@type\":\"ReadAction\",\"target\":[\"https:\/\/www.lift-mtb.com\/es\/produit\/adaptador-iscg-tipo-a-bsa-filete-diametro-34-5mm\/\"]}]},{\"@type\":\"ImageObject\",\"inLanguage\":\"es\",\"@id\":\"https:\/\/www.lift-mtb.com\/es\/produit\/adaptador-iscg-tipo-a-bsa-filete-diametro-34-5mm\/#primaryimage\",\"url\":\"https:\/\/www.lift-mtb.com\/wp-content\/uploads\/2022\/02\/bsa-mesure.png\",\"contentUrl\":\"https:\/\/www.lift-mtb.com\/wp-content\/uploads\/2022\/02\/bsa-mesure.png\",\"width\":640,\"height\":749,\"caption\":\"Medidas del pedalier BSA\"},{\"@type\":\"BreadcrumbList\",\"@id\":\"https:\/\/www.lift-mtb.com\/es\/produit\/adaptador-iscg-tipo-a-bsa-filete-diametro-34-5mm\/#breadcrumb\",\"itemListElement\":[{\"@type\":\"ListItem\",\"position\":1,\"name\":\"Accueil\",\"item\":\"https:\/\/www.lift-mtb.com\/es\/\"},{\"@type\":\"ListItem\",\"position\":2,\"name\":\"Tienda\",\"item\":\"https:\/\/www.lift-mtb.com\/es\/tienda\/\"},{\"@type\":\"ListItem\",\"position\":3,\"name\":\"Adaptador de montaje del motor\",\"item\":\"https:\/\/www.lift-mtb.com\/es\/categoria-de-productos\/adaptador-de-montaje-del-motor\/\"},{\"@type\":\"ListItem\",\"position\":4,\"name\":\"Adaptador de montaje del motor para el cuadro BSA con rosca de \u00d8 34,5MM.\"}]},{\"@type\":\"WebSite\",\"@id\":\"https:\/\/www.lift-mtb.com\/es\/#website\",\"url\":\"https:\/\/www.lift-mtb.com\/es\/\",\"name\":\"LIFT-MTB\",\"description\":\"Transformer son v\u00e9lo en \u00e9lectrique rapidement !\",\"publisher\":{\"@id\":\"https:\/\/www.lift-mtb.com\/es\/#organization\"},\"potentialAction\":[{\"@type\":\"SearchAction\",\"target\":{\"@type\":\"EntryPoint\",\"urlTemplate\":\"https:\/\/www.lift-mtb.com\/es\/?s={search_term_string}\"},\"query-input\":{\"@type\":\"PropertyValueSpecification\",\"valueRequired\":true,\"valueName\":\"search_term_string\"}}],\"inLanguage\":\"es\"},{\"@type\":\"Organization\",\"@id\":\"https:\/\/www.lift-mtb.com\/es\/#organization\",\"name\":\"LIFT-MTB\",\"url\":\"https:\/\/www.lift-mtb.com\/es\/\",\"logo\":{\"@type\":\"ImageObject\",\"inLanguage\":\"es\",\"@id\":\"https:\/\/www.lift-mtb.com\/es\/#\/schema\/logo\/image\/\",\"url\":\"https:\/\/www.lift-mtb.com\/wp-content\/uploads\/2022\/01\/electric-kit-for-bike-1.jpg\",\"contentUrl\":\"https:\/\/www.lift-mtb.com\/wp-content\/uploads\/2022\/01\/electric-kit-for-bike-1.jpg\",\"width\":1223,\"height\":560,\"caption\":\"LIFT-MTB\"},\"image\":{\"@id\":\"https:\/\/www.lift-mtb.com\/es\/#\/schema\/logo\/image\/\"}}]}<\/script>\n<!-- \/ Yoast SEO plugin. -->","yoast_head_json":{"title":"isgg05 adaptador de montaje del motor","description":"Descubre nuestro adaptador de soporte de motor isgg05 para pedalier roscado BSA. A\u00f1adir tacos ISCG al cuadro de una bicicleta.","robots":{"index":"index","follow":"follow","max-snippet":"max-snippet:-1","max-image-preview":"max-image-preview:large","max-video-preview":"max-video-preview:-1"},"canonical":"https:\/\/www.lift-mtb.com\/es\/produit\/adaptador-iscg-tipo-a-bsa-filete-diametro-34-5mm\/","og_locale":"es_ES","og_type":"article","og_title":"isgg05 adaptador de montaje del motor","og_description":"Descubre nuestro adaptador de soporte de motor isgg05 para pedalier roscado BSA. A\u00f1adir tacos ISCG al cuadro de una bicicleta.","og_url":"https:\/\/www.lift-mtb.com\/es\/produit\/adaptador-iscg-tipo-a-bsa-filete-diametro-34-5mm\/","og_site_name":"LIFT-MTB","article_modified_time":"2023-11-27T22:05:14+00:00","og_image":[{"width":640,"height":749,"url":"https:\/\/www.lift-mtb.com\/wp-content\/uploads\/2022\/02\/bsa-mesure.png","type":"image\/png"}],"twitter_card":"summary_large_image","schema":{"@context":"https:\/\/schema.org","@graph":[{"@type":"WebPage","@id":"https:\/\/www.lift-mtb.com\/es\/produit\/adaptador-iscg-tipo-a-bsa-filete-diametro-34-5mm\/","url":"https:\/\/www.lift-mtb.com\/es\/produit\/adaptador-iscg-tipo-a-bsa-filete-diametro-34-5mm\/","name":"isgg05 adaptador de montaje del motor","isPartOf":{"@id":"https:\/\/www.lift-mtb.com\/es\/#website"},"primaryImageOfPage":{"@id":"https:\/\/www.lift-mtb.com\/es\/produit\/adaptador-iscg-tipo-a-bsa-filete-diametro-34-5mm\/#primaryimage"},"image":{"@id":"https:\/\/www.lift-mtb.com\/es\/produit\/adaptador-iscg-tipo-a-bsa-filete-diametro-34-5mm\/#primaryimage"},"thumbnailUrl":"https:\/\/www.lift-mtb.com\/wp-content\/uploads\/2022\/02\/bsa-mesure.png","datePublished":"2022-02-25T16:56:58+00:00","dateModified":"2023-11-27T22:05:14+00:00","description":"Descubre nuestro adaptador de soporte de motor isgg05 para pedalier roscado BSA. A\u00f1adir tacos ISCG al cuadro de una bicicleta.","breadcrumb":{"@id":"https:\/\/www.lift-mtb.com\/es\/produit\/adaptador-iscg-tipo-a-bsa-filete-diametro-34-5mm\/#breadcrumb"},"inLanguage":"es","potentialAction":[{"@type":"ReadAction","target":["https:\/\/www.lift-mtb.com\/es\/produit\/adaptador-iscg-tipo-a-bsa-filete-diametro-34-5mm\/"]}]},{"@type":"ImageObject","inLanguage":"es","@id":"https:\/\/www.lift-mtb.com\/es\/produit\/adaptador-iscg-tipo-a-bsa-filete-diametro-34-5mm\/#primaryimage","url":"https:\/\/www.lift-mtb.com\/wp-content\/uploads\/2022\/02\/bsa-mesure.png","contentUrl":"https:\/\/www.lift-mtb.com\/wp-content\/uploads\/2022\/02\/bsa-mesure.png","width":640,"height":749,"caption":"Medidas del pedalier BSA"},{"@type":"BreadcrumbList","@id":"https:\/\/www.lift-mtb.com\/es\/produit\/adaptador-iscg-tipo-a-bsa-filete-diametro-34-5mm\/#breadcrumb","itemListElement":[{"@type":"ListItem","position":1,"name":"Accueil","item":"https:\/\/www.lift-mtb.com\/es\/"},{"@type":"ListItem","position":2,"name":"Tienda","item":"https:\/\/www.lift-mtb.com\/es\/tienda\/"},{"@type":"ListItem","position":3,"name":"Adaptador de montaje del motor","item":"https:\/\/www.lift-mtb.com\/es\/categoria-de-productos\/adaptador-de-montaje-del-motor\/"},{"@type":"ListItem","position":4,"name":"Adaptador de montaje del motor para el cuadro BSA con rosca de \u00d8 34,5MM."}]},{"@type":"WebSite","@id":"https:\/\/www.lift-mtb.com\/es\/#website","url":"https:\/\/www.lift-mtb.com\/es\/","name":"LIFT-MTB","description":"Transformer son v\u00e9lo en \u00e9lectrique rapidement !","publisher":{"@id":"https:\/\/www.lift-mtb.com\/es\/#organization"},"potentialAction":[{"@type":"SearchAction","target":{"@type":"EntryPoint","urlTemplate":"https:\/\/www.lift-mtb.com\/es\/?s={search_term_string}"},"query-input":{"@type":"PropertyValueSpecification","valueRequired":true,"valueName":"search_term_string"}}],"inLanguage":"es"},{"@type":"Organization","@id":"https:\/\/www.lift-mtb.com\/es\/#organization","name":"LIFT-MTB","url":"https:\/\/www.lift-mtb.com\/es\/","logo":{"@type":"ImageObject","inLanguage":"es","@id":"https:\/\/www.lift-mtb.com\/es\/#\/schema\/logo\/image\/","url":"https:\/\/www.lift-mtb.com\/wp-content\/uploads\/2022\/01\/electric-kit-for-bike-1.jpg","contentUrl":"https:\/\/www.lift-mtb.com\/wp-content\/uploads\/2022\/01\/electric-kit-for-bike-1.jpg","width":1223,"height":560,"caption":"LIFT-MTB"},"image":{"@id":"https:\/\/www.lift-mtb.com\/es\/#\/schema\/logo\/image\/"}}]}},"_links":{"self":[{"href":"https:\/\/www.lift-mtb.com\/es\/wp-json\/wp\/v2\/product\/39007","targetHints":{"allow":["GET"]}}],"collection":[{"href":"https:\/\/www.lift-mtb.com\/es\/wp-json\/wp\/v2\/product"}],"about":[{"href":"https:\/\/www.lift-mtb.com\/es\/wp-json\/wp\/v2\/types\/product"}],"replies":[{"embeddable":true,"href":"https:\/\/www.lift-mtb.com\/es\/wp-json\/wp\/v2\/comments?post=39007"}],"wp:featuredmedia":[{"embeddable":true,"href":"https:\/\/www.lift-mtb.com\/es\/wp-json\/wp\/v2\/media\/8777"}],"wp:attachment":[{"href":"https:\/\/www.lift-mtb.com\/es\/wp-json\/wp\/v2\/media?parent=39007"}],"wp:term":[{"taxonomy":"product_brand","embeddable":true,"href":"https:\/\/www.lift-mtb.com\/es\/wp-json\/wp\/v2\/product_brand?post=39007"},{"taxonomy":"product_cat","embeddable":true,"href":"https:\/\/www.lift-mtb.com\/es\/wp-json\/wp\/v2\/product_cat?post=39007"},{"taxonomy":"product_tag","embeddable":true,"href":"https:\/\/www.lift-mtb.com\/es\/wp-json\/wp\/v2\/product_tag?post=39007"}],"curies":[{"name":"wp","href":"https:\/\/api.w.org\/{rel}","templated":true}]}}