{"id":39034,"date":"2022-03-23T11:23:38","date_gmt":"2022-03-23T10:23:38","guid":{"rendered":"https:\/produit\/motor-de-rueda-china-bateria\/"},"modified":"2025-06-11T14:39:35","modified_gmt":"2025-06-11T12:39:35","slug":"motor-rueda-velo-elevadora-mtb-bateria","status":"publish","type":"product","link":"https:\/\/www.lift-mtb.com\/es\/produit\/motor-rueda-velo-elevadora-mtb-bateria\/","title":{"rendered":"Motor de rueda de bicicleta &#8211; LIFT MTB + bater\u00eda"},"content":{"rendered":"<h2>\u00bfPor qu\u00e9 ofrecer un motor de rueda de bicicleta?<\/h2>\n<p>Hist\u00f3ricamente, LIFT-MTB es un <strong>fabricante de motores el\u00e9ctricos de plato y biela para bicicletas.<\/strong> <strong> <\/strong>los motores de pedales siguen siendo la mejor soluci\u00f3n para el uso Mountain bikes (MTB).<\/p>\n<p>Comparado con el <strong>motor de rueda para bicicletas<\/strong>, el motor de pedal permite m\u00e1s par, menos peso, menor consumo y <a href=\"https:\/\/www.youtube.com\/watch?v=wpv1ITOgJ1A\">mejor distribuci\u00f3n del peso<\/a>.<\/p>\n<p>Sin embargo, \u00a1tambi\u00e9n vendemos <strong>motores en la rueda<\/strong> trasera para satisfacer la demanda de todos!<\/p>\n<p>Este tipo de motor de rueda ofrece la ventaja de ser <strong>muy competitivo en t\u00e9rminos de precio,<\/strong> se adapta a las bicicletas de ciudad, bicicleta h\u00edbrida (V\u00e9lo Tout Chemin), triciclos&#8230;<\/p>\n<p>Tambi\u00e9n es compatible con ciertas bicicletas de monta\u00f1a para su uso en paseos con poca pendiente, sin la noci\u00f3n de rendimiento, sin la b\u00fasqueda de ahorro de peso, o la b\u00fasqueda de un alto par para subir caminos empinados, en definitiva para su uso en &#8220;todos los caminos&#8221; en lugar de &#8220;todos los terrenos&#8221;.<\/p>\n<p style=\"text-align: center;\"><a href=\"https:\/bafang-ou-lift-mtb\/\">Lea nuestro art\u00edculo comparativo Prueba de motor de rueda<\/a><\/p>\n<h2>\u00bfPor qu\u00e9 comprar un motor de rueda MTB LIFT?<\/h2>\n<p>Sin igualar a nuestro kit de motor de pedales LIFT-MTB en t\u00e9rminos de prestaciones, y sobre todo de adaptabilidad y solidez, la versi\u00f3n de motor de rueda distribuida por <a href=\"https:\/\/www.youtube.com\/watch?v=wpv1ITOgJ1A\">LIFT-MTB ser\u00e1 m\u00e1s eficaz<\/a> y adaptada que una versi\u00f3n b\u00e1sica vendida en otros lugares.<\/p>\n<p>Como somos b\u00e1sicamente fabricantes de kits tenemos amplios conocimientos de gesti\u00f3n electr\u00f3nica, la capacidad de modificar o fabricar piezas muy espec\u00edficas para estos motores con nuestro equipo de mecanizado CNC si es necesario.<\/p>\n<p>Bas\u00e1ndonos en esta experiencia, hemos seleccionado la versi\u00f3n m\u00e1s sencilla y fiable posible.<\/p>\n<p>En resumen, no somos simples vendedores, e intentamos aportar un plus a este producto para valorizarlo.<\/p>\n<p>Por eso hemos optado por ofrecer un solo modelo de motor de rueda, super fiable para estar seguros de la satisfacci\u00f3n del cliente.<\/p>\n","protected":false},"excerpt":{"rendered":"<ul>\n<li>En funci\u00f3n de su bicicleta, puede elegir entre 1, 3, 6, 7 u 8, 9, 10 velocidades.<\/li>\n<li>Tama\u00f1o de rueda a elegir: 700 (carretera \/ ciudad) \/ 26 \/ 27,5 \/ 29 pulgadas<\/li>\n<li>Capacidades de la bater\u00eda: 300wh \/ 400wh \/500wh o 600wh<\/li>\n<li>Montaje para soporte de marco de 9 \/ 10 mm<\/li>\n<li>El kit incluye: La rueda trasera completa (llanta, radios y motor de buje)<\/li>\n<li>Una pantalla compacta en el manillar para gestionar los modos de conducci\u00f3n.<\/li>\n<li>La rueda el\u00e9ctrica ser\u00e1 entregada ya con radios por nuestro equipo.<\/li>\n<li>Un soporte de aluminio para bater\u00edas de hasta 500wh y un soporte de pl\u00e1stico para bater\u00edas de 600wh<\/li>\n<li>El controlador.<\/li>\n<li>Peso 2kg \/ par 45Nm<\/li>\n<\/ul>\n<p><strong>Por favor, especifique el n\u00famero de marchas de su bicicleta en los comentarios del pedido.  <\/strong><\/p>\n<p style=\"text-align: center;\"><a href=\"https:\/moteur-roue-pour-velo-electrique\/\"><span style=\"color: #ff0000;\"><strong>Compruebe la compatibilidad de su bicicleta con el kit motor rueda MTB LIFT<\/strong><\/span><\/a><\/p>\n","protected":false},"featured_media":34949,"comment_status":"open","ping_status":"closed","template":"","meta":[],"product_brand":[],"product_cat":[825],"product_tag":[],"class_list":{"0":"post-39034","1":"product","2":"type-product","3":"status-publish","4":"has-post-thumbnail","6":"product_cat-otros-tipos-de-motorizacion","8":"first","9":"instock","10":"taxable","11":"shipping-taxable","12":"purchasable","13":"product-type-variable"},"yoast_head":"<!-- This site is optimized with the Yoast SEO plugin v26.9 - https:\/\/yoast.com\/product\/yoast-seo-wordpress\/ -->\n<title>Motor de rueda para bicicletas para convertir tu bicicleta en el\u00e9ctrica.<\/title>\n<meta name=\"description\" content=\"Descubra nuestro motor de rueda el\u00e9ctrica para transformar su bicicleta cl\u00e1sica en un cubo de bicicleta el\u00e9ctrica -.\" \/>\n<meta name=\"robots\" content=\"index, follow, max-snippet:-1, max-image-preview:large, max-video-preview:-1\" \/>\n<link rel=\"canonical\" href=\"https:\/\/www.lift-mtb.com\/es\/produit\/motor-rueda-velo-elevadora-mtb-bateria\/\" \/>\n<meta property=\"og:locale\" content=\"es_ES\" \/>\n<meta property=\"og:type\" content=\"article\" \/>\n<meta property=\"og:title\" content=\"Motor de rueda para bicicletas para convertir tu bicicleta en el\u00e9ctrica.\" \/>\n<meta property=\"og:description\" content=\"Descubra nuestro motor de rueda el\u00e9ctrica para transformar su bicicleta cl\u00e1sica en un cubo de bicicleta el\u00e9ctrica -.\" \/>\n<meta property=\"og:url\" content=\"https:\/\/www.lift-mtb.com\/es\/produit\/motor-rueda-velo-elevadora-mtb-bateria\/\" \/>\n<meta property=\"og:site_name\" content=\"LIFT-MTB\" \/>\n<meta property=\"article:modified_time\" content=\"2025-06-11T12:39:35+00:00\" \/>\n<meta property=\"og:image\" content=\"https:\/\/www.lift-mtb.com\/wp-content\/uploads\/2022\/08\/moteur-moyeux-lift-mtb-poids-1-sur-1-scaled.jpg\" \/>\n\t<meta property=\"og:image:width\" content=\"2560\" \/>\n\t<meta property=\"og:image:height\" content=\"1695\" \/>\n\t<meta property=\"og:image:type\" content=\"image\/jpeg\" \/>\n<meta name=\"twitter:card\" content=\"summary_large_image\" \/>\n<meta name=\"twitter:label1\" content=\"Tiempo de lectura\" \/>\n\t<meta name=\"twitter:data1\" content=\"2 minutos\" \/>\n<script type=\"application\/ld+json\" class=\"yoast-schema-graph\">{\"@context\":\"https:\/\/schema.org\",\"@graph\":[{\"@type\":\"WebPage\",\"@id\":\"https:\/\/www.lift-mtb.com\/es\/produit\/motor-rueda-velo-elevadora-mtb-bateria\/\",\"url\":\"https:\/\/www.lift-mtb.com\/es\/produit\/motor-rueda-velo-elevadora-mtb-bateria\/\",\"name\":\"Motor de rueda para bicicletas para convertir tu bicicleta en el\u00e9ctrica.\",\"isPartOf\":{\"@id\":\"https:\/\/www.lift-mtb.com\/es\/#website\"},\"primaryImageOfPage\":{\"@id\":\"https:\/\/www.lift-mtb.com\/es\/produit\/motor-rueda-velo-elevadora-mtb-bateria\/#primaryimage\"},\"image\":{\"@id\":\"https:\/\/www.lift-mtb.com\/es\/produit\/motor-rueda-velo-elevadora-mtb-bateria\/#primaryimage\"},\"thumbnailUrl\":\"https:\/\/www.lift-mtb.com\/wp-content\/uploads\/2022\/08\/moteur-moyeux-lift-mtb-poids-1-sur-1-scaled.jpg\",\"datePublished\":\"2022-03-23T10:23:38+00:00\",\"dateModified\":\"2025-06-11T12:39:35+00:00\",\"description\":\"Descubra nuestro motor de rueda el\u00e9ctrica para transformar su bicicleta cl\u00e1sica en un cubo de bicicleta el\u00e9ctrica -.\",\"breadcrumb\":{\"@id\":\"https:\/\/www.lift-mtb.com\/es\/produit\/motor-rueda-velo-elevadora-mtb-bateria\/#breadcrumb\"},\"inLanguage\":\"es\",\"potentialAction\":[{\"@type\":\"ReadAction\",\"target\":[\"https:\/\/www.lift-mtb.com\/es\/produit\/motor-rueda-velo-elevadora-mtb-bateria\/\"]}]},{\"@type\":\"ImageObject\",\"inLanguage\":\"es\",\"@id\":\"https:\/\/www.lift-mtb.com\/es\/produit\/motor-rueda-velo-elevadora-mtb-bateria\/#primaryimage\",\"url\":\"https:\/\/www.lift-mtb.com\/wp-content\/uploads\/2022\/08\/moteur-moyeux-lift-mtb-poids-1-sur-1-scaled.jpg\",\"contentUrl\":\"https:\/\/www.lift-mtb.com\/wp-content\/uploads\/2022\/08\/moteur-moyeux-lift-mtb-poids-1-sur-1-scaled.jpg\",\"width\":2560,\"height\":1695,\"caption\":\"moteur roue electrique\"},{\"@type\":\"BreadcrumbList\",\"@id\":\"https:\/\/www.lift-mtb.com\/es\/produit\/motor-rueda-velo-elevadora-mtb-bateria\/#breadcrumb\",\"itemListElement\":[{\"@type\":\"ListItem\",\"position\":1,\"name\":\"Accueil\",\"item\":\"https:\/\/www.lift-mtb.com\/es\/\"},{\"@type\":\"ListItem\",\"position\":2,\"name\":\"Tienda\",\"item\":\"https:\/\/www.lift-mtb.com\/es\/tienda\/\"},{\"@type\":\"ListItem\",\"position\":3,\"name\":\"Otros tipos de motorizaci\u00f3n\",\"item\":\"https:\/\/www.lift-mtb.com\/es\/categoria-de-productos\/otros-tipos-de-motorizacion\/\"},{\"@type\":\"ListItem\",\"position\":4,\"name\":\"Motor de rueda de bicicleta &#8211; LIFT MTB + bater\u00eda\"}]},{\"@type\":\"WebSite\",\"@id\":\"https:\/\/www.lift-mtb.com\/es\/#website\",\"url\":\"https:\/\/www.lift-mtb.com\/es\/\",\"name\":\"LIFT-MTB\",\"description\":\"Transformer son v\u00e9lo en \u00e9lectrique rapidement !\",\"publisher\":{\"@id\":\"https:\/\/www.lift-mtb.com\/es\/#organization\"},\"potentialAction\":[{\"@type\":\"SearchAction\",\"target\":{\"@type\":\"EntryPoint\",\"urlTemplate\":\"https:\/\/www.lift-mtb.com\/es\/?s={search_term_string}\"},\"query-input\":{\"@type\":\"PropertyValueSpecification\",\"valueRequired\":true,\"valueName\":\"search_term_string\"}}],\"inLanguage\":\"es\"},{\"@type\":\"Organization\",\"@id\":\"https:\/\/www.lift-mtb.com\/es\/#organization\",\"name\":\"LIFT-MTB\",\"url\":\"https:\/\/www.lift-mtb.com\/es\/\",\"logo\":{\"@type\":\"ImageObject\",\"inLanguage\":\"es\",\"@id\":\"https:\/\/www.lift-mtb.com\/es\/#\/schema\/logo\/image\/\",\"url\":\"https:\/\/www.lift-mtb.com\/wp-content\/uploads\/2022\/01\/electric-kit-for-bike-1.jpg\",\"contentUrl\":\"https:\/\/www.lift-mtb.com\/wp-content\/uploads\/2022\/01\/electric-kit-for-bike-1.jpg\",\"width\":1223,\"height\":560,\"caption\":\"LIFT-MTB\"},\"image\":{\"@id\":\"https:\/\/www.lift-mtb.com\/es\/#\/schema\/logo\/image\/\"}}]}<\/script>\n<!-- \/ Yoast SEO plugin. -->","yoast_head_json":{"title":"Motor de rueda para bicicletas para convertir tu bicicleta en el\u00e9ctrica.","description":"Descubra nuestro motor de rueda el\u00e9ctrica para transformar su bicicleta cl\u00e1sica en un cubo de bicicleta el\u00e9ctrica -.","robots":{"index":"index","follow":"follow","max-snippet":"max-snippet:-1","max-image-preview":"max-image-preview:large","max-video-preview":"max-video-preview:-1"},"canonical":"https:\/\/www.lift-mtb.com\/es\/produit\/motor-rueda-velo-elevadora-mtb-bateria\/","og_locale":"es_ES","og_type":"article","og_title":"Motor de rueda para bicicletas para convertir tu bicicleta en el\u00e9ctrica.","og_description":"Descubra nuestro motor de rueda el\u00e9ctrica para transformar su bicicleta cl\u00e1sica en un cubo de bicicleta el\u00e9ctrica -.","og_url":"https:\/\/www.lift-mtb.com\/es\/produit\/motor-rueda-velo-elevadora-mtb-bateria\/","og_site_name":"LIFT-MTB","article_modified_time":"2025-06-11T12:39:35+00:00","og_image":[{"width":2560,"height":1695,"url":"https:\/\/www.lift-mtb.com\/wp-content\/uploads\/2022\/08\/moteur-moyeux-lift-mtb-poids-1-sur-1-scaled.jpg","type":"image\/jpeg"}],"twitter_card":"summary_large_image","twitter_misc":{"Tiempo de lectura":"2 minutos"},"schema":{"@context":"https:\/\/schema.org","@graph":[{"@type":"WebPage","@id":"https:\/\/www.lift-mtb.com\/es\/produit\/motor-rueda-velo-elevadora-mtb-bateria\/","url":"https:\/\/www.lift-mtb.com\/es\/produit\/motor-rueda-velo-elevadora-mtb-bateria\/","name":"Motor de rueda para bicicletas para convertir tu bicicleta en el\u00e9ctrica.","isPartOf":{"@id":"https:\/\/www.lift-mtb.com\/es\/#website"},"primaryImageOfPage":{"@id":"https:\/\/www.lift-mtb.com\/es\/produit\/motor-rueda-velo-elevadora-mtb-bateria\/#primaryimage"},"image":{"@id":"https:\/\/www.lift-mtb.com\/es\/produit\/motor-rueda-velo-elevadora-mtb-bateria\/#primaryimage"},"thumbnailUrl":"https:\/\/www.lift-mtb.com\/wp-content\/uploads\/2022\/08\/moteur-moyeux-lift-mtb-poids-1-sur-1-scaled.jpg","datePublished":"2022-03-23T10:23:38+00:00","dateModified":"2025-06-11T12:39:35+00:00","description":"Descubra nuestro motor de rueda el\u00e9ctrica para transformar su bicicleta cl\u00e1sica en un cubo de bicicleta el\u00e9ctrica -.","breadcrumb":{"@id":"https:\/\/www.lift-mtb.com\/es\/produit\/motor-rueda-velo-elevadora-mtb-bateria\/#breadcrumb"},"inLanguage":"es","potentialAction":[{"@type":"ReadAction","target":["https:\/\/www.lift-mtb.com\/es\/produit\/motor-rueda-velo-elevadora-mtb-bateria\/"]}]},{"@type":"ImageObject","inLanguage":"es","@id":"https:\/\/www.lift-mtb.com\/es\/produit\/motor-rueda-velo-elevadora-mtb-bateria\/#primaryimage","url":"https:\/\/www.lift-mtb.com\/wp-content\/uploads\/2022\/08\/moteur-moyeux-lift-mtb-poids-1-sur-1-scaled.jpg","contentUrl":"https:\/\/www.lift-mtb.com\/wp-content\/uploads\/2022\/08\/moteur-moyeux-lift-mtb-poids-1-sur-1-scaled.jpg","width":2560,"height":1695,"caption":"moteur roue electrique"},{"@type":"BreadcrumbList","@id":"https:\/\/www.lift-mtb.com\/es\/produit\/motor-rueda-velo-elevadora-mtb-bateria\/#breadcrumb","itemListElement":[{"@type":"ListItem","position":1,"name":"Accueil","item":"https:\/\/www.lift-mtb.com\/es\/"},{"@type":"ListItem","position":2,"name":"Tienda","item":"https:\/\/www.lift-mtb.com\/es\/tienda\/"},{"@type":"ListItem","position":3,"name":"Otros tipos de motorizaci\u00f3n","item":"https:\/\/www.lift-mtb.com\/es\/categoria-de-productos\/otros-tipos-de-motorizacion\/"},{"@type":"ListItem","position":4,"name":"Motor de rueda de bicicleta &#8211; LIFT MTB + bater\u00eda"}]},{"@type":"WebSite","@id":"https:\/\/www.lift-mtb.com\/es\/#website","url":"https:\/\/www.lift-mtb.com\/es\/","name":"LIFT-MTB","description":"Transformer son v\u00e9lo en \u00e9lectrique rapidement !","publisher":{"@id":"https:\/\/www.lift-mtb.com\/es\/#organization"},"potentialAction":[{"@type":"SearchAction","target":{"@type":"EntryPoint","urlTemplate":"https:\/\/www.lift-mtb.com\/es\/?s={search_term_string}"},"query-input":{"@type":"PropertyValueSpecification","valueRequired":true,"valueName":"search_term_string"}}],"inLanguage":"es"},{"@type":"Organization","@id":"https:\/\/www.lift-mtb.com\/es\/#organization","name":"LIFT-MTB","url":"https:\/\/www.lift-mtb.com\/es\/","logo":{"@type":"ImageObject","inLanguage":"es","@id":"https:\/\/www.lift-mtb.com\/es\/#\/schema\/logo\/image\/","url":"https:\/\/www.lift-mtb.com\/wp-content\/uploads\/2022\/01\/electric-kit-for-bike-1.jpg","contentUrl":"https:\/\/www.lift-mtb.com\/wp-content\/uploads\/2022\/01\/electric-kit-for-bike-1.jpg","width":1223,"height":560,"caption":"LIFT-MTB"},"image":{"@id":"https:\/\/www.lift-mtb.com\/es\/#\/schema\/logo\/image\/"}}]}},"_links":{"self":[{"href":"https:\/\/www.lift-mtb.com\/es\/wp-json\/wp\/v2\/product\/39034","targetHints":{"allow":["GET"]}}],"collection":[{"href":"https:\/\/www.lift-mtb.com\/es\/wp-json\/wp\/v2\/product"}],"about":[{"href":"https:\/\/www.lift-mtb.com\/es\/wp-json\/wp\/v2\/types\/product"}],"replies":[{"embeddable":true,"href":"https:\/\/www.lift-mtb.com\/es\/wp-json\/wp\/v2\/comments?post=39034"}],"wp:featuredmedia":[{"embeddable":true,"href":"https:\/\/www.lift-mtb.com\/es\/wp-json\/wp\/v2\/media\/34949"}],"wp:attachment":[{"href":"https:\/\/www.lift-mtb.com\/es\/wp-json\/wp\/v2\/media?parent=39034"}],"wp:term":[{"taxonomy":"product_brand","embeddable":true,"href":"https:\/\/www.lift-mtb.com\/es\/wp-json\/wp\/v2\/product_brand?post=39034"},{"taxonomy":"product_cat","embeddable":true,"href":"https:\/\/www.lift-mtb.com\/es\/wp-json\/wp\/v2\/product_cat?post=39034"},{"taxonomy":"product_tag","embeddable":true,"href":"https:\/\/www.lift-mtb.com\/es\/wp-json\/wp\/v2\/product_tag?post=39034"}],"curies":[{"name":"wp","href":"https:\/\/api.w.org\/{rel}","templated":true}]}}