{"id":39048,"date":"2022-05-04T15:36:55","date_gmt":"2022-05-04T13:36:55","guid":{"rendered":"https:\/produit\/kit-de-motor-de-pedal-chino-bafang\/"},"modified":"2023-02-23T23:53:39","modified_gmt":"2023-02-23T22:53:39","slug":"kit-motor-pedal-chino-bafang","status":"publish","type":"product","link":"https:\/\/www.lift-mtb.com\/es\/produit\/kit-motor-pedal-chino-bafang\/","title":{"rendered":"Kit de motor de pedal chino \/ Bafang"},"content":{"rendered":"<h1>\u00bfPor qu\u00e9 comprar un motor BAFANG en LIFT MTB?<\/h1>\n<p style=\"margin: 0cm 0cm 0pt;\">Fabricamos nuestros propios motores LIFT-MTB en Francia desde 2012, son los m\u00e1s vers\u00e1tiles, fiables y realmente adaptados para su uso Mountain bikes (MTB) de monta\u00f1a, consulta nuestro art\u00edculo completo al respecto:<\/p>\n<h2 style=\"text-align: center;\"><a title=\"https:\/\/www.youtube.com\/watch?v=wpv1ITOgJ1A&amp;t=98s\" href=\"https:\/bafang-ou-lift-mtb\/\" target=\"_blank\" rel=\"noopener\"><span style=\"color: #ff0000;\"><strong>&#8221; Opini\u00f3n de prueba BAFANG &#8221;<\/strong><\/span><\/a><\/h2>\n<p>Somos conscientes de que para algunas personas, el motor chino BAFANG, un poco menos caro, es suficiente en t\u00e9rminos de rendimiento o solidez para un uso m\u00e1s suave, como la <strong>transformaci\u00f3n de bicicletas urbanas en bicicletas<\/strong> el\u00e9ctricas.<\/p>\n<p>Por eso, adem\u00e1s de nuestra versi\u00f3n de gama alta LIFT MTB \/ MADE IN FRANCE, ponemos a la venta los motores chinos BAFANG BBS02.<\/p>\n<p>Por supuesto con algunas modificaciones LIFT MTB para hacerlo m\u00e1s eficiente y fiable para su uso Mountain bikes (MTB), o en carretera \/ bicicleta de ciudad o versi\u00f3n bicicleta h\u00edbrida.<\/p>\n<p><img decoding=\"async\" class=\"wp-image-10908 alignright\" src=\"https:\/\/www.lift-mtb.com\/wp-content\/uploads\/2022\/05\/bafang-3-scaled.jpg\" alt=\"\" width=\"340\" height=\"227\" srcset=\"https:\/\/www.lift-mtb.com\/wp-content\/uploads\/2022\/05\/bafang-3-200x134.jpg 200w, https:\/\/www.lift-mtb.com\/wp-content\/uploads\/2022\/05\/bafang-3-300x200.jpg 300w, https:\/\/www.lift-mtb.com\/wp-content\/uploads\/2022\/05\/bafang-3-400x267.jpg 400w, https:\/\/www.lift-mtb.com\/wp-content\/uploads\/2022\/05\/bafang-3-500x334.jpg 500w, https:\/\/www.lift-mtb.com\/wp-content\/uploads\/2022\/05\/bafang-3-600x401.jpg 600w, https:\/\/www.lift-mtb.com\/wp-content\/uploads\/2022\/05\/bafang-3-700x467.jpg 700w, https:\/\/www.lift-mtb.com\/wp-content\/uploads\/2022\/05\/bafang-3-768x513.jpg 768w, https:\/\/www.lift-mtb.com\/wp-content\/uploads\/2022\/05\/bafang-3-800x534.jpg 800w, https:\/\/www.lift-mtb.com\/wp-content\/uploads\/2022\/05\/bafang-3-1024x684.jpg 1024w, https:\/\/www.lift-mtb.com\/wp-content\/uploads\/2022\/05\/bafang-3-1200x801.jpg 1200w, https:\/\/www.lift-mtb.com\/wp-content\/uploads\/2022\/05\/bafang-3-1536x1025.jpg 1536w, https:\/\/www.lift-mtb.com\/wp-content\/uploads\/2022\/05\/bafang-3-scaled.jpg 2200w\" sizes=\"(max-width: 340px) 100vw, 340px\" \/>Sin igualar nuestros platos y bielas LIFT-MTB en t\u00e9rminos de distancia al suelo, prestaciones, acabados y, sobre todo, adaptabilidad y solidez, la versi\u00f3n BAFANG \/ <a href=\"https:\/\/www.youtube.com\/watch?v=wpv1ITOgJ1A\">LIFT-MTB ser\u00e1 m\u00e1s potente<\/a> y adaptada al uso Mountain bikes (MTB) monta\u00f1a que una versi\u00f3n b\u00e1sica del BAFANG vendida en otros lugares.<\/p>\n<p>Como somos b\u00e1sicamente fabricantes de kits, tenemos el conocimiento de la gesti\u00f3n de la electr\u00f3nica, la capacidad de modificar o fabricar piezas muy espec\u00edficas para estos motores con nuestras m\u00e1quinas herramientas CNC si es necesario.<\/p>\n<p>En resumen, no somos simples vendedores e intentamos aportar algo m\u00e1s a este producto para mejorarlo.<\/p>\n<p>&nbsp;<\/p>\n<h2><strong>Modificaciones LIFT MTB:<\/strong><\/h2>\n<p>As\u00ed, podr\u00e1 beneficiarse de nuestros conocimientos en el \u00e1mbito de la reprogramaci\u00f3n y el desarrollo de las curvas de potencia BAFANG.<\/p>\n<p>La curva de potencia modificada del BAFANG BBS permitir\u00e1 un consumo medido aprovechando al m\u00e1ximo la potencia del juego de bielas de MTB.<\/p>\n<p>Nuestro kit BAFANG by LIFT MTB viene de serie con una serie de piezas, como un adaptador de 4 puntos de aluminio 7075 anodizado negro, equipado con una placa de aluminio de 38t de ancho estrecho para limitar el descarrilamiento, cable de extensi\u00f3n, espaciador espec\u00edfico&#8230;<\/p>\n<p>Compare los precios teniendo en cuenta estas opciones, que para nosotros est\u00e1n incluidas en nuestro precio b\u00e1sico, pero a menudo son una opci\u00f3n para nuestros competidores&#8230;<\/p>\n<h3><strong>Versiones de motor:<\/strong><\/h3>\n<p>En cuanto a las versiones puestas a la venta, sabiendo que no queremos vender &#8220;motos el\u00e9ctricas&#8221;, sino Mountain bikes (MTB) el\u00e9ctricas de monta\u00f1a eficientes y ligeras, nos hemos limitado a seleccionar 3 versiones.<\/p>\n<p>S\u00f3lo 36V, con 3 potencias : 250w (uso en carretera) , 350w o 500w (uso fuera de carretera).<\/p>\n<p>Este tipo de potencia es ampliamente suficiente cuando el motor est\u00e1 bien puesto a punto con curvas de potencia bien optimizadas, una potencia contenida evita roturas de transmisi\u00f3n como cuerpos de cadena o casete, bujes&#8230;<\/p>\n<p><img decoding=\"async\" class=\"alignnone wp-image-42381\" src=\"https:\/\/www.lift-mtb.com\/wp-content\/uploads\/2022\/12\/250w.png\" alt=\"\" width=\"205\" height=\"205\" srcset=\"https:\/\/www.lift-mtb.com\/wp-content\/uploads\/2022\/12\/250w-66x66.png 66w, https:\/\/www.lift-mtb.com\/wp-content\/uploads\/2022\/12\/250w-150x150.png 150w, https:\/\/www.lift-mtb.com\/wp-content\/uploads\/2022\/12\/250w-200x200.png 200w, https:\/\/www.lift-mtb.com\/wp-content\/uploads\/2022\/12\/250w-300x300.png 300w, https:\/\/www.lift-mtb.com\/wp-content\/uploads\/2022\/12\/250w-400x400.png 400w, https:\/\/www.lift-mtb.com\/wp-content\/uploads\/2022\/12\/250w.png 500w\" sizes=\"(max-width: 205px) 100vw, 205px\" \/>       <img decoding=\"async\" class=\"alignnone wp-image-42386\" src=\"https:\/\/www.lift-mtb.com\/wp-content\/uploads\/2022\/12\/350w.png\" alt=\"\" width=\"246\" height=\"246\" srcset=\"https:\/\/www.lift-mtb.com\/wp-content\/uploads\/2022\/12\/350w-66x66.png 66w, https:\/\/www.lift-mtb.com\/wp-content\/uploads\/2022\/12\/350w-150x150.png 150w, https:\/\/www.lift-mtb.com\/wp-content\/uploads\/2022\/12\/350w-200x200.png 200w, https:\/\/www.lift-mtb.com\/wp-content\/uploads\/2022\/12\/350w-300x300.png 300w, https:\/\/www.lift-mtb.com\/wp-content\/uploads\/2022\/12\/350w-400x400.png 400w, https:\/\/www.lift-mtb.com\/wp-content\/uploads\/2022\/12\/350w.png 500w\" sizes=\"(max-width: 246px) 100vw, 246px\" \/>     <img decoding=\"async\" class=\"alignnone wp-image-42396\" src=\"https:\/\/www.lift-mtb.com\/wp-content\/uploads\/2022\/12\/500w.png\" alt=\"\" width=\"274\" height=\"274\" srcset=\"https:\/\/www.lift-mtb.com\/wp-content\/uploads\/2022\/12\/500w-66x66.png 66w, https:\/\/www.lift-mtb.com\/wp-content\/uploads\/2022\/12\/500w-150x150.png 150w, https:\/\/www.lift-mtb.com\/wp-content\/uploads\/2022\/12\/500w-200x200.png 200w, https:\/\/www.lift-mtb.com\/wp-content\/uploads\/2022\/12\/500w-300x300.png 300w, https:\/\/www.lift-mtb.com\/wp-content\/uploads\/2022\/12\/500w-400x400.png 400w, https:\/\/www.lift-mtb.com\/wp-content\/uploads\/2022\/12\/500w.png 500w\" sizes=\"(max-width: 274px) 100vw, 274px\" \/><\/p>\n<p>&nbsp;<\/p>\n<p style=\"text-align: center;\"><b>No dude en ponerse en contacto con nosotros para obtener m\u00e1s informaci\u00f3n sobre c\u00f3mo montar este kit en su moto.<\/b><\/p>\n<p style=\"text-align: center;\">\n","protected":false},"excerpt":{"rendered":"<p><strong>Kit de motor de pedal Bafang BBS :<\/strong><\/p>\n<p>1x <strong>Motor de pedal<\/strong> con :<\/p>\n<p>1x <strong>regulador de<\/strong> 25A 36V<\/p>\n<p>1x Soporte de bandeja de aluminio de 4 patas con bandeja de 38t de <strong>ancho estrecho<\/strong><\/p>\n<p>(tambi\u00e9n se suministrar\u00e1 el plato de acero original de 44 dientes)<\/p>\n<p>1x <strong>Sensor de pedaleo<\/strong> (El motor se pone en marcha <strong>autom\u00e1ticamente<\/strong> cuando se pedalea)<\/p>\n<p>1x <strong>Sensor de<\/strong> <strong>velocidad <\/strong> (el motor deja de prestar asistencia por encima de 25 km\/h en funci\u00f3n del ajuste)<\/p>\n<p>1x <strong>Pantalla de<\/strong> manillar modelo C965 , con 9 curvas de potencia, retroiluminaci\u00f3n<\/p>\n<p>1x Par de bielas con <strong>eje cuadrado<\/strong>.<\/p>\n<p>1x <strong>Acelerador de manillar tipo gatillo<\/strong>. (puede desconectarse en la versi\u00f3n 100% aprobada)<\/p>\n<p>Reprogramaci\u00f3n incluida<\/p>\n<p>Bater\u00eda de 36 voltios <strong>con cable alargador y bolsa de protecci\u00f3n de la bater\u00eda incluidos<\/strong>, en funci\u00f3n de su uso (consulte la tabla)<\/p>\n<p><strong>Los modelos BAFANG 350w y 500w no est\u00e1n homologados<\/strong><strong> <\/strong><strong>para su uso en carreteras abiertas.<\/strong><\/p>\n","protected":false},"featured_media":10872,"comment_status":"open","ping_status":"closed","template":"","meta":[],"product_brand":[],"product_cat":[825],"product_tag":[],"class_list":{"0":"post-39048","1":"product","2":"type-product","3":"status-publish","4":"has-post-thumbnail","6":"product_cat-otros-tipos-de-motorizacion","8":"first","9":"instock","10":"taxable","11":"shipping-taxable","12":"purchasable","13":"product-type-variable"},"yoast_head":"<!-- This site is optimized with the Yoast SEO plugin v26.9 - https:\/\/yoast.com\/product\/yoast-seo-wordpress\/ -->\n<title>Kit de motor de pedal chino \/ Bafang - LIFT-MTB<\/title>\n<meta name=\"description\" content=\"El kit motor bielas BAFANG con modificaciones de LIFT MTB, te permite tener un motor de bicicleta al precio justo, m\u00e1s fiable y adaptado a tu bicicleta.\" \/>\n<meta name=\"robots\" content=\"index, follow, max-snippet:-1, max-image-preview:large, max-video-preview:-1\" \/>\n<link rel=\"canonical\" href=\"https:\/\/www.lift-mtb.com\/es\/produit\/kit-motor-pedal-chino-bafang\/\" \/>\n<meta property=\"og:locale\" content=\"es_ES\" \/>\n<meta property=\"og:type\" content=\"article\" \/>\n<meta property=\"og:title\" content=\"Kit de motor de pedal chino \/ Bafang - LIFT-MTB\" \/>\n<meta property=\"og:description\" content=\"El kit motor bielas BAFANG con modificaciones de LIFT MTB, te permite tener un motor de bicicleta al precio justo, m\u00e1s fiable y adaptado a tu bicicleta.\" \/>\n<meta property=\"og:url\" content=\"https:\/\/www.lift-mtb.com\/es\/produit\/kit-motor-pedal-chino-bafang\/\" \/>\n<meta property=\"og:site_name\" content=\"LIFT-MTB\" \/>\n<meta property=\"article:modified_time\" content=\"2023-02-23T22:53:39+00:00\" \/>\n<meta property=\"og:image\" content=\"https:\/\/www.lift-mtb.com\/wp-content\/uploads\/2022\/05\/bafang-vtt-1-sur-1-scaled.jpg\" \/>\n\t<meta property=\"og:image:width\" content=\"2200\" \/>\n\t<meta property=\"og:image:height\" content=\"1457\" \/>\n\t<meta property=\"og:image:type\" content=\"image\/jpeg\" \/>\n<meta name=\"twitter:card\" content=\"summary_large_image\" \/>\n<meta name=\"twitter:label1\" content=\"Tiempo de lectura\" \/>\n\t<meta name=\"twitter:data1\" content=\"2 minutos\" \/>\n<script type=\"application\/ld+json\" class=\"yoast-schema-graph\">{\"@context\":\"https:\/\/schema.org\",\"@graph\":[{\"@type\":\"WebPage\",\"@id\":\"https:\/\/www.lift-mtb.com\/es\/produit\/kit-motor-pedal-chino-bafang\/\",\"url\":\"https:\/\/www.lift-mtb.com\/es\/produit\/kit-motor-pedal-chino-bafang\/\",\"name\":\"Kit de motor de pedal chino \/ Bafang - LIFT-MTB\",\"isPartOf\":{\"@id\":\"https:\/\/www.lift-mtb.com\/es\/#website\"},\"primaryImageOfPage\":{\"@id\":\"https:\/\/www.lift-mtb.com\/es\/produit\/kit-motor-pedal-chino-bafang\/#primaryimage\"},\"image\":{\"@id\":\"https:\/\/www.lift-mtb.com\/es\/produit\/kit-motor-pedal-chino-bafang\/#primaryimage\"},\"thumbnailUrl\":\"https:\/\/www.lift-mtb.com\/wp-content\/uploads\/2022\/05\/bafang-vtt-1-sur-1-scaled.jpg\",\"datePublished\":\"2022-05-04T13:36:55+00:00\",\"dateModified\":\"2023-02-23T22:53:39+00:00\",\"description\":\"El kit motor bielas BAFANG con modificaciones de LIFT MTB, te permite tener un motor de bicicleta al precio justo, m\u00e1s fiable y adaptado a tu bicicleta.\",\"breadcrumb\":{\"@id\":\"https:\/\/www.lift-mtb.com\/es\/produit\/kit-motor-pedal-chino-bafang\/#breadcrumb\"},\"inLanguage\":\"es\",\"potentialAction\":[{\"@type\":\"ReadAction\",\"target\":[\"https:\/\/www.lift-mtb.com\/es\/produit\/kit-motor-pedal-chino-bafang\/\"]}]},{\"@type\":\"ImageObject\",\"inLanguage\":\"es\",\"@id\":\"https:\/\/www.lift-mtb.com\/es\/produit\/kit-motor-pedal-chino-bafang\/#primaryimage\",\"url\":\"https:\/\/www.lift-mtb.com\/wp-content\/uploads\/2022\/05\/bafang-vtt-1-sur-1-scaled.jpg\",\"contentUrl\":\"https:\/\/www.lift-mtb.com\/wp-content\/uploads\/2022\/05\/bafang-vtt-1-sur-1-scaled.jpg\",\"width\":2200,\"height\":1457,\"caption\":\"Motor de pedal Bafang para convertir tu bicicleta en el\u00e9ctrica\"},{\"@type\":\"BreadcrumbList\",\"@id\":\"https:\/\/www.lift-mtb.com\/es\/produit\/kit-motor-pedal-chino-bafang\/#breadcrumb\",\"itemListElement\":[{\"@type\":\"ListItem\",\"position\":1,\"name\":\"Accueil\",\"item\":\"https:\/\/www.lift-mtb.com\/es\/\"},{\"@type\":\"ListItem\",\"position\":2,\"name\":\"Tienda\",\"item\":\"https:\/\/www.lift-mtb.com\/es\/tienda\/\"},{\"@type\":\"ListItem\",\"position\":3,\"name\":\"Otros tipos de motorizaci\u00f3n\",\"item\":\"https:\/\/www.lift-mtb.com\/es\/categoria-de-productos\/otros-tipos-de-motorizacion\/\"},{\"@type\":\"ListItem\",\"position\":4,\"name\":\"Kit de motor de pedal chino \/ Bafang\"}]},{\"@type\":\"WebSite\",\"@id\":\"https:\/\/www.lift-mtb.com\/es\/#website\",\"url\":\"https:\/\/www.lift-mtb.com\/es\/\",\"name\":\"LIFT-MTB\",\"description\":\"Transformer son v\u00e9lo en \u00e9lectrique rapidement !\",\"publisher\":{\"@id\":\"https:\/\/www.lift-mtb.com\/es\/#organization\"},\"potentialAction\":[{\"@type\":\"SearchAction\",\"target\":{\"@type\":\"EntryPoint\",\"urlTemplate\":\"https:\/\/www.lift-mtb.com\/es\/?s={search_term_string}\"},\"query-input\":{\"@type\":\"PropertyValueSpecification\",\"valueRequired\":true,\"valueName\":\"search_term_string\"}}],\"inLanguage\":\"es\"},{\"@type\":\"Organization\",\"@id\":\"https:\/\/www.lift-mtb.com\/es\/#organization\",\"name\":\"LIFT-MTB\",\"url\":\"https:\/\/www.lift-mtb.com\/es\/\",\"logo\":{\"@type\":\"ImageObject\",\"inLanguage\":\"es\",\"@id\":\"https:\/\/www.lift-mtb.com\/es\/#\/schema\/logo\/image\/\",\"url\":\"https:\/\/www.lift-mtb.com\/wp-content\/uploads\/2022\/01\/electric-kit-for-bike-1.jpg\",\"contentUrl\":\"https:\/\/www.lift-mtb.com\/wp-content\/uploads\/2022\/01\/electric-kit-for-bike-1.jpg\",\"width\":1223,\"height\":560,\"caption\":\"LIFT-MTB\"},\"image\":{\"@id\":\"https:\/\/www.lift-mtb.com\/es\/#\/schema\/logo\/image\/\"}}]}<\/script>\n<!-- \/ Yoast SEO plugin. -->","yoast_head_json":{"title":"Kit de motor de pedal chino \/ Bafang - LIFT-MTB","description":"El kit motor bielas BAFANG con modificaciones de LIFT MTB, te permite tener un motor de bicicleta al precio justo, m\u00e1s fiable y adaptado a tu bicicleta.","robots":{"index":"index","follow":"follow","max-snippet":"max-snippet:-1","max-image-preview":"max-image-preview:large","max-video-preview":"max-video-preview:-1"},"canonical":"https:\/\/www.lift-mtb.com\/es\/produit\/kit-motor-pedal-chino-bafang\/","og_locale":"es_ES","og_type":"article","og_title":"Kit de motor de pedal chino \/ Bafang - LIFT-MTB","og_description":"El kit motor bielas BAFANG con modificaciones de LIFT MTB, te permite tener un motor de bicicleta al precio justo, m\u00e1s fiable y adaptado a tu bicicleta.","og_url":"https:\/\/www.lift-mtb.com\/es\/produit\/kit-motor-pedal-chino-bafang\/","og_site_name":"LIFT-MTB","article_modified_time":"2023-02-23T22:53:39+00:00","og_image":[{"width":2200,"height":1457,"url":"https:\/\/www.lift-mtb.com\/wp-content\/uploads\/2022\/05\/bafang-vtt-1-sur-1-scaled.jpg","type":"image\/jpeg"}],"twitter_card":"summary_large_image","twitter_misc":{"Tiempo de lectura":"2 minutos"},"schema":{"@context":"https:\/\/schema.org","@graph":[{"@type":"WebPage","@id":"https:\/\/www.lift-mtb.com\/es\/produit\/kit-motor-pedal-chino-bafang\/","url":"https:\/\/www.lift-mtb.com\/es\/produit\/kit-motor-pedal-chino-bafang\/","name":"Kit de motor de pedal chino \/ Bafang - LIFT-MTB","isPartOf":{"@id":"https:\/\/www.lift-mtb.com\/es\/#website"},"primaryImageOfPage":{"@id":"https:\/\/www.lift-mtb.com\/es\/produit\/kit-motor-pedal-chino-bafang\/#primaryimage"},"image":{"@id":"https:\/\/www.lift-mtb.com\/es\/produit\/kit-motor-pedal-chino-bafang\/#primaryimage"},"thumbnailUrl":"https:\/\/www.lift-mtb.com\/wp-content\/uploads\/2022\/05\/bafang-vtt-1-sur-1-scaled.jpg","datePublished":"2022-05-04T13:36:55+00:00","dateModified":"2023-02-23T22:53:39+00:00","description":"El kit motor bielas BAFANG con modificaciones de LIFT MTB, te permite tener un motor de bicicleta al precio justo, m\u00e1s fiable y adaptado a tu bicicleta.","breadcrumb":{"@id":"https:\/\/www.lift-mtb.com\/es\/produit\/kit-motor-pedal-chino-bafang\/#breadcrumb"},"inLanguage":"es","potentialAction":[{"@type":"ReadAction","target":["https:\/\/www.lift-mtb.com\/es\/produit\/kit-motor-pedal-chino-bafang\/"]}]},{"@type":"ImageObject","inLanguage":"es","@id":"https:\/\/www.lift-mtb.com\/es\/produit\/kit-motor-pedal-chino-bafang\/#primaryimage","url":"https:\/\/www.lift-mtb.com\/wp-content\/uploads\/2022\/05\/bafang-vtt-1-sur-1-scaled.jpg","contentUrl":"https:\/\/www.lift-mtb.com\/wp-content\/uploads\/2022\/05\/bafang-vtt-1-sur-1-scaled.jpg","width":2200,"height":1457,"caption":"Motor de pedal Bafang para convertir tu bicicleta en el\u00e9ctrica"},{"@type":"BreadcrumbList","@id":"https:\/\/www.lift-mtb.com\/es\/produit\/kit-motor-pedal-chino-bafang\/#breadcrumb","itemListElement":[{"@type":"ListItem","position":1,"name":"Accueil","item":"https:\/\/www.lift-mtb.com\/es\/"},{"@type":"ListItem","position":2,"name":"Tienda","item":"https:\/\/www.lift-mtb.com\/es\/tienda\/"},{"@type":"ListItem","position":3,"name":"Otros tipos de motorizaci\u00f3n","item":"https:\/\/www.lift-mtb.com\/es\/categoria-de-productos\/otros-tipos-de-motorizacion\/"},{"@type":"ListItem","position":4,"name":"Kit de motor de pedal chino \/ Bafang"}]},{"@type":"WebSite","@id":"https:\/\/www.lift-mtb.com\/es\/#website","url":"https:\/\/www.lift-mtb.com\/es\/","name":"LIFT-MTB","description":"Transformer son v\u00e9lo en \u00e9lectrique rapidement !","publisher":{"@id":"https:\/\/www.lift-mtb.com\/es\/#organization"},"potentialAction":[{"@type":"SearchAction","target":{"@type":"EntryPoint","urlTemplate":"https:\/\/www.lift-mtb.com\/es\/?s={search_term_string}"},"query-input":{"@type":"PropertyValueSpecification","valueRequired":true,"valueName":"search_term_string"}}],"inLanguage":"es"},{"@type":"Organization","@id":"https:\/\/www.lift-mtb.com\/es\/#organization","name":"LIFT-MTB","url":"https:\/\/www.lift-mtb.com\/es\/","logo":{"@type":"ImageObject","inLanguage":"es","@id":"https:\/\/www.lift-mtb.com\/es\/#\/schema\/logo\/image\/","url":"https:\/\/www.lift-mtb.com\/wp-content\/uploads\/2022\/01\/electric-kit-for-bike-1.jpg","contentUrl":"https:\/\/www.lift-mtb.com\/wp-content\/uploads\/2022\/01\/electric-kit-for-bike-1.jpg","width":1223,"height":560,"caption":"LIFT-MTB"},"image":{"@id":"https:\/\/www.lift-mtb.com\/es\/#\/schema\/logo\/image\/"}}]}},"_links":{"self":[{"href":"https:\/\/www.lift-mtb.com\/es\/wp-json\/wp\/v2\/product\/39048","targetHints":{"allow":["GET"]}}],"collection":[{"href":"https:\/\/www.lift-mtb.com\/es\/wp-json\/wp\/v2\/product"}],"about":[{"href":"https:\/\/www.lift-mtb.com\/es\/wp-json\/wp\/v2\/types\/product"}],"replies":[{"embeddable":true,"href":"https:\/\/www.lift-mtb.com\/es\/wp-json\/wp\/v2\/comments?post=39048"}],"wp:featuredmedia":[{"embeddable":true,"href":"https:\/\/www.lift-mtb.com\/es\/wp-json\/wp\/v2\/media\/10872"}],"wp:attachment":[{"href":"https:\/\/www.lift-mtb.com\/es\/wp-json\/wp\/v2\/media?parent=39048"}],"wp:term":[{"taxonomy":"product_brand","embeddable":true,"href":"https:\/\/www.lift-mtb.com\/es\/wp-json\/wp\/v2\/product_brand?post=39048"},{"taxonomy":"product_cat","embeddable":true,"href":"https:\/\/www.lift-mtb.com\/es\/wp-json\/wp\/v2\/product_cat?post=39048"},{"taxonomy":"product_tag","embeddable":true,"href":"https:\/\/www.lift-mtb.com\/es\/wp-json\/wp\/v2\/product_tag?post=39048"}],"curies":[{"name":"wp","href":"https:\/\/api.w.org\/{rel}","templated":true}]}}