{"id":39065,"date":"2022-08-27T12:00:53","date_gmt":"2022-08-27T10:00:53","guid":{"rendered":"https:\/produit\/motor-de-la-rueda\/"},"modified":"2023-02-23T23:44:06","modified_gmt":"2023-02-23T22:44:06","slug":"moto-bici-electrica-rueda","status":"publish","type":"product","link":"https:\/\/www.lift-mtb.com\/es\/produit\/moto-bici-electrica-rueda\/","title":{"rendered":"Motor de rueda"},"content":{"rendered":"<p><strong>Motor el\u00e9ctrico de rueda para bicicletas<\/strong>.<\/p>\n<p>Hist\u00f3ricamente, LIFT-MTB es un <strong>fabricante de motores el\u00e9ctricos de plato y biela para bicicletas<\/strong>.<\/p>\n<p>De hecho, los motores de plato siguen siendo la mejor soluci\u00f3n para el uso Mountain bikes (MTB).<\/p>\n<p>El motor de pedal permite un mayor par motor, menos peso y un consumo de combustible muy bajo, as\u00ed como una mejor distribuci\u00f3n del peso.<\/p>\n<p>Sin embargo, tambi\u00e9n vendemos <a href=\"https:\/\/www.youtube.com\/watch?v=wpv1ITOgJ1A&amp;t=5s\"><strong>motores en la rueda trasera<\/strong><\/a> \u00a1para satisfacer la demanda de todos!<\/p>\n<p>Este tipo de motor de rueda el\u00e9ctrica ofrece la ventaja de ser <strong>muy competitivo en t\u00e9rminos de precio,<\/strong> es adecuado para bicicletas de ciudad, bicicleta h\u00edbrida (bicicletas de monta\u00f1a), triciclos&#8230;<\/p>\n<p>Tambi\u00e9n es compatible con ciertas Mountain bikes (MTB) para utilizarlo en un paseo pero con un peque\u00f1o desnivel, sin ninguna noci\u00f3n de rendimiento, sin buscar ahorrar peso, ni buscar un par elevado para subir por senderos escarpados, en resumen, un motor de rueda para una bicicleta es para utilizarlo en un recorrido &#8220;todo terreno&#8221; y no &#8220;todo terreno&#8221;.<\/p>\n<p style=\"text-align: center;\"><a href=\"https:\/bafang-ou-lift-mtb\/\">Lea nuestro art\u00edculo comparativo Prueba de motor de rueda<\/a><\/p>\n<p>&nbsp;<\/p>\n<h2>El kit de motor de buje es una soluci\u00f3n muy popular para convertir una bicicleta tradicional en una bicicleta el\u00e9ctrica.<\/h2>\n<p>F\u00e1cil de instalar, ofrece una alternativa ecol\u00f3gica al coche para los desplazamientos diarios y el ciclismo.<\/p>\n<p>En primer lugar, el funcionamiento de un motor el\u00e9ctrico de rueda es bastante sencillo. El kit consta de un motor el\u00e9ctrico que suele instalarse en la rueda trasera.<\/p>\n<p>El motor funciona con una bater\u00eda recargable que se fija al cuadro de la bicicleta.<\/p>\n<p>Mediante una pantalla montada en el manillar de la bicicleta, controla la velocidad y la potencia del motor.<\/p>\n<p>Porque el principal inter\u00e9s de un kit de motor de rueda el\u00e9ctrica para bicicletas es recorrer distancias m\u00e1s largas.<\/p>\n<p>Esto facilita la conducci\u00f3n en pendientes.<\/p>\n<p>El motor el\u00e9ctrico proporciona asistencia al pedaleo. Esto facilita el pedaleo y lo hace menos cansado.<\/p>\n<p>El kit de motor de rueda el\u00e9ctrica permite transportar cargas m\u00e1s pesadas, como mochilas, cestas o remolques.<\/p>\n<p>Con pedaleo asistido, el kit de motor de rueda el\u00e9ctrica para bicicletas tiene una potencia de 250 vatios. Para cumplir la legislaci\u00f3n en materia de potencia, y limitada en velocidad a 25 km\/h.<\/p>\n<p>Tambi\u00e9n este kit de motor de rueda el\u00e9ctrica para bicicletas es que es mucho m\u00e1s barato que una bicicleta el\u00e9ctrica completa.<\/p>\n<p>Esto le permite convertir su propia bicicleta en una bicicleta el\u00e9ctrica sin tener que comprar una bicicleta nueva y cara.<\/p>\n<p>En conclusi\u00f3n, este kit es la alternativa ideal para electrificar tu moto f\u00e1cilmente.<\/p>\n","protected":false},"excerpt":{"rendered":"<ul>\n<li>Elecci\u00f3n de 1, 3, 6, 7 u 8, 9, 10 velocidades.<\/li>\n<li>Elecci\u00f3n del tama\u00f1o de la rueda 700 \/ 26 \/ 27,5 \/ 29 pulgadas<\/li>\n<li>Montaje de la leng\u00fceta del marco de 9 \/ 10 mm<\/li>\n<li>El kit incluye: La rueda trasera completa (llanta, radios y motor de buje)<\/li>\n<li>Una pantalla compacta en el manillar para gestionar los modos de conducci\u00f3n.<\/li>\n<li>La rueda el\u00e9ctrica ser\u00e1 entregada ya con radios por nuestro equipo.<\/li>\n<li>Un soporte de aluminio para bater\u00edas de hasta 500wh y un soporte de pl\u00e1stico para bater\u00edas de 600wh<\/li>\n<li>El controlador.<\/li>\n<li>Peso 2kg \/ par 45Nm<\/li>\n<\/ul>\n<p><strong>Por favor, especifique el n\u00famero de marchas de su bicicleta en los comentarios del pedido.  <\/strong><\/p>\n","protected":false},"featured_media":34949,"comment_status":"open","ping_status":"closed","template":"","meta":[],"product_brand":[],"product_cat":[825],"product_tag":[],"class_list":{"0":"post-39065","1":"product","2":"type-product","3":"status-publish","4":"has-post-thumbnail","6":"product_cat-otros-tipos-de-motorizacion","8":"first","9":"instock","10":"taxable","11":"shipping-taxable","12":"purchasable","13":"product-type-simple"},"yoast_head":"<!-- This site is optimized with the Yoast SEO plugin v26.9 - https:\/\/yoast.com\/product\/yoast-seo-wordpress\/ -->\n<title>Motor el\u00e9ctrico de rueda para bici convertir tu bici en el\u00e9ctrica<\/title>\n<meta name=\"description\" content=\"Descubra nuestro motor de rueda el\u00e9ctrico para bicicletas para transformar su bicicleta cl\u00e1sica en el\u00e9ctrica - Asistencia el\u00e9ctrica de buje para bicicletas.\" \/>\n<meta name=\"robots\" content=\"index, follow, max-snippet:-1, max-image-preview:large, max-video-preview:-1\" \/>\n<link rel=\"canonical\" href=\"https:\/\/www.lift-mtb.com\/es\/produit\/moto-bici-electrica-rueda\/\" \/>\n<meta property=\"og:locale\" content=\"es_ES\" \/>\n<meta property=\"og:type\" content=\"article\" \/>\n<meta property=\"og:title\" content=\"Motor el\u00e9ctrico de rueda para bici convertir tu bici en el\u00e9ctrica\" \/>\n<meta property=\"og:description\" content=\"Descubra nuestro motor de rueda el\u00e9ctrico para bicicletas para transformar su bicicleta cl\u00e1sica en el\u00e9ctrica - Asistencia el\u00e9ctrica de buje para bicicletas.\" \/>\n<meta property=\"og:url\" content=\"https:\/\/www.lift-mtb.com\/es\/produit\/moto-bici-electrica-rueda\/\" \/>\n<meta property=\"og:site_name\" content=\"LIFT-MTB\" \/>\n<meta property=\"article:modified_time\" content=\"2023-02-23T22:44:06+00:00\" \/>\n<meta property=\"og:image\" content=\"https:\/\/www.lift-mtb.com\/wp-content\/uploads\/2022\/08\/moteur-moyeux-lift-mtb-poids-1-sur-1-scaled.jpg\" \/>\n\t<meta property=\"og:image:width\" content=\"2560\" \/>\n\t<meta property=\"og:image:height\" content=\"1695\" \/>\n\t<meta property=\"og:image:type\" content=\"image\/jpeg\" \/>\n<meta name=\"twitter:card\" content=\"summary_large_image\" \/>\n<meta name=\"twitter:label1\" content=\"Tiempo de lectura\" \/>\n\t<meta name=\"twitter:data1\" content=\"2 minutos\" \/>\n<script type=\"application\/ld+json\" class=\"yoast-schema-graph\">{\"@context\":\"https:\/\/schema.org\",\"@graph\":[{\"@type\":\"WebPage\",\"@id\":\"https:\/\/www.lift-mtb.com\/es\/produit\/moto-bici-electrica-rueda\/\",\"url\":\"https:\/\/www.lift-mtb.com\/es\/produit\/moto-bici-electrica-rueda\/\",\"name\":\"Motor el\u00e9ctrico de rueda para bici convertir tu bici en el\u00e9ctrica\",\"isPartOf\":{\"@id\":\"https:\/\/www.lift-mtb.com\/es\/#website\"},\"primaryImageOfPage\":{\"@id\":\"https:\/\/www.lift-mtb.com\/es\/produit\/moto-bici-electrica-rueda\/#primaryimage\"},\"image\":{\"@id\":\"https:\/\/www.lift-mtb.com\/es\/produit\/moto-bici-electrica-rueda\/#primaryimage\"},\"thumbnailUrl\":\"https:\/\/www.lift-mtb.com\/wp-content\/uploads\/2022\/08\/moteur-moyeux-lift-mtb-poids-1-sur-1-scaled.jpg\",\"datePublished\":\"2022-08-27T10:00:53+00:00\",\"dateModified\":\"2023-02-23T22:44:06+00:00\",\"description\":\"Descubra nuestro motor de rueda el\u00e9ctrico para bicicletas para transformar su bicicleta cl\u00e1sica en el\u00e9ctrica - Asistencia el\u00e9ctrica de buje para bicicletas.\",\"breadcrumb\":{\"@id\":\"https:\/\/www.lift-mtb.com\/es\/produit\/moto-bici-electrica-rueda\/#breadcrumb\"},\"inLanguage\":\"es\",\"potentialAction\":[{\"@type\":\"ReadAction\",\"target\":[\"https:\/\/www.lift-mtb.com\/es\/produit\/moto-bici-electrica-rueda\/\"]}]},{\"@type\":\"ImageObject\",\"inLanguage\":\"es\",\"@id\":\"https:\/\/www.lift-mtb.com\/es\/produit\/moto-bici-electrica-rueda\/#primaryimage\",\"url\":\"https:\/\/www.lift-mtb.com\/wp-content\/uploads\/2022\/08\/moteur-moyeux-lift-mtb-poids-1-sur-1-scaled.jpg\",\"contentUrl\":\"https:\/\/www.lift-mtb.com\/wp-content\/uploads\/2022\/08\/moteur-moyeux-lift-mtb-poids-1-sur-1-scaled.jpg\",\"width\":2560,\"height\":1695,\"caption\":\"moteur roue electrique\"},{\"@type\":\"BreadcrumbList\",\"@id\":\"https:\/\/www.lift-mtb.com\/es\/produit\/moto-bici-electrica-rueda\/#breadcrumb\",\"itemListElement\":[{\"@type\":\"ListItem\",\"position\":1,\"name\":\"Accueil\",\"item\":\"https:\/\/www.lift-mtb.com\/es\/\"},{\"@type\":\"ListItem\",\"position\":2,\"name\":\"Tienda\",\"item\":\"https:\/\/www.lift-mtb.com\/es\/tienda\/\"},{\"@type\":\"ListItem\",\"position\":3,\"name\":\"Otros tipos de motorizaci\u00f3n\",\"item\":\"https:\/\/www.lift-mtb.com\/es\/categoria-de-productos\/otros-tipos-de-motorizacion\/\"},{\"@type\":\"ListItem\",\"position\":4,\"name\":\"Motor de rueda\"}]},{\"@type\":\"WebSite\",\"@id\":\"https:\/\/www.lift-mtb.com\/es\/#website\",\"url\":\"https:\/\/www.lift-mtb.com\/es\/\",\"name\":\"LIFT-MTB\",\"description\":\"Transformer son v\u00e9lo en \u00e9lectrique rapidement !\",\"publisher\":{\"@id\":\"https:\/\/www.lift-mtb.com\/es\/#organization\"},\"potentialAction\":[{\"@type\":\"SearchAction\",\"target\":{\"@type\":\"EntryPoint\",\"urlTemplate\":\"https:\/\/www.lift-mtb.com\/es\/?s={search_term_string}\"},\"query-input\":{\"@type\":\"PropertyValueSpecification\",\"valueRequired\":true,\"valueName\":\"search_term_string\"}}],\"inLanguage\":\"es\"},{\"@type\":\"Organization\",\"@id\":\"https:\/\/www.lift-mtb.com\/es\/#organization\",\"name\":\"LIFT-MTB\",\"url\":\"https:\/\/www.lift-mtb.com\/es\/\",\"logo\":{\"@type\":\"ImageObject\",\"inLanguage\":\"es\",\"@id\":\"https:\/\/www.lift-mtb.com\/es\/#\/schema\/logo\/image\/\",\"url\":\"https:\/\/www.lift-mtb.com\/wp-content\/uploads\/2022\/01\/electric-kit-for-bike-1.jpg\",\"contentUrl\":\"https:\/\/www.lift-mtb.com\/wp-content\/uploads\/2022\/01\/electric-kit-for-bike-1.jpg\",\"width\":1223,\"height\":560,\"caption\":\"LIFT-MTB\"},\"image\":{\"@id\":\"https:\/\/www.lift-mtb.com\/es\/#\/schema\/logo\/image\/\"}}]}<\/script>\n<!-- \/ Yoast SEO plugin. -->","yoast_head_json":{"title":"Motor el\u00e9ctrico de rueda para bici convertir tu bici en el\u00e9ctrica","description":"Descubra nuestro motor de rueda el\u00e9ctrico para bicicletas para transformar su bicicleta cl\u00e1sica en el\u00e9ctrica - Asistencia el\u00e9ctrica de buje para bicicletas.","robots":{"index":"index","follow":"follow","max-snippet":"max-snippet:-1","max-image-preview":"max-image-preview:large","max-video-preview":"max-video-preview:-1"},"canonical":"https:\/\/www.lift-mtb.com\/es\/produit\/moto-bici-electrica-rueda\/","og_locale":"es_ES","og_type":"article","og_title":"Motor el\u00e9ctrico de rueda para bici convertir tu bici en el\u00e9ctrica","og_description":"Descubra nuestro motor de rueda el\u00e9ctrico para bicicletas para transformar su bicicleta cl\u00e1sica en el\u00e9ctrica - Asistencia el\u00e9ctrica de buje para bicicletas.","og_url":"https:\/\/www.lift-mtb.com\/es\/produit\/moto-bici-electrica-rueda\/","og_site_name":"LIFT-MTB","article_modified_time":"2023-02-23T22:44:06+00:00","og_image":[{"width":2560,"height":1695,"url":"https:\/\/www.lift-mtb.com\/wp-content\/uploads\/2022\/08\/moteur-moyeux-lift-mtb-poids-1-sur-1-scaled.jpg","type":"image\/jpeg"}],"twitter_card":"summary_large_image","twitter_misc":{"Tiempo de lectura":"2 minutos"},"schema":{"@context":"https:\/\/schema.org","@graph":[{"@type":"WebPage","@id":"https:\/\/www.lift-mtb.com\/es\/produit\/moto-bici-electrica-rueda\/","url":"https:\/\/www.lift-mtb.com\/es\/produit\/moto-bici-electrica-rueda\/","name":"Motor el\u00e9ctrico de rueda para bici convertir tu bici en el\u00e9ctrica","isPartOf":{"@id":"https:\/\/www.lift-mtb.com\/es\/#website"},"primaryImageOfPage":{"@id":"https:\/\/www.lift-mtb.com\/es\/produit\/moto-bici-electrica-rueda\/#primaryimage"},"image":{"@id":"https:\/\/www.lift-mtb.com\/es\/produit\/moto-bici-electrica-rueda\/#primaryimage"},"thumbnailUrl":"https:\/\/www.lift-mtb.com\/wp-content\/uploads\/2022\/08\/moteur-moyeux-lift-mtb-poids-1-sur-1-scaled.jpg","datePublished":"2022-08-27T10:00:53+00:00","dateModified":"2023-02-23T22:44:06+00:00","description":"Descubra nuestro motor de rueda el\u00e9ctrico para bicicletas para transformar su bicicleta cl\u00e1sica en el\u00e9ctrica - Asistencia el\u00e9ctrica de buje para bicicletas.","breadcrumb":{"@id":"https:\/\/www.lift-mtb.com\/es\/produit\/moto-bici-electrica-rueda\/#breadcrumb"},"inLanguage":"es","potentialAction":[{"@type":"ReadAction","target":["https:\/\/www.lift-mtb.com\/es\/produit\/moto-bici-electrica-rueda\/"]}]},{"@type":"ImageObject","inLanguage":"es","@id":"https:\/\/www.lift-mtb.com\/es\/produit\/moto-bici-electrica-rueda\/#primaryimage","url":"https:\/\/www.lift-mtb.com\/wp-content\/uploads\/2022\/08\/moteur-moyeux-lift-mtb-poids-1-sur-1-scaled.jpg","contentUrl":"https:\/\/www.lift-mtb.com\/wp-content\/uploads\/2022\/08\/moteur-moyeux-lift-mtb-poids-1-sur-1-scaled.jpg","width":2560,"height":1695,"caption":"moteur roue electrique"},{"@type":"BreadcrumbList","@id":"https:\/\/www.lift-mtb.com\/es\/produit\/moto-bici-electrica-rueda\/#breadcrumb","itemListElement":[{"@type":"ListItem","position":1,"name":"Accueil","item":"https:\/\/www.lift-mtb.com\/es\/"},{"@type":"ListItem","position":2,"name":"Tienda","item":"https:\/\/www.lift-mtb.com\/es\/tienda\/"},{"@type":"ListItem","position":3,"name":"Otros tipos de motorizaci\u00f3n","item":"https:\/\/www.lift-mtb.com\/es\/categoria-de-productos\/otros-tipos-de-motorizacion\/"},{"@type":"ListItem","position":4,"name":"Motor de rueda"}]},{"@type":"WebSite","@id":"https:\/\/www.lift-mtb.com\/es\/#website","url":"https:\/\/www.lift-mtb.com\/es\/","name":"LIFT-MTB","description":"Transformer son v\u00e9lo en \u00e9lectrique rapidement !","publisher":{"@id":"https:\/\/www.lift-mtb.com\/es\/#organization"},"potentialAction":[{"@type":"SearchAction","target":{"@type":"EntryPoint","urlTemplate":"https:\/\/www.lift-mtb.com\/es\/?s={search_term_string}"},"query-input":{"@type":"PropertyValueSpecification","valueRequired":true,"valueName":"search_term_string"}}],"inLanguage":"es"},{"@type":"Organization","@id":"https:\/\/www.lift-mtb.com\/es\/#organization","name":"LIFT-MTB","url":"https:\/\/www.lift-mtb.com\/es\/","logo":{"@type":"ImageObject","inLanguage":"es","@id":"https:\/\/www.lift-mtb.com\/es\/#\/schema\/logo\/image\/","url":"https:\/\/www.lift-mtb.com\/wp-content\/uploads\/2022\/01\/electric-kit-for-bike-1.jpg","contentUrl":"https:\/\/www.lift-mtb.com\/wp-content\/uploads\/2022\/01\/electric-kit-for-bike-1.jpg","width":1223,"height":560,"caption":"LIFT-MTB"},"image":{"@id":"https:\/\/www.lift-mtb.com\/es\/#\/schema\/logo\/image\/"}}]}},"_links":{"self":[{"href":"https:\/\/www.lift-mtb.com\/es\/wp-json\/wp\/v2\/product\/39065","targetHints":{"allow":["GET"]}}],"collection":[{"href":"https:\/\/www.lift-mtb.com\/es\/wp-json\/wp\/v2\/product"}],"about":[{"href":"https:\/\/www.lift-mtb.com\/es\/wp-json\/wp\/v2\/types\/product"}],"replies":[{"embeddable":true,"href":"https:\/\/www.lift-mtb.com\/es\/wp-json\/wp\/v2\/comments?post=39065"}],"wp:featuredmedia":[{"embeddable":true,"href":"https:\/\/www.lift-mtb.com\/es\/wp-json\/wp\/v2\/media\/34949"}],"wp:attachment":[{"href":"https:\/\/www.lift-mtb.com\/es\/wp-json\/wp\/v2\/media?parent=39065"}],"wp:term":[{"taxonomy":"product_brand","embeddable":true,"href":"https:\/\/www.lift-mtb.com\/es\/wp-json\/wp\/v2\/product_brand?post=39065"},{"taxonomy":"product_cat","embeddable":true,"href":"https:\/\/www.lift-mtb.com\/es\/wp-json\/wp\/v2\/product_cat?post=39065"},{"taxonomy":"product_tag","embeddable":true,"href":"https:\/\/www.lift-mtb.com\/es\/wp-json\/wp\/v2\/product_tag?post=39065"}],"curies":[{"name":"wp","href":"https:\/\/api.w.org\/{rel}","templated":true}]}}