{"id":39071,"date":"2022-08-27T12:04:47","date_gmt":"2022-08-27T10:04:47","guid":{"rendered":"https:\/produit\/motor-bafang-bbs02-350w\/"},"modified":"2023-02-23T23:44:09","modified_gmt":"2023-02-23T22:44:09","slug":"moteur-bafang-bbs02-350w","status":"publish","type":"product","link":"https:\/\/www.lift-mtb.com\/es\/produit\/moteur-bafang-bbs02-350w\/","title":{"rendered":"Motor Bafang BBS02 &#8211; 350W"},"content":{"rendered":"<h4>Presentaci\u00f3n Bafang BBS02 &#8211; 350W<\/h4>\n<p>El motor Lift MTB es una opci\u00f3n excepcional para los usuarios que buscan un rendimiento \u00f3ptimo en terrenos dif\u00edciles.<\/p>\n<p>Dise\u00f1ado espec\u00edficamente para motos todoterreno. Ofrece m\u00e1s versatilidad que el BBS bafang, que es m\u00e1s un motor de moto de ciudad.<\/p>\n<p>El motor el\u00e9ctrico Bafang BBS es un motor potente y eficiente que se utiliza en muchas bicicletas el\u00e9ctricas.<\/p>\n<p>Dise\u00f1ado por la empresa china Bafang para ofrecer un rendimiento \u00f3ptimo en uso urbano.<\/p>\n<p>Para quienes buscan recorrer distancias m\u00e1s largas con facilidad en bicicletas urbanas.<\/p>\n<p>El motor MTB Bafang by LIFT tiene varias modificaciones en comparaci\u00f3n con la versi\u00f3n est\u00e1ndar.<\/p>\n<p>El objetivo es hacerlo m\u00e1s fiable y evitar problemas recurrentes de fiabilidad:<\/p>\n<p><a href=\"https:\/bafang-ou-lift-mtb\/\">Aqu\u00ed hay un art\u00edculo completo que describe las diferencias con el motor LIFT MTB y una revisi\u00f3n BAFANG con los puntos de fiabilidad a tener en cuenta en el bbs bafang<\/a><\/p>\n<p>El motor BBS est\u00e1 disponible en 250 vatios (versi\u00f3n homologada), 350 vatios e incluso una potencia m\u00e1xima de 500 vatios.<\/p>\n<p>Para tener una mayor fiabilidad, empezamos con un modelo de 500w.<\/p>\n<p>Lo instalamos en nuestras instalaciones, seg\u00fan sus deseos y necesidades de potencia.<\/p>\n<p>Esto se hizo para tener el bobinado m\u00e1s grande y ganar en fiabilidad.<\/p>\n<h4>Especificaciones del motor<\/h4>\n<p>Por lo tanto, es adecuada para subir cuestas empinadas, as\u00ed como para circular por carriles bici a un ritmo constante durante largas distancias, sin cambiar de bicicleta.<\/p>\n<p>El bafang proporciona un par elevado, lo que permite un arranque r\u00e1pido y una velocidad media alta.<\/p>\n<p>El motor Bafang tiene muchas caracter\u00edsticas. Por ejemplo, diferentes niveles de asistencia para adaptarse a las distintas pendientes o al ritmo que desee mantener.<\/p>\n<p>Reprogramaremos la velocidad m\u00e1xima seg\u00fan la programaci\u00f3n que desee.<\/p>\n<p>Tenga en cuenta que para estar en conformidad con el uso de la carretera, la velocidad se limitar\u00e1 a 25 Km \/ h, y la potencia a 250w<\/p>\n<p>Es decir, tiene una pantalla LCD que muestra la velocidad, la distancia recorrida, el modo de alimentaci\u00f3n seleccionado y el estado de la bater\u00eda.<\/p>\n<p>El motor BAFANG es f\u00e1cil de instalar en casi todos los tipos de bicicletas urbanas equipadas con una carcasa tipo BSA. No ser\u00e1 compatible con cuadros BB92.<\/p>\n<p>Adem\u00e1s, su dise\u00f1o compacto y ligero preserva la est\u00e9tica de la moto, sin comprometer las prestaciones del motor.<\/p>\n<p>En conclusi\u00f3n, el motor el\u00e9ctrico Bafang BBS es un motor a pedales ideal para la conversi\u00f3n de bicicletas urbanas.<\/p>\n<p>una soluci\u00f3n pr\u00e1ctica y econ\u00f3mica para convertir una bicicleta cl\u00e1sica en una bicicleta el\u00e9ctrica sin tener que comprar una bicicleta el\u00e9ctrica completa.<\/p>\n<p>Con su potente y elevado par motor, ofrece una ayuda extra para largas distancias y subidas dif\u00edciles.<\/p>\n<p>Y todo ello manteniendo un aspecto elegante y un rendimiento \u00f3ptimo.<\/p>\n<p>&nbsp;<\/p>\n","protected":false},"excerpt":{"rendered":"<p><strong>Kit de motor de pedal Bafang BBS :<\/strong><\/p>\n<p>1x <strong>Motor de pedal<\/strong> con :<\/p>\n<p>1x <strong>regulador de<\/strong> 25A 36V<\/p>\n<p>1x Soporte de bandeja de aluminio de 4 patas con bandeja de 38t de <strong>ancho estrecho<\/strong><\/p>\n<p>(tambi\u00e9n se suministrar\u00e1 el plato de acero original de 44 dientes)<\/p>\n<p>1x <strong>Sensor de pedaleo<\/strong> (El motor se pone en marcha <strong>autom\u00e1ticamente<\/strong> cuando se pedalea)<\/p>\n<p>1x <strong>Sensor de<\/strong> <strong>velocidad <\/strong> (el motor deja de prestar asistencia por encima de 25km\/h)<\/p>\n<p>1x <strong>Pantalla de<\/strong> manillar modelo C965 , con 5 curvas de potencia, retroiluminada<\/p>\n<p>1x Par de bielas con <strong>eje cuadrado<\/strong>.<\/p>\n<p>1x <strong>Acelerador de manillar tipo gatillo<\/strong>. (puede desconectarse en la versi\u00f3n 100% aprobada)<\/p>\n<p>Reprogramaci\u00f3n incluida<\/p>\n<p>Bater\u00eda de 36 voltios a elegir seg\u00fan su uso (ver tabla)<\/p>\n<p>&nbsp;<\/p>\n<p><strong>El modelo BAFANG 350w y 500w no est\u00e1 homologado<\/strong><strong> <\/strong><\/p>\n<p><strong>para su uso en carreteras abiertas.<\/strong><\/p>\n","protected":false},"featured_media":10872,"comment_status":"open","ping_status":"closed","template":"","meta":[],"product_brand":[],"product_cat":[825],"product_tag":[],"class_list":{"0":"post-39071","1":"product","2":"type-product","3":"status-publish","4":"has-post-thumbnail","6":"product_cat-otros-tipos-de-motorizacion","8":"first","9":"instock","10":"taxable","11":"shipping-taxable","12":"purchasable","13":"product-type-simple"},"yoast_head":"<!-- This site is optimized with the Yoast SEO plugin v26.9 - https:\/\/yoast.com\/product\/yoast-seo-wordpress\/ -->\n<title>Motor Bafang BBS02 - 350W - LIFT-MTB<\/title>\n<meta name=\"description\" content=\"El motor de bicicleta Bafang 500W ofrece el m\u00e1ximo rendimiento para tus diferentes desplazamientos urbanos, compatible con muchas bicicletas, electrifica tu bicicleta.\" \/>\n<meta name=\"robots\" content=\"index, follow, max-snippet:-1, max-image-preview:large, max-video-preview:-1\" \/>\n<link rel=\"canonical\" href=\"https:\/\/www.lift-mtb.com\/es\/produit\/moteur-bafang-bbs02-350w\/\" \/>\n<meta property=\"og:locale\" content=\"es_ES\" \/>\n<meta property=\"og:type\" content=\"article\" \/>\n<meta property=\"og:title\" content=\"Motor Bafang BBS02 - 350W - LIFT-MTB\" \/>\n<meta property=\"og:description\" content=\"El motor de bicicleta Bafang 500W ofrece el m\u00e1ximo rendimiento para tus diferentes desplazamientos urbanos, compatible con muchas bicicletas, electrifica tu bicicleta.\" \/>\n<meta property=\"og:url\" content=\"https:\/\/www.lift-mtb.com\/es\/produit\/moteur-bafang-bbs02-350w\/\" \/>\n<meta property=\"og:site_name\" content=\"LIFT-MTB\" \/>\n<meta property=\"article:modified_time\" content=\"2023-02-23T22:44:09+00:00\" \/>\n<meta property=\"og:image\" content=\"https:\/\/www.lift-mtb.com\/wp-content\/uploads\/2022\/05\/bafang-vtt-1-sur-1-scaled.jpg\" \/>\n\t<meta property=\"og:image:width\" content=\"2200\" \/>\n\t<meta property=\"og:image:height\" content=\"1457\" \/>\n\t<meta property=\"og:image:type\" content=\"image\/jpeg\" \/>\n<meta name=\"twitter:card\" content=\"summary_large_image\" \/>\n<meta name=\"twitter:label1\" content=\"Tiempo de lectura\" \/>\n\t<meta name=\"twitter:data1\" content=\"2 minutos\" \/>\n<script type=\"application\/ld+json\" class=\"yoast-schema-graph\">{\"@context\":\"https:\/\/schema.org\",\"@graph\":[{\"@type\":\"WebPage\",\"@id\":\"https:\/\/www.lift-mtb.com\/es\/produit\/moteur-bafang-bbs02-350w\/\",\"url\":\"https:\/\/www.lift-mtb.com\/es\/produit\/moteur-bafang-bbs02-350w\/\",\"name\":\"Motor Bafang BBS02 - 350W - LIFT-MTB\",\"isPartOf\":{\"@id\":\"https:\/\/www.lift-mtb.com\/es\/#website\"},\"primaryImageOfPage\":{\"@id\":\"https:\/\/www.lift-mtb.com\/es\/produit\/moteur-bafang-bbs02-350w\/#primaryimage\"},\"image\":{\"@id\":\"https:\/\/www.lift-mtb.com\/es\/produit\/moteur-bafang-bbs02-350w\/#primaryimage\"},\"thumbnailUrl\":\"https:\/\/www.lift-mtb.com\/wp-content\/uploads\/2022\/05\/bafang-vtt-1-sur-1-scaled.jpg\",\"datePublished\":\"2022-08-27T10:04:47+00:00\",\"dateModified\":\"2023-02-23T22:44:09+00:00\",\"description\":\"El motor de bicicleta Bafang 500W ofrece el m\u00e1ximo rendimiento para tus diferentes desplazamientos urbanos, compatible con muchas bicicletas, electrifica tu bicicleta.\",\"breadcrumb\":{\"@id\":\"https:\/\/www.lift-mtb.com\/es\/produit\/moteur-bafang-bbs02-350w\/#breadcrumb\"},\"inLanguage\":\"es\",\"potentialAction\":[{\"@type\":\"ReadAction\",\"target\":[\"https:\/\/www.lift-mtb.com\/es\/produit\/moteur-bafang-bbs02-350w\/\"]}]},{\"@type\":\"ImageObject\",\"inLanguage\":\"es\",\"@id\":\"https:\/\/www.lift-mtb.com\/es\/produit\/moteur-bafang-bbs02-350w\/#primaryimage\",\"url\":\"https:\/\/www.lift-mtb.com\/wp-content\/uploads\/2022\/05\/bafang-vtt-1-sur-1-scaled.jpg\",\"contentUrl\":\"https:\/\/www.lift-mtb.com\/wp-content\/uploads\/2022\/05\/bafang-vtt-1-sur-1-scaled.jpg\",\"width\":2200,\"height\":1457,\"caption\":\"Motor de pedal Bafang para convertir tu bicicleta en el\u00e9ctrica\"},{\"@type\":\"BreadcrumbList\",\"@id\":\"https:\/\/www.lift-mtb.com\/es\/produit\/moteur-bafang-bbs02-350w\/#breadcrumb\",\"itemListElement\":[{\"@type\":\"ListItem\",\"position\":1,\"name\":\"Accueil\",\"item\":\"https:\/\/www.lift-mtb.com\/es\/\"},{\"@type\":\"ListItem\",\"position\":2,\"name\":\"Tienda\",\"item\":\"https:\/\/www.lift-mtb.com\/es\/tienda\/\"},{\"@type\":\"ListItem\",\"position\":3,\"name\":\"Otros tipos de motorizaci\u00f3n\",\"item\":\"https:\/\/www.lift-mtb.com\/es\/categoria-de-productos\/otros-tipos-de-motorizacion\/\"},{\"@type\":\"ListItem\",\"position\":4,\"name\":\"Motor Bafang BBS02 &#8211; 350W\"}]},{\"@type\":\"WebSite\",\"@id\":\"https:\/\/www.lift-mtb.com\/es\/#website\",\"url\":\"https:\/\/www.lift-mtb.com\/es\/\",\"name\":\"LIFT-MTB\",\"description\":\"Transformer son v\u00e9lo en \u00e9lectrique rapidement !\",\"publisher\":{\"@id\":\"https:\/\/www.lift-mtb.com\/es\/#organization\"},\"potentialAction\":[{\"@type\":\"SearchAction\",\"target\":{\"@type\":\"EntryPoint\",\"urlTemplate\":\"https:\/\/www.lift-mtb.com\/es\/?s={search_term_string}\"},\"query-input\":{\"@type\":\"PropertyValueSpecification\",\"valueRequired\":true,\"valueName\":\"search_term_string\"}}],\"inLanguage\":\"es\"},{\"@type\":\"Organization\",\"@id\":\"https:\/\/www.lift-mtb.com\/es\/#organization\",\"name\":\"LIFT-MTB\",\"url\":\"https:\/\/www.lift-mtb.com\/es\/\",\"logo\":{\"@type\":\"ImageObject\",\"inLanguage\":\"es\",\"@id\":\"https:\/\/www.lift-mtb.com\/es\/#\/schema\/logo\/image\/\",\"url\":\"https:\/\/www.lift-mtb.com\/wp-content\/uploads\/2022\/01\/electric-kit-for-bike-1.jpg\",\"contentUrl\":\"https:\/\/www.lift-mtb.com\/wp-content\/uploads\/2022\/01\/electric-kit-for-bike-1.jpg\",\"width\":1223,\"height\":560,\"caption\":\"LIFT-MTB\"},\"image\":{\"@id\":\"https:\/\/www.lift-mtb.com\/es\/#\/schema\/logo\/image\/\"}}]}<\/script>\n<!-- \/ Yoast SEO plugin. -->","yoast_head_json":{"title":"Motor Bafang BBS02 - 350W - LIFT-MTB","description":"El motor de bicicleta Bafang 500W ofrece el m\u00e1ximo rendimiento para tus diferentes desplazamientos urbanos, compatible con muchas bicicletas, electrifica tu bicicleta.","robots":{"index":"index","follow":"follow","max-snippet":"max-snippet:-1","max-image-preview":"max-image-preview:large","max-video-preview":"max-video-preview:-1"},"canonical":"https:\/\/www.lift-mtb.com\/es\/produit\/moteur-bafang-bbs02-350w\/","og_locale":"es_ES","og_type":"article","og_title":"Motor Bafang BBS02 - 350W - LIFT-MTB","og_description":"El motor de bicicleta Bafang 500W ofrece el m\u00e1ximo rendimiento para tus diferentes desplazamientos urbanos, compatible con muchas bicicletas, electrifica tu bicicleta.","og_url":"https:\/\/www.lift-mtb.com\/es\/produit\/moteur-bafang-bbs02-350w\/","og_site_name":"LIFT-MTB","article_modified_time":"2023-02-23T22:44:09+00:00","og_image":[{"width":2200,"height":1457,"url":"https:\/\/www.lift-mtb.com\/wp-content\/uploads\/2022\/05\/bafang-vtt-1-sur-1-scaled.jpg","type":"image\/jpeg"}],"twitter_card":"summary_large_image","twitter_misc":{"Tiempo de lectura":"2 minutos"},"schema":{"@context":"https:\/\/schema.org","@graph":[{"@type":"WebPage","@id":"https:\/\/www.lift-mtb.com\/es\/produit\/moteur-bafang-bbs02-350w\/","url":"https:\/\/www.lift-mtb.com\/es\/produit\/moteur-bafang-bbs02-350w\/","name":"Motor Bafang BBS02 - 350W - LIFT-MTB","isPartOf":{"@id":"https:\/\/www.lift-mtb.com\/es\/#website"},"primaryImageOfPage":{"@id":"https:\/\/www.lift-mtb.com\/es\/produit\/moteur-bafang-bbs02-350w\/#primaryimage"},"image":{"@id":"https:\/\/www.lift-mtb.com\/es\/produit\/moteur-bafang-bbs02-350w\/#primaryimage"},"thumbnailUrl":"https:\/\/www.lift-mtb.com\/wp-content\/uploads\/2022\/05\/bafang-vtt-1-sur-1-scaled.jpg","datePublished":"2022-08-27T10:04:47+00:00","dateModified":"2023-02-23T22:44:09+00:00","description":"El motor de bicicleta Bafang 500W ofrece el m\u00e1ximo rendimiento para tus diferentes desplazamientos urbanos, compatible con muchas bicicletas, electrifica tu bicicleta.","breadcrumb":{"@id":"https:\/\/www.lift-mtb.com\/es\/produit\/moteur-bafang-bbs02-350w\/#breadcrumb"},"inLanguage":"es","potentialAction":[{"@type":"ReadAction","target":["https:\/\/www.lift-mtb.com\/es\/produit\/moteur-bafang-bbs02-350w\/"]}]},{"@type":"ImageObject","inLanguage":"es","@id":"https:\/\/www.lift-mtb.com\/es\/produit\/moteur-bafang-bbs02-350w\/#primaryimage","url":"https:\/\/www.lift-mtb.com\/wp-content\/uploads\/2022\/05\/bafang-vtt-1-sur-1-scaled.jpg","contentUrl":"https:\/\/www.lift-mtb.com\/wp-content\/uploads\/2022\/05\/bafang-vtt-1-sur-1-scaled.jpg","width":2200,"height":1457,"caption":"Motor de pedal Bafang para convertir tu bicicleta en el\u00e9ctrica"},{"@type":"BreadcrumbList","@id":"https:\/\/www.lift-mtb.com\/es\/produit\/moteur-bafang-bbs02-350w\/#breadcrumb","itemListElement":[{"@type":"ListItem","position":1,"name":"Accueil","item":"https:\/\/www.lift-mtb.com\/es\/"},{"@type":"ListItem","position":2,"name":"Tienda","item":"https:\/\/www.lift-mtb.com\/es\/tienda\/"},{"@type":"ListItem","position":3,"name":"Otros tipos de motorizaci\u00f3n","item":"https:\/\/www.lift-mtb.com\/es\/categoria-de-productos\/otros-tipos-de-motorizacion\/"},{"@type":"ListItem","position":4,"name":"Motor Bafang BBS02 &#8211; 350W"}]},{"@type":"WebSite","@id":"https:\/\/www.lift-mtb.com\/es\/#website","url":"https:\/\/www.lift-mtb.com\/es\/","name":"LIFT-MTB","description":"Transformer son v\u00e9lo en \u00e9lectrique rapidement !","publisher":{"@id":"https:\/\/www.lift-mtb.com\/es\/#organization"},"potentialAction":[{"@type":"SearchAction","target":{"@type":"EntryPoint","urlTemplate":"https:\/\/www.lift-mtb.com\/es\/?s={search_term_string}"},"query-input":{"@type":"PropertyValueSpecification","valueRequired":true,"valueName":"search_term_string"}}],"inLanguage":"es"},{"@type":"Organization","@id":"https:\/\/www.lift-mtb.com\/es\/#organization","name":"LIFT-MTB","url":"https:\/\/www.lift-mtb.com\/es\/","logo":{"@type":"ImageObject","inLanguage":"es","@id":"https:\/\/www.lift-mtb.com\/es\/#\/schema\/logo\/image\/","url":"https:\/\/www.lift-mtb.com\/wp-content\/uploads\/2022\/01\/electric-kit-for-bike-1.jpg","contentUrl":"https:\/\/www.lift-mtb.com\/wp-content\/uploads\/2022\/01\/electric-kit-for-bike-1.jpg","width":1223,"height":560,"caption":"LIFT-MTB"},"image":{"@id":"https:\/\/www.lift-mtb.com\/es\/#\/schema\/logo\/image\/"}}]}},"_links":{"self":[{"href":"https:\/\/www.lift-mtb.com\/es\/wp-json\/wp\/v2\/product\/39071","targetHints":{"allow":["GET"]}}],"collection":[{"href":"https:\/\/www.lift-mtb.com\/es\/wp-json\/wp\/v2\/product"}],"about":[{"href":"https:\/\/www.lift-mtb.com\/es\/wp-json\/wp\/v2\/types\/product"}],"replies":[{"embeddable":true,"href":"https:\/\/www.lift-mtb.com\/es\/wp-json\/wp\/v2\/comments?post=39071"}],"wp:featuredmedia":[{"embeddable":true,"href":"https:\/\/www.lift-mtb.com\/es\/wp-json\/wp\/v2\/media\/10872"}],"wp:attachment":[{"href":"https:\/\/www.lift-mtb.com\/es\/wp-json\/wp\/v2\/media?parent=39071"}],"wp:term":[{"taxonomy":"product_brand","embeddable":true,"href":"https:\/\/www.lift-mtb.com\/es\/wp-json\/wp\/v2\/product_brand?post=39071"},{"taxonomy":"product_cat","embeddable":true,"href":"https:\/\/www.lift-mtb.com\/es\/wp-json\/wp\/v2\/product_cat?post=39071"},{"taxonomy":"product_tag","embeddable":true,"href":"https:\/\/www.lift-mtb.com\/es\/wp-json\/wp\/v2\/product_tag?post=39071"}],"curies":[{"name":"wp","href":"https:\/\/api.w.org\/{rel}","templated":true}]}}