{"id":39153,"date":"2022-07-29T01:31:21","date_gmt":"2022-07-28T23:31:21","guid":{"rendered":"https:\/produit\/kit-v4-subframe\/"},"modified":"2023-05-19T16:55:31","modified_gmt":"2023-05-19T14:55:31","slug":"kit-motor-pedal-elevador-mtb","status":"publish","type":"product","link":"https:\/\/www.lift-mtb.com\/es\/produit\/kit-motor-pedal-elevador-mtb\/","title":{"rendered":"Kit V4 Subframe"},"content":{"rendered":"<h2><strong>En primer lugar, el kit completo de motor de pedalier incluye :<\/strong><\/h2>\n<p>&#8211; <strong> Motor:<\/strong> 36 voltios \/ controlador integrado<\/p>\n<p>&#8211; <strong> Soporte: <\/strong> 7075 T6 CNC (montaje bajo bastidor) sujeci\u00f3n superior por cable.<\/p>\n<p>&#8211; <strong> Rueda libre motorizada:<\/strong> fabricada en Francia sin resistencia al pedaleo.<\/p>\n<p>&#8211; <strong> El plato secundario:<\/strong> Tipo de cara de carrera estrecha ancha \u00ae, aluminio 7075 (30 dientes o 32 dientes)<\/p>\n<p>&#8211; <strong> El plato principal:<\/strong> 1\/2 por 3\/32 de aluminio serie 7000 de 38 dientes.<\/p>\n<p>&#8211; <strong> Cadena primaria:<\/strong> tipo shimano<\/p>\n<p>&#8211; <strong> El tensor de la cadena:<\/strong> con rodamiento de anillo sellado.<\/p>\n<p>&#8211; <strong> Gatillo del acelerador <\/strong>con indicador de carga, interruptor de encendido\/apagado, montable con el pulgar o el \u00edndice.<\/p>\n<p>&#8211; Kit de <strong> tornillos:<\/strong> acero ISO 10.9 y kit completo de espaciadores de aluminio.<\/p>\n<p>&#8211; <strong> Kit de montaje:<\/strong> Conjunto de acero y pl\u00e1stico Serflex, espuma de protecci\u00f3n del bastidor, x1 juego de conector Anderson de repuesto.<\/p>\n<p>&#8211; <strong> Par desarrollado en la rueda trasera: de 80 N.m a 110 N.m<\/strong> (dependiendo del desarrollo)<\/p>\n<p>&#8211; <strong> Velocidad m\u00e1xima en llano sin pedalear: <\/strong> de 35Km\/h a 40km\/h (dependiendo de las condiciones y del cambio de marchas).<\/p>\n<p>&#8211; <strong> Consumo de PIC: <\/strong>30 amperios<\/p>\n<p>&#8211; <strong> Consumo medio de energ\u00eda continua:<\/strong> 12 amperios<\/p>\n<p>&#8211; <strong> Volumen sonoro a 150 cm: <\/strong>&#8220;engranajes internos supersilenciosos&#8221; (aprox. 60 decibelios).<\/p>\n<p>&#8211; <strong> Kit de decoraci\u00f3n: <\/strong>tipo motocross grueso.<\/p>\n<p>&nbsp;<\/p>\n<p><strong>En primer lugar, las especificaciones de la pedalera si eliges la versi\u00f3n &#8220;V4 CLASSIC&#8221;:<\/strong><\/p>\n<p>&#8211; Bielas: 170 mm de aluminio grabado con l\u00e1ser, plato montado en un pi\u00f1\u00f3n libre Dicta\u00ae de 20 puntos (sin resistencia al pedaleo).<\/p>\n<p>&#8211; Eje del pedalier: cromoly 4130 tratado t\u00e9rmicamente, tambi\u00e9n suministrado con un juego de adaptadores de di\u00e1metro 22\/24 , 24 , 29 y 30mm.<\/p>\n<p>-Peso: unos 400 gramos m\u00e1s pesado que el modelo &#8220;Pro<\/p>\n<p><img decoding=\"async\" class=\"alignleft wp-image-4893\" src=\"https:\/\/www.lift-mtb.com\/wp-content\/uploads\/2017\/12\/cliquets-classic-1.png\" alt=\"\" width=\"233\" height=\"230\" srcset=\"https:\/\/www.lift-mtb.com\/wp-content\/uploads\/2017\/12\/cliquets-classic-1-66x66.png 66w, https:\/\/www.lift-mtb.com\/wp-content\/uploads\/2017\/12\/cliquets-classic-1-200x198.png 200w, https:\/\/www.lift-mtb.com\/wp-content\/uploads\/2017\/12\/cliquets-classic-1-300x296.png 300w, https:\/\/www.lift-mtb.com\/wp-content\/uploads\/2017\/12\/cliquets-classic-1.png 322w\" sizes=\"(max-width: 233px) 100vw, 233px\" \/><\/p>\n<p><strong><img decoding=\"async\" class=\"alignnone wp-image-4871\" src=\"https:\/\/www.lift-mtb.com\/wp-content\/uploads\/2017\/12\/pedalier-v4-classic.png\" alt=\"Elecci\u00f3n de las bielas para bicicletas el\u00e9ctricas LIFT-MTB\" width=\"427\" height=\"240\" srcset=\"https:\/\/www.lift-mtb.com\/wp-content\/uploads\/2017\/12\/pedalier-v4-classic-200x113.png 200w, https:\/\/www.lift-mtb.com\/wp-content\/uploads\/2017\/12\/pedalier-v4-classic-300x169.png 300w, https:\/\/www.lift-mtb.com\/wp-content\/uploads\/2017\/12\/pedalier-v4-classic-400x225.png 400w, https:\/\/www.lift-mtb.com\/wp-content\/uploads\/2017\/12\/pedalier-v4-classic-500x281.png 500w, https:\/\/www.lift-mtb.com\/wp-content\/uploads\/2017\/12\/pedalier-v4-classic-600x338.png 600w, https:\/\/www.lift-mtb.com\/wp-content\/uploads\/2017\/12\/pedalier-v4-classic-700x394.png 700w, https:\/\/www.lift-mtb.com\/wp-content\/uploads\/2017\/12\/pedalier-v4-classic-768x432.png 768w, https:\/\/www.lift-mtb.com\/wp-content\/uploads\/2017\/12\/pedalier-v4-classic-800x450.png 800w, https:\/\/www.lift-mtb.com\/wp-content\/uploads\/2017\/12\/pedalier-v4-classic-1024x576.png 1024w, https:\/\/www.lift-mtb.com\/wp-content\/uploads\/2017\/12\/pedalier-v4-classic-1200x675.png 1200w, https:\/\/www.lift-mtb.com\/wp-content\/uploads\/2017\/12\/pedalier-v4-classic-1536x864.png 1536w, https:\/\/www.lift-mtb.com\/wp-content\/uploads\/2017\/12\/pedalier-v4-classic.png 1920w\" sizes=\"(max-width: 427px) 100vw, 427px\" \/><\/strong><b> <\/b><\/p>\n<p>&nbsp;<\/p>\n<p><strong>En segundo lugar las especificaciones de la pedalera si eliges la versi\u00f3n &#8220;V4 PRO&#8221;:<\/strong><\/p>\n<p>&#8211; Bielas: Aluminio 7075T6 mecanizado CNC en Francia, con plato montado en rueda libre Pro 72 (sin resistencia al pedaleo).<\/p>\n<p>&#8211; Eje del pedalier: .cromoly 4130 hueco tratado t\u00e9rmicamente, tambi\u00e9n se suministra con un juego de adaptadores de 22\/24 , 24 , 29 y 30mm de di\u00e1metro.<\/p>\n<p>-Peso: unos 400 gramos m\u00e1s ligero que el modelo &#8220;CLASSIC<\/p>\n<p><img decoding=\"async\" class=\"alignleft wp-image-4898\" src=\"https:\/\/www.lift-mtb.com\/wp-content\/uploads\/2017\/12\/cliquets-pro-1.png\" alt=\"\" width=\"260\" height=\"250\" srcset=\"https:\/\/www.lift-mtb.com\/wp-content\/uploads\/2017\/12\/cliquets-pro-1-200x192.png 200w, https:\/\/www.lift-mtb.com\/wp-content\/uploads\/2017\/12\/cliquets-pro-1-300x288.png 300w, https:\/\/www.lift-mtb.com\/wp-content\/uploads\/2017\/12\/cliquets-pro-1.png 340w\" sizes=\"(max-width: 260px) 100vw, 260px\" \/><img decoding=\"async\" class=\"alignleft wp-image-8742\" src=\"https:\/\/www.lift-mtb.com\/wp-content\/uploads\/2022\/03\/pedalier-v4-pro.png\" alt=\"Funcionamiento del motor c\u00edclico\" width=\"434\" height=\"244\" srcset=\"https:\/\/www.lift-mtb.com\/wp-content\/uploads\/2022\/03\/pedalier-v4-pro-200x113.png 200w, https:\/\/www.lift-mtb.com\/wp-content\/uploads\/2022\/03\/pedalier-v4-pro-300x169.png 300w, https:\/\/www.lift-mtb.com\/wp-content\/uploads\/2022\/03\/pedalier-v4-pro-400x225.png 400w, https:\/\/www.lift-mtb.com\/wp-content\/uploads\/2022\/03\/pedalier-v4-pro-500x281.png 500w, https:\/\/www.lift-mtb.com\/wp-content\/uploads\/2022\/03\/pedalier-v4-pro-600x338.png 600w, https:\/\/www.lift-mtb.com\/wp-content\/uploads\/2022\/03\/pedalier-v4-pro-700x394.png 700w, https:\/\/www.lift-mtb.com\/wp-content\/uploads\/2022\/03\/pedalier-v4-pro-768x432.png 768w, https:\/\/www.lift-mtb.com\/wp-content\/uploads\/2022\/03\/pedalier-v4-pro-800x450.png 800w, https:\/\/www.lift-mtb.com\/wp-content\/uploads\/2022\/03\/pedalier-v4-pro-1024x576.png 1024w, https:\/\/www.lift-mtb.com\/wp-content\/uploads\/2022\/03\/pedalier-v4-pro-1200x675.png 1200w, https:\/\/www.lift-mtb.com\/wp-content\/uploads\/2022\/03\/pedalier-v4-pro-1536x864.png 1536w, https:\/\/www.lift-mtb.com\/wp-content\/uploads\/2022\/03\/pedalier-v4-pro.png 1920w\" sizes=\"(max-width: 434px) 100vw, 434px\" \/><\/p>\n<p>&nbsp;<\/p>\n<p>&nbsp;<\/p>\n<p>&nbsp;<\/p>\n<p>&nbsp;<\/p>\n<p>&nbsp;<\/p>\n<p>&nbsp;<\/p>\n<p>&nbsp;<\/p>\n<p><b>Tambi\u00e9n puede encontrar art\u00edculos y v\u00eddeos del kit de motor de pedalier LIFT-MTB a continuaci\u00f3n:<\/b><\/p>\n<ul>\n<li><a href=\"https:\/\/www.youtube.com\/c\/LIFTMTBTV\/videos\">V\u00eddeo del kit de motor de pedales  <\/a><\/li>\n<li><a href=\"\/?page_id=4437\">Secci\u00f3n de preguntas frecuentes sobre el kit de motor de pedales  <\/a><\/li>\n<\/ul>\n<p><strong>No obstante, si tiene alguna duda, p\u00f3ngase en contacto con nosotros.<\/strong><\/p>\n<p><strong>ADVERTENCIA: EL KIT NO EST\u00c1 APROBADO PARA SU USO EN CARRETERAS ABIERTAS.<\/strong><\/p>\n<p>&nbsp;<\/p>\n<p>&nbsp;<\/p>\n","protected":false},"excerpt":{"rendered":"<p>Kit motor plato y bielas LIFT MTB V4<\/p>\n<p><strong><span style=\"font-size: 18px;\">El juego completo incluye:<\/span><\/strong><\/p>\n<p><strong>&#8211; Motor :<\/strong> <span style=\"font-size: 16px;\">36 voltios \/ controlador integrado<\/span><\/p>\n<p><span style=\"font-size: 16px;\">&#8211; <strong> Soporte: <\/strong> CNC 7075 T6 (montaje interno o bajo el bastidor seg\u00fan se requiera) sujeci\u00f3n superior por cable.<\/span><\/p>\n<p><span style=\"font-size: 16px;\">&#8211; <strong> Motor de rueda libre:<\/strong> fabricado en Francia sin resistencia al pedaleo.<\/span><\/p>\n<p><span style=\"font-size: 16px;\">&#8211; <strong> El plato secundario:<\/strong> Tipo de cara de carrera estrecha ancha \u00ae, aluminio 7075 (30 dientes o 32 dientes)<\/span><\/p>\n<p><span style=\"font-size: 16px;\">&#8211; <strong> El plato principal:<\/strong> 1\/2 por 3\/32 de aluminio serie 7000 de 38 dientes.<\/span><\/p>\n<p><span style=\"font-size: 16px;\">&#8211; <strong> La cadena primaria:<\/strong> tipo shimano<\/span><\/p>\n<p><span style=\"font-size: 16px;\">&#8211; <strong> El tensor de la cadena:<\/strong> con rodamiento de anillo sellado.<\/span><\/p>\n<p><span style=\"font-size: 16px;\">&#8211; <strong> Gatillo del acelerador <\/strong>con indicador de carga, interruptor de encendido\/apagado, montable con el pulgar o el \u00edndice.<\/span><\/p>\n<p><span style=\"font-size: 16px;\">&#8211; Kit de <strong> tornillos:<\/strong> acero ISO 10.9 y kit completo de espaciadores de aluminio.<\/span><\/p>\n<p><span style=\"font-size: 16px;\">&#8211; <strong> Kit de montaje:<\/strong> Juego de acero y pl\u00e1stico Serflex, protecci\u00f3n del marco del rat\u00f3n, x1 juego de conector Anderson de repuesto.<\/span><\/p>\n<p><span style=\"font-size: 16px;\">&#8211; <strong> Par desarrollado en la rueda trasera: de 80 N.m a 90 N.m<\/strong> (dependiendo del desarrollo)<\/span><\/p>\n<p><span style=\"font-size: 16px;\">&#8211; <strong> Velocidad m\u00e1xima de asistencia:<\/strong> de 45km\/h a 50km\/h (dependiendo de las condiciones y la marcha).<\/span><\/p>\n<p><span style=\"font-size: 16px;\">&#8211; <strong> Velocidad m\u00e1xima en llano sin pedalear: <\/strong> de 35Km\/h a 40km\/h (dependiendo de las condiciones y del cambio de marchas).<\/span><\/p>\n<p><span style=\"font-size: 16px;\">&#8211; <strong> Consumo de PIC: <\/strong>30 amperios<\/span><\/p>\n<p><span style=\"font-size: 16px;\">&#8211; <strong> Consumo medio de energ\u00eda continua:<\/strong> 12 amperios<\/span><\/p>\n<p><span style=\"font-size: 16px;\">&#8211; <strong> Volumen sonoro a 150 cm: <\/strong>&#8220;engranajes internos supersilenciosos&#8221; (aprox. 60 decibelios).<\/span><\/p>\n<p><span style=\"font-size: 16px;\">&#8211; Kit de decoraci\u00f3n:<strong> grueso tipo motocross.<\/strong><\/span><\/p>\n<p><strong><span style=\"font-size: 16px; color: #0000ff;\">-1- Especificaciones de la pedalera si elige la versi\u00f3n &#8220;V4 classic&#8221;:<\/span><\/strong><\/p>\n<p><span style=\"font-size: 16px;\">&#8211; Bielas: Aluminio ISIS de 170 mm con grabado l\u00e1ser, plato montado en una rueda libre Dicta\u00ae de 20 puntos (sin resistencia al pedaleo).<\/span><\/p>\n<p><span style=\"font-size: 16px;\">&#8211; Eje del pedalier: ISIS chromoly 4130 tratado t\u00e9rmicamente, suministrado con un juego de adaptadores de 22\/24 , 24 , 29 y 30mm de di\u00e1metro.<\/span><\/p>\n<p><span style=\"font-size: 16px;\">-Peso: unos <span style=\"color: #0000ff;\">250 gramos m\u00e1s pesado que el modelo &#8220;Pro<\/span><\/span><\/p>\n<p><span style=\"color: #ff9900;\"><strong><span style=\"font-size: 16px;\">-2- Especificaci\u00f3n de la tabla de pedales si elige la versi\u00f3n &#8220;V4-PRO&#8221;:<\/span><\/strong><\/span><\/p>\n<p><span style=\"font-size: 16px;\">&#8211; Bielas: Aluminio 7075T6 mecanizado CNC en Francia, con plato montado en rueda libre Pro 72 (sin resistencia al pedaleo).<\/span><\/p>\n<p><span style=\"font-size: 16px;\">&#8211; Eje del pedalier: .chromoly 4130 hueco tratado t\u00e9rmicamente, entregado con un juego de adaptadores de di\u00e1metro 22\/24 , 24 , 29 y 30mm.<\/span><\/p>\n<p><span style=\"font-size: 16px;\">-Peso: <span style=\"color: #ff9900;\">unos 250 gramos m\u00e1s ligero que el modelo &#8220;CLASSIC<\/span><\/span><\/p>\n","protected":false},"featured_media":9702,"comment_status":"open","ping_status":"closed","template":"","meta":[],"product_brand":[],"product_cat":[833],"product_tag":[],"class_list":{"0":"post-39153","1":"product","2":"type-product","3":"status-publish","4":"has-post-thumbnail","6":"product_cat-nuestros-kits-preconfigurados","8":"first","9":"instock","10":"sale","11":"taxable","12":"shipping-taxable","13":"purchasable","14":"product-type-simple"},"yoast_head":"<!-- This site is optimized with the Yoast SEO plugin v26.9 - https:\/\/yoast.com\/product\/yoast-seo-wordpress\/ -->\n<title>kit moteur p\u00e9dalier V4 - LIFT-MTB<\/title>\n<meta name=\"description\" content=\"revoluciona tu forma de montar en bicicleta con nuestro kit de bielas V4 LIFT MTB. Lleva tu bicicleta a un nuevo nivel con el kit LIFT MTB\" \/>\n<meta name=\"robots\" content=\"index, follow, max-snippet:-1, max-image-preview:large, max-video-preview:-1\" \/>\n<link rel=\"canonical\" href=\"https:\/\/www.lift-mtb.com\/es\/produit\/kit-motor-pedal-elevador-mtb\/\" \/>\n<meta property=\"og:locale\" content=\"es_ES\" \/>\n<meta property=\"og:type\" content=\"article\" \/>\n<meta property=\"og:title\" content=\"kit moteur p\u00e9dalier V4 - LIFT-MTB\" \/>\n<meta property=\"og:description\" content=\"revoluciona tu forma de montar en bicicleta con nuestro kit de bielas V4 LIFT MTB. Lleva tu bicicleta a un nuevo nivel con el kit LIFT MTB\" \/>\n<meta property=\"og:url\" content=\"https:\/\/www.lift-mtb.com\/es\/produit\/kit-motor-pedal-elevador-mtb\/\" \/>\n<meta property=\"og:site_name\" content=\"LIFT-MTB\" \/>\n<meta property=\"article:modified_time\" content=\"2023-05-19T14:55:31+00:00\" \/>\n<meta property=\"og:image\" content=\"https:\/\/www.lift-mtb.com\/wp-content\/uploads\/2022\/04\/moteur-velo-classic-sous-cadre-2-1.jpg\" \/>\n\t<meta property=\"og:image:width\" content=\"5740\" \/>\n\t<meta property=\"og:image:height\" content=\"3832\" \/>\n\t<meta property=\"og:image:type\" content=\"image\/jpeg\" \/>\n<meta name=\"twitter:card\" content=\"summary_large_image\" \/>\n<meta name=\"twitter:label1\" content=\"Tiempo de lectura\" \/>\n\t<meta name=\"twitter:data1\" content=\"2 minutos\" \/>\n<script type=\"application\/ld+json\" class=\"yoast-schema-graph\">{\"@context\":\"https:\/\/schema.org\",\"@graph\":[{\"@type\":\"WebPage\",\"@id\":\"https:\/\/www.lift-mtb.com\/es\/produit\/kit-motor-pedal-elevador-mtb\/\",\"url\":\"https:\/\/www.lift-mtb.com\/es\/produit\/kit-motor-pedal-elevador-mtb\/\",\"name\":\"kit moteur p\u00e9dalier V4 - LIFT-MTB\",\"isPartOf\":{\"@id\":\"https:\/\/www.lift-mtb.com\/es\/#website\"},\"primaryImageOfPage\":{\"@id\":\"https:\/\/www.lift-mtb.com\/es\/produit\/kit-motor-pedal-elevador-mtb\/#primaryimage\"},\"image\":{\"@id\":\"https:\/\/www.lift-mtb.com\/es\/produit\/kit-motor-pedal-elevador-mtb\/#primaryimage\"},\"thumbnailUrl\":\"https:\/\/www.lift-mtb.com\/wp-content\/uploads\/2022\/04\/moteur-velo-classic-sous-cadre-2-1.jpg\",\"datePublished\":\"2022-07-28T23:31:21+00:00\",\"dateModified\":\"2023-05-19T14:55:31+00:00\",\"description\":\"revoluciona tu forma de montar en bicicleta con nuestro kit de bielas V4 LIFT MTB. Lleva tu bicicleta a un nuevo nivel con el kit LIFT MTB\",\"breadcrumb\":{\"@id\":\"https:\/\/www.lift-mtb.com\/es\/produit\/kit-motor-pedal-elevador-mtb\/#breadcrumb\"},\"inLanguage\":\"es\",\"potentialAction\":[{\"@type\":\"ReadAction\",\"target\":[\"https:\/\/www.lift-mtb.com\/es\/produit\/kit-motor-pedal-elevador-mtb\/\"]}]},{\"@type\":\"ImageObject\",\"inLanguage\":\"es\",\"@id\":\"https:\/\/www.lift-mtb.com\/es\/produit\/kit-motor-pedal-elevador-mtb\/#primaryimage\",\"url\":\"https:\/\/www.lift-mtb.com\/wp-content\/uploads\/2022\/04\/moteur-velo-classic-sous-cadre-2-1.jpg\",\"contentUrl\":\"https:\/\/www.lift-mtb.com\/wp-content\/uploads\/2022\/04\/moteur-velo-classic-sous-cadre-2-1.jpg\",\"width\":5740,\"height\":3832,\"caption\":\"Moteur velo CLASSIC sous cadre 2\"},{\"@type\":\"BreadcrumbList\",\"@id\":\"https:\/\/www.lift-mtb.com\/es\/produit\/kit-motor-pedal-elevador-mtb\/#breadcrumb\",\"itemListElement\":[{\"@type\":\"ListItem\",\"position\":1,\"name\":\"Accueil\",\"item\":\"https:\/\/www.lift-mtb.com\/es\/\"},{\"@type\":\"ListItem\",\"position\":2,\"name\":\"Tienda\",\"item\":\"https:\/\/www.lift-mtb.com\/es\/tienda\/\"},{\"@type\":\"ListItem\",\"position\":3,\"name\":\"Nuestros kits preconfigurados\",\"item\":\"https:\/\/www.lift-mtb.com\/es\/categoria-de-productos\/nuestros-kits-preconfigurados\/\"},{\"@type\":\"ListItem\",\"position\":4,\"name\":\"Kit V4 Subframe\"}]},{\"@type\":\"WebSite\",\"@id\":\"https:\/\/www.lift-mtb.com\/es\/#website\",\"url\":\"https:\/\/www.lift-mtb.com\/es\/\",\"name\":\"LIFT-MTB\",\"description\":\"Transformer son v\u00e9lo en \u00e9lectrique rapidement !\",\"publisher\":{\"@id\":\"https:\/\/www.lift-mtb.com\/es\/#organization\"},\"potentialAction\":[{\"@type\":\"SearchAction\",\"target\":{\"@type\":\"EntryPoint\",\"urlTemplate\":\"https:\/\/www.lift-mtb.com\/es\/?s={search_term_string}\"},\"query-input\":{\"@type\":\"PropertyValueSpecification\",\"valueRequired\":true,\"valueName\":\"search_term_string\"}}],\"inLanguage\":\"es\"},{\"@type\":\"Organization\",\"@id\":\"https:\/\/www.lift-mtb.com\/es\/#organization\",\"name\":\"LIFT-MTB\",\"url\":\"https:\/\/www.lift-mtb.com\/es\/\",\"logo\":{\"@type\":\"ImageObject\",\"inLanguage\":\"es\",\"@id\":\"https:\/\/www.lift-mtb.com\/es\/#\/schema\/logo\/image\/\",\"url\":\"https:\/\/www.lift-mtb.com\/wp-content\/uploads\/2022\/01\/electric-kit-for-bike-1.jpg\",\"contentUrl\":\"https:\/\/www.lift-mtb.com\/wp-content\/uploads\/2022\/01\/electric-kit-for-bike-1.jpg\",\"width\":1223,\"height\":560,\"caption\":\"LIFT-MTB\"},\"image\":{\"@id\":\"https:\/\/www.lift-mtb.com\/es\/#\/schema\/logo\/image\/\"}}]}<\/script>\n<!-- \/ Yoast SEO plugin. -->","yoast_head_json":{"title":"kit moteur p\u00e9dalier V4 - LIFT-MTB","description":"revoluciona tu forma de montar en bicicleta con nuestro kit de bielas V4 LIFT MTB. Lleva tu bicicleta a un nuevo nivel con el kit LIFT MTB","robots":{"index":"index","follow":"follow","max-snippet":"max-snippet:-1","max-image-preview":"max-image-preview:large","max-video-preview":"max-video-preview:-1"},"canonical":"https:\/\/www.lift-mtb.com\/es\/produit\/kit-motor-pedal-elevador-mtb\/","og_locale":"es_ES","og_type":"article","og_title":"kit moteur p\u00e9dalier V4 - LIFT-MTB","og_description":"revoluciona tu forma de montar en bicicleta con nuestro kit de bielas V4 LIFT MTB. Lleva tu bicicleta a un nuevo nivel con el kit LIFT MTB","og_url":"https:\/\/www.lift-mtb.com\/es\/produit\/kit-motor-pedal-elevador-mtb\/","og_site_name":"LIFT-MTB","article_modified_time":"2023-05-19T14:55:31+00:00","og_image":[{"width":5740,"height":3832,"url":"https:\/\/www.lift-mtb.com\/wp-content\/uploads\/2022\/04\/moteur-velo-classic-sous-cadre-2-1.jpg","type":"image\/jpeg"}],"twitter_card":"summary_large_image","twitter_misc":{"Tiempo de lectura":"2 minutos"},"schema":{"@context":"https:\/\/schema.org","@graph":[{"@type":"WebPage","@id":"https:\/\/www.lift-mtb.com\/es\/produit\/kit-motor-pedal-elevador-mtb\/","url":"https:\/\/www.lift-mtb.com\/es\/produit\/kit-motor-pedal-elevador-mtb\/","name":"kit moteur p\u00e9dalier V4 - LIFT-MTB","isPartOf":{"@id":"https:\/\/www.lift-mtb.com\/es\/#website"},"primaryImageOfPage":{"@id":"https:\/\/www.lift-mtb.com\/es\/produit\/kit-motor-pedal-elevador-mtb\/#primaryimage"},"image":{"@id":"https:\/\/www.lift-mtb.com\/es\/produit\/kit-motor-pedal-elevador-mtb\/#primaryimage"},"thumbnailUrl":"https:\/\/www.lift-mtb.com\/wp-content\/uploads\/2022\/04\/moteur-velo-classic-sous-cadre-2-1.jpg","datePublished":"2022-07-28T23:31:21+00:00","dateModified":"2023-05-19T14:55:31+00:00","description":"revoluciona tu forma de montar en bicicleta con nuestro kit de bielas V4 LIFT MTB. Lleva tu bicicleta a un nuevo nivel con el kit LIFT MTB","breadcrumb":{"@id":"https:\/\/www.lift-mtb.com\/es\/produit\/kit-motor-pedal-elevador-mtb\/#breadcrumb"},"inLanguage":"es","potentialAction":[{"@type":"ReadAction","target":["https:\/\/www.lift-mtb.com\/es\/produit\/kit-motor-pedal-elevador-mtb\/"]}]},{"@type":"ImageObject","inLanguage":"es","@id":"https:\/\/www.lift-mtb.com\/es\/produit\/kit-motor-pedal-elevador-mtb\/#primaryimage","url":"https:\/\/www.lift-mtb.com\/wp-content\/uploads\/2022\/04\/moteur-velo-classic-sous-cadre-2-1.jpg","contentUrl":"https:\/\/www.lift-mtb.com\/wp-content\/uploads\/2022\/04\/moteur-velo-classic-sous-cadre-2-1.jpg","width":5740,"height":3832,"caption":"Moteur velo CLASSIC sous cadre 2"},{"@type":"BreadcrumbList","@id":"https:\/\/www.lift-mtb.com\/es\/produit\/kit-motor-pedal-elevador-mtb\/#breadcrumb","itemListElement":[{"@type":"ListItem","position":1,"name":"Accueil","item":"https:\/\/www.lift-mtb.com\/es\/"},{"@type":"ListItem","position":2,"name":"Tienda","item":"https:\/\/www.lift-mtb.com\/es\/tienda\/"},{"@type":"ListItem","position":3,"name":"Nuestros kits preconfigurados","item":"https:\/\/www.lift-mtb.com\/es\/categoria-de-productos\/nuestros-kits-preconfigurados\/"},{"@type":"ListItem","position":4,"name":"Kit V4 Subframe"}]},{"@type":"WebSite","@id":"https:\/\/www.lift-mtb.com\/es\/#website","url":"https:\/\/www.lift-mtb.com\/es\/","name":"LIFT-MTB","description":"Transformer son v\u00e9lo en \u00e9lectrique rapidement !","publisher":{"@id":"https:\/\/www.lift-mtb.com\/es\/#organization"},"potentialAction":[{"@type":"SearchAction","target":{"@type":"EntryPoint","urlTemplate":"https:\/\/www.lift-mtb.com\/es\/?s={search_term_string}"},"query-input":{"@type":"PropertyValueSpecification","valueRequired":true,"valueName":"search_term_string"}}],"inLanguage":"es"},{"@type":"Organization","@id":"https:\/\/www.lift-mtb.com\/es\/#organization","name":"LIFT-MTB","url":"https:\/\/www.lift-mtb.com\/es\/","logo":{"@type":"ImageObject","inLanguage":"es","@id":"https:\/\/www.lift-mtb.com\/es\/#\/schema\/logo\/image\/","url":"https:\/\/www.lift-mtb.com\/wp-content\/uploads\/2022\/01\/electric-kit-for-bike-1.jpg","contentUrl":"https:\/\/www.lift-mtb.com\/wp-content\/uploads\/2022\/01\/electric-kit-for-bike-1.jpg","width":1223,"height":560,"caption":"LIFT-MTB"},"image":{"@id":"https:\/\/www.lift-mtb.com\/es\/#\/schema\/logo\/image\/"}}]}},"_links":{"self":[{"href":"https:\/\/www.lift-mtb.com\/es\/wp-json\/wp\/v2\/product\/39153","targetHints":{"allow":["GET"]}}],"collection":[{"href":"https:\/\/www.lift-mtb.com\/es\/wp-json\/wp\/v2\/product"}],"about":[{"href":"https:\/\/www.lift-mtb.com\/es\/wp-json\/wp\/v2\/types\/product"}],"replies":[{"embeddable":true,"href":"https:\/\/www.lift-mtb.com\/es\/wp-json\/wp\/v2\/comments?post=39153"}],"wp:featuredmedia":[{"embeddable":true,"href":"https:\/\/www.lift-mtb.com\/es\/wp-json\/wp\/v2\/media\/9702"}],"wp:attachment":[{"href":"https:\/\/www.lift-mtb.com\/es\/wp-json\/wp\/v2\/media?parent=39153"}],"wp:term":[{"taxonomy":"product_brand","embeddable":true,"href":"https:\/\/www.lift-mtb.com\/es\/wp-json\/wp\/v2\/product_brand?post=39153"},{"taxonomy":"product_cat","embeddable":true,"href":"https:\/\/www.lift-mtb.com\/es\/wp-json\/wp\/v2\/product_cat?post=39153"},{"taxonomy":"product_tag","embeddable":true,"href":"https:\/\/www.lift-mtb.com\/es\/wp-json\/wp\/v2\/product_tag?post=39153"}],"curies":[{"name":"wp","href":"https:\/\/api.w.org\/{rel}","templated":true}]}}