{"id":39321,"date":"2022-02-24T14:48:24","date_gmt":"2022-02-24T13:48:24","guid":{"rendered":"https:\/produit\/funda-retractil\/"},"modified":"2025-06-19T01:36:45","modified_gmt":"2025-06-18T23:36:45","slug":"vaina-retractil","status":"publish","type":"product","link":"https:\/\/www.lift-mtb.com\/es\/produit\/vaina-retractil\/","title":{"rendered":"Funda retr\u00e1ctil"},"content":{"rendered":"<p><strong> Descripci\u00f3n de la funda retr\u00e1ctil:<\/strong><\/p>\n<ul>\n<li>10 cent\u00edmetros de <a href=\"https:\/\/www.youtube.com\/watch?v=tToyciQtnT0\">funda<\/a> retr\u00e1ctil <a href=\"https:\/produit\/controleur-moteur\/\">LIFT MTB<\/a><\/li>\n<li>Di\u00e1metro antes de la contracci\u00f3n en la elecci\u00f3n (3\/ 6\/ 12\/ 18\/ 25\/ 33 mm).<\/li>\n<\/ul>\n","protected":false},"excerpt":{"rendered":"<p><strong>Descripci\u00f3n:<\/strong><\/p>\n<ul>\n<li>10 cent\u00edmetros de tubo retr\u00e1ctil.<\/li>\n<li>Di\u00e1metro antes de la contracci\u00f3n en la elecci\u00f3n (3\/ 6\/ 12\/ 18\/ 25\/ 33 mm).<\/li>\n<\/ul>\n","protected":false},"featured_media":8361,"comment_status":"open","ping_status":"closed","template":"","meta":[],"product_brand":[],"product_cat":[838,850],"product_tag":[],"class_list":{"0":"post-39321","1":"product","2":"type-product","3":"status-publish","4":"has-post-thumbnail","6":"product_cat-piezas-de-recambio","7":"product_cat-piezas-electronicas","9":"first","10":"instock","11":"taxable","12":"shipping-taxable","13":"purchasable","14":"product-type-variable"},"yoast_head":"<!-- This site is optimized with the Yoast SEO plugin v26.9 - https:\/\/yoast.com\/product\/yoast-seo-wordpress\/ -->\n<title>Manguito retr\u00e1ctil para conectores de bicicletas el\u00e9ctricas<\/title>\n<meta name=\"description\" content=\"Descubra nuestros diferentes tama\u00f1os de manguitos retr\u00e1ctiles para la conexi\u00f3n, conectores para bicicletas el\u00e9ctricas. Entrega r\u00e1pida y gu\u00eda sencilla.\" \/>\n<meta name=\"robots\" content=\"index, follow, max-snippet:-1, max-image-preview:large, max-video-preview:-1\" \/>\n<link rel=\"canonical\" href=\"https:\/\/www.lift-mtb.com\/es\/produit\/vaina-retractil\/\" \/>\n<meta property=\"og:locale\" content=\"es_ES\" \/>\n<meta property=\"og:type\" content=\"article\" \/>\n<meta property=\"og:title\" content=\"Manguito retr\u00e1ctil para conectores de bicicletas el\u00e9ctricas\" \/>\n<meta property=\"og:description\" content=\"Descubra nuestros diferentes tama\u00f1os de manguitos retr\u00e1ctiles para la conexi\u00f3n, conectores para bicicletas el\u00e9ctricas. Entrega r\u00e1pida y gu\u00eda sencilla.\" \/>\n<meta property=\"og:url\" content=\"https:\/\/www.lift-mtb.com\/es\/produit\/vaina-retractil\/\" \/>\n<meta property=\"og:site_name\" content=\"LIFT-MTB\" \/>\n<meta property=\"article:modified_time\" content=\"2025-06-18T23:36:45+00:00\" \/>\n<meta property=\"og:image\" content=\"https:\/\/www.lift-mtb.com\/wp-content\/uploads\/2022\/02\/gaine-retractable-pour-controleur.jpg\" \/>\n\t<meta property=\"og:image:width\" content=\"1144\" \/>\n\t<meta property=\"og:image:height\" content=\"1280\" \/>\n\t<meta property=\"og:image:type\" content=\"image\/jpeg\" \/>\n<meta name=\"twitter:card\" content=\"summary_large_image\" \/>\n<script type=\"application\/ld+json\" class=\"yoast-schema-graph\">{\"@context\":\"https:\/\/schema.org\",\"@graph\":[{\"@type\":\"WebPage\",\"@id\":\"https:\/\/www.lift-mtb.com\/es\/produit\/vaina-retractil\/\",\"url\":\"https:\/\/www.lift-mtb.com\/es\/produit\/vaina-retractil\/\",\"name\":\"Manguito retr\u00e1ctil para conectores de bicicletas el\u00e9ctricas\",\"isPartOf\":{\"@id\":\"https:\/\/www.lift-mtb.com\/es\/#website\"},\"primaryImageOfPage\":{\"@id\":\"https:\/\/www.lift-mtb.com\/es\/produit\/vaina-retractil\/#primaryimage\"},\"image\":{\"@id\":\"https:\/\/www.lift-mtb.com\/es\/produit\/vaina-retractil\/#primaryimage\"},\"thumbnailUrl\":\"https:\/\/www.lift-mtb.com\/wp-content\/uploads\/2022\/02\/gaine-retractable-pour-controleur.jpg\",\"datePublished\":\"2022-02-24T13:48:24+00:00\",\"dateModified\":\"2025-06-18T23:36:45+00:00\",\"description\":\"Descubra nuestros diferentes tama\u00f1os de manguitos retr\u00e1ctiles para la conexi\u00f3n, conectores para bicicletas el\u00e9ctricas. Entrega r\u00e1pida y gu\u00eda sencilla.\",\"breadcrumb\":{\"@id\":\"https:\/\/www.lift-mtb.com\/es\/produit\/vaina-retractil\/#breadcrumb\"},\"inLanguage\":\"es\",\"potentialAction\":[{\"@type\":\"ReadAction\",\"target\":[\"https:\/\/www.lift-mtb.com\/es\/produit\/vaina-retractil\/\"]}]},{\"@type\":\"ImageObject\",\"inLanguage\":\"es\",\"@id\":\"https:\/\/www.lift-mtb.com\/es\/produit\/vaina-retractil\/#primaryimage\",\"url\":\"https:\/\/www.lift-mtb.com\/wp-content\/uploads\/2022\/02\/gaine-retractable-pour-controleur.jpg\",\"contentUrl\":\"https:\/\/www.lift-mtb.com\/wp-content\/uploads\/2022\/02\/gaine-retractable-pour-controleur.jpg\",\"width\":1144,\"height\":1280,\"caption\":\"Manguito retr\u00e1ctil para el sistema de conexi\u00f3n LIFT-MTB\"},{\"@type\":\"BreadcrumbList\",\"@id\":\"https:\/\/www.lift-mtb.com\/es\/produit\/vaina-retractil\/#breadcrumb\",\"itemListElement\":[{\"@type\":\"ListItem\",\"position\":1,\"name\":\"Accueil\",\"item\":\"https:\/\/www.lift-mtb.com\/es\/\"},{\"@type\":\"ListItem\",\"position\":2,\"name\":\"Tienda\",\"item\":\"https:\/\/www.lift-mtb.com\/es\/tienda\/\"},{\"@type\":\"ListItem\",\"position\":3,\"name\":\"Piezas de recambio\",\"item\":\"https:\/\/www.lift-mtb.com\/es\/categoria-de-productos\/piezas-de-recambio\/\"},{\"@type\":\"ListItem\",\"position\":4,\"name\":\"Piezas electr\u00f3nicas\",\"item\":\"https:\/\/www.lift-mtb.com\/es\/categoria-de-productos\/piezas-de-recambio\/piezas-electronicas\/\"},{\"@type\":\"ListItem\",\"position\":5,\"name\":\"Funda retr\u00e1ctil\"}]},{\"@type\":\"WebSite\",\"@id\":\"https:\/\/www.lift-mtb.com\/es\/#website\",\"url\":\"https:\/\/www.lift-mtb.com\/es\/\",\"name\":\"LIFT-MTB\",\"description\":\"Transformer son v\u00e9lo en \u00e9lectrique rapidement !\",\"publisher\":{\"@id\":\"https:\/\/www.lift-mtb.com\/es\/#organization\"},\"potentialAction\":[{\"@type\":\"SearchAction\",\"target\":{\"@type\":\"EntryPoint\",\"urlTemplate\":\"https:\/\/www.lift-mtb.com\/es\/?s={search_term_string}\"},\"query-input\":{\"@type\":\"PropertyValueSpecification\",\"valueRequired\":true,\"valueName\":\"search_term_string\"}}],\"inLanguage\":\"es\"},{\"@type\":\"Organization\",\"@id\":\"https:\/\/www.lift-mtb.com\/es\/#organization\",\"name\":\"LIFT-MTB\",\"url\":\"https:\/\/www.lift-mtb.com\/es\/\",\"logo\":{\"@type\":\"ImageObject\",\"inLanguage\":\"es\",\"@id\":\"https:\/\/www.lift-mtb.com\/es\/#\/schema\/logo\/image\/\",\"url\":\"https:\/\/www.lift-mtb.com\/wp-content\/uploads\/2022\/01\/electric-kit-for-bike-1.jpg\",\"contentUrl\":\"https:\/\/www.lift-mtb.com\/wp-content\/uploads\/2022\/01\/electric-kit-for-bike-1.jpg\",\"width\":1223,\"height\":560,\"caption\":\"LIFT-MTB\"},\"image\":{\"@id\":\"https:\/\/www.lift-mtb.com\/es\/#\/schema\/logo\/image\/\"}}]}<\/script>\n<!-- \/ Yoast SEO plugin. -->","yoast_head_json":{"title":"Manguito retr\u00e1ctil para conectores de bicicletas el\u00e9ctricas","description":"Descubra nuestros diferentes tama\u00f1os de manguitos retr\u00e1ctiles para la conexi\u00f3n, conectores para bicicletas el\u00e9ctricas. Entrega r\u00e1pida y gu\u00eda sencilla.","robots":{"index":"index","follow":"follow","max-snippet":"max-snippet:-1","max-image-preview":"max-image-preview:large","max-video-preview":"max-video-preview:-1"},"canonical":"https:\/\/www.lift-mtb.com\/es\/produit\/vaina-retractil\/","og_locale":"es_ES","og_type":"article","og_title":"Manguito retr\u00e1ctil para conectores de bicicletas el\u00e9ctricas","og_description":"Descubra nuestros diferentes tama\u00f1os de manguitos retr\u00e1ctiles para la conexi\u00f3n, conectores para bicicletas el\u00e9ctricas. Entrega r\u00e1pida y gu\u00eda sencilla.","og_url":"https:\/\/www.lift-mtb.com\/es\/produit\/vaina-retractil\/","og_site_name":"LIFT-MTB","article_modified_time":"2025-06-18T23:36:45+00:00","og_image":[{"width":1144,"height":1280,"url":"https:\/\/www.lift-mtb.com\/wp-content\/uploads\/2022\/02\/gaine-retractable-pour-controleur.jpg","type":"image\/jpeg"}],"twitter_card":"summary_large_image","schema":{"@context":"https:\/\/schema.org","@graph":[{"@type":"WebPage","@id":"https:\/\/www.lift-mtb.com\/es\/produit\/vaina-retractil\/","url":"https:\/\/www.lift-mtb.com\/es\/produit\/vaina-retractil\/","name":"Manguito retr\u00e1ctil para conectores de bicicletas el\u00e9ctricas","isPartOf":{"@id":"https:\/\/www.lift-mtb.com\/es\/#website"},"primaryImageOfPage":{"@id":"https:\/\/www.lift-mtb.com\/es\/produit\/vaina-retractil\/#primaryimage"},"image":{"@id":"https:\/\/www.lift-mtb.com\/es\/produit\/vaina-retractil\/#primaryimage"},"thumbnailUrl":"https:\/\/www.lift-mtb.com\/wp-content\/uploads\/2022\/02\/gaine-retractable-pour-controleur.jpg","datePublished":"2022-02-24T13:48:24+00:00","dateModified":"2025-06-18T23:36:45+00:00","description":"Descubra nuestros diferentes tama\u00f1os de manguitos retr\u00e1ctiles para la conexi\u00f3n, conectores para bicicletas el\u00e9ctricas. Entrega r\u00e1pida y gu\u00eda sencilla.","breadcrumb":{"@id":"https:\/\/www.lift-mtb.com\/es\/produit\/vaina-retractil\/#breadcrumb"},"inLanguage":"es","potentialAction":[{"@type":"ReadAction","target":["https:\/\/www.lift-mtb.com\/es\/produit\/vaina-retractil\/"]}]},{"@type":"ImageObject","inLanguage":"es","@id":"https:\/\/www.lift-mtb.com\/es\/produit\/vaina-retractil\/#primaryimage","url":"https:\/\/www.lift-mtb.com\/wp-content\/uploads\/2022\/02\/gaine-retractable-pour-controleur.jpg","contentUrl":"https:\/\/www.lift-mtb.com\/wp-content\/uploads\/2022\/02\/gaine-retractable-pour-controleur.jpg","width":1144,"height":1280,"caption":"Manguito retr\u00e1ctil para el sistema de conexi\u00f3n LIFT-MTB"},{"@type":"BreadcrumbList","@id":"https:\/\/www.lift-mtb.com\/es\/produit\/vaina-retractil\/#breadcrumb","itemListElement":[{"@type":"ListItem","position":1,"name":"Accueil","item":"https:\/\/www.lift-mtb.com\/es\/"},{"@type":"ListItem","position":2,"name":"Tienda","item":"https:\/\/www.lift-mtb.com\/es\/tienda\/"},{"@type":"ListItem","position":3,"name":"Piezas de recambio","item":"https:\/\/www.lift-mtb.com\/es\/categoria-de-productos\/piezas-de-recambio\/"},{"@type":"ListItem","position":4,"name":"Piezas electr\u00f3nicas","item":"https:\/\/www.lift-mtb.com\/es\/categoria-de-productos\/piezas-de-recambio\/piezas-electronicas\/"},{"@type":"ListItem","position":5,"name":"Funda retr\u00e1ctil"}]},{"@type":"WebSite","@id":"https:\/\/www.lift-mtb.com\/es\/#website","url":"https:\/\/www.lift-mtb.com\/es\/","name":"LIFT-MTB","description":"Transformer son v\u00e9lo en \u00e9lectrique rapidement !","publisher":{"@id":"https:\/\/www.lift-mtb.com\/es\/#organization"},"potentialAction":[{"@type":"SearchAction","target":{"@type":"EntryPoint","urlTemplate":"https:\/\/www.lift-mtb.com\/es\/?s={search_term_string}"},"query-input":{"@type":"PropertyValueSpecification","valueRequired":true,"valueName":"search_term_string"}}],"inLanguage":"es"},{"@type":"Organization","@id":"https:\/\/www.lift-mtb.com\/es\/#organization","name":"LIFT-MTB","url":"https:\/\/www.lift-mtb.com\/es\/","logo":{"@type":"ImageObject","inLanguage":"es","@id":"https:\/\/www.lift-mtb.com\/es\/#\/schema\/logo\/image\/","url":"https:\/\/www.lift-mtb.com\/wp-content\/uploads\/2022\/01\/electric-kit-for-bike-1.jpg","contentUrl":"https:\/\/www.lift-mtb.com\/wp-content\/uploads\/2022\/01\/electric-kit-for-bike-1.jpg","width":1223,"height":560,"caption":"LIFT-MTB"},"image":{"@id":"https:\/\/www.lift-mtb.com\/es\/#\/schema\/logo\/image\/"}}]}},"_links":{"self":[{"href":"https:\/\/www.lift-mtb.com\/es\/wp-json\/wp\/v2\/product\/39321","targetHints":{"allow":["GET"]}}],"collection":[{"href":"https:\/\/www.lift-mtb.com\/es\/wp-json\/wp\/v2\/product"}],"about":[{"href":"https:\/\/www.lift-mtb.com\/es\/wp-json\/wp\/v2\/types\/product"}],"replies":[{"embeddable":true,"href":"https:\/\/www.lift-mtb.com\/es\/wp-json\/wp\/v2\/comments?post=39321"}],"wp:featuredmedia":[{"embeddable":true,"href":"https:\/\/www.lift-mtb.com\/es\/wp-json\/wp\/v2\/media\/8361"}],"wp:attachment":[{"href":"https:\/\/www.lift-mtb.com\/es\/wp-json\/wp\/v2\/media?parent=39321"}],"wp:term":[{"taxonomy":"product_brand","embeddable":true,"href":"https:\/\/www.lift-mtb.com\/es\/wp-json\/wp\/v2\/product_brand?post=39321"},{"taxonomy":"product_cat","embeddable":true,"href":"https:\/\/www.lift-mtb.com\/es\/wp-json\/wp\/v2\/product_cat?post=39321"},{"taxonomy":"product_tag","embeddable":true,"href":"https:\/\/www.lift-mtb.com\/es\/wp-json\/wp\/v2\/product_tag?post=39321"}],"curies":[{"name":"wp","href":"https:\/\/api.w.org\/{rel}","templated":true}]}}