{"id":39340,"date":"2022-08-25T12:21:23","date_gmt":"2022-08-25T10:21:23","guid":{"rendered":"https:\/produit\/cadena-secundaria-reforzada-para-bicicletas-electricas\/"},"modified":"2023-08-17T20:35:43","modified_gmt":"2023-08-17T18:35:43","slug":"cadena-resistencia-para-bici-electrica","status":"publish","type":"product","link":"https:\/\/www.lift-mtb.com\/es\/produit\/cadena-resistencia-para-bici-electrica\/","title":{"rendered":"Cadena secundaria reforzada para bicicleta el\u00e9ctrica"},"content":{"rendered":"<p>Cadena secundaria reforzada para<a href=\"https:\/\/www.youtube.com\/@LIFTMTBTV\" target=\"_blank\" rel=\"nofollow noopener\"> Mountain bikes (MTB)<\/a> y bicicletas de carretera, es la cadena que va de los platos a los pi\u00f1ones de la K7 trasera, disponible en 8,9,10,11,12 velocidades.<\/p>\n<p>\u00bfc\u00f3mo elegir una cadena secundaria reforzada para la transmisi\u00f3n de su bicicleta el\u00e9ctrica?<\/p>\n<p>O, \u00bfc\u00f3mo sabes cu\u00e1ntas marchas hay en tu bicicleta el\u00e9ctrica, o en tu bicicleta con motor el\u00e9ctrico desmontable? Es f\u00e1cil contar los pi\u00f1ones de la rueda trasera.<\/p>\n<p>As\u00ed estar\u00e1 seguro de la compatibilidad de la cadena reforzada para bicicletas el\u00e9ctricas.<\/p>\n<p>M\u00e1s duradera que una cadena de bicicleta convencional, ideal para su uso con un <a href=\"https:\/transmission-moteur-de-vtt-electrique\/\" target=\"_blank\" rel=\"nofollow noopener\"> motor de pedales<\/a> al pasar de una bicicleta a una bicicleta el\u00e9ctrica, o para sustituir la cadena de su bicicleta el\u00e9ctrica.<\/p>\n<p>\u00bfCu\u00e1l es la mejor cadena para bicicletas el\u00e9ctricas? \u00bfTiene alg\u00fan sentido poner una cadena reforzada en una bicicleta el\u00e9ctrica?<\/p>\n<div>Respondemos que generalmente en el marco de un cambio de cadena de un<b> kit el\u00e9ctrico para bicicleta<\/b> o cambio de cadena de una bicicleta el\u00e9ctrica, para apoyar el uso de una cadena reforzada especial bicicleta el\u00e9ctrica.<\/div>\n<h4 dir=\"ltr\" data-setdir=\"false\">\u00bfCu\u00e1nto dura una cadena en una bicicleta el\u00e9ctrica? \u00bfCu\u00e1ndo cambiar la cadena de una bicicleta el\u00e9ctrica?<\/h4>\n<div dir=\"ltr\" data-setdir=\"false\">Por supuesto, esto es variable tanto si se trata de una <b>bicicleta cl\u00e1sica convertida en el\u00e9ctrica<\/b> como de cualquier otra. Depende del uso y de las condiciones (barro, arena&#8230;) pero como norma general, est\u00e1 entre 3000 y 5000 km.<\/div>\n<p>Si cambias el casete (pi\u00f1ones traseros de tu bicicleta) por <a href=\"https:\/transmission-moteur-de-vtt-electrique\/\">un modelo con pi\u00f1ones m\u00e1s grandes<\/a>, pero con el mismo n\u00famero de marchas para obtener m\u00e1s par del motor de tu bicicleta el\u00e9ctrica. Ser\u00e1 importante cambiar la cadena secundaria.<\/p>\n<p>En primer lugar porque la transmisi\u00f3n requerir\u00e1 una cadena de bicicleta el\u00e9ctrica reforzada m\u00e1s larga, pero tambi\u00e9n para que su antigua cadena no da\u00f1e el plato del kit motor bicicleta o de la k7.<\/p>\n<p>Viene con un eslab\u00f3n r\u00e1pido con una tecnolog\u00eda similar a la <strong>cadena de bicicleta el\u00e9ctrica SRAM<\/strong> &#8220;eslab\u00f3n r\u00e1pido&#8221; que es mucho m\u00e1s pr\u00e1ctico que el sistema <strong>reforzado de cadena de bicicleta el\u00e9ctrica SHIMANO<\/strong> y utiliza un sistema de pasador de bloqueo engarzado y dif\u00edcil de quitar.<\/p>\n<p>El cierre r\u00e1pido espec\u00edfico para bicicletas el\u00e9ctricas es importante para que no sea el eslab\u00f3n m\u00e1s d\u00e9bil.<\/p>\n<p>Dise\u00f1ada para la potencia de una bicicleta el\u00e9ctrica y para poder ponerse y quitarse r\u00e1pidamente, pero tambi\u00e9n para que todos los eslabones de la cadena sean tan s\u00f3lidos como los dem\u00e1s, y para hacer largos recorridos en <a href=\"https:\/\/www.youtube.com\/watch?v=HNpLi9q6chE&amp;t=3s\"><br \/>\n  <strong>bicicleta el\u00e9ctrica motorizada<\/strong><br \/>\n<\/a> \u00a1en toda serenidad!<\/p>\n","protected":false},"excerpt":{"rendered":"<p><strong>Descripci\u00f3n:<\/strong><\/p>\n<ul>\n<li><span class=\"f7rl1if4 adechonz f6oz4yja dahkl6ri axrg9lpx rufpak1n qtovjlwq qbmienfq rfyhaz4c rdmi1yqr ohrdq8us nswx41af fawcizw8 l1aqi3e3 sdu1flz4\">Cadena de bicicleta el\u00e9ctrica de alta resistencia.  <\/span><\/li>\n<li><span class=\"f7rl1if4 adechonz f6oz4yja dahkl6ri axrg9lpx rufpak1n qtovjlwq qbmienfq rfyhaz4c rdmi1yqr ohrdq8us nswx41af fawcizw8 l1aqi3e3 sdu1flz4\">El dise\u00f1o especial de los eslabones exteriores garantiza un cambio de marchas r\u00e1pido, preciso, silencioso y suave.  <\/span><\/li>\n<li><span class=\"f7rl1if4 adechonz f6oz4yja dahkl6ri axrg9lpx rufpak1n qtovjlwq qbmienfq rfyhaz4c rdmi1yqr ohrdq8us nswx41af fawcizw8 l1aqi3e3 sdu1flz4\">F\u00e1cil de montar con el clip &#8220;Quick Lick&#8221; suministrado.<\/span><\/li>\n<li><span class=\"f7rl1if4 adechonz f6oz4yja dahkl6ri axrg9lpx rufpak1n qtovjlwq qbmienfq rfyhaz4c rdmi1yqr ohrdq8us nswx41af fawcizw8 l1aqi3e3 sdu1flz4\">  Cadena reforzada 9\/10\/11\/12 velocidades.<\/span><\/li>\n<li>ideal para kits de motores el\u00e9ctricos de pedales o bicicletas el\u00e9ctricas<\/li>\n<\/ul>\n","protected":false},"featured_media":35567,"comment_status":"open","ping_status":"closed","template":"","meta":[],"product_brand":[],"product_cat":[846],"product_tag":[],"class_list":{"0":"post-39340","1":"product","2":"type-product","3":"status-publish","4":"has-post-thumbnail","6":"product_cat-piezas-del-pedal","8":"first","9":"instock","10":"taxable","11":"shipping-taxable","12":"purchasable","13":"product-type-variable"},"yoast_head":"<!-- This site is optimized with the Yoast SEO plugin v26.9 - https:\/\/yoast.com\/product\/yoast-seo-wordpress\/ -->\n<title>cadena reforzada - LIFT-MTB<\/title>\n<meta name=\"description\" content=\"Cadena reforzada para bicicletas el\u00e9ctricas, permite un cambio preciso y eficaz, disponible para 9 \/ 10 \/11 \/12 marchas, cadena para Bafang, LIFT MTB\" \/>\n<meta name=\"robots\" content=\"index, follow, max-snippet:-1, max-image-preview:large, max-video-preview:-1\" \/>\n<link rel=\"canonical\" href=\"https:\/\/www.lift-mtb.com\/es\/produit\/cadena-resistencia-para-bici-electrica\/\" \/>\n<meta property=\"og:locale\" content=\"es_ES\" \/>\n<meta property=\"og:type\" content=\"article\" \/>\n<meta property=\"og:title\" content=\"cadena reforzada - LIFT-MTB\" \/>\n<meta property=\"og:description\" content=\"Cadena reforzada para bicicletas el\u00e9ctricas, permite un cambio preciso y eficaz, disponible para 9 \/ 10 \/11 \/12 marchas, cadena para Bafang, LIFT MTB\" \/>\n<meta property=\"og:url\" content=\"https:\/\/www.lift-mtb.com\/es\/produit\/cadena-resistencia-para-bici-electrica\/\" \/>\n<meta property=\"og:site_name\" content=\"LIFT-MTB\" \/>\n<meta property=\"article:modified_time\" content=\"2023-08-17T18:35:43+00:00\" \/>\n<meta property=\"og:image\" content=\"https:\/\/www.lift-mtb.com\/wp-content\/uploads\/2022\/08\/capture-decran-2022-08-25-a-12-24-45.png\" \/>\n\t<meta property=\"og:image:width\" content=\"1408\" \/>\n\t<meta property=\"og:image:height\" content=\"1224\" \/>\n\t<meta property=\"og:image:type\" content=\"image\/png\" \/>\n<meta name=\"twitter:card\" content=\"summary_large_image\" \/>\n<meta name=\"twitter:label1\" content=\"Tiempo de lectura\" \/>\n\t<meta name=\"twitter:data1\" content=\"2 minutos\" \/>\n<script type=\"application\/ld+json\" class=\"yoast-schema-graph\">{\"@context\":\"https:\/\/schema.org\",\"@graph\":[{\"@type\":\"WebPage\",\"@id\":\"https:\/\/www.lift-mtb.com\/es\/produit\/cadena-resistencia-para-bici-electrica\/\",\"url\":\"https:\/\/www.lift-mtb.com\/es\/produit\/cadena-resistencia-para-bici-electrica\/\",\"name\":\"cadena reforzada - LIFT-MTB\",\"isPartOf\":{\"@id\":\"https:\/\/www.lift-mtb.com\/es\/#website\"},\"primaryImageOfPage\":{\"@id\":\"https:\/\/www.lift-mtb.com\/es\/produit\/cadena-resistencia-para-bici-electrica\/#primaryimage\"},\"image\":{\"@id\":\"https:\/\/www.lift-mtb.com\/es\/produit\/cadena-resistencia-para-bici-electrica\/#primaryimage\"},\"thumbnailUrl\":\"https:\/\/www.lift-mtb.com\/wp-content\/uploads\/2022\/08\/capture-decran-2022-08-25-a-12-24-45.png\",\"datePublished\":\"2022-08-25T10:21:23+00:00\",\"dateModified\":\"2023-08-17T18:35:43+00:00\",\"description\":\"Cadena reforzada para bicicletas el\u00e9ctricas, permite un cambio preciso y eficaz, disponible para 9 \/ 10 \/11 \/12 marchas, cadena para Bafang, LIFT MTB\",\"breadcrumb\":{\"@id\":\"https:\/\/www.lift-mtb.com\/es\/produit\/cadena-resistencia-para-bici-electrica\/#breadcrumb\"},\"inLanguage\":\"es\",\"potentialAction\":[{\"@type\":\"ReadAction\",\"target\":[\"https:\/\/www.lift-mtb.com\/es\/produit\/cadena-resistencia-para-bici-electrica\/\"]}]},{\"@type\":\"ImageObject\",\"inLanguage\":\"es\",\"@id\":\"https:\/\/www.lift-mtb.com\/es\/produit\/cadena-resistencia-para-bici-electrica\/#primaryimage\",\"url\":\"https:\/\/www.lift-mtb.com\/wp-content\/uploads\/2022\/08\/capture-decran-2022-08-25-a-12-24-45.png\",\"contentUrl\":\"https:\/\/www.lift-mtb.com\/wp-content\/uploads\/2022\/08\/capture-decran-2022-08-25-a-12-24-45.png\",\"width\":1408,\"height\":1224,\"caption\":\"chaine secondaire lift\"},{\"@type\":\"BreadcrumbList\",\"@id\":\"https:\/\/www.lift-mtb.com\/es\/produit\/cadena-resistencia-para-bici-electrica\/#breadcrumb\",\"itemListElement\":[{\"@type\":\"ListItem\",\"position\":1,\"name\":\"Accueil\",\"item\":\"https:\/\/www.lift-mtb.com\/es\/\"},{\"@type\":\"ListItem\",\"position\":2,\"name\":\"Tienda\",\"item\":\"https:\/\/www.lift-mtb.com\/es\/tienda\/\"},{\"@type\":\"ListItem\",\"position\":3,\"name\":\"Piezas de recambio\",\"item\":\"https:\/\/www.lift-mtb.com\/es\/categoria-de-productos\/piezas-de-recambio\/\"},{\"@type\":\"ListItem\",\"position\":4,\"name\":\"Piezas del pedal\",\"item\":\"https:\/\/www.lift-mtb.com\/es\/categoria-de-productos\/piezas-de-recambio\/piezas-del-pedal\/\"},{\"@type\":\"ListItem\",\"position\":5,\"name\":\"Cadena secundaria reforzada para bicicleta el\u00e9ctrica\"}]},{\"@type\":\"WebSite\",\"@id\":\"https:\/\/www.lift-mtb.com\/es\/#website\",\"url\":\"https:\/\/www.lift-mtb.com\/es\/\",\"name\":\"LIFT-MTB\",\"description\":\"Transformer son v\u00e9lo en \u00e9lectrique rapidement !\",\"publisher\":{\"@id\":\"https:\/\/www.lift-mtb.com\/es\/#organization\"},\"potentialAction\":[{\"@type\":\"SearchAction\",\"target\":{\"@type\":\"EntryPoint\",\"urlTemplate\":\"https:\/\/www.lift-mtb.com\/es\/?s={search_term_string}\"},\"query-input\":{\"@type\":\"PropertyValueSpecification\",\"valueRequired\":true,\"valueName\":\"search_term_string\"}}],\"inLanguage\":\"es\"},{\"@type\":\"Organization\",\"@id\":\"https:\/\/www.lift-mtb.com\/es\/#organization\",\"name\":\"LIFT-MTB\",\"url\":\"https:\/\/www.lift-mtb.com\/es\/\",\"logo\":{\"@type\":\"ImageObject\",\"inLanguage\":\"es\",\"@id\":\"https:\/\/www.lift-mtb.com\/es\/#\/schema\/logo\/image\/\",\"url\":\"https:\/\/www.lift-mtb.com\/wp-content\/uploads\/2022\/01\/electric-kit-for-bike-1.jpg\",\"contentUrl\":\"https:\/\/www.lift-mtb.com\/wp-content\/uploads\/2022\/01\/electric-kit-for-bike-1.jpg\",\"width\":1223,\"height\":560,\"caption\":\"LIFT-MTB\"},\"image\":{\"@id\":\"https:\/\/www.lift-mtb.com\/es\/#\/schema\/logo\/image\/\"}}]}<\/script>\n<!-- \/ Yoast SEO plugin. -->","yoast_head_json":{"title":"cadena reforzada - LIFT-MTB","description":"Cadena reforzada para bicicletas el\u00e9ctricas, permite un cambio preciso y eficaz, disponible para 9 \/ 10 \/11 \/12 marchas, cadena para Bafang, LIFT MTB","robots":{"index":"index","follow":"follow","max-snippet":"max-snippet:-1","max-image-preview":"max-image-preview:large","max-video-preview":"max-video-preview:-1"},"canonical":"https:\/\/www.lift-mtb.com\/es\/produit\/cadena-resistencia-para-bici-electrica\/","og_locale":"es_ES","og_type":"article","og_title":"cadena reforzada - LIFT-MTB","og_description":"Cadena reforzada para bicicletas el\u00e9ctricas, permite un cambio preciso y eficaz, disponible para 9 \/ 10 \/11 \/12 marchas, cadena para Bafang, LIFT MTB","og_url":"https:\/\/www.lift-mtb.com\/es\/produit\/cadena-resistencia-para-bici-electrica\/","og_site_name":"LIFT-MTB","article_modified_time":"2023-08-17T18:35:43+00:00","og_image":[{"width":1408,"height":1224,"url":"https:\/\/www.lift-mtb.com\/wp-content\/uploads\/2022\/08\/capture-decran-2022-08-25-a-12-24-45.png","type":"image\/png"}],"twitter_card":"summary_large_image","twitter_misc":{"Tiempo de lectura":"2 minutos"},"schema":{"@context":"https:\/\/schema.org","@graph":[{"@type":"WebPage","@id":"https:\/\/www.lift-mtb.com\/es\/produit\/cadena-resistencia-para-bici-electrica\/","url":"https:\/\/www.lift-mtb.com\/es\/produit\/cadena-resistencia-para-bici-electrica\/","name":"cadena reforzada - LIFT-MTB","isPartOf":{"@id":"https:\/\/www.lift-mtb.com\/es\/#website"},"primaryImageOfPage":{"@id":"https:\/\/www.lift-mtb.com\/es\/produit\/cadena-resistencia-para-bici-electrica\/#primaryimage"},"image":{"@id":"https:\/\/www.lift-mtb.com\/es\/produit\/cadena-resistencia-para-bici-electrica\/#primaryimage"},"thumbnailUrl":"https:\/\/www.lift-mtb.com\/wp-content\/uploads\/2022\/08\/capture-decran-2022-08-25-a-12-24-45.png","datePublished":"2022-08-25T10:21:23+00:00","dateModified":"2023-08-17T18:35:43+00:00","description":"Cadena reforzada para bicicletas el\u00e9ctricas, permite un cambio preciso y eficaz, disponible para 9 \/ 10 \/11 \/12 marchas, cadena para Bafang, LIFT MTB","breadcrumb":{"@id":"https:\/\/www.lift-mtb.com\/es\/produit\/cadena-resistencia-para-bici-electrica\/#breadcrumb"},"inLanguage":"es","potentialAction":[{"@type":"ReadAction","target":["https:\/\/www.lift-mtb.com\/es\/produit\/cadena-resistencia-para-bici-electrica\/"]}]},{"@type":"ImageObject","inLanguage":"es","@id":"https:\/\/www.lift-mtb.com\/es\/produit\/cadena-resistencia-para-bici-electrica\/#primaryimage","url":"https:\/\/www.lift-mtb.com\/wp-content\/uploads\/2022\/08\/capture-decran-2022-08-25-a-12-24-45.png","contentUrl":"https:\/\/www.lift-mtb.com\/wp-content\/uploads\/2022\/08\/capture-decran-2022-08-25-a-12-24-45.png","width":1408,"height":1224,"caption":"chaine secondaire lift"},{"@type":"BreadcrumbList","@id":"https:\/\/www.lift-mtb.com\/es\/produit\/cadena-resistencia-para-bici-electrica\/#breadcrumb","itemListElement":[{"@type":"ListItem","position":1,"name":"Accueil","item":"https:\/\/www.lift-mtb.com\/es\/"},{"@type":"ListItem","position":2,"name":"Tienda","item":"https:\/\/www.lift-mtb.com\/es\/tienda\/"},{"@type":"ListItem","position":3,"name":"Piezas de recambio","item":"https:\/\/www.lift-mtb.com\/es\/categoria-de-productos\/piezas-de-recambio\/"},{"@type":"ListItem","position":4,"name":"Piezas del pedal","item":"https:\/\/www.lift-mtb.com\/es\/categoria-de-productos\/piezas-de-recambio\/piezas-del-pedal\/"},{"@type":"ListItem","position":5,"name":"Cadena secundaria reforzada para bicicleta el\u00e9ctrica"}]},{"@type":"WebSite","@id":"https:\/\/www.lift-mtb.com\/es\/#website","url":"https:\/\/www.lift-mtb.com\/es\/","name":"LIFT-MTB","description":"Transformer son v\u00e9lo en \u00e9lectrique rapidement !","publisher":{"@id":"https:\/\/www.lift-mtb.com\/es\/#organization"},"potentialAction":[{"@type":"SearchAction","target":{"@type":"EntryPoint","urlTemplate":"https:\/\/www.lift-mtb.com\/es\/?s={search_term_string}"},"query-input":{"@type":"PropertyValueSpecification","valueRequired":true,"valueName":"search_term_string"}}],"inLanguage":"es"},{"@type":"Organization","@id":"https:\/\/www.lift-mtb.com\/es\/#organization","name":"LIFT-MTB","url":"https:\/\/www.lift-mtb.com\/es\/","logo":{"@type":"ImageObject","inLanguage":"es","@id":"https:\/\/www.lift-mtb.com\/es\/#\/schema\/logo\/image\/","url":"https:\/\/www.lift-mtb.com\/wp-content\/uploads\/2022\/01\/electric-kit-for-bike-1.jpg","contentUrl":"https:\/\/www.lift-mtb.com\/wp-content\/uploads\/2022\/01\/electric-kit-for-bike-1.jpg","width":1223,"height":560,"caption":"LIFT-MTB"},"image":{"@id":"https:\/\/www.lift-mtb.com\/es\/#\/schema\/logo\/image\/"}}]}},"_links":{"self":[{"href":"https:\/\/www.lift-mtb.com\/es\/wp-json\/wp\/v2\/product\/39340","targetHints":{"allow":["GET"]}}],"collection":[{"href":"https:\/\/www.lift-mtb.com\/es\/wp-json\/wp\/v2\/product"}],"about":[{"href":"https:\/\/www.lift-mtb.com\/es\/wp-json\/wp\/v2\/types\/product"}],"replies":[{"embeddable":true,"href":"https:\/\/www.lift-mtb.com\/es\/wp-json\/wp\/v2\/comments?post=39340"}],"wp:featuredmedia":[{"embeddable":true,"href":"https:\/\/www.lift-mtb.com\/es\/wp-json\/wp\/v2\/media\/35567"}],"wp:attachment":[{"href":"https:\/\/www.lift-mtb.com\/es\/wp-json\/wp\/v2\/media?parent=39340"}],"wp:term":[{"taxonomy":"product_brand","embeddable":true,"href":"https:\/\/www.lift-mtb.com\/es\/wp-json\/wp\/v2\/product_brand?post=39340"},{"taxonomy":"product_cat","embeddable":true,"href":"https:\/\/www.lift-mtb.com\/es\/wp-json\/wp\/v2\/product_cat?post=39340"},{"taxonomy":"product_tag","embeddable":true,"href":"https:\/\/www.lift-mtb.com\/es\/wp-json\/wp\/v2\/product_tag?post=39340"}],"curies":[{"name":"wp","href":"https:\/\/api.w.org\/{rel}","templated":true}]}}