{"id":39372,"date":"2022-02-24T14:38:25","date_gmt":"2022-02-24T13:38:25","guid":{"rendered":"https:\/produit\/bolsa-ignifuga-para-baterias\/"},"modified":"2024-06-06T00:37:55","modified_gmt":"2024-06-05T22:37:55","slug":"bolsa-a-prueba-de-baterias","status":"publish","type":"product","link":"https:\/\/www.lift-mtb.com\/es\/produit\/bolsa-a-prueba-de-baterias\/","title":{"rendered":"Bolsa ign\u00edfuga para bater\u00edas"},"content":{"rendered":"<p><strong>Bolsa ign\u00edfuga para bater\u00edas<\/strong><\/p>\n<p>Por supuesto. \u00bfNecesita una bolsa de bater\u00eda ign\u00edfuga para exteriores, resistente y elegante, para su bicicleta el\u00e9ctrica? Si es as\u00ed, esta bolsa para pilas negra a prueba de ara\u00f1azos es justo lo que necesita.<\/p>\n<div dir=\"ltr\"><\/div>\n<div>Fabricado con un tejido ign\u00edfugo negro de alta densidad y una construcci\u00f3n multicapa. Esta bolsa para bater\u00eda est\u00e1 dise\u00f1ada para proporcionar una protecci\u00f3n \u00f3ptima a la valiosa bater\u00eda de su bicicleta el\u00e9ctrica. Viene con un sistema de cierre de velcro resistente y f\u00e1cil de usar para evitar resbalones o ca\u00eddas inesperadas.<\/div>\n<div><\/div>\n<div>Y lo mejor de todo es que la bolsa para pilas est\u00e1 dise\u00f1ada con doble costura para ofrecer la m\u00e1xima seguridad y protecci\u00f3n a largo plazo. Es la \u00fanica bolsa que ofrece a la vez protecci\u00f3n y comodidad. Esta es una buena opci\u00f3n si tienes que conducir tu bicicleta el\u00e9ctrica durante mucho tiempo con la<a href=\"https:\/\/www.youtube.com\/watch?v=4lZmxDP_WwU\"> bater\u00eda<\/a>.<\/div>\n<div>\n<div><\/div>\n<div><\/div>\n<div>Fabricado con materiales muy robustos para una fiabilidad constante y una larga vida \u00fatil. Esta bolsa de velcro negra ign\u00edfuga es el accesorio ideal para tus viajes en bicicleta el\u00e9ctrica. Su robusta construcci\u00f3n y su dise\u00f1o ergon\u00f3mico permiten un transporte sutil y seguro. Utilice esta bolsa para transportar <a href=\"https:\/entretien-du-moteur\/\">de forma segura<\/a> su valiosa bater\u00eda de bicicleta el\u00e9ctrica.<\/div>\n<div id=\"yiv1624593109ms-outlook-mobile-signature\"><\/div>\n<\/div>\n<div dir=\"ltr\"><\/div>\n<p>\u00bfBuscas una bolsa de bater\u00eda de velcro negra resistente y elegante para tu bicicleta el\u00e9ctrica? Entonces esta bolsa de velcro negra para bater\u00eda es para ti. Est\u00e1 dise\u00f1ado para ofrecer la m\u00e1xima protecci\u00f3n y comodidad durante mucho tiempo. Es la elecci\u00f3n perfecta para los entusiastas de las bicicletas el\u00e9ctricas que aprecian una protecci\u00f3n y comodidad \u00f3ptimas.<\/p>\n","protected":false},"excerpt":{"rendered":"<p><strong>Descripci\u00f3n:<\/strong><\/p>\n<ul>\n<li>Disponible en diferentes tama\u00f1os seg\u00fan el formato de su bater\u00eda (plana o cuadrada).<\/li>\n<li>Bolsa ign\u00edfuga tambi\u00e9n impermeable.<\/li>\n<\/ul>\n","protected":false},"featured_media":8403,"comment_status":"open","ping_status":"closed","template":"","meta":[],"product_brand":[],"product_cat":[838,850],"product_tag":[],"class_list":{"0":"post-39372","1":"product","2":"type-product","3":"status-publish","4":"has-post-thumbnail","6":"product_cat-piezas-de-recambio","7":"product_cat-piezas-electronicas","9":"first","10":"instock","11":"taxable","12":"shipping-taxable","13":"purchasable","14":"product-type-variable"},"yoast_head":"<!-- This site is optimized with the Yoast SEO plugin v26.9 - https:\/\/yoast.com\/product\/yoast-seo-wordpress\/ -->\n<title>Bolsa ign\u00edfuga para pilas - Bolsa ign\u00edfuga .<\/title>\n<meta name=\"description\" content=\"Bolsa ign\u00edfuga para bater\u00edas - Disponible en diferentes tama\u00f1os seg\u00fan el tama\u00f1o de su bater\u00eda. Bolsa ign\u00edfuga tambi\u00e9n impermeable.\" \/>\n<meta name=\"robots\" content=\"index, follow, max-snippet:-1, max-image-preview:large, max-video-preview:-1\" \/>\n<link rel=\"canonical\" href=\"https:\/\/www.lift-mtb.com\/es\/produit\/bolsa-a-prueba-de-baterias\/\" \/>\n<meta property=\"og:locale\" content=\"es_ES\" \/>\n<meta property=\"og:type\" content=\"article\" \/>\n<meta property=\"og:title\" content=\"Bolsa ign\u00edfuga para pilas - Bolsa ign\u00edfuga .\" \/>\n<meta property=\"og:description\" content=\"Bolsa ign\u00edfuga para bater\u00edas - Disponible en diferentes tama\u00f1os seg\u00fan el tama\u00f1o de su bater\u00eda. Bolsa ign\u00edfuga tambi\u00e9n impermeable.\" \/>\n<meta property=\"og:url\" content=\"https:\/\/www.lift-mtb.com\/es\/produit\/bolsa-a-prueba-de-baterias\/\" \/>\n<meta property=\"og:site_name\" content=\"LIFT-MTB\" \/>\n<meta property=\"article:modified_time\" content=\"2024-06-05T22:37:55+00:00\" \/>\n<meta property=\"og:image\" content=\"https:\/\/www.lift-mtb.com\/wp-content\/uploads\/2022\/02\/batterie-vttae-lift-mtb-17-4ah-sac-ignifuge-vtt-electrique-1.jpg\" \/>\n\t<meta property=\"og:image:width\" content=\"4928\" \/>\n\t<meta property=\"og:image:height\" content=\"3264\" \/>\n\t<meta property=\"og:image:type\" content=\"image\/jpeg\" \/>\n<meta name=\"twitter:card\" content=\"summary_large_image\" \/>\n<meta name=\"twitter:label1\" content=\"Tiempo de lectura\" \/>\n\t<meta name=\"twitter:data1\" content=\"1 minuto\" \/>\n<script type=\"application\/ld+json\" class=\"yoast-schema-graph\">{\"@context\":\"https:\/\/schema.org\",\"@graph\":[{\"@type\":\"WebPage\",\"@id\":\"https:\/\/www.lift-mtb.com\/es\/produit\/bolsa-a-prueba-de-baterias\/\",\"url\":\"https:\/\/www.lift-mtb.com\/es\/produit\/bolsa-a-prueba-de-baterias\/\",\"name\":\"Bolsa ign\u00edfuga para pilas - Bolsa ign\u00edfuga .\",\"isPartOf\":{\"@id\":\"https:\/\/www.lift-mtb.com\/es\/#website\"},\"primaryImageOfPage\":{\"@id\":\"https:\/\/www.lift-mtb.com\/es\/produit\/bolsa-a-prueba-de-baterias\/#primaryimage\"},\"image\":{\"@id\":\"https:\/\/www.lift-mtb.com\/es\/produit\/bolsa-a-prueba-de-baterias\/#primaryimage\"},\"thumbnailUrl\":\"https:\/\/www.lift-mtb.com\/wp-content\/uploads\/2022\/02\/batterie-vttae-lift-mtb-17-4ah-sac-ignifuge-vtt-electrique-1.jpg\",\"datePublished\":\"2022-02-24T13:38:25+00:00\",\"dateModified\":\"2024-06-05T22:37:55+00:00\",\"description\":\"Bolsa ign\u00edfuga para bater\u00edas - Disponible en diferentes tama\u00f1os seg\u00fan el tama\u00f1o de su bater\u00eda. Bolsa ign\u00edfuga tambi\u00e9n impermeable.\",\"breadcrumb\":{\"@id\":\"https:\/\/www.lift-mtb.com\/es\/produit\/bolsa-a-prueba-de-baterias\/#breadcrumb\"},\"inLanguage\":\"es\",\"potentialAction\":[{\"@type\":\"ReadAction\",\"target\":[\"https:\/\/www.lift-mtb.com\/es\/produit\/bolsa-a-prueba-de-baterias\/\"]}]},{\"@type\":\"ImageObject\",\"inLanguage\":\"es\",\"@id\":\"https:\/\/www.lift-mtb.com\/es\/produit\/bolsa-a-prueba-de-baterias\/#primaryimage\",\"url\":\"https:\/\/www.lift-mtb.com\/wp-content\/uploads\/2022\/02\/batterie-vttae-lift-mtb-17-4ah-sac-ignifuge-vtt-electrique-1.jpg\",\"contentUrl\":\"https:\/\/www.lift-mtb.com\/wp-content\/uploads\/2022\/02\/batterie-vttae-lift-mtb-17-4ah-sac-ignifuge-vtt-electrique-1.jpg\",\"width\":4928,\"height\":3264,\"caption\":\"Bolsa ign\u00edfuga para bater\u00eda de bicicleta el\u00e9ctrica\"},{\"@type\":\"BreadcrumbList\",\"@id\":\"https:\/\/www.lift-mtb.com\/es\/produit\/bolsa-a-prueba-de-baterias\/#breadcrumb\",\"itemListElement\":[{\"@type\":\"ListItem\",\"position\":1,\"name\":\"Accueil\",\"item\":\"https:\/\/www.lift-mtb.com\/es\/\"},{\"@type\":\"ListItem\",\"position\":2,\"name\":\"Tienda\",\"item\":\"https:\/\/www.lift-mtb.com\/es\/tienda\/\"},{\"@type\":\"ListItem\",\"position\":3,\"name\":\"Piezas de recambio\",\"item\":\"https:\/\/www.lift-mtb.com\/es\/categoria-de-productos\/piezas-de-recambio\/\"},{\"@type\":\"ListItem\",\"position\":4,\"name\":\"Piezas electr\u00f3nicas\",\"item\":\"https:\/\/www.lift-mtb.com\/es\/categoria-de-productos\/piezas-de-recambio\/piezas-electronicas\/\"},{\"@type\":\"ListItem\",\"position\":5,\"name\":\"Bolsa ign\u00edfuga para bater\u00edas\"}]},{\"@type\":\"WebSite\",\"@id\":\"https:\/\/www.lift-mtb.com\/es\/#website\",\"url\":\"https:\/\/www.lift-mtb.com\/es\/\",\"name\":\"LIFT-MTB\",\"description\":\"Transformer son v\u00e9lo en \u00e9lectrique rapidement !\",\"publisher\":{\"@id\":\"https:\/\/www.lift-mtb.com\/es\/#organization\"},\"potentialAction\":[{\"@type\":\"SearchAction\",\"target\":{\"@type\":\"EntryPoint\",\"urlTemplate\":\"https:\/\/www.lift-mtb.com\/es\/?s={search_term_string}\"},\"query-input\":{\"@type\":\"PropertyValueSpecification\",\"valueRequired\":true,\"valueName\":\"search_term_string\"}}],\"inLanguage\":\"es\"},{\"@type\":\"Organization\",\"@id\":\"https:\/\/www.lift-mtb.com\/es\/#organization\",\"name\":\"LIFT-MTB\",\"url\":\"https:\/\/www.lift-mtb.com\/es\/\",\"logo\":{\"@type\":\"ImageObject\",\"inLanguage\":\"es\",\"@id\":\"https:\/\/www.lift-mtb.com\/es\/#\/schema\/logo\/image\/\",\"url\":\"https:\/\/www.lift-mtb.com\/wp-content\/uploads\/2022\/01\/electric-kit-for-bike-1.jpg\",\"contentUrl\":\"https:\/\/www.lift-mtb.com\/wp-content\/uploads\/2022\/01\/electric-kit-for-bike-1.jpg\",\"width\":1223,\"height\":560,\"caption\":\"LIFT-MTB\"},\"image\":{\"@id\":\"https:\/\/www.lift-mtb.com\/es\/#\/schema\/logo\/image\/\"}}]}<\/script>\n<!-- \/ Yoast SEO plugin. -->","yoast_head_json":{"title":"Bolsa ign\u00edfuga para pilas - Bolsa ign\u00edfuga .","description":"Bolsa ign\u00edfuga para bater\u00edas - Disponible en diferentes tama\u00f1os seg\u00fan el tama\u00f1o de su bater\u00eda. Bolsa ign\u00edfuga tambi\u00e9n impermeable.","robots":{"index":"index","follow":"follow","max-snippet":"max-snippet:-1","max-image-preview":"max-image-preview:large","max-video-preview":"max-video-preview:-1"},"canonical":"https:\/\/www.lift-mtb.com\/es\/produit\/bolsa-a-prueba-de-baterias\/","og_locale":"es_ES","og_type":"article","og_title":"Bolsa ign\u00edfuga para pilas - Bolsa ign\u00edfuga .","og_description":"Bolsa ign\u00edfuga para bater\u00edas - Disponible en diferentes tama\u00f1os seg\u00fan el tama\u00f1o de su bater\u00eda. Bolsa ign\u00edfuga tambi\u00e9n impermeable.","og_url":"https:\/\/www.lift-mtb.com\/es\/produit\/bolsa-a-prueba-de-baterias\/","og_site_name":"LIFT-MTB","article_modified_time":"2024-06-05T22:37:55+00:00","og_image":[{"width":4928,"height":3264,"url":"https:\/\/www.lift-mtb.com\/wp-content\/uploads\/2022\/02\/batterie-vttae-lift-mtb-17-4ah-sac-ignifuge-vtt-electrique-1.jpg","type":"image\/jpeg"}],"twitter_card":"summary_large_image","twitter_misc":{"Tiempo de lectura":"1 minuto"},"schema":{"@context":"https:\/\/schema.org","@graph":[{"@type":"WebPage","@id":"https:\/\/www.lift-mtb.com\/es\/produit\/bolsa-a-prueba-de-baterias\/","url":"https:\/\/www.lift-mtb.com\/es\/produit\/bolsa-a-prueba-de-baterias\/","name":"Bolsa ign\u00edfuga para pilas - Bolsa ign\u00edfuga .","isPartOf":{"@id":"https:\/\/www.lift-mtb.com\/es\/#website"},"primaryImageOfPage":{"@id":"https:\/\/www.lift-mtb.com\/es\/produit\/bolsa-a-prueba-de-baterias\/#primaryimage"},"image":{"@id":"https:\/\/www.lift-mtb.com\/es\/produit\/bolsa-a-prueba-de-baterias\/#primaryimage"},"thumbnailUrl":"https:\/\/www.lift-mtb.com\/wp-content\/uploads\/2022\/02\/batterie-vttae-lift-mtb-17-4ah-sac-ignifuge-vtt-electrique-1.jpg","datePublished":"2022-02-24T13:38:25+00:00","dateModified":"2024-06-05T22:37:55+00:00","description":"Bolsa ign\u00edfuga para bater\u00edas - Disponible en diferentes tama\u00f1os seg\u00fan el tama\u00f1o de su bater\u00eda. Bolsa ign\u00edfuga tambi\u00e9n impermeable.","breadcrumb":{"@id":"https:\/\/www.lift-mtb.com\/es\/produit\/bolsa-a-prueba-de-baterias\/#breadcrumb"},"inLanguage":"es","potentialAction":[{"@type":"ReadAction","target":["https:\/\/www.lift-mtb.com\/es\/produit\/bolsa-a-prueba-de-baterias\/"]}]},{"@type":"ImageObject","inLanguage":"es","@id":"https:\/\/www.lift-mtb.com\/es\/produit\/bolsa-a-prueba-de-baterias\/#primaryimage","url":"https:\/\/www.lift-mtb.com\/wp-content\/uploads\/2022\/02\/batterie-vttae-lift-mtb-17-4ah-sac-ignifuge-vtt-electrique-1.jpg","contentUrl":"https:\/\/www.lift-mtb.com\/wp-content\/uploads\/2022\/02\/batterie-vttae-lift-mtb-17-4ah-sac-ignifuge-vtt-electrique-1.jpg","width":4928,"height":3264,"caption":"Bolsa ign\u00edfuga para bater\u00eda de bicicleta el\u00e9ctrica"},{"@type":"BreadcrumbList","@id":"https:\/\/www.lift-mtb.com\/es\/produit\/bolsa-a-prueba-de-baterias\/#breadcrumb","itemListElement":[{"@type":"ListItem","position":1,"name":"Accueil","item":"https:\/\/www.lift-mtb.com\/es\/"},{"@type":"ListItem","position":2,"name":"Tienda","item":"https:\/\/www.lift-mtb.com\/es\/tienda\/"},{"@type":"ListItem","position":3,"name":"Piezas de recambio","item":"https:\/\/www.lift-mtb.com\/es\/categoria-de-productos\/piezas-de-recambio\/"},{"@type":"ListItem","position":4,"name":"Piezas electr\u00f3nicas","item":"https:\/\/www.lift-mtb.com\/es\/categoria-de-productos\/piezas-de-recambio\/piezas-electronicas\/"},{"@type":"ListItem","position":5,"name":"Bolsa ign\u00edfuga para bater\u00edas"}]},{"@type":"WebSite","@id":"https:\/\/www.lift-mtb.com\/es\/#website","url":"https:\/\/www.lift-mtb.com\/es\/","name":"LIFT-MTB","description":"Transformer son v\u00e9lo en \u00e9lectrique rapidement !","publisher":{"@id":"https:\/\/www.lift-mtb.com\/es\/#organization"},"potentialAction":[{"@type":"SearchAction","target":{"@type":"EntryPoint","urlTemplate":"https:\/\/www.lift-mtb.com\/es\/?s={search_term_string}"},"query-input":{"@type":"PropertyValueSpecification","valueRequired":true,"valueName":"search_term_string"}}],"inLanguage":"es"},{"@type":"Organization","@id":"https:\/\/www.lift-mtb.com\/es\/#organization","name":"LIFT-MTB","url":"https:\/\/www.lift-mtb.com\/es\/","logo":{"@type":"ImageObject","inLanguage":"es","@id":"https:\/\/www.lift-mtb.com\/es\/#\/schema\/logo\/image\/","url":"https:\/\/www.lift-mtb.com\/wp-content\/uploads\/2022\/01\/electric-kit-for-bike-1.jpg","contentUrl":"https:\/\/www.lift-mtb.com\/wp-content\/uploads\/2022\/01\/electric-kit-for-bike-1.jpg","width":1223,"height":560,"caption":"LIFT-MTB"},"image":{"@id":"https:\/\/www.lift-mtb.com\/es\/#\/schema\/logo\/image\/"}}]}},"_links":{"self":[{"href":"https:\/\/www.lift-mtb.com\/es\/wp-json\/wp\/v2\/product\/39372","targetHints":{"allow":["GET"]}}],"collection":[{"href":"https:\/\/www.lift-mtb.com\/es\/wp-json\/wp\/v2\/product"}],"about":[{"href":"https:\/\/www.lift-mtb.com\/es\/wp-json\/wp\/v2\/types\/product"}],"replies":[{"embeddable":true,"href":"https:\/\/www.lift-mtb.com\/es\/wp-json\/wp\/v2\/comments?post=39372"}],"wp:featuredmedia":[{"embeddable":true,"href":"https:\/\/www.lift-mtb.com\/es\/wp-json\/wp\/v2\/media\/8403"}],"wp:attachment":[{"href":"https:\/\/www.lift-mtb.com\/es\/wp-json\/wp\/v2\/media?parent=39372"}],"wp:term":[{"taxonomy":"product_brand","embeddable":true,"href":"https:\/\/www.lift-mtb.com\/es\/wp-json\/wp\/v2\/product_brand?post=39372"},{"taxonomy":"product_cat","embeddable":true,"href":"https:\/\/www.lift-mtb.com\/es\/wp-json\/wp\/v2\/product_cat?post=39372"},{"taxonomy":"product_tag","embeddable":true,"href":"https:\/\/www.lift-mtb.com\/es\/wp-json\/wp\/v2\/product_tag?post=39372"}],"curies":[{"name":"wp","href":"https:\/\/api.w.org\/{rel}","templated":true}]}}